{"id":39231,"date":"2021-09-27T14:52:10","date_gmt":"2021-09-27T12:52:10","guid":{"rendered":"https:\/\/teiaeducation.ch\/?post_type=product&#038;p=39231"},"modified":"2023-12-11T13:17:45","modified_gmt":"2023-12-11T12:17:45","slug":"amis-pastel-nouvelle-version-2021-grimms","status":"publish","type":"product","link":"https:\/\/teiaeducation.ch\/fr\/produit\/amis-pastel-nouvelle-version-2021-grimms\/","title":{"rendered":"Les amis pastel (nouvelle version 2021) &#8211; Grimm&#8217;s"},"content":{"rendered":"<p>Amis pastel nouvelle version 2021 \/ Poup\u00e9es jouets en bois durables faites \u00e0 la main &#8211; Grimm&#8217;s<\/p>\n<p>Un ensemble des c\u00e9l\u00e8bres amis pastel de Grimm&#8217;s contenant 12 poup\u00e9es \u00e0 chevilles en bois durables faites \u00e0 la main. L&#8217;ensemble d&#8217;amis pastel est peint dans de magnifiques couleurs pastel douces avec une teinture non toxique \u00e0 base d&#8217;eau, ce qui le rend s\u00fbr pour les (petits) enfants. Les amis pastel de Grimm&#8217;s mesurent environ 6,5 cm chacun et ont un diam\u00e8tre de 3 cm. Ils offrent des possibilit\u00e9s infinies de jeu cr\u00e9atif.<\/p>\n<p>Par leurs diff\u00e9rentes couleurs et leurs diff\u00e9rents types de bois, les amis pastel refl\u00e8tent notre merveilleux monde diversifi\u00e9 et c\u00e9l\u00e8brent le caract\u00e8re unique de chacun. Chacune de les petites figurines en bois peintes \u00e0 la main a un aspect diff\u00e9rent et un grain de bois individuel. Ces joyeuses petites figurines en bois, fabriqu\u00e9es \u00e0 partir de diff\u00e9rents types de bois provenant d&#8217;arbres indig\u00e8nes d&#8217;Europe centrale, sont neutres en termes de sexe. Sans expression faciale sp\u00e9cifique, ils peuvent \u00eatre soit tristes, soit joyeux. Par leur aspect simple, ils stimulent l&#8217;imagination de l&#8217;enfant au lieu de la restreindre en offrant trop de d\u00e9tails.<\/p>\n<p>Les poup\u00e9es chevilles aux couleurs pastel compl\u00e8tent toute la gamme de jouets de Grimm&#8217;s et peuvent \u00e9galement repr\u00e9senter un calendrier perp\u00e9tuel des 12 mois de l&#8217;anneau annuel de Grimm ou de l&#8217;anneau arc-en-ciel. Les amis pastel conviennent \u00e9galement \u00e0 une table de nature ou de saisons <a href=\"https:\/\/teiaeducation.ch\/fr\/categorie-produit\/methode-deducation\/waldorf-fr\/\">Waldorf<\/a>.<\/p>\n<p>Id\u00e9al pour jouer \u00e0 la maison, \u00e0 la cr\u00e8che, \u00e0 Waldorf ou \u00e0 l\u2019\u00e9cole Steiner, les beaux jouets en bois naturel de Grimm&#8217;s sont fabriqu\u00e9s selon la philosophie Waldorf qui est bien connue pour encourager les enfants \u00e0 d\u00e9couvrir le jeu cr\u00e9atif de mani\u00e8re ind\u00e9pendante, sans limitations et \u00e0 un rythme effr\u00e9n\u00e9. Les jouets en bois de Grimm&#8217;s sont color\u00e9s \u00e0 la main avec des peintures \u00e0 base d\u2019eau non toxiques et ne sont pas finis avec de la laque pour assurer les caract\u00e9ristiques originales du bois et pour qu&#8217;on puisse voir le grain \u00e0 travers. La surface des jouets fabriqu\u00e9s \u00e0 partir de bois europ\u00e9ens certifi\u00e9 FSC est laiss\u00e9e l\u00e9g\u00e8rement rugueuse, ce qui les rend plus facilement empilables et moins glissants.<\/p>\n<p>Les jouets en bois de Grimm&#8217;s sont fabriqu\u00e9s dans les manufacture de Grimm&#8217;s en Allemagne ainsi que dans plusieurs ateliers \u00e0 travers l\u2019Europe \u00e0 partir de diff\u00e9rents types de bois tels que l\u2019aulne, la chaux, le h\u00eatre et l\u2019\u00e9rable. Tout le bois utilis\u00e9 pour fabriquer les jouets de Grimm&#8217;s provient de for\u00eats europ\u00e9ennes g\u00e9r\u00e9es de mani\u00e8re durable.<\/p>\n<p>Veuillez noter que les jouets de Grimm&#8217;s sont toujours uniques, et portent des marques uniques faites par la nature. Le grain du bois a des structures et des couleurs changeantes qui servent de preuve de ses origines naturelles. Les variations uniques, les marques, les noeuds, les motifs, les rayures noires ou les taches sombres qui peuvent \u00eatre visibles dans le bois des jouets de Grimm&#8217;s sont une preuve de qualit\u00e9, et non des d\u00e9fauts.<\/p>\n<p>Les amis pastel de Grimm&#8217;s conviennent aux enfants \u00e2g\u00e9s de 1 an et plus.<\/p>\n<p>Contenu :<\/p>\n<p>12 amis pastel<\/p>\n","protected":false},"excerpt":{"rendered":"<p>Num\u00e9ro d&#8217;article : gri10579<\/p>\n<p>Les amis pastel nouvelle version compl\u00e8tent toute la gamme de jouets en bois Grimm&#8217;s et offrent des possibilit\u00e9s infinies de jeu cr\u00e9atif.<\/p>\n","protected":false},"featured_media":39237,"comment_status":"open","ping_status":"closed","template":"","meta":[],"product_brand":[],"product_cat":[208,215,216,24872,24865,13146,17212,17242,17241,21257,13130,23020,23021,13140,7595,217,5851,24313,212,1219],"product_tag":[18012,21129,20125,17332,17462,17331,19737,20124,20137],"class_list":{"0":"post-39231","1":"product","2":"type-product","3":"status-publish","4":"has-post-thumbnail","6":"product_cat-1-3-ans","7":"product_cat-3-6-ans","8":"product_cat-6-12-ans","9":"product_cat-construction-mondes-arc-en-ciel","10":"product_cat-empilage-tri","11":"product_cat-figurines-en-bois","12":"product_cat-grimms-fr","13":"product_cat-guide-cadeaux-1-3-ans","14":"product_cat-guide-cadeaux-3-6-ans","15":"product_cat-guides-cadeaux","16":"product_cat-jouer","17":"product_cat-jouets-en-bois","18":"product_cat-jouets-waldorf","19":"product_cat-jeu-libre","20":"product_cat-methode-deducation","21":"product_cat-marques","22":"product_cat-nouveautes","23":"product_cat-saint-valentin","24":"product_cat-tranche-dage","25":"product_cat-waldorf-fr","26":"product_tag-amis-arc-en-ciel-de-grimms","27":"product_tag-amis-pastel-nouvelle-version-2021-grimms","28":"product_tag-faits-a-la-main-couleurs-arc-en-ciel","29":"product_tag-grimm-suisse","30":"product_tag-jeux-libres-en-bois","31":"product_tag-jouets-en-bois-waldorf","32":"product_tag-le-magasin-de-jouets-en-bois-de-grimms","33":"product_tag-pinces-a-linge-en-bois-grimms-couleurs-arc-en-ciel","34":"product_tag-poupees-en-bois-durables-faites-a-la-main","36":"first","37":"outofstock","38":"taxable","39":"shipping-taxable","40":"purchasable","41":"product-type-simple"},"yoast_head":"<!-- This site is optimized with the Yoast SEO Premium plugin v25.8 (Yoast SEO v27.4) - https:\/\/yoast.com\/product\/yoast-seo-premium-wordpress\/ -->\n<title>Les amis pastel (nouvelle version 2021) - Grimm&#039;s - Teia Education &amp; Play<\/title>\n<meta name=\"description\" content=\"Les amis pastel nouvelle version compl\u00e8tent toute la gamme de jouets en bois Grimm&#039;s et offrent des possibilit\u00e9s infinies de jeu cr\u00e9atif.\" \/>\n<meta name=\"robots\" content=\"index, follow, max-snippet:-1, max-image-preview:large, max-video-preview:-1\" \/>\n<link rel=\"canonical\" href=\"https:\/\/teiaeducation.ch\/fr\/produit\/amis-pastel-nouvelle-version-2021-grimms\/\" \/>\n<meta property=\"og:locale\" content=\"fr_FR\" \/>\n<meta property=\"og:type\" content=\"article\" \/>\n<meta property=\"og:title\" content=\"Les amis pastel (nouvelle version 2021) - Grimm&#039;s\" \/>\n<meta property=\"og:description\" content=\"Les amis pastel nouvelle version compl\u00e8tent toute la gamme de jouets en bois Grimm&#039;s et offrent des possibilit\u00e9s infinies de jeu cr\u00e9atif.\" \/>\n<meta property=\"og:url\" content=\"https:\/\/teiaeducation.ch\/fr\/produit\/amis-pastel-nouvelle-version-2021-grimms\/\" \/>\n<meta property=\"og:site_name\" content=\"Sustainable Educational Products &amp; Ecological Toys\u00a0\" \/>\n<meta property=\"article:publisher\" content=\"https:\/\/www.facebook.com\/teiaeducation\/\" \/>\n<meta property=\"article:modified_time\" content=\"2023-12-11T12:17:45+00:00\" \/>\n<meta property=\"og:image\" content=\"https:\/\/teiaeducation.ch\/wp-content\/uploads\/2021\/09\/pastel-Friends-new-2021-version-Handmade-sustainable-wooden-peg-dolls-Grimms.jpg\" \/>\n\t<meta property=\"og:image:width\" content=\"1200\" \/>\n\t<meta property=\"og:image:height\" content=\"1200\" \/>\n\t<meta property=\"og:image:type\" content=\"image\/jpeg\" \/>\n<script type=\"application\/ld+json\" class=\"yoast-schema-graph\">{\"@context\":\"https:\\\/\\\/schema.org\",\"@graph\":[{\"@type\":\"WebPage\",\"@id\":\"https:\\\/\\\/teiaeducation.ch\\\/fr\\\/produit\\\/amis-pastel-nouvelle-version-2021-grimms\\\/\",\"url\":\"https:\\\/\\\/teiaeducation.ch\\\/fr\\\/produit\\\/amis-pastel-nouvelle-version-2021-grimms\\\/\",\"name\":\"Les amis pastel (nouvelle version 2021) - Grimm's - Teia Education & Play\",\"isPartOf\":{\"@id\":\"https:\\\/\\\/teiaeducation.ch\\\/fr\\\/#website\"},\"primaryImageOfPage\":{\"@id\":\"https:\\\/\\\/teiaeducation.ch\\\/fr\\\/produit\\\/amis-pastel-nouvelle-version-2021-grimms\\\/#primaryimage\"},\"image\":{\"@id\":\"https:\\\/\\\/teiaeducation.ch\\\/fr\\\/produit\\\/amis-pastel-nouvelle-version-2021-grimms\\\/#primaryimage\"},\"thumbnailUrl\":\"https:\\\/\\\/teiaeducation.ch\\\/wp-content\\\/uploads\\\/2021\\\/09\\\/pastel-Friends-new-2021-version-Handmade-sustainable-wooden-peg-dolls-Grimms.jpg\",\"datePublished\":\"2021-09-27T12:52:10+00:00\",\"dateModified\":\"2023-12-11T12:17:45+00:00\",\"description\":\"Les amis pastel nouvelle version compl\u00e8tent toute la gamme de jouets en bois Grimm's et offrent des possibilit\u00e9s infinies de jeu cr\u00e9atif.\",\"breadcrumb\":{\"@id\":\"https:\\\/\\\/teiaeducation.ch\\\/fr\\\/produit\\\/amis-pastel-nouvelle-version-2021-grimms\\\/#breadcrumb\"},\"inLanguage\":\"fr-FR\",\"potentialAction\":[{\"@type\":\"ReadAction\",\"target\":[\"https:\\\/\\\/teiaeducation.ch\\\/fr\\\/produit\\\/amis-pastel-nouvelle-version-2021-grimms\\\/\"]}]},{\"@type\":\"ImageObject\",\"inLanguage\":\"fr-FR\",\"@id\":\"https:\\\/\\\/teiaeducation.ch\\\/fr\\\/produit\\\/amis-pastel-nouvelle-version-2021-grimms\\\/#primaryimage\",\"url\":\"https:\\\/\\\/teiaeducation.ch\\\/wp-content\\\/uploads\\\/2021\\\/09\\\/pastel-Friends-new-2021-version-Handmade-sustainable-wooden-peg-dolls-Grimms.jpg\",\"contentUrl\":\"https:\\\/\\\/teiaeducation.ch\\\/wp-content\\\/uploads\\\/2021\\\/09\\\/pastel-Friends-new-2021-version-Handmade-sustainable-wooden-peg-dolls-Grimms.jpg\",\"width\":1200,\"height\":1200,\"caption\":\"Amis pastel nouvelle version 2021 poup\u00e9es \u00e0 cheville en bois durable fait \u00e0 la main Grimm's\"},{\"@type\":\"BreadcrumbList\",\"@id\":\"https:\\\/\\\/teiaeducation.ch\\\/fr\\\/produit\\\/amis-pastel-nouvelle-version-2021-grimms\\\/#breadcrumb\",\"itemListElement\":[{\"@type\":\"ListItem\",\"position\":1,\"name\":\"Home\",\"item\":\"https:\\\/\\\/teiaeducation.ch\\\/fr\\\/\"},{\"@type\":\"ListItem\",\"position\":2,\"name\":\"Boutique Teia Education &amp; Play\",\"item\":\"https:\\\/\\\/teiaeducation.ch\\\/fr\\\/boutique\\\/\"},{\"@type\":\"ListItem\",\"position\":3,\"name\":\"Nos Marques\",\"item\":\"https:\\\/\\\/teiaeducation.ch\\\/fr\\\/categorie-produit\\\/marques\\\/\"},{\"@type\":\"ListItem\",\"position\":4,\"name\":\"Grimm's\",\"item\":\"https:\\\/\\\/teiaeducation.ch\\\/fr\\\/categorie-produit\\\/marques\\\/grimms-fr\\\/\"},{\"@type\":\"ListItem\",\"position\":5,\"name\":\"Construction &amp; Mondes Arc-en-ciel\",\"item\":\"https:\\\/\\\/teiaeducation.ch\\\/fr\\\/categorie-produit\\\/marques\\\/grimms-fr\\\/construction-mondes-arc-en-ciel\\\/\"},{\"@type\":\"ListItem\",\"position\":6,\"name\":\"Les amis pastel (nouvelle version 2021) &#8211; Grimm&#8217;s\"}]},{\"@type\":\"WebSite\",\"@id\":\"https:\\\/\\\/teiaeducation.ch\\\/fr\\\/#website\",\"url\":\"https:\\\/\\\/teiaeducation.ch\\\/fr\\\/\",\"name\":\"Sustainable Educational Products &amp; Ecological Toys\u00a0\",\"description\":\"Specialised Swiss shop selling sustainable educational toys and games, AMI certified Montessori materials, handmade ecological wooden Waldorf toys and arts &amp; crafts supplies, school supplies, children&#039;s furniture and Montessori reference and parenting books.\",\"publisher\":{\"@id\":\"https:\\\/\\\/teiaeducation.ch\\\/fr\\\/#organization\"},\"alternateName\":\"Teia Education & Play\",\"potentialAction\":[{\"@type\":\"SearchAction\",\"target\":{\"@type\":\"EntryPoint\",\"urlTemplate\":\"https:\\\/\\\/teiaeducation.ch\\\/fr\\\/?s={search_term_string}\"},\"query-input\":{\"@type\":\"PropertyValueSpecification\",\"valueRequired\":true,\"valueName\":\"search_term_string\"}}],\"inLanguage\":\"fr-FR\"},{\"@type\":\"Organization\",\"@id\":\"https:\\\/\\\/teiaeducation.ch\\\/fr\\\/#organization\",\"name\":\"Teia Education & Play\",\"url\":\"https:\\\/\\\/teiaeducation.ch\\\/fr\\\/\",\"logo\":{\"@type\":\"ImageObject\",\"inLanguage\":\"fr-FR\",\"@id\":\"https:\\\/\\\/teiaeducation.ch\\\/fr\\\/#\\\/schema\\\/logo\\\/image\\\/\",\"url\":\"https:\\\/\\\/teiaeducation.ch\\\/wp-content\\\/uploads\\\/2020\\\/11\\\/Teia-Education-Switzerland-e1620156442216.jpg\",\"contentUrl\":\"https:\\\/\\\/teiaeducation.ch\\\/wp-content\\\/uploads\\\/2020\\\/11\\\/Teia-Education-Switzerland-e1620156442216.jpg\",\"width\":166,\"height\":145,\"caption\":\"Teia Education & Play\"},\"image\":{\"@id\":\"https:\\\/\\\/teiaeducation.ch\\\/fr\\\/#\\\/schema\\\/logo\\\/image\\\/\"},\"sameAs\":[\"https:\\\/\\\/www.facebook.com\\\/teiaeducation\\\/\",\"https:\\\/\\\/x.com\\\/EducationTeia\",\"https:\\\/\\\/www.instagram.com\\\/teia.education\\\/\",\"https:\\\/\\\/www.linkedin.com\\\/company\\\/35501660\",\"https:\\\/\\\/www.pinterest.ch\\\/TeiaEducation\\\/\"]}]}<\/script>\n<meta property=\"product:price:amount\" content=\"52.90\" \/>\n<meta property=\"product:price:currency\" content=\"CHF\" \/>\n<meta property=\"og:availability\" content=\"out of stock\" \/>\n<meta property=\"product:availability\" content=\"out of stock\" \/>\n<meta property=\"product:retailer_item_id\" content=\"000000000000000000000000000000000000000000000355909\" \/>\n<meta property=\"product:condition\" content=\"new\" \/>\n<!-- \/ Yoast SEO Premium plugin. -->","yoast_head_json":{"title":"Les amis pastel (nouvelle version 2021) - Grimm's - Teia Education & Play","description":"Les amis pastel nouvelle version compl\u00e8tent toute la gamme de jouets en bois Grimm's et offrent des possibilit\u00e9s infinies de jeu cr\u00e9atif.","robots":{"index":"index","follow":"follow","max-snippet":"max-snippet:-1","max-image-preview":"max-image-preview:large","max-video-preview":"max-video-preview:-1"},"canonical":"https:\/\/teiaeducation.ch\/fr\/produit\/amis-pastel-nouvelle-version-2021-grimms\/","og_locale":"fr_FR","og_type":"article","og_title":"Les amis pastel (nouvelle version 2021) - Grimm's","og_description":"Les amis pastel nouvelle version compl\u00e8tent toute la gamme de jouets en bois Grimm's et offrent des possibilit\u00e9s infinies de jeu cr\u00e9atif.","og_url":"https:\/\/teiaeducation.ch\/fr\/produit\/amis-pastel-nouvelle-version-2021-grimms\/","og_site_name":"Sustainable Educational Products &amp; Ecological Toys\u00a0","article_publisher":"https:\/\/www.facebook.com\/teiaeducation\/","article_modified_time":"2023-12-11T12:17:45+00:00","og_image":[{"width":1200,"height":1200,"url":"https:\/\/teiaeducation.ch\/wp-content\/uploads\/2021\/09\/pastel-Friends-new-2021-version-Handmade-sustainable-wooden-peg-dolls-Grimms.jpg","type":"image\/jpeg"}],"schema":{"@context":"https:\/\/schema.org","@graph":[{"@type":"WebPage","@id":"https:\/\/teiaeducation.ch\/fr\/produit\/amis-pastel-nouvelle-version-2021-grimms\/","url":"https:\/\/teiaeducation.ch\/fr\/produit\/amis-pastel-nouvelle-version-2021-grimms\/","name":"Les amis pastel (nouvelle version 2021) - Grimm's - Teia Education & Play","isPartOf":{"@id":"https:\/\/teiaeducation.ch\/fr\/#website"},"primaryImageOfPage":{"@id":"https:\/\/teiaeducation.ch\/fr\/produit\/amis-pastel-nouvelle-version-2021-grimms\/#primaryimage"},"image":{"@id":"https:\/\/teiaeducation.ch\/fr\/produit\/amis-pastel-nouvelle-version-2021-grimms\/#primaryimage"},"thumbnailUrl":"https:\/\/teiaeducation.ch\/wp-content\/uploads\/2021\/09\/pastel-Friends-new-2021-version-Handmade-sustainable-wooden-peg-dolls-Grimms.jpg","datePublished":"2021-09-27T12:52:10+00:00","dateModified":"2023-12-11T12:17:45+00:00","description":"Les amis pastel nouvelle version compl\u00e8tent toute la gamme de jouets en bois Grimm's et offrent des possibilit\u00e9s infinies de jeu cr\u00e9atif.","breadcrumb":{"@id":"https:\/\/teiaeducation.ch\/fr\/produit\/amis-pastel-nouvelle-version-2021-grimms\/#breadcrumb"},"inLanguage":"fr-FR","potentialAction":[{"@type":"ReadAction","target":["https:\/\/teiaeducation.ch\/fr\/produit\/amis-pastel-nouvelle-version-2021-grimms\/"]}]},{"@type":"ImageObject","inLanguage":"fr-FR","@id":"https:\/\/teiaeducation.ch\/fr\/produit\/amis-pastel-nouvelle-version-2021-grimms\/#primaryimage","url":"https:\/\/teiaeducation.ch\/wp-content\/uploads\/2021\/09\/pastel-Friends-new-2021-version-Handmade-sustainable-wooden-peg-dolls-Grimms.jpg","contentUrl":"https:\/\/teiaeducation.ch\/wp-content\/uploads\/2021\/09\/pastel-Friends-new-2021-version-Handmade-sustainable-wooden-peg-dolls-Grimms.jpg","width":1200,"height":1200,"caption":"Amis pastel nouvelle version 2021 poup\u00e9es \u00e0 cheville en bois durable fait \u00e0 la main Grimm's"},{"@type":"BreadcrumbList","@id":"https:\/\/teiaeducation.ch\/fr\/produit\/amis-pastel-nouvelle-version-2021-grimms\/#breadcrumb","itemListElement":[{"@type":"ListItem","position":1,"name":"Home","item":"https:\/\/teiaeducation.ch\/fr\/"},{"@type":"ListItem","position":2,"name":"Boutique Teia Education &amp; Play","item":"https:\/\/teiaeducation.ch\/fr\/boutique\/"},{"@type":"ListItem","position":3,"name":"Nos Marques","item":"https:\/\/teiaeducation.ch\/fr\/categorie-produit\/marques\/"},{"@type":"ListItem","position":4,"name":"Grimm's","item":"https:\/\/teiaeducation.ch\/fr\/categorie-produit\/marques\/grimms-fr\/"},{"@type":"ListItem","position":5,"name":"Construction &amp; Mondes Arc-en-ciel","item":"https:\/\/teiaeducation.ch\/fr\/categorie-produit\/marques\/grimms-fr\/construction-mondes-arc-en-ciel\/"},{"@type":"ListItem","position":6,"name":"Les amis pastel (nouvelle version 2021) &#8211; Grimm&#8217;s"}]},{"@type":"WebSite","@id":"https:\/\/teiaeducation.ch\/fr\/#website","url":"https:\/\/teiaeducation.ch\/fr\/","name":"Sustainable Educational Products &amp; Ecological Toys\u00a0","description":"Specialised Swiss shop selling sustainable educational toys and games, AMI certified Montessori materials, handmade ecological wooden Waldorf toys and arts &amp; crafts supplies, school supplies, children&#039;s furniture and Montessori reference and parenting books.","publisher":{"@id":"https:\/\/teiaeducation.ch\/fr\/#organization"},"alternateName":"Teia Education & Play","potentialAction":[{"@type":"SearchAction","target":{"@type":"EntryPoint","urlTemplate":"https:\/\/teiaeducation.ch\/fr\/?s={search_term_string}"},"query-input":{"@type":"PropertyValueSpecification","valueRequired":true,"valueName":"search_term_string"}}],"inLanguage":"fr-FR"},{"@type":"Organization","@id":"https:\/\/teiaeducation.ch\/fr\/#organization","name":"Teia Education & Play","url":"https:\/\/teiaeducation.ch\/fr\/","logo":{"@type":"ImageObject","inLanguage":"fr-FR","@id":"https:\/\/teiaeducation.ch\/fr\/#\/schema\/logo\/image\/","url":"https:\/\/teiaeducation.ch\/wp-content\/uploads\/2020\/11\/Teia-Education-Switzerland-e1620156442216.jpg","contentUrl":"https:\/\/teiaeducation.ch\/wp-content\/uploads\/2020\/11\/Teia-Education-Switzerland-e1620156442216.jpg","width":166,"height":145,"caption":"Teia Education & Play"},"image":{"@id":"https:\/\/teiaeducation.ch\/fr\/#\/schema\/logo\/image\/"},"sameAs":["https:\/\/www.facebook.com\/teiaeducation\/","https:\/\/x.com\/EducationTeia","https:\/\/www.instagram.com\/teia.education\/","https:\/\/www.linkedin.com\/company\/35501660","https:\/\/www.pinterest.ch\/TeiaEducation\/"]}]},"product_price_amount":"52.90","product_price_currency":"CHF","og_availability":"out of stock","product_availability":"out of stock","product_retailer_item_id":"000000000000000000000000000000000000000000000355909","product_condition":"new"},"_links":{"self":[{"href":"https:\/\/teiaeducation.ch\/fr\/wp-json\/wp\/v2\/product\/39231","targetHints":{"allow":["GET"]}}],"collection":[{"href":"https:\/\/teiaeducation.ch\/fr\/wp-json\/wp\/v2\/product"}],"about":[{"href":"https:\/\/teiaeducation.ch\/fr\/wp-json\/wp\/v2\/types\/product"}],"replies":[{"embeddable":true,"href":"https:\/\/teiaeducation.ch\/fr\/wp-json\/wp\/v2\/comments?post=39231"}],"wp:featuredmedia":[{"embeddable":true,"href":"https:\/\/teiaeducation.ch\/fr\/wp-json\/wp\/v2\/media\/39237"}],"wp:attachment":[{"href":"https:\/\/teiaeducation.ch\/fr\/wp-json\/wp\/v2\/media?parent=39231"}],"wp:term":[{"taxonomy":"product_brand","embeddable":true,"href":"https:\/\/teiaeducation.ch\/fr\/wp-json\/wp\/v2\/product_brand?post=39231"},{"taxonomy":"product_cat","embeddable":true,"href":"https:\/\/teiaeducation.ch\/fr\/wp-json\/wp\/v2\/product_cat?post=39231"},{"taxonomy":"product_tag","embeddable":true,"href":"https:\/\/teiaeducation.ch\/fr\/wp-json\/wp\/v2\/product_tag?post=39231"}],"curies":[{"name":"wp","href":"https:\/\/api.w.org\/{rel}","templated":true}]}}