{"id":39295,"date":"2021-09-27T17:23:20","date_gmt":"2021-09-27T15:23:20","guid":{"rendered":"https:\/\/teiaeducation.ch\/?post_type=product&#038;p=39295"},"modified":"2021-11-26T17:25:35","modified_gmt":"2021-11-26T16:25:35","slug":"crayons-a-l-huile-9-couleurs-assorties-filia","status":"publish","type":"product","link":"https:\/\/teiaeducation.ch\/fr\/produit\/crayons-a-l-huile-9-couleurs-assorties-filia\/","title":{"rendered":"Crayons \u00e0 l&#8217;huile (9 couleurs assorties) &#8211; Filia"},"content":{"rendered":"<p>Crayons \u00e0 l&#8217;huile (9 couleurs assorties) \/ Mat\u00e9riel d&#8217;art Waldorf &#8211; Filia<\/p>\n<p>Classique depuis des d\u00e9cennies dans les \u00e9coles danoises et \u00e0 la maison, les crayons \u00e0 l&#8217;huile Filia, non toxiques et de haute qualit\u00e9, offrent des couleurs vives et r\u00e9sistantes \u00e0 la lumi\u00e8re, qui sont transparentes et se m\u00e9langent tr\u00e8s bien.<\/p>\n<p>Ils sont similaires aux pastels \u00e0 l&#8217;huile, mais moins doux, et permettent de nombreuses techniques de dessin int\u00e9ressantes. Les crayons \u00e0 l&#8217;huile Filia sont tr\u00e8s solides et ne se cassent pas. Chaque crayon est de forme carr\u00e9e et a une pointe pointue permettant de dessiner des contours, des contours d\u00e9finis, des dessins en deux dimensions et des ombres. Les crayons de couleur mesurent 60&#215;7,5&#215;7,5 mm et ne sont pas enrob\u00e9s de papier, ce qui permet d&#8217;utiliser la totalit\u00e9 du crayon pour appliquer la couleur.<\/p>\n<p>Avec une \u00e9ponge et de la t\u00e9r\u00e9benthine, il est possible de &#8220;peindre \u00e0 l&#8217;aquarelle&#8221; avec ces crayons \u00e0 l&#8217;huile durs.<\/p>\n<p>Les crayons \u00e0 l&#8217;huile Filia r\u00e9pondent aux plus hautes exigences p\u00e9dagogiques, esth\u00e9tiques et artistiques et promettent des ann\u00e9es de pur plaisir de dessiner. Ils font partie int\u00e9grante d&#8217;un bon concept d&#8217;\u00e9ducation artistique (Waldorf) pour les enfants.<\/p>\n<p>Le set comprend 9 couleurs assorties \u00e0 haute luminosit\u00e9 : 51 noir | 52 brun fonc\u00e9 | 53 bleu fonc\u00e9 | 55 rouge | 56 vermillon | 57 orange | 58 jaune | 59 blanc | 62 vert fonc\u00e9.<\/p>\n<p>Les crayons \u00e0 l&#8217;huile Filia ont fait leurs preuves dans l&#8217;enseignement artistique, dans les \u00e9coles Waldorf\/Steiner, les \u00e9coles traditionnelles et les jardins d&#8217;enfants. Ils sont fabriqu\u00e9s au Danemark selon une longue tradition.<\/p>\n<p>Ce mat\u00e9riel convient aux enfants \u00e2g\u00e9s de 3 ans et plus.<\/p>\n<p>Contenu :<\/p>\n<p>9 crayons \u00e0 l&#8217;huile<br \/>\n1 \u00e9tui en carton<\/p>\n","protected":false},"excerpt":{"rendered":"<p>Num\u00e9ro d&#8217;article: 20725309<\/p>\n<p>Les crayons \u00e0 l&#8217;huile Filia en 9 couleurs, non toxiques et de haute qualit\u00e9, sont un classique depuis des d\u00e9cennies dans les \u00e9coles danoises et Waldorf.<\/p>\n","protected":false},"featured_media":39297,"comment_status":"open","ping_status":"closed","template":"","meta":[],"product_brand":[],"product_cat":[215,216,22343,18893,20247,21255,8526,17240,1220,13127,7595,217,5851,212,1219],"product_tag":[22089,22088,22087,22086,22090,17405,17404,17403],"class_list":{"0":"post-39295","1":"product","2":"type-product","3":"status-publish","4":"has-post-thumbnail","6":"product_cat-3-6-ans","7":"product_cat-6-12-ans","8":"product_cat-collection-hiver","9":"product_cat-collection-printemps","10":"product_cat-dessin-et-coloriage","11":"product_cat-filia-fr","12":"product_cat-fournitures-scolaires-a-domicile","13":"product_cat-guide-cadeaux-creatif","14":"product_cat-traditionnelle","15":"product_cat-creativite-beaux-arts-et-bricolage","16":"product_cat-methode-deducation","17":"product_cat-marques","18":"product_cat-nouveautes","19":"product_cat-tranche-dage","20":"product_cat-waldorf-fr","21":"product_tag-crayons-a-lhuile-12-couleurs-assorties-filia","22":"product_tag-crayons-a-lhuile-18-couleurs-assorties-filia","23":"product_tag-crayons-a-lhuile-24-couleurs-assorties-filia","24":"product_tag-crayons-a-lhuile-36-couleurs-assorties-filia","25":"product_tag-crayons-a-lhuile-9-couleurs-assorties-filia","26":"product_tag-crayons-de-cire-non-toxique","27":"product_tag-fournitures-des-ecoles-steiner-et-waldorf-suisse","28":"product_tag-fournitures-waldorf-stockmar","30":"first","31":"instock","32":"taxable","33":"shipping-taxable","34":"purchasable","35":"product-type-simple"},"yoast_head":"<!-- This site is optimized with the Yoast SEO plugin v27.1.1 - https:\/\/yoast.com\/product\/yoast-seo-wordpress\/ -->\n<title>Crayons \u00e0 l&#039;huile (9 couleurs assorties) - Filia - Teia Education &amp; Play<\/title>\n<meta name=\"description\" content=\"Les crayons \u00e0 l&#039;huile Filia en 9 couleurs, non toxiques et de haute qualit\u00e9, sont un classique depuis des d\u00e9cennies dans les \u00e9coles danoises et Waldorf.\" \/>\n<meta name=\"robots\" content=\"index, follow, max-snippet:-1, max-image-preview:large, max-video-preview:-1\" \/>\n<link rel=\"canonical\" href=\"https:\/\/teiaeducation.ch\/fr\/produit\/crayons-a-l-huile-9-couleurs-assorties-filia\/\" \/>\n<meta property=\"og:locale\" content=\"fr_FR\" \/>\n<meta property=\"og:type\" content=\"article\" \/>\n<meta property=\"og:title\" content=\"Crayons \u00e0 l&#039;huile (9 couleurs assorties) - Filia - Teia Education &amp; Play\" \/>\n<meta property=\"og:description\" content=\"Les crayons \u00e0 l&#039;huile Filia en 9 couleurs, non toxiques et de haute qualit\u00e9, sont un classique depuis des d\u00e9cennies dans les \u00e9coles danoises et Waldorf.\" \/>\n<meta property=\"og:url\" content=\"https:\/\/teiaeducation.ch\/fr\/produit\/crayons-a-l-huile-9-couleurs-assorties-filia\/\" \/>\n<meta property=\"og:site_name\" content=\"Sustainable Educational Products &amp; Ecological Toys\u00a0\" \/>\n<meta property=\"article:publisher\" content=\"https:\/\/www.facebook.com\/teiaeducation\/\" \/>\n<meta property=\"article:modified_time\" content=\"2021-11-26T16:25:35+00:00\" \/>\n<meta property=\"og:image\" content=\"https:\/\/teiaeducation.ch\/wp-content\/uploads\/2021\/09\/Oil-crayons-mix-9-Waldorf-art-supplies-Filia.jpg\" \/>\n\t<meta property=\"og:image:width\" content=\"800\" \/>\n\t<meta property=\"og:image:height\" content=\"800\" \/>\n\t<meta property=\"og:image:type\" content=\"image\/jpeg\" \/>\n<script type=\"application\/ld+json\" class=\"yoast-schema-graph\">{\"@context\":\"https:\/\/schema.org\",\"@graph\":[{\"@type\":\"WebPage\",\"@id\":\"https:\/\/teiaeducation.ch\/fr\/produit\/crayons-a-l-huile-9-couleurs-assorties-filia\/\",\"url\":\"https:\/\/teiaeducation.ch\/fr\/produit\/crayons-a-l-huile-9-couleurs-assorties-filia\/\",\"name\":\"Crayons \u00e0 l'huile (9 couleurs assorties) - Filia - Teia Education & Play\",\"isPartOf\":{\"@id\":\"https:\/\/teiaeducation.ch\/fr\/#website\"},\"primaryImageOfPage\":{\"@id\":\"https:\/\/teiaeducation.ch\/fr\/produit\/crayons-a-l-huile-9-couleurs-assorties-filia\/#primaryimage\"},\"image\":{\"@id\":\"https:\/\/teiaeducation.ch\/fr\/produit\/crayons-a-l-huile-9-couleurs-assorties-filia\/#primaryimage\"},\"thumbnailUrl\":\"https:\/\/teiaeducation.ch\/wp-content\/uploads\/2021\/09\/Oil-crayons-mix-9-Waldorf-art-supplies-Filia.jpg\",\"datePublished\":\"2021-09-27T15:23:20+00:00\",\"dateModified\":\"2021-11-26T16:25:35+00:00\",\"description\":\"Les crayons \u00e0 l'huile Filia en 9 couleurs, non toxiques et de haute qualit\u00e9, sont un classique depuis des d\u00e9cennies dans les \u00e9coles danoises et Waldorf.\",\"breadcrumb\":{\"@id\":\"https:\/\/teiaeducation.ch\/fr\/produit\/crayons-a-l-huile-9-couleurs-assorties-filia\/#breadcrumb\"},\"inLanguage\":\"fr-FR\",\"potentialAction\":[{\"@type\":\"ReadAction\",\"target\":[\"https:\/\/teiaeducation.ch\/fr\/produit\/crayons-a-l-huile-9-couleurs-assorties-filia\/\"]}]},{\"@type\":\"ImageObject\",\"inLanguage\":\"fr-FR\",\"@id\":\"https:\/\/teiaeducation.ch\/fr\/produit\/crayons-a-l-huile-9-couleurs-assorties-filia\/#primaryimage\",\"url\":\"https:\/\/teiaeducation.ch\/wp-content\/uploads\/2021\/09\/Oil-crayons-mix-9-Waldorf-art-supplies-Filia.jpg\",\"contentUrl\":\"https:\/\/teiaeducation.ch\/wp-content\/uploads\/2021\/09\/Oil-crayons-mix-9-Waldorf-art-supplies-Filia.jpg\",\"width\":800,\"height\":800,\"caption\":\"Crayons \u00e0 l'huile (9 couleurs assorties) \/ Mat\u00e9riel d'art Waldorf - Filia\"},{\"@type\":\"BreadcrumbList\",\"@id\":\"https:\/\/teiaeducation.ch\/fr\/produit\/crayons-a-l-huile-9-couleurs-assorties-filia\/#breadcrumb\",\"itemListElement\":[{\"@type\":\"ListItem\",\"position\":1,\"name\":\"Home\",\"item\":\"https:\/\/teiaeducation.ch\/fr\/\"},{\"@type\":\"ListItem\",\"position\":2,\"name\":\"Boutique Teia Education &amp; Play\",\"item\":\"https:\/\/teiaeducation.ch\/fr\/boutique\/\"},{\"@type\":\"ListItem\",\"position\":3,\"name\":\"Nos Marques\",\"item\":\"https:\/\/teiaeducation.ch\/fr\/categorie-produit\/marques\/\"},{\"@type\":\"ListItem\",\"position\":4,\"name\":\"Filia\",\"item\":\"https:\/\/teiaeducation.ch\/fr\/categorie-produit\/marques\/filia-fr\/\"},{\"@type\":\"ListItem\",\"position\":5,\"name\":\"Crayons \u00e0 l&#8217;huile (9 couleurs assorties) &#8211; Filia\"}]},{\"@type\":\"WebSite\",\"@id\":\"https:\/\/teiaeducation.ch\/fr\/#website\",\"url\":\"https:\/\/teiaeducation.ch\/fr\/\",\"name\":\"Sustainable Educational Products &amp; Ecological Toys\u00a0\",\"description\":\"Specialised Swiss shop selling sustainable educational toys and games, AMI certified Montessori materials, handmade ecological wooden Waldorf toys and arts &amp; crafts supplies, school supplies, children&#039;s furniture and Montessori reference and parenting books.\",\"publisher\":{\"@id\":\"https:\/\/teiaeducation.ch\/fr\/#organization\"},\"alternateName\":\"Teia Education & Play\",\"potentialAction\":[{\"@type\":\"SearchAction\",\"target\":{\"@type\":\"EntryPoint\",\"urlTemplate\":\"https:\/\/teiaeducation.ch\/fr\/?s={search_term_string}\"},\"query-input\":{\"@type\":\"PropertyValueSpecification\",\"valueRequired\":true,\"valueName\":\"search_term_string\"}}],\"inLanguage\":\"fr-FR\"},{\"@type\":\"Organization\",\"@id\":\"https:\/\/teiaeducation.ch\/fr\/#organization\",\"name\":\"Teia Education & Play\",\"url\":\"https:\/\/teiaeducation.ch\/fr\/\",\"logo\":{\"@type\":\"ImageObject\",\"inLanguage\":\"fr-FR\",\"@id\":\"https:\/\/teiaeducation.ch\/fr\/#\/schema\/logo\/image\/\",\"url\":\"https:\/\/teiaeducation.ch\/wp-content\/uploads\/2020\/11\/Teia-Education-Switzerland-e1620156442216.jpg\",\"contentUrl\":\"https:\/\/teiaeducation.ch\/wp-content\/uploads\/2020\/11\/Teia-Education-Switzerland-e1620156442216.jpg\",\"width\":166,\"height\":145,\"caption\":\"Teia Education & Play\"},\"image\":{\"@id\":\"https:\/\/teiaeducation.ch\/fr\/#\/schema\/logo\/image\/\"},\"sameAs\":[\"https:\/\/www.facebook.com\/teiaeducation\/\",\"https:\/\/x.com\/EducationTeia\",\"https:\/\/www.instagram.com\/teia.education\/\",\"https:\/\/www.linkedin.com\/company\/35501660\",\"https:\/\/www.pinterest.ch\/TeiaEducation\/\"]}]}<\/script>\n<!-- \/ Yoast SEO plugin. -->","yoast_head_json":{"title":"Crayons \u00e0 l'huile (9 couleurs assorties) - Filia - Teia Education & Play","description":"Les crayons \u00e0 l'huile Filia en 9 couleurs, non toxiques et de haute qualit\u00e9, sont un classique depuis des d\u00e9cennies dans les \u00e9coles danoises et Waldorf.","robots":{"index":"index","follow":"follow","max-snippet":"max-snippet:-1","max-image-preview":"max-image-preview:large","max-video-preview":"max-video-preview:-1"},"canonical":"https:\/\/teiaeducation.ch\/fr\/produit\/crayons-a-l-huile-9-couleurs-assorties-filia\/","og_locale":"fr_FR","og_type":"article","og_title":"Crayons \u00e0 l'huile (9 couleurs assorties) - Filia - Teia Education & Play","og_description":"Les crayons \u00e0 l'huile Filia en 9 couleurs, non toxiques et de haute qualit\u00e9, sont un classique depuis des d\u00e9cennies dans les \u00e9coles danoises et Waldorf.","og_url":"https:\/\/teiaeducation.ch\/fr\/produit\/crayons-a-l-huile-9-couleurs-assorties-filia\/","og_site_name":"Sustainable Educational Products &amp; Ecological Toys\u00a0","article_publisher":"https:\/\/www.facebook.com\/teiaeducation\/","article_modified_time":"2021-11-26T16:25:35+00:00","og_image":[{"width":800,"height":800,"url":"https:\/\/teiaeducation.ch\/wp-content\/uploads\/2021\/09\/Oil-crayons-mix-9-Waldorf-art-supplies-Filia.jpg","type":"image\/jpeg"}],"schema":{"@context":"https:\/\/schema.org","@graph":[{"@type":"WebPage","@id":"https:\/\/teiaeducation.ch\/fr\/produit\/crayons-a-l-huile-9-couleurs-assorties-filia\/","url":"https:\/\/teiaeducation.ch\/fr\/produit\/crayons-a-l-huile-9-couleurs-assorties-filia\/","name":"Crayons \u00e0 l'huile (9 couleurs assorties) - Filia - Teia Education & Play","isPartOf":{"@id":"https:\/\/teiaeducation.ch\/fr\/#website"},"primaryImageOfPage":{"@id":"https:\/\/teiaeducation.ch\/fr\/produit\/crayons-a-l-huile-9-couleurs-assorties-filia\/#primaryimage"},"image":{"@id":"https:\/\/teiaeducation.ch\/fr\/produit\/crayons-a-l-huile-9-couleurs-assorties-filia\/#primaryimage"},"thumbnailUrl":"https:\/\/teiaeducation.ch\/wp-content\/uploads\/2021\/09\/Oil-crayons-mix-9-Waldorf-art-supplies-Filia.jpg","datePublished":"2021-09-27T15:23:20+00:00","dateModified":"2021-11-26T16:25:35+00:00","description":"Les crayons \u00e0 l'huile Filia en 9 couleurs, non toxiques et de haute qualit\u00e9, sont un classique depuis des d\u00e9cennies dans les \u00e9coles danoises et Waldorf.","breadcrumb":{"@id":"https:\/\/teiaeducation.ch\/fr\/produit\/crayons-a-l-huile-9-couleurs-assorties-filia\/#breadcrumb"},"inLanguage":"fr-FR","potentialAction":[{"@type":"ReadAction","target":["https:\/\/teiaeducation.ch\/fr\/produit\/crayons-a-l-huile-9-couleurs-assorties-filia\/"]}]},{"@type":"ImageObject","inLanguage":"fr-FR","@id":"https:\/\/teiaeducation.ch\/fr\/produit\/crayons-a-l-huile-9-couleurs-assorties-filia\/#primaryimage","url":"https:\/\/teiaeducation.ch\/wp-content\/uploads\/2021\/09\/Oil-crayons-mix-9-Waldorf-art-supplies-Filia.jpg","contentUrl":"https:\/\/teiaeducation.ch\/wp-content\/uploads\/2021\/09\/Oil-crayons-mix-9-Waldorf-art-supplies-Filia.jpg","width":800,"height":800,"caption":"Crayons \u00e0 l'huile (9 couleurs assorties) \/ Mat\u00e9riel d'art Waldorf - Filia"},{"@type":"BreadcrumbList","@id":"https:\/\/teiaeducation.ch\/fr\/produit\/crayons-a-l-huile-9-couleurs-assorties-filia\/#breadcrumb","itemListElement":[{"@type":"ListItem","position":1,"name":"Home","item":"https:\/\/teiaeducation.ch\/fr\/"},{"@type":"ListItem","position":2,"name":"Boutique Teia Education &amp; Play","item":"https:\/\/teiaeducation.ch\/fr\/boutique\/"},{"@type":"ListItem","position":3,"name":"Nos Marques","item":"https:\/\/teiaeducation.ch\/fr\/categorie-produit\/marques\/"},{"@type":"ListItem","position":4,"name":"Filia","item":"https:\/\/teiaeducation.ch\/fr\/categorie-produit\/marques\/filia-fr\/"},{"@type":"ListItem","position":5,"name":"Crayons \u00e0 l&#8217;huile (9 couleurs assorties) &#8211; Filia"}]},{"@type":"WebSite","@id":"https:\/\/teiaeducation.ch\/fr\/#website","url":"https:\/\/teiaeducation.ch\/fr\/","name":"Sustainable Educational Products &amp; Ecological Toys\u00a0","description":"Specialised Swiss shop selling sustainable educational toys and games, AMI certified Montessori materials, handmade ecological wooden Waldorf toys and arts &amp; crafts supplies, school supplies, children&#039;s furniture and Montessori reference and parenting books.","publisher":{"@id":"https:\/\/teiaeducation.ch\/fr\/#organization"},"alternateName":"Teia Education & Play","potentialAction":[{"@type":"SearchAction","target":{"@type":"EntryPoint","urlTemplate":"https:\/\/teiaeducation.ch\/fr\/?s={search_term_string}"},"query-input":{"@type":"PropertyValueSpecification","valueRequired":true,"valueName":"search_term_string"}}],"inLanguage":"fr-FR"},{"@type":"Organization","@id":"https:\/\/teiaeducation.ch\/fr\/#organization","name":"Teia Education & Play","url":"https:\/\/teiaeducation.ch\/fr\/","logo":{"@type":"ImageObject","inLanguage":"fr-FR","@id":"https:\/\/teiaeducation.ch\/fr\/#\/schema\/logo\/image\/","url":"https:\/\/teiaeducation.ch\/wp-content\/uploads\/2020\/11\/Teia-Education-Switzerland-e1620156442216.jpg","contentUrl":"https:\/\/teiaeducation.ch\/wp-content\/uploads\/2020\/11\/Teia-Education-Switzerland-e1620156442216.jpg","width":166,"height":145,"caption":"Teia Education & Play"},"image":{"@id":"https:\/\/teiaeducation.ch\/fr\/#\/schema\/logo\/image\/"},"sameAs":["https:\/\/www.facebook.com\/teiaeducation\/","https:\/\/x.com\/EducationTeia","https:\/\/www.instagram.com\/teia.education\/","https:\/\/www.linkedin.com\/company\/35501660","https:\/\/www.pinterest.ch\/TeiaEducation\/"]}]}},"_links":{"self":[{"href":"https:\/\/teiaeducation.ch\/fr\/wp-json\/wp\/v2\/product\/39295","targetHints":{"allow":["GET"]}}],"collection":[{"href":"https:\/\/teiaeducation.ch\/fr\/wp-json\/wp\/v2\/product"}],"about":[{"href":"https:\/\/teiaeducation.ch\/fr\/wp-json\/wp\/v2\/types\/product"}],"replies":[{"embeddable":true,"href":"https:\/\/teiaeducation.ch\/fr\/wp-json\/wp\/v2\/comments?post=39295"}],"wp:featuredmedia":[{"embeddable":true,"href":"https:\/\/teiaeducation.ch\/fr\/wp-json\/wp\/v2\/media\/39297"}],"wp:attachment":[{"href":"https:\/\/teiaeducation.ch\/fr\/wp-json\/wp\/v2\/media?parent=39295"}],"wp:term":[{"taxonomy":"product_brand","embeddable":true,"href":"https:\/\/teiaeducation.ch\/fr\/wp-json\/wp\/v2\/product_brand?post=39295"},{"taxonomy":"product_cat","embeddable":true,"href":"https:\/\/teiaeducation.ch\/fr\/wp-json\/wp\/v2\/product_cat?post=39295"},{"taxonomy":"product_tag","embeddable":true,"href":"https:\/\/teiaeducation.ch\/fr\/wp-json\/wp\/v2\/product_tag?post=39295"}],"curies":[{"name":"wp","href":"https:\/\/api.w.org\/{rel}","templated":true}]}}