{"id":39366,"date":"2021-09-30T09:20:14","date_gmt":"2021-09-30T07:20:14","guid":{"rendered":"https:\/\/teiaeducation.ch\/?post_type=product&#038;p=39366"},"modified":"2025-02-05T10:24:30","modified_gmt":"2025-02-05T09:24:30","slug":"flockmen-family-30-pieces-flockmen","status":"publish","type":"product","link":"https:\/\/teiaeducation.ch\/fr\/produit\/flockmen-family-30-pieces-flockmen\/","title":{"rendered":"Flockmen Family (30 pi\u00e8ces) &#8211; Flockmen"},"content":{"rendered":"<p>Flockmen Family 30 pi\u00e8ces &#8211; Flockmen jouets en bois faits main<\/p>\n<p>Le set Flockmen Family comprend 30 Flockmen en bois 100% naturel, parfaitement travaill\u00e9s et faits \u00e0 la main. 6 tailles diff\u00e9rentes &#8211; 5 Flockmen dans chaque taille.<\/p>\n<p>Nouveaut\u00e9 de la collection 2021, Flockmen Family s&#8217;int\u00e8gre parfaitement dans un environnement pr\u00e9par\u00e9 Montessori ou Waldorf. Flockmen Family se d\u00e9cline en 6 tailles diff\u00e9rentes et sont des jouets en bois ouverts et ind\u00e9finis, con\u00e7us pour enrichir l&#8217;exp\u00e9rience de jeu. Les enfants attribuent naturellement des r\u00f4les familiaux aux figurines de diff\u00e9rentes tailles et ne manqueront pas de les utiliser pour des jeux de r\u00f4les et de r\u00f4les afin de d\u00e9velopper leurs comp\u00e9tences sociales.<\/p>\n<p>Flockmen sont de merveilleux jouets en bois parfaits pour empiler, construire des tours incroyables, des ponts, des monuments ou d&#8217;\u00e9normes monolithes. Ils permettent \u00e9galement d&#8217;am\u00e9liorer les capacit\u00e9s de comparaison, l&#8217;\u00e9quilibre, la coordination main-\u0153il et la motricit\u00e9 fine, tout en faisant appel \u00e0 la cr\u00e9ativit\u00e9 et \u00e0 l&#8217;imagination. Les Flockmen sont parfaits pour les petites mains. Ils sont con\u00e7us pour \u00eatre impossibles \u00e0 avaler et peuvent donc \u00eatre utilis\u00e9s sans danger pour les b\u00e9b\u00e9s.<\/p>\n<p>Chaque poup\u00e9e Flockmen en bois est enti\u00e8rement faite \u00e0 la main en bois naturel et mesure de 45 mm (le plus petit Flockmen) \u00e0 86 mm (le plus grand Flockmen). Chaque poup\u00e9e a une \u00e9paisseur de 14 mm. Les Flockmen sont con\u00e7us pour \u00eatre impossibles \u00e0 avaler et peuvent donc \u00eatre utilis\u00e9s en toute s\u00e9curit\u00e9 autour des b\u00e9b\u00e9s.<\/p>\n<p>L&#8217;ensemble comprend un sac de rangement pratique et renforc\u00e9 en lin naturel \u00e0 cordon pour ranger les Flockmen en toute s\u00e9curit\u00e9 lorsqu&#8217;ils ne sont pas utilis\u00e9s, ainsi qu&#8217;une carte d&#8217;inspiration avec des id\u00e9es et des ressources pour vous lancer des d\u00e9fis avec les Flockmen.<\/p>\n<p>L&#8217;ensemble Flockmen Family convient aux enfants \u00e2g\u00e9s de 2 ans et plus.<\/p>\n<p>Contenu<\/p>\n<p>30 Flockmen (6 tailles diff\u00e9rentes)<br \/>\n1 sac de rangement en lin naturel<br \/>\nUne carte d&#8217;inspiration<br \/>\nInstructions d&#8217;entretien pour garantir la long\u00e9vit\u00e9 des Flockmen.<\/p>\n","protected":false},"excerpt":{"rendered":"<p>Num\u00e9ro d&#8217;article: FM000F<\/p>\n<p>Le set Flockmen Family de la collection 2021 comprend 30 jouets Flockmen artisanaux en bois 100% naturel de 6 tailles diff\u00e9rentes.<\/p>\n","protected":false},"featured_media":39382,"comment_status":"closed","ping_status":"closed","template":"","meta":[],"product_brand":[],"product_cat":[208,8527,215,216,13128,635,283,13146,8105,8526,21257,8572,13130,13144,23020,23021,1220,627,13140,288,7595,217,24313,209,7603,212,1219],"product_tag":[8129,8135,8133,22120,8134,8131,8130,8128,6714,1227,8132,23582],"class_list":{"0":"post-39366","1":"product","2":"type-product","3":"status-publish","4":"has-post-thumbnail","6":"product_cat-1-3-ans","7":"product_cat-3-6-ans-ecole-a-domicile","8":"product_cat-3-6-ans","9":"product_cat-6-12-ans","10":"product_cat-apprendre-a-compter","11":"product_cat-competences-motrices","12":"product_cat-domaines-du-curriculum","13":"product_cat-figurines-en-bois","14":"product_cat-flockmen-fr","15":"product_cat-fournitures-scolaires-a-domicile","16":"product_cat-guides-cadeaux","17":"product_cat-jeu-et-apprentissage-pour-bebes-et-jeunes-enfants","18":"product_cat-jouer","19":"product_cat-jouets-a-empiler","20":"product_cat-jouets-en-bois","21":"product_cat-jouets-waldorf","22":"product_cat-traditionnelle","23":"product_cat-orientation-spatiale-fr","24":"product_cat-jeu-libre","25":"product_cat-mathematiques-calcul","26":"product_cat-methode-deducation","27":"product_cat-marques","28":"product_cat-saint-valentin","29":"product_cat-sensorielles-motrices","30":"product_cat-soldes","31":"product_cat-tranche-dage","32":"product_cat-waldorf-fr","33":"product_tag-flockmen-fr","34":"product_tag-flockmen-100-pieces-fr","35":"product_tag-flockmen-32-pieces-fr","36":"product_tag-flockmen-family-30-pieces-flockmen-fr","37":"product_tag-flockmen-mega-flock-fr","38":"product_tag-flockmen-suisse-fr","39":"product_tag-flockmen-switzerland-fr","40":"product_tag-jouets-en-bois-fabriques-a-la-main","41":"product_tag-jouets-en-bois-faits-a-la-main","42":"product_tag-jouets-ouverts","43":"product_tag-montessori-jouets","44":"product_tag-open-ended-play-fr","46":"first","47":"outofstock","48":"sale","49":"taxable","50":"shipping-taxable","51":"purchasable","52":"product-type-simple"},"yoast_head":"<!-- This site is optimized with the Yoast SEO plugin v27.1.1 - https:\/\/yoast.com\/product\/yoast-seo-wordpress\/ -->\n<title>Flockmen Family (30 pi\u00e8ces) - Flockmen - Teia Education &amp; Play<\/title>\n<meta name=\"description\" content=\"Le set Flockmen Family de la collection 2021 comprend 30 jouets Flockmen en bois 100% naturel, faits \u00e0 la main, de 6 tailles diff\u00e9rentes.\" \/>\n<meta name=\"robots\" content=\"index, follow, max-snippet:-1, max-image-preview:large, max-video-preview:-1\" \/>\n<link rel=\"canonical\" href=\"https:\/\/teiaeducation.ch\/fr\/produit\/flockmen-family-30-pieces-flockmen\/\" \/>\n<meta property=\"og:locale\" content=\"fr_FR\" \/>\n<meta property=\"og:type\" content=\"article\" \/>\n<meta property=\"og:title\" content=\"Flockmen Family (30 pi\u00e8ces) - Flockmen - Teia Education &amp; Play\" \/>\n<meta property=\"og:description\" content=\"Le set Flockmen Family de la collection 2021 comprend 30 jouets Flockmen en bois 100% naturel, faits \u00e0 la main, de 6 tailles diff\u00e9rentes.\" \/>\n<meta property=\"og:url\" content=\"https:\/\/teiaeducation.ch\/fr\/produit\/flockmen-family-30-pieces-flockmen\/\" \/>\n<meta property=\"og:site_name\" content=\"Sustainable Educational Products &amp; Ecological Toys\u00a0\" \/>\n<meta property=\"article:publisher\" content=\"https:\/\/www.facebook.com\/teiaeducation\/\" \/>\n<meta property=\"article:modified_time\" content=\"2025-02-05T09:24:30+00:00\" \/>\n<meta property=\"og:image\" content=\"https:\/\/teiaeducation.ch\/wp-content\/uploads\/2021\/09\/Flockmen-Family-30-pieces-Flockmen-handmade-wooden-toys.jpg\" \/>\n\t<meta property=\"og:image:width\" content=\"900\" \/>\n\t<meta property=\"og:image:height\" content=\"900\" \/>\n\t<meta property=\"og:image:type\" content=\"image\/jpeg\" \/>\n<script type=\"application\/ld+json\" class=\"yoast-schema-graph\">{\"@context\":\"https:\/\/schema.org\",\"@graph\":[{\"@type\":\"WebPage\",\"@id\":\"https:\/\/teiaeducation.ch\/fr\/produit\/flockmen-family-30-pieces-flockmen\/\",\"url\":\"https:\/\/teiaeducation.ch\/fr\/produit\/flockmen-family-30-pieces-flockmen\/\",\"name\":\"Flockmen Family (30 pi\u00e8ces) - Flockmen - Teia Education & Play\",\"isPartOf\":{\"@id\":\"https:\/\/teiaeducation.ch\/fr\/#website\"},\"primaryImageOfPage\":{\"@id\":\"https:\/\/teiaeducation.ch\/fr\/produit\/flockmen-family-30-pieces-flockmen\/#primaryimage\"},\"image\":{\"@id\":\"https:\/\/teiaeducation.ch\/fr\/produit\/flockmen-family-30-pieces-flockmen\/#primaryimage\"},\"thumbnailUrl\":\"https:\/\/teiaeducation.ch\/wp-content\/uploads\/2021\/09\/Flockmen-Family-30-pieces-Flockmen-handmade-wooden-toys.jpg\",\"datePublished\":\"2021-09-30T07:20:14+00:00\",\"dateModified\":\"2025-02-05T09:24:30+00:00\",\"description\":\"Le set Flockmen Family de la collection 2021 comprend 30 jouets Flockmen en bois 100% naturel, faits \u00e0 la main, de 6 tailles diff\u00e9rentes.\",\"breadcrumb\":{\"@id\":\"https:\/\/teiaeducation.ch\/fr\/produit\/flockmen-family-30-pieces-flockmen\/#breadcrumb\"},\"inLanguage\":\"fr-FR\",\"potentialAction\":[{\"@type\":\"ReadAction\",\"target\":[\"https:\/\/teiaeducation.ch\/fr\/produit\/flockmen-family-30-pieces-flockmen\/\"]}]},{\"@type\":\"ImageObject\",\"inLanguage\":\"fr-FR\",\"@id\":\"https:\/\/teiaeducation.ch\/fr\/produit\/flockmen-family-30-pieces-flockmen\/#primaryimage\",\"url\":\"https:\/\/teiaeducation.ch\/wp-content\/uploads\/2021\/09\/Flockmen-Family-30-pieces-Flockmen-handmade-wooden-toys.jpg\",\"contentUrl\":\"https:\/\/teiaeducation.ch\/wp-content\/uploads\/2021\/09\/Flockmen-Family-30-pieces-Flockmen-handmade-wooden-toys.jpg\",\"width\":900,\"height\":900,\"caption\":\"Flockmen Family 30 pi\u00e8ces - Flockmen jouets en bois faits main\"},{\"@type\":\"BreadcrumbList\",\"@id\":\"https:\/\/teiaeducation.ch\/fr\/produit\/flockmen-family-30-pieces-flockmen\/#breadcrumb\",\"itemListElement\":[{\"@type\":\"ListItem\",\"position\":1,\"name\":\"Home\",\"item\":\"https:\/\/teiaeducation.ch\/fr\/\"},{\"@type\":\"ListItem\",\"position\":2,\"name\":\"Boutique Teia Education &amp; Play\",\"item\":\"https:\/\/teiaeducation.ch\/fr\/boutique\/\"},{\"@type\":\"ListItem\",\"position\":3,\"name\":\"Domaines du Curriculum\",\"item\":\"https:\/\/teiaeducation.ch\/fr\/categorie-produit\/domaines-du-curriculum\/\"},{\"@type\":\"ListItem\",\"position\":4,\"name\":\"Math\u00e9matiques &amp; Calcul\",\"item\":\"https:\/\/teiaeducation.ch\/fr\/categorie-produit\/domaines-du-curriculum\/mathematiques-calcul\/\"},{\"@type\":\"ListItem\",\"position\":5,\"name\":\"Apprendre \u00e0 Compter\",\"item\":\"https:\/\/teiaeducation.ch\/fr\/categorie-produit\/domaines-du-curriculum\/mathematiques-calcul\/apprendre-a-compter\/\"},{\"@type\":\"ListItem\",\"position\":6,\"name\":\"Flockmen Family (30 pi\u00e8ces) &#8211; Flockmen\"}]},{\"@type\":\"WebSite\",\"@id\":\"https:\/\/teiaeducation.ch\/fr\/#website\",\"url\":\"https:\/\/teiaeducation.ch\/fr\/\",\"name\":\"Sustainable Educational Products &amp; Ecological Toys\u00a0\",\"description\":\"Specialised Swiss shop selling sustainable educational toys and games, AMI certified Montessori materials, handmade ecological wooden Waldorf toys and arts &amp; crafts supplies, school supplies, children&#039;s furniture and Montessori reference and parenting books.\",\"publisher\":{\"@id\":\"https:\/\/teiaeducation.ch\/fr\/#organization\"},\"alternateName\":\"Teia Education & Play\",\"potentialAction\":[{\"@type\":\"SearchAction\",\"target\":{\"@type\":\"EntryPoint\",\"urlTemplate\":\"https:\/\/teiaeducation.ch\/fr\/?s={search_term_string}\"},\"query-input\":{\"@type\":\"PropertyValueSpecification\",\"valueRequired\":true,\"valueName\":\"search_term_string\"}}],\"inLanguage\":\"fr-FR\"},{\"@type\":\"Organization\",\"@id\":\"https:\/\/teiaeducation.ch\/fr\/#organization\",\"name\":\"Teia Education & Play\",\"url\":\"https:\/\/teiaeducation.ch\/fr\/\",\"logo\":{\"@type\":\"ImageObject\",\"inLanguage\":\"fr-FR\",\"@id\":\"https:\/\/teiaeducation.ch\/fr\/#\/schema\/logo\/image\/\",\"url\":\"https:\/\/teiaeducation.ch\/wp-content\/uploads\/2020\/11\/Teia-Education-Switzerland-e1620156442216.jpg\",\"contentUrl\":\"https:\/\/teiaeducation.ch\/wp-content\/uploads\/2020\/11\/Teia-Education-Switzerland-e1620156442216.jpg\",\"width\":166,\"height\":145,\"caption\":\"Teia Education & Play\"},\"image\":{\"@id\":\"https:\/\/teiaeducation.ch\/fr\/#\/schema\/logo\/image\/\"},\"sameAs\":[\"https:\/\/www.facebook.com\/teiaeducation\/\",\"https:\/\/x.com\/EducationTeia\",\"https:\/\/www.instagram.com\/teia.education\/\",\"https:\/\/www.linkedin.com\/company\/35501660\",\"https:\/\/www.pinterest.ch\/TeiaEducation\/\"]}]}<\/script>\n<!-- \/ Yoast SEO plugin. -->","yoast_head_json":{"title":"Flockmen Family (30 pi\u00e8ces) - Flockmen - Teia Education & Play","description":"Le set Flockmen Family de la collection 2021 comprend 30 jouets Flockmen en bois 100% naturel, faits \u00e0 la main, de 6 tailles diff\u00e9rentes.","robots":{"index":"index","follow":"follow","max-snippet":"max-snippet:-1","max-image-preview":"max-image-preview:large","max-video-preview":"max-video-preview:-1"},"canonical":"https:\/\/teiaeducation.ch\/fr\/produit\/flockmen-family-30-pieces-flockmen\/","og_locale":"fr_FR","og_type":"article","og_title":"Flockmen Family (30 pi\u00e8ces) - Flockmen - Teia Education & Play","og_description":"Le set Flockmen Family de la collection 2021 comprend 30 jouets Flockmen en bois 100% naturel, faits \u00e0 la main, de 6 tailles diff\u00e9rentes.","og_url":"https:\/\/teiaeducation.ch\/fr\/produit\/flockmen-family-30-pieces-flockmen\/","og_site_name":"Sustainable Educational Products &amp; Ecological Toys\u00a0","article_publisher":"https:\/\/www.facebook.com\/teiaeducation\/","article_modified_time":"2025-02-05T09:24:30+00:00","og_image":[{"width":900,"height":900,"url":"https:\/\/teiaeducation.ch\/wp-content\/uploads\/2021\/09\/Flockmen-Family-30-pieces-Flockmen-handmade-wooden-toys.jpg","type":"image\/jpeg"}],"schema":{"@context":"https:\/\/schema.org","@graph":[{"@type":"WebPage","@id":"https:\/\/teiaeducation.ch\/fr\/produit\/flockmen-family-30-pieces-flockmen\/","url":"https:\/\/teiaeducation.ch\/fr\/produit\/flockmen-family-30-pieces-flockmen\/","name":"Flockmen Family (30 pi\u00e8ces) - Flockmen - Teia Education & Play","isPartOf":{"@id":"https:\/\/teiaeducation.ch\/fr\/#website"},"primaryImageOfPage":{"@id":"https:\/\/teiaeducation.ch\/fr\/produit\/flockmen-family-30-pieces-flockmen\/#primaryimage"},"image":{"@id":"https:\/\/teiaeducation.ch\/fr\/produit\/flockmen-family-30-pieces-flockmen\/#primaryimage"},"thumbnailUrl":"https:\/\/teiaeducation.ch\/wp-content\/uploads\/2021\/09\/Flockmen-Family-30-pieces-Flockmen-handmade-wooden-toys.jpg","datePublished":"2021-09-30T07:20:14+00:00","dateModified":"2025-02-05T09:24:30+00:00","description":"Le set Flockmen Family de la collection 2021 comprend 30 jouets Flockmen en bois 100% naturel, faits \u00e0 la main, de 6 tailles diff\u00e9rentes.","breadcrumb":{"@id":"https:\/\/teiaeducation.ch\/fr\/produit\/flockmen-family-30-pieces-flockmen\/#breadcrumb"},"inLanguage":"fr-FR","potentialAction":[{"@type":"ReadAction","target":["https:\/\/teiaeducation.ch\/fr\/produit\/flockmen-family-30-pieces-flockmen\/"]}]},{"@type":"ImageObject","inLanguage":"fr-FR","@id":"https:\/\/teiaeducation.ch\/fr\/produit\/flockmen-family-30-pieces-flockmen\/#primaryimage","url":"https:\/\/teiaeducation.ch\/wp-content\/uploads\/2021\/09\/Flockmen-Family-30-pieces-Flockmen-handmade-wooden-toys.jpg","contentUrl":"https:\/\/teiaeducation.ch\/wp-content\/uploads\/2021\/09\/Flockmen-Family-30-pieces-Flockmen-handmade-wooden-toys.jpg","width":900,"height":900,"caption":"Flockmen Family 30 pi\u00e8ces - Flockmen jouets en bois faits main"},{"@type":"BreadcrumbList","@id":"https:\/\/teiaeducation.ch\/fr\/produit\/flockmen-family-30-pieces-flockmen\/#breadcrumb","itemListElement":[{"@type":"ListItem","position":1,"name":"Home","item":"https:\/\/teiaeducation.ch\/fr\/"},{"@type":"ListItem","position":2,"name":"Boutique Teia Education &amp; Play","item":"https:\/\/teiaeducation.ch\/fr\/boutique\/"},{"@type":"ListItem","position":3,"name":"Domaines du Curriculum","item":"https:\/\/teiaeducation.ch\/fr\/categorie-produit\/domaines-du-curriculum\/"},{"@type":"ListItem","position":4,"name":"Math\u00e9matiques &amp; Calcul","item":"https:\/\/teiaeducation.ch\/fr\/categorie-produit\/domaines-du-curriculum\/mathematiques-calcul\/"},{"@type":"ListItem","position":5,"name":"Apprendre \u00e0 Compter","item":"https:\/\/teiaeducation.ch\/fr\/categorie-produit\/domaines-du-curriculum\/mathematiques-calcul\/apprendre-a-compter\/"},{"@type":"ListItem","position":6,"name":"Flockmen Family (30 pi\u00e8ces) &#8211; Flockmen"}]},{"@type":"WebSite","@id":"https:\/\/teiaeducation.ch\/fr\/#website","url":"https:\/\/teiaeducation.ch\/fr\/","name":"Sustainable Educational Products &amp; Ecological Toys\u00a0","description":"Specialised Swiss shop selling sustainable educational toys and games, AMI certified Montessori materials, handmade ecological wooden Waldorf toys and arts &amp; crafts supplies, school supplies, children&#039;s furniture and Montessori reference and parenting books.","publisher":{"@id":"https:\/\/teiaeducation.ch\/fr\/#organization"},"alternateName":"Teia Education & Play","potentialAction":[{"@type":"SearchAction","target":{"@type":"EntryPoint","urlTemplate":"https:\/\/teiaeducation.ch\/fr\/?s={search_term_string}"},"query-input":{"@type":"PropertyValueSpecification","valueRequired":true,"valueName":"search_term_string"}}],"inLanguage":"fr-FR"},{"@type":"Organization","@id":"https:\/\/teiaeducation.ch\/fr\/#organization","name":"Teia Education & Play","url":"https:\/\/teiaeducation.ch\/fr\/","logo":{"@type":"ImageObject","inLanguage":"fr-FR","@id":"https:\/\/teiaeducation.ch\/fr\/#\/schema\/logo\/image\/","url":"https:\/\/teiaeducation.ch\/wp-content\/uploads\/2020\/11\/Teia-Education-Switzerland-e1620156442216.jpg","contentUrl":"https:\/\/teiaeducation.ch\/wp-content\/uploads\/2020\/11\/Teia-Education-Switzerland-e1620156442216.jpg","width":166,"height":145,"caption":"Teia Education & Play"},"image":{"@id":"https:\/\/teiaeducation.ch\/fr\/#\/schema\/logo\/image\/"},"sameAs":["https:\/\/www.facebook.com\/teiaeducation\/","https:\/\/x.com\/EducationTeia","https:\/\/www.instagram.com\/teia.education\/","https:\/\/www.linkedin.com\/company\/35501660","https:\/\/www.pinterest.ch\/TeiaEducation\/"]}]}},"_links":{"self":[{"href":"https:\/\/teiaeducation.ch\/fr\/wp-json\/wp\/v2\/product\/39366","targetHints":{"allow":["GET"]}}],"collection":[{"href":"https:\/\/teiaeducation.ch\/fr\/wp-json\/wp\/v2\/product"}],"about":[{"href":"https:\/\/teiaeducation.ch\/fr\/wp-json\/wp\/v2\/types\/product"}],"replies":[{"embeddable":true,"href":"https:\/\/teiaeducation.ch\/fr\/wp-json\/wp\/v2\/comments?post=39366"}],"wp:featuredmedia":[{"embeddable":true,"href":"https:\/\/teiaeducation.ch\/fr\/wp-json\/wp\/v2\/media\/39382"}],"wp:attachment":[{"href":"https:\/\/teiaeducation.ch\/fr\/wp-json\/wp\/v2\/media?parent=39366"}],"wp:term":[{"taxonomy":"product_brand","embeddable":true,"href":"https:\/\/teiaeducation.ch\/fr\/wp-json\/wp\/v2\/product_brand?post=39366"},{"taxonomy":"product_cat","embeddable":true,"href":"https:\/\/teiaeducation.ch\/fr\/wp-json\/wp\/v2\/product_cat?post=39366"},{"taxonomy":"product_tag","embeddable":true,"href":"https:\/\/teiaeducation.ch\/fr\/wp-json\/wp\/v2\/product_tag?post=39366"}],"curies":[{"name":"wp","href":"https:\/\/api.w.org\/{rel}","templated":true}]}}