{"id":39409,"date":"2021-09-30T10:18:54","date_gmt":"2021-09-30T08:18:54","guid":{"rendered":"https:\/\/teiaeducation.ch\/?post_type=product&#038;p=39409"},"modified":"2021-12-14T15:49:20","modified_gmt":"2021-12-14T14:49:20","slug":"flockmen-city-8-pieces-flockmen","status":"publish","type":"product","link":"https:\/\/teiaeducation.ch\/fr\/produit\/flockmen-city-8-pieces-flockmen\/","title":{"rendered":"Flockmen City (8 pi\u00e8ces) &#8211; Flockmen"},"content":{"rendered":"<p>Flockmen City 8 pi\u00e8ces &#8211; Flockmen maisons jouets en bois faits main<\/p>\n<p>Le set Flockmen city se compose de 8 murs en bois 100% naturel, faits \u00e0 la main et parfaitement travaill\u00e9s, pour construire des maisons pour les jouets pr\u00e9f\u00e9r\u00e9s et commencer \u00e0 \u00eatre cr\u00e9atif ! Les \u00e9l\u00e9ments en bois s&#8217;int\u00e8grent parfaitement aux <a title=\"Flockmen m\u00e9ga\" href=\"https:\/\/teiaeducation.ch\/fr\/categorie-produit\/marques\/flockmen-fr\/\" target=\"_blank\" rel=\"noopener noreferrer\" aria-describedby=\"a11y-new-window-message\">Flockmen<\/a> et aux autres jouets du petit monde ouverts. Ils ont des formes simples avec des lignes \u00e9pur\u00e9es et sont faciles \u00e0 construire et \u00e0 connecter. Les murs de les maison sont faits de contreplaqu\u00e9 de bouleau de haute qualit\u00e9 (12 mm d&#8217;\u00e9paisseur) et ponc\u00e9s de mani\u00e8re lisse. Pour que les maisons tiennent debout, les pi\u00e8ces doivent \u00eatre connect\u00e9es de mani\u00e8re appropri\u00e9e.<\/p>\n<p>Nouveaut\u00e9 de la collection 2021, Flockmen City est une ville-jouet qui stimule la cr\u00e9ativit\u00e9, aide \u00e0 am\u00e9liorer la motricit\u00e9 fine et encourage la coordination \u0153il-main ! Il s&#8217;agit d&#8217;un jouet en bois ouvert permettant de faire semblant et de jouer \u00e0 l&#8217;imagination. Il s&#8217;int\u00e8gre parfaitement dans un environnement pr\u00e9par\u00e9 Montessori ou Waldorf.<\/p>\n<p>Flockmen sont de merveilleux jouets en bois parfaits pour <a href=\"https:\/\/teiaeducation.ch\/fr\/categorie-produit\/jouer\/jouets-a-empiler\/\">empiler<\/a>, construire des tours incroyables, des ponts, des monuments ou d&#8217;\u00e9normes monolithes. Ils permettent \u00e9galement d&#8217;am\u00e9liorer les capacit\u00e9s de comparaison, l&#8217;\u00e9quilibre, la coordination main-\u0153il et la motricit\u00e9 fine, tout en faisant appel \u00e0 la cr\u00e9ativit\u00e9 et \u00e0 l&#8217;imagination. Les Flockmen sont parfaits pour les petites mains. Ils sont con\u00e7us pour \u00eatre impossibles \u00e0 avaler et peuvent donc \u00eatre utilis\u00e9s sans danger pour les b\u00e9b\u00e9s.<\/p>\n<p>L&#8217;ensemble Flockmen city convient aux enfants \u00e2g\u00e9s de 2 ans et plus.<\/p>\n<p>Contenu<\/p>\n<p>8 \u00e9l\u00e9ments en bois<\/p>\n","protected":false},"excerpt":{"rendered":"<p>Num\u00e9ro d&#8217;article: FM000C<\/p>\n<p>Le set Flockmen city de la collection 2021 comprend 8 \u00e9l\u00e9ments Flockmen en bois 100% naturel, faits main, pour cr\u00e9er des maisons.<\/p>\n","protected":false},"featured_media":39417,"comment_status":"closed","ping_status":"closed","template":"","meta":[],"product_brand":[],"product_cat":[208,8527,215,216,13128,635,283,13146,8105,8526,8572,13130,13144,23020,23021,627,13140,288,7595,217,209,212,1219],"product_tag":[8129,22116,22119,8134,8131,8130,8128,6714,22117,1227,8132,23582],"class_list":{"0":"post-39409","1":"product","2":"type-product","3":"status-publish","4":"has-post-thumbnail","6":"product_cat-1-3-ans","7":"product_cat-3-6-ans-ecole-a-domicile","8":"product_cat-3-6-ans","9":"product_cat-6-12-ans","10":"product_cat-apprendre-a-compter","11":"product_cat-competences-motrices","12":"product_cat-domaines-du-curriculum","13":"product_cat-figurines-en-bois","14":"product_cat-flockmen-fr","15":"product_cat-fournitures-scolaires-a-domicile","16":"product_cat-jeu-et-apprentissage-pour-bebes-et-jeunes-enfants","17":"product_cat-jouer","18":"product_cat-jouets-a-empiler","19":"product_cat-jouets-en-bois","20":"product_cat-jouets-waldorf","21":"product_cat-orientation-spatiale-fr","22":"product_cat-jeu-libre","23":"product_cat-mathematiques-calcul","24":"product_cat-methode-deducation","25":"product_cat-marques","26":"product_cat-sensorielles-motrices","27":"product_cat-tranche-dage","28":"product_cat-waldorf-fr","29":"product_tag-flockmen-fr","30":"product_tag-flockmen-2021-collection-fr","31":"product_tag-flockmen-city-8-pieces-fr","32":"product_tag-flockmen-mega-flock-fr","33":"product_tag-flockmen-suisse-fr","34":"product_tag-flockmen-switzerland-fr","35":"product_tag-jouets-en-bois-fabriques-a-la-main","36":"product_tag-jouets-en-bois-faits-a-la-main","37":"product_tag-jouets-en-bois-faits-a-la-main-flockmen","38":"product_tag-jouets-ouverts","39":"product_tag-montessori-jouets","40":"product_tag-open-ended-play-fr","42":"first","43":"outofstock","44":"taxable","45":"shipping-taxable","46":"purchasable","47":"product-type-simple"},"yoast_head":"<!-- This site is optimized with the Yoast SEO plugin v27.3 - https:\/\/yoast.com\/product\/yoast-seo-wordpress\/ -->\n<title>Flockmen City (8 pi\u00e8ces) - Flockmen - Teia Education &amp; Play<\/title>\n<meta name=\"description\" content=\"Le set Flockmen city de la collection 2021 comprend 8 \u00e9l\u00e9ments Flockmen en bois 100% naturel, faits main, pour cr\u00e9er des maisons.\" \/>\n<meta name=\"robots\" content=\"index, follow, max-snippet:-1, max-image-preview:large, max-video-preview:-1\" \/>\n<link rel=\"canonical\" href=\"https:\/\/teiaeducation.ch\/fr\/produit\/flockmen-city-8-pieces-flockmen\/\" \/>\n<meta property=\"og:locale\" content=\"fr_FR\" \/>\n<meta property=\"og:type\" content=\"article\" \/>\n<meta property=\"og:title\" content=\"Flockmen City (8 pi\u00e8ces) - Flockmen - Teia Education &amp; Play\" \/>\n<meta property=\"og:description\" content=\"Le set Flockmen city de la collection 2021 comprend 8 \u00e9l\u00e9ments Flockmen en bois 100% naturel, faits main, pour cr\u00e9er des maisons.\" \/>\n<meta property=\"og:url\" content=\"https:\/\/teiaeducation.ch\/fr\/produit\/flockmen-city-8-pieces-flockmen\/\" \/>\n<meta property=\"og:site_name\" content=\"Sustainable Educational Products &amp; Ecological Toys\u00a0\" \/>\n<meta property=\"article:publisher\" content=\"https:\/\/www.facebook.com\/teiaeducation\/\" \/>\n<meta property=\"article:modified_time\" content=\"2021-12-14T14:49:20+00:00\" \/>\n<meta property=\"og:image\" content=\"https:\/\/teiaeducation.ch\/wp-content\/uploads\/2021\/09\/Flockmen-City-8-pieces-Flockmen-handmade-wooden-toys1.jpg\" \/>\n\t<meta property=\"og:image:width\" content=\"1366\" \/>\n\t<meta property=\"og:image:height\" content=\"1052\" \/>\n\t<meta property=\"og:image:type\" content=\"image\/jpeg\" \/>\n<script type=\"application\/ld+json\" class=\"yoast-schema-graph\">{\"@context\":\"https:\\\/\\\/schema.org\",\"@graph\":[{\"@type\":\"WebPage\",\"@id\":\"https:\\\/\\\/teiaeducation.ch\\\/fr\\\/produit\\\/flockmen-city-8-pieces-flockmen\\\/\",\"url\":\"https:\\\/\\\/teiaeducation.ch\\\/fr\\\/produit\\\/flockmen-city-8-pieces-flockmen\\\/\",\"name\":\"Flockmen City (8 pi\u00e8ces) - Flockmen - Teia Education & Play\",\"isPartOf\":{\"@id\":\"https:\\\/\\\/teiaeducation.ch\\\/fr\\\/#website\"},\"primaryImageOfPage\":{\"@id\":\"https:\\\/\\\/teiaeducation.ch\\\/fr\\\/produit\\\/flockmen-city-8-pieces-flockmen\\\/#primaryimage\"},\"image\":{\"@id\":\"https:\\\/\\\/teiaeducation.ch\\\/fr\\\/produit\\\/flockmen-city-8-pieces-flockmen\\\/#primaryimage\"},\"thumbnailUrl\":\"https:\\\/\\\/teiaeducation.ch\\\/wp-content\\\/uploads\\\/2021\\\/09\\\/Flockmen-City-8-pieces-Flockmen-handmade-wooden-toys1.jpg\",\"datePublished\":\"2021-09-30T08:18:54+00:00\",\"dateModified\":\"2021-12-14T14:49:20+00:00\",\"description\":\"Le set Flockmen city de la collection 2021 comprend 8 \u00e9l\u00e9ments Flockmen en bois 100% naturel, faits main, pour cr\u00e9er des maisons.\",\"breadcrumb\":{\"@id\":\"https:\\\/\\\/teiaeducation.ch\\\/fr\\\/produit\\\/flockmen-city-8-pieces-flockmen\\\/#breadcrumb\"},\"inLanguage\":\"fr-FR\",\"potentialAction\":[{\"@type\":\"ReadAction\",\"target\":[\"https:\\\/\\\/teiaeducation.ch\\\/fr\\\/produit\\\/flockmen-city-8-pieces-flockmen\\\/\"]}]},{\"@type\":\"ImageObject\",\"inLanguage\":\"fr-FR\",\"@id\":\"https:\\\/\\\/teiaeducation.ch\\\/fr\\\/produit\\\/flockmen-city-8-pieces-flockmen\\\/#primaryimage\",\"url\":\"https:\\\/\\\/teiaeducation.ch\\\/wp-content\\\/uploads\\\/2021\\\/09\\\/Flockmen-City-8-pieces-Flockmen-handmade-wooden-toys1.jpg\",\"contentUrl\":\"https:\\\/\\\/teiaeducation.ch\\\/wp-content\\\/uploads\\\/2021\\\/09\\\/Flockmen-City-8-pieces-Flockmen-handmade-wooden-toys1.jpg\",\"width\":1366,\"height\":1052,\"caption\":\"Flockmen City 8 pi\u00e8ces - Flockmen jouets en bois faits main\"},{\"@type\":\"BreadcrumbList\",\"@id\":\"https:\\\/\\\/teiaeducation.ch\\\/fr\\\/produit\\\/flockmen-city-8-pieces-flockmen\\\/#breadcrumb\",\"itemListElement\":[{\"@type\":\"ListItem\",\"position\":1,\"name\":\"Home\",\"item\":\"https:\\\/\\\/teiaeducation.ch\\\/fr\\\/\"},{\"@type\":\"ListItem\",\"position\":2,\"name\":\"Boutique Teia Education &amp; Play\",\"item\":\"https:\\\/\\\/teiaeducation.ch\\\/fr\\\/boutique\\\/\"},{\"@type\":\"ListItem\",\"position\":3,\"name\":\"Domaines du Curriculum\",\"item\":\"https:\\\/\\\/teiaeducation.ch\\\/fr\\\/categorie-produit\\\/domaines-du-curriculum\\\/\"},{\"@type\":\"ListItem\",\"position\":4,\"name\":\"Math\u00e9matiques &amp; Calcul\",\"item\":\"https:\\\/\\\/teiaeducation.ch\\\/fr\\\/categorie-produit\\\/domaines-du-curriculum\\\/mathematiques-calcul\\\/\"},{\"@type\":\"ListItem\",\"position\":5,\"name\":\"Apprendre \u00e0 Compter\",\"item\":\"https:\\\/\\\/teiaeducation.ch\\\/fr\\\/categorie-produit\\\/domaines-du-curriculum\\\/mathematiques-calcul\\\/apprendre-a-compter\\\/\"},{\"@type\":\"ListItem\",\"position\":6,\"name\":\"Flockmen City (8 pi\u00e8ces) &#8211; Flockmen\"}]},{\"@type\":\"WebSite\",\"@id\":\"https:\\\/\\\/teiaeducation.ch\\\/fr\\\/#website\",\"url\":\"https:\\\/\\\/teiaeducation.ch\\\/fr\\\/\",\"name\":\"Sustainable Educational Products &amp; Ecological Toys\u00a0\",\"description\":\"Specialised Swiss shop selling sustainable educational toys and games, AMI certified Montessori materials, handmade ecological wooden Waldorf toys and arts &amp; crafts supplies, school supplies, children&#039;s furniture and Montessori reference and parenting books.\",\"publisher\":{\"@id\":\"https:\\\/\\\/teiaeducation.ch\\\/fr\\\/#organization\"},\"alternateName\":\"Teia Education & Play\",\"potentialAction\":[{\"@type\":\"SearchAction\",\"target\":{\"@type\":\"EntryPoint\",\"urlTemplate\":\"https:\\\/\\\/teiaeducation.ch\\\/fr\\\/?s={search_term_string}\"},\"query-input\":{\"@type\":\"PropertyValueSpecification\",\"valueRequired\":true,\"valueName\":\"search_term_string\"}}],\"inLanguage\":\"fr-FR\"},{\"@type\":\"Organization\",\"@id\":\"https:\\\/\\\/teiaeducation.ch\\\/fr\\\/#organization\",\"name\":\"Teia Education & Play\",\"url\":\"https:\\\/\\\/teiaeducation.ch\\\/fr\\\/\",\"logo\":{\"@type\":\"ImageObject\",\"inLanguage\":\"fr-FR\",\"@id\":\"https:\\\/\\\/teiaeducation.ch\\\/fr\\\/#\\\/schema\\\/logo\\\/image\\\/\",\"url\":\"https:\\\/\\\/teiaeducation.ch\\\/wp-content\\\/uploads\\\/2020\\\/11\\\/Teia-Education-Switzerland-e1620156442216.jpg\",\"contentUrl\":\"https:\\\/\\\/teiaeducation.ch\\\/wp-content\\\/uploads\\\/2020\\\/11\\\/Teia-Education-Switzerland-e1620156442216.jpg\",\"width\":166,\"height\":145,\"caption\":\"Teia Education & Play\"},\"image\":{\"@id\":\"https:\\\/\\\/teiaeducation.ch\\\/fr\\\/#\\\/schema\\\/logo\\\/image\\\/\"},\"sameAs\":[\"https:\\\/\\\/www.facebook.com\\\/teiaeducation\\\/\",\"https:\\\/\\\/x.com\\\/EducationTeia\",\"https:\\\/\\\/www.instagram.com\\\/teia.education\\\/\",\"https:\\\/\\\/www.linkedin.com\\\/company\\\/35501660\",\"https:\\\/\\\/www.pinterest.ch\\\/TeiaEducation\\\/\"]}]}<\/script>\n<!-- \/ Yoast SEO plugin. -->","yoast_head_json":{"title":"Flockmen City (8 pi\u00e8ces) - Flockmen - Teia Education & Play","description":"Le set Flockmen city de la collection 2021 comprend 8 \u00e9l\u00e9ments Flockmen en bois 100% naturel, faits main, pour cr\u00e9er des maisons.","robots":{"index":"index","follow":"follow","max-snippet":"max-snippet:-1","max-image-preview":"max-image-preview:large","max-video-preview":"max-video-preview:-1"},"canonical":"https:\/\/teiaeducation.ch\/fr\/produit\/flockmen-city-8-pieces-flockmen\/","og_locale":"fr_FR","og_type":"article","og_title":"Flockmen City (8 pi\u00e8ces) - Flockmen - Teia Education & Play","og_description":"Le set Flockmen city de la collection 2021 comprend 8 \u00e9l\u00e9ments Flockmen en bois 100% naturel, faits main, pour cr\u00e9er des maisons.","og_url":"https:\/\/teiaeducation.ch\/fr\/produit\/flockmen-city-8-pieces-flockmen\/","og_site_name":"Sustainable Educational Products &amp; Ecological Toys\u00a0","article_publisher":"https:\/\/www.facebook.com\/teiaeducation\/","article_modified_time":"2021-12-14T14:49:20+00:00","og_image":[{"width":1366,"height":1052,"url":"https:\/\/teiaeducation.ch\/wp-content\/uploads\/2021\/09\/Flockmen-City-8-pieces-Flockmen-handmade-wooden-toys1.jpg","type":"image\/jpeg"}],"schema":{"@context":"https:\/\/schema.org","@graph":[{"@type":"WebPage","@id":"https:\/\/teiaeducation.ch\/fr\/produit\/flockmen-city-8-pieces-flockmen\/","url":"https:\/\/teiaeducation.ch\/fr\/produit\/flockmen-city-8-pieces-flockmen\/","name":"Flockmen City (8 pi\u00e8ces) - Flockmen - Teia Education & Play","isPartOf":{"@id":"https:\/\/teiaeducation.ch\/fr\/#website"},"primaryImageOfPage":{"@id":"https:\/\/teiaeducation.ch\/fr\/produit\/flockmen-city-8-pieces-flockmen\/#primaryimage"},"image":{"@id":"https:\/\/teiaeducation.ch\/fr\/produit\/flockmen-city-8-pieces-flockmen\/#primaryimage"},"thumbnailUrl":"https:\/\/teiaeducation.ch\/wp-content\/uploads\/2021\/09\/Flockmen-City-8-pieces-Flockmen-handmade-wooden-toys1.jpg","datePublished":"2021-09-30T08:18:54+00:00","dateModified":"2021-12-14T14:49:20+00:00","description":"Le set Flockmen city de la collection 2021 comprend 8 \u00e9l\u00e9ments Flockmen en bois 100% naturel, faits main, pour cr\u00e9er des maisons.","breadcrumb":{"@id":"https:\/\/teiaeducation.ch\/fr\/produit\/flockmen-city-8-pieces-flockmen\/#breadcrumb"},"inLanguage":"fr-FR","potentialAction":[{"@type":"ReadAction","target":["https:\/\/teiaeducation.ch\/fr\/produit\/flockmen-city-8-pieces-flockmen\/"]}]},{"@type":"ImageObject","inLanguage":"fr-FR","@id":"https:\/\/teiaeducation.ch\/fr\/produit\/flockmen-city-8-pieces-flockmen\/#primaryimage","url":"https:\/\/teiaeducation.ch\/wp-content\/uploads\/2021\/09\/Flockmen-City-8-pieces-Flockmen-handmade-wooden-toys1.jpg","contentUrl":"https:\/\/teiaeducation.ch\/wp-content\/uploads\/2021\/09\/Flockmen-City-8-pieces-Flockmen-handmade-wooden-toys1.jpg","width":1366,"height":1052,"caption":"Flockmen City 8 pi\u00e8ces - Flockmen jouets en bois faits main"},{"@type":"BreadcrumbList","@id":"https:\/\/teiaeducation.ch\/fr\/produit\/flockmen-city-8-pieces-flockmen\/#breadcrumb","itemListElement":[{"@type":"ListItem","position":1,"name":"Home","item":"https:\/\/teiaeducation.ch\/fr\/"},{"@type":"ListItem","position":2,"name":"Boutique Teia Education &amp; Play","item":"https:\/\/teiaeducation.ch\/fr\/boutique\/"},{"@type":"ListItem","position":3,"name":"Domaines du Curriculum","item":"https:\/\/teiaeducation.ch\/fr\/categorie-produit\/domaines-du-curriculum\/"},{"@type":"ListItem","position":4,"name":"Math\u00e9matiques &amp; Calcul","item":"https:\/\/teiaeducation.ch\/fr\/categorie-produit\/domaines-du-curriculum\/mathematiques-calcul\/"},{"@type":"ListItem","position":5,"name":"Apprendre \u00e0 Compter","item":"https:\/\/teiaeducation.ch\/fr\/categorie-produit\/domaines-du-curriculum\/mathematiques-calcul\/apprendre-a-compter\/"},{"@type":"ListItem","position":6,"name":"Flockmen City (8 pi\u00e8ces) &#8211; Flockmen"}]},{"@type":"WebSite","@id":"https:\/\/teiaeducation.ch\/fr\/#website","url":"https:\/\/teiaeducation.ch\/fr\/","name":"Sustainable Educational Products &amp; Ecological Toys\u00a0","description":"Specialised Swiss shop selling sustainable educational toys and games, AMI certified Montessori materials, handmade ecological wooden Waldorf toys and arts &amp; crafts supplies, school supplies, children&#039;s furniture and Montessori reference and parenting books.","publisher":{"@id":"https:\/\/teiaeducation.ch\/fr\/#organization"},"alternateName":"Teia Education & Play","potentialAction":[{"@type":"SearchAction","target":{"@type":"EntryPoint","urlTemplate":"https:\/\/teiaeducation.ch\/fr\/?s={search_term_string}"},"query-input":{"@type":"PropertyValueSpecification","valueRequired":true,"valueName":"search_term_string"}}],"inLanguage":"fr-FR"},{"@type":"Organization","@id":"https:\/\/teiaeducation.ch\/fr\/#organization","name":"Teia Education & Play","url":"https:\/\/teiaeducation.ch\/fr\/","logo":{"@type":"ImageObject","inLanguage":"fr-FR","@id":"https:\/\/teiaeducation.ch\/fr\/#\/schema\/logo\/image\/","url":"https:\/\/teiaeducation.ch\/wp-content\/uploads\/2020\/11\/Teia-Education-Switzerland-e1620156442216.jpg","contentUrl":"https:\/\/teiaeducation.ch\/wp-content\/uploads\/2020\/11\/Teia-Education-Switzerland-e1620156442216.jpg","width":166,"height":145,"caption":"Teia Education & Play"},"image":{"@id":"https:\/\/teiaeducation.ch\/fr\/#\/schema\/logo\/image\/"},"sameAs":["https:\/\/www.facebook.com\/teiaeducation\/","https:\/\/x.com\/EducationTeia","https:\/\/www.instagram.com\/teia.education\/","https:\/\/www.linkedin.com\/company\/35501660","https:\/\/www.pinterest.ch\/TeiaEducation\/"]}]}},"_links":{"self":[{"href":"https:\/\/teiaeducation.ch\/fr\/wp-json\/wp\/v2\/product\/39409","targetHints":{"allow":["GET"]}}],"collection":[{"href":"https:\/\/teiaeducation.ch\/fr\/wp-json\/wp\/v2\/product"}],"about":[{"href":"https:\/\/teiaeducation.ch\/fr\/wp-json\/wp\/v2\/types\/product"}],"replies":[{"embeddable":true,"href":"https:\/\/teiaeducation.ch\/fr\/wp-json\/wp\/v2\/comments?post=39409"}],"wp:featuredmedia":[{"embeddable":true,"href":"https:\/\/teiaeducation.ch\/fr\/wp-json\/wp\/v2\/media\/39417"}],"wp:attachment":[{"href":"https:\/\/teiaeducation.ch\/fr\/wp-json\/wp\/v2\/media?parent=39409"}],"wp:term":[{"taxonomy":"product_brand","embeddable":true,"href":"https:\/\/teiaeducation.ch\/fr\/wp-json\/wp\/v2\/product_brand?post=39409"},{"taxonomy":"product_cat","embeddable":true,"href":"https:\/\/teiaeducation.ch\/fr\/wp-json\/wp\/v2\/product_cat?post=39409"},{"taxonomy":"product_tag","embeddable":true,"href":"https:\/\/teiaeducation.ch\/fr\/wp-json\/wp\/v2\/product_tag?post=39409"}],"curies":[{"name":"wp","href":"https:\/\/api.w.org\/{rel}","templated":true}]}}