{"id":39421,"date":"2021-09-30T10:30:28","date_gmt":"2021-09-30T08:30:28","guid":{"rendered":"https:\/\/teiaeducation.ch\/?post_type=product&#038;p=39421"},"modified":"2022-12-21T13:01:26","modified_gmt":"2022-12-21T12:01:26","slug":"chiffres-en-bois-1-10-flockmen","status":"publish","type":"product","link":"https:\/\/teiaeducation.ch\/fr\/produit\/chiffres-en-bois-1-10-flockmen\/","title":{"rendered":"Chiffres en bois (1-10) &#8211; Flockmen"},"content":{"rendered":"<p>Chiffres en bois (1-10) &#8211; Flockmen jouets en bois faits main<\/p>\n<p>Le jeu de chiffres en bois de Flockmen se compose de 11 chiffres fait main en bois 100% naturel, parfaitement travaill\u00e9s. Les chiffres en bois de 1 \u00e0 10 sont faits en bouleau de la Baltique, un bois solide et r\u00e9sistant, le m\u00eame mat\u00e9riau naturel que les figurines de\u00a0<a title=\"Flockmen m\u00e9ga\" href=\"https:\/\/teiaeducation.ch\/fr\/categorie-produit\/marques\/flockmen-fr\/\" target=\"_blank\" rel=\"noopener noreferrer\" aria-describedby=\"a11y-new-window-message\">Flockmen<\/a>. Ils sont ponc\u00e9s de mani\u00e8re lisse et ne sont pas trait\u00e9s avec des produits chimiques.<\/p>\n<p>Ces chiffres en bois ont des formes simples aux lignes \u00e9pur\u00e9es et sont parfaits pour apprendre la forme des chiffres et comprendre les quantit\u00e9s. Ils peuvent \u00eatre utilis\u00e9s pour s&#8217;entra\u00eener \u00e0 compter et \u00e0 faire des math\u00e9matiques. Ils peuvent \u00e9galement \u00eatre empil\u00e9s et \u00e9quilibr\u00e9s, tout comme les Flockmen, pour exercer la coordination \u0153il-main et la motricit\u00e9 fine. Encourage la d\u00e9couverte et l&#8217;apprentissage par le jeu actif avec le jeu de chiffres Flockmen !<\/p>\n<p>Nouveaut\u00e9 de la collection 2021, les chiffres en bois de Flockmen sont accompagn\u00e9s d&#8217;un sac de rangement pratique et renforc\u00e9, \u00e0 cordon en coton-lin naturel certifi\u00e9 Oeko-tex, pour ranger les chiffres en toute s\u00e9curit\u00e9 lorsqu&#8217;ils ne sont pas utilis\u00e9s. Chaque chiffre en bois massif de bouleau mesure 70 mm de haut et 14 mm d&#8217;\u00e9paisseur.<\/p>\n<p>Flockmen sont de merveilleux jouets en bois parfaits pour <a href=\"https:\/\/teiaeducation.ch\/fr\/categorie-produit\/jouer\/jouets-a-empiler\/\">empiler<\/a>, construire des tours incroyables, des ponts, des monuments ou d&#8217;\u00e9normes monolithes. Ils permettent \u00e9galement d&#8217;am\u00e9liorer les capacit\u00e9s de comparaison, l&#8217;\u00e9quilibre, la coordination main-\u0153il et la motricit\u00e9 fine, tout en faisant appel \u00e0 la cr\u00e9ativit\u00e9 et \u00e0 l&#8217;imagination. Les Flockmen sont parfaits pour les petites mains. Ils sont con\u00e7us pour \u00eatre impossibles \u00e0 avaler et peuvent donc \u00eatre utilis\u00e9s sans danger pour les b\u00e9b\u00e9s.<\/p>\n<p>Le jeu de chiffres en bois de Flockmen convient aux enfants de 3 ans et plus.<\/p>\n<p>Contenu<\/p>\n<p>11 chiffres en bois<\/p>\n","protected":false},"excerpt":{"rendered":"<p>Num\u00e9ro d&#8217;article: FM000N<\/p>\n<p>Le jeu de chiffres en bois de Flockmen de la collection 2021 comprend 11 chiffres faits main en bois 100% naturel, parfaits pour apprendre les chiffres.<\/p>\n","protected":false},"featured_media":39433,"comment_status":"closed","ping_status":"closed","template":"","meta":[],"product_brand":[],"product_cat":[208,8527,215,216,13128,22032,22344,635,283,13146,8105,8526,21257,8572,13130,13144,23020,23021,1220,627,23650,13140,288,7595,217,209,212,1219],"product_tag":[8129,22116,22118,8134,8131,8130,8128,6714,22117,1227,8132,23582],"class_list":{"0":"post-39421","1":"product","2":"type-product","3":"status-publish","4":"has-post-thumbnail","6":"product_cat-1-3-ans","7":"product_cat-3-6-ans-ecole-a-domicile","8":"product_cat-3-6-ans","9":"product_cat-6-12-ans","10":"product_cat-apprendre-a-compter","11":"product_cat-cadeaux-du-calendrier-de-lavent-et-de-noel","12":"product_cat-collections-saisonnieres","13":"product_cat-competences-motrices","14":"product_cat-domaines-du-curriculum","15":"product_cat-figurines-en-bois","16":"product_cat-flockmen-fr","17":"product_cat-fournitures-scolaires-a-domicile","18":"product_cat-guides-cadeaux","19":"product_cat-jeu-et-apprentissage-pour-bebes-et-jeunes-enfants","20":"product_cat-jouer","21":"product_cat-jouets-a-empiler","22":"product_cat-jouets-en-bois","23":"product_cat-jouets-waldorf","24":"product_cat-traditionnelle","25":"product_cat-orientation-spatiale-fr","26":"product_cat-la-rentree-scolaire","27":"product_cat-jeu-libre","28":"product_cat-mathematiques-calcul","29":"product_cat-methode-deducation","30":"product_cat-marques","31":"product_cat-sensorielles-motrices","32":"product_cat-tranche-dage","33":"product_cat-waldorf-fr","34":"product_tag-flockmen-fr","35":"product_tag-flockmen-2021-collection-fr","36":"product_tag-flockmen-chiffres-en-bois-de-1-a-10","37":"product_tag-flockmen-mega-flock-fr","38":"product_tag-flockmen-suisse-fr","39":"product_tag-flockmen-switzerland-fr","40":"product_tag-jouets-en-bois-fabriques-a-la-main","41":"product_tag-jouets-en-bois-faits-a-la-main","42":"product_tag-jouets-en-bois-faits-a-la-main-flockmen","43":"product_tag-jouets-ouverts","44":"product_tag-montessori-jouets","45":"product_tag-open-ended-play-fr","47":"first","48":"outofstock","49":"taxable","50":"shipping-taxable","51":"purchasable","52":"product-type-simple"},"yoast_head":"<!-- This site is optimized with the Yoast SEO Premium plugin v25.8 (Yoast SEO v27.4) - https:\/\/yoast.com\/product\/yoast-seo-premium-wordpress\/ -->\n<title>Chiffres en bois (1-10) - Flockmen - Teia Education &amp; Play<\/title>\n<meta name=\"description\" content=\"Les 11 chiffres en bois de Flockmen de la collection 2021 sont faits main en bois 100% naturel, est parfaits pour apprendre les chiffres.\" \/>\n<meta name=\"robots\" content=\"index, follow, max-snippet:-1, max-image-preview:large, max-video-preview:-1\" \/>\n<link rel=\"canonical\" href=\"https:\/\/teiaeducation.ch\/fr\/produit\/chiffres-en-bois-1-10-flockmen\/\" \/>\n<meta property=\"og:locale\" content=\"fr_FR\" \/>\n<meta property=\"og:type\" content=\"article\" \/>\n<meta property=\"og:title\" content=\"Chiffres en bois (1-10) - Flockmen\" \/>\n<meta property=\"og:description\" content=\"Les 11 chiffres en bois de Flockmen de la collection 2021 sont faits main en bois 100% naturel, est parfaits pour apprendre les chiffres.\" \/>\n<meta property=\"og:url\" content=\"https:\/\/teiaeducation.ch\/fr\/produit\/chiffres-en-bois-1-10-flockmen\/\" \/>\n<meta property=\"og:site_name\" content=\"Sustainable Educational Products &amp; Ecological Toys\u00a0\" \/>\n<meta property=\"article:publisher\" content=\"https:\/\/www.facebook.com\/teiaeducation\/\" \/>\n<meta property=\"article:modified_time\" content=\"2022-12-21T12:01:26+00:00\" \/>\n<meta property=\"og:image\" content=\"https:\/\/teiaeducation.ch\/wp-content\/uploads\/2021\/09\/Wooden-numbers-1-10-Flockmen-handmade-wooden-toys1.jpg\" \/>\n\t<meta property=\"og:image:width\" content=\"900\" \/>\n\t<meta property=\"og:image:height\" content=\"900\" \/>\n\t<meta property=\"og:image:type\" content=\"image\/jpeg\" \/>\n<script type=\"application\/ld+json\" class=\"yoast-schema-graph\">{\"@context\":\"https:\\\/\\\/schema.org\",\"@graph\":[{\"@type\":\"WebPage\",\"@id\":\"https:\\\/\\\/teiaeducation.ch\\\/fr\\\/produit\\\/chiffres-en-bois-1-10-flockmen\\\/\",\"url\":\"https:\\\/\\\/teiaeducation.ch\\\/fr\\\/produit\\\/chiffres-en-bois-1-10-flockmen\\\/\",\"name\":\"Chiffres en bois (1-10) - Flockmen - Teia Education & Play\",\"isPartOf\":{\"@id\":\"https:\\\/\\\/teiaeducation.ch\\\/fr\\\/#website\"},\"primaryImageOfPage\":{\"@id\":\"https:\\\/\\\/teiaeducation.ch\\\/fr\\\/produit\\\/chiffres-en-bois-1-10-flockmen\\\/#primaryimage\"},\"image\":{\"@id\":\"https:\\\/\\\/teiaeducation.ch\\\/fr\\\/produit\\\/chiffres-en-bois-1-10-flockmen\\\/#primaryimage\"},\"thumbnailUrl\":\"https:\\\/\\\/teiaeducation.ch\\\/wp-content\\\/uploads\\\/2021\\\/09\\\/Wooden-numbers-1-10-Flockmen-handmade-wooden-toys1.jpg\",\"datePublished\":\"2021-09-30T08:30:28+00:00\",\"dateModified\":\"2022-12-21T12:01:26+00:00\",\"description\":\"Les 11 chiffres en bois de Flockmen de la collection 2021 sont faits main en bois 100% naturel, est parfaits pour apprendre les chiffres.\",\"breadcrumb\":{\"@id\":\"https:\\\/\\\/teiaeducation.ch\\\/fr\\\/produit\\\/chiffres-en-bois-1-10-flockmen\\\/#breadcrumb\"},\"inLanguage\":\"fr-FR\",\"potentialAction\":[{\"@type\":\"ReadAction\",\"target\":[\"https:\\\/\\\/teiaeducation.ch\\\/fr\\\/produit\\\/chiffres-en-bois-1-10-flockmen\\\/\"]}]},{\"@type\":\"ImageObject\",\"inLanguage\":\"fr-FR\",\"@id\":\"https:\\\/\\\/teiaeducation.ch\\\/fr\\\/produit\\\/chiffres-en-bois-1-10-flockmen\\\/#primaryimage\",\"url\":\"https:\\\/\\\/teiaeducation.ch\\\/wp-content\\\/uploads\\\/2021\\\/09\\\/Wooden-numbers-1-10-Flockmen-handmade-wooden-toys1.jpg\",\"contentUrl\":\"https:\\\/\\\/teiaeducation.ch\\\/wp-content\\\/uploads\\\/2021\\\/09\\\/Wooden-numbers-1-10-Flockmen-handmade-wooden-toys1.jpg\",\"width\":900,\"height\":900,\"caption\":\"Chiffres en bois (1-10) - Flockmen jouets en bois faits main\"},{\"@type\":\"BreadcrumbList\",\"@id\":\"https:\\\/\\\/teiaeducation.ch\\\/fr\\\/produit\\\/chiffres-en-bois-1-10-flockmen\\\/#breadcrumb\",\"itemListElement\":[{\"@type\":\"ListItem\",\"position\":1,\"name\":\"Home\",\"item\":\"https:\\\/\\\/teiaeducation.ch\\\/fr\\\/\"},{\"@type\":\"ListItem\",\"position\":2,\"name\":\"Boutique Teia Education &amp; Play\",\"item\":\"https:\\\/\\\/teiaeducation.ch\\\/fr\\\/boutique\\\/\"},{\"@type\":\"ListItem\",\"position\":3,\"name\":\"Domaines du Curriculum\",\"item\":\"https:\\\/\\\/teiaeducation.ch\\\/fr\\\/categorie-produit\\\/domaines-du-curriculum\\\/\"},{\"@type\":\"ListItem\",\"position\":4,\"name\":\"Math\u00e9matiques &amp; Calcul\",\"item\":\"https:\\\/\\\/teiaeducation.ch\\\/fr\\\/categorie-produit\\\/domaines-du-curriculum\\\/mathematiques-calcul\\\/\"},{\"@type\":\"ListItem\",\"position\":5,\"name\":\"Apprendre \u00e0 Compter\",\"item\":\"https:\\\/\\\/teiaeducation.ch\\\/fr\\\/categorie-produit\\\/domaines-du-curriculum\\\/mathematiques-calcul\\\/apprendre-a-compter\\\/\"},{\"@type\":\"ListItem\",\"position\":6,\"name\":\"Chiffres en bois (1-10) &#8211; Flockmen\"}]},{\"@type\":\"WebSite\",\"@id\":\"https:\\\/\\\/teiaeducation.ch\\\/fr\\\/#website\",\"url\":\"https:\\\/\\\/teiaeducation.ch\\\/fr\\\/\",\"name\":\"Sustainable Educational Products &amp; Ecological Toys\u00a0\",\"description\":\"Specialised Swiss shop selling sustainable educational toys and games, AMI certified Montessori materials, handmade ecological wooden Waldorf toys and arts &amp; crafts supplies, school supplies, children&#039;s furniture and Montessori reference and parenting books.\",\"publisher\":{\"@id\":\"https:\\\/\\\/teiaeducation.ch\\\/fr\\\/#organization\"},\"alternateName\":\"Teia Education & Play\",\"potentialAction\":[{\"@type\":\"SearchAction\",\"target\":{\"@type\":\"EntryPoint\",\"urlTemplate\":\"https:\\\/\\\/teiaeducation.ch\\\/fr\\\/?s={search_term_string}\"},\"query-input\":{\"@type\":\"PropertyValueSpecification\",\"valueRequired\":true,\"valueName\":\"search_term_string\"}}],\"inLanguage\":\"fr-FR\"},{\"@type\":\"Organization\",\"@id\":\"https:\\\/\\\/teiaeducation.ch\\\/fr\\\/#organization\",\"name\":\"Teia Education & Play\",\"url\":\"https:\\\/\\\/teiaeducation.ch\\\/fr\\\/\",\"logo\":{\"@type\":\"ImageObject\",\"inLanguage\":\"fr-FR\",\"@id\":\"https:\\\/\\\/teiaeducation.ch\\\/fr\\\/#\\\/schema\\\/logo\\\/image\\\/\",\"url\":\"https:\\\/\\\/teiaeducation.ch\\\/wp-content\\\/uploads\\\/2020\\\/11\\\/Teia-Education-Switzerland-e1620156442216.jpg\",\"contentUrl\":\"https:\\\/\\\/teiaeducation.ch\\\/wp-content\\\/uploads\\\/2020\\\/11\\\/Teia-Education-Switzerland-e1620156442216.jpg\",\"width\":166,\"height\":145,\"caption\":\"Teia Education & Play\"},\"image\":{\"@id\":\"https:\\\/\\\/teiaeducation.ch\\\/fr\\\/#\\\/schema\\\/logo\\\/image\\\/\"},\"sameAs\":[\"https:\\\/\\\/www.facebook.com\\\/teiaeducation\\\/\",\"https:\\\/\\\/x.com\\\/EducationTeia\",\"https:\\\/\\\/www.instagram.com\\\/teia.education\\\/\",\"https:\\\/\\\/www.linkedin.com\\\/company\\\/35501660\",\"https:\\\/\\\/www.pinterest.ch\\\/TeiaEducation\\\/\"]}]}<\/script>\n<meta property=\"product:price:amount\" content=\"45.00\" \/>\n<meta property=\"product:price:currency\" content=\"CHF\" \/>\n<meta property=\"og:availability\" content=\"out of stock\" \/>\n<meta property=\"product:availability\" content=\"out of stock\" \/>\n<meta property=\"product:retailer_item_id\" content=\"00000000000000000000000000000000000000000000023922\" \/>\n<meta property=\"product:condition\" content=\"new\" \/>\n<!-- \/ Yoast SEO Premium plugin. -->","yoast_head_json":{"title":"Chiffres en bois (1-10) - Flockmen - Teia Education & Play","description":"Les 11 chiffres en bois de Flockmen de la collection 2021 sont faits main en bois 100% naturel, est parfaits pour apprendre les chiffres.","robots":{"index":"index","follow":"follow","max-snippet":"max-snippet:-1","max-image-preview":"max-image-preview:large","max-video-preview":"max-video-preview:-1"},"canonical":"https:\/\/teiaeducation.ch\/fr\/produit\/chiffres-en-bois-1-10-flockmen\/","og_locale":"fr_FR","og_type":"article","og_title":"Chiffres en bois (1-10) - Flockmen","og_description":"Les 11 chiffres en bois de Flockmen de la collection 2021 sont faits main en bois 100% naturel, est parfaits pour apprendre les chiffres.","og_url":"https:\/\/teiaeducation.ch\/fr\/produit\/chiffres-en-bois-1-10-flockmen\/","og_site_name":"Sustainable Educational Products &amp; Ecological Toys\u00a0","article_publisher":"https:\/\/www.facebook.com\/teiaeducation\/","article_modified_time":"2022-12-21T12:01:26+00:00","og_image":[{"width":900,"height":900,"url":"https:\/\/teiaeducation.ch\/wp-content\/uploads\/2021\/09\/Wooden-numbers-1-10-Flockmen-handmade-wooden-toys1.jpg","type":"image\/jpeg"}],"schema":{"@context":"https:\/\/schema.org","@graph":[{"@type":"WebPage","@id":"https:\/\/teiaeducation.ch\/fr\/produit\/chiffres-en-bois-1-10-flockmen\/","url":"https:\/\/teiaeducation.ch\/fr\/produit\/chiffres-en-bois-1-10-flockmen\/","name":"Chiffres en bois (1-10) - Flockmen - Teia Education & Play","isPartOf":{"@id":"https:\/\/teiaeducation.ch\/fr\/#website"},"primaryImageOfPage":{"@id":"https:\/\/teiaeducation.ch\/fr\/produit\/chiffres-en-bois-1-10-flockmen\/#primaryimage"},"image":{"@id":"https:\/\/teiaeducation.ch\/fr\/produit\/chiffres-en-bois-1-10-flockmen\/#primaryimage"},"thumbnailUrl":"https:\/\/teiaeducation.ch\/wp-content\/uploads\/2021\/09\/Wooden-numbers-1-10-Flockmen-handmade-wooden-toys1.jpg","datePublished":"2021-09-30T08:30:28+00:00","dateModified":"2022-12-21T12:01:26+00:00","description":"Les 11 chiffres en bois de Flockmen de la collection 2021 sont faits main en bois 100% naturel, est parfaits pour apprendre les chiffres.","breadcrumb":{"@id":"https:\/\/teiaeducation.ch\/fr\/produit\/chiffres-en-bois-1-10-flockmen\/#breadcrumb"},"inLanguage":"fr-FR","potentialAction":[{"@type":"ReadAction","target":["https:\/\/teiaeducation.ch\/fr\/produit\/chiffres-en-bois-1-10-flockmen\/"]}]},{"@type":"ImageObject","inLanguage":"fr-FR","@id":"https:\/\/teiaeducation.ch\/fr\/produit\/chiffres-en-bois-1-10-flockmen\/#primaryimage","url":"https:\/\/teiaeducation.ch\/wp-content\/uploads\/2021\/09\/Wooden-numbers-1-10-Flockmen-handmade-wooden-toys1.jpg","contentUrl":"https:\/\/teiaeducation.ch\/wp-content\/uploads\/2021\/09\/Wooden-numbers-1-10-Flockmen-handmade-wooden-toys1.jpg","width":900,"height":900,"caption":"Chiffres en bois (1-10) - Flockmen jouets en bois faits main"},{"@type":"BreadcrumbList","@id":"https:\/\/teiaeducation.ch\/fr\/produit\/chiffres-en-bois-1-10-flockmen\/#breadcrumb","itemListElement":[{"@type":"ListItem","position":1,"name":"Home","item":"https:\/\/teiaeducation.ch\/fr\/"},{"@type":"ListItem","position":2,"name":"Boutique Teia Education &amp; Play","item":"https:\/\/teiaeducation.ch\/fr\/boutique\/"},{"@type":"ListItem","position":3,"name":"Domaines du Curriculum","item":"https:\/\/teiaeducation.ch\/fr\/categorie-produit\/domaines-du-curriculum\/"},{"@type":"ListItem","position":4,"name":"Math\u00e9matiques &amp; Calcul","item":"https:\/\/teiaeducation.ch\/fr\/categorie-produit\/domaines-du-curriculum\/mathematiques-calcul\/"},{"@type":"ListItem","position":5,"name":"Apprendre \u00e0 Compter","item":"https:\/\/teiaeducation.ch\/fr\/categorie-produit\/domaines-du-curriculum\/mathematiques-calcul\/apprendre-a-compter\/"},{"@type":"ListItem","position":6,"name":"Chiffres en bois (1-10) &#8211; Flockmen"}]},{"@type":"WebSite","@id":"https:\/\/teiaeducation.ch\/fr\/#website","url":"https:\/\/teiaeducation.ch\/fr\/","name":"Sustainable Educational Products &amp; Ecological Toys\u00a0","description":"Specialised Swiss shop selling sustainable educational toys and games, AMI certified Montessori materials, handmade ecological wooden Waldorf toys and arts &amp; crafts supplies, school supplies, children&#039;s furniture and Montessori reference and parenting books.","publisher":{"@id":"https:\/\/teiaeducation.ch\/fr\/#organization"},"alternateName":"Teia Education & Play","potentialAction":[{"@type":"SearchAction","target":{"@type":"EntryPoint","urlTemplate":"https:\/\/teiaeducation.ch\/fr\/?s={search_term_string}"},"query-input":{"@type":"PropertyValueSpecification","valueRequired":true,"valueName":"search_term_string"}}],"inLanguage":"fr-FR"},{"@type":"Organization","@id":"https:\/\/teiaeducation.ch\/fr\/#organization","name":"Teia Education & Play","url":"https:\/\/teiaeducation.ch\/fr\/","logo":{"@type":"ImageObject","inLanguage":"fr-FR","@id":"https:\/\/teiaeducation.ch\/fr\/#\/schema\/logo\/image\/","url":"https:\/\/teiaeducation.ch\/wp-content\/uploads\/2020\/11\/Teia-Education-Switzerland-e1620156442216.jpg","contentUrl":"https:\/\/teiaeducation.ch\/wp-content\/uploads\/2020\/11\/Teia-Education-Switzerland-e1620156442216.jpg","width":166,"height":145,"caption":"Teia Education & Play"},"image":{"@id":"https:\/\/teiaeducation.ch\/fr\/#\/schema\/logo\/image\/"},"sameAs":["https:\/\/www.facebook.com\/teiaeducation\/","https:\/\/x.com\/EducationTeia","https:\/\/www.instagram.com\/teia.education\/","https:\/\/www.linkedin.com\/company\/35501660","https:\/\/www.pinterest.ch\/TeiaEducation\/"]}]},"product_price_amount":"45.00","product_price_currency":"CHF","og_availability":"out of stock","product_availability":"out of stock","product_retailer_item_id":"00000000000000000000000000000000000000000000023922","product_condition":"new"},"_links":{"self":[{"href":"https:\/\/teiaeducation.ch\/fr\/wp-json\/wp\/v2\/product\/39421","targetHints":{"allow":["GET"]}}],"collection":[{"href":"https:\/\/teiaeducation.ch\/fr\/wp-json\/wp\/v2\/product"}],"about":[{"href":"https:\/\/teiaeducation.ch\/fr\/wp-json\/wp\/v2\/types\/product"}],"replies":[{"embeddable":true,"href":"https:\/\/teiaeducation.ch\/fr\/wp-json\/wp\/v2\/comments?post=39421"}],"wp:featuredmedia":[{"embeddable":true,"href":"https:\/\/teiaeducation.ch\/fr\/wp-json\/wp\/v2\/media\/39433"}],"wp:attachment":[{"href":"https:\/\/teiaeducation.ch\/fr\/wp-json\/wp\/v2\/media?parent=39421"}],"wp:term":[{"taxonomy":"product_brand","embeddable":true,"href":"https:\/\/teiaeducation.ch\/fr\/wp-json\/wp\/v2\/product_brand?post=39421"},{"taxonomy":"product_cat","embeddable":true,"href":"https:\/\/teiaeducation.ch\/fr\/wp-json\/wp\/v2\/product_cat?post=39421"},{"taxonomy":"product_tag","embeddable":true,"href":"https:\/\/teiaeducation.ch\/fr\/wp-json\/wp\/v2\/product_tag?post=39421"}],"curies":[{"name":"wp","href":"https:\/\/api.w.org\/{rel}","templated":true}]}}