{"id":39598,"date":"2023-10-13T13:13:30","date_gmt":"2023-10-13T11:13:30","guid":{"rendered":"https:\/\/teiaeducation.ch\/?post_type=product&#038;p=39598"},"modified":"2021-12-14T15:46:52","modified_gmt":"2021-12-14T14:46:52","slug":"livre-de-bord-saison-ete-gerda-muller","status":"publish","type":"product","link":"https:\/\/teiaeducation.ch\/fr\/produit\/livre-de-bord-saison-ete-gerda-muller\/","title":{"rendered":"Le livre de bord d&#8217;\u00e9t\u00e9 &#8211; Gerda Muller"},"content":{"rendered":"<p>Gerda Muller livre de bord la saison de l&#8217;\u00e9t\u00e9<\/p>\n<p>Le magnifique livre d&#8217;\u00e9t\u00e9 de Gerda Muller conduit le jeune enfant \u00e0 travers la <a href=\"https:\/\/teiaeducation.ch\/fr\/categorie-produit\/domaines-du-curriculum\/culture-sciences\/saisons-meteo\/\">saison<\/a> estivale en images amusantes et actives. Chaque page montre les activit\u00e9s r\u00e9guli\u00e8res de la journ\u00e9e et de l&#8217;ann\u00e9e, des sc\u00e8nes de la nature et des d\u00e9tails saisonniers \u00e0 rep\u00e9rer.<\/p>\n<p>Ce livre d&#8217;images de bord magnifiquement illustr\u00e9 inspire la cr\u00e9ativit\u00e9, l&#8217;imagination et la narration chez les enfants. Il donne vie \u00e0 l&#8217;\u00e9t\u00e9 dans des images remplies d&#8217;enfants p\u00eachant des t\u00eatards, jouant \u00e0 la plage, mangeant des glaces et profitant de pique-niques le soir.<\/p>\n<p>Les enfants adoreront les merveilleuses illustrations de Gerda Muller qui capturent tous les signes de l&#8217;\u00e9t\u00e9, ainsi que les enfants jouant dehors et effectuant des activit\u00e9s saisonni\u00e8res.<\/p>\n<p>Laissez l&#8217;histoire \u00e0 l&#8217;enfant, avec de nouvelles choses \u00e0 d\u00e9couvrir et de nouvelles histoires \u00e0 raconter \u00e0 chaque fois ! Une fa\u00e7on merveilleuse et cr\u00e9ative de pr\u00e9senter les saisons aux jeunes enfants.<\/p>\n<p>Summer, de Gerda Muller, est un livre de bord en carton de 12 pages, solide et \u00e9pais. Il mesure 17 x 19,5 cm et ravira les jeunes enfants, les tout-petits et les b\u00e9b\u00e9s.<\/p>\n<p>Gerda Muller, n\u00e9e en 1926 \u00e0 Naarden, aux Pays-Bas, est un auteur nomm\u00e9 par USSBY pour ses livres internationaux exceptionnels. Elle a fr\u00e9quent\u00e9 l&#8217;\u00c9cole des Beaux-Arts d&#8217;Amsterdam et l&#8217;\u00c9cole Estienne de Paris et a illustr\u00e9 plus de 120 livres pour enfants qui ont \u00e9t\u00e9 traduits dans de nombreuses langues. Elle est l&#8217;illustratrice des livres Floris Boucle d&#8217;or et les trois ours, Les musiciens de la ville de Br\u00eame, Une ann\u00e9e autour du grand ch\u00eane, Une ann\u00e9e dans notre nouveau jardin, Comment poussent mes fruits, O\u00f9 vont-ils quand il pleut et Comment pousse mon jardin ?<\/p>\n<p>L&#8217;\u00e9t\u00e9 de Gerda Muller est publi\u00e9 par Floris Books.<\/p>\n<p>Contenu :<\/p>\n<p>1 livre d&#8217;images en carton \u00e9pais, 12 pages.<\/p>\n","protected":false},"excerpt":{"rendered":"<p>Num\u00e9ro d&#8217;article: 19341243<\/p>\n<p>Summer de Gerda Muller est un magnifique livre de bord qui guide le jeune enfant \u00e0 travers les signes et les activit\u00e9s de la saison.<\/p>\n<p>&nbsp;<\/p>\n","protected":false},"featured_media":63050,"comment_status":"open","ping_status":"closed","template":"","meta":[],"product_brand":[],"product_cat":[208,8527,215,8580,285,605,17225,23635,18893,22344,284,17223,283,593,8526,592,17239,18913,13130,1220,20661,18923,18912,20662,8567,7595,217,5851,598,292,22348,212,1219],"product_tag":[18924,18916,18917,22100,18911,18915,18918,18925,22101],"class_list":{"0":"post-39598","1":"product","2":"type-product","3":"status-publish","4":"has-post-thumbnail","6":"product_cat-1-3-ans","7":"product_cat-3-6-ans-ecole-a-domicile","8":"product_cat-3-6-ans","9":"product_cat-6-12-ans-ecole-a-domicile","10":"product_cat-alphabetisation-langage","11":"product_cat-apprendre-a-lire","12":"product_cat-celebrations-fr","13":"product_cat-collection-dete","14":"product_cat-collection-printemps","15":"product_cat-collections-saisonnieres","16":"product_cat-culture-sciences","17":"product_cat-cycles-de-vie","18":"product_cat-domaines-du-curriculum","19":"product_cat-etudes-botaniques","20":"product_cat-fournitures-scolaires-a-domicile","21":"product_cat-geographie-animale","22":"product_cat-guide-cadeaux-educatifs","23":"product_cat-jeu-de-la-nature","24":"product_cat-jouer","25":"product_cat-traditionnelle","26":"product_cat-livres-dimages","27":"product_cat-livres-floris","28":"product_cat-livres-pour-enfants","29":"product_cat-livres-saisonniers","30":"product_cat-materiel-scolaire-montessori","31":"product_cat-methode-deducation","32":"product_cat-marques","33":"product_cat-nouveautes","34":"product_cat-saisons-meteo","35":"product_cat-appui-au-curriculum","36":"product_cat-natur-saisonale-tische","37":"product_cat-tranche-dage","38":"product_cat-waldorf-fr","39":"product_tag-collection-des-saisons-de-gerda-muller","40":"product_tag-histoires-de-la-nature","41":"product_tag-histoires-de-la-nature-pour-les-enfants","42":"product_tag-livre-de-bord-saison-dete","43":"product_tag-livre-de-lenfance-lente","44":"product_tag-livre-pour-enfants-slow-down","45":"product_tag-livres-calmes-pour-enfants","46":"product_tag-livres-dimages-sur-les-saisons-pour-enfants","47":"product_tag-livres-de-bord-pour-les-saisons-enfantines","49":"first","50":"instock","51":"taxable","52":"shipping-taxable","53":"purchasable","54":"product-type-simple"},"yoast_head":"<!-- This site is optimized with the Yoast SEO plugin v27.1.1 - https:\/\/yoast.com\/product\/yoast-seo-wordpress\/ -->\n<title>Le livre de bord d&#039;\u00e9t\u00e9 de Gerda Muller - Teia Education &amp; Play<\/title>\n<meta name=\"description\" content=\"Summer de Gerda Muller est un magnifique livre de bord qui guide le jeune enfant \u00e0 travers les signes et les activit\u00e9s de la saison.\" \/>\n<meta name=\"robots\" content=\"index, follow, max-snippet:-1, max-image-preview:large, max-video-preview:-1\" \/>\n<link rel=\"canonical\" href=\"https:\/\/teiaeducation.ch\/fr\/produit\/livre-de-bord-saison-ete-gerda-muller\/\" \/>\n<meta property=\"og:locale\" content=\"fr_FR\" \/>\n<meta property=\"og:type\" content=\"article\" \/>\n<meta property=\"og:title\" content=\"Le livre de bord d&#039;\u00e9t\u00e9 de Gerda Muller - Teia Education &amp; Play\" \/>\n<meta property=\"og:description\" content=\"Summer de Gerda Muller est un magnifique livre de bord qui guide le jeune enfant \u00e0 travers les signes et les activit\u00e9s de la saison.\" \/>\n<meta property=\"og:url\" content=\"https:\/\/teiaeducation.ch\/fr\/produit\/livre-de-bord-saison-ete-gerda-muller\/\" \/>\n<meta property=\"og:site_name\" content=\"Sustainable Educational Products &amp; Ecological Toys\u00a0\" \/>\n<meta property=\"article:publisher\" content=\"https:\/\/www.facebook.com\/teiaeducation\/\" \/>\n<meta property=\"og:image\" content=\"https:\/\/teiaeducation.ch\/wp-content\/uploads\/2021\/10\/Summer-board-book-\u2013-Gerda-Muller.jpg\" \/>\n\t<meta property=\"og:image:width\" content=\"1019\" \/>\n\t<meta property=\"og:image:height\" content=\"1200\" \/>\n\t<meta property=\"og:image:type\" content=\"image\/jpeg\" \/>\n<script type=\"application\/ld+json\" class=\"yoast-schema-graph\">{\"@context\":\"https:\/\/schema.org\",\"@graph\":[{\"@type\":\"WebPage\",\"@id\":\"https:\/\/teiaeducation.ch\/fr\/produit\/livre-de-bord-saison-ete-gerda-muller\/\",\"url\":\"https:\/\/teiaeducation.ch\/fr\/produit\/livre-de-bord-saison-ete-gerda-muller\/\",\"name\":\"Le livre de bord d'\u00e9t\u00e9 de Gerda Muller - Teia Education & Play\",\"isPartOf\":{\"@id\":\"https:\/\/teiaeducation.ch\/fr\/#website\"},\"primaryImageOfPage\":{\"@id\":\"https:\/\/teiaeducation.ch\/fr\/produit\/livre-de-bord-saison-ete-gerda-muller\/#primaryimage\"},\"image\":{\"@id\":\"https:\/\/teiaeducation.ch\/fr\/produit\/livre-de-bord-saison-ete-gerda-muller\/#primaryimage\"},\"thumbnailUrl\":\"https:\/\/teiaeducation.ch\/wp-content\/uploads\/2023\/10\/Summer-board-book-\u2013-Gerda-Muller.jpg\",\"datePublished\":\"2023-10-13T11:13:30+00:00\",\"description\":\"Summer de Gerda Muller est un magnifique livre de bord qui guide le jeune enfant \u00e0 travers les signes et les activit\u00e9s de la saison.\",\"breadcrumb\":{\"@id\":\"https:\/\/teiaeducation.ch\/fr\/produit\/livre-de-bord-saison-ete-gerda-muller\/#breadcrumb\"},\"inLanguage\":\"fr-FR\",\"potentialAction\":[{\"@type\":\"ReadAction\",\"target\":[\"https:\/\/teiaeducation.ch\/fr\/produit\/livre-de-bord-saison-ete-gerda-muller\/\"]}]},{\"@type\":\"ImageObject\",\"inLanguage\":\"fr-FR\",\"@id\":\"https:\/\/teiaeducation.ch\/fr\/produit\/livre-de-bord-saison-ete-gerda-muller\/#primaryimage\",\"url\":\"https:\/\/teiaeducation.ch\/wp-content\/uploads\/2023\/10\/Summer-board-book-\u2013-Gerda-Muller.jpg\",\"contentUrl\":\"https:\/\/teiaeducation.ch\/wp-content\/uploads\/2023\/10\/Summer-board-book-\u2013-Gerda-Muller.jpg\",\"width\":1466,\"height\":1542,\"caption\":\"Summer board book \u2013 Gerda Muller\"},{\"@type\":\"BreadcrumbList\",\"@id\":\"https:\/\/teiaeducation.ch\/fr\/produit\/livre-de-bord-saison-ete-gerda-muller\/#breadcrumb\",\"itemListElement\":[{\"@type\":\"ListItem\",\"position\":1,\"name\":\"Home\",\"item\":\"https:\/\/teiaeducation.ch\/fr\/\"},{\"@type\":\"ListItem\",\"position\":2,\"name\":\"Boutique Teia Education &amp; Play\",\"item\":\"https:\/\/teiaeducation.ch\/fr\/boutique\/\"},{\"@type\":\"ListItem\",\"position\":3,\"name\":\"Domaines du Curriculum\",\"item\":\"https:\/\/teiaeducation.ch\/fr\/categorie-produit\/domaines-du-curriculum\/\"},{\"@type\":\"ListItem\",\"position\":4,\"name\":\"Alphab\u00e9tisation &amp; Langage\",\"item\":\"https:\/\/teiaeducation.ch\/fr\/categorie-produit\/domaines-du-curriculum\/alphabetisation-langage\/\"},{\"@type\":\"ListItem\",\"position\":5,\"name\":\"Apprendre \u00e0 Lire\",\"item\":\"https:\/\/teiaeducation.ch\/fr\/categorie-produit\/domaines-du-curriculum\/alphabetisation-langage\/apprendre-a-lire\/\"},{\"@type\":\"ListItem\",\"position\":6,\"name\":\"Le livre de bord d&#8217;\u00e9t\u00e9 &#8211; Gerda Muller\"}]},{\"@type\":\"WebSite\",\"@id\":\"https:\/\/teiaeducation.ch\/fr\/#website\",\"url\":\"https:\/\/teiaeducation.ch\/fr\/\",\"name\":\"Sustainable Educational Products &amp; Ecological Toys\u00a0\",\"description\":\"Specialised Swiss shop selling sustainable educational toys and games, AMI certified Montessori materials, handmade ecological wooden Waldorf toys and arts &amp; crafts supplies, school supplies, children&#039;s furniture and Montessori reference and parenting books.\",\"publisher\":{\"@id\":\"https:\/\/teiaeducation.ch\/fr\/#organization\"},\"alternateName\":\"Teia Education & Play\",\"potentialAction\":[{\"@type\":\"SearchAction\",\"target\":{\"@type\":\"EntryPoint\",\"urlTemplate\":\"https:\/\/teiaeducation.ch\/fr\/?s={search_term_string}\"},\"query-input\":{\"@type\":\"PropertyValueSpecification\",\"valueRequired\":true,\"valueName\":\"search_term_string\"}}],\"inLanguage\":\"fr-FR\"},{\"@type\":\"Organization\",\"@id\":\"https:\/\/teiaeducation.ch\/fr\/#organization\",\"name\":\"Teia Education & Play\",\"url\":\"https:\/\/teiaeducation.ch\/fr\/\",\"logo\":{\"@type\":\"ImageObject\",\"inLanguage\":\"fr-FR\",\"@id\":\"https:\/\/teiaeducation.ch\/fr\/#\/schema\/logo\/image\/\",\"url\":\"https:\/\/teiaeducation.ch\/wp-content\/uploads\/2020\/11\/Teia-Education-Switzerland-e1620156442216.jpg\",\"contentUrl\":\"https:\/\/teiaeducation.ch\/wp-content\/uploads\/2020\/11\/Teia-Education-Switzerland-e1620156442216.jpg\",\"width\":166,\"height\":145,\"caption\":\"Teia Education & Play\"},\"image\":{\"@id\":\"https:\/\/teiaeducation.ch\/fr\/#\/schema\/logo\/image\/\"},\"sameAs\":[\"https:\/\/www.facebook.com\/teiaeducation\/\",\"https:\/\/x.com\/EducationTeia\",\"https:\/\/www.instagram.com\/teia.education\/\",\"https:\/\/www.linkedin.com\/company\/35501660\",\"https:\/\/www.pinterest.ch\/TeiaEducation\/\"]}]}<\/script>\n<!-- \/ Yoast SEO plugin. -->","yoast_head_json":{"title":"Le livre de bord d'\u00e9t\u00e9 de Gerda Muller - Teia Education & Play","description":"Summer de Gerda Muller est un magnifique livre de bord qui guide le jeune enfant \u00e0 travers les signes et les activit\u00e9s de la saison.","robots":{"index":"index","follow":"follow","max-snippet":"max-snippet:-1","max-image-preview":"max-image-preview:large","max-video-preview":"max-video-preview:-1"},"canonical":"https:\/\/teiaeducation.ch\/fr\/produit\/livre-de-bord-saison-ete-gerda-muller\/","og_locale":"fr_FR","og_type":"article","og_title":"Le livre de bord d'\u00e9t\u00e9 de Gerda Muller - Teia Education & Play","og_description":"Summer de Gerda Muller est un magnifique livre de bord qui guide le jeune enfant \u00e0 travers les signes et les activit\u00e9s de la saison.","og_url":"https:\/\/teiaeducation.ch\/fr\/produit\/livre-de-bord-saison-ete-gerda-muller\/","og_site_name":"Sustainable Educational Products &amp; Ecological Toys\u00a0","article_publisher":"https:\/\/www.facebook.com\/teiaeducation\/","og_image":[{"width":1019,"height":1200,"url":"https:\/\/teiaeducation.ch\/wp-content\/uploads\/2021\/10\/Summer-board-book-\u2013-Gerda-Muller.jpg","type":"image\/jpeg"}],"schema":{"@context":"https:\/\/schema.org","@graph":[{"@type":"WebPage","@id":"https:\/\/teiaeducation.ch\/fr\/produit\/livre-de-bord-saison-ete-gerda-muller\/","url":"https:\/\/teiaeducation.ch\/fr\/produit\/livre-de-bord-saison-ete-gerda-muller\/","name":"Le livre de bord d'\u00e9t\u00e9 de Gerda Muller - Teia Education & Play","isPartOf":{"@id":"https:\/\/teiaeducation.ch\/fr\/#website"},"primaryImageOfPage":{"@id":"https:\/\/teiaeducation.ch\/fr\/produit\/livre-de-bord-saison-ete-gerda-muller\/#primaryimage"},"image":{"@id":"https:\/\/teiaeducation.ch\/fr\/produit\/livre-de-bord-saison-ete-gerda-muller\/#primaryimage"},"thumbnailUrl":"https:\/\/teiaeducation.ch\/wp-content\/uploads\/2023\/10\/Summer-board-book-\u2013-Gerda-Muller.jpg","datePublished":"2023-10-13T11:13:30+00:00","description":"Summer de Gerda Muller est un magnifique livre de bord qui guide le jeune enfant \u00e0 travers les signes et les activit\u00e9s de la saison.","breadcrumb":{"@id":"https:\/\/teiaeducation.ch\/fr\/produit\/livre-de-bord-saison-ete-gerda-muller\/#breadcrumb"},"inLanguage":"fr-FR","potentialAction":[{"@type":"ReadAction","target":["https:\/\/teiaeducation.ch\/fr\/produit\/livre-de-bord-saison-ete-gerda-muller\/"]}]},{"@type":"ImageObject","inLanguage":"fr-FR","@id":"https:\/\/teiaeducation.ch\/fr\/produit\/livre-de-bord-saison-ete-gerda-muller\/#primaryimage","url":"https:\/\/teiaeducation.ch\/wp-content\/uploads\/2023\/10\/Summer-board-book-\u2013-Gerda-Muller.jpg","contentUrl":"https:\/\/teiaeducation.ch\/wp-content\/uploads\/2023\/10\/Summer-board-book-\u2013-Gerda-Muller.jpg","width":1466,"height":1542,"caption":"Summer board book \u2013 Gerda Muller"},{"@type":"BreadcrumbList","@id":"https:\/\/teiaeducation.ch\/fr\/produit\/livre-de-bord-saison-ete-gerda-muller\/#breadcrumb","itemListElement":[{"@type":"ListItem","position":1,"name":"Home","item":"https:\/\/teiaeducation.ch\/fr\/"},{"@type":"ListItem","position":2,"name":"Boutique Teia Education &amp; Play","item":"https:\/\/teiaeducation.ch\/fr\/boutique\/"},{"@type":"ListItem","position":3,"name":"Domaines du Curriculum","item":"https:\/\/teiaeducation.ch\/fr\/categorie-produit\/domaines-du-curriculum\/"},{"@type":"ListItem","position":4,"name":"Alphab\u00e9tisation &amp; Langage","item":"https:\/\/teiaeducation.ch\/fr\/categorie-produit\/domaines-du-curriculum\/alphabetisation-langage\/"},{"@type":"ListItem","position":5,"name":"Apprendre \u00e0 Lire","item":"https:\/\/teiaeducation.ch\/fr\/categorie-produit\/domaines-du-curriculum\/alphabetisation-langage\/apprendre-a-lire\/"},{"@type":"ListItem","position":6,"name":"Le livre de bord d&#8217;\u00e9t\u00e9 &#8211; Gerda Muller"}]},{"@type":"WebSite","@id":"https:\/\/teiaeducation.ch\/fr\/#website","url":"https:\/\/teiaeducation.ch\/fr\/","name":"Sustainable Educational Products &amp; Ecological Toys\u00a0","description":"Specialised Swiss shop selling sustainable educational toys and games, AMI certified Montessori materials, handmade ecological wooden Waldorf toys and arts &amp; crafts supplies, school supplies, children&#039;s furniture and Montessori reference and parenting books.","publisher":{"@id":"https:\/\/teiaeducation.ch\/fr\/#organization"},"alternateName":"Teia Education & Play","potentialAction":[{"@type":"SearchAction","target":{"@type":"EntryPoint","urlTemplate":"https:\/\/teiaeducation.ch\/fr\/?s={search_term_string}"},"query-input":{"@type":"PropertyValueSpecification","valueRequired":true,"valueName":"search_term_string"}}],"inLanguage":"fr-FR"},{"@type":"Organization","@id":"https:\/\/teiaeducation.ch\/fr\/#organization","name":"Teia Education & Play","url":"https:\/\/teiaeducation.ch\/fr\/","logo":{"@type":"ImageObject","inLanguage":"fr-FR","@id":"https:\/\/teiaeducation.ch\/fr\/#\/schema\/logo\/image\/","url":"https:\/\/teiaeducation.ch\/wp-content\/uploads\/2020\/11\/Teia-Education-Switzerland-e1620156442216.jpg","contentUrl":"https:\/\/teiaeducation.ch\/wp-content\/uploads\/2020\/11\/Teia-Education-Switzerland-e1620156442216.jpg","width":166,"height":145,"caption":"Teia Education & Play"},"image":{"@id":"https:\/\/teiaeducation.ch\/fr\/#\/schema\/logo\/image\/"},"sameAs":["https:\/\/www.facebook.com\/teiaeducation\/","https:\/\/x.com\/EducationTeia","https:\/\/www.instagram.com\/teia.education\/","https:\/\/www.linkedin.com\/company\/35501660","https:\/\/www.pinterest.ch\/TeiaEducation\/"]}]}},"_links":{"self":[{"href":"https:\/\/teiaeducation.ch\/fr\/wp-json\/wp\/v2\/product\/39598","targetHints":{"allow":["GET"]}}],"collection":[{"href":"https:\/\/teiaeducation.ch\/fr\/wp-json\/wp\/v2\/product"}],"about":[{"href":"https:\/\/teiaeducation.ch\/fr\/wp-json\/wp\/v2\/types\/product"}],"replies":[{"embeddable":true,"href":"https:\/\/teiaeducation.ch\/fr\/wp-json\/wp\/v2\/comments?post=39598"}],"wp:featuredmedia":[{"embeddable":true,"href":"https:\/\/teiaeducation.ch\/fr\/wp-json\/wp\/v2\/media\/63050"}],"wp:attachment":[{"href":"https:\/\/teiaeducation.ch\/fr\/wp-json\/wp\/v2\/media?parent=39598"}],"wp:term":[{"taxonomy":"product_brand","embeddable":true,"href":"https:\/\/teiaeducation.ch\/fr\/wp-json\/wp\/v2\/product_brand?post=39598"},{"taxonomy":"product_cat","embeddable":true,"href":"https:\/\/teiaeducation.ch\/fr\/wp-json\/wp\/v2\/product_cat?post=39598"},{"taxonomy":"product_tag","embeddable":true,"href":"https:\/\/teiaeducation.ch\/fr\/wp-json\/wp\/v2\/product_tag?post=39598"}],"curies":[{"name":"wp","href":"https:\/\/api.w.org\/{rel}","templated":true}]}}