{"id":39662,"date":"2020-12-05T21:34:53","date_gmt":"2020-12-05T20:34:53","guid":{"rendered":"https:\/\/teiaeducation.ch\/product\/robe-de-fee-en-soie-rose-arc-en-ciel-sarahs-silks\/"},"modified":"2023-08-21T15:37:00","modified_gmt":"2023-08-21T13:37:00","slug":"robe-soie-fee-rose-arc-en-ciel-sarahs-silks","status":"publish","type":"product","link":"https:\/\/teiaeducation.ch\/fr\/produit\/robe-soie-fee-rose-arc-en-ciel-sarahs-silks\/","title":{"rendered":"Robe de f\u00e9e en soie rose\/arc-en-ciel &#8211; Sarah&#8217;s Silks"},"content":{"rendered":"<p>La robe de f\u00e9e avec ailes en soie rose et arc-en-ciel de Sarah&#8217;s Silks permet de jouer \u00e0 faire semblant \u00e0 un niveau sup\u00e9rieur ! Cette magnifique robe est de haute qualit\u00e9 et confortable pour l&#8217;habillage et les jeux d&#8217;imagination quotidiens.<\/p>\n<p>La jolie robe rose flottante est douce et soyeuse, avec de superbes ailes arc-en-ciel attach\u00e9es dans le dos. La robe est en soie douce et \u00e9paisse et les ailes sont en soie Georgette avec un motif arc-en-ciel sign\u00e9 Sarah&#8217;s Silks. Les ailes sont munies de poign\u00e9es en soie pour faciliter le pr\u00e9tendu vol et l&#8217;encolure \u00e9lastique de la robe permet de s&#8217;habiller ind\u00e9pendamment. La robe de f\u00e9e parfaite pour de nombreux jeux magiques, fantastiques et inspir\u00e9s de Waldorf.<\/p>\n<p>Cette magnifique robe de f\u00e9e, douce et confortable, mesure 63,5 cm d&#8217;\u00e9paule \u00e0 l&#8217;ourlet et convient aux enfants de 3 \u00e0 7 ans.<\/p>\n<p>Contenu :<\/p>\n<p>1 robe de f\u00e9e en soie avec ailes attach\u00e9es<\/p>\n<h2>Instructions de soins<\/h2>\n<p>Lavez \u00e0 la main avec du savon \u00e0 vaisselle ou un shampooing doux, s\u00e9chez sur la corde et utilisez un fer \u00e0 repasser moyen pour redonner de l&#8217;\u00e9clat &#8211; veuillez vous r\u00e9f\u00e9rer aux <a href=\"https:\/\/www.sarahssilks.com\/blogs\/journal\/how-to-wash-playsilks\">instructions<\/a> \u00e9tape par \u00e9tape de Sarah&#8217;s Silks pour laver votre soie.<\/p>\n<h2>Politique de retour<\/h2>\n<p>Tous les articles retourn\u00e9s doivent \u00eatre dans leur \u00e9tat d&#8217;origine, avec l&#8217;emballage original et les \u00e9tiquettes attach\u00e9es et intactes. Les articles utilis\u00e9s ou lav\u00e9s ne peuvent \u00eatre retourn\u00e9s.<\/p>\n<h2>\u00c0 propos de Sarah&#8217;s Silks<\/h2>\n<p><a href=\"https:\/\/teiaeducation.ch\/fr\/categorie-produit\/marques\/sarahs-silks-fr\/\">Sarah\u2019s Silks<\/a> est une entreprise familiale bas\u00e9e aux \u00c9tats-Unis sp\u00e9cialis\u00e9e dans les jouets d\u2019inspiration <a href=\"https:\/\/teiaeducation.ch\/fr\/categorie-produit\/jouer\/jouets-waldorf\/\">Waldorf<\/a>, <a href=\"https:\/\/teiaeducation.ch\/fr\/categorie-produit\/jouer\/jeu-de-la-nature\/\">naturels<\/a> et durables pour stimuler <a href=\"https:\/\/teiaeducation.ch\/fr\/categorie-produit\/jouer\/jeu-imaginatif-faire-semblant\/\">l\u2019imagination<\/a> des enfants. Leur mission est de fabriquer des <a href=\"https:\/\/teiaeducation.ch\/fr\/categorie-produit\/jouer\/\">jouets durables<\/a> et <a href=\"https:\/\/teiaeducation.ch\/fr\/categorie-produit\/jouer\/jeu-libre\/\">libres<\/a> qui enseignent \u00e0 nos enfants \u00e0 aimer et \u00e0 prendre soin de la Terre M\u00e8re. Les magnifiques soies de jeu, les cotons de jeu, les capes, les robes de f\u00e9es et les banderoles de Sarah&#8217;s Silks sont parfaits pour les jeux libres, les d\u00e9guisements et les jeux dramatiques dans les maisons Waldorf, les garderies et les <a href=\"https:\/\/teiaeducation.ch\/fr\/fournitures-pour-les-ecoles-waldorf-steiner\/\">\u00e9coles Steiner<\/a>.<\/p>\n<p>Tous les v\u00eatements et jouets en soie de Sarah&#8217;s Silks sont fabriqu\u00e9s \u00e0 partir de soie chinoise durable de haute qualit\u00e9. Chaque produit en soie est tiss\u00e9, color\u00e9 et ourl\u00e9 \u00e0 la main par des couturi\u00e8res travaillant de leur maison dans un petit village pr\u00e8s de Suzhou, en Chine. Ils sont ensuite peints et finis \u00e0 la main dans le Sonoma County, en Californie, aux \u00c9tats-Unis.<\/p>\n<p>Les enfants adorent les couleurs vibrantes et magnifiquement m\u00e9lang\u00e9es et la sensation douce et tactile des jouets, des <a href=\"https:\/\/teiaeducation.ch\/fr\/categorie-produit\/jouer\/jouets-en-tissu\/\">tissus<\/a> de jeu en coton et des capes. Ils sont r\u00e9alis\u00e9s \u00e0 l&#8217;aide de teintures non toxiques et \u00e9cologiques et de fibres naturelles allant de la soie v\u00e9ritable \u00e0 100 % ou coton. Ils ont pass\u00e9 des tests de s\u00e9curit\u00e9 am\u00e9ricains et europ\u00e9ens stricts et peuvent \u00eatre utilis\u00e9s par des enfants de tous \u00e2ges.<\/p>\n","protected":false},"excerpt":{"rendered":"<p>Num\u00e9ro d&#8217;article: 35393203<\/p>\n<p>La robe de f\u00e9e de Sarah&#8217;s Silks en soie rose avec des ailes arc-en-ciel est de haute qualit\u00e9 et confortable pour s&#8217;habiller et jouer \u00e0 des jeux imaginatifs !<\/p>\n","protected":false},"featured_media":32803,"comment_status":"open","ping_status":"closed","template":"","meta":[],"product_brand":[],"product_cat":[215,23635,18893,22344,25820,17241,17238,21257,13130,13137,23021,13139,13140,13142,7595,217,5851,13124,212,1219],"product_tag":[21120,19253,21122,21121,21117,21119,21115,21116,21123,18426,21118,19472],"class_list":{"0":"post-39662","1":"product","2":"type-product","3":"status-publish","4":"has-post-thumbnail","6":"product_cat-3-6-ans","7":"product_cat-collection-dete","8":"product_cat-collection-printemps","9":"product_cat-collections-saisonnieres","10":"product_cat-deguisements","11":"product_cat-guide-cadeaux-3-6-ans","12":"product_cat-guide-cadeaux-jouets-mous","13":"product_cat-guides-cadeaux","14":"product_cat-jouer","15":"product_cat-jouets-en-tissu","16":"product_cat-jouets-waldorf","17":"product_cat-jeu-imaginatif-faire-semblant","18":"product_cat-jeu-libre","19":"product_cat-jeu-sensoriel","20":"product_cat-methode-deducation","21":"product_cat-marques","22":"product_cat-nouveautes","23":"product_cat-sarahs-silks-fr","24":"product_cat-tranche-dage","25":"product_cat-waldorf-fr","26":"product_tag-costumes-dhabillage-de-haute-qualite","27":"product_tag-jeu-waldorf","28":"product_tag-robe-de-fee-confortable","29":"product_tag-robe-de-fee-de-haute-qualite","30":"product_tag-robe-de-fee-en-soie","31":"product_tag-robe-de-fee-en-soie-avec-ailes-arc-en-ciel","32":"product_tag-robe-de-fee-sarahs-silks","33":"product_tag-robe-de-fee-sarahs-silks-lavande-arc-en-ciel","34":"product_tag-robe-de-fee-sarahs-silks-rose-arc-en-ciel","35":"product_tag-sarahs-silks-fr","36":"product_tag-silk-fairy-costume-fr","37":"product_tag-waldorf-se-deguiser","39":"first","40":"instock","41":"taxable","42":"shipping-taxable","43":"purchasable","44":"product-type-simple"},"yoast_head":"<!-- This site is optimized with the Yoast SEO plugin v27.1.1 - https:\/\/yoast.com\/product\/yoast-seo-wordpress\/ -->\n<title>Robe de f\u00e9e en soie rose\/arc-en-ciel - Sarah&#039;s Silks<\/title>\n<meta name=\"description\" content=\"La robe de f\u00e9e de Sarah&#039;s Silks en soie rose avec des ailes arc-en-ciel est de haute qualit\u00e9 et confortable pour des jeux imaginatifs.\" \/>\n<meta name=\"robots\" content=\"index, follow, max-snippet:-1, max-image-preview:large, max-video-preview:-1\" \/>\n<link rel=\"canonical\" href=\"https:\/\/teiaeducation.ch\/fr\/produit\/robe-soie-fee-rose-arc-en-ciel-sarahs-silks\/\" \/>\n<meta property=\"og:locale\" content=\"fr_FR\" \/>\n<meta property=\"og:type\" content=\"article\" \/>\n<meta property=\"og:title\" content=\"Robe de f\u00e9e en soie rose\/arc-en-ciel - Sarah&#039;s Silks\" \/>\n<meta property=\"og:description\" content=\"La robe de f\u00e9e de Sarah&#039;s Silks en soie rose avec des ailes arc-en-ciel est de haute qualit\u00e9 et confortable pour des jeux imaginatifs.\" \/>\n<meta property=\"og:url\" content=\"https:\/\/teiaeducation.ch\/fr\/produit\/robe-soie-fee-rose-arc-en-ciel-sarahs-silks\/\" \/>\n<meta property=\"og:site_name\" content=\"Sustainable Educational Products &amp; Ecological Toys\u00a0\" \/>\n<meta property=\"article:publisher\" content=\"https:\/\/www.facebook.com\/teiaeducation\/\" \/>\n<meta property=\"article:modified_time\" content=\"2023-08-21T13:37:00+00:00\" \/>\n<meta property=\"og:image\" content=\"https:\/\/teiaeducation.ch\/wp-content\/uploads\/2020\/12\/Silk-fairy-dress-pink-rainbow-Sarahs-Silks2.jpg\" \/>\n\t<meta property=\"og:image:width\" content=\"1080\" \/>\n\t<meta property=\"og:image:height\" content=\"1350\" \/>\n\t<meta property=\"og:image:type\" content=\"image\/jpeg\" \/>\n<script type=\"application\/ld+json\" class=\"yoast-schema-graph\">{\"@context\":\"https:\/\/schema.org\",\"@graph\":[{\"@type\":\"WebPage\",\"@id\":\"https:\/\/teiaeducation.ch\/fr\/produit\/robe-soie-fee-rose-arc-en-ciel-sarahs-silks\/\",\"url\":\"https:\/\/teiaeducation.ch\/fr\/produit\/robe-soie-fee-rose-arc-en-ciel-sarahs-silks\/\",\"name\":\"Robe de f\u00e9e en soie rose\/arc-en-ciel - Sarah's Silks\",\"isPartOf\":{\"@id\":\"https:\/\/teiaeducation.ch\/fr\/#website\"},\"primaryImageOfPage\":{\"@id\":\"https:\/\/teiaeducation.ch\/fr\/produit\/robe-soie-fee-rose-arc-en-ciel-sarahs-silks\/#primaryimage\"},\"image\":{\"@id\":\"https:\/\/teiaeducation.ch\/fr\/produit\/robe-soie-fee-rose-arc-en-ciel-sarahs-silks\/#primaryimage\"},\"thumbnailUrl\":\"https:\/\/teiaeducation.ch\/wp-content\/uploads\/2020\/12\/Silk-fairy-dress-pink-rainbow-Sarahs-Silks2.jpg\",\"datePublished\":\"2020-12-05T20:34:53+00:00\",\"dateModified\":\"2023-08-21T13:37:00+00:00\",\"description\":\"La robe de f\u00e9e de Sarah's Silks en soie rose avec des ailes arc-en-ciel est de haute qualit\u00e9 et confortable pour des jeux imaginatifs.\",\"breadcrumb\":{\"@id\":\"https:\/\/teiaeducation.ch\/fr\/produit\/robe-soie-fee-rose-arc-en-ciel-sarahs-silks\/#breadcrumb\"},\"inLanguage\":\"fr-FR\",\"potentialAction\":[{\"@type\":\"ReadAction\",\"target\":[\"https:\/\/teiaeducation.ch\/fr\/produit\/robe-soie-fee-rose-arc-en-ciel-sarahs-silks\/\"]}]},{\"@type\":\"ImageObject\",\"inLanguage\":\"fr-FR\",\"@id\":\"https:\/\/teiaeducation.ch\/fr\/produit\/robe-soie-fee-rose-arc-en-ciel-sarahs-silks\/#primaryimage\",\"url\":\"https:\/\/teiaeducation.ch\/wp-content\/uploads\/2020\/12\/Silk-fairy-dress-pink-rainbow-Sarahs-Silks2.jpg\",\"contentUrl\":\"https:\/\/teiaeducation.ch\/wp-content\/uploads\/2020\/12\/Silk-fairy-dress-pink-rainbow-Sarahs-Silks2.jpg\",\"width\":1080,\"height\":1350,\"caption\":\"Robe de f\u00e9e en soie : rose\/arc-en-ciel - Sarah's Silks\"},{\"@type\":\"BreadcrumbList\",\"@id\":\"https:\/\/teiaeducation.ch\/fr\/produit\/robe-soie-fee-rose-arc-en-ciel-sarahs-silks\/#breadcrumb\",\"itemListElement\":[{\"@type\":\"ListItem\",\"position\":1,\"name\":\"Home\",\"item\":\"https:\/\/teiaeducation.ch\/fr\/\"},{\"@type\":\"ListItem\",\"position\":2,\"name\":\"Boutique Teia Education &amp; Play\",\"item\":\"https:\/\/teiaeducation.ch\/fr\/boutique\/\"},{\"@type\":\"ListItem\",\"position\":3,\"name\":\"Nos Marques\",\"item\":\"https:\/\/teiaeducation.ch\/fr\/categorie-produit\/marques\/\"},{\"@type\":\"ListItem\",\"position\":4,\"name\":\"Sarah's Silks\",\"item\":\"https:\/\/teiaeducation.ch\/fr\/categorie-produit\/marques\/sarahs-silks-fr\/\"},{\"@type\":\"ListItem\",\"position\":5,\"name\":\"Robe de f\u00e9e en soie rose\/arc-en-ciel &#8211; Sarah&#8217;s Silks\"}]},{\"@type\":\"WebSite\",\"@id\":\"https:\/\/teiaeducation.ch\/fr\/#website\",\"url\":\"https:\/\/teiaeducation.ch\/fr\/\",\"name\":\"Sustainable Educational Products &amp; Ecological Toys\u00a0\",\"description\":\"Specialised Swiss shop selling sustainable educational toys and games, AMI certified Montessori materials, handmade ecological wooden Waldorf toys and arts &amp; crafts supplies, school supplies, children&#039;s furniture and Montessori reference and parenting books.\",\"publisher\":{\"@id\":\"https:\/\/teiaeducation.ch\/fr\/#organization\"},\"alternateName\":\"Teia Education & Play\",\"potentialAction\":[{\"@type\":\"SearchAction\",\"target\":{\"@type\":\"EntryPoint\",\"urlTemplate\":\"https:\/\/teiaeducation.ch\/fr\/?s={search_term_string}\"},\"query-input\":{\"@type\":\"PropertyValueSpecification\",\"valueRequired\":true,\"valueName\":\"search_term_string\"}}],\"inLanguage\":\"fr-FR\"},{\"@type\":\"Organization\",\"@id\":\"https:\/\/teiaeducation.ch\/fr\/#organization\",\"name\":\"Teia Education & Play\",\"url\":\"https:\/\/teiaeducation.ch\/fr\/\",\"logo\":{\"@type\":\"ImageObject\",\"inLanguage\":\"fr-FR\",\"@id\":\"https:\/\/teiaeducation.ch\/fr\/#\/schema\/logo\/image\/\",\"url\":\"https:\/\/teiaeducation.ch\/wp-content\/uploads\/2020\/11\/Teia-Education-Switzerland-e1620156442216.jpg\",\"contentUrl\":\"https:\/\/teiaeducation.ch\/wp-content\/uploads\/2020\/11\/Teia-Education-Switzerland-e1620156442216.jpg\",\"width\":166,\"height\":145,\"caption\":\"Teia Education & Play\"},\"image\":{\"@id\":\"https:\/\/teiaeducation.ch\/fr\/#\/schema\/logo\/image\/\"},\"sameAs\":[\"https:\/\/www.facebook.com\/teiaeducation\/\",\"https:\/\/x.com\/EducationTeia\",\"https:\/\/www.instagram.com\/teia.education\/\",\"https:\/\/www.linkedin.com\/company\/35501660\",\"https:\/\/www.pinterest.ch\/TeiaEducation\/\"]}]}<\/script>\n<!-- \/ Yoast SEO plugin. -->","yoast_head_json":{"title":"Robe de f\u00e9e en soie rose\/arc-en-ciel - Sarah's Silks","description":"La robe de f\u00e9e de Sarah's Silks en soie rose avec des ailes arc-en-ciel est de haute qualit\u00e9 et confortable pour des jeux imaginatifs.","robots":{"index":"index","follow":"follow","max-snippet":"max-snippet:-1","max-image-preview":"max-image-preview:large","max-video-preview":"max-video-preview:-1"},"canonical":"https:\/\/teiaeducation.ch\/fr\/produit\/robe-soie-fee-rose-arc-en-ciel-sarahs-silks\/","og_locale":"fr_FR","og_type":"article","og_title":"Robe de f\u00e9e en soie rose\/arc-en-ciel - Sarah's Silks","og_description":"La robe de f\u00e9e de Sarah's Silks en soie rose avec des ailes arc-en-ciel est de haute qualit\u00e9 et confortable pour des jeux imaginatifs.","og_url":"https:\/\/teiaeducation.ch\/fr\/produit\/robe-soie-fee-rose-arc-en-ciel-sarahs-silks\/","og_site_name":"Sustainable Educational Products &amp; Ecological Toys\u00a0","article_publisher":"https:\/\/www.facebook.com\/teiaeducation\/","article_modified_time":"2023-08-21T13:37:00+00:00","og_image":[{"width":1080,"height":1350,"url":"https:\/\/teiaeducation.ch\/wp-content\/uploads\/2020\/12\/Silk-fairy-dress-pink-rainbow-Sarahs-Silks2.jpg","type":"image\/jpeg"}],"schema":{"@context":"https:\/\/schema.org","@graph":[{"@type":"WebPage","@id":"https:\/\/teiaeducation.ch\/fr\/produit\/robe-soie-fee-rose-arc-en-ciel-sarahs-silks\/","url":"https:\/\/teiaeducation.ch\/fr\/produit\/robe-soie-fee-rose-arc-en-ciel-sarahs-silks\/","name":"Robe de f\u00e9e en soie rose\/arc-en-ciel - Sarah's Silks","isPartOf":{"@id":"https:\/\/teiaeducation.ch\/fr\/#website"},"primaryImageOfPage":{"@id":"https:\/\/teiaeducation.ch\/fr\/produit\/robe-soie-fee-rose-arc-en-ciel-sarahs-silks\/#primaryimage"},"image":{"@id":"https:\/\/teiaeducation.ch\/fr\/produit\/robe-soie-fee-rose-arc-en-ciel-sarahs-silks\/#primaryimage"},"thumbnailUrl":"https:\/\/teiaeducation.ch\/wp-content\/uploads\/2020\/12\/Silk-fairy-dress-pink-rainbow-Sarahs-Silks2.jpg","datePublished":"2020-12-05T20:34:53+00:00","dateModified":"2023-08-21T13:37:00+00:00","description":"La robe de f\u00e9e de Sarah's Silks en soie rose avec des ailes arc-en-ciel est de haute qualit\u00e9 et confortable pour des jeux imaginatifs.","breadcrumb":{"@id":"https:\/\/teiaeducation.ch\/fr\/produit\/robe-soie-fee-rose-arc-en-ciel-sarahs-silks\/#breadcrumb"},"inLanguage":"fr-FR","potentialAction":[{"@type":"ReadAction","target":["https:\/\/teiaeducation.ch\/fr\/produit\/robe-soie-fee-rose-arc-en-ciel-sarahs-silks\/"]}]},{"@type":"ImageObject","inLanguage":"fr-FR","@id":"https:\/\/teiaeducation.ch\/fr\/produit\/robe-soie-fee-rose-arc-en-ciel-sarahs-silks\/#primaryimage","url":"https:\/\/teiaeducation.ch\/wp-content\/uploads\/2020\/12\/Silk-fairy-dress-pink-rainbow-Sarahs-Silks2.jpg","contentUrl":"https:\/\/teiaeducation.ch\/wp-content\/uploads\/2020\/12\/Silk-fairy-dress-pink-rainbow-Sarahs-Silks2.jpg","width":1080,"height":1350,"caption":"Robe de f\u00e9e en soie : rose\/arc-en-ciel - Sarah's Silks"},{"@type":"BreadcrumbList","@id":"https:\/\/teiaeducation.ch\/fr\/produit\/robe-soie-fee-rose-arc-en-ciel-sarahs-silks\/#breadcrumb","itemListElement":[{"@type":"ListItem","position":1,"name":"Home","item":"https:\/\/teiaeducation.ch\/fr\/"},{"@type":"ListItem","position":2,"name":"Boutique Teia Education &amp; Play","item":"https:\/\/teiaeducation.ch\/fr\/boutique\/"},{"@type":"ListItem","position":3,"name":"Nos Marques","item":"https:\/\/teiaeducation.ch\/fr\/categorie-produit\/marques\/"},{"@type":"ListItem","position":4,"name":"Sarah's Silks","item":"https:\/\/teiaeducation.ch\/fr\/categorie-produit\/marques\/sarahs-silks-fr\/"},{"@type":"ListItem","position":5,"name":"Robe de f\u00e9e en soie rose\/arc-en-ciel &#8211; Sarah&#8217;s Silks"}]},{"@type":"WebSite","@id":"https:\/\/teiaeducation.ch\/fr\/#website","url":"https:\/\/teiaeducation.ch\/fr\/","name":"Sustainable Educational Products &amp; Ecological Toys\u00a0","description":"Specialised Swiss shop selling sustainable educational toys and games, AMI certified Montessori materials, handmade ecological wooden Waldorf toys and arts &amp; crafts supplies, school supplies, children&#039;s furniture and Montessori reference and parenting books.","publisher":{"@id":"https:\/\/teiaeducation.ch\/fr\/#organization"},"alternateName":"Teia Education & Play","potentialAction":[{"@type":"SearchAction","target":{"@type":"EntryPoint","urlTemplate":"https:\/\/teiaeducation.ch\/fr\/?s={search_term_string}"},"query-input":{"@type":"PropertyValueSpecification","valueRequired":true,"valueName":"search_term_string"}}],"inLanguage":"fr-FR"},{"@type":"Organization","@id":"https:\/\/teiaeducation.ch\/fr\/#organization","name":"Teia Education & Play","url":"https:\/\/teiaeducation.ch\/fr\/","logo":{"@type":"ImageObject","inLanguage":"fr-FR","@id":"https:\/\/teiaeducation.ch\/fr\/#\/schema\/logo\/image\/","url":"https:\/\/teiaeducation.ch\/wp-content\/uploads\/2020\/11\/Teia-Education-Switzerland-e1620156442216.jpg","contentUrl":"https:\/\/teiaeducation.ch\/wp-content\/uploads\/2020\/11\/Teia-Education-Switzerland-e1620156442216.jpg","width":166,"height":145,"caption":"Teia Education & Play"},"image":{"@id":"https:\/\/teiaeducation.ch\/fr\/#\/schema\/logo\/image\/"},"sameAs":["https:\/\/www.facebook.com\/teiaeducation\/","https:\/\/x.com\/EducationTeia","https:\/\/www.instagram.com\/teia.education\/","https:\/\/www.linkedin.com\/company\/35501660","https:\/\/www.pinterest.ch\/TeiaEducation\/"]}]}},"_links":{"self":[{"href":"https:\/\/teiaeducation.ch\/fr\/wp-json\/wp\/v2\/product\/39662","targetHints":{"allow":["GET"]}}],"collection":[{"href":"https:\/\/teiaeducation.ch\/fr\/wp-json\/wp\/v2\/product"}],"about":[{"href":"https:\/\/teiaeducation.ch\/fr\/wp-json\/wp\/v2\/types\/product"}],"replies":[{"embeddable":true,"href":"https:\/\/teiaeducation.ch\/fr\/wp-json\/wp\/v2\/comments?post=39662"}],"wp:featuredmedia":[{"embeddable":true,"href":"https:\/\/teiaeducation.ch\/fr\/wp-json\/wp\/v2\/media\/32803"}],"wp:attachment":[{"href":"https:\/\/teiaeducation.ch\/fr\/wp-json\/wp\/v2\/media?parent=39662"}],"wp:term":[{"taxonomy":"product_brand","embeddable":true,"href":"https:\/\/teiaeducation.ch\/fr\/wp-json\/wp\/v2\/product_brand?post=39662"},{"taxonomy":"product_cat","embeddable":true,"href":"https:\/\/teiaeducation.ch\/fr\/wp-json\/wp\/v2\/product_cat?post=39662"},{"taxonomy":"product_tag","embeddable":true,"href":"https:\/\/teiaeducation.ch\/fr\/wp-json\/wp\/v2\/product_tag?post=39662"}],"curies":[{"name":"wp","href":"https:\/\/api.w.org\/{rel}","templated":true}]}}