{"id":39684,"date":"2020-11-14T13:23:15","date_gmt":"2020-11-14T12:23:15","guid":{"rendered":"https:\/\/teiaeducation.ch\/product\/lettres-de-lalphabet-en-bois-grimms\/"},"modified":"2021-10-07T10:13:38","modified_gmt":"2021-10-07T08:13:38","slug":"alphabet-allemand-figurines-grimms","status":"publish","type":"product","link":"https:\/\/teiaeducation.ch\/fr\/produit\/alphabet-allemand-figurines-grimms\/","title":{"rendered":"Lettres de l&#8217;alphabet en bois &#8211; Grimm\u2019s"},"content":{"rendered":"<p>Lettres de l&#8217;alphabet \/ Objets en bois durables faits \u00e0 la main &#8211; Grimm\u2019s<\/p>\n<p>Les lettres de l\u2019alphabet de Grimm sont un bel ensemble de 26 figures en bois peintes individuellement \u00e0 la main repr\u00e9sentant les <a href=\"https:\/\/teiaeducation.ch\/product-category\/curriculum-areas\/literacy-language\/letters\/\">lettres<\/a> de l\u2019alphabet. Ces objets \u00e0 la main en bois durable offrent une merveilleuse fa\u00e7on d\u2019apprendre l\u2019alphabet et sont parfaits pour la pratique de l\u2019orthographe et pour encourager la narration! Jouez \u00e0 de nombreux jeux d&#8217;apprentissage amusants : nommez les objets, placez-les dans l&#8217;ordre alphab\u00e9tique ou associez-les \u00e0 des lettres.<\/p>\n<p>Cet ensemble est tr\u00e8s utile pour le d\u00e9veloppement linguistique \u00e0 la maison, au jardin d&#8217;enfants ou en orthophonie. Chaque dessin est si plein de caract\u00e8re que les enfants vont adorer apprendre avec ces superbes figurines inspir\u00e9es de Waldorf !<\/p>\n<p>Les figurines de l&#8217;alphabet allemand de Grimm sont fabriqu\u00e9es \u00e0 la main en bois de tilleul et peintes \u00e0 la main avec une teinture non toxique \u00e0 base d&#8217;eau, ce qui les rend sans danger pour les enfants. Chaque figurine mesure environ 5 cm de haut.<\/p>\n<p>Id\u00e9aux pour la maison, la cr\u00e8che, Waldorf ou l\u2019\u00e9cole Steiner, les magnifiques jouets en bois naturel de Grimm&#8217;s sont fabriqu\u00e9s selon la philosophie Waldorf qui est bien connue pour encourager les enfants \u00e0 d\u00e9couvrir le jeu cr\u00e9atif de fa\u00e7on ind\u00e9pendante, sans limitations \u00e0 un rythme sans h\u00e2te. Les jouets en bois de Grimm&#8217;s sont color\u00e9s \u00e0 la main avec des peintures \u00e0 base d\u2019eau non toxiques et ne sont pas finis avec de la laque pour assurer les caract\u00e9ristiques originales du bois et pour qu&#8217;on puisse voir le grain \u00e0 travers. La surface des morceaux de bois europ\u00e9ens certifi\u00e9s FSC est laiss\u00e9e l\u00e9g\u00e8rement rugueuse, ce qui les rend plus facilement empilables et moins glissants.<\/p>\n<p>Les jouets en bois de Grimm&#8217;s sont fabriqu\u00e9s dans les installations de Grimm en Allemagne ainsi que dans plusieurs ateliers \u00e0 travers l\u2019Europe \u00e0 partir de diff\u00e9rents types de bois tels que l\u2019aulne, la chaux, le h\u00eatre et l\u2019\u00e9rable. Tout le bois utilis\u00e9 pour fabriquer les jouets de Grimm&#8217;s provient de for\u00eats europ\u00e9ennes g\u00e9r\u00e9es de mani\u00e8re durable.<\/p>\n<p>Veuillez noter que les jouets de Grimm&#8217;s sont toujours uniques, et portent des marques uniques faites par la nature. Le grain de bois a des structures et des couleurs changeantes qui servent de preuve de ses origines naturelles. Les variations uniques, les marques, les noeuds, les motifs, les rayures noires ou les taches sombres qui peuvent \u00eatre visibles dans le bois d\u2019un jouet de Grimm&#8217;s sont une preuve de qualit\u00e9, et non des d\u00e9fauts.<\/p>\n<p>Les figurines de l&#8217;alphabet allemand de Grimm&#8217;s conviennent aux enfants de 3 ans et plus.<\/p>\n<p>Avertissement! RISQUE D\u2019\u00c9TOUFFEMENT &#8211; Petites pi\u00e8ces. Pas adapt\u00e9 pour les enfants de moins de 3 ans.<\/p>\n<p>Contenu:<\/p>\n<p>26 pi\u00e8ces en bois<\/p>\n","protected":false},"excerpt":{"rendered":"<p>Num\u00e9ro d&#8217;article : gri03071<\/p>\n<p>Les figurines de l&#8217;alphabet allemand de Grimm&#8217;s sont un jeu \u00e9ducatif en bois durable et peint \u00e0 la main pour apprendre les lettres, l&#8217;orthographe et le langage !<\/p>\n","protected":false},"featured_media":31775,"comment_status":"open","ping_status":"closed","template":"","meta":[],"product_brand":[],"product_cat":[8527,215,285,24876,606,605,22344,283,13146,8526,17212,13130,23020,23021,1220,23650,607,7595,1218,217,5851,611,212,612,1219],"product_tag":[21146,21147,21149,21150,17332,17334,21144,21148,17335,21145,21151],"class_list":{"0":"post-39684","1":"product","2":"type-product","3":"status-publish","4":"has-post-thumbnail","6":"product_cat-3-6-ans-ecole-a-domicile","7":"product_cat-3-6-ans","8":"product_cat-alphabetisation-langage","9":"product_cat-apprendre-decouvrir","10":"product_cat-apprendre-a-ecrire","11":"product_cat-apprendre-a-lire","12":"product_cat-collections-saisonnieres","13":"product_cat-domaines-du-curriculum","14":"product_cat-figurines-en-bois","15":"product_cat-fournitures-scolaires-a-domicile","16":"product_cat-grimms-fr","17":"product_cat-jouer","18":"product_cat-jouets-en-bois","19":"product_cat-jouets-waldorf","20":"product_cat-traditionnelle","21":"product_cat-la-rentree-scolaire","22":"product_cat-des-lettres","23":"product_cat-methode-deducation","24":"product_cat-montessori-fr","25":"product_cat-marques","26":"product_cat-nouveautes","27":"product_cat-raconter-des-histoires","28":"product_cat-tranche-dage","29":"product_cat-vocabulaire-fr","30":"product_cat-waldorf-fr","31":"product_tag-alphabet-allemand-figurines-en-bois","32":"product_tag-alphabet-allemand-jouets-en-bois","33":"product_tag-figures-dapprentissage-abc","34":"product_tag-figurines-dapprentissage-de-labc-de-grimms","35":"product_tag-grimm-suisse","36":"product_tag-grimm-suisse-fr","37":"product_tag-grimms-figurines-alphabet","38":"product_tag-grimms-figurines-en-bois","39":"product_tag-grimme-suisse","40":"product_tag-lettres-de-lalphabet-en-bois-grimms","41":"product_tag-objets-alphabetiques-en-bois-durable-faits-main-grimms","43":"first","44":"outofstock","45":"taxable","46":"shipping-taxable","47":"purchasable","48":"product-type-simple"},"yoast_head":"<!-- This site is optimized with the Yoast SEO plugin v27.1.1 - https:\/\/yoast.com\/product\/yoast-seo-wordpress\/ -->\n<title>Lettres de l&#039;alphabet en bois - Grimm\u2019s - Teia Education &amp; Play<\/title>\n<meta name=\"description\" content=\"Les figurines en forme des lettres de l&#039;alphabet de Grimm&#039;s sont un jeu \u00e9ducatif en bois durable et peint \u00e0 la main pour l\u2019apprentissage des lettres, de l\u2019orthographe et du langage.\" \/>\n<meta name=\"robots\" content=\"index, follow, max-snippet:-1, max-image-preview:large, max-video-preview:-1\" \/>\n<link rel=\"canonical\" href=\"https:\/\/teiaeducation.ch\/fr\/produit\/alphabet-allemand-figurines-grimms\/\" \/>\n<meta property=\"og:locale\" content=\"fr_FR\" \/>\n<meta property=\"og:type\" content=\"article\" \/>\n<meta property=\"og:title\" content=\"Lettres de l&#039;alphabet en bois - Grimm\u2019s - Teia Education &amp; Play\" \/>\n<meta property=\"og:description\" content=\"Les figurines en forme des lettres de l&#039;alphabet de Grimm&#039;s sont un jeu \u00e9ducatif en bois durable et peint \u00e0 la main pour l\u2019apprentissage des lettres, de l\u2019orthographe et du langage.\" \/>\n<meta property=\"og:url\" content=\"https:\/\/teiaeducation.ch\/fr\/produit\/alphabet-allemand-figurines-grimms\/\" \/>\n<meta property=\"og:site_name\" content=\"Sustainable Educational Products &amp; Ecological Toys\u00a0\" \/>\n<meta property=\"article:publisher\" content=\"https:\/\/www.facebook.com\/teiaeducation\/\" \/>\n<meta property=\"article:modified_time\" content=\"2021-10-07T08:13:38+00:00\" \/>\n<meta property=\"og:image\" content=\"https:\/\/teiaeducation.ch\/wp-content\/uploads\/2020\/11\/German-alphabet-figures-Grimms.jpg\" \/>\n\t<meta property=\"og:image:width\" content=\"800\" \/>\n\t<meta property=\"og:image:height\" content=\"732\" \/>\n\t<meta property=\"og:image:type\" content=\"image\/jpeg\" \/>\n<script type=\"application\/ld+json\" class=\"yoast-schema-graph\">{\"@context\":\"https:\/\/schema.org\",\"@graph\":[{\"@type\":\"WebPage\",\"@id\":\"https:\/\/teiaeducation.ch\/fr\/produit\/alphabet-allemand-figurines-grimms\/\",\"url\":\"https:\/\/teiaeducation.ch\/fr\/produit\/alphabet-allemand-figurines-grimms\/\",\"name\":\"Lettres de l'alphabet en bois - Grimm\u2019s - Teia Education & Play\",\"isPartOf\":{\"@id\":\"https:\/\/teiaeducation.ch\/fr\/#website\"},\"primaryImageOfPage\":{\"@id\":\"https:\/\/teiaeducation.ch\/fr\/produit\/alphabet-allemand-figurines-grimms\/#primaryimage\"},\"image\":{\"@id\":\"https:\/\/teiaeducation.ch\/fr\/produit\/alphabet-allemand-figurines-grimms\/#primaryimage\"},\"thumbnailUrl\":\"https:\/\/teiaeducation.ch\/wp-content\/uploads\/2020\/11\/German-alphabet-figures-Grimms.jpg\",\"datePublished\":\"2020-11-14T12:23:15+00:00\",\"dateModified\":\"2021-10-07T08:13:38+00:00\",\"description\":\"Les figurines en forme des lettres de l'alphabet de Grimm's sont un jeu \u00e9ducatif en bois durable et peint \u00e0 la main pour l\u2019apprentissage des lettres, de l\u2019orthographe et du langage.\",\"breadcrumb\":{\"@id\":\"https:\/\/teiaeducation.ch\/fr\/produit\/alphabet-allemand-figurines-grimms\/#breadcrumb\"},\"inLanguage\":\"fr-FR\",\"potentialAction\":[{\"@type\":\"ReadAction\",\"target\":[\"https:\/\/teiaeducation.ch\/fr\/produit\/alphabet-allemand-figurines-grimms\/\"]}]},{\"@type\":\"ImageObject\",\"inLanguage\":\"fr-FR\",\"@id\":\"https:\/\/teiaeducation.ch\/fr\/produit\/alphabet-allemand-figurines-grimms\/#primaryimage\",\"url\":\"https:\/\/teiaeducation.ch\/wp-content\/uploads\/2020\/11\/German-alphabet-figures-Grimms.jpg\",\"contentUrl\":\"https:\/\/teiaeducation.ch\/wp-content\/uploads\/2020\/11\/German-alphabet-figures-Grimms.jpg\",\"width\":800,\"height\":732,\"caption\":\"Objets en bois durables faits main pour l'alphabet Figurines de l'alphabet allemand - Grimm's\"},{\"@type\":\"BreadcrumbList\",\"@id\":\"https:\/\/teiaeducation.ch\/fr\/produit\/alphabet-allemand-figurines-grimms\/#breadcrumb\",\"itemListElement\":[{\"@type\":\"ListItem\",\"position\":1,\"name\":\"Home\",\"item\":\"https:\/\/teiaeducation.ch\/fr\/\"},{\"@type\":\"ListItem\",\"position\":2,\"name\":\"Boutique Teia Education &amp; Play\",\"item\":\"https:\/\/teiaeducation.ch\/fr\/boutique\/\"},{\"@type\":\"ListItem\",\"position\":3,\"name\":\"Nos Marques\",\"item\":\"https:\/\/teiaeducation.ch\/fr\/categorie-produit\/marques\/\"},{\"@type\":\"ListItem\",\"position\":4,\"name\":\"Grimm's\",\"item\":\"https:\/\/teiaeducation.ch\/fr\/categorie-produit\/marques\/grimms-fr\/\"},{\"@type\":\"ListItem\",\"position\":5,\"name\":\"Lettres de l&#8217;alphabet en bois &#8211; Grimm\u2019s\"}]},{\"@type\":\"WebSite\",\"@id\":\"https:\/\/teiaeducation.ch\/fr\/#website\",\"url\":\"https:\/\/teiaeducation.ch\/fr\/\",\"name\":\"Sustainable Educational Products &amp; Ecological Toys\u00a0\",\"description\":\"Specialised Swiss shop selling sustainable educational toys and games, AMI certified Montessori materials, handmade ecological wooden Waldorf toys and arts &amp; crafts supplies, school supplies, children&#039;s furniture and Montessori reference and parenting books.\",\"publisher\":{\"@id\":\"https:\/\/teiaeducation.ch\/fr\/#organization\"},\"alternateName\":\"Teia Education & Play\",\"potentialAction\":[{\"@type\":\"SearchAction\",\"target\":{\"@type\":\"EntryPoint\",\"urlTemplate\":\"https:\/\/teiaeducation.ch\/fr\/?s={search_term_string}\"},\"query-input\":{\"@type\":\"PropertyValueSpecification\",\"valueRequired\":true,\"valueName\":\"search_term_string\"}}],\"inLanguage\":\"fr-FR\"},{\"@type\":\"Organization\",\"@id\":\"https:\/\/teiaeducation.ch\/fr\/#organization\",\"name\":\"Teia Education & Play\",\"url\":\"https:\/\/teiaeducation.ch\/fr\/\",\"logo\":{\"@type\":\"ImageObject\",\"inLanguage\":\"fr-FR\",\"@id\":\"https:\/\/teiaeducation.ch\/fr\/#\/schema\/logo\/image\/\",\"url\":\"https:\/\/teiaeducation.ch\/wp-content\/uploads\/2020\/11\/Teia-Education-Switzerland-e1620156442216.jpg\",\"contentUrl\":\"https:\/\/teiaeducation.ch\/wp-content\/uploads\/2020\/11\/Teia-Education-Switzerland-e1620156442216.jpg\",\"width\":166,\"height\":145,\"caption\":\"Teia Education & Play\"},\"image\":{\"@id\":\"https:\/\/teiaeducation.ch\/fr\/#\/schema\/logo\/image\/\"},\"sameAs\":[\"https:\/\/www.facebook.com\/teiaeducation\/\",\"https:\/\/x.com\/EducationTeia\",\"https:\/\/www.instagram.com\/teia.education\/\",\"https:\/\/www.linkedin.com\/company\/35501660\",\"https:\/\/www.pinterest.ch\/TeiaEducation\/\"]}]}<\/script>\n<!-- \/ Yoast SEO plugin. -->","yoast_head_json":{"title":"Lettres de l'alphabet en bois - Grimm\u2019s - Teia Education & Play","description":"Les figurines en forme des lettres de l'alphabet de Grimm's sont un jeu \u00e9ducatif en bois durable et peint \u00e0 la main pour l\u2019apprentissage des lettres, de l\u2019orthographe et du langage.","robots":{"index":"index","follow":"follow","max-snippet":"max-snippet:-1","max-image-preview":"max-image-preview:large","max-video-preview":"max-video-preview:-1"},"canonical":"https:\/\/teiaeducation.ch\/fr\/produit\/alphabet-allemand-figurines-grimms\/","og_locale":"fr_FR","og_type":"article","og_title":"Lettres de l'alphabet en bois - Grimm\u2019s - Teia Education & Play","og_description":"Les figurines en forme des lettres de l'alphabet de Grimm's sont un jeu \u00e9ducatif en bois durable et peint \u00e0 la main pour l\u2019apprentissage des lettres, de l\u2019orthographe et du langage.","og_url":"https:\/\/teiaeducation.ch\/fr\/produit\/alphabet-allemand-figurines-grimms\/","og_site_name":"Sustainable Educational Products &amp; Ecological Toys\u00a0","article_publisher":"https:\/\/www.facebook.com\/teiaeducation\/","article_modified_time":"2021-10-07T08:13:38+00:00","og_image":[{"width":800,"height":732,"url":"https:\/\/teiaeducation.ch\/wp-content\/uploads\/2020\/11\/German-alphabet-figures-Grimms.jpg","type":"image\/jpeg"}],"schema":{"@context":"https:\/\/schema.org","@graph":[{"@type":"WebPage","@id":"https:\/\/teiaeducation.ch\/fr\/produit\/alphabet-allemand-figurines-grimms\/","url":"https:\/\/teiaeducation.ch\/fr\/produit\/alphabet-allemand-figurines-grimms\/","name":"Lettres de l'alphabet en bois - Grimm\u2019s - Teia Education & Play","isPartOf":{"@id":"https:\/\/teiaeducation.ch\/fr\/#website"},"primaryImageOfPage":{"@id":"https:\/\/teiaeducation.ch\/fr\/produit\/alphabet-allemand-figurines-grimms\/#primaryimage"},"image":{"@id":"https:\/\/teiaeducation.ch\/fr\/produit\/alphabet-allemand-figurines-grimms\/#primaryimage"},"thumbnailUrl":"https:\/\/teiaeducation.ch\/wp-content\/uploads\/2020\/11\/German-alphabet-figures-Grimms.jpg","datePublished":"2020-11-14T12:23:15+00:00","dateModified":"2021-10-07T08:13:38+00:00","description":"Les figurines en forme des lettres de l'alphabet de Grimm's sont un jeu \u00e9ducatif en bois durable et peint \u00e0 la main pour l\u2019apprentissage des lettres, de l\u2019orthographe et du langage.","breadcrumb":{"@id":"https:\/\/teiaeducation.ch\/fr\/produit\/alphabet-allemand-figurines-grimms\/#breadcrumb"},"inLanguage":"fr-FR","potentialAction":[{"@type":"ReadAction","target":["https:\/\/teiaeducation.ch\/fr\/produit\/alphabet-allemand-figurines-grimms\/"]}]},{"@type":"ImageObject","inLanguage":"fr-FR","@id":"https:\/\/teiaeducation.ch\/fr\/produit\/alphabet-allemand-figurines-grimms\/#primaryimage","url":"https:\/\/teiaeducation.ch\/wp-content\/uploads\/2020\/11\/German-alphabet-figures-Grimms.jpg","contentUrl":"https:\/\/teiaeducation.ch\/wp-content\/uploads\/2020\/11\/German-alphabet-figures-Grimms.jpg","width":800,"height":732,"caption":"Objets en bois durables faits main pour l'alphabet Figurines de l'alphabet allemand - Grimm's"},{"@type":"BreadcrumbList","@id":"https:\/\/teiaeducation.ch\/fr\/produit\/alphabet-allemand-figurines-grimms\/#breadcrumb","itemListElement":[{"@type":"ListItem","position":1,"name":"Home","item":"https:\/\/teiaeducation.ch\/fr\/"},{"@type":"ListItem","position":2,"name":"Boutique Teia Education &amp; Play","item":"https:\/\/teiaeducation.ch\/fr\/boutique\/"},{"@type":"ListItem","position":3,"name":"Nos Marques","item":"https:\/\/teiaeducation.ch\/fr\/categorie-produit\/marques\/"},{"@type":"ListItem","position":4,"name":"Grimm's","item":"https:\/\/teiaeducation.ch\/fr\/categorie-produit\/marques\/grimms-fr\/"},{"@type":"ListItem","position":5,"name":"Lettres de l&#8217;alphabet en bois &#8211; Grimm\u2019s"}]},{"@type":"WebSite","@id":"https:\/\/teiaeducation.ch\/fr\/#website","url":"https:\/\/teiaeducation.ch\/fr\/","name":"Sustainable Educational Products &amp; Ecological Toys\u00a0","description":"Specialised Swiss shop selling sustainable educational toys and games, AMI certified Montessori materials, handmade ecological wooden Waldorf toys and arts &amp; crafts supplies, school supplies, children&#039;s furniture and Montessori reference and parenting books.","publisher":{"@id":"https:\/\/teiaeducation.ch\/fr\/#organization"},"alternateName":"Teia Education & Play","potentialAction":[{"@type":"SearchAction","target":{"@type":"EntryPoint","urlTemplate":"https:\/\/teiaeducation.ch\/fr\/?s={search_term_string}"},"query-input":{"@type":"PropertyValueSpecification","valueRequired":true,"valueName":"search_term_string"}}],"inLanguage":"fr-FR"},{"@type":"Organization","@id":"https:\/\/teiaeducation.ch\/fr\/#organization","name":"Teia Education & Play","url":"https:\/\/teiaeducation.ch\/fr\/","logo":{"@type":"ImageObject","inLanguage":"fr-FR","@id":"https:\/\/teiaeducation.ch\/fr\/#\/schema\/logo\/image\/","url":"https:\/\/teiaeducation.ch\/wp-content\/uploads\/2020\/11\/Teia-Education-Switzerland-e1620156442216.jpg","contentUrl":"https:\/\/teiaeducation.ch\/wp-content\/uploads\/2020\/11\/Teia-Education-Switzerland-e1620156442216.jpg","width":166,"height":145,"caption":"Teia Education & Play"},"image":{"@id":"https:\/\/teiaeducation.ch\/fr\/#\/schema\/logo\/image\/"},"sameAs":["https:\/\/www.facebook.com\/teiaeducation\/","https:\/\/x.com\/EducationTeia","https:\/\/www.instagram.com\/teia.education\/","https:\/\/www.linkedin.com\/company\/35501660","https:\/\/www.pinterest.ch\/TeiaEducation\/"]}]}},"_links":{"self":[{"href":"https:\/\/teiaeducation.ch\/fr\/wp-json\/wp\/v2\/product\/39684","targetHints":{"allow":["GET"]}}],"collection":[{"href":"https:\/\/teiaeducation.ch\/fr\/wp-json\/wp\/v2\/product"}],"about":[{"href":"https:\/\/teiaeducation.ch\/fr\/wp-json\/wp\/v2\/types\/product"}],"replies":[{"embeddable":true,"href":"https:\/\/teiaeducation.ch\/fr\/wp-json\/wp\/v2\/comments?post=39684"}],"wp:featuredmedia":[{"embeddable":true,"href":"https:\/\/teiaeducation.ch\/fr\/wp-json\/wp\/v2\/media\/31775"}],"wp:attachment":[{"href":"https:\/\/teiaeducation.ch\/fr\/wp-json\/wp\/v2\/media?parent=39684"}],"wp:term":[{"taxonomy":"product_brand","embeddable":true,"href":"https:\/\/teiaeducation.ch\/fr\/wp-json\/wp\/v2\/product_brand?post=39684"},{"taxonomy":"product_cat","embeddable":true,"href":"https:\/\/teiaeducation.ch\/fr\/wp-json\/wp\/v2\/product_cat?post=39684"},{"taxonomy":"product_tag","embeddable":true,"href":"https:\/\/teiaeducation.ch\/fr\/wp-json\/wp\/v2\/product_tag?post=39684"}],"curies":[{"name":"wp","href":"https:\/\/api.w.org\/{rel}","templated":true}]}}