{"id":39725,"date":"2021-10-08T14:30:03","date_gmt":"2021-10-08T12:30:03","guid":{"rendered":"https:\/\/teiaeducation.ch\/?post_type=product&#038;p=39725"},"modified":"2023-12-03T12:12:58","modified_gmt":"2023-12-03T11:12:58","slug":"jeu-de-mathematique-en-bois-1-20-threewood","status":"publish","type":"product","link":"https:\/\/teiaeducation.ch\/fr\/produit\/jeu-de-mathematique-en-bois-1-20-threewood\/","title":{"rendered":"Jeu de math\u00e9matiques en bois 1-20 &#8211; Threewood"},"content":{"rendered":"<p>Jeu de math\u00e9matiques 1-20 en bois fait main avec planches r\u00e9versibles \/ Jouet d&#8217;apprentissage d&#8217;inspiration Montessori &#8211; Threewood<\/p>\n<p>Le jeu de math\u00e9matiques en bois de Threewood, avec ses planches de chiffres r\u00e9versibles et ses boules de feutre color\u00e9es, est un merveilleux jouet d&#8217;apprentissage des math\u00e9matiques fait main pour les jeunes enfants !<\/p>\n<p>Les enfants auront beaucoup de plaisir \u00e0 apprendre leurs chiffres et \u00e0 effectuer des calculs simples, m\u00eame s&#8217;ils apprennent encore \u00e0 \u00e9crire, en tra\u00e7ant les planches de chiffres et en faisant des exercices de comptage simples avec les boules de feutre, les planches de chiffres et les cartes de symboles. Compter, calculer et reconna\u00eetre les chiffres devient un jeu amusant et pratique avec ce jouet \u00e9ducatif con\u00e7u et fabriqu\u00e9 avec amour, parfait pour l&#8217;apprentissage et le jeu Montessori \u00e0 la maison.<\/p>\n<p>Ce jouet d&#8217;apprentissage tactile magnifiquement naturel et de tr\u00e8s haute qualit\u00e9 comprend un support en bois, fabriqu\u00e9 \u00e0 la main en ch\u00eane massif, pour organiser les planches r\u00e9versibles et les symboles, 55 boules en feutre de laine fabriqu\u00e9es \u00e0 la main, 10 planches r\u00e9versibles avec les chiffres de 1 \u00e0 10 d&#8217;un c\u00f4t\u00e9 et de 11 \u00e0 20 de l&#8217;autre, 2 cartes r\u00e9versibles en bois avec les symboles math\u00e9matiques, 2 crayons en bois pour tracer les chiffres grav\u00e9s et un jeu de pincettes en bois.<\/p>\n<p>Le support mesure 20 x 30 cm et a une \u00e9paisseur de 1,8 cm. Chacun des 10 planches r\u00e9versibles mesure environ 14,5cm x 6,5cm avec une \u00e9paisseur de 1,5cm. Les boules de feutre sont fabriqu\u00e9es \u00e0 la main en pure laine. Cet ensemble de math\u00e9matiques en bois est fabriqu\u00e9 \u00e0 la main en Ukraine et fini \u00e0 l&#8217;huile naturelle.<\/p>\n<p>Threewood est une \u00e9quipe ukrainienne compos\u00e9e d&#8217;un mari et d&#8217;une femme, Yuriy et Olga, qui cr\u00e9ent d&#8217;\u00e9tonnants jouets et mat\u00e9riels d&#8217;apprentissage faits main, inspir\u00e9s de la p\u00e9dagogie <a href=\"https:\/\/teiaeducation.ch\/fr\/categorie-produit\/methode-deducation\/montessori-fr\/\">Montessori<\/a>. Le nom Threewood repr\u00e9sente leurs 3 enfants et la passion pour le travail du bois que Yuriy a h\u00e9rit\u00e9 de son p\u00e8re et de son grand-p\u00e8re. Ces jouets en bois fabriqu\u00e9s \u00e0 la main sont pour la plupart sculpt\u00e9s dans du ch\u00eane et sont de la plus haute qualit\u00e9 et conception, promettant long\u00e9vit\u00e9 et apprentissage ludique pour des g\u00e9n\u00e9rations !<\/p>\n<p>Contenu :<\/p>\n<p>1 support en bois<br \/>\n10 planches r\u00e9versibles avec les chiffres de 1 \u00e0 10 d&#8217;un c\u00f4t\u00e9 et de 11 \u00e0 20 de l&#8217;autre<br \/>\n2 cartes en bois r\u00e9versibles avec les symboles math\u00e9matiques + &#8211; =<br \/>\n2 crayons en bois<br \/>\n1 jeu de pincettes en bois<\/p>\n","protected":false},"excerpt":{"rendered":"<p>Num\u00e9ro d&#8217;article: TW0027<\/p>\n<p>Le jeu de math\u00e9matiques en bois de Threewood, avec ses planches de chiffres r\u00e9versibles et ses boules de feutre color\u00e9es, est un merveilleux jouet d&#8217;apprentissage des math\u00e9matiques Montessori !<\/p>\n","protected":false},"featured_media":57380,"comment_status":"open","ping_status":"closed","template":"","meta":[],"product_brand":[],"product_cat":[215,216,285,606,605,283,8526,17241,17239,21257,22421,13130,23020,22181,1220,607,8567,7595,1218,217,5851,18894,212,612],"product_tag":[18899,22094,18901,22095,18898,18897,18903,18896,18904,18910,18895,18902],"class_list":{"0":"post-39725","1":"product","2":"type-product","3":"status-publish","4":"has-post-thumbnail","6":"product_cat-3-6-ans","7":"product_cat-6-12-ans","8":"product_cat-alphabetisation-langage","9":"product_cat-apprendre-a-ecrire","10":"product_cat-apprendre-a-lire","11":"product_cat-domaines-du-curriculum","12":"product_cat-fournitures-scolaires-a-domicile","13":"product_cat-guide-cadeaux-3-6-ans","14":"product_cat-guide-cadeaux-educatifs","15":"product_cat-guides-cadeaux","16":"product_cat-idees-cadeaux-pour-paques","17":"product_cat-jouer","18":"product_cat-jouets-en-bois","19":"product_cat-jouets-montessori","20":"product_cat-traditionnelle","21":"product_cat-des-lettres","22":"product_cat-materiel-scolaire-montessori","23":"product_cat-methode-deducation","24":"product_cat-montessori-fr","25":"product_cat-marques","26":"product_cat-nouveautes","27":"product_cat-threewood-fr","28":"product_cat-tranche-dage","29":"product_cat-vocabulaire-fr","30":"product_tag-fabrique-en-ukraine","31":"product_tag-jeu-de-mathematiques-en-bois-1-20-threewood","32":"product_tag-jouet-dapprentissage-dinspiration-montessori","33":"product_tag-jouet-dapprentissage-dinspiration-montessori-threewood","34":"product_tag-jouet-dapprentissage-de-lalphabet-en-bois","35":"product_tag-jouet-dapprentissage-en-bois-fabrique-a-la-main","36":"product_tag-jouet-dapprentissage-montessori-fabrique-a-la-main","37":"product_tag-jouets-montessori-de-threewood","38":"product_tag-lettres-et-mots-en-bois","39":"product_tag-planche-a-chiffres-en-bois-threewood","40":"product_tag-tableau-alphabetique-en-bois-anglais-threewood","41":"product_tag-tableau-alphabetique-en-bois-de-threewood","43":"first","44":"instock","45":"taxable","46":"shipping-taxable","47":"purchasable","48":"product-type-simple"},"yoast_head":"<!-- This site is optimized with the Yoast SEO Premium plugin v25.8 (Yoast SEO v27.4) - https:\/\/yoast.com\/product\/yoast-seo-premium-wordpress\/ -->\n<title>Jeu de math\u00e9matiques en bois 1-20 - Threewood - Teia Education &amp; Play<\/title>\n<meta name=\"description\" content=\"Le jeu de math\u00e9matiques 1-20 en bois de Threewood est un jouet d&#039;apprentissage des math\u00e9matiques Montessori !\" \/>\n<meta name=\"robots\" content=\"index, follow, max-snippet:-1, max-image-preview:large, max-video-preview:-1\" \/>\n<link rel=\"canonical\" href=\"https:\/\/teiaeducation.ch\/fr\/produit\/jeu-de-mathematique-en-bois-1-20-threewood\/\" \/>\n<meta property=\"og:locale\" content=\"fr_FR\" \/>\n<meta property=\"og:type\" content=\"article\" \/>\n<meta property=\"og:title\" content=\"Jeu de math\u00e9matiques en bois 1-20 - Threewood\" \/>\n<meta property=\"og:description\" content=\"Le jeu de math\u00e9matiques 1-20 en bois de Threewood est un jouet d&#039;apprentissage des math\u00e9matiques Montessori !\" \/>\n<meta property=\"og:url\" content=\"https:\/\/teiaeducation.ch\/fr\/produit\/jeu-de-mathematique-en-bois-1-20-threewood\/\" \/>\n<meta property=\"og:site_name\" content=\"Sustainable Educational Products &amp; Ecological Toys\u00a0\" \/>\n<meta property=\"article:publisher\" content=\"https:\/\/www.facebook.com\/teiaeducation\/\" \/>\n<meta property=\"article:modified_time\" content=\"2023-12-03T11:12:58+00:00\" \/>\n<meta property=\"og:image\" content=\"https:\/\/teiaeducation.ch\/wp-content\/uploads\/2021\/10\/Wooden-math-set-1-20-with-reversible-number-cards.jpg\" \/>\n\t<meta property=\"og:image:width\" content=\"900\" \/>\n\t<meta property=\"og:image:height\" content=\"900\" \/>\n\t<meta property=\"og:image:type\" content=\"image\/jpeg\" \/>\n<script type=\"application\/ld+json\" class=\"yoast-schema-graph\">{\"@context\":\"https:\\\/\\\/schema.org\",\"@graph\":[{\"@type\":\"WebPage\",\"@id\":\"https:\\\/\\\/teiaeducation.ch\\\/fr\\\/produit\\\/jeu-de-mathematique-en-bois-1-20-threewood\\\/\",\"url\":\"https:\\\/\\\/teiaeducation.ch\\\/fr\\\/produit\\\/jeu-de-mathematique-en-bois-1-20-threewood\\\/\",\"name\":\"Jeu de math\u00e9matiques en bois 1-20 - Threewood - Teia Education & Play\",\"isPartOf\":{\"@id\":\"https:\\\/\\\/teiaeducation.ch\\\/fr\\\/#website\"},\"primaryImageOfPage\":{\"@id\":\"https:\\\/\\\/teiaeducation.ch\\\/fr\\\/produit\\\/jeu-de-mathematique-en-bois-1-20-threewood\\\/#primaryimage\"},\"image\":{\"@id\":\"https:\\\/\\\/teiaeducation.ch\\\/fr\\\/produit\\\/jeu-de-mathematique-en-bois-1-20-threewood\\\/#primaryimage\"},\"thumbnailUrl\":\"https:\\\/\\\/teiaeducation.ch\\\/wp-content\\\/uploads\\\/2021\\\/10\\\/Wooden-handmade-math-set-1-20-board-with-reversible-trays-Montessori-inspired-learning-toy-Threewood.jpg\",\"datePublished\":\"2021-10-08T12:30:03+00:00\",\"dateModified\":\"2023-12-03T11:12:58+00:00\",\"description\":\"Le jeu de math\u00e9matiques 1-20 en bois de Threewood est un jouet d'apprentissage des math\u00e9matiques Montessori !\",\"breadcrumb\":{\"@id\":\"https:\\\/\\\/teiaeducation.ch\\\/fr\\\/produit\\\/jeu-de-mathematique-en-bois-1-20-threewood\\\/#breadcrumb\"},\"inLanguage\":\"fr-FR\",\"potentialAction\":[{\"@type\":\"ReadAction\",\"target\":[\"https:\\\/\\\/teiaeducation.ch\\\/fr\\\/produit\\\/jeu-de-mathematique-en-bois-1-20-threewood\\\/\"]}]},{\"@type\":\"ImageObject\",\"inLanguage\":\"fr-FR\",\"@id\":\"https:\\\/\\\/teiaeducation.ch\\\/fr\\\/produit\\\/jeu-de-mathematique-en-bois-1-20-threewood\\\/#primaryimage\",\"url\":\"https:\\\/\\\/teiaeducation.ch\\\/wp-content\\\/uploads\\\/2021\\\/10\\\/Wooden-handmade-math-set-1-20-board-with-reversible-trays-Montessori-inspired-learning-toy-Threewood.jpg\",\"contentUrl\":\"https:\\\/\\\/teiaeducation.ch\\\/wp-content\\\/uploads\\\/2021\\\/10\\\/Wooden-handmade-math-set-1-20-board-with-reversible-trays-Montessori-inspired-learning-toy-Threewood.jpg\",\"width\":1500,\"height\":1911,\"caption\":\"Wooden handmade math set 1-20 board with reversible trays : Montessori inspired learning toy - Threewood\"},{\"@type\":\"BreadcrumbList\",\"@id\":\"https:\\\/\\\/teiaeducation.ch\\\/fr\\\/produit\\\/jeu-de-mathematique-en-bois-1-20-threewood\\\/#breadcrumb\",\"itemListElement\":[{\"@type\":\"ListItem\",\"position\":1,\"name\":\"Home\",\"item\":\"https:\\\/\\\/teiaeducation.ch\\\/fr\\\/\"},{\"@type\":\"ListItem\",\"position\":2,\"name\":\"Boutique Teia Education &amp; Play\",\"item\":\"https:\\\/\\\/teiaeducation.ch\\\/fr\\\/boutique\\\/\"},{\"@type\":\"ListItem\",\"position\":3,\"name\":\"Domaines du Curriculum\",\"item\":\"https:\\\/\\\/teiaeducation.ch\\\/fr\\\/categorie-produit\\\/domaines-du-curriculum\\\/\"},{\"@type\":\"ListItem\",\"position\":4,\"name\":\"Alphab\u00e9tisation &amp; Langage\",\"item\":\"https:\\\/\\\/teiaeducation.ch\\\/fr\\\/categorie-produit\\\/domaines-du-curriculum\\\/alphabetisation-langage\\\/\"},{\"@type\":\"ListItem\",\"position\":5,\"name\":\"Apprendre \u00e0 \u00c9crire\",\"item\":\"https:\\\/\\\/teiaeducation.ch\\\/fr\\\/categorie-produit\\\/domaines-du-curriculum\\\/alphabetisation-langage\\\/apprendre-a-ecrire\\\/\"},{\"@type\":\"ListItem\",\"position\":6,\"name\":\"Jeu de math\u00e9matiques en bois 1-20 &#8211; Threewood\"}]},{\"@type\":\"WebSite\",\"@id\":\"https:\\\/\\\/teiaeducation.ch\\\/fr\\\/#website\",\"url\":\"https:\\\/\\\/teiaeducation.ch\\\/fr\\\/\",\"name\":\"Sustainable Educational Products &amp; Ecological Toys\u00a0\",\"description\":\"Specialised Swiss shop selling sustainable educational toys and games, AMI certified Montessori materials, handmade ecological wooden Waldorf toys and arts &amp; crafts supplies, school supplies, children&#039;s furniture and Montessori reference and parenting books.\",\"publisher\":{\"@id\":\"https:\\\/\\\/teiaeducation.ch\\\/fr\\\/#organization\"},\"alternateName\":\"Teia Education & Play\",\"potentialAction\":[{\"@type\":\"SearchAction\",\"target\":{\"@type\":\"EntryPoint\",\"urlTemplate\":\"https:\\\/\\\/teiaeducation.ch\\\/fr\\\/?s={search_term_string}\"},\"query-input\":{\"@type\":\"PropertyValueSpecification\",\"valueRequired\":true,\"valueName\":\"search_term_string\"}}],\"inLanguage\":\"fr-FR\"},{\"@type\":\"Organization\",\"@id\":\"https:\\\/\\\/teiaeducation.ch\\\/fr\\\/#organization\",\"name\":\"Teia Education & Play\",\"url\":\"https:\\\/\\\/teiaeducation.ch\\\/fr\\\/\",\"logo\":{\"@type\":\"ImageObject\",\"inLanguage\":\"fr-FR\",\"@id\":\"https:\\\/\\\/teiaeducation.ch\\\/fr\\\/#\\\/schema\\\/logo\\\/image\\\/\",\"url\":\"https:\\\/\\\/teiaeducation.ch\\\/wp-content\\\/uploads\\\/2020\\\/11\\\/Teia-Education-Switzerland-e1620156442216.jpg\",\"contentUrl\":\"https:\\\/\\\/teiaeducation.ch\\\/wp-content\\\/uploads\\\/2020\\\/11\\\/Teia-Education-Switzerland-e1620156442216.jpg\",\"width\":166,\"height\":145,\"caption\":\"Teia Education & Play\"},\"image\":{\"@id\":\"https:\\\/\\\/teiaeducation.ch\\\/fr\\\/#\\\/schema\\\/logo\\\/image\\\/\"},\"sameAs\":[\"https:\\\/\\\/www.facebook.com\\\/teiaeducation\\\/\",\"https:\\\/\\\/x.com\\\/EducationTeia\",\"https:\\\/\\\/www.instagram.com\\\/teia.education\\\/\",\"https:\\\/\\\/www.linkedin.com\\\/company\\\/35501660\",\"https:\\\/\\\/www.pinterest.ch\\\/TeiaEducation\\\/\"]}]}<\/script>\n<meta property=\"product:price:amount\" content=\"105.00\" \/>\n<meta property=\"product:price:currency\" content=\"CHF\" \/>\n<meta property=\"og:availability\" content=\"instock\" \/>\n<meta property=\"product:availability\" content=\"instock\" \/>\n<meta property=\"product:retailer_item_id\" content=\"00000000000000000000000000000000000000000000034999\" \/>\n<meta property=\"product:condition\" content=\"new\" \/>\n<!-- \/ Yoast SEO Premium plugin. -->","yoast_head_json":{"title":"Jeu de math\u00e9matiques en bois 1-20 - Threewood - Teia Education & Play","description":"Le jeu de math\u00e9matiques 1-20 en bois de Threewood est un jouet d'apprentissage des math\u00e9matiques Montessori !","robots":{"index":"index","follow":"follow","max-snippet":"max-snippet:-1","max-image-preview":"max-image-preview:large","max-video-preview":"max-video-preview:-1"},"canonical":"https:\/\/teiaeducation.ch\/fr\/produit\/jeu-de-mathematique-en-bois-1-20-threewood\/","og_locale":"fr_FR","og_type":"article","og_title":"Jeu de math\u00e9matiques en bois 1-20 - Threewood","og_description":"Le jeu de math\u00e9matiques 1-20 en bois de Threewood est un jouet d'apprentissage des math\u00e9matiques Montessori !","og_url":"https:\/\/teiaeducation.ch\/fr\/produit\/jeu-de-mathematique-en-bois-1-20-threewood\/","og_site_name":"Sustainable Educational Products &amp; Ecological Toys\u00a0","article_publisher":"https:\/\/www.facebook.com\/teiaeducation\/","article_modified_time":"2023-12-03T11:12:58+00:00","og_image":[{"width":900,"height":900,"url":"https:\/\/teiaeducation.ch\/wp-content\/uploads\/2021\/10\/Wooden-math-set-1-20-with-reversible-number-cards.jpg","type":"image\/jpeg"}],"schema":{"@context":"https:\/\/schema.org","@graph":[{"@type":"WebPage","@id":"https:\/\/teiaeducation.ch\/fr\/produit\/jeu-de-mathematique-en-bois-1-20-threewood\/","url":"https:\/\/teiaeducation.ch\/fr\/produit\/jeu-de-mathematique-en-bois-1-20-threewood\/","name":"Jeu de math\u00e9matiques en bois 1-20 - Threewood - Teia Education & Play","isPartOf":{"@id":"https:\/\/teiaeducation.ch\/fr\/#website"},"primaryImageOfPage":{"@id":"https:\/\/teiaeducation.ch\/fr\/produit\/jeu-de-mathematique-en-bois-1-20-threewood\/#primaryimage"},"image":{"@id":"https:\/\/teiaeducation.ch\/fr\/produit\/jeu-de-mathematique-en-bois-1-20-threewood\/#primaryimage"},"thumbnailUrl":"https:\/\/teiaeducation.ch\/wp-content\/uploads\/2021\/10\/Wooden-handmade-math-set-1-20-board-with-reversible-trays-Montessori-inspired-learning-toy-Threewood.jpg","datePublished":"2021-10-08T12:30:03+00:00","dateModified":"2023-12-03T11:12:58+00:00","description":"Le jeu de math\u00e9matiques 1-20 en bois de Threewood est un jouet d'apprentissage des math\u00e9matiques Montessori !","breadcrumb":{"@id":"https:\/\/teiaeducation.ch\/fr\/produit\/jeu-de-mathematique-en-bois-1-20-threewood\/#breadcrumb"},"inLanguage":"fr-FR","potentialAction":[{"@type":"ReadAction","target":["https:\/\/teiaeducation.ch\/fr\/produit\/jeu-de-mathematique-en-bois-1-20-threewood\/"]}]},{"@type":"ImageObject","inLanguage":"fr-FR","@id":"https:\/\/teiaeducation.ch\/fr\/produit\/jeu-de-mathematique-en-bois-1-20-threewood\/#primaryimage","url":"https:\/\/teiaeducation.ch\/wp-content\/uploads\/2021\/10\/Wooden-handmade-math-set-1-20-board-with-reversible-trays-Montessori-inspired-learning-toy-Threewood.jpg","contentUrl":"https:\/\/teiaeducation.ch\/wp-content\/uploads\/2021\/10\/Wooden-handmade-math-set-1-20-board-with-reversible-trays-Montessori-inspired-learning-toy-Threewood.jpg","width":1500,"height":1911,"caption":"Wooden handmade math set 1-20 board with reversible trays : Montessori inspired learning toy - Threewood"},{"@type":"BreadcrumbList","@id":"https:\/\/teiaeducation.ch\/fr\/produit\/jeu-de-mathematique-en-bois-1-20-threewood\/#breadcrumb","itemListElement":[{"@type":"ListItem","position":1,"name":"Home","item":"https:\/\/teiaeducation.ch\/fr\/"},{"@type":"ListItem","position":2,"name":"Boutique Teia Education &amp; Play","item":"https:\/\/teiaeducation.ch\/fr\/boutique\/"},{"@type":"ListItem","position":3,"name":"Domaines du Curriculum","item":"https:\/\/teiaeducation.ch\/fr\/categorie-produit\/domaines-du-curriculum\/"},{"@type":"ListItem","position":4,"name":"Alphab\u00e9tisation &amp; Langage","item":"https:\/\/teiaeducation.ch\/fr\/categorie-produit\/domaines-du-curriculum\/alphabetisation-langage\/"},{"@type":"ListItem","position":5,"name":"Apprendre \u00e0 \u00c9crire","item":"https:\/\/teiaeducation.ch\/fr\/categorie-produit\/domaines-du-curriculum\/alphabetisation-langage\/apprendre-a-ecrire\/"},{"@type":"ListItem","position":6,"name":"Jeu de math\u00e9matiques en bois 1-20 &#8211; Threewood"}]},{"@type":"WebSite","@id":"https:\/\/teiaeducation.ch\/fr\/#website","url":"https:\/\/teiaeducation.ch\/fr\/","name":"Sustainable Educational Products &amp; Ecological Toys\u00a0","description":"Specialised Swiss shop selling sustainable educational toys and games, AMI certified Montessori materials, handmade ecological wooden Waldorf toys and arts &amp; crafts supplies, school supplies, children&#039;s furniture and Montessori reference and parenting books.","publisher":{"@id":"https:\/\/teiaeducation.ch\/fr\/#organization"},"alternateName":"Teia Education & Play","potentialAction":[{"@type":"SearchAction","target":{"@type":"EntryPoint","urlTemplate":"https:\/\/teiaeducation.ch\/fr\/?s={search_term_string}"},"query-input":{"@type":"PropertyValueSpecification","valueRequired":true,"valueName":"search_term_string"}}],"inLanguage":"fr-FR"},{"@type":"Organization","@id":"https:\/\/teiaeducation.ch\/fr\/#organization","name":"Teia Education & Play","url":"https:\/\/teiaeducation.ch\/fr\/","logo":{"@type":"ImageObject","inLanguage":"fr-FR","@id":"https:\/\/teiaeducation.ch\/fr\/#\/schema\/logo\/image\/","url":"https:\/\/teiaeducation.ch\/wp-content\/uploads\/2020\/11\/Teia-Education-Switzerland-e1620156442216.jpg","contentUrl":"https:\/\/teiaeducation.ch\/wp-content\/uploads\/2020\/11\/Teia-Education-Switzerland-e1620156442216.jpg","width":166,"height":145,"caption":"Teia Education & Play"},"image":{"@id":"https:\/\/teiaeducation.ch\/fr\/#\/schema\/logo\/image\/"},"sameAs":["https:\/\/www.facebook.com\/teiaeducation\/","https:\/\/x.com\/EducationTeia","https:\/\/www.instagram.com\/teia.education\/","https:\/\/www.linkedin.com\/company\/35501660","https:\/\/www.pinterest.ch\/TeiaEducation\/"]}]},"product_price_amount":"105.00","product_price_currency":"CHF","og_availability":"instock","product_availability":"instock","product_retailer_item_id":"00000000000000000000000000000000000000000000034999","product_condition":"new"},"_links":{"self":[{"href":"https:\/\/teiaeducation.ch\/fr\/wp-json\/wp\/v2\/product\/39725","targetHints":{"allow":["GET"]}}],"collection":[{"href":"https:\/\/teiaeducation.ch\/fr\/wp-json\/wp\/v2\/product"}],"about":[{"href":"https:\/\/teiaeducation.ch\/fr\/wp-json\/wp\/v2\/types\/product"}],"replies":[{"embeddable":true,"href":"https:\/\/teiaeducation.ch\/fr\/wp-json\/wp\/v2\/comments?post=39725"}],"wp:featuredmedia":[{"embeddable":true,"href":"https:\/\/teiaeducation.ch\/fr\/wp-json\/wp\/v2\/media\/57380"}],"wp:attachment":[{"href":"https:\/\/teiaeducation.ch\/fr\/wp-json\/wp\/v2\/media?parent=39725"}],"wp:term":[{"taxonomy":"product_brand","embeddable":true,"href":"https:\/\/teiaeducation.ch\/fr\/wp-json\/wp\/v2\/product_brand?post=39725"},{"taxonomy":"product_cat","embeddable":true,"href":"https:\/\/teiaeducation.ch\/fr\/wp-json\/wp\/v2\/product_cat?post=39725"},{"taxonomy":"product_tag","embeddable":true,"href":"https:\/\/teiaeducation.ch\/fr\/wp-json\/wp\/v2\/product_tag?post=39725"}],"curies":[{"name":"wp","href":"https:\/\/api.w.org\/{rel}","templated":true}]}}