{"id":39734,"date":"2021-10-08T14:56:05","date_gmt":"2021-10-08T12:56:05","guid":{"rendered":"https:\/\/teiaeducation.ch\/?post_type=product&#038;p=39734"},"modified":"2024-12-29T10:12:47","modified_gmt":"2024-12-29T09:12:47","slug":"boules-de-feutre-en-pur-laine-55-threewood","status":"publish","type":"product","link":"https:\/\/teiaeducation.ch\/fr\/produit\/boules-de-feutre-en-pur-laine-55-threewood\/","title":{"rendered":"Boules de feutre en pure laine (55) &#8211; Threewood"},"content":{"rendered":"<p>55 boules de feutre en pure laine \/ Jouet d&#8217;apprentissage sensoriel d&#8217;inspiration Montessori &#8211; Threewood<\/p>\n<p>Les 55 boules de feutre en pure laine de Threewood, aux couleurs de l&#8217;arc-en-ciel, sont un merveilleux jouet d&#8217;apprentissage sensoriel inspir\u00e9 de Montessori pour les enfants.<\/p>\n<p>Les boules de feutre peuvent \u00eatre utilis\u00e9es en compl\u00e9ment de n&#8217;importe quel set Threewood, ou pour s&#8217;entra\u00eener \u00e0 compter. Elles peuvent \u00e9galement \u00eatre utilis\u00e9es pour des jeux cr\u00e9atifs en d\u00e9corant les installations de jeu du petit monde avec ses jolies couleurs vives. L&#8217;apprentissage devient un jeu amusant et pratique avec ce jouet \u00e9ducatif con\u00e7u et fabriqu\u00e9 avec amour, parfait pour l&#8217;apprentissage et le jeu Montessori \u00e0 la maison.<\/p>\n<p>Les 55 boules de laine feutr\u00e9e aux couleurs de l&#8217;arc-en-ciel, magnifiquement naturelles et de tr\u00e8s haute qualit\u00e9 tactile, sont fabriqu\u00e9es \u00e0 la main en Ukraine \u00e0 partir de pure laine et sont livr\u00e9es avec un petit sac de rangement en lin.<\/p>\n<p>Threewood est une \u00e9quipe ukrainienne compos\u00e9e d&#8217;un mari et d&#8217;une femme, Yuriy et Olga, qui cr\u00e9ent d&#8217;\u00e9tonnants jouets et mat\u00e9riels d&#8217;apprentissage faits main, inspir\u00e9s de la p\u00e9dagogie <a href=\"https:\/\/teiaeducation.ch\/fr\/categorie-produit\/methode-deducation\/montessori-fr\/\">Montessori<\/a>. Le nom Threewood repr\u00e9sente leurs 3 enfants et la passion pour le travail du bois que Yuriy a h\u00e9rit\u00e9 de son p\u00e8re et de son grand-p\u00e8re. Ces jouets en bois fabriqu\u00e9s \u00e0 la main sont pour la plupart sculpt\u00e9s dans du ch\u00eane et sont de la plus haute qualit\u00e9 et conception, promettant long\u00e9vit\u00e9 et apprentissage ludique pour des g\u00e9n\u00e9rations !<\/p>\n<p>Contenu :<\/p>\n<p>55 boules de feutre en pure laine<br \/>\n1 sac en lin pour le rangement<\/p>\n","protected":false},"excerpt":{"rendered":"<p>Num\u00e9ro d&#8217;article: TW028<\/p>\n<p>Les 55 boules de feutre en pure laine de Threewood, aux couleurs de l&#8217;arc-en-ciel, sont un merveilleux jouet d&#8217;apprentissage sensoriel inspir\u00e9 de Montessori pour les enfants.<\/p>\n","protected":false},"featured_media":57429,"comment_status":"open","ping_status":"closed","template":"","meta":[],"product_brand":[],"product_cat":[215,216,13128,633,22032,16898,17225,18893,22344,635,283,8526,17239,21257,22421,13130,22181,1220,13142,630,13127,8567,288,7595,1218,217,5851,209,22348,18894,212],"product_tag":[22093,18899,18901,18898,18897,18903,18896,18904,18905,18908,18895,18902,18900,18906,18907],"class_list":{"0":"post-39734","1":"product","2":"type-product","3":"status-publish","4":"has-post-thumbnail","6":"product_cat-3-6-ans","7":"product_cat-6-12-ans","8":"product_cat-apprendre-a-compter","9":"product_cat-apprendre-les-couleurs","10":"product_cat-cadeaux-du-calendrier-de-lavent-et-de-noel","11":"product_cat-collection-automne","12":"product_cat-celebrations-fr","13":"product_cat-collection-printemps","14":"product_cat-collections-saisonnieres","15":"product_cat-competences-motrices","16":"product_cat-domaines-du-curriculum","17":"product_cat-fournitures-scolaires-a-domicile","18":"product_cat-guide-cadeaux-educatifs","19":"product_cat-guides-cadeaux","20":"product_cat-idees-cadeaux-pour-paques","21":"product_cat-jouer","22":"product_cat-jouets-montessori","23":"product_cat-traditionnelle","24":"product_cat-jeu-sensoriel","25":"product_cat-nombres","26":"product_cat-creativite-beaux-arts-et-bricolage","27":"product_cat-materiel-scolaire-montessori","28":"product_cat-mathematiques-calcul","29":"product_cat-methode-deducation","30":"product_cat-montessori-fr","31":"product_cat-marques","32":"product_cat-nouveautes","33":"product_cat-sensorielles-motrices","34":"product_cat-natur-saisonale-tische","35":"product_cat-threewood-fr","36":"product_cat-tranche-dage","37":"product_tag-boules-de-feutre-en-pure-laine-55-threewood","38":"product_tag-fabrique-en-ukraine","39":"product_tag-jouet-dapprentissage-dinspiration-montessori","40":"product_tag-jouet-dapprentissage-de-lalphabet-en-bois","41":"product_tag-jouet-dapprentissage-en-bois-fabrique-a-la-main","42":"product_tag-jouet-dapprentissage-montessori-fabrique-a-la-main","43":"product_tag-jouets-montessori-de-threewood","44":"product_tag-lettres-et-mots-en-bois","45":"product_tag-planche-a-lettres-en-bois-threewood","46":"product_tag-planche-a-tracer-en-bois-arc-en-ciel-threewood","47":"product_tag-tableau-alphabetique-en-bois-anglais-threewood","48":"product_tag-tableau-alphabetique-en-bois-de-threewood","49":"product_tag-tableau-dalphabet-anglais-threewood","50":"product_tag-tableau-de-tracage-de-lalphabet-en-bois-threewood","51":"product_tag-tableau-de-tracage-des-chiffres-en-bois-threewood","53":"first","54":"outofstock","55":"taxable","56":"shipping-taxable","57":"purchasable","58":"product-type-simple"},"yoast_head":"<!-- This site is optimized with the Yoast SEO plugin v27.3 - https:\/\/yoast.com\/product\/yoast-seo-wordpress\/ -->\n<title>Boules de feutre en pure laine (55) - Threewood - Teia Education &amp; Play<\/title>\n<meta name=\"description\" content=\"Les 55 boules de feutre en pure laine de Threewood, aux couleurs de l&#039;arc-en-ciel, sont un merveilleux jouet d&#039;apprentissage Montessori !\" \/>\n<meta name=\"robots\" content=\"index, follow, max-snippet:-1, max-image-preview:large, max-video-preview:-1\" \/>\n<link rel=\"canonical\" href=\"https:\/\/teiaeducation.ch\/fr\/produit\/boules-de-feutre-en-pur-laine-55-threewood\/\" \/>\n<meta property=\"og:locale\" content=\"fr_FR\" \/>\n<meta property=\"og:type\" content=\"article\" \/>\n<meta property=\"og:title\" content=\"Boules de feutre en pure laine (55) - Threewood - Teia Education &amp; Play\" \/>\n<meta property=\"og:description\" content=\"Les 55 boules de feutre en pure laine de Threewood, aux couleurs de l&#039;arc-en-ciel, sont un merveilleux jouet d&#039;apprentissage Montessori !\" \/>\n<meta property=\"og:url\" content=\"https:\/\/teiaeducation.ch\/fr\/produit\/boules-de-feutre-en-pur-laine-55-threewood\/\" \/>\n<meta property=\"og:site_name\" content=\"Sustainable Educational Products &amp; Ecological Toys\u00a0\" \/>\n<meta property=\"article:publisher\" content=\"https:\/\/www.facebook.com\/teiaeducation\/\" \/>\n<meta property=\"article:modified_time\" content=\"2024-12-29T09:12:47+00:00\" \/>\n<meta property=\"og:image\" content=\"https:\/\/teiaeducation.ch\/wp-content\/uploads\/2021\/10\/Woollen-felt-balls-55-Threewood_Teia-Education-Play-2-scaled.jpeg\" \/>\n\t<meta property=\"og:image:width\" content=\"1931\" \/>\n\t<meta property=\"og:image:height\" content=\"2048\" \/>\n\t<meta property=\"og:image:type\" content=\"image\/jpeg\" \/>\n<script type=\"application\/ld+json\" class=\"yoast-schema-graph\">{\"@context\":\"https:\\\/\\\/schema.org\",\"@graph\":[{\"@type\":\"WebPage\",\"@id\":\"https:\\\/\\\/teiaeducation.ch\\\/fr\\\/produit\\\/boules-de-feutre-en-pur-laine-55-threewood\\\/\",\"url\":\"https:\\\/\\\/teiaeducation.ch\\\/fr\\\/produit\\\/boules-de-feutre-en-pur-laine-55-threewood\\\/\",\"name\":\"Boules de feutre en pure laine (55) - Threewood - Teia Education & Play\",\"isPartOf\":{\"@id\":\"https:\\\/\\\/teiaeducation.ch\\\/fr\\\/#website\"},\"primaryImageOfPage\":{\"@id\":\"https:\\\/\\\/teiaeducation.ch\\\/fr\\\/produit\\\/boules-de-feutre-en-pur-laine-55-threewood\\\/#primaryimage\"},\"image\":{\"@id\":\"https:\\\/\\\/teiaeducation.ch\\\/fr\\\/produit\\\/boules-de-feutre-en-pur-laine-55-threewood\\\/#primaryimage\"},\"thumbnailUrl\":\"https:\\\/\\\/teiaeducation.ch\\\/wp-content\\\/uploads\\\/2021\\\/10\\\/Woollen-felt-balls-55-Threewood_Teia-Education-Play-2-scaled.jpeg\",\"datePublished\":\"2021-10-08T12:56:05+00:00\",\"dateModified\":\"2024-12-29T09:12:47+00:00\",\"description\":\"Les 55 boules de feutre en pure laine de Threewood, aux couleurs de l'arc-en-ciel, sont un merveilleux jouet d'apprentissage Montessori !\",\"breadcrumb\":{\"@id\":\"https:\\\/\\\/teiaeducation.ch\\\/fr\\\/produit\\\/boules-de-feutre-en-pur-laine-55-threewood\\\/#breadcrumb\"},\"inLanguage\":\"fr-FR\",\"potentialAction\":[{\"@type\":\"ReadAction\",\"target\":[\"https:\\\/\\\/teiaeducation.ch\\\/fr\\\/produit\\\/boules-de-feutre-en-pur-laine-55-threewood\\\/\"]}]},{\"@type\":\"ImageObject\",\"inLanguage\":\"fr-FR\",\"@id\":\"https:\\\/\\\/teiaeducation.ch\\\/fr\\\/produit\\\/boules-de-feutre-en-pur-laine-55-threewood\\\/#primaryimage\",\"url\":\"https:\\\/\\\/teiaeducation.ch\\\/wp-content\\\/uploads\\\/2021\\\/10\\\/Woollen-felt-balls-55-Threewood_Teia-Education-Play-2-scaled.jpeg\",\"contentUrl\":\"https:\\\/\\\/teiaeducation.ch\\\/wp-content\\\/uploads\\\/2021\\\/10\\\/Woollen-felt-balls-55-Threewood_Teia-Education-Play-2-scaled.jpeg\",\"width\":1931,\"height\":2048,\"caption\":\"Woollen felt balls (55) - Threewood Teia Education & Play\"},{\"@type\":\"BreadcrumbList\",\"@id\":\"https:\\\/\\\/teiaeducation.ch\\\/fr\\\/produit\\\/boules-de-feutre-en-pur-laine-55-threewood\\\/#breadcrumb\",\"itemListElement\":[{\"@type\":\"ListItem\",\"position\":1,\"name\":\"Home\",\"item\":\"https:\\\/\\\/teiaeducation.ch\\\/fr\\\/\"},{\"@type\":\"ListItem\",\"position\":2,\"name\":\"Boutique Teia Education &amp; Play\",\"item\":\"https:\\\/\\\/teiaeducation.ch\\\/fr\\\/boutique\\\/\"},{\"@type\":\"ListItem\",\"position\":3,\"name\":\"Domaines du Curriculum\",\"item\":\"https:\\\/\\\/teiaeducation.ch\\\/fr\\\/categorie-produit\\\/domaines-du-curriculum\\\/\"},{\"@type\":\"ListItem\",\"position\":4,\"name\":\"Math\u00e9matiques &amp; Calcul\",\"item\":\"https:\\\/\\\/teiaeducation.ch\\\/fr\\\/categorie-produit\\\/domaines-du-curriculum\\\/mathematiques-calcul\\\/\"},{\"@type\":\"ListItem\",\"position\":5,\"name\":\"Apprendre \u00e0 Compter\",\"item\":\"https:\\\/\\\/teiaeducation.ch\\\/fr\\\/categorie-produit\\\/domaines-du-curriculum\\\/mathematiques-calcul\\\/apprendre-a-compter\\\/\"},{\"@type\":\"ListItem\",\"position\":6,\"name\":\"Boules de feutre en pure laine (55) &#8211; Threewood\"}]},{\"@type\":\"WebSite\",\"@id\":\"https:\\\/\\\/teiaeducation.ch\\\/fr\\\/#website\",\"url\":\"https:\\\/\\\/teiaeducation.ch\\\/fr\\\/\",\"name\":\"Sustainable Educational Products &amp; Ecological Toys\u00a0\",\"description\":\"Specialised Swiss shop selling sustainable educational toys and games, AMI certified Montessori materials, handmade ecological wooden Waldorf toys and arts &amp; crafts supplies, school supplies, children&#039;s furniture and Montessori reference and parenting books.\",\"publisher\":{\"@id\":\"https:\\\/\\\/teiaeducation.ch\\\/fr\\\/#organization\"},\"alternateName\":\"Teia Education & Play\",\"potentialAction\":[{\"@type\":\"SearchAction\",\"target\":{\"@type\":\"EntryPoint\",\"urlTemplate\":\"https:\\\/\\\/teiaeducation.ch\\\/fr\\\/?s={search_term_string}\"},\"query-input\":{\"@type\":\"PropertyValueSpecification\",\"valueRequired\":true,\"valueName\":\"search_term_string\"}}],\"inLanguage\":\"fr-FR\"},{\"@type\":\"Organization\",\"@id\":\"https:\\\/\\\/teiaeducation.ch\\\/fr\\\/#organization\",\"name\":\"Teia Education & Play\",\"url\":\"https:\\\/\\\/teiaeducation.ch\\\/fr\\\/\",\"logo\":{\"@type\":\"ImageObject\",\"inLanguage\":\"fr-FR\",\"@id\":\"https:\\\/\\\/teiaeducation.ch\\\/fr\\\/#\\\/schema\\\/logo\\\/image\\\/\",\"url\":\"https:\\\/\\\/teiaeducation.ch\\\/wp-content\\\/uploads\\\/2020\\\/11\\\/Teia-Education-Switzerland-e1620156442216.jpg\",\"contentUrl\":\"https:\\\/\\\/teiaeducation.ch\\\/wp-content\\\/uploads\\\/2020\\\/11\\\/Teia-Education-Switzerland-e1620156442216.jpg\",\"width\":166,\"height\":145,\"caption\":\"Teia Education & Play\"},\"image\":{\"@id\":\"https:\\\/\\\/teiaeducation.ch\\\/fr\\\/#\\\/schema\\\/logo\\\/image\\\/\"},\"sameAs\":[\"https:\\\/\\\/www.facebook.com\\\/teiaeducation\\\/\",\"https:\\\/\\\/x.com\\\/EducationTeia\",\"https:\\\/\\\/www.instagram.com\\\/teia.education\\\/\",\"https:\\\/\\\/www.linkedin.com\\\/company\\\/35501660\",\"https:\\\/\\\/www.pinterest.ch\\\/TeiaEducation\\\/\"]}]}<\/script>\n<!-- \/ Yoast SEO plugin. -->","yoast_head_json":{"title":"Boules de feutre en pure laine (55) - Threewood - Teia Education & Play","description":"Les 55 boules de feutre en pure laine de Threewood, aux couleurs de l'arc-en-ciel, sont un merveilleux jouet d'apprentissage Montessori !","robots":{"index":"index","follow":"follow","max-snippet":"max-snippet:-1","max-image-preview":"max-image-preview:large","max-video-preview":"max-video-preview:-1"},"canonical":"https:\/\/teiaeducation.ch\/fr\/produit\/boules-de-feutre-en-pur-laine-55-threewood\/","og_locale":"fr_FR","og_type":"article","og_title":"Boules de feutre en pure laine (55) - Threewood - Teia Education & Play","og_description":"Les 55 boules de feutre en pure laine de Threewood, aux couleurs de l'arc-en-ciel, sont un merveilleux jouet d'apprentissage Montessori !","og_url":"https:\/\/teiaeducation.ch\/fr\/produit\/boules-de-feutre-en-pur-laine-55-threewood\/","og_site_name":"Sustainable Educational Products &amp; Ecological Toys\u00a0","article_publisher":"https:\/\/www.facebook.com\/teiaeducation\/","article_modified_time":"2024-12-29T09:12:47+00:00","og_image":[{"width":1931,"height":2048,"url":"https:\/\/teiaeducation.ch\/wp-content\/uploads\/2021\/10\/Woollen-felt-balls-55-Threewood_Teia-Education-Play-2-scaled.jpeg","type":"image\/jpeg"}],"schema":{"@context":"https:\/\/schema.org","@graph":[{"@type":"WebPage","@id":"https:\/\/teiaeducation.ch\/fr\/produit\/boules-de-feutre-en-pur-laine-55-threewood\/","url":"https:\/\/teiaeducation.ch\/fr\/produit\/boules-de-feutre-en-pur-laine-55-threewood\/","name":"Boules de feutre en pure laine (55) - Threewood - Teia Education & Play","isPartOf":{"@id":"https:\/\/teiaeducation.ch\/fr\/#website"},"primaryImageOfPage":{"@id":"https:\/\/teiaeducation.ch\/fr\/produit\/boules-de-feutre-en-pur-laine-55-threewood\/#primaryimage"},"image":{"@id":"https:\/\/teiaeducation.ch\/fr\/produit\/boules-de-feutre-en-pur-laine-55-threewood\/#primaryimage"},"thumbnailUrl":"https:\/\/teiaeducation.ch\/wp-content\/uploads\/2021\/10\/Woollen-felt-balls-55-Threewood_Teia-Education-Play-2-scaled.jpeg","datePublished":"2021-10-08T12:56:05+00:00","dateModified":"2024-12-29T09:12:47+00:00","description":"Les 55 boules de feutre en pure laine de Threewood, aux couleurs de l'arc-en-ciel, sont un merveilleux jouet d'apprentissage Montessori !","breadcrumb":{"@id":"https:\/\/teiaeducation.ch\/fr\/produit\/boules-de-feutre-en-pur-laine-55-threewood\/#breadcrumb"},"inLanguage":"fr-FR","potentialAction":[{"@type":"ReadAction","target":["https:\/\/teiaeducation.ch\/fr\/produit\/boules-de-feutre-en-pur-laine-55-threewood\/"]}]},{"@type":"ImageObject","inLanguage":"fr-FR","@id":"https:\/\/teiaeducation.ch\/fr\/produit\/boules-de-feutre-en-pur-laine-55-threewood\/#primaryimage","url":"https:\/\/teiaeducation.ch\/wp-content\/uploads\/2021\/10\/Woollen-felt-balls-55-Threewood_Teia-Education-Play-2-scaled.jpeg","contentUrl":"https:\/\/teiaeducation.ch\/wp-content\/uploads\/2021\/10\/Woollen-felt-balls-55-Threewood_Teia-Education-Play-2-scaled.jpeg","width":1931,"height":2048,"caption":"Woollen felt balls (55) - Threewood Teia Education & Play"},{"@type":"BreadcrumbList","@id":"https:\/\/teiaeducation.ch\/fr\/produit\/boules-de-feutre-en-pur-laine-55-threewood\/#breadcrumb","itemListElement":[{"@type":"ListItem","position":1,"name":"Home","item":"https:\/\/teiaeducation.ch\/fr\/"},{"@type":"ListItem","position":2,"name":"Boutique Teia Education &amp; Play","item":"https:\/\/teiaeducation.ch\/fr\/boutique\/"},{"@type":"ListItem","position":3,"name":"Domaines du Curriculum","item":"https:\/\/teiaeducation.ch\/fr\/categorie-produit\/domaines-du-curriculum\/"},{"@type":"ListItem","position":4,"name":"Math\u00e9matiques &amp; Calcul","item":"https:\/\/teiaeducation.ch\/fr\/categorie-produit\/domaines-du-curriculum\/mathematiques-calcul\/"},{"@type":"ListItem","position":5,"name":"Apprendre \u00e0 Compter","item":"https:\/\/teiaeducation.ch\/fr\/categorie-produit\/domaines-du-curriculum\/mathematiques-calcul\/apprendre-a-compter\/"},{"@type":"ListItem","position":6,"name":"Boules de feutre en pure laine (55) &#8211; Threewood"}]},{"@type":"WebSite","@id":"https:\/\/teiaeducation.ch\/fr\/#website","url":"https:\/\/teiaeducation.ch\/fr\/","name":"Sustainable Educational Products &amp; Ecological Toys\u00a0","description":"Specialised Swiss shop selling sustainable educational toys and games, AMI certified Montessori materials, handmade ecological wooden Waldorf toys and arts &amp; crafts supplies, school supplies, children&#039;s furniture and Montessori reference and parenting books.","publisher":{"@id":"https:\/\/teiaeducation.ch\/fr\/#organization"},"alternateName":"Teia Education & Play","potentialAction":[{"@type":"SearchAction","target":{"@type":"EntryPoint","urlTemplate":"https:\/\/teiaeducation.ch\/fr\/?s={search_term_string}"},"query-input":{"@type":"PropertyValueSpecification","valueRequired":true,"valueName":"search_term_string"}}],"inLanguage":"fr-FR"},{"@type":"Organization","@id":"https:\/\/teiaeducation.ch\/fr\/#organization","name":"Teia Education & Play","url":"https:\/\/teiaeducation.ch\/fr\/","logo":{"@type":"ImageObject","inLanguage":"fr-FR","@id":"https:\/\/teiaeducation.ch\/fr\/#\/schema\/logo\/image\/","url":"https:\/\/teiaeducation.ch\/wp-content\/uploads\/2020\/11\/Teia-Education-Switzerland-e1620156442216.jpg","contentUrl":"https:\/\/teiaeducation.ch\/wp-content\/uploads\/2020\/11\/Teia-Education-Switzerland-e1620156442216.jpg","width":166,"height":145,"caption":"Teia Education & Play"},"image":{"@id":"https:\/\/teiaeducation.ch\/fr\/#\/schema\/logo\/image\/"},"sameAs":["https:\/\/www.facebook.com\/teiaeducation\/","https:\/\/x.com\/EducationTeia","https:\/\/www.instagram.com\/teia.education\/","https:\/\/www.linkedin.com\/company\/35501660","https:\/\/www.pinterest.ch\/TeiaEducation\/"]}]}},"_links":{"self":[{"href":"https:\/\/teiaeducation.ch\/fr\/wp-json\/wp\/v2\/product\/39734","targetHints":{"allow":["GET"]}}],"collection":[{"href":"https:\/\/teiaeducation.ch\/fr\/wp-json\/wp\/v2\/product"}],"about":[{"href":"https:\/\/teiaeducation.ch\/fr\/wp-json\/wp\/v2\/types\/product"}],"replies":[{"embeddable":true,"href":"https:\/\/teiaeducation.ch\/fr\/wp-json\/wp\/v2\/comments?post=39734"}],"wp:featuredmedia":[{"embeddable":true,"href":"https:\/\/teiaeducation.ch\/fr\/wp-json\/wp\/v2\/media\/57429"}],"wp:attachment":[{"href":"https:\/\/teiaeducation.ch\/fr\/wp-json\/wp\/v2\/media?parent=39734"}],"wp:term":[{"taxonomy":"product_brand","embeddable":true,"href":"https:\/\/teiaeducation.ch\/fr\/wp-json\/wp\/v2\/product_brand?post=39734"},{"taxonomy":"product_cat","embeddable":true,"href":"https:\/\/teiaeducation.ch\/fr\/wp-json\/wp\/v2\/product_cat?post=39734"},{"taxonomy":"product_tag","embeddable":true,"href":"https:\/\/teiaeducation.ch\/fr\/wp-json\/wp\/v2\/product_tag?post=39734"}],"curies":[{"name":"wp","href":"https:\/\/api.w.org\/{rel}","templated":true}]}}