{"id":39740,"date":"2021-10-08T15:28:35","date_gmt":"2021-10-08T13:28:35","guid":{"rendered":"https:\/\/teiaeducation.ch\/?post_type=product&#038;p=39740"},"modified":"2024-06-13T20:35:37","modified_gmt":"2024-06-13T18:35:37","slug":"porte-crayons-montessori-threewood","status":"publish","type":"product","link":"https:\/\/teiaeducation.ch\/fr\/produit\/porte-crayons-montessori-threewood\/","title":{"rendered":"Porte-crayons Montessori &#8211; Threewood"},"content":{"rendered":"<p>Porte-crayons Montessori en bois pour <span data-sheets-value=\"{\" data-sheets-userformat=\"{\">crayons<\/span> de couleur &#8211; Threewood<\/p>\n<p>Ce magnifique support en bois pour crayons de couleur, inspir\u00e9 de <a href=\"https:\/\/teiaeducation.ch\/fr\/categorie-produit\/methode-deducation\/montessori-fr\/\">Montessori<\/a>\u00a0et fabriqu\u00e9 \u00e0 la main par Threewood, permet \u00e0 toute <span class=\"Apple-converted-space\">table<\/span> d&#8217;art et creativit\u00e9 de rester bien rang\u00e9e et organis\u00e9e !<\/p>\n<p>Le porte-crayons en bois naturel avec boules de feutre en laine pure dispose de 10 emplacements pour ranger et trier les crayons de couleur, ce qui permet aux enfants de trouver rapidement les couleurs souhait\u00e9es. Le porte-crayon peut \u00e9galement \u00eatre utilis\u00e9 pour trier les couleurs avec des crayons, des crayons de couleur ou les jolies boules de feutre de Threewood. Il constitue un ajout agr\u00e9able \u00e0 l&#8217;\u0153il pour tout espace de jeu ou toute salle de classe.<\/p>\n<p>Ce porte-crayons de couleur en bois naturel et de tr\u00e8s haute qualit\u00e9 est fabriqu\u00e9 \u00e0 la main en Ukraine \u00e0 partir de ch\u00eane ou de h\u00eatre massif d&#8217;origine locale, avec une finition \u00e0 l&#8217;huile naturelle, et comprend 10 boules de laine feutr\u00e9e aux couleurs de l&#8217;arc-en-ciel.<\/p>\n<p>Threewood est une \u00e9quipe ukrainienne compos\u00e9e d&#8217;un mari et d&#8217;une femme, Yuriy et Olga, qui cr\u00e9ent d&#8217;\u00e9tonnants jouets et mat\u00e9riels d&#8217;apprentissage faits main, inspir\u00e9s de la p\u00e9dagogie Montessori. Le nom Threewood repr\u00e9sente leurs 3 enfants et la passion pour le travail du bois que Yuriy a h\u00e9rit\u00e9 de son p\u00e8re et de son grand-p\u00e8re. Ces jouets en bois fabriqu\u00e9s \u00e0 la main sont pour la plupart sculpt\u00e9s dans du ch\u00eane et sont de la plus haute qualit\u00e9 et conception, promettant long\u00e9vit\u00e9 et apprentissage ludique pour des g\u00e9n\u00e9rations !<\/p>\n<p>Contenu :<\/p>\n<p>1 porte-crayons<br \/>\n10 boules de laine feutr\u00e9e<br \/>\n* Les crayons ne sont pas inclus<\/p>\n","protected":false},"excerpt":{"rendered":"<p>Num\u00e9ro d&#8217;article: TW029<\/p>\n<p>Le porte-crayons en bois, inspir\u00e9 de Montessori et fait main par Threewood, est une belle addition \u00e0 tout espace de jeu.<\/p>\n","protected":false},"featured_media":39748,"comment_status":"open","ping_status":"closed","template":"","meta":[],"product_brand":[],"product_cat":[8527,215,216,633,22344,635,20247,283,8526,16897,17240,21257,13130,23020,22181,1220,23650,13142,13127,277,8567,7595,1218,217,5851,20263,209,18894,212,1219],"product_tag":[18899,18901,18898,18897,18903,18896,18904,18905,18908,22092,18895,18902,18900,18906,18907],"class_list":{"0":"post-39740","1":"product","2":"type-product","3":"status-publish","4":"has-post-thumbnail","6":"product_cat-3-6-ans-ecole-a-domicile","7":"product_cat-3-6-ans","8":"product_cat-6-12-ans","9":"product_cat-apprendre-les-couleurs","10":"product_cat-collections-saisonnieres","11":"product_cat-competences-motrices","12":"product_cat-dessin-et-coloriage","13":"product_cat-domaines-du-curriculum","14":"product_cat-fournitures-scolaires-a-domicile","15":"product_cat-guide-cadeau-6-12-ans","16":"product_cat-guide-cadeaux-creatif","17":"product_cat-guides-cadeaux","18":"product_cat-jouer","19":"product_cat-jouets-en-bois","20":"product_cat-jouets-montessori","21":"product_cat-traditionnelle","22":"product_cat-la-rentree-scolaire","23":"product_cat-jeu-sensoriel","24":"product_cat-creativite-beaux-arts-et-bricolage","25":"product_cat-materiel-indispensable","26":"product_cat-materiel-scolaire-montessori","27":"product_cat-methode-deducation","28":"product_cat-montessori-fr","29":"product_cat-marques","30":"product_cat-nouveautes","31":"product_cat-outils-creatifs-et-rangement","32":"product_cat-sensorielles-motrices","33":"product_cat-threewood-fr","34":"product_cat-tranche-dage","35":"product_cat-waldorf-fr","36":"product_tag-fabrique-en-ukraine","37":"product_tag-jouet-dapprentissage-dinspiration-montessori","38":"product_tag-jouet-dapprentissage-de-lalphabet-en-bois","39":"product_tag-jouet-dapprentissage-en-bois-fabrique-a-la-main","40":"product_tag-jouet-dapprentissage-montessori-fabrique-a-la-main","41":"product_tag-jouets-montessori-de-threewood","42":"product_tag-lettres-et-mots-en-bois","43":"product_tag-planche-a-lettres-en-bois-threewood","44":"product_tag-planche-a-tracer-en-bois-arc-en-ciel-threewood","45":"product_tag-porte-crayons-montessori-en-bois-pour-crayons-de-couleur-threewood","46":"product_tag-tableau-alphabetique-en-bois-anglais-threewood","47":"product_tag-tableau-alphabetique-en-bois-de-threewood","48":"product_tag-tableau-dalphabet-anglais-threewood","49":"product_tag-tableau-de-tracage-de-lalphabet-en-bois-threewood","50":"product_tag-tableau-de-tracage-des-chiffres-en-bois-threewood","52":"first","53":"instock","54":"taxable","55":"shipping-taxable","56":"purchasable","57":"product-type-variable"},"yoast_head":"<!-- This site is optimized with the Yoast SEO Premium plugin v25.8 (Yoast SEO v27.4) - https:\/\/yoast.com\/product\/yoast-seo-premium-wordpress\/ -->\n<title>Porte-crayons Montessori - Threewood - Teia Education &amp; Play<\/title>\n<meta name=\"description\" content=\"Le porte-crayons en bois, inspir\u00e9 de Montessori et fait main par Threewood, est une belle addition \u00e0 tout table d&#039;art et espace de jeu.\" \/>\n<meta name=\"robots\" content=\"index, follow, max-snippet:-1, max-image-preview:large, max-video-preview:-1\" \/>\n<link rel=\"canonical\" href=\"https:\/\/teiaeducation.ch\/fr\/produit\/porte-crayons-montessori-threewood\/\" \/>\n<meta property=\"og:locale\" content=\"fr_FR\" \/>\n<meta property=\"og:type\" content=\"article\" \/>\n<meta property=\"og:title\" content=\"Porte-crayons Montessori - Threewood\" \/>\n<meta property=\"og:description\" content=\"Le porte-crayons en bois, inspir\u00e9 de Montessori et fait main par Threewood, est une belle addition \u00e0 tout table d&#039;art et espace de jeu.\" \/>\n<meta property=\"og:url\" content=\"https:\/\/teiaeducation.ch\/fr\/produit\/porte-crayons-montessori-threewood\/\" \/>\n<meta property=\"og:site_name\" content=\"Sustainable Educational Products &amp; Ecological Toys\u00a0\" \/>\n<meta property=\"article:publisher\" content=\"https:\/\/www.facebook.com\/teiaeducation\/\" \/>\n<meta property=\"article:modified_time\" content=\"2024-06-13T18:35:37+00:00\" \/>\n<meta property=\"og:image\" content=\"https:\/\/teiaeducation.ch\/wp-content\/uploads\/2021\/10\/Wooden-Montessori-holder-for-coloured-pencils-Threewood.jpg\" \/>\n\t<meta property=\"og:image:width\" content=\"1588\" \/>\n\t<meta property=\"og:image:height\" content=\"1588\" \/>\n\t<meta property=\"og:image:type\" content=\"image\/jpeg\" \/>\n<script type=\"application\/ld+json\" class=\"yoast-schema-graph\">{\"@context\":\"https:\\\/\\\/schema.org\",\"@graph\":[{\"@type\":\"WebPage\",\"@id\":\"https:\\\/\\\/teiaeducation.ch\\\/fr\\\/produit\\\/porte-crayons-montessori-threewood\\\/\",\"url\":\"https:\\\/\\\/teiaeducation.ch\\\/fr\\\/produit\\\/porte-crayons-montessori-threewood\\\/\",\"name\":\"Porte-crayons Montessori - Threewood - Teia Education & Play\",\"isPartOf\":{\"@id\":\"https:\\\/\\\/teiaeducation.ch\\\/fr\\\/#website\"},\"primaryImageOfPage\":{\"@id\":\"https:\\\/\\\/teiaeducation.ch\\\/fr\\\/produit\\\/porte-crayons-montessori-threewood\\\/#primaryimage\"},\"image\":{\"@id\":\"https:\\\/\\\/teiaeducation.ch\\\/fr\\\/produit\\\/porte-crayons-montessori-threewood\\\/#primaryimage\"},\"thumbnailUrl\":\"https:\\\/\\\/teiaeducation.ch\\\/wp-content\\\/uploads\\\/2021\\\/10\\\/Wooden-Montessori-holder-for-coloured-pencils-Threewood.jpg\",\"datePublished\":\"2021-10-08T13:28:35+00:00\",\"dateModified\":\"2024-06-13T18:35:37+00:00\",\"description\":\"Le porte-crayons en bois, inspir\u00e9 de Montessori et fait main par Threewood, est une belle addition \u00e0 tout table d'art et espace de jeu.\",\"breadcrumb\":{\"@id\":\"https:\\\/\\\/teiaeducation.ch\\\/fr\\\/produit\\\/porte-crayons-montessori-threewood\\\/#breadcrumb\"},\"inLanguage\":\"fr-FR\",\"potentialAction\":[{\"@type\":\"ReadAction\",\"target\":[\"https:\\\/\\\/teiaeducation.ch\\\/fr\\\/produit\\\/porte-crayons-montessori-threewood\\\/\"]}]},{\"@type\":\"ImageObject\",\"inLanguage\":\"fr-FR\",\"@id\":\"https:\\\/\\\/teiaeducation.ch\\\/fr\\\/produit\\\/porte-crayons-montessori-threewood\\\/#primaryimage\",\"url\":\"https:\\\/\\\/teiaeducation.ch\\\/wp-content\\\/uploads\\\/2021\\\/10\\\/Wooden-Montessori-holder-for-coloured-pencils-Threewood.jpg\",\"contentUrl\":\"https:\\\/\\\/teiaeducation.ch\\\/wp-content\\\/uploads\\\/2021\\\/10\\\/Wooden-Montessori-holder-for-coloured-pencils-Threewood.jpg\",\"width\":1588,\"height\":1588,\"caption\":\"Porte-crayons Montessori en bois pour crayons de couleur - Threewood\"},{\"@type\":\"BreadcrumbList\",\"@id\":\"https:\\\/\\\/teiaeducation.ch\\\/fr\\\/produit\\\/porte-crayons-montessori-threewood\\\/#breadcrumb\",\"itemListElement\":[{\"@type\":\"ListItem\",\"position\":1,\"name\":\"Home\",\"item\":\"https:\\\/\\\/teiaeducation.ch\\\/fr\\\/\"},{\"@type\":\"ListItem\",\"position\":2,\"name\":\"Boutique Teia Education &amp; Play\",\"item\":\"https:\\\/\\\/teiaeducation.ch\\\/fr\\\/boutique\\\/\"},{\"@type\":\"ListItem\",\"position\":3,\"name\":\"Nos Marques\",\"item\":\"https:\\\/\\\/teiaeducation.ch\\\/fr\\\/categorie-produit\\\/marques\\\/\"},{\"@type\":\"ListItem\",\"position\":4,\"name\":\"Threewood\",\"item\":\"https:\\\/\\\/teiaeducation.ch\\\/fr\\\/categorie-produit\\\/marques\\\/threewood-fr\\\/\"},{\"@type\":\"ListItem\",\"position\":5,\"name\":\"Porte-crayons Montessori &#8211; Threewood\"}]},{\"@type\":\"WebSite\",\"@id\":\"https:\\\/\\\/teiaeducation.ch\\\/fr\\\/#website\",\"url\":\"https:\\\/\\\/teiaeducation.ch\\\/fr\\\/\",\"name\":\"Sustainable Educational Products &amp; Ecological Toys\u00a0\",\"description\":\"Specialised Swiss shop selling sustainable educational toys and games, AMI certified Montessori materials, handmade ecological wooden Waldorf toys and arts &amp; crafts supplies, school supplies, children&#039;s furniture and Montessori reference and parenting books.\",\"publisher\":{\"@id\":\"https:\\\/\\\/teiaeducation.ch\\\/fr\\\/#organization\"},\"alternateName\":\"Teia Education & Play\",\"potentialAction\":[{\"@type\":\"SearchAction\",\"target\":{\"@type\":\"EntryPoint\",\"urlTemplate\":\"https:\\\/\\\/teiaeducation.ch\\\/fr\\\/?s={search_term_string}\"},\"query-input\":{\"@type\":\"PropertyValueSpecification\",\"valueRequired\":true,\"valueName\":\"search_term_string\"}}],\"inLanguage\":\"fr-FR\"},{\"@type\":\"Organization\",\"@id\":\"https:\\\/\\\/teiaeducation.ch\\\/fr\\\/#organization\",\"name\":\"Teia Education & Play\",\"url\":\"https:\\\/\\\/teiaeducation.ch\\\/fr\\\/\",\"logo\":{\"@type\":\"ImageObject\",\"inLanguage\":\"fr-FR\",\"@id\":\"https:\\\/\\\/teiaeducation.ch\\\/fr\\\/#\\\/schema\\\/logo\\\/image\\\/\",\"url\":\"https:\\\/\\\/teiaeducation.ch\\\/wp-content\\\/uploads\\\/2020\\\/11\\\/Teia-Education-Switzerland-e1620156442216.jpg\",\"contentUrl\":\"https:\\\/\\\/teiaeducation.ch\\\/wp-content\\\/uploads\\\/2020\\\/11\\\/Teia-Education-Switzerland-e1620156442216.jpg\",\"width\":166,\"height\":145,\"caption\":\"Teia Education & Play\"},\"image\":{\"@id\":\"https:\\\/\\\/teiaeducation.ch\\\/fr\\\/#\\\/schema\\\/logo\\\/image\\\/\"},\"sameAs\":[\"https:\\\/\\\/www.facebook.com\\\/teiaeducation\\\/\",\"https:\\\/\\\/x.com\\\/EducationTeia\",\"https:\\\/\\\/www.instagram.com\\\/teia.education\\\/\",\"https:\\\/\\\/www.linkedin.com\\\/company\\\/35501660\",\"https:\\\/\\\/www.pinterest.ch\\\/TeiaEducation\\\/\"]}]}<\/script>\n<meta property=\"og:availability\" content=\"instock\" \/>\n<meta property=\"product:availability\" content=\"instock\" \/>\n<meta property=\"product:retailer_item_id\" content=\"00000000000000000000000000000000000000000000034903\" \/>\n<meta property=\"product:condition\" content=\"new\" \/>\n<!-- \/ Yoast SEO Premium plugin. -->","yoast_head_json":{"title":"Porte-crayons Montessori - Threewood - Teia Education & Play","description":"Le porte-crayons en bois, inspir\u00e9 de Montessori et fait main par Threewood, est une belle addition \u00e0 tout table d'art et espace de jeu.","robots":{"index":"index","follow":"follow","max-snippet":"max-snippet:-1","max-image-preview":"max-image-preview:large","max-video-preview":"max-video-preview:-1"},"canonical":"https:\/\/teiaeducation.ch\/fr\/produit\/porte-crayons-montessori-threewood\/","og_locale":"fr_FR","og_type":"article","og_title":"Porte-crayons Montessori - Threewood","og_description":"Le porte-crayons en bois, inspir\u00e9 de Montessori et fait main par Threewood, est une belle addition \u00e0 tout table d'art et espace de jeu.","og_url":"https:\/\/teiaeducation.ch\/fr\/produit\/porte-crayons-montessori-threewood\/","og_site_name":"Sustainable Educational Products &amp; Ecological Toys\u00a0","article_publisher":"https:\/\/www.facebook.com\/teiaeducation\/","article_modified_time":"2024-06-13T18:35:37+00:00","og_image":[{"width":1588,"height":1588,"url":"https:\/\/teiaeducation.ch\/wp-content\/uploads\/2021\/10\/Wooden-Montessori-holder-for-coloured-pencils-Threewood.jpg","type":"image\/jpeg"}],"schema":{"@context":"https:\/\/schema.org","@graph":[{"@type":"WebPage","@id":"https:\/\/teiaeducation.ch\/fr\/produit\/porte-crayons-montessori-threewood\/","url":"https:\/\/teiaeducation.ch\/fr\/produit\/porte-crayons-montessori-threewood\/","name":"Porte-crayons Montessori - Threewood - Teia Education & Play","isPartOf":{"@id":"https:\/\/teiaeducation.ch\/fr\/#website"},"primaryImageOfPage":{"@id":"https:\/\/teiaeducation.ch\/fr\/produit\/porte-crayons-montessori-threewood\/#primaryimage"},"image":{"@id":"https:\/\/teiaeducation.ch\/fr\/produit\/porte-crayons-montessori-threewood\/#primaryimage"},"thumbnailUrl":"https:\/\/teiaeducation.ch\/wp-content\/uploads\/2021\/10\/Wooden-Montessori-holder-for-coloured-pencils-Threewood.jpg","datePublished":"2021-10-08T13:28:35+00:00","dateModified":"2024-06-13T18:35:37+00:00","description":"Le porte-crayons en bois, inspir\u00e9 de Montessori et fait main par Threewood, est une belle addition \u00e0 tout table d'art et espace de jeu.","breadcrumb":{"@id":"https:\/\/teiaeducation.ch\/fr\/produit\/porte-crayons-montessori-threewood\/#breadcrumb"},"inLanguage":"fr-FR","potentialAction":[{"@type":"ReadAction","target":["https:\/\/teiaeducation.ch\/fr\/produit\/porte-crayons-montessori-threewood\/"]}]},{"@type":"ImageObject","inLanguage":"fr-FR","@id":"https:\/\/teiaeducation.ch\/fr\/produit\/porte-crayons-montessori-threewood\/#primaryimage","url":"https:\/\/teiaeducation.ch\/wp-content\/uploads\/2021\/10\/Wooden-Montessori-holder-for-coloured-pencils-Threewood.jpg","contentUrl":"https:\/\/teiaeducation.ch\/wp-content\/uploads\/2021\/10\/Wooden-Montessori-holder-for-coloured-pencils-Threewood.jpg","width":1588,"height":1588,"caption":"Porte-crayons Montessori en bois pour crayons de couleur - Threewood"},{"@type":"BreadcrumbList","@id":"https:\/\/teiaeducation.ch\/fr\/produit\/porte-crayons-montessori-threewood\/#breadcrumb","itemListElement":[{"@type":"ListItem","position":1,"name":"Home","item":"https:\/\/teiaeducation.ch\/fr\/"},{"@type":"ListItem","position":2,"name":"Boutique Teia Education &amp; Play","item":"https:\/\/teiaeducation.ch\/fr\/boutique\/"},{"@type":"ListItem","position":3,"name":"Nos Marques","item":"https:\/\/teiaeducation.ch\/fr\/categorie-produit\/marques\/"},{"@type":"ListItem","position":4,"name":"Threewood","item":"https:\/\/teiaeducation.ch\/fr\/categorie-produit\/marques\/threewood-fr\/"},{"@type":"ListItem","position":5,"name":"Porte-crayons Montessori &#8211; Threewood"}]},{"@type":"WebSite","@id":"https:\/\/teiaeducation.ch\/fr\/#website","url":"https:\/\/teiaeducation.ch\/fr\/","name":"Sustainable Educational Products &amp; Ecological Toys\u00a0","description":"Specialised Swiss shop selling sustainable educational toys and games, AMI certified Montessori materials, handmade ecological wooden Waldorf toys and arts &amp; crafts supplies, school supplies, children&#039;s furniture and Montessori reference and parenting books.","publisher":{"@id":"https:\/\/teiaeducation.ch\/fr\/#organization"},"alternateName":"Teia Education & Play","potentialAction":[{"@type":"SearchAction","target":{"@type":"EntryPoint","urlTemplate":"https:\/\/teiaeducation.ch\/fr\/?s={search_term_string}"},"query-input":{"@type":"PropertyValueSpecification","valueRequired":true,"valueName":"search_term_string"}}],"inLanguage":"fr-FR"},{"@type":"Organization","@id":"https:\/\/teiaeducation.ch\/fr\/#organization","name":"Teia Education & Play","url":"https:\/\/teiaeducation.ch\/fr\/","logo":{"@type":"ImageObject","inLanguage":"fr-FR","@id":"https:\/\/teiaeducation.ch\/fr\/#\/schema\/logo\/image\/","url":"https:\/\/teiaeducation.ch\/wp-content\/uploads\/2020\/11\/Teia-Education-Switzerland-e1620156442216.jpg","contentUrl":"https:\/\/teiaeducation.ch\/wp-content\/uploads\/2020\/11\/Teia-Education-Switzerland-e1620156442216.jpg","width":166,"height":145,"caption":"Teia Education & Play"},"image":{"@id":"https:\/\/teiaeducation.ch\/fr\/#\/schema\/logo\/image\/"},"sameAs":["https:\/\/www.facebook.com\/teiaeducation\/","https:\/\/x.com\/EducationTeia","https:\/\/www.instagram.com\/teia.education\/","https:\/\/www.linkedin.com\/company\/35501660","https:\/\/www.pinterest.ch\/TeiaEducation\/"]}]},"og_availability":"instock","product_availability":"instock","product_retailer_item_id":"00000000000000000000000000000000000000000000034903","product_condition":"new"},"_links":{"self":[{"href":"https:\/\/teiaeducation.ch\/fr\/wp-json\/wp\/v2\/product\/39740","targetHints":{"allow":["GET"]}}],"collection":[{"href":"https:\/\/teiaeducation.ch\/fr\/wp-json\/wp\/v2\/product"}],"about":[{"href":"https:\/\/teiaeducation.ch\/fr\/wp-json\/wp\/v2\/types\/product"}],"replies":[{"embeddable":true,"href":"https:\/\/teiaeducation.ch\/fr\/wp-json\/wp\/v2\/comments?post=39740"}],"wp:featuredmedia":[{"embeddable":true,"href":"https:\/\/teiaeducation.ch\/fr\/wp-json\/wp\/v2\/media\/39748"}],"wp:attachment":[{"href":"https:\/\/teiaeducation.ch\/fr\/wp-json\/wp\/v2\/media?parent=39740"}],"wp:term":[{"taxonomy":"product_brand","embeddable":true,"href":"https:\/\/teiaeducation.ch\/fr\/wp-json\/wp\/v2\/product_brand?post=39740"},{"taxonomy":"product_cat","embeddable":true,"href":"https:\/\/teiaeducation.ch\/fr\/wp-json\/wp\/v2\/product_cat?post=39740"},{"taxonomy":"product_tag","embeddable":true,"href":"https:\/\/teiaeducation.ch\/fr\/wp-json\/wp\/v2\/product_tag?post=39740"}],"curies":[{"name":"wp","href":"https:\/\/api.w.org\/{rel}","templated":true}]}}