{"id":39773,"date":"2020-08-17T10:05:54","date_gmt":"2020-08-17T08:05:54","guid":{"rendered":"https:\/\/teiaeducation.ch\/product\/foret-arc-en-ciel-pastel-grimms\/"},"modified":"2025-10-14T14:18:30","modified_gmt":"2025-10-14T12:18:30","slug":"arc-en-ciel-foret-pastel-grimms","status":"publish","type":"product","link":"https:\/\/teiaeducation.ch\/fr\/produit\/arc-en-ciel-foret-pastel-grimms\/","title":{"rendered":"For\u00eat arc-en-ciel pastel &#8211; Grimm&#8217;s"},"content":{"rendered":"<p>La for\u00eat arc-en-ciel de Grimm&#8217;s Pastel \/ <span class=\"kwo-header-title__phrase\">Jouets en bois faits main \u00e9cologiques<\/span><\/p>\n<div class=\"kwo-header__widget\">\n<div class=\"_box-inline_1ut6w-kmw\" aria-pressed=\"false\" aria-describedby=\"20879\" data-ui-name=\"Dropdown.Trigger\">\n<div class=\"_box-inline_1ut6w-kmw sm-export-selector__tooltip\" aria-pressed=\"false\" aria-describedby=\"83122\" data-ui-name=\"Tooltip\">\n<div class=\"sm-display-export-to-km-single\">\n<div class=\"_box-inline_1ut6w-kmw\" aria-pressed=\"false\" aria-describedby=\"49461\" data-ui-name=\"Tooltip\"><span style=\"color: #555555;\">Cet adorable ensemble de c\u00f4nes en bois d&#8217;inspiration Waldorf, fabriqu\u00e9s \u00e0 la main et repr\u00e9sentant une for\u00eat d&#8217;arc-en-ciel aux couleurs pastel, fait partie de la collection &#8220;Building &amp; Rainbows Worlds&#8221; de Grimm&#8217;s. <\/span><span style=\"color: #555555;\">Le jeu de la for\u00eat arc-en-ciel contient 12 c\u00f4nes en bois d&#8217;\u00e9rable peints dans de magnifiques tons pastel avec une teinture non toxique \u00e0 base d&#8217;eau, ce qui le rend s\u00fbr pour les (petits) enfants. Les c\u00f4nes pastel de la for\u00eat arc-en-ciel de Grimm mesurent environ 6 \u00e0 12 cm de haut pour un diam\u00e8tre de 3 \u00e0 4 cm et offrent des possibilit\u00e9s infinies de jeu cr\u00e9atif.<\/span><\/div>\n<\/div>\n<\/div>\n<\/div>\n<\/div>\n<p>Les c\u00f4nes for\u00eat arc-en-ciel aux couleurs pastel compl\u00e8tent toute la gamme de jouets Grimm&#8217;s : ils peuvent \u00eatre des cimes d&#8217;arbre pour repr\u00e9senter une saison ou \u00eatre utilis\u00e9s comme toits et fl\u00e8ches en combinaison avec les blocs de construction Grimm&#8217;s. Les couleurs s&#8217;accordent parfaitement avec le grand <a href=\"https:\/\/teiaeducation.ch\/fr\/produit\/grand-arc-en-ciel-pastel-12-pieces-grimms\/\">arc-en-ciel pastel<\/a> de Grimm&#8217;s: utilisez la for\u00eat arc-en-ciel pour trier et associer les couleurs. La for\u00eat arc-en-ciel peut \u00e9galement \u00eatre utilis\u00e9e sur une table de nature ou de saisons Waldorf.<\/p>\n<p>Id\u00e9al pour jouer \u00e0 la maison, \u00e0 la cr\u00e8che, \u00e0 Waldorf ou \u00e0 l\u2019\u00e9cole Steiner, les beaux jouets en bois naturel de Grimm&#8217;s sont fabriqu\u00e9s selon la philosophie Waldorf qui est bien connue pour encourager les enfants \u00e0 d\u00e9couvrir le jeu cr\u00e9atif de mani\u00e8re ind\u00e9pendante, sans limitations et \u00e0 un rythme effr\u00e9n\u00e9. Les jouets \u00e9cologiques en bois de Grimm&#8217;s sont color\u00e9s \u00e0 la main avec des peintures non toxiques \u00e0 base d&#8217;eau et ne sont pas finis avec une laque afin de pr\u00e9server les caract\u00e9ristiques originales du bois et de son grain.\u00a0La surface des jouets fabriqu\u00e9s \u00e0 partir de bois europ\u00e9ens certifi\u00e9 FSC est laiss\u00e9e l\u00e9g\u00e8rement rugueuse, ce qui les rend plus facilement empilables et moins glissants.<\/p>\n<p>Les jouets en bois de Grimm&#8217;s sont fabriqu\u00e9s dans les manufacture de Grimm&#8217;s en Allemagne ainsi que dans plusieurs ateliers \u00e0 travers l\u2019Europe \u00e0 partir de diff\u00e9rents types de bois tels que l\u2019aulne, la chaux, le h\u00eatre et l\u2019\u00e9rable. Tout le bois utilis\u00e9 pour fabriquer les jouets de Grimm&#8217;s provient de for\u00eats europ\u00e9ennes g\u00e9r\u00e9es de mani\u00e8re durable.<\/p>\n<p>Veuillez noter que les jouets de Grimm&#8217;s sont toujours uniques, et portent des marques uniques faites par la nature. Le grain du bois a des structures et des couleurs changeantes qui servent de preuve de ses origines naturelles. Les variations uniques, les marques, les noeuds, les motifs, les rayures noires ou les taches sombres qui peuvent \u00eatre visibles dans le bois des jouets de Grimm&#8217;s sont une preuve de qualit\u00e9, et non des d\u00e9fauts.<\/p>\n<p><span style=\"color: #555555;\">L&#8217;ensemble de pastels de la for\u00eat arc-en-ciel de Grimm&#8217;s<\/span>convient aux enfants \u00e2g\u00e9s de 1 an et plus.<\/p>\n<p>Contenu :<\/p>\n<p>12 cimes d&#8217;arbres de la for\u00eat arc-en-ciel de diff\u00e9rentes tailles<\/p>\n","protected":false},"excerpt":{"rendered":"<p>num\u00e9ro d&#8217;article : gri10166<\/p>\n<p>Cet adorable ensemble de c\u00f4nes en bois d&#8217;inspiration Waldorf, fabriqu\u00e9s \u00e0 la main et repr\u00e9sentant une for\u00eat d&#8217;arc-en-ciel aux couleurs pastel, fait partie de la collection &#8220;Building &amp; Rainbows Worlds&#8221; de Grimm&#8217;s<span style=\"color: #555555;\">.<\/span><\/p>\n","protected":false},"featured_media":28632,"comment_status":"open","ping_status":"closed","template":"","meta":[],"product_brand":[],"product_cat":[215,216,22032,17225,18893,22344,24872,13146,17212,17241,21257,22421,13130,626,23020,23021,13140,7595,217,5851,24313,22348,212,1219],"product_tag":[18012,20128,20125,17332,20126,20129,17462,17331,20127,19737,20124],"class_list":{"0":"post-39773","1":"product","2":"type-product","3":"status-publish","4":"has-post-thumbnail","6":"product_cat-3-6-ans","7":"product_cat-6-12-ans","8":"product_cat-cadeaux-du-calendrier-de-lavent-et-de-noel","9":"product_cat-celebrations-fr","10":"product_cat-collection-printemps","11":"product_cat-collections-saisonnieres","12":"product_cat-construction-mondes-arc-en-ciel","13":"product_cat-figurines-en-bois","14":"product_cat-grimms-fr","15":"product_cat-guide-cadeaux-3-6-ans","16":"product_cat-guides-cadeaux","17":"product_cat-idees-cadeaux-pour-paques","18":"product_cat-jouer","19":"product_cat-jouets-a-trier","20":"product_cat-jouets-en-bois","21":"product_cat-jouets-waldorf","22":"product_cat-jeu-libre","23":"product_cat-methode-deducation","24":"product_cat-marques","25":"product_cat-nouveautes","26":"product_cat-saint-valentin","27":"product_cat-natur-saisonale-tische","28":"product_cat-tranche-dage","29":"product_cat-waldorf-fr","30":"product_tag-amis-arc-en-ciel-de-grimms","31":"product_tag-cones-en-bois-de-grimms-aux-couleurs-de-larc-en-ciel","32":"product_tag-faits-a-la-main-couleurs-arc-en-ciel","33":"product_tag-grimm-suisse","34":"product_tag-grimms-foret-arc-en-ciel","35":"product_tag-grimms-forete-arc-en-ciel-pastel","36":"product_tag-jeux-libres-en-bois","37":"product_tag-jouets-en-bois-waldorf","38":"product_tag-la-foret-coloree-de-grimms-arbres-bois","39":"product_tag-le-magasin-de-jouets-en-bois-de-grimms","40":"product_tag-pinces-a-linge-en-bois-grimms-couleurs-arc-en-ciel","42":"first","43":"outofstock","44":"taxable","45":"shipping-taxable","46":"purchasable","47":"product-type-simple"},"yoast_head":"<!-- This site is optimized with the Yoast SEO Premium plugin v25.8 (Yoast SEO v27.4) - https:\/\/yoast.com\/product\/yoast-seo-premium-wordpress\/ -->\n<title>For\u00eat arc-en-ciel pastel - Grimm&#039;s - Teia Education &amp; Play<\/title>\n<meta name=\"description\" content=\"Un joli ensemble de c\u00f4nes en bois for\u00eat arc-en-ciel pastel d&#039;inspiration Waldorf de la marque \u00e9cologique de jouets en bois Grimm&#039;s.\" \/>\n<meta name=\"robots\" content=\"index, follow, max-snippet:-1, max-image-preview:large, max-video-preview:-1\" \/>\n<link rel=\"canonical\" href=\"https:\/\/teiaeducation.ch\/fr\/produit\/arc-en-ciel-foret-pastel-grimms\/\" \/>\n<meta property=\"og:locale\" content=\"fr_FR\" \/>\n<meta property=\"og:type\" content=\"article\" \/>\n<meta property=\"og:title\" content=\"For\u00eat arc-en-ciel pastel - Grimm&#039;s\" \/>\n<meta property=\"og:description\" content=\"Un joli ensemble de c\u00f4nes en bois for\u00eat arc-en-ciel pastel d&#039;inspiration Waldorf de la marque \u00e9cologique de jouets en bois Grimm&#039;s.\" \/>\n<meta property=\"og:url\" content=\"https:\/\/teiaeducation.ch\/fr\/produit\/arc-en-ciel-foret-pastel-grimms\/\" \/>\n<meta property=\"og:site_name\" content=\"Sustainable Educational Products &amp; Ecological Toys\u00a0\" \/>\n<meta property=\"article:publisher\" content=\"https:\/\/www.facebook.com\/teiaeducation\/\" \/>\n<meta property=\"article:modified_time\" content=\"2025-10-14T12:18:30+00:00\" \/>\n<meta property=\"og:image\" content=\"https:\/\/teiaeducation.ch\/wp-content\/uploads\/2020\/08\/Rainbow-Forest-Pastel-Grimms_3.jpg\" \/>\n\t<meta property=\"og:image:width\" content=\"800\" \/>\n\t<meta property=\"og:image:height\" content=\"564\" \/>\n\t<meta property=\"og:image:type\" content=\"image\/jpeg\" \/>\n<script type=\"application\/ld+json\" class=\"yoast-schema-graph\">{\"@context\":\"https:\\\/\\\/schema.org\",\"@graph\":[{\"@type\":\"WebPage\",\"@id\":\"https:\\\/\\\/teiaeducation.ch\\\/fr\\\/produit\\\/arc-en-ciel-foret-pastel-grimms\\\/\",\"url\":\"https:\\\/\\\/teiaeducation.ch\\\/fr\\\/produit\\\/arc-en-ciel-foret-pastel-grimms\\\/\",\"name\":\"For\u00eat arc-en-ciel pastel - Grimm's - Teia Education & Play\",\"isPartOf\":{\"@id\":\"https:\\\/\\\/teiaeducation.ch\\\/fr\\\/#website\"},\"primaryImageOfPage\":{\"@id\":\"https:\\\/\\\/teiaeducation.ch\\\/fr\\\/produit\\\/arc-en-ciel-foret-pastel-grimms\\\/#primaryimage\"},\"image\":{\"@id\":\"https:\\\/\\\/teiaeducation.ch\\\/fr\\\/produit\\\/arc-en-ciel-foret-pastel-grimms\\\/#primaryimage\"},\"thumbnailUrl\":\"https:\\\/\\\/teiaeducation.ch\\\/wp-content\\\/uploads\\\/2020\\\/08\\\/Rainbow-Forest-Pastel-Grimms_3.jpg\",\"datePublished\":\"2020-08-17T08:05:54+00:00\",\"dateModified\":\"2025-10-14T12:18:30+00:00\",\"description\":\"Un joli ensemble de c\u00f4nes en bois for\u00eat arc-en-ciel pastel d'inspiration Waldorf de la marque \u00e9cologique de jouets en bois Grimm's.\",\"breadcrumb\":{\"@id\":\"https:\\\/\\\/teiaeducation.ch\\\/fr\\\/produit\\\/arc-en-ciel-foret-pastel-grimms\\\/#breadcrumb\"},\"inLanguage\":\"fr-FR\",\"potentialAction\":[{\"@type\":\"ReadAction\",\"target\":[\"https:\\\/\\\/teiaeducation.ch\\\/fr\\\/produit\\\/arc-en-ciel-foret-pastel-grimms\\\/\"]}]},{\"@type\":\"ImageObject\",\"inLanguage\":\"fr-FR\",\"@id\":\"https:\\\/\\\/teiaeducation.ch\\\/fr\\\/produit\\\/arc-en-ciel-foret-pastel-grimms\\\/#primaryimage\",\"url\":\"https:\\\/\\\/teiaeducation.ch\\\/wp-content\\\/uploads\\\/2020\\\/08\\\/Rainbow-Forest-Pastel-Grimms_3.jpg\",\"contentUrl\":\"https:\\\/\\\/teiaeducation.ch\\\/wp-content\\\/uploads\\\/2020\\\/08\\\/Rainbow-Forest-Pastel-Grimms_3.jpg\",\"width\":800,\"height\":564,\"caption\":\"Jouets en bois respectueux de l'environnement Rainbow Forest Pastel - Grimm's\"},{\"@type\":\"BreadcrumbList\",\"@id\":\"https:\\\/\\\/teiaeducation.ch\\\/fr\\\/produit\\\/arc-en-ciel-foret-pastel-grimms\\\/#breadcrumb\",\"itemListElement\":[{\"@type\":\"ListItem\",\"position\":1,\"name\":\"Home\",\"item\":\"https:\\\/\\\/teiaeducation.ch\\\/fr\\\/\"},{\"@type\":\"ListItem\",\"position\":2,\"name\":\"Boutique Teia Education &amp; Play\",\"item\":\"https:\\\/\\\/teiaeducation.ch\\\/fr\\\/boutique\\\/\"},{\"@type\":\"ListItem\",\"position\":3,\"name\":\"Nos Marques\",\"item\":\"https:\\\/\\\/teiaeducation.ch\\\/fr\\\/categorie-produit\\\/marques\\\/\"},{\"@type\":\"ListItem\",\"position\":4,\"name\":\"Grimm's\",\"item\":\"https:\\\/\\\/teiaeducation.ch\\\/fr\\\/categorie-produit\\\/marques\\\/grimms-fr\\\/\"},{\"@type\":\"ListItem\",\"position\":5,\"name\":\"Construction &amp; Mondes Arc-en-ciel\",\"item\":\"https:\\\/\\\/teiaeducation.ch\\\/fr\\\/categorie-produit\\\/marques\\\/grimms-fr\\\/construction-mondes-arc-en-ciel\\\/\"},{\"@type\":\"ListItem\",\"position\":6,\"name\":\"For\u00eat arc-en-ciel pastel &#8211; Grimm&#8217;s\"}]},{\"@type\":\"WebSite\",\"@id\":\"https:\\\/\\\/teiaeducation.ch\\\/fr\\\/#website\",\"url\":\"https:\\\/\\\/teiaeducation.ch\\\/fr\\\/\",\"name\":\"Sustainable Educational Products &amp; Ecological Toys\u00a0\",\"description\":\"Specialised Swiss shop selling sustainable educational toys and games, AMI certified Montessori materials, handmade ecological wooden Waldorf toys and arts &amp; crafts supplies, school supplies, children&#039;s furniture and Montessori reference and parenting books.\",\"publisher\":{\"@id\":\"https:\\\/\\\/teiaeducation.ch\\\/fr\\\/#organization\"},\"alternateName\":\"Teia Education & Play\",\"potentialAction\":[{\"@type\":\"SearchAction\",\"target\":{\"@type\":\"EntryPoint\",\"urlTemplate\":\"https:\\\/\\\/teiaeducation.ch\\\/fr\\\/?s={search_term_string}\"},\"query-input\":{\"@type\":\"PropertyValueSpecification\",\"valueRequired\":true,\"valueName\":\"search_term_string\"}}],\"inLanguage\":\"fr-FR\"},{\"@type\":\"Organization\",\"@id\":\"https:\\\/\\\/teiaeducation.ch\\\/fr\\\/#organization\",\"name\":\"Teia Education & Play\",\"url\":\"https:\\\/\\\/teiaeducation.ch\\\/fr\\\/\",\"logo\":{\"@type\":\"ImageObject\",\"inLanguage\":\"fr-FR\",\"@id\":\"https:\\\/\\\/teiaeducation.ch\\\/fr\\\/#\\\/schema\\\/logo\\\/image\\\/\",\"url\":\"https:\\\/\\\/teiaeducation.ch\\\/wp-content\\\/uploads\\\/2020\\\/11\\\/Teia-Education-Switzerland-e1620156442216.jpg\",\"contentUrl\":\"https:\\\/\\\/teiaeducation.ch\\\/wp-content\\\/uploads\\\/2020\\\/11\\\/Teia-Education-Switzerland-e1620156442216.jpg\",\"width\":166,\"height\":145,\"caption\":\"Teia Education & Play\"},\"image\":{\"@id\":\"https:\\\/\\\/teiaeducation.ch\\\/fr\\\/#\\\/schema\\\/logo\\\/image\\\/\"},\"sameAs\":[\"https:\\\/\\\/www.facebook.com\\\/teiaeducation\\\/\",\"https:\\\/\\\/x.com\\\/EducationTeia\",\"https:\\\/\\\/www.instagram.com\\\/teia.education\\\/\",\"https:\\\/\\\/www.linkedin.com\\\/company\\\/35501660\",\"https:\\\/\\\/www.pinterest.ch\\\/TeiaEducation\\\/\"]}]}<\/script>\n<meta property=\"product:price:amount\" content=\"53.90\" \/>\n<meta property=\"product:price:currency\" content=\"CHF\" \/>\n<meta property=\"og:availability\" content=\"out of stock\" \/>\n<meta property=\"product:availability\" content=\"out of stock\" \/>\n<meta property=\"product:retailer_item_id\" content=\"00000000000000000000000000000000000000000000035547\" \/>\n<meta property=\"product:condition\" content=\"new\" \/>\n<!-- \/ Yoast SEO Premium plugin. -->","yoast_head_json":{"title":"For\u00eat arc-en-ciel pastel - Grimm's - Teia Education & Play","description":"Un joli ensemble de c\u00f4nes en bois for\u00eat arc-en-ciel pastel d'inspiration Waldorf de la marque \u00e9cologique de jouets en bois Grimm's.","robots":{"index":"index","follow":"follow","max-snippet":"max-snippet:-1","max-image-preview":"max-image-preview:large","max-video-preview":"max-video-preview:-1"},"canonical":"https:\/\/teiaeducation.ch\/fr\/produit\/arc-en-ciel-foret-pastel-grimms\/","og_locale":"fr_FR","og_type":"article","og_title":"For\u00eat arc-en-ciel pastel - Grimm's","og_description":"Un joli ensemble de c\u00f4nes en bois for\u00eat arc-en-ciel pastel d'inspiration Waldorf de la marque \u00e9cologique de jouets en bois Grimm's.","og_url":"https:\/\/teiaeducation.ch\/fr\/produit\/arc-en-ciel-foret-pastel-grimms\/","og_site_name":"Sustainable Educational Products &amp; Ecological Toys\u00a0","article_publisher":"https:\/\/www.facebook.com\/teiaeducation\/","article_modified_time":"2025-10-14T12:18:30+00:00","og_image":[{"width":800,"height":564,"url":"https:\/\/teiaeducation.ch\/wp-content\/uploads\/2020\/08\/Rainbow-Forest-Pastel-Grimms_3.jpg","type":"image\/jpeg"}],"schema":{"@context":"https:\/\/schema.org","@graph":[{"@type":"WebPage","@id":"https:\/\/teiaeducation.ch\/fr\/produit\/arc-en-ciel-foret-pastel-grimms\/","url":"https:\/\/teiaeducation.ch\/fr\/produit\/arc-en-ciel-foret-pastel-grimms\/","name":"For\u00eat arc-en-ciel pastel - Grimm's - Teia Education & Play","isPartOf":{"@id":"https:\/\/teiaeducation.ch\/fr\/#website"},"primaryImageOfPage":{"@id":"https:\/\/teiaeducation.ch\/fr\/produit\/arc-en-ciel-foret-pastel-grimms\/#primaryimage"},"image":{"@id":"https:\/\/teiaeducation.ch\/fr\/produit\/arc-en-ciel-foret-pastel-grimms\/#primaryimage"},"thumbnailUrl":"https:\/\/teiaeducation.ch\/wp-content\/uploads\/2020\/08\/Rainbow-Forest-Pastel-Grimms_3.jpg","datePublished":"2020-08-17T08:05:54+00:00","dateModified":"2025-10-14T12:18:30+00:00","description":"Un joli ensemble de c\u00f4nes en bois for\u00eat arc-en-ciel pastel d'inspiration Waldorf de la marque \u00e9cologique de jouets en bois Grimm's.","breadcrumb":{"@id":"https:\/\/teiaeducation.ch\/fr\/produit\/arc-en-ciel-foret-pastel-grimms\/#breadcrumb"},"inLanguage":"fr-FR","potentialAction":[{"@type":"ReadAction","target":["https:\/\/teiaeducation.ch\/fr\/produit\/arc-en-ciel-foret-pastel-grimms\/"]}]},{"@type":"ImageObject","inLanguage":"fr-FR","@id":"https:\/\/teiaeducation.ch\/fr\/produit\/arc-en-ciel-foret-pastel-grimms\/#primaryimage","url":"https:\/\/teiaeducation.ch\/wp-content\/uploads\/2020\/08\/Rainbow-Forest-Pastel-Grimms_3.jpg","contentUrl":"https:\/\/teiaeducation.ch\/wp-content\/uploads\/2020\/08\/Rainbow-Forest-Pastel-Grimms_3.jpg","width":800,"height":564,"caption":"Jouets en bois respectueux de l'environnement Rainbow Forest Pastel - Grimm's"},{"@type":"BreadcrumbList","@id":"https:\/\/teiaeducation.ch\/fr\/produit\/arc-en-ciel-foret-pastel-grimms\/#breadcrumb","itemListElement":[{"@type":"ListItem","position":1,"name":"Home","item":"https:\/\/teiaeducation.ch\/fr\/"},{"@type":"ListItem","position":2,"name":"Boutique Teia Education &amp; Play","item":"https:\/\/teiaeducation.ch\/fr\/boutique\/"},{"@type":"ListItem","position":3,"name":"Nos Marques","item":"https:\/\/teiaeducation.ch\/fr\/categorie-produit\/marques\/"},{"@type":"ListItem","position":4,"name":"Grimm's","item":"https:\/\/teiaeducation.ch\/fr\/categorie-produit\/marques\/grimms-fr\/"},{"@type":"ListItem","position":5,"name":"Construction &amp; Mondes Arc-en-ciel","item":"https:\/\/teiaeducation.ch\/fr\/categorie-produit\/marques\/grimms-fr\/construction-mondes-arc-en-ciel\/"},{"@type":"ListItem","position":6,"name":"For\u00eat arc-en-ciel pastel &#8211; Grimm&#8217;s"}]},{"@type":"WebSite","@id":"https:\/\/teiaeducation.ch\/fr\/#website","url":"https:\/\/teiaeducation.ch\/fr\/","name":"Sustainable Educational Products &amp; Ecological Toys\u00a0","description":"Specialised Swiss shop selling sustainable educational toys and games, AMI certified Montessori materials, handmade ecological wooden Waldorf toys and arts &amp; crafts supplies, school supplies, children&#039;s furniture and Montessori reference and parenting books.","publisher":{"@id":"https:\/\/teiaeducation.ch\/fr\/#organization"},"alternateName":"Teia Education & Play","potentialAction":[{"@type":"SearchAction","target":{"@type":"EntryPoint","urlTemplate":"https:\/\/teiaeducation.ch\/fr\/?s={search_term_string}"},"query-input":{"@type":"PropertyValueSpecification","valueRequired":true,"valueName":"search_term_string"}}],"inLanguage":"fr-FR"},{"@type":"Organization","@id":"https:\/\/teiaeducation.ch\/fr\/#organization","name":"Teia Education & Play","url":"https:\/\/teiaeducation.ch\/fr\/","logo":{"@type":"ImageObject","inLanguage":"fr-FR","@id":"https:\/\/teiaeducation.ch\/fr\/#\/schema\/logo\/image\/","url":"https:\/\/teiaeducation.ch\/wp-content\/uploads\/2020\/11\/Teia-Education-Switzerland-e1620156442216.jpg","contentUrl":"https:\/\/teiaeducation.ch\/wp-content\/uploads\/2020\/11\/Teia-Education-Switzerland-e1620156442216.jpg","width":166,"height":145,"caption":"Teia Education & Play"},"image":{"@id":"https:\/\/teiaeducation.ch\/fr\/#\/schema\/logo\/image\/"},"sameAs":["https:\/\/www.facebook.com\/teiaeducation\/","https:\/\/x.com\/EducationTeia","https:\/\/www.instagram.com\/teia.education\/","https:\/\/www.linkedin.com\/company\/35501660","https:\/\/www.pinterest.ch\/TeiaEducation\/"]}]},"product_price_amount":"53.90","product_price_currency":"CHF","og_availability":"out of stock","product_availability":"out of stock","product_retailer_item_id":"00000000000000000000000000000000000000000000035547","product_condition":"new"},"_links":{"self":[{"href":"https:\/\/teiaeducation.ch\/fr\/wp-json\/wp\/v2\/product\/39773","targetHints":{"allow":["GET"]}}],"collection":[{"href":"https:\/\/teiaeducation.ch\/fr\/wp-json\/wp\/v2\/product"}],"about":[{"href":"https:\/\/teiaeducation.ch\/fr\/wp-json\/wp\/v2\/types\/product"}],"replies":[{"embeddable":true,"href":"https:\/\/teiaeducation.ch\/fr\/wp-json\/wp\/v2\/comments?post=39773"}],"wp:featuredmedia":[{"embeddable":true,"href":"https:\/\/teiaeducation.ch\/fr\/wp-json\/wp\/v2\/media\/28632"}],"wp:attachment":[{"href":"https:\/\/teiaeducation.ch\/fr\/wp-json\/wp\/v2\/media?parent=39773"}],"wp:term":[{"taxonomy":"product_brand","embeddable":true,"href":"https:\/\/teiaeducation.ch\/fr\/wp-json\/wp\/v2\/product_brand?post=39773"},{"taxonomy":"product_cat","embeddable":true,"href":"https:\/\/teiaeducation.ch\/fr\/wp-json\/wp\/v2\/product_cat?post=39773"},{"taxonomy":"product_tag","embeddable":true,"href":"https:\/\/teiaeducation.ch\/fr\/wp-json\/wp\/v2\/product_tag?post=39773"}],"curies":[{"name":"wp","href":"https:\/\/api.w.org\/{rel}","templated":true}]}}