{"id":39808,"date":"2020-11-07T13:20:49","date_gmt":"2020-11-07T12:20:49","guid":{"rendered":"https:\/\/teiaeducation.ch\/product\/tour-a-empiler-vacillante-bleue-grimms\/"},"modified":"2021-10-11T17:27:06","modified_gmt":"2021-10-11T15:27:06","slug":"tour-empiler-vacillante-bleue-grimms","status":"publish","type":"product","link":"https:\/\/teiaeducation.ch\/fr\/produit\/tour-empiler-vacillante-bleue-grimms\/","title":{"rendered":"Tour \u00e0 empiler vacillante bleue &#8211; Grimm&#8217;s"},"content":{"rendered":"<p>Tour \u00e0 empiler vacillante bleue \/ Jouet d&#8217;empilage en bois fait main &#8211; Grimm&#8217;s<\/p>\n<p>Un beau jouet <a href=\"https:\/\/teiaeducation.ch\/product-category\/play\/stacking-toys\/\">\u00e0 empiler<\/a> conique en bois fait \u00e0 la main de Grimm&#8217;s avec une base incurv\u00e9e pour plus de plaisir et de d\u00e9fi. Avec ses 5 disques de tailles diff\u00e9rentes dans des tons de bleu, de vert et d&#8217;aqua, cette tr\u00e8s mignonne petite tour \u00e0 empiler oscille et tourne sans tomber, comme un jouet Weeble ! Il mesure 13cm de haut.<\/p>\n<p>La tour \u00e0 empiler bleue de Grimm&#8217;s est fabriqu\u00e9e en bois de tilleul et peinte dans de jolis tons vifs avec une teinture non toxique \u00e0 base d&#8217;eau, ce qui la rend s\u00fbre pour les jeunes enfants.<\/p>\n<p>Parfait pour d\u00e9velopper la coordination \u0153il-main et la motricit\u00e9 fine chez les jeunes enfants gr\u00e2ce \u00e0 l\u2019empilage et le d\u00e9pilage de la tour, ainsi que des comp\u00e9tences de r\u00e9solution de probl\u00e8mes et la conscience spatiale de la mise en ordre des tailles. Les disques peuvent \u00e9galement \u00eatre utilis\u00e9s pour la construction et l\u2019\u00e9quilibrage de tour en jeu \u00e0 dur\u00e9e ind\u00e9termin\u00e9e.<\/p>\n<p>Id\u00e9al pour jouer \u00e0 la maison, \u00e0 la cr\u00e8che, \u00e0 Waldorf ou \u00e0 l\u2019\u00e9cole Steiner, les beaux jouets en bois naturel de Grimm&#8217;s sont fabriqu\u00e9s selon la philosophie Waldorf qui est bien connue pour encourager les enfants \u00e0 d\u00e9couvrir le jeu cr\u00e9atif de mani\u00e8re ind\u00e9pendante, sans limitations et \u00e0 un rythme effr\u00e9n\u00e9. Les jouets en bois de Grimm&#8217;s sont color\u00e9s \u00e0 la main avec des peintures \u00e0 base d\u2019eau non toxiques et ne sont pas finis avec de la laque pour assurer les caract\u00e9ristiques originales du bois et pour qu&#8217;on puisse voir le grain \u00e0 travers. La surface des jouets fabriqu\u00e9s \u00e0 partir de bois europ\u00e9ens certifi\u00e9 FSC est laiss\u00e9e l\u00e9g\u00e8rement rugueuse, ce qui les rend plus facilement empilables et moins glissants.<\/p>\n<p>Les jouets en bois de Grimm&#8217;s sont fabriqu\u00e9s dans les manufacture de Grimm&#8217;s en Allemagne ainsi que dans plusieurs ateliers \u00e0 travers l\u2019Europe \u00e0 partir de diff\u00e9rents types de bois tels que l\u2019aulne, la chaux, le h\u00eatre et l\u2019\u00e9rable. Tout le bois utilis\u00e9 pour fabriquer les jouets de Grimm&#8217;s provient de for\u00eats europ\u00e9ennes g\u00e9r\u00e9es de mani\u00e8re durable.<\/p>\n<p>Veuillez noter que les jouets de Grimm&#8217;s sont toujours uniques, et portent des marques uniques faites par la nature. Le grain du bois a des structures et des couleurs changeantes qui servent de preuve de ses origines naturelles. Les variations uniques, les marques, les noeuds, les motifs, les rayures noires ou les taches sombres qui peuvent \u00eatre visibles dans le bois des jouets de Grimm&#8217;s sont une preuve de qualit\u00e9, et non des d\u00e9fauts.<\/p>\n<p>La tour \u00e0 empiler bleue de Grimm&#8217;s convient aux enfants \u00e2g\u00e9s de 1 an et plus.<\/p>\n<p>Contenu :<\/p>\n<p>6 pi\u00e8ces en bois<\/p>\n","protected":false},"excerpt":{"rendered":"<p>Num\u00e9ro d&#8217;article: gri11012<\/p>\n<p>Le magnifique jouet en bois de Grimm&#8217;s, fabriqu\u00e9 \u00e0 la main, est parfait pour d\u00e9velopper la coordination \u0153il-main et la motricit\u00e9 fine en empilant et en d\u00e9sempilant la tour !<\/p>\n","protected":false},"featured_media":31204,"comment_status":"open","ping_status":"closed","template":"","meta":[],"product_brand":[],"product_cat":[208,635,24865,17212,13130,13144,23020,23021,7595,217,5851,209,212,1219],"product_tag":[8625,17332,17334,17335,19506,17467,21206,18371,17331,21205,21207,17336],"class_list":{"0":"post-39808","1":"product","2":"type-product","3":"status-publish","4":"has-post-thumbnail","6":"product_cat-1-3-ans","7":"product_cat-competences-motrices","8":"product_cat-empilage-tri","9":"product_cat-grimms-fr","10":"product_cat-jouer","11":"product_cat-jouets-a-empiler","12":"product_cat-jouets-en-bois","13":"product_cat-jouets-waldorf","14":"product_cat-methode-deducation","15":"product_cat-marques","16":"product_cat-nouveautes","17":"product_cat-sensorielles-motrices","18":"product_cat-tranche-dage","19":"product_cat-waldorf-fr","20":"product_tag-fabrique-en-allemagne","21":"product_tag-grimm-suisse","22":"product_tag-grimm-suisse-fr","23":"product_tag-grimme-suisse","24":"product_tag-jouet-a-empiler-en-bois-fait-a-la-main","25":"product_tag-jouets-dempilage-grimm","26":"product_tag-jouets-de-grimms-pour-enfants-en-bas-age","27":"product_tag-jouets-en-bois-a-empiler","28":"product_tag-jouets-en-bois-waldorf","29":"product_tag-la-tour-dempilage-vacillante-de-grimms","30":"product_tag-les-jouets-de-grimms-pour-les-tout-petits","31":"product_tag-magasin-de-jouets-en-bois-grimm","33":"first","34":"instock","35":"taxable","36":"shipping-taxable","37":"purchasable","38":"product-type-simple"},"yoast_head":"<!-- This site is optimized with the Yoast SEO Premium plugin v25.8 (Yoast SEO v27.4) - https:\/\/yoast.com\/product\/yoast-seo-premium-wordpress\/ -->\n<title>Tour \u00e0 empiler vacillante bleue - Grimm&#039;s - Teia Education &amp; Play<\/title>\n<meta name=\"description\" content=\"La tour bleue vacillante de Grimm&#039;s est un jouet d&#039;empilage en bois fabriqu\u00e9 \u00e0 la main pour d\u00e9velopper la coordination \u0153il-main et la motricit\u00e9 fine chez les jeunes enfants.\" \/>\n<meta name=\"robots\" content=\"index, follow, max-snippet:-1, max-image-preview:large, max-video-preview:-1\" \/>\n<link rel=\"canonical\" href=\"https:\/\/teiaeducation.ch\/fr\/produit\/tour-empiler-vacillante-bleue-grimms\/\" \/>\n<meta property=\"og:locale\" content=\"fr_FR\" \/>\n<meta property=\"og:type\" content=\"article\" \/>\n<meta property=\"og:title\" content=\"Tour \u00e0 empiler vacillante bleue - Grimm&#039;s\" \/>\n<meta property=\"og:description\" content=\"La tour bleue vacillante de Grimm&#039;s est un jouet d&#039;empilage en bois fabriqu\u00e9 \u00e0 la main pour d\u00e9velopper la coordination \u0153il-main et la motricit\u00e9 fine chez les jeunes enfants.\" \/>\n<meta property=\"og:url\" content=\"https:\/\/teiaeducation.ch\/fr\/produit\/tour-empiler-vacillante-bleue-grimms\/\" \/>\n<meta property=\"og:site_name\" content=\"Sustainable Educational Products &amp; Ecological Toys\u00a0\" \/>\n<meta property=\"article:publisher\" content=\"https:\/\/www.facebook.com\/teiaeducation\/\" \/>\n<meta property=\"article:modified_time\" content=\"2021-10-11T15:27:06+00:00\" \/>\n<meta property=\"og:image\" content=\"https:\/\/teiaeducation.ch\/wp-content\/uploads\/2020\/10\/Blue-wobbly-stacking-toy-Grimms.jpg\" \/>\n\t<meta property=\"og:image:width\" content=\"800\" \/>\n\t<meta property=\"og:image:height\" content=\"1034\" \/>\n\t<meta property=\"og:image:type\" content=\"image\/jpeg\" \/>\n<script type=\"application\/ld+json\" class=\"yoast-schema-graph\">{\"@context\":\"https:\\\/\\\/schema.org\",\"@graph\":[{\"@type\":\"WebPage\",\"@id\":\"https:\\\/\\\/teiaeducation.ch\\\/fr\\\/produit\\\/tour-empiler-vacillante-bleue-grimms\\\/\",\"url\":\"https:\\\/\\\/teiaeducation.ch\\\/fr\\\/produit\\\/tour-empiler-vacillante-bleue-grimms\\\/\",\"name\":\"Tour \u00e0 empiler vacillante bleue - Grimm's - Teia Education & Play\",\"isPartOf\":{\"@id\":\"https:\\\/\\\/teiaeducation.ch\\\/fr\\\/#website\"},\"primaryImageOfPage\":{\"@id\":\"https:\\\/\\\/teiaeducation.ch\\\/fr\\\/produit\\\/tour-empiler-vacillante-bleue-grimms\\\/#primaryimage\"},\"image\":{\"@id\":\"https:\\\/\\\/teiaeducation.ch\\\/fr\\\/produit\\\/tour-empiler-vacillante-bleue-grimms\\\/#primaryimage\"},\"thumbnailUrl\":\"https:\\\/\\\/teiaeducation.ch\\\/wp-content\\\/uploads\\\/2020\\\/10\\\/Blue-wobbly-stacking-toy-Grimms.jpg\",\"datePublished\":\"2020-11-07T12:20:49+00:00\",\"dateModified\":\"2021-10-11T15:27:06+00:00\",\"description\":\"La tour bleue vacillante de Grimm's est un jouet d'empilage en bois fabriqu\u00e9 \u00e0 la main pour d\u00e9velopper la coordination \u0153il-main et la motricit\u00e9 fine chez les jeunes enfants.\",\"breadcrumb\":{\"@id\":\"https:\\\/\\\/teiaeducation.ch\\\/fr\\\/produit\\\/tour-empiler-vacillante-bleue-grimms\\\/#breadcrumb\"},\"inLanguage\":\"fr-FR\",\"potentialAction\":[{\"@type\":\"ReadAction\",\"target\":[\"https:\\\/\\\/teiaeducation.ch\\\/fr\\\/produit\\\/tour-empiler-vacillante-bleue-grimms\\\/\"]}]},{\"@type\":\"ImageObject\",\"inLanguage\":\"fr-FR\",\"@id\":\"https:\\\/\\\/teiaeducation.ch\\\/fr\\\/produit\\\/tour-empiler-vacillante-bleue-grimms\\\/#primaryimage\",\"url\":\"https:\\\/\\\/teiaeducation.ch\\\/wp-content\\\/uploads\\\/2020\\\/10\\\/Blue-wobbly-stacking-toy-Grimms.jpg\",\"contentUrl\":\"https:\\\/\\\/teiaeducation.ch\\\/wp-content\\\/uploads\\\/2020\\\/10\\\/Blue-wobbly-stacking-toy-Grimms.jpg\",\"width\":800,\"height\":1034,\"caption\":\"Jouet \u00e0 empiler vacillante bleue en bois fait main - Grimm's\"},{\"@type\":\"BreadcrumbList\",\"@id\":\"https:\\\/\\\/teiaeducation.ch\\\/fr\\\/produit\\\/tour-empiler-vacillante-bleue-grimms\\\/#breadcrumb\",\"itemListElement\":[{\"@type\":\"ListItem\",\"position\":1,\"name\":\"Home\",\"item\":\"https:\\\/\\\/teiaeducation.ch\\\/fr\\\/\"},{\"@type\":\"ListItem\",\"position\":2,\"name\":\"Boutique Teia Education &amp; Play\",\"item\":\"https:\\\/\\\/teiaeducation.ch\\\/fr\\\/boutique\\\/\"},{\"@type\":\"ListItem\",\"position\":3,\"name\":\"Nos Marques\",\"item\":\"https:\\\/\\\/teiaeducation.ch\\\/fr\\\/categorie-produit\\\/marques\\\/\"},{\"@type\":\"ListItem\",\"position\":4,\"name\":\"Grimm's\",\"item\":\"https:\\\/\\\/teiaeducation.ch\\\/fr\\\/categorie-produit\\\/marques\\\/grimms-fr\\\/\"},{\"@type\":\"ListItem\",\"position\":5,\"name\":\"Tour \u00e0 empiler vacillante bleue &#8211; Grimm&#8217;s\"}]},{\"@type\":\"WebSite\",\"@id\":\"https:\\\/\\\/teiaeducation.ch\\\/fr\\\/#website\",\"url\":\"https:\\\/\\\/teiaeducation.ch\\\/fr\\\/\",\"name\":\"Sustainable Educational Products &amp; Ecological Toys\u00a0\",\"description\":\"Specialised Swiss shop selling sustainable educational toys and games, AMI certified Montessori materials, handmade ecological wooden Waldorf toys and arts &amp; crafts supplies, school supplies, children&#039;s furniture and Montessori reference and parenting books.\",\"publisher\":{\"@id\":\"https:\\\/\\\/teiaeducation.ch\\\/fr\\\/#organization\"},\"alternateName\":\"Teia Education & Play\",\"potentialAction\":[{\"@type\":\"SearchAction\",\"target\":{\"@type\":\"EntryPoint\",\"urlTemplate\":\"https:\\\/\\\/teiaeducation.ch\\\/fr\\\/?s={search_term_string}\"},\"query-input\":{\"@type\":\"PropertyValueSpecification\",\"valueRequired\":true,\"valueName\":\"search_term_string\"}}],\"inLanguage\":\"fr-FR\"},{\"@type\":\"Organization\",\"@id\":\"https:\\\/\\\/teiaeducation.ch\\\/fr\\\/#organization\",\"name\":\"Teia Education & Play\",\"url\":\"https:\\\/\\\/teiaeducation.ch\\\/fr\\\/\",\"logo\":{\"@type\":\"ImageObject\",\"inLanguage\":\"fr-FR\",\"@id\":\"https:\\\/\\\/teiaeducation.ch\\\/fr\\\/#\\\/schema\\\/logo\\\/image\\\/\",\"url\":\"https:\\\/\\\/teiaeducation.ch\\\/wp-content\\\/uploads\\\/2020\\\/11\\\/Teia-Education-Switzerland-e1620156442216.jpg\",\"contentUrl\":\"https:\\\/\\\/teiaeducation.ch\\\/wp-content\\\/uploads\\\/2020\\\/11\\\/Teia-Education-Switzerland-e1620156442216.jpg\",\"width\":166,\"height\":145,\"caption\":\"Teia Education & Play\"},\"image\":{\"@id\":\"https:\\\/\\\/teiaeducation.ch\\\/fr\\\/#\\\/schema\\\/logo\\\/image\\\/\"},\"sameAs\":[\"https:\\\/\\\/www.facebook.com\\\/teiaeducation\\\/\",\"https:\\\/\\\/x.com\\\/EducationTeia\",\"https:\\\/\\\/www.instagram.com\\\/teia.education\\\/\",\"https:\\\/\\\/www.linkedin.com\\\/company\\\/35501660\",\"https:\\\/\\\/www.pinterest.ch\\\/TeiaEducation\\\/\"]}]}<\/script>\n<meta property=\"product:price:amount\" content=\"23.90\" \/>\n<meta property=\"product:price:currency\" content=\"CHF\" \/>\n<meta property=\"og:availability\" content=\"instock\" \/>\n<meta property=\"product:availability\" content=\"instock\" \/>\n<meta property=\"product:retailer_item_id\" content=\"00000000000000000000000000000000000000000000031202\" \/>\n<meta property=\"product:condition\" content=\"new\" \/>\n<!-- \/ Yoast SEO Premium plugin. -->","yoast_head_json":{"title":"Tour \u00e0 empiler vacillante bleue - Grimm's - Teia Education & Play","description":"La tour bleue vacillante de Grimm's est un jouet d'empilage en bois fabriqu\u00e9 \u00e0 la main pour d\u00e9velopper la coordination \u0153il-main et la motricit\u00e9 fine chez les jeunes enfants.","robots":{"index":"index","follow":"follow","max-snippet":"max-snippet:-1","max-image-preview":"max-image-preview:large","max-video-preview":"max-video-preview:-1"},"canonical":"https:\/\/teiaeducation.ch\/fr\/produit\/tour-empiler-vacillante-bleue-grimms\/","og_locale":"fr_FR","og_type":"article","og_title":"Tour \u00e0 empiler vacillante bleue - Grimm's","og_description":"La tour bleue vacillante de Grimm's est un jouet d'empilage en bois fabriqu\u00e9 \u00e0 la main pour d\u00e9velopper la coordination \u0153il-main et la motricit\u00e9 fine chez les jeunes enfants.","og_url":"https:\/\/teiaeducation.ch\/fr\/produit\/tour-empiler-vacillante-bleue-grimms\/","og_site_name":"Sustainable Educational Products &amp; Ecological Toys\u00a0","article_publisher":"https:\/\/www.facebook.com\/teiaeducation\/","article_modified_time":"2021-10-11T15:27:06+00:00","og_image":[{"width":800,"height":1034,"url":"https:\/\/teiaeducation.ch\/wp-content\/uploads\/2020\/10\/Blue-wobbly-stacking-toy-Grimms.jpg","type":"image\/jpeg"}],"schema":{"@context":"https:\/\/schema.org","@graph":[{"@type":"WebPage","@id":"https:\/\/teiaeducation.ch\/fr\/produit\/tour-empiler-vacillante-bleue-grimms\/","url":"https:\/\/teiaeducation.ch\/fr\/produit\/tour-empiler-vacillante-bleue-grimms\/","name":"Tour \u00e0 empiler vacillante bleue - Grimm's - Teia Education & Play","isPartOf":{"@id":"https:\/\/teiaeducation.ch\/fr\/#website"},"primaryImageOfPage":{"@id":"https:\/\/teiaeducation.ch\/fr\/produit\/tour-empiler-vacillante-bleue-grimms\/#primaryimage"},"image":{"@id":"https:\/\/teiaeducation.ch\/fr\/produit\/tour-empiler-vacillante-bleue-grimms\/#primaryimage"},"thumbnailUrl":"https:\/\/teiaeducation.ch\/wp-content\/uploads\/2020\/10\/Blue-wobbly-stacking-toy-Grimms.jpg","datePublished":"2020-11-07T12:20:49+00:00","dateModified":"2021-10-11T15:27:06+00:00","description":"La tour bleue vacillante de Grimm's est un jouet d'empilage en bois fabriqu\u00e9 \u00e0 la main pour d\u00e9velopper la coordination \u0153il-main et la motricit\u00e9 fine chez les jeunes enfants.","breadcrumb":{"@id":"https:\/\/teiaeducation.ch\/fr\/produit\/tour-empiler-vacillante-bleue-grimms\/#breadcrumb"},"inLanguage":"fr-FR","potentialAction":[{"@type":"ReadAction","target":["https:\/\/teiaeducation.ch\/fr\/produit\/tour-empiler-vacillante-bleue-grimms\/"]}]},{"@type":"ImageObject","inLanguage":"fr-FR","@id":"https:\/\/teiaeducation.ch\/fr\/produit\/tour-empiler-vacillante-bleue-grimms\/#primaryimage","url":"https:\/\/teiaeducation.ch\/wp-content\/uploads\/2020\/10\/Blue-wobbly-stacking-toy-Grimms.jpg","contentUrl":"https:\/\/teiaeducation.ch\/wp-content\/uploads\/2020\/10\/Blue-wobbly-stacking-toy-Grimms.jpg","width":800,"height":1034,"caption":"Jouet \u00e0 empiler vacillante bleue en bois fait main - Grimm's"},{"@type":"BreadcrumbList","@id":"https:\/\/teiaeducation.ch\/fr\/produit\/tour-empiler-vacillante-bleue-grimms\/#breadcrumb","itemListElement":[{"@type":"ListItem","position":1,"name":"Home","item":"https:\/\/teiaeducation.ch\/fr\/"},{"@type":"ListItem","position":2,"name":"Boutique Teia Education &amp; Play","item":"https:\/\/teiaeducation.ch\/fr\/boutique\/"},{"@type":"ListItem","position":3,"name":"Nos Marques","item":"https:\/\/teiaeducation.ch\/fr\/categorie-produit\/marques\/"},{"@type":"ListItem","position":4,"name":"Grimm's","item":"https:\/\/teiaeducation.ch\/fr\/categorie-produit\/marques\/grimms-fr\/"},{"@type":"ListItem","position":5,"name":"Tour \u00e0 empiler vacillante bleue &#8211; Grimm&#8217;s"}]},{"@type":"WebSite","@id":"https:\/\/teiaeducation.ch\/fr\/#website","url":"https:\/\/teiaeducation.ch\/fr\/","name":"Sustainable Educational Products &amp; Ecological Toys\u00a0","description":"Specialised Swiss shop selling sustainable educational toys and games, AMI certified Montessori materials, handmade ecological wooden Waldorf toys and arts &amp; crafts supplies, school supplies, children&#039;s furniture and Montessori reference and parenting books.","publisher":{"@id":"https:\/\/teiaeducation.ch\/fr\/#organization"},"alternateName":"Teia Education & Play","potentialAction":[{"@type":"SearchAction","target":{"@type":"EntryPoint","urlTemplate":"https:\/\/teiaeducation.ch\/fr\/?s={search_term_string}"},"query-input":{"@type":"PropertyValueSpecification","valueRequired":true,"valueName":"search_term_string"}}],"inLanguage":"fr-FR"},{"@type":"Organization","@id":"https:\/\/teiaeducation.ch\/fr\/#organization","name":"Teia Education & Play","url":"https:\/\/teiaeducation.ch\/fr\/","logo":{"@type":"ImageObject","inLanguage":"fr-FR","@id":"https:\/\/teiaeducation.ch\/fr\/#\/schema\/logo\/image\/","url":"https:\/\/teiaeducation.ch\/wp-content\/uploads\/2020\/11\/Teia-Education-Switzerland-e1620156442216.jpg","contentUrl":"https:\/\/teiaeducation.ch\/wp-content\/uploads\/2020\/11\/Teia-Education-Switzerland-e1620156442216.jpg","width":166,"height":145,"caption":"Teia Education & Play"},"image":{"@id":"https:\/\/teiaeducation.ch\/fr\/#\/schema\/logo\/image\/"},"sameAs":["https:\/\/www.facebook.com\/teiaeducation\/","https:\/\/x.com\/EducationTeia","https:\/\/www.instagram.com\/teia.education\/","https:\/\/www.linkedin.com\/company\/35501660","https:\/\/www.pinterest.ch\/TeiaEducation\/"]}]},"product_price_amount":"23.90","product_price_currency":"CHF","og_availability":"instock","product_availability":"instock","product_retailer_item_id":"00000000000000000000000000000000000000000000031202","product_condition":"new"},"_links":{"self":[{"href":"https:\/\/teiaeducation.ch\/fr\/wp-json\/wp\/v2\/product\/39808","targetHints":{"allow":["GET"]}}],"collection":[{"href":"https:\/\/teiaeducation.ch\/fr\/wp-json\/wp\/v2\/product"}],"about":[{"href":"https:\/\/teiaeducation.ch\/fr\/wp-json\/wp\/v2\/types\/product"}],"replies":[{"embeddable":true,"href":"https:\/\/teiaeducation.ch\/fr\/wp-json\/wp\/v2\/comments?post=39808"}],"wp:featuredmedia":[{"embeddable":true,"href":"https:\/\/teiaeducation.ch\/fr\/wp-json\/wp\/v2\/media\/31204"}],"wp:attachment":[{"href":"https:\/\/teiaeducation.ch\/fr\/wp-json\/wp\/v2\/media?parent=39808"}],"wp:term":[{"taxonomy":"product_brand","embeddable":true,"href":"https:\/\/teiaeducation.ch\/fr\/wp-json\/wp\/v2\/product_brand?post=39808"},{"taxonomy":"product_cat","embeddable":true,"href":"https:\/\/teiaeducation.ch\/fr\/wp-json\/wp\/v2\/product_cat?post=39808"},{"taxonomy":"product_tag","embeddable":true,"href":"https:\/\/teiaeducation.ch\/fr\/wp-json\/wp\/v2\/product_tag?post=39808"}],"curies":[{"name":"wp","href":"https:\/\/api.w.org\/{rel}","templated":true}]}}