{"id":39810,"date":"2020-11-16T15:03:20","date_gmt":"2020-11-16T14:03:20","guid":{"rendered":"https:\/\/teiaeducation.ch\/product\/voitures-en-bois-colorees-grimms\/"},"modified":"2023-07-30T09:49:12","modified_gmt":"2023-07-30T07:49:12","slug":"voitures-en-bois-colorees-grimms","status":"publish","type":"product","link":"https:\/\/teiaeducation.ch\/fr\/produit\/voitures-en-bois-colorees-grimms\/","title":{"rendered":"Voitures en bois color\u00e9es &#8211; Grimm&#8217;s"},"content":{"rendered":"<p>Voitures en bois color\u00e9es \/ V\u00e9hicules jouets en bois durables faits main &#8211; Grimm&#8217;s<\/p>\n<p>Ce magnifique ensemble de voitures en bois aux couleurs vives de Grimm&#8217;s pr\u00e9sente des <a href=\"https:\/\/teiaeducation.ch\/product-category\/play\/toy-cars-vehicles\/\">v\u00e9hicules<\/a> en bois durables fabriqu\u00e9s \u00e0 la main et inspir\u00e9s de Waldorf. Ces 6 v\u00e9hicules assortis, volumineux et d\u00e9licieusement tactiles, sont de taille g\u00e9n\u00e9reuse et parfaits pour que les petites mains puissent les saisir et les faire passer sur des ponts \u00e9troits !<\/p>\n<p>Les voitures en bois color\u00e9es de Grimm&#8217;s sont magnifiquement sculpt\u00e9es dans du bois de tilleul. Leurs formes simples et arrondies \u00e0 la Waldorf sont tactiles et tr\u00e8s attrayantes. Ils sont peints dans de d\u00e9licieux tons vifs avec une teinture non toxique \u00e0 base d&#8217;eau, ce qui les rend s\u00fbrs pour les jeunes enfants. Chaque v\u00e9hicule mesure environ 10 cm de long.<\/p>\n<p>L&#8217;ensemble comprend une voiture de sport, plusieurs types de voitures familiales et une camionnette pour un jeu de v\u00e9hicule amusant et sans fin. Affinant les capacit\u00e9s motrices au fur et \u00e0 mesure que les voitures sont pouss\u00e9es sur les ponts, dans les tunnels et sur toutes les routes du petit monde, ces voitures sont parfaites pour les tout-petits et restent un compagnon constant tout au long de l&#8217;enfance.<\/p>\n<p>Id\u00e9al pour jouer \u00e0 la maison, \u00e0 la cr\u00e8che, \u00e0 Waldorf ou \u00e0 l\u2019\u00e9cole Steiner, les beaux jouets en bois naturel de Grimm&#8217;s sont fabriqu\u00e9s selon la philosophie Waldorf qui est bien connue pour encourager les enfants \u00e0 d\u00e9couvrir le jeu cr\u00e9atif de mani\u00e8re ind\u00e9pendante, sans limitations et \u00e0 un rythme effr\u00e9n\u00e9. Les jouets en bois de Grimm&#8217;s sont color\u00e9s \u00e0 la main avec des peintures \u00e0 base d\u2019eau non toxiques et ne sont pas finis avec de la laque pour assurer les caract\u00e9ristiques originales du bois et pour qu&#8217;on puisse voir le grain \u00e0 travers. La surface des morceaux de bois europ\u00e9ens certifi\u00e9s FSC est laiss\u00e9e l\u00e9g\u00e8rement rugueuse, ce qui les rend plus facilement empilables et moins glissants.<\/p>\n<p>Les jouets en bois de Grimm&#8217;s sont fabriqu\u00e9s dans les installations de Grimm en Allemagne ainsi que dans plusieurs ateliers \u00e0 travers l\u2019Europe \u00e0 partir de diff\u00e9rents types de bois tels que l\u2019aulne, la chaux, le h\u00eatre et l\u2019\u00e9rable. Tout le bois utilis\u00e9 pour fabriquer les jouets de Grimm&#8217;s provient de for\u00eats europ\u00e9ennes g\u00e9r\u00e9es de mani\u00e8re durable.<\/p>\n<p>Veuillez noter que les jouets de Grimm&#8217;s sont toujours uniques, et portent des marques uniques faites par la nature. Le grain de bois a des structures et des couleurs changeantes qui servent de preuve de ses origines naturelles. Les variations uniques, les marques, les noeuds, les motifs, les rayures noires ou les taches sombres qui peuvent \u00eatre visibles dans le bois d\u2019un jouet de Grimm&#8217;s sont une preuve de qualit\u00e9, et non des d\u00e9fauts.<\/p>\n<p>Le jeu de voitures en bois color\u00e9 Grimm&#8217;s convient aux enfants \u00e2g\u00e9s de 1 an et plus.<\/p>\n<p>Contenu:<\/p>\n<p>6 voitures en bois.<\/p>\n","protected":false},"excerpt":{"rendered":"<p>Num\u00e9ro d&#8217;article: gri09310<\/p>\n<p>Ce magnifique ensemble de voitures en bois color\u00e9es de Grimm&#8217;s comprend des v\u00e9hicules en bois durable fabriqu\u00e9s \u00e0 la main, de taille parfaite pour que les petites mains puissent les saisir et les faire passer sur des ponts \u00e9troits !<\/p>\n","protected":false},"featured_media":32095,"comment_status":"open","ping_status":"closed","template":"","meta":[],"product_brand":[],"product_cat":[208,215,17212,17242,17241,13130,23020,23021,217,5851,24878,212,17236],"product_tag":[17337,8625,17332,17334,20000,20001,19998,17335,17462,17363,19823,19999,17336,20004,21209,20003,21208,20002,20005],"class_list":{"0":"post-39810","1":"product","2":"type-product","3":"status-publish","4":"has-post-thumbnail","6":"product_cat-1-3-ans","7":"product_cat-3-6-ans","8":"product_cat-grimms-fr","9":"product_cat-guide-cadeaux-1-3-ans","10":"product_cat-guide-cadeaux-3-6-ans","11":"product_cat-jouer","12":"product_cat-jouets-en-bois","13":"product_cat-jouets-waldorf","14":"product_cat-marques","15":"product_cat-nouveautes","16":"product_cat-pousser-tirer","17":"product_cat-tranche-dage","18":"product_cat-voitures-vehicules","19":"product_tag-arc-en-ciel-colore-en-bois-fait-main","20":"product_tag-fabrique-en-allemagne","21":"product_tag-grimm-suisse","22":"product_tag-grimm-suisse-fr","23":"product_tag-grimms-vehicules","24":"product_tag-grimms-voitures","25":"product_tag-grimms-voitures-en-bois","26":"product_tag-grimme-suisse","27":"product_tag-jeux-libres-en-bois","28":"product_tag-jouets-en-bois-de-grimm","29":"product_tag-les-jouets-pastel-de-grimms","30":"product_tag-les-voitures-en-bois-de-grimms","31":"product_tag-magasin-de-jouets-en-bois-grimm","32":"product_tag-premieres-voitures-en-bois","33":"product_tag-vehicules-jouets-en-bois-durables-fabriques-a-la-main","34":"product_tag-voitures-en-bois-1-an","35":"product_tag-voitures-en-bois-colorees-grimms","36":"product_tag-voitures-en-bois-pour-les-tout-petits","37":"product_tag-voitures-en-bois-waldorf","39":"first","40":"instock","41":"taxable","42":"shipping-taxable","43":"purchasable","44":"product-type-simple"},"yoast_head":"<!-- This site is optimized with the Yoast SEO plugin v27.1.1 - https:\/\/yoast.com\/product\/yoast-seo-wordpress\/ -->\n<title>Voitures en bois color\u00e9es - Grimm&#039;s - Teia Education &amp; Play<\/title>\n<meta name=\"description\" content=\"Les voitures en bois color\u00e9es Grimm&#039;s sont des v\u00e9hicules jouets fabriqu\u00e9s \u00e0 la main en bois de tilleul et avec une teinture non toxique \u00e0 base d&#039;eau, sans danger pour les jeunes enfants.\" \/>\n<meta name=\"robots\" content=\"index, follow, max-snippet:-1, max-image-preview:large, max-video-preview:-1\" \/>\n<link rel=\"canonical\" href=\"https:\/\/teiaeducation.ch\/fr\/produit\/voitures-en-bois-colorees-grimms\/\" \/>\n<meta property=\"og:locale\" content=\"fr_FR\" \/>\n<meta property=\"og:type\" content=\"article\" \/>\n<meta property=\"og:title\" content=\"Voitures en bois color\u00e9es - Grimm&#039;s - Teia Education &amp; Play\" \/>\n<meta property=\"og:description\" content=\"Les voitures en bois color\u00e9es Grimm&#039;s sont des v\u00e9hicules jouets fabriqu\u00e9s \u00e0 la main en bois de tilleul et avec une teinture non toxique \u00e0 base d&#039;eau, sans danger pour les jeunes enfants.\" \/>\n<meta property=\"og:url\" content=\"https:\/\/teiaeducation.ch\/fr\/produit\/voitures-en-bois-colorees-grimms\/\" \/>\n<meta property=\"og:site_name\" content=\"Sustainable Educational Products &amp; Ecological Toys\u00a0\" \/>\n<meta property=\"article:publisher\" content=\"https:\/\/www.facebook.com\/teiaeducation\/\" \/>\n<meta property=\"article:modified_time\" content=\"2023-07-30T07:49:12+00:00\" \/>\n<meta property=\"og:image\" content=\"https:\/\/teiaeducation.ch\/wp-content\/uploads\/2020\/11\/Coloured-wooden-cars-Handmade-sustainable-wooden-toy-vehicles-\u2013-Grimms.jpg\" \/>\n\t<meta property=\"og:image:width\" content=\"800\" \/>\n\t<meta property=\"og:image:height\" content=\"508\" \/>\n\t<meta property=\"og:image:type\" content=\"image\/jpeg\" \/>\n<script type=\"application\/ld+json\" class=\"yoast-schema-graph\">{\"@context\":\"https:\/\/schema.org\",\"@graph\":[{\"@type\":\"WebPage\",\"@id\":\"https:\/\/teiaeducation.ch\/fr\/produit\/voitures-en-bois-colorees-grimms\/\",\"url\":\"https:\/\/teiaeducation.ch\/fr\/produit\/voitures-en-bois-colorees-grimms\/\",\"name\":\"Voitures en bois color\u00e9es - Grimm's - Teia Education & Play\",\"isPartOf\":{\"@id\":\"https:\/\/teiaeducation.ch\/fr\/#website\"},\"primaryImageOfPage\":{\"@id\":\"https:\/\/teiaeducation.ch\/fr\/produit\/voitures-en-bois-colorees-grimms\/#primaryimage\"},\"image\":{\"@id\":\"https:\/\/teiaeducation.ch\/fr\/produit\/voitures-en-bois-colorees-grimms\/#primaryimage\"},\"thumbnailUrl\":\"https:\/\/teiaeducation.ch\/wp-content\/uploads\/2020\/11\/Coloured-wooden-cars-Handmade-sustainable-wooden-toy-vehicles-\u2013-Grimms.jpg\",\"datePublished\":\"2020-11-16T14:03:20+00:00\",\"dateModified\":\"2023-07-30T07:49:12+00:00\",\"description\":\"Les voitures en bois color\u00e9es Grimm's sont des v\u00e9hicules jouets fabriqu\u00e9s \u00e0 la main en bois de tilleul et avec une teinture non toxique \u00e0 base d'eau, sans danger pour les jeunes enfants.\",\"breadcrumb\":{\"@id\":\"https:\/\/teiaeducation.ch\/fr\/produit\/voitures-en-bois-colorees-grimms\/#breadcrumb\"},\"inLanguage\":\"fr-FR\",\"potentialAction\":[{\"@type\":\"ReadAction\",\"target\":[\"https:\/\/teiaeducation.ch\/fr\/produit\/voitures-en-bois-colorees-grimms\/\"]}]},{\"@type\":\"ImageObject\",\"inLanguage\":\"fr-FR\",\"@id\":\"https:\/\/teiaeducation.ch\/fr\/produit\/voitures-en-bois-colorees-grimms\/#primaryimage\",\"url\":\"https:\/\/teiaeducation.ch\/wp-content\/uploads\/2020\/11\/Coloured-wooden-cars-Handmade-sustainable-wooden-toy-vehicles-\u2013-Grimms.jpg\",\"contentUrl\":\"https:\/\/teiaeducation.ch\/wp-content\/uploads\/2020\/11\/Coloured-wooden-cars-Handmade-sustainable-wooden-toy-vehicles-\u2013-Grimms.jpg\",\"width\":800,\"height\":508,\"caption\":\"Voitures en bois color\u00e9es \/ V\u00e9hicules jouets en bois durables faits main - Grimm's\"},{\"@type\":\"BreadcrumbList\",\"@id\":\"https:\/\/teiaeducation.ch\/fr\/produit\/voitures-en-bois-colorees-grimms\/#breadcrumb\",\"itemListElement\":[{\"@type\":\"ListItem\",\"position\":1,\"name\":\"Home\",\"item\":\"https:\/\/teiaeducation.ch\/fr\/\"},{\"@type\":\"ListItem\",\"position\":2,\"name\":\"Boutique Teia Education &amp; Play\",\"item\":\"https:\/\/teiaeducation.ch\/fr\/boutique\/\"},{\"@type\":\"ListItem\",\"position\":3,\"name\":\"Nos Marques\",\"item\":\"https:\/\/teiaeducation.ch\/fr\/categorie-produit\/marques\/\"},{\"@type\":\"ListItem\",\"position\":4,\"name\":\"Grimm's\",\"item\":\"https:\/\/teiaeducation.ch\/fr\/categorie-produit\/marques\/grimms-fr\/\"},{\"@type\":\"ListItem\",\"position\":5,\"name\":\"Voitures en bois color\u00e9es &#8211; Grimm&#8217;s\"}]},{\"@type\":\"WebSite\",\"@id\":\"https:\/\/teiaeducation.ch\/fr\/#website\",\"url\":\"https:\/\/teiaeducation.ch\/fr\/\",\"name\":\"Sustainable Educational Products &amp; Ecological Toys\u00a0\",\"description\":\"Specialised Swiss shop selling sustainable educational toys and games, AMI certified Montessori materials, handmade ecological wooden Waldorf toys and arts &amp; crafts supplies, school supplies, children&#039;s furniture and Montessori reference and parenting books.\",\"publisher\":{\"@id\":\"https:\/\/teiaeducation.ch\/fr\/#organization\"},\"alternateName\":\"Teia Education & Play\",\"potentialAction\":[{\"@type\":\"SearchAction\",\"target\":{\"@type\":\"EntryPoint\",\"urlTemplate\":\"https:\/\/teiaeducation.ch\/fr\/?s={search_term_string}\"},\"query-input\":{\"@type\":\"PropertyValueSpecification\",\"valueRequired\":true,\"valueName\":\"search_term_string\"}}],\"inLanguage\":\"fr-FR\"},{\"@type\":\"Organization\",\"@id\":\"https:\/\/teiaeducation.ch\/fr\/#organization\",\"name\":\"Teia Education & Play\",\"url\":\"https:\/\/teiaeducation.ch\/fr\/\",\"logo\":{\"@type\":\"ImageObject\",\"inLanguage\":\"fr-FR\",\"@id\":\"https:\/\/teiaeducation.ch\/fr\/#\/schema\/logo\/image\/\",\"url\":\"https:\/\/teiaeducation.ch\/wp-content\/uploads\/2020\/11\/Teia-Education-Switzerland-e1620156442216.jpg\",\"contentUrl\":\"https:\/\/teiaeducation.ch\/wp-content\/uploads\/2020\/11\/Teia-Education-Switzerland-e1620156442216.jpg\",\"width\":166,\"height\":145,\"caption\":\"Teia Education & Play\"},\"image\":{\"@id\":\"https:\/\/teiaeducation.ch\/fr\/#\/schema\/logo\/image\/\"},\"sameAs\":[\"https:\/\/www.facebook.com\/teiaeducation\/\",\"https:\/\/x.com\/EducationTeia\",\"https:\/\/www.instagram.com\/teia.education\/\",\"https:\/\/www.linkedin.com\/company\/35501660\",\"https:\/\/www.pinterest.ch\/TeiaEducation\/\"]}]}<\/script>\n<!-- \/ Yoast SEO plugin. -->","yoast_head_json":{"title":"Voitures en bois color\u00e9es - Grimm's - Teia Education & Play","description":"Les voitures en bois color\u00e9es Grimm's sont des v\u00e9hicules jouets fabriqu\u00e9s \u00e0 la main en bois de tilleul et avec une teinture non toxique \u00e0 base d'eau, sans danger pour les jeunes enfants.","robots":{"index":"index","follow":"follow","max-snippet":"max-snippet:-1","max-image-preview":"max-image-preview:large","max-video-preview":"max-video-preview:-1"},"canonical":"https:\/\/teiaeducation.ch\/fr\/produit\/voitures-en-bois-colorees-grimms\/","og_locale":"fr_FR","og_type":"article","og_title":"Voitures en bois color\u00e9es - Grimm's - Teia Education & Play","og_description":"Les voitures en bois color\u00e9es Grimm's sont des v\u00e9hicules jouets fabriqu\u00e9s \u00e0 la main en bois de tilleul et avec une teinture non toxique \u00e0 base d'eau, sans danger pour les jeunes enfants.","og_url":"https:\/\/teiaeducation.ch\/fr\/produit\/voitures-en-bois-colorees-grimms\/","og_site_name":"Sustainable Educational Products &amp; Ecological Toys\u00a0","article_publisher":"https:\/\/www.facebook.com\/teiaeducation\/","article_modified_time":"2023-07-30T07:49:12+00:00","og_image":[{"width":800,"height":508,"url":"https:\/\/teiaeducation.ch\/wp-content\/uploads\/2020\/11\/Coloured-wooden-cars-Handmade-sustainable-wooden-toy-vehicles-\u2013-Grimms.jpg","type":"image\/jpeg"}],"schema":{"@context":"https:\/\/schema.org","@graph":[{"@type":"WebPage","@id":"https:\/\/teiaeducation.ch\/fr\/produit\/voitures-en-bois-colorees-grimms\/","url":"https:\/\/teiaeducation.ch\/fr\/produit\/voitures-en-bois-colorees-grimms\/","name":"Voitures en bois color\u00e9es - Grimm's - Teia Education & Play","isPartOf":{"@id":"https:\/\/teiaeducation.ch\/fr\/#website"},"primaryImageOfPage":{"@id":"https:\/\/teiaeducation.ch\/fr\/produit\/voitures-en-bois-colorees-grimms\/#primaryimage"},"image":{"@id":"https:\/\/teiaeducation.ch\/fr\/produit\/voitures-en-bois-colorees-grimms\/#primaryimage"},"thumbnailUrl":"https:\/\/teiaeducation.ch\/wp-content\/uploads\/2020\/11\/Coloured-wooden-cars-Handmade-sustainable-wooden-toy-vehicles-\u2013-Grimms.jpg","datePublished":"2020-11-16T14:03:20+00:00","dateModified":"2023-07-30T07:49:12+00:00","description":"Les voitures en bois color\u00e9es Grimm's sont des v\u00e9hicules jouets fabriqu\u00e9s \u00e0 la main en bois de tilleul et avec une teinture non toxique \u00e0 base d'eau, sans danger pour les jeunes enfants.","breadcrumb":{"@id":"https:\/\/teiaeducation.ch\/fr\/produit\/voitures-en-bois-colorees-grimms\/#breadcrumb"},"inLanguage":"fr-FR","potentialAction":[{"@type":"ReadAction","target":["https:\/\/teiaeducation.ch\/fr\/produit\/voitures-en-bois-colorees-grimms\/"]}]},{"@type":"ImageObject","inLanguage":"fr-FR","@id":"https:\/\/teiaeducation.ch\/fr\/produit\/voitures-en-bois-colorees-grimms\/#primaryimage","url":"https:\/\/teiaeducation.ch\/wp-content\/uploads\/2020\/11\/Coloured-wooden-cars-Handmade-sustainable-wooden-toy-vehicles-\u2013-Grimms.jpg","contentUrl":"https:\/\/teiaeducation.ch\/wp-content\/uploads\/2020\/11\/Coloured-wooden-cars-Handmade-sustainable-wooden-toy-vehicles-\u2013-Grimms.jpg","width":800,"height":508,"caption":"Voitures en bois color\u00e9es \/ V\u00e9hicules jouets en bois durables faits main - Grimm's"},{"@type":"BreadcrumbList","@id":"https:\/\/teiaeducation.ch\/fr\/produit\/voitures-en-bois-colorees-grimms\/#breadcrumb","itemListElement":[{"@type":"ListItem","position":1,"name":"Home","item":"https:\/\/teiaeducation.ch\/fr\/"},{"@type":"ListItem","position":2,"name":"Boutique Teia Education &amp; Play","item":"https:\/\/teiaeducation.ch\/fr\/boutique\/"},{"@type":"ListItem","position":3,"name":"Nos Marques","item":"https:\/\/teiaeducation.ch\/fr\/categorie-produit\/marques\/"},{"@type":"ListItem","position":4,"name":"Grimm's","item":"https:\/\/teiaeducation.ch\/fr\/categorie-produit\/marques\/grimms-fr\/"},{"@type":"ListItem","position":5,"name":"Voitures en bois color\u00e9es &#8211; Grimm&#8217;s"}]},{"@type":"WebSite","@id":"https:\/\/teiaeducation.ch\/fr\/#website","url":"https:\/\/teiaeducation.ch\/fr\/","name":"Sustainable Educational Products &amp; Ecological Toys\u00a0","description":"Specialised Swiss shop selling sustainable educational toys and games, AMI certified Montessori materials, handmade ecological wooden Waldorf toys and arts &amp; crafts supplies, school supplies, children&#039;s furniture and Montessori reference and parenting books.","publisher":{"@id":"https:\/\/teiaeducation.ch\/fr\/#organization"},"alternateName":"Teia Education & Play","potentialAction":[{"@type":"SearchAction","target":{"@type":"EntryPoint","urlTemplate":"https:\/\/teiaeducation.ch\/fr\/?s={search_term_string}"},"query-input":{"@type":"PropertyValueSpecification","valueRequired":true,"valueName":"search_term_string"}}],"inLanguage":"fr-FR"},{"@type":"Organization","@id":"https:\/\/teiaeducation.ch\/fr\/#organization","name":"Teia Education & Play","url":"https:\/\/teiaeducation.ch\/fr\/","logo":{"@type":"ImageObject","inLanguage":"fr-FR","@id":"https:\/\/teiaeducation.ch\/fr\/#\/schema\/logo\/image\/","url":"https:\/\/teiaeducation.ch\/wp-content\/uploads\/2020\/11\/Teia-Education-Switzerland-e1620156442216.jpg","contentUrl":"https:\/\/teiaeducation.ch\/wp-content\/uploads\/2020\/11\/Teia-Education-Switzerland-e1620156442216.jpg","width":166,"height":145,"caption":"Teia Education & Play"},"image":{"@id":"https:\/\/teiaeducation.ch\/fr\/#\/schema\/logo\/image\/"},"sameAs":["https:\/\/www.facebook.com\/teiaeducation\/","https:\/\/x.com\/EducationTeia","https:\/\/www.instagram.com\/teia.education\/","https:\/\/www.linkedin.com\/company\/35501660","https:\/\/www.pinterest.ch\/TeiaEducation\/"]}]}},"_links":{"self":[{"href":"https:\/\/teiaeducation.ch\/fr\/wp-json\/wp\/v2\/product\/39810","targetHints":{"allow":["GET"]}}],"collection":[{"href":"https:\/\/teiaeducation.ch\/fr\/wp-json\/wp\/v2\/product"}],"about":[{"href":"https:\/\/teiaeducation.ch\/fr\/wp-json\/wp\/v2\/types\/product"}],"replies":[{"embeddable":true,"href":"https:\/\/teiaeducation.ch\/fr\/wp-json\/wp\/v2\/comments?post=39810"}],"wp:featuredmedia":[{"embeddable":true,"href":"https:\/\/teiaeducation.ch\/fr\/wp-json\/wp\/v2\/media\/32095"}],"wp:attachment":[{"href":"https:\/\/teiaeducation.ch\/fr\/wp-json\/wp\/v2\/media?parent=39810"}],"wp:term":[{"taxonomy":"product_brand","embeddable":true,"href":"https:\/\/teiaeducation.ch\/fr\/wp-json\/wp\/v2\/product_brand?post=39810"},{"taxonomy":"product_cat","embeddable":true,"href":"https:\/\/teiaeducation.ch\/fr\/wp-json\/wp\/v2\/product_cat?post=39810"},{"taxonomy":"product_tag","embeddable":true,"href":"https:\/\/teiaeducation.ch\/fr\/wp-json\/wp\/v2\/product_tag?post=39810"}],"curies":[{"name":"wp","href":"https:\/\/api.w.org\/{rel}","templated":true}]}}