{"id":39811,"date":"2020-12-22T15:12:34","date_gmt":"2020-12-22T14:12:34","guid":{"rendered":"https:\/\/teiaeducation.ch\/product\/chriffres-decoratifs-roses-1-a-5-grimms\/"},"modified":"2024-12-02T14:40:36","modified_gmt":"2024-12-02T13:40:36","slug":"chiffres-decoratifs-roses-1-5-grimms","status":"publish","type":"product","link":"https:\/\/teiaeducation.ch\/fr\/produit\/chiffres-decoratifs-roses-1-5-grimms\/","title":{"rendered":"Chriffres d\u00e9coratifs roses 1 \u00e0 5 &#8211; Grimm&#8217;s"},"content":{"rendered":"<p>Chiffres d\u00e9coratifs roses 1-5 \/ D\u00e9coration d&#8217;anniversaire Waldorf en bois faite \u00e0 la main &#8211; Grimm&#8217;s<\/p>\n<p>Les chiffres d\u00e9coratifs roses 1-5 de Grimm&#8217;s de notre collection de <a href=\"https:\/\/teiaeducation.ch\/fr\/categorie-produit\/celebrations-fr\/\">c\u00e9l\u00e9brations<\/a> sont de jolies d\u00e9corations en bois faites \u00e0 la main pour anneaux d&#8217;anniversaire pour repr\u00e9senter l&#8217;\u00e2ge de l&#8217;enfant.<\/p>\n<p>Les fabuleux chiffres d\u00e9coratifs roses de Grimm&#8217;s sont parfaits pour d\u00e9corer des anneaux d&#8217;anniversaire ou des bougeoirs de style Waldorf. Ajoutez le nouvel \u00e2ge de votre enfant lors de son anniversaire, de son 1er \u00e0 son 5e anniversaire, avec ces magnifiques chiffres d\u00e9coratifs en bois sculpt\u00e9 ou utilisez-les comme compte \u00e0 rebours pour un \u00e9v\u00e9nement sp\u00e9cial. Choisissez les animaux, jouets ou autres centres d&#8217;int\u00e9r\u00eat pr\u00e9f\u00e9r\u00e9s de votre enfant parmi l&#8217;adorable gamme de figurines d\u00e9coratives Grimm&#8217;s et ajoutez des bougies ou des lumi\u00e8res pour cr\u00e9er une d\u00e9coration vraiment personnelle. Une merveilleuse tradition !<\/p>\n<p>Les chiffres d\u00e9coratifs roses 1-5 de Grimm&#8217;s sont fabriqu\u00e9s \u00e0 la main \u00e0 partir de bois de tilleul et peints \u00e0 la main avec une teinture non toxique \u00e0 base d&#8217;eau. Chaque chiffre mesure environ 9 cm de hauteur.<\/p>\n<p>Id\u00e9aux pour la maison, la cr\u00e8che, Waldorf ou l\u2019\u00e9cole Steiner, les magnifiques jouets en bois naturel de Grimm&#8217;s sont fabriqu\u00e9s selon la philosophie Waldorf qui est bien connue pour encourager les enfants \u00e0 d\u00e9couvrir le jeu cr\u00e9atif de fa\u00e7on ind\u00e9pendante, sans limitations \u00e0 un rythme sans h\u00e2te. Les jouets en bois de Grimm&#8217;s sont color\u00e9s \u00e0 la main avec des peintures \u00e0 base d\u2019eau non toxiques et ne sont pas finis avec de la laque pour assurer les caract\u00e9ristiques originales du bois et pour qu&#8217;on puisse voir le grain \u00e0 travers. La surface des jouets fabriqu\u00e9s \u00e0 partir de bois europ\u00e9ens certifi\u00e9 FSC est laiss\u00e9e l\u00e9g\u00e8rement rugueuse, ce qui les rend plus facilement empilables et moins glissants.<\/p>\n<p>Les jouets en bois de Grimm&#8217;s sont fabriqu\u00e9s dans les manufacture de Grimm&#8217;s en Allemagne ainsi que dans plusieurs ateliers \u00e0 travers l\u2019Europe \u00e0 partir de diff\u00e9rents types de bois tels que l\u2019aulne, la chaux, le h\u00eatre et l\u2019\u00e9rable. Tout le bois utilis\u00e9 pour fabriquer les jouets de Grimm&#8217;s provient de for\u00eats europ\u00e9ennes g\u00e9r\u00e9es de mani\u00e8re durable.<\/p>\n<p>Veuillez noter que les jouets de Grimm&#8217;s sont toujours uniques, et portent des marques uniques faites par la nature. Le grain du bois a des structures et des couleurs changeantes qui servent de preuve de ses origines naturelles. Les variations uniques, les marques, les noeuds, les motifs, les rayures noires ou les taches sombres qui peuvent \u00eatre visibles dans le bois des jouets de Grimm&#8217;s sont une preuve de qualit\u00e9, et non des d\u00e9fauts.<\/p>\n<p>Avertissement! Les chiffres d\u00e9coratifs roses de Grimm&#8217;s sont des objets d\u00e9coratifs et ne conviennent pas pour jouer.<\/p>\n<p>Contenu :<\/p>\n<p>5 nombres en bois, 1-5.<\/p>\n","protected":false},"excerpt":{"rendered":"<p>Num\u00e9ro d&#8217;article: gri04401<\/p>\n<p>Les chiffres d\u00e9coratifs roses de Grimm&#8217;s de 1 \u00e0 5 sont des d\u00e9corations en bois pour les anneaux d&#8217;anniversaire d&#8217;enfants de style Waldorf.<\/p>\n","protected":false},"featured_media":31643,"comment_status":"open","ping_status":"closed","template":"","meta":[],"product_brand":[],"product_cat":[22346,24874,17225,17212,23021,217,5851,22350],"product_tag":[18410,18409,18405,18406,18404,18408,18602,18603,18411,8625,17332,17334,17335,20225,18407,20223,20226,17336,20224,18672,18412],"class_list":{"0":"post-39811","1":"product","2":"type-product","3":"status-publish","4":"has-post-thumbnail","6":"product_cat-anniversaires","7":"product_cat-celebrations-rituels-familiaux","8":"product_cat-celebrations-fr","9":"product_cat-grimms-fr","10":"product_cat-jouets-waldorf","11":"product_cat-marques","12":"product_cat-nouveautes","13":"product_cat-rituels-avent","14":"product_tag-anneau-danniversaire","15":"product_tag-anneau-danniversaire-de-grimm","16":"product_tag-anneaux-danniversaire-de-grimm","17":"product_tag-anneaux-de-celebration","18":"product_tag-decorations-danniversaire-en-bois","19":"product_tag-decorations-danniversaire-en-bois-de-grimm","20":"product_tag-decorations-pour-anneaux-danniversaire-waldorf","21":"product_tag-decorations-pour-anneaux-de-celebrations-waldorf","22":"product_tag-decorations-pour-support-de-bougie","23":"product_tag-fabrique-en-allemagne","24":"product_tag-grimm-suisse","25":"product_tag-grimm-suisse-fr","26":"product_tag-grimme-suisse","27":"product_tag-les-chiffres-decoratifs-de-grimms","28":"product_tag-les-figures-decoratives-de-grimm","29":"product_tag-les-numeros-decoratifs-bleus-de-grimms-de-1-a-5","30":"product_tag-les-numeros-pour-anneaux-danniversaire-de-grimms","31":"product_tag-magasin-de-jouets-en-bois-grimm","32":"product_tag-nombres-bleus-de-grimms-fr","33":"product_tag-nombres-decoratifs-de-grimms","34":"product_tag-support-de-bougies-danniversaire-en-bois","36":"first","37":"outofstock","38":"taxable","39":"shipping-taxable","40":"purchasable","41":"product-type-simple"},"yoast_head":"<!-- This site is optimized with the Yoast SEO plugin v27.1.1 - https:\/\/yoast.com\/product\/yoast-seo-wordpress\/ -->\n<title>Chiffres d\u00e9coratifs roses 1-5 - Grimm&#039;s - Teia Education &amp; Play<\/title>\n<meta name=\"description\" content=\"Les chiffres d\u00e9coratifs roses de Grimm&#039;s de 1 \u00e0 5 sont des d\u00e9corations en bois pour les anneaux d&#039;anniversaire d&#039;enfants de style Waldorf.\" \/>\n<meta name=\"robots\" content=\"index, follow, max-snippet:-1, max-image-preview:large, max-video-preview:-1\" \/>\n<link rel=\"canonical\" href=\"https:\/\/teiaeducation.ch\/fr\/produit\/chiffres-decoratifs-roses-1-5-grimms\/\" \/>\n<meta property=\"og:locale\" content=\"fr_FR\" \/>\n<meta property=\"og:type\" content=\"article\" \/>\n<meta property=\"og:title\" content=\"Chiffres d\u00e9coratifs roses 1-5 - Grimm&#039;s - Teia Education &amp; Play\" \/>\n<meta property=\"og:description\" content=\"Les chiffres d\u00e9coratifs roses de Grimm&#039;s de 1 \u00e0 5 sont des d\u00e9corations en bois pour les anneaux d&#039;anniversaire d&#039;enfants de style Waldorf.\" \/>\n<meta property=\"og:url\" content=\"https:\/\/teiaeducation.ch\/fr\/produit\/chiffres-decoratifs-roses-1-5-grimms\/\" \/>\n<meta property=\"og:site_name\" content=\"Sustainable Educational Products &amp; Ecological Toys\u00a0\" \/>\n<meta property=\"article:publisher\" content=\"https:\/\/www.facebook.com\/teiaeducation\/\" \/>\n<meta property=\"article:modified_time\" content=\"2024-12-02T13:40:36+00:00\" \/>\n<meta property=\"og:image\" content=\"https:\/\/teiaeducation.ch\/wp-content\/uploads\/2020\/11\/Pink-decorative-numbers-1-5-Grimms.jpg\" \/>\n\t<meta property=\"og:image:width\" content=\"900\" \/>\n\t<meta property=\"og:image:height\" content=\"900\" \/>\n\t<meta property=\"og:image:type\" content=\"image\/jpeg\" \/>\n<script type=\"application\/ld+json\" class=\"yoast-schema-graph\">{\"@context\":\"https:\/\/schema.org\",\"@graph\":[{\"@type\":\"WebPage\",\"@id\":\"https:\/\/teiaeducation.ch\/fr\/produit\/chiffres-decoratifs-roses-1-5-grimms\/\",\"url\":\"https:\/\/teiaeducation.ch\/fr\/produit\/chiffres-decoratifs-roses-1-5-grimms\/\",\"name\":\"Chiffres d\u00e9coratifs roses 1-5 - Grimm's - Teia Education & Play\",\"isPartOf\":{\"@id\":\"https:\/\/teiaeducation.ch\/fr\/#website\"},\"primaryImageOfPage\":{\"@id\":\"https:\/\/teiaeducation.ch\/fr\/produit\/chiffres-decoratifs-roses-1-5-grimms\/#primaryimage\"},\"image\":{\"@id\":\"https:\/\/teiaeducation.ch\/fr\/produit\/chiffres-decoratifs-roses-1-5-grimms\/#primaryimage\"},\"thumbnailUrl\":\"https:\/\/teiaeducation.ch\/wp-content\/uploads\/2020\/11\/Pink-decorative-numbers-1-5-Grimms.jpg\",\"datePublished\":\"2020-12-22T14:12:34+00:00\",\"dateModified\":\"2024-12-02T13:40:36+00:00\",\"description\":\"Les chiffres d\u00e9coratifs roses de Grimm's de 1 \u00e0 5 sont des d\u00e9corations en bois pour les anneaux d'anniversaire d'enfants de style Waldorf.\",\"breadcrumb\":{\"@id\":\"https:\/\/teiaeducation.ch\/fr\/produit\/chiffres-decoratifs-roses-1-5-grimms\/#breadcrumb\"},\"inLanguage\":\"fr-FR\",\"potentialAction\":[{\"@type\":\"ReadAction\",\"target\":[\"https:\/\/teiaeducation.ch\/fr\/produit\/chiffres-decoratifs-roses-1-5-grimms\/\"]}]},{\"@type\":\"ImageObject\",\"inLanguage\":\"fr-FR\",\"@id\":\"https:\/\/teiaeducation.ch\/fr\/produit\/chiffres-decoratifs-roses-1-5-grimms\/#primaryimage\",\"url\":\"https:\/\/teiaeducation.ch\/wp-content\/uploads\/2020\/11\/Pink-decorative-numbers-1-5-Grimms.jpg\",\"contentUrl\":\"https:\/\/teiaeducation.ch\/wp-content\/uploads\/2020\/11\/Pink-decorative-numbers-1-5-Grimms.jpg\",\"width\":900,\"height\":900,\"caption\":\"Chiffres d\u00e9coratifs roses 1-5 \/ D\u00e9coration d'anniversaire Waldorf en bois faite \u00e0 la main - Grimm's\"},{\"@type\":\"BreadcrumbList\",\"@id\":\"https:\/\/teiaeducation.ch\/fr\/produit\/chiffres-decoratifs-roses-1-5-grimms\/#breadcrumb\",\"itemListElement\":[{\"@type\":\"ListItem\",\"position\":1,\"name\":\"Home\",\"item\":\"https:\/\/teiaeducation.ch\/fr\/\"},{\"@type\":\"ListItem\",\"position\":2,\"name\":\"Boutique Teia Education &amp; Play\",\"item\":\"https:\/\/teiaeducation.ch\/fr\/boutique\/\"},{\"@type\":\"ListItem\",\"position\":3,\"name\":\"Nos Marques\",\"item\":\"https:\/\/teiaeducation.ch\/fr\/categorie-produit\/marques\/\"},{\"@type\":\"ListItem\",\"position\":4,\"name\":\"Grimm's\",\"item\":\"https:\/\/teiaeducation.ch\/fr\/categorie-produit\/marques\/grimms-fr\/\"},{\"@type\":\"ListItem\",\"position\":5,\"name\":\"Chriffres d\u00e9coratifs roses 1 \u00e0 5 &#8211; Grimm&#8217;s\"}]},{\"@type\":\"WebSite\",\"@id\":\"https:\/\/teiaeducation.ch\/fr\/#website\",\"url\":\"https:\/\/teiaeducation.ch\/fr\/\",\"name\":\"Sustainable Educational Products &amp; Ecological Toys\u00a0\",\"description\":\"Specialised Swiss shop selling sustainable educational toys and games, AMI certified Montessori materials, handmade ecological wooden Waldorf toys and arts &amp; crafts supplies, school supplies, children&#039;s furniture and Montessori reference and parenting books.\",\"publisher\":{\"@id\":\"https:\/\/teiaeducation.ch\/fr\/#organization\"},\"alternateName\":\"Teia Education & Play\",\"potentialAction\":[{\"@type\":\"SearchAction\",\"target\":{\"@type\":\"EntryPoint\",\"urlTemplate\":\"https:\/\/teiaeducation.ch\/fr\/?s={search_term_string}\"},\"query-input\":{\"@type\":\"PropertyValueSpecification\",\"valueRequired\":true,\"valueName\":\"search_term_string\"}}],\"inLanguage\":\"fr-FR\"},{\"@type\":\"Organization\",\"@id\":\"https:\/\/teiaeducation.ch\/fr\/#organization\",\"name\":\"Teia Education & Play\",\"url\":\"https:\/\/teiaeducation.ch\/fr\/\",\"logo\":{\"@type\":\"ImageObject\",\"inLanguage\":\"fr-FR\",\"@id\":\"https:\/\/teiaeducation.ch\/fr\/#\/schema\/logo\/image\/\",\"url\":\"https:\/\/teiaeducation.ch\/wp-content\/uploads\/2020\/11\/Teia-Education-Switzerland-e1620156442216.jpg\",\"contentUrl\":\"https:\/\/teiaeducation.ch\/wp-content\/uploads\/2020\/11\/Teia-Education-Switzerland-e1620156442216.jpg\",\"width\":166,\"height\":145,\"caption\":\"Teia Education & Play\"},\"image\":{\"@id\":\"https:\/\/teiaeducation.ch\/fr\/#\/schema\/logo\/image\/\"},\"sameAs\":[\"https:\/\/www.facebook.com\/teiaeducation\/\",\"https:\/\/x.com\/EducationTeia\",\"https:\/\/www.instagram.com\/teia.education\/\",\"https:\/\/www.linkedin.com\/company\/35501660\",\"https:\/\/www.pinterest.ch\/TeiaEducation\/\"]}]}<\/script>\n<!-- \/ Yoast SEO plugin. -->","yoast_head_json":{"title":"Chiffres d\u00e9coratifs roses 1-5 - Grimm's - Teia Education & Play","description":"Les chiffres d\u00e9coratifs roses de Grimm's de 1 \u00e0 5 sont des d\u00e9corations en bois pour les anneaux d'anniversaire d'enfants de style Waldorf.","robots":{"index":"index","follow":"follow","max-snippet":"max-snippet:-1","max-image-preview":"max-image-preview:large","max-video-preview":"max-video-preview:-1"},"canonical":"https:\/\/teiaeducation.ch\/fr\/produit\/chiffres-decoratifs-roses-1-5-grimms\/","og_locale":"fr_FR","og_type":"article","og_title":"Chiffres d\u00e9coratifs roses 1-5 - Grimm's - Teia Education & Play","og_description":"Les chiffres d\u00e9coratifs roses de Grimm's de 1 \u00e0 5 sont des d\u00e9corations en bois pour les anneaux d'anniversaire d'enfants de style Waldorf.","og_url":"https:\/\/teiaeducation.ch\/fr\/produit\/chiffres-decoratifs-roses-1-5-grimms\/","og_site_name":"Sustainable Educational Products &amp; Ecological Toys\u00a0","article_publisher":"https:\/\/www.facebook.com\/teiaeducation\/","article_modified_time":"2024-12-02T13:40:36+00:00","og_image":[{"width":900,"height":900,"url":"https:\/\/teiaeducation.ch\/wp-content\/uploads\/2020\/11\/Pink-decorative-numbers-1-5-Grimms.jpg","type":"image\/jpeg"}],"schema":{"@context":"https:\/\/schema.org","@graph":[{"@type":"WebPage","@id":"https:\/\/teiaeducation.ch\/fr\/produit\/chiffres-decoratifs-roses-1-5-grimms\/","url":"https:\/\/teiaeducation.ch\/fr\/produit\/chiffres-decoratifs-roses-1-5-grimms\/","name":"Chiffres d\u00e9coratifs roses 1-5 - Grimm's - Teia Education & Play","isPartOf":{"@id":"https:\/\/teiaeducation.ch\/fr\/#website"},"primaryImageOfPage":{"@id":"https:\/\/teiaeducation.ch\/fr\/produit\/chiffres-decoratifs-roses-1-5-grimms\/#primaryimage"},"image":{"@id":"https:\/\/teiaeducation.ch\/fr\/produit\/chiffres-decoratifs-roses-1-5-grimms\/#primaryimage"},"thumbnailUrl":"https:\/\/teiaeducation.ch\/wp-content\/uploads\/2020\/11\/Pink-decorative-numbers-1-5-Grimms.jpg","datePublished":"2020-12-22T14:12:34+00:00","dateModified":"2024-12-02T13:40:36+00:00","description":"Les chiffres d\u00e9coratifs roses de Grimm's de 1 \u00e0 5 sont des d\u00e9corations en bois pour les anneaux d'anniversaire d'enfants de style Waldorf.","breadcrumb":{"@id":"https:\/\/teiaeducation.ch\/fr\/produit\/chiffres-decoratifs-roses-1-5-grimms\/#breadcrumb"},"inLanguage":"fr-FR","potentialAction":[{"@type":"ReadAction","target":["https:\/\/teiaeducation.ch\/fr\/produit\/chiffres-decoratifs-roses-1-5-grimms\/"]}]},{"@type":"ImageObject","inLanguage":"fr-FR","@id":"https:\/\/teiaeducation.ch\/fr\/produit\/chiffres-decoratifs-roses-1-5-grimms\/#primaryimage","url":"https:\/\/teiaeducation.ch\/wp-content\/uploads\/2020\/11\/Pink-decorative-numbers-1-5-Grimms.jpg","contentUrl":"https:\/\/teiaeducation.ch\/wp-content\/uploads\/2020\/11\/Pink-decorative-numbers-1-5-Grimms.jpg","width":900,"height":900,"caption":"Chiffres d\u00e9coratifs roses 1-5 \/ D\u00e9coration d'anniversaire Waldorf en bois faite \u00e0 la main - Grimm's"},{"@type":"BreadcrumbList","@id":"https:\/\/teiaeducation.ch\/fr\/produit\/chiffres-decoratifs-roses-1-5-grimms\/#breadcrumb","itemListElement":[{"@type":"ListItem","position":1,"name":"Home","item":"https:\/\/teiaeducation.ch\/fr\/"},{"@type":"ListItem","position":2,"name":"Boutique Teia Education &amp; Play","item":"https:\/\/teiaeducation.ch\/fr\/boutique\/"},{"@type":"ListItem","position":3,"name":"Nos Marques","item":"https:\/\/teiaeducation.ch\/fr\/categorie-produit\/marques\/"},{"@type":"ListItem","position":4,"name":"Grimm's","item":"https:\/\/teiaeducation.ch\/fr\/categorie-produit\/marques\/grimms-fr\/"},{"@type":"ListItem","position":5,"name":"Chriffres d\u00e9coratifs roses 1 \u00e0 5 &#8211; Grimm&#8217;s"}]},{"@type":"WebSite","@id":"https:\/\/teiaeducation.ch\/fr\/#website","url":"https:\/\/teiaeducation.ch\/fr\/","name":"Sustainable Educational Products &amp; Ecological Toys\u00a0","description":"Specialised Swiss shop selling sustainable educational toys and games, AMI certified Montessori materials, handmade ecological wooden Waldorf toys and arts &amp; crafts supplies, school supplies, children&#039;s furniture and Montessori reference and parenting books.","publisher":{"@id":"https:\/\/teiaeducation.ch\/fr\/#organization"},"alternateName":"Teia Education & Play","potentialAction":[{"@type":"SearchAction","target":{"@type":"EntryPoint","urlTemplate":"https:\/\/teiaeducation.ch\/fr\/?s={search_term_string}"},"query-input":{"@type":"PropertyValueSpecification","valueRequired":true,"valueName":"search_term_string"}}],"inLanguage":"fr-FR"},{"@type":"Organization","@id":"https:\/\/teiaeducation.ch\/fr\/#organization","name":"Teia Education & Play","url":"https:\/\/teiaeducation.ch\/fr\/","logo":{"@type":"ImageObject","inLanguage":"fr-FR","@id":"https:\/\/teiaeducation.ch\/fr\/#\/schema\/logo\/image\/","url":"https:\/\/teiaeducation.ch\/wp-content\/uploads\/2020\/11\/Teia-Education-Switzerland-e1620156442216.jpg","contentUrl":"https:\/\/teiaeducation.ch\/wp-content\/uploads\/2020\/11\/Teia-Education-Switzerland-e1620156442216.jpg","width":166,"height":145,"caption":"Teia Education & Play"},"image":{"@id":"https:\/\/teiaeducation.ch\/fr\/#\/schema\/logo\/image\/"},"sameAs":["https:\/\/www.facebook.com\/teiaeducation\/","https:\/\/x.com\/EducationTeia","https:\/\/www.instagram.com\/teia.education\/","https:\/\/www.linkedin.com\/company\/35501660","https:\/\/www.pinterest.ch\/TeiaEducation\/"]}]}},"_links":{"self":[{"href":"https:\/\/teiaeducation.ch\/fr\/wp-json\/wp\/v2\/product\/39811","targetHints":{"allow":["GET"]}}],"collection":[{"href":"https:\/\/teiaeducation.ch\/fr\/wp-json\/wp\/v2\/product"}],"about":[{"href":"https:\/\/teiaeducation.ch\/fr\/wp-json\/wp\/v2\/types\/product"}],"replies":[{"embeddable":true,"href":"https:\/\/teiaeducation.ch\/fr\/wp-json\/wp\/v2\/comments?post=39811"}],"wp:featuredmedia":[{"embeddable":true,"href":"https:\/\/teiaeducation.ch\/fr\/wp-json\/wp\/v2\/media\/31643"}],"wp:attachment":[{"href":"https:\/\/teiaeducation.ch\/fr\/wp-json\/wp\/v2\/media?parent=39811"}],"wp:term":[{"taxonomy":"product_brand","embeddable":true,"href":"https:\/\/teiaeducation.ch\/fr\/wp-json\/wp\/v2\/product_brand?post=39811"},{"taxonomy":"product_cat","embeddable":true,"href":"https:\/\/teiaeducation.ch\/fr\/wp-json\/wp\/v2\/product_cat?post=39811"},{"taxonomy":"product_tag","embeddable":true,"href":"https:\/\/teiaeducation.ch\/fr\/wp-json\/wp\/v2\/product_tag?post=39811"}],"curies":[{"name":"wp","href":"https:\/\/api.w.org\/{rel}","templated":true}]}}