{"id":39812,"date":"2020-11-27T17:01:15","date_gmt":"2020-11-27T16:01:15","guid":{"rendered":"https:\/\/teiaeducation.ch\/product\/boulangerie-grimms\/"},"modified":"2021-10-12T08:30:29","modified_gmt":"2021-10-12T06:30:29","slug":"boulangerie-grimms","status":"publish","type":"product","link":"https:\/\/teiaeducation.ch\/fr\/produit\/boulangerie-grimms\/","title":{"rendered":"Boulangerie &#8211; Grimm&#8217;s"},"content":{"rendered":"<p>Boulangerie gnome \/ Blocs en bois durables faits main &#8211; Grimm&#8217;s<\/p>\n<p>Un merveilleux jeu de <a href=\"https:\/\/teiaeducation.ch\/product-category\/play\/wooden-building-blocks\/\">blocs<\/a> de construction en bois fait main d&#8217;inspiration Waldorf de Grimm&#8217;s avec une boulangerie digne d&#8217;un village de gnomes ou de f\u00e9es ! L&#8217;ensemble mesure environ 11 cm de haut et comprend 3 blocs en bois aux formes fantaisistes.<\/p>\n<p>3 formes organiques en bois s&#8217;empilent joliment les unes sur les autres dans de jolies nuances magiques de rouge et de violet avec des d\u00e9tails de portes et de chemin\u00e9es. Ce joli jouet inspir\u00e9 de Waldorf est id\u00e9al pour les tout-petits et les jeunes enfants comme blocs de construction, puzzle cr\u00e9atif ou jouet \u00e0 empiler, ou comme d\u00e9coration sur une table de nature. Il inspirera d&#8217;innombrables jeux d&#8217;imagination dans le petit monde et des r\u00e9cits comme habitation pour les gnomes ou les f\u00e9es.<\/p>\n<p>Le jeu de blocs de construction Grimm&#8217;s boulangerie est fabriqu\u00e9 en bois de tilleul et mesure 11 cm de haut. Il est peint \u00e0 la main dans de jolis tons vifs avec une teinture non toxique \u00e0 base d&#8217;eau, ce qui le rend s\u00fbr pour les (petits) enfants. Cet ensemble offre des possibilit\u00e9s infinies pour le jeu cr\u00e9atif, la fabrication de sculptures et l&#8217;am\u00e9lioration des habilet\u00e9s motrices fines et est \u00e9galement un bel ajout d\u00e9coratif \u00e0 n\u2019importe quelle salle de jeux, salle de classe ou chambre d\u2019enfant.<\/p>\n<p>Id\u00e9al pour jouer \u00e0 la maison, \u00e0 la cr\u00e8che, \u00e0 Waldorf ou \u00e0 l\u2019\u00e9cole Steiner, les beaux jouets en bois naturel de Grimm&#8217;s sont fabriqu\u00e9s selon la philosophie Waldorf qui est bien connue pour encourager les enfants \u00e0 d\u00e9couvrir le jeu cr\u00e9atif de mani\u00e8re ind\u00e9pendante, sans limitations et \u00e0 un rythme effr\u00e9n\u00e9. Les jouets en bois de Grimm&#8217;s sont color\u00e9s \u00e0 la main avec des peintures \u00e0 base d\u2019eau non toxiques et ne sont pas finis avec de la laque pour assurer les caract\u00e9ristiques originales du bois et pour qu&#8217;on puisse voir le grain \u00e0 travers. La surface des morceaux de bois europ\u00e9ens certifi\u00e9s FSC est laiss\u00e9e l\u00e9g\u00e8rement rugueuse, ce qui les rend plus facilement empilables et moins glissants.<\/p>\n<p>Les jouets en bois de Grimm&#8217;s sont fabriqu\u00e9s dans les installations de Grimm en Allemagne ainsi que dans plusieurs ateliers \u00e0 travers l\u2019Europe \u00e0 partir de diff\u00e9rents types de bois tels que l\u2019aulne, la chaux, le h\u00eatre et l\u2019\u00e9rable. Tout le bois utilis\u00e9 pour fabriquer les jouets de Grimm&#8217;s provient de for\u00eats europ\u00e9ennes g\u00e9r\u00e9es de mani\u00e8re durable.<\/p>\n<p>Veuillez noter que les jouets de Grimm&#8217;s sont toujours uniques, et portent des marques uniques faites par la nature. Le grain de bois a des structures et des couleurs changeantes qui servent de preuve de ses origines naturelles. Les variations uniques, les marques, les noeuds, les motifs, les rayures noires ou les taches sombres qui peuvent \u00eatre visibles dans le bois d\u2019un jouet de Grimm&#8217;s sont une preuve de qualit\u00e9, et non des d\u00e9fauts.<\/p>\n<p>La boulangerie Grimm&#8217;s convient aux enfants \u00e0 partir de 2 ans.<\/p>\n<p>Contenu:<\/p>\n<p>1 jeu de 3 blocs en bois.<\/p>\n","protected":false},"excerpt":{"rendered":"<p>Num\u00e9ro d&#8217;article: gri07370<\/p>\n<p>Le jeu de blocs de construction en bois Grimm&#8217;s boulangerie du gnome est un jouet Waldorf en bois durable peint \u00e0 la main pour l&#8217;empilage et le jeu fantastique du petit monde.<\/p>\n","protected":false},"featured_media":30793,"comment_status":"open","ping_status":"closed","template":"","meta":[],"product_brand":[],"product_cat":[208,215,13150,24872,17212,17237,13130,13144,23020,23021,13139,13140,7595,217,5851,212,1219],"product_tag":[17337,17463,19848,21212,8625,17465,17332,17334,17889,21210,21211,17335,17462,19503,17331,19518,17464,17336],"class_list":{"0":"post-39812","1":"product","2":"type-product","3":"status-publish","4":"has-post-thumbnail","6":"product_cat-1-3-ans","7":"product_cat-3-6-ans","8":"product_cat-blocs-de-construction-en-bois","9":"product_cat-construction-mondes-arc-en-ciel","10":"product_cat-grimms-fr","11":"product_cat-guide-cadeaux-puzzles-en-bois","12":"product_cat-jouer","13":"product_cat-jouets-a-empiler","14":"product_cat-jouets-en-bois","15":"product_cat-jouets-waldorf","16":"product_cat-jeu-imaginatif-faire-semblant","17":"product_cat-jeu-libre","18":"product_cat-methode-deducation","19":"product_cat-marques","20":"product_cat-nouveautes","21":"product_cat-tranche-dage","22":"product_cat-waldorf-fr","23":"product_tag-arc-en-ciel-colore-en-bois-fait-main","24":"product_tag-assortiment-de-blocs-de-construction-en-bois-de-grimm","25":"product_tag-blocs-de-construction-fantaisistes","26":"product_tag-blocs-de-construction-gnome-de-grimms","27":"product_tag-fabrique-en-allemagne","28":"product_tag-formes-organiques-grimm","29":"product_tag-grimm-suisse","30":"product_tag-grimm-suisse-fr","31":"product_tag-grimms-fr","32":"product_tag-grimms-boulangerie","33":"product_tag-grimms-boulangerie-du-gnome","34":"product_tag-grimme-suisse","35":"product_tag-jeux-libres-en-bois","36":"product_tag-jouet-a-empiler-de-grimm","37":"product_tag-jouets-en-bois-waldorf","38":"product_tag-les-blocs-de-construction-de-grimms","39":"product_tag-les-quatre-elements-waldorf","40":"product_tag-magasin-de-jouets-en-bois-grimm","42":"first","43":"outofstock","44":"taxable","45":"shipping-taxable","46":"purchasable","47":"product-type-simple"},"yoast_head":"<!-- This site is optimized with the Yoast SEO Premium plugin v25.8 (Yoast SEO v27.4) - https:\/\/yoast.com\/product\/yoast-seo-premium-wordpress\/ -->\n<title>Boulangerie - Grimm&#039;s - Teia Education &amp; Play<\/title>\n<meta name=\"description\" content=\"Le jeu de blocs de construction en bois gnome boulangerie de Grimm&#039;s est un jouet Waldorf en bois durable fabriqu\u00e9 \u00e0 la main pour l&#039;empilage et le jeu du petit monde fantastique.\" \/>\n<meta name=\"robots\" content=\"index, follow, max-snippet:-1, max-image-preview:large, max-video-preview:-1\" \/>\n<link rel=\"canonical\" href=\"https:\/\/teiaeducation.ch\/fr\/produit\/boulangerie-grimms\/\" \/>\n<meta property=\"og:locale\" content=\"fr_FR\" \/>\n<meta property=\"og:type\" content=\"article\" \/>\n<meta property=\"og:title\" content=\"Boulangerie - Grimm&#039;s\" \/>\n<meta property=\"og:description\" content=\"Le jeu de blocs de construction en bois gnome boulangerie de Grimm&#039;s est un jouet Waldorf en bois durable fabriqu\u00e9 \u00e0 la main pour l&#039;empilage et le jeu du petit monde fantastique.\" \/>\n<meta property=\"og:url\" content=\"https:\/\/teiaeducation.ch\/fr\/produit\/boulangerie-grimms\/\" \/>\n<meta property=\"og:site_name\" content=\"Sustainable Educational Products &amp; Ecological Toys\u00a0\" \/>\n<meta property=\"article:publisher\" content=\"https:\/\/www.facebook.com\/teiaeducation\/\" \/>\n<meta property=\"article:modified_time\" content=\"2021-10-12T06:30:29+00:00\" \/>\n<meta property=\"og:image\" content=\"https:\/\/teiaeducation.ch\/wp-content\/uploads\/2020\/10\/Bakery-Grimms.jpg\" \/>\n\t<meta property=\"og:image:width\" content=\"800\" \/>\n\t<meta property=\"og:image:height\" content=\"1077\" \/>\n\t<meta property=\"og:image:type\" content=\"image\/jpeg\" \/>\n<script type=\"application\/ld+json\" class=\"yoast-schema-graph\">{\"@context\":\"https:\\\/\\\/schema.org\",\"@graph\":[{\"@type\":\"WebPage\",\"@id\":\"https:\\\/\\\/teiaeducation.ch\\\/fr\\\/produit\\\/boulangerie-grimms\\\/\",\"url\":\"https:\\\/\\\/teiaeducation.ch\\\/fr\\\/produit\\\/boulangerie-grimms\\\/\",\"name\":\"Boulangerie - Grimm's - Teia Education & Play\",\"isPartOf\":{\"@id\":\"https:\\\/\\\/teiaeducation.ch\\\/fr\\\/#website\"},\"primaryImageOfPage\":{\"@id\":\"https:\\\/\\\/teiaeducation.ch\\\/fr\\\/produit\\\/boulangerie-grimms\\\/#primaryimage\"},\"image\":{\"@id\":\"https:\\\/\\\/teiaeducation.ch\\\/fr\\\/produit\\\/boulangerie-grimms\\\/#primaryimage\"},\"thumbnailUrl\":\"https:\\\/\\\/teiaeducation.ch\\\/wp-content\\\/uploads\\\/2020\\\/10\\\/Bakery-Grimms.jpg\",\"datePublished\":\"2020-11-27T16:01:15+00:00\",\"dateModified\":\"2021-10-12T06:30:29+00:00\",\"description\":\"Le jeu de blocs de construction en bois gnome boulangerie de Grimm's est un jouet Waldorf en bois durable fabriqu\u00e9 \u00e0 la main pour l'empilage et le jeu du petit monde fantastique.\",\"breadcrumb\":{\"@id\":\"https:\\\/\\\/teiaeducation.ch\\\/fr\\\/produit\\\/boulangerie-grimms\\\/#breadcrumb\"},\"inLanguage\":\"fr-FR\",\"potentialAction\":[{\"@type\":\"ReadAction\",\"target\":[\"https:\\\/\\\/teiaeducation.ch\\\/fr\\\/produit\\\/boulangerie-grimms\\\/\"]}]},{\"@type\":\"ImageObject\",\"inLanguage\":\"fr-FR\",\"@id\":\"https:\\\/\\\/teiaeducation.ch\\\/fr\\\/produit\\\/boulangerie-grimms\\\/#primaryimage\",\"url\":\"https:\\\/\\\/teiaeducation.ch\\\/wp-content\\\/uploads\\\/2020\\\/10\\\/Bakery-Grimms.jpg\",\"contentUrl\":\"https:\\\/\\\/teiaeducation.ch\\\/wp-content\\\/uploads\\\/2020\\\/10\\\/Bakery-Grimms.jpg\",\"width\":800,\"height\":1077,\"caption\":\"Blocs en bois durables faits main gnome boulangerie - Grimm's\"},{\"@type\":\"BreadcrumbList\",\"@id\":\"https:\\\/\\\/teiaeducation.ch\\\/fr\\\/produit\\\/boulangerie-grimms\\\/#breadcrumb\",\"itemListElement\":[{\"@type\":\"ListItem\",\"position\":1,\"name\":\"Home\",\"item\":\"https:\\\/\\\/teiaeducation.ch\\\/fr\\\/\"},{\"@type\":\"ListItem\",\"position\":2,\"name\":\"Boutique Teia Education &amp; Play\",\"item\":\"https:\\\/\\\/teiaeducation.ch\\\/fr\\\/boutique\\\/\"},{\"@type\":\"ListItem\",\"position\":3,\"name\":\"Nos Marques\",\"item\":\"https:\\\/\\\/teiaeducation.ch\\\/fr\\\/categorie-produit\\\/marques\\\/\"},{\"@type\":\"ListItem\",\"position\":4,\"name\":\"Grimm's\",\"item\":\"https:\\\/\\\/teiaeducation.ch\\\/fr\\\/categorie-produit\\\/marques\\\/grimms-fr\\\/\"},{\"@type\":\"ListItem\",\"position\":5,\"name\":\"Boulangerie &#8211; Grimm&#8217;s\"}]},{\"@type\":\"WebSite\",\"@id\":\"https:\\\/\\\/teiaeducation.ch\\\/fr\\\/#website\",\"url\":\"https:\\\/\\\/teiaeducation.ch\\\/fr\\\/\",\"name\":\"Sustainable Educational Products &amp; Ecological Toys\u00a0\",\"description\":\"Specialised Swiss shop selling sustainable educational toys and games, AMI certified Montessori materials, handmade ecological wooden Waldorf toys and arts &amp; crafts supplies, school supplies, children&#039;s furniture and Montessori reference and parenting books.\",\"publisher\":{\"@id\":\"https:\\\/\\\/teiaeducation.ch\\\/fr\\\/#organization\"},\"alternateName\":\"Teia Education & Play\",\"potentialAction\":[{\"@type\":\"SearchAction\",\"target\":{\"@type\":\"EntryPoint\",\"urlTemplate\":\"https:\\\/\\\/teiaeducation.ch\\\/fr\\\/?s={search_term_string}\"},\"query-input\":{\"@type\":\"PropertyValueSpecification\",\"valueRequired\":true,\"valueName\":\"search_term_string\"}}],\"inLanguage\":\"fr-FR\"},{\"@type\":\"Organization\",\"@id\":\"https:\\\/\\\/teiaeducation.ch\\\/fr\\\/#organization\",\"name\":\"Teia Education & Play\",\"url\":\"https:\\\/\\\/teiaeducation.ch\\\/fr\\\/\",\"logo\":{\"@type\":\"ImageObject\",\"inLanguage\":\"fr-FR\",\"@id\":\"https:\\\/\\\/teiaeducation.ch\\\/fr\\\/#\\\/schema\\\/logo\\\/image\\\/\",\"url\":\"https:\\\/\\\/teiaeducation.ch\\\/wp-content\\\/uploads\\\/2020\\\/11\\\/Teia-Education-Switzerland-e1620156442216.jpg\",\"contentUrl\":\"https:\\\/\\\/teiaeducation.ch\\\/wp-content\\\/uploads\\\/2020\\\/11\\\/Teia-Education-Switzerland-e1620156442216.jpg\",\"width\":166,\"height\":145,\"caption\":\"Teia Education & Play\"},\"image\":{\"@id\":\"https:\\\/\\\/teiaeducation.ch\\\/fr\\\/#\\\/schema\\\/logo\\\/image\\\/\"},\"sameAs\":[\"https:\\\/\\\/www.facebook.com\\\/teiaeducation\\\/\",\"https:\\\/\\\/x.com\\\/EducationTeia\",\"https:\\\/\\\/www.instagram.com\\\/teia.education\\\/\",\"https:\\\/\\\/www.linkedin.com\\\/company\\\/35501660\",\"https:\\\/\\\/www.pinterest.ch\\\/TeiaEducation\\\/\"]}]}<\/script>\n<meta property=\"product:price:amount\" content=\"14.90\" \/>\n<meta property=\"product:price:currency\" content=\"CHF\" \/>\n<meta property=\"og:availability\" content=\"out of stock\" \/>\n<meta property=\"product:availability\" content=\"out of stock\" \/>\n<meta property=\"product:retailer_item_id\" content=\"00000000000000000000000000000000000000000000030791\" \/>\n<meta property=\"product:condition\" content=\"new\" \/>\n<!-- \/ Yoast SEO Premium plugin. -->","yoast_head_json":{"title":"Boulangerie - Grimm's - Teia Education & Play","description":"Le jeu de blocs de construction en bois gnome boulangerie de Grimm's est un jouet Waldorf en bois durable fabriqu\u00e9 \u00e0 la main pour l'empilage et le jeu du petit monde fantastique.","robots":{"index":"index","follow":"follow","max-snippet":"max-snippet:-1","max-image-preview":"max-image-preview:large","max-video-preview":"max-video-preview:-1"},"canonical":"https:\/\/teiaeducation.ch\/fr\/produit\/boulangerie-grimms\/","og_locale":"fr_FR","og_type":"article","og_title":"Boulangerie - Grimm's","og_description":"Le jeu de blocs de construction en bois gnome boulangerie de Grimm's est un jouet Waldorf en bois durable fabriqu\u00e9 \u00e0 la main pour l'empilage et le jeu du petit monde fantastique.","og_url":"https:\/\/teiaeducation.ch\/fr\/produit\/boulangerie-grimms\/","og_site_name":"Sustainable Educational Products &amp; Ecological Toys\u00a0","article_publisher":"https:\/\/www.facebook.com\/teiaeducation\/","article_modified_time":"2021-10-12T06:30:29+00:00","og_image":[{"width":800,"height":1077,"url":"https:\/\/teiaeducation.ch\/wp-content\/uploads\/2020\/10\/Bakery-Grimms.jpg","type":"image\/jpeg"}],"schema":{"@context":"https:\/\/schema.org","@graph":[{"@type":"WebPage","@id":"https:\/\/teiaeducation.ch\/fr\/produit\/boulangerie-grimms\/","url":"https:\/\/teiaeducation.ch\/fr\/produit\/boulangerie-grimms\/","name":"Boulangerie - Grimm's - Teia Education & Play","isPartOf":{"@id":"https:\/\/teiaeducation.ch\/fr\/#website"},"primaryImageOfPage":{"@id":"https:\/\/teiaeducation.ch\/fr\/produit\/boulangerie-grimms\/#primaryimage"},"image":{"@id":"https:\/\/teiaeducation.ch\/fr\/produit\/boulangerie-grimms\/#primaryimage"},"thumbnailUrl":"https:\/\/teiaeducation.ch\/wp-content\/uploads\/2020\/10\/Bakery-Grimms.jpg","datePublished":"2020-11-27T16:01:15+00:00","dateModified":"2021-10-12T06:30:29+00:00","description":"Le jeu de blocs de construction en bois gnome boulangerie de Grimm's est un jouet Waldorf en bois durable fabriqu\u00e9 \u00e0 la main pour l'empilage et le jeu du petit monde fantastique.","breadcrumb":{"@id":"https:\/\/teiaeducation.ch\/fr\/produit\/boulangerie-grimms\/#breadcrumb"},"inLanguage":"fr-FR","potentialAction":[{"@type":"ReadAction","target":["https:\/\/teiaeducation.ch\/fr\/produit\/boulangerie-grimms\/"]}]},{"@type":"ImageObject","inLanguage":"fr-FR","@id":"https:\/\/teiaeducation.ch\/fr\/produit\/boulangerie-grimms\/#primaryimage","url":"https:\/\/teiaeducation.ch\/wp-content\/uploads\/2020\/10\/Bakery-Grimms.jpg","contentUrl":"https:\/\/teiaeducation.ch\/wp-content\/uploads\/2020\/10\/Bakery-Grimms.jpg","width":800,"height":1077,"caption":"Blocs en bois durables faits main gnome boulangerie - Grimm's"},{"@type":"BreadcrumbList","@id":"https:\/\/teiaeducation.ch\/fr\/produit\/boulangerie-grimms\/#breadcrumb","itemListElement":[{"@type":"ListItem","position":1,"name":"Home","item":"https:\/\/teiaeducation.ch\/fr\/"},{"@type":"ListItem","position":2,"name":"Boutique Teia Education &amp; Play","item":"https:\/\/teiaeducation.ch\/fr\/boutique\/"},{"@type":"ListItem","position":3,"name":"Nos Marques","item":"https:\/\/teiaeducation.ch\/fr\/categorie-produit\/marques\/"},{"@type":"ListItem","position":4,"name":"Grimm's","item":"https:\/\/teiaeducation.ch\/fr\/categorie-produit\/marques\/grimms-fr\/"},{"@type":"ListItem","position":5,"name":"Boulangerie &#8211; Grimm&#8217;s"}]},{"@type":"WebSite","@id":"https:\/\/teiaeducation.ch\/fr\/#website","url":"https:\/\/teiaeducation.ch\/fr\/","name":"Sustainable Educational Products &amp; Ecological Toys\u00a0","description":"Specialised Swiss shop selling sustainable educational toys and games, AMI certified Montessori materials, handmade ecological wooden Waldorf toys and arts &amp; crafts supplies, school supplies, children&#039;s furniture and Montessori reference and parenting books.","publisher":{"@id":"https:\/\/teiaeducation.ch\/fr\/#organization"},"alternateName":"Teia Education & Play","potentialAction":[{"@type":"SearchAction","target":{"@type":"EntryPoint","urlTemplate":"https:\/\/teiaeducation.ch\/fr\/?s={search_term_string}"},"query-input":{"@type":"PropertyValueSpecification","valueRequired":true,"valueName":"search_term_string"}}],"inLanguage":"fr-FR"},{"@type":"Organization","@id":"https:\/\/teiaeducation.ch\/fr\/#organization","name":"Teia Education & Play","url":"https:\/\/teiaeducation.ch\/fr\/","logo":{"@type":"ImageObject","inLanguage":"fr-FR","@id":"https:\/\/teiaeducation.ch\/fr\/#\/schema\/logo\/image\/","url":"https:\/\/teiaeducation.ch\/wp-content\/uploads\/2020\/11\/Teia-Education-Switzerland-e1620156442216.jpg","contentUrl":"https:\/\/teiaeducation.ch\/wp-content\/uploads\/2020\/11\/Teia-Education-Switzerland-e1620156442216.jpg","width":166,"height":145,"caption":"Teia Education & Play"},"image":{"@id":"https:\/\/teiaeducation.ch\/fr\/#\/schema\/logo\/image\/"},"sameAs":["https:\/\/www.facebook.com\/teiaeducation\/","https:\/\/x.com\/EducationTeia","https:\/\/www.instagram.com\/teia.education\/","https:\/\/www.linkedin.com\/company\/35501660","https:\/\/www.pinterest.ch\/TeiaEducation\/"]}]},"product_price_amount":"14.90","product_price_currency":"CHF","og_availability":"out of stock","product_availability":"out of stock","product_retailer_item_id":"00000000000000000000000000000000000000000000030791","product_condition":"new"},"_links":{"self":[{"href":"https:\/\/teiaeducation.ch\/fr\/wp-json\/wp\/v2\/product\/39812","targetHints":{"allow":["GET"]}}],"collection":[{"href":"https:\/\/teiaeducation.ch\/fr\/wp-json\/wp\/v2\/product"}],"about":[{"href":"https:\/\/teiaeducation.ch\/fr\/wp-json\/wp\/v2\/types\/product"}],"replies":[{"embeddable":true,"href":"https:\/\/teiaeducation.ch\/fr\/wp-json\/wp\/v2\/comments?post=39812"}],"wp:featuredmedia":[{"embeddable":true,"href":"https:\/\/teiaeducation.ch\/fr\/wp-json\/wp\/v2\/media\/30793"}],"wp:attachment":[{"href":"https:\/\/teiaeducation.ch\/fr\/wp-json\/wp\/v2\/media?parent=39812"}],"wp:term":[{"taxonomy":"product_brand","embeddable":true,"href":"https:\/\/teiaeducation.ch\/fr\/wp-json\/wp\/v2\/product_brand?post=39812"},{"taxonomy":"product_cat","embeddable":true,"href":"https:\/\/teiaeducation.ch\/fr\/wp-json\/wp\/v2\/product_cat?post=39812"},{"taxonomy":"product_tag","embeddable":true,"href":"https:\/\/teiaeducation.ch\/fr\/wp-json\/wp\/v2\/product_tag?post=39812"}],"curies":[{"name":"wp","href":"https:\/\/api.w.org\/{rel}","templated":true}]}}