{"id":39913,"date":"2020-06-30T15:33:28","date_gmt":"2020-06-30T13:33:28","guid":{"rendered":"https:\/\/teiaeducation.ch\/product\/tissu-de-fleurs-de-coton-bleu-pastel-sarahs-silks\/"},"modified":"2023-08-21T15:35:46","modified_gmt":"2023-08-21T13:35:46","slug":"tissu-coton-fleuri-pastel-bleu-sarahs-silks","status":"publish","type":"product","link":"https:\/\/teiaeducation.ch\/fr\/produit\/tissu-coton-fleuri-pastel-bleu-sarahs-silks\/","title":{"rendered":"Tissu de jeu en coton couleur bleu pastel &#8211; Sarah&#8217;s Silks"},"content":{"rendered":"<p>Un magnifique tissu de jeu en coton naturel teint \u00e0 la main, de Sarah&#8217;s Silks et d&#8217;inspiration <a href=\"https:\/\/teiaeducation.ch\/fr\/categorie-produit\/methode-deducation\/waldorf-fr\/\">Waldorf<\/a>, dans la couleur bleu pastel. Ce tissu de jeu en coton mesure 115 x 185 cm et fait partie de la gamme Sarah&#8217;s Silks coton fleuri. Fabriqu\u00e9 en coton 100% biologique et issu du commerce \u00e9quitable, le tissu est enti\u00e8rement ourl\u00e9, solide, durable et juste assez transparent pour laisser filtrer la lumi\u00e8re.<\/p>\n<p>La quintessence\u00a0pour le monde de la fantaisie et du jeu imaginatif Waldorf, le tissu de jeu en coton peut \u00eatre utilis\u00e9 pour cr\u00e9er des d\u00e9guisements tels qu&#8217;une cape, une robe, un voile ou une jupe. Ils sont parfaits pour cr\u00e9er des cachettes secr\u00e8tes ou pour servir de rideau \u00e0 un spectacle de marionnettes. Les tissus en coton de Sarah&#8217;s Silks peuvent \u00e9galement servir de couverture douillette ou comme \u00e9charpe pour les poup\u00e9es, \u00eatre drap\u00e9s sur des chaises pour construire une tente ou un fort. Ils sont suffisamment grands pour cr\u00e9er un espace priv\u00e9 o\u00f9 la magie de l&#8217;enfance est prot\u00e9g\u00e9e. Un \u00e9l\u00e9ment de base pour \u00e0 la maison, des classes Waldorf, des \u00e9coles maternelles et primaires, les tissus de jeu conviennent \u00e0 tous les usages dans un espace de jeu.<\/p>\n<p>Les tissus de jeu en coton de Sarah&#8217;s Silks sont disponibles dans une vari\u00e9t\u00e9 de couleurs pastel uni et est \u00e9galement disponible dans la variation <a href=\"https:\/\/teiaeducation.ch\/fr\/produit\/coton-fleurs-chiffons-arc-en-ciel-sarahs-silks\/\">arc-en-ciel.<\/a> Ils sont polyvalents et, outre le jeu cr\u00e9atif, ils peuvent \u00e9galement \u00eatre utilis\u00e9s pour les tables de la nature Waldorf, pour ajouter de la couleur \u00e0 une <a href=\"https:\/\/teiaeducation.ch\/fr\/categorie-produit\/celebrations-fr\/natur-saisonale-tische\/\">table de saison<\/a> ou pour servir de d\u00e9coration \u00e0 des f\u00eates <a href=\"https:\/\/teiaeducation.ch\/fr\/categorie-produit\/celebrations-fr\/anniversaires\/\">d&#8217;anniversaire<\/a>.<\/p>\n<p>Contenu :<\/p>\n<p>1 tissu de jeu bleu pastel en 100% coton (115 x 185 cm)<\/p>\n<h2>Instructions de soins<\/h2>\n<p>Lavez \u00e0 la main avec du savon \u00e0 vaisselle ou un shampooing doux, s\u00e9chez sur la corde et utilisez un fer \u00e0 repasser moyen pour redonner de l&#8217;\u00e9clat.<\/p>\n<h2>Politique de retour<\/h2>\n<p>Tous les articles retourn\u00e9s doivent \u00eatre dans leur \u00e9tat d&#8217;origine, avec l&#8217;emballage original et les \u00e9tiquettes attach\u00e9es et intactes. Les articles utilis\u00e9s ou lav\u00e9s ne peuvent \u00eatre retourn\u00e9s.<\/p>\n<h2>\u00c0 propos de Sarah&#8217;s Silks<\/h2>\n<p><a href=\"https:\/\/teiaeducation.ch\/fr\/categorie-produit\/marques\/sarahs-silks-fr\/\">Sarah\u2019s Silks<\/a> est une entreprise familiale bas\u00e9e aux \u00c9tats-Unis sp\u00e9cialis\u00e9e dans les jouets d\u2019inspiration <a href=\"https:\/\/teiaeducation.ch\/fr\/categorie-produit\/jouer\/jouets-waldorf\/\">Waldorf<\/a>, <a href=\"https:\/\/teiaeducation.ch\/fr\/categorie-produit\/jouer\/jeu-de-la-nature\/\">naturels<\/a> et durables pour stimuler <a href=\"https:\/\/teiaeducation.ch\/fr\/categorie-produit\/jouer\/jeu-imaginatif-faire-semblant\/\">l\u2019imagination<\/a> des enfants. Leur mission est de fabriquer des <a href=\"https:\/\/teiaeducation.ch\/fr\/categorie-produit\/jouer\/\">jouets durables<\/a> et <a href=\"https:\/\/teiaeducation.ch\/fr\/categorie-produit\/jouer\/jeu-libre\/\">libres<\/a> qui enseignent \u00e0 nos enfants \u00e0 aimer et \u00e0 prendre soin de la Terre M\u00e8re. Les magnifiques soies de jeu, les cotons de jeu, les capes, les robes de f\u00e9es et les banderoles de Sarah&#8217;s Silks sont parfaits pour les jeux libres, les d\u00e9guisements et les jeux dramatiques dans les maisons Waldorf, les garderies et les <a href=\"https:\/\/teiaeducation.ch\/fr\/fournitures-pour-les-ecoles-waldorf-steiner\/\">\u00e9coles Steiner<\/a>.<\/p>\n<p>Tous les v\u00eatements et jouets en soie de Sarah&#8217;s Silks sont fabriqu\u00e9s \u00e0 partir de soie chinoise durable de haute qualit\u00e9. Chaque produit en soie est tiss\u00e9, color\u00e9 et ourl\u00e9 \u00e0 la main par des couturi\u00e8res travaillant de leur maison dans un petit village pr\u00e8s de Suzhou, en Chine. Ils sont ensuite peints et finis \u00e0 la main dans le Sonoma County, en Californie, aux \u00c9tats-Unis.<\/p>\n<p>Les enfants adorent les couleurs vibrantes et magnifiquement m\u00e9lang\u00e9es et la sensation douce et tactile des jouets, des <a href=\"https:\/\/teiaeducation.ch\/fr\/categorie-produit\/jouer\/jouets-en-tissu\/\">tissus<\/a> de jeu en coton et des capes. Ils sont r\u00e9alis\u00e9s \u00e0 l&#8217;aide de teintures non toxiques et \u00e9cologiques et de fibres naturelles allant de la soie v\u00e9ritable \u00e0 100 % ou coton. Ils ont pass\u00e9 des tests de s\u00e9curit\u00e9 am\u00e9ricains et europ\u00e9ens stricts et peuvent \u00eatre utilis\u00e9s par des enfants de tous \u00e2ges.<\/p>\n","protected":false},"excerpt":{"rendered":"<p>Num\u00e9ro d&#8217;article: 35395716<\/p>\n<p>Un magnifique tissu de jeu en coton 100% biologique teint \u00e0 la main, de Sarah&#8217;s Silks et d&#8217;inspiration Waldorf, dans la nuance bleu pastel !<\/p>\n","protected":false},"featured_media":28928,"comment_status":"open","ping_status":"closed","template":"","meta":[],"product_brand":[],"product_cat":[208,215,216,18893,22344,21257,13130,13137,23021,13139,13140,13142,7595,217,5851,13124,25819,212,1219],"product_tag":[21242,7639,1241,21240,21241,20511,20512,21243,18425,20514,20515],"class_list":{"0":"post-39913","1":"product","2":"type-product","3":"status-publish","4":"has-post-thumbnail","6":"product_cat-1-3-ans","7":"product_cat-3-6-ans","8":"product_cat-6-12-ans","9":"product_cat-collection-printemps","10":"product_cat-collections-saisonnieres","11":"product_cat-guides-cadeaux","12":"product_cat-jouer","13":"product_cat-jouets-en-tissu","14":"product_cat-jouets-waldorf","15":"product_cat-jeu-imaginatif-faire-semblant","16":"product_cat-jeu-libre","17":"product_cat-jeu-sensoriel","18":"product_cat-methode-deducation","19":"product_cat-marques","20":"product_cat-nouveautes","21":"product_cat-sarahs-silks-fr","22":"product_cat-tissus-de-jeu-en-coton","23":"product_cat-tranche-dage","24":"product_cat-waldorf-fr","25":"product_tag-construction-de-forts-waldorf-tissu","26":"product_tag-heuristique-jouant-du-waldorf","27":"product_tag-jouets-waldorf","28":"product_tag-sarahs-silks-drap-de-jeu-en-coton","29":"product_tag-sarahs-silks-grand-tapis-de-jeu-en-coton","30":"product_tag-sarahs-silks-suisse-fr-2","31":"product_tag-sarahs-silks-suisse-fr-3","32":"product_tag-sarahs-silks-tissu-en-coton-fleuri-bleu-pastel","33":"product_tag-sarahs-silks-suisse-fr","34":"product_tag-soies-waldorf","35":"product_tag-tissus-de-jeu-waldorf","37":"first","38":"outofstock","39":"taxable","40":"shipping-taxable","41":"purchasable","42":"product-type-simple"},"yoast_head":"<!-- This site is optimized with the Yoast SEO plugin v27.1.1 - https:\/\/yoast.com\/product\/yoast-seo-wordpress\/ -->\n<title>Tissu de jeu en coton couleur bleu pastel - Sarah&#039;s Silks<\/title>\n<meta name=\"description\" content=\"Un magnifique tissu de jeu en coton 100% biologique teint \u00e0 la main, de Sarah&#039;s Silks et d&#039;inspiration Waldorf, dans la nuance bleu pastel.\" \/>\n<meta name=\"robots\" content=\"index, follow, max-snippet:-1, max-image-preview:large, max-video-preview:-1\" \/>\n<link rel=\"canonical\" href=\"https:\/\/teiaeducation.ch\/fr\/produit\/tissu-coton-fleuri-pastel-bleu-sarahs-silks\/\" \/>\n<meta property=\"og:locale\" content=\"fr_FR\" \/>\n<meta property=\"og:type\" content=\"article\" \/>\n<meta property=\"og:title\" content=\"Tissu de jeu en coton couleur bleu pastel - Sarah&#039;s Silks\" \/>\n<meta property=\"og:description\" content=\"Un magnifique tissu de jeu en coton 100% biologique teint \u00e0 la main, de Sarah&#039;s Silks et d&#039;inspiration Waldorf, dans la nuance bleu pastel.\" \/>\n<meta property=\"og:url\" content=\"https:\/\/teiaeducation.ch\/fr\/produit\/tissu-coton-fleuri-pastel-bleu-sarahs-silks\/\" \/>\n<meta property=\"og:site_name\" content=\"Sustainable Educational Products &amp; Ecological Toys\u00a0\" \/>\n<meta property=\"article:publisher\" content=\"https:\/\/www.facebook.com\/teiaeducation\/\" \/>\n<meta property=\"article:modified_time\" content=\"2023-08-21T13:35:46+00:00\" \/>\n<meta property=\"og:image\" content=\"https:\/\/teiaeducation.ch\/wp-content\/uploads\/2020\/09\/Cotton-blossom-cloth-pastel-blue-colour-Sarahs-Silks.jpg\" \/>\n\t<meta property=\"og:image:width\" content=\"1350\" \/>\n\t<meta property=\"og:image:height\" content=\"1080\" \/>\n\t<meta property=\"og:image:type\" content=\"image\/jpeg\" \/>\n<script type=\"application\/ld+json\" class=\"yoast-schema-graph\">{\"@context\":\"https:\/\/schema.org\",\"@graph\":[{\"@type\":\"WebPage\",\"@id\":\"https:\/\/teiaeducation.ch\/fr\/produit\/tissu-coton-fleuri-pastel-bleu-sarahs-silks\/\",\"url\":\"https:\/\/teiaeducation.ch\/fr\/produit\/tissu-coton-fleuri-pastel-bleu-sarahs-silks\/\",\"name\":\"Tissu de jeu en coton couleur bleu pastel - Sarah's Silks\",\"isPartOf\":{\"@id\":\"https:\/\/teiaeducation.ch\/fr\/#website\"},\"primaryImageOfPage\":{\"@id\":\"https:\/\/teiaeducation.ch\/fr\/produit\/tissu-coton-fleuri-pastel-bleu-sarahs-silks\/#primaryimage\"},\"image\":{\"@id\":\"https:\/\/teiaeducation.ch\/fr\/produit\/tissu-coton-fleuri-pastel-bleu-sarahs-silks\/#primaryimage\"},\"thumbnailUrl\":\"https:\/\/teiaeducation.ch\/wp-content\/uploads\/2020\/09\/Cotton-blossom-cloth-pastel-blue-colour-Sarahs-Silks.jpg\",\"datePublished\":\"2020-06-30T13:33:28+00:00\",\"dateModified\":\"2023-08-21T13:35:46+00:00\",\"description\":\"Un magnifique tissu de jeu en coton 100% biologique teint \u00e0 la main, de Sarah's Silks et d'inspiration Waldorf, dans la nuance bleu pastel.\",\"breadcrumb\":{\"@id\":\"https:\/\/teiaeducation.ch\/fr\/produit\/tissu-coton-fleuri-pastel-bleu-sarahs-silks\/#breadcrumb\"},\"inLanguage\":\"fr-FR\",\"potentialAction\":[{\"@type\":\"ReadAction\",\"target\":[\"https:\/\/teiaeducation.ch\/fr\/produit\/tissu-coton-fleuri-pastel-bleu-sarahs-silks\/\"]}]},{\"@type\":\"ImageObject\",\"inLanguage\":\"fr-FR\",\"@id\":\"https:\/\/teiaeducation.ch\/fr\/produit\/tissu-coton-fleuri-pastel-bleu-sarahs-silks\/#primaryimage\",\"url\":\"https:\/\/teiaeducation.ch\/wp-content\/uploads\/2020\/09\/Cotton-blossom-cloth-pastel-blue-colour-Sarahs-Silks.jpg\",\"contentUrl\":\"https:\/\/teiaeducation.ch\/wp-content\/uploads\/2020\/09\/Cotton-blossom-cloth-pastel-blue-colour-Sarahs-Silks.jpg\",\"width\":1350,\"height\":1080,\"caption\":\"Jouet Waldorf - Tissu fleur de coton : bleu pastel - Sarah's Silks\"},{\"@type\":\"BreadcrumbList\",\"@id\":\"https:\/\/teiaeducation.ch\/fr\/produit\/tissu-coton-fleuri-pastel-bleu-sarahs-silks\/#breadcrumb\",\"itemListElement\":[{\"@type\":\"ListItem\",\"position\":1,\"name\":\"Home\",\"item\":\"https:\/\/teiaeducation.ch\/fr\/\"},{\"@type\":\"ListItem\",\"position\":2,\"name\":\"Boutique Teia Education &amp; Play\",\"item\":\"https:\/\/teiaeducation.ch\/fr\/boutique\/\"},{\"@type\":\"ListItem\",\"position\":3,\"name\":\"Nos Marques\",\"item\":\"https:\/\/teiaeducation.ch\/fr\/categorie-produit\/marques\/\"},{\"@type\":\"ListItem\",\"position\":4,\"name\":\"Sarah's Silks\",\"item\":\"https:\/\/teiaeducation.ch\/fr\/categorie-produit\/marques\/sarahs-silks-fr\/\"},{\"@type\":\"ListItem\",\"position\":5,\"name\":\"Tissus de jeu en coton\",\"item\":\"https:\/\/teiaeducation.ch\/fr\/categorie-produit\/marques\/sarahs-silks-fr\/tissus-de-jeu-en-coton\/\"},{\"@type\":\"ListItem\",\"position\":6,\"name\":\"Tissu de jeu en coton couleur bleu pastel &#8211; Sarah&#8217;s Silks\"}]},{\"@type\":\"WebSite\",\"@id\":\"https:\/\/teiaeducation.ch\/fr\/#website\",\"url\":\"https:\/\/teiaeducation.ch\/fr\/\",\"name\":\"Sustainable Educational Products &amp; Ecological Toys\u00a0\",\"description\":\"Specialised Swiss shop selling sustainable educational toys and games, AMI certified Montessori materials, handmade ecological wooden Waldorf toys and arts &amp; crafts supplies, school supplies, children&#039;s furniture and Montessori reference and parenting books.\",\"publisher\":{\"@id\":\"https:\/\/teiaeducation.ch\/fr\/#organization\"},\"alternateName\":\"Teia Education & Play\",\"potentialAction\":[{\"@type\":\"SearchAction\",\"target\":{\"@type\":\"EntryPoint\",\"urlTemplate\":\"https:\/\/teiaeducation.ch\/fr\/?s={search_term_string}\"},\"query-input\":{\"@type\":\"PropertyValueSpecification\",\"valueRequired\":true,\"valueName\":\"search_term_string\"}}],\"inLanguage\":\"fr-FR\"},{\"@type\":\"Organization\",\"@id\":\"https:\/\/teiaeducation.ch\/fr\/#organization\",\"name\":\"Teia Education & Play\",\"url\":\"https:\/\/teiaeducation.ch\/fr\/\",\"logo\":{\"@type\":\"ImageObject\",\"inLanguage\":\"fr-FR\",\"@id\":\"https:\/\/teiaeducation.ch\/fr\/#\/schema\/logo\/image\/\",\"url\":\"https:\/\/teiaeducation.ch\/wp-content\/uploads\/2020\/11\/Teia-Education-Switzerland-e1620156442216.jpg\",\"contentUrl\":\"https:\/\/teiaeducation.ch\/wp-content\/uploads\/2020\/11\/Teia-Education-Switzerland-e1620156442216.jpg\",\"width\":166,\"height\":145,\"caption\":\"Teia Education & Play\"},\"image\":{\"@id\":\"https:\/\/teiaeducation.ch\/fr\/#\/schema\/logo\/image\/\"},\"sameAs\":[\"https:\/\/www.facebook.com\/teiaeducation\/\",\"https:\/\/x.com\/EducationTeia\",\"https:\/\/www.instagram.com\/teia.education\/\",\"https:\/\/www.linkedin.com\/company\/35501660\",\"https:\/\/www.pinterest.ch\/TeiaEducation\/\"]}]}<\/script>\n<!-- \/ Yoast SEO plugin. -->","yoast_head_json":{"title":"Tissu de jeu en coton couleur bleu pastel - Sarah's Silks","description":"Un magnifique tissu de jeu en coton 100% biologique teint \u00e0 la main, de Sarah's Silks et d'inspiration Waldorf, dans la nuance bleu pastel.","robots":{"index":"index","follow":"follow","max-snippet":"max-snippet:-1","max-image-preview":"max-image-preview:large","max-video-preview":"max-video-preview:-1"},"canonical":"https:\/\/teiaeducation.ch\/fr\/produit\/tissu-coton-fleuri-pastel-bleu-sarahs-silks\/","og_locale":"fr_FR","og_type":"article","og_title":"Tissu de jeu en coton couleur bleu pastel - Sarah's Silks","og_description":"Un magnifique tissu de jeu en coton 100% biologique teint \u00e0 la main, de Sarah's Silks et d'inspiration Waldorf, dans la nuance bleu pastel.","og_url":"https:\/\/teiaeducation.ch\/fr\/produit\/tissu-coton-fleuri-pastel-bleu-sarahs-silks\/","og_site_name":"Sustainable Educational Products &amp; Ecological Toys\u00a0","article_publisher":"https:\/\/www.facebook.com\/teiaeducation\/","article_modified_time":"2023-08-21T13:35:46+00:00","og_image":[{"width":1350,"height":1080,"url":"https:\/\/teiaeducation.ch\/wp-content\/uploads\/2020\/09\/Cotton-blossom-cloth-pastel-blue-colour-Sarahs-Silks.jpg","type":"image\/jpeg"}],"schema":{"@context":"https:\/\/schema.org","@graph":[{"@type":"WebPage","@id":"https:\/\/teiaeducation.ch\/fr\/produit\/tissu-coton-fleuri-pastel-bleu-sarahs-silks\/","url":"https:\/\/teiaeducation.ch\/fr\/produit\/tissu-coton-fleuri-pastel-bleu-sarahs-silks\/","name":"Tissu de jeu en coton couleur bleu pastel - Sarah's Silks","isPartOf":{"@id":"https:\/\/teiaeducation.ch\/fr\/#website"},"primaryImageOfPage":{"@id":"https:\/\/teiaeducation.ch\/fr\/produit\/tissu-coton-fleuri-pastel-bleu-sarahs-silks\/#primaryimage"},"image":{"@id":"https:\/\/teiaeducation.ch\/fr\/produit\/tissu-coton-fleuri-pastel-bleu-sarahs-silks\/#primaryimage"},"thumbnailUrl":"https:\/\/teiaeducation.ch\/wp-content\/uploads\/2020\/09\/Cotton-blossom-cloth-pastel-blue-colour-Sarahs-Silks.jpg","datePublished":"2020-06-30T13:33:28+00:00","dateModified":"2023-08-21T13:35:46+00:00","description":"Un magnifique tissu de jeu en coton 100% biologique teint \u00e0 la main, de Sarah's Silks et d'inspiration Waldorf, dans la nuance bleu pastel.","breadcrumb":{"@id":"https:\/\/teiaeducation.ch\/fr\/produit\/tissu-coton-fleuri-pastel-bleu-sarahs-silks\/#breadcrumb"},"inLanguage":"fr-FR","potentialAction":[{"@type":"ReadAction","target":["https:\/\/teiaeducation.ch\/fr\/produit\/tissu-coton-fleuri-pastel-bleu-sarahs-silks\/"]}]},{"@type":"ImageObject","inLanguage":"fr-FR","@id":"https:\/\/teiaeducation.ch\/fr\/produit\/tissu-coton-fleuri-pastel-bleu-sarahs-silks\/#primaryimage","url":"https:\/\/teiaeducation.ch\/wp-content\/uploads\/2020\/09\/Cotton-blossom-cloth-pastel-blue-colour-Sarahs-Silks.jpg","contentUrl":"https:\/\/teiaeducation.ch\/wp-content\/uploads\/2020\/09\/Cotton-blossom-cloth-pastel-blue-colour-Sarahs-Silks.jpg","width":1350,"height":1080,"caption":"Jouet Waldorf - Tissu fleur de coton : bleu pastel - Sarah's Silks"},{"@type":"BreadcrumbList","@id":"https:\/\/teiaeducation.ch\/fr\/produit\/tissu-coton-fleuri-pastel-bleu-sarahs-silks\/#breadcrumb","itemListElement":[{"@type":"ListItem","position":1,"name":"Home","item":"https:\/\/teiaeducation.ch\/fr\/"},{"@type":"ListItem","position":2,"name":"Boutique Teia Education &amp; Play","item":"https:\/\/teiaeducation.ch\/fr\/boutique\/"},{"@type":"ListItem","position":3,"name":"Nos Marques","item":"https:\/\/teiaeducation.ch\/fr\/categorie-produit\/marques\/"},{"@type":"ListItem","position":4,"name":"Sarah's Silks","item":"https:\/\/teiaeducation.ch\/fr\/categorie-produit\/marques\/sarahs-silks-fr\/"},{"@type":"ListItem","position":5,"name":"Tissus de jeu en coton","item":"https:\/\/teiaeducation.ch\/fr\/categorie-produit\/marques\/sarahs-silks-fr\/tissus-de-jeu-en-coton\/"},{"@type":"ListItem","position":6,"name":"Tissu de jeu en coton couleur bleu pastel &#8211; Sarah&#8217;s Silks"}]},{"@type":"WebSite","@id":"https:\/\/teiaeducation.ch\/fr\/#website","url":"https:\/\/teiaeducation.ch\/fr\/","name":"Sustainable Educational Products &amp; Ecological Toys\u00a0","description":"Specialised Swiss shop selling sustainable educational toys and games, AMI certified Montessori materials, handmade ecological wooden Waldorf toys and arts &amp; crafts supplies, school supplies, children&#039;s furniture and Montessori reference and parenting books.","publisher":{"@id":"https:\/\/teiaeducation.ch\/fr\/#organization"},"alternateName":"Teia Education & Play","potentialAction":[{"@type":"SearchAction","target":{"@type":"EntryPoint","urlTemplate":"https:\/\/teiaeducation.ch\/fr\/?s={search_term_string}"},"query-input":{"@type":"PropertyValueSpecification","valueRequired":true,"valueName":"search_term_string"}}],"inLanguage":"fr-FR"},{"@type":"Organization","@id":"https:\/\/teiaeducation.ch\/fr\/#organization","name":"Teia Education & Play","url":"https:\/\/teiaeducation.ch\/fr\/","logo":{"@type":"ImageObject","inLanguage":"fr-FR","@id":"https:\/\/teiaeducation.ch\/fr\/#\/schema\/logo\/image\/","url":"https:\/\/teiaeducation.ch\/wp-content\/uploads\/2020\/11\/Teia-Education-Switzerland-e1620156442216.jpg","contentUrl":"https:\/\/teiaeducation.ch\/wp-content\/uploads\/2020\/11\/Teia-Education-Switzerland-e1620156442216.jpg","width":166,"height":145,"caption":"Teia Education & Play"},"image":{"@id":"https:\/\/teiaeducation.ch\/fr\/#\/schema\/logo\/image\/"},"sameAs":["https:\/\/www.facebook.com\/teiaeducation\/","https:\/\/x.com\/EducationTeia","https:\/\/www.instagram.com\/teia.education\/","https:\/\/www.linkedin.com\/company\/35501660","https:\/\/www.pinterest.ch\/TeiaEducation\/"]}]}},"_links":{"self":[{"href":"https:\/\/teiaeducation.ch\/fr\/wp-json\/wp\/v2\/product\/39913","targetHints":{"allow":["GET"]}}],"collection":[{"href":"https:\/\/teiaeducation.ch\/fr\/wp-json\/wp\/v2\/product"}],"about":[{"href":"https:\/\/teiaeducation.ch\/fr\/wp-json\/wp\/v2\/types\/product"}],"replies":[{"embeddable":true,"href":"https:\/\/teiaeducation.ch\/fr\/wp-json\/wp\/v2\/comments?post=39913"}],"wp:featuredmedia":[{"embeddable":true,"href":"https:\/\/teiaeducation.ch\/fr\/wp-json\/wp\/v2\/media\/28928"}],"wp:attachment":[{"href":"https:\/\/teiaeducation.ch\/fr\/wp-json\/wp\/v2\/media?parent=39913"}],"wp:term":[{"taxonomy":"product_brand","embeddable":true,"href":"https:\/\/teiaeducation.ch\/fr\/wp-json\/wp\/v2\/product_brand?post=39913"},{"taxonomy":"product_cat","embeddable":true,"href":"https:\/\/teiaeducation.ch\/fr\/wp-json\/wp\/v2\/product_cat?post=39913"},{"taxonomy":"product_tag","embeddable":true,"href":"https:\/\/teiaeducation.ch\/fr\/wp-json\/wp\/v2\/product_tag?post=39913"}],"curies":[{"name":"wp","href":"https:\/\/api.w.org\/{rel}","templated":true}]}}