{"id":39971,"date":"2020-10-09T16:09:38","date_gmt":"2020-10-09T14:09:38","guid":{"rendered":"https:\/\/teiaeducation.ch\/product\/set-de-decoupe-en-bois-pour-cheeseburger-erzi\/"},"modified":"2025-12-14T22:15:52","modified_gmt":"2025-12-14T21:15:52","slug":"jeu-de-decoupage-en-bois-cheeseburger-erzi","status":"publish","type":"product","link":"https:\/\/teiaeducation.ch\/fr\/produit\/jeu-de-decoupage-en-bois-cheeseburger-erzi\/","title":{"rendered":"Assortiment de d\u00e9coupe en bois pour cheeseburger &#8211; Erzi"},"content":{"rendered":"<p>Assortiment de d\u00e9coupe de cheeseburger en bois \/ nourriture r\u00e9aliste en bois &#8211; Erzi<\/p>\n<p>Ce super assortiment de d\u00e9coupe de hamburger avec des aliments en bois r\u00e9alistes d&#8217;Erzi est tr\u00e8s amusant car les enfants s&#8217;entra\u00eenent \u00e0 d\u00e9couper et \u00e0 hacher les aliments et \u00e0 utiliser diff\u00e9rentes combinaisons pour construire leur cheeseburger id\u00e9al. Comprenant 1 planche \u00e0 d\u00e9couper, 1 couteau, 1 hamburger \u00e0 diviser (3 parties), 1 tranche de fromage avec Velcro, 1 tomate \u00e0 couper (3 parties) et 1 concombre \u00e0 couper (3 parties), cet ensemble amusant est parfait pour les <a href=\"https:\/\/teiaeducation.ch\/product-category\/play\/imaginative-role-play\/\">jeux de r\u00f4le<\/a> dans le caf\u00e9 ou la cuisine de votre enfant.<\/p>\n<p>Cet assortiment \u00e0 d\u00e9couper favorise de fa\u00e7on ludique la motricit\u00e9 fine des enfants qui apprennent \u00e0 couper les l\u00e9gumes et le pain, ce qui est facilit\u00e9 par le couteau et la planche \u00e0 d\u00e9couper bien con\u00e7us.<\/p>\n<p>Fabriqu\u00e9 en Allemagne \u00e0 partir de bois de h\u00eatre et de bouleau et recouvert d&#8217;un vernis color\u00e9 \u00e0 base d&#8217;eau s\u00fbr et non toxique, le jeu de d\u00e9coupe de cheeseburger en bois Erzi de haute qualit\u00e9 convient aux enfants de 3 ans et plus.<\/p>\n<p>La gamme compl\u00e8te de produits Erzi porte le sceau distinctif de qualit\u00e9 \u00ab made in Germany \u00bb, provenant, comme il le dit, des montagnes de minerai de l\u2019Allemagne.<\/p>\n<p>Erzi utilise du bois d\u2019origine locale certifi\u00e9 et am\u00e9lior\u00e9 par le label Forest Stewardship Council (FSC) pour la cr\u00e9ation de leurs jouets. Toutes les finitions, telles que les peintures \u00e0 base d\u2019eau et les vernis, ne sont pas toxiques et chaque produit Erzi est conforme au plus haut niveau de s\u00e9curit\u00e9 des jouets. Les produits de jeu et d\u2019apprentissage Erzi de haute qualit\u00e9 se distinguent par une grande diversit\u00e9 de formes et de couleurs naturelles et sont durables et \u00e9cologiques.<\/p>\n<p>Contenu :<\/p>\n<p>12 pi\u00e8ces en bois &#8211; 1 planche \u00e0 d\u00e9couper, 1 couteau, 1 hamburger \u00e0 diviser (3 parts), 1 tranche de fromage avec Velcro, 1 tomate \u00e0 couper (3 parts), 1 concombre \u00e0 couper (3 parts)<\/p>\n","protected":false},"excerpt":{"rendered":"<p>Num\u00e9ro d&#8217;article : 28203<\/p>\n<p>Cet assortiment de d\u00e9coupe de cheeseburger en bois d&#8217;Erzi favorise de mani\u00e8re ludique la motricit\u00e9 fine, car les enfants apprennent \u00e0 couper les l\u00e9gumes et le pain, ce qui est facile gr\u00e2ce au couteau et \u00e0 la planche \u00e0 d\u00e9couper bien con\u00e7us !<\/p>\n","protected":false},"featured_media":29295,"comment_status":"open","ping_status":"closed","template":"","meta":[],"product_brand":[],"product_cat":[215,635,283,17210,17209,17241,13130,23020,13139,217,17235,5851,209,212],"product_tag":[23602,21266,23586,23588,21267,23614,23585,23583,23587,23589,17245,23584,23590,23617,23605,23608,23606,21269,21270,20596,23610,21268,21271,21265,23607,23615,23613,23612,23611,23603,23609],"class_list":{"0":"post-39971","1":"product","2":"type-product","3":"status-publish","4":"has-post-thumbnail","6":"product_cat-3-6-ans","7":"product_cat-competences-motrices","8":"product_cat-domaines-du-curriculum","9":"product_cat-epiceries-cuisines-accessoires","10":"product_cat-erzi-fr","11":"product_cat-guide-cadeaux-3-6-ans","12":"product_cat-jouer","13":"product_cat-jouets-en-bois","14":"product_cat-jeu-imaginatif-faire-semblant","15":"product_cat-marques","16":"product_cat-nourriture-de-jeu-realiste-en-bois","17":"product_cat-nouveautes","18":"product_cat-sensorielles-motrices","19":"product_cat-tranche-dage","20":"product_tag-educational-toys-fr","21":"product_tag-erzi-cheeseburger-fr","22":"product_tag-erzi-jouets-fr","23":"product_tag-erzi-jouets-suisse-fr","24":"product_tag-erzi-nourriture-a-decouper","25":"product_tag-erzi-play-food-fr","26":"product_tag-erzi-schweiz-fr","27":"product_tag-erzi-shop-fr","28":"product_tag-erzi-spielzeug-fr","29":"product_tag-erzi-spielzeug-schweiz-fr","30":"product_tag-erzi-suisse-fr-2","31":"product_tag-erzi-switzerland-fr","32":"product_tag-erzi-toys-fr","33":"product_tag-erzi-wooden-play-food-fr","34":"product_tag-erzi-wooden-toys-fr","35":"product_tag-german-toys-fr","36":"product_tag-german-wooden-toys-fr","37":"product_tag-jouet-a-decouper-en-bois","38":"product_tag-jouet-a-decouper-en-bois-fr","39":"product_tag-nourriture-realiste-en-bois","40":"product_tag-pretend-play-toys-fr","41":"product_tag-set-a-decouper-erzi","42":"product_tag-set-daliments-a-decouper","43":"product_tag-set-de-decoupe-erzi-cheeseburger","44":"product_tag-toys-made-in-germany-fr","45":"product_tag-wooden-food-fr","46":"product_tag-wooden-play-cafe-fr","47":"product_tag-wooden-play-food-fr","48":"product_tag-wooden-play-kitchen-fr","49":"product_tag-wooden-toys-fr","50":"product_tag-wooden-toys-made-in-germany-fr","52":"first","53":"instock","54":"taxable","55":"shipping-taxable","56":"purchasable","57":"product-type-simple"},"yoast_head":"<!-- This site is optimized with the Yoast SEO plugin v27.1.1 - https:\/\/yoast.com\/product\/yoast-seo-wordpress\/ -->\n<title>Assortiment de d\u00e9coupe en bois pour cheeseburger - Erzi - Teia Education &amp; Play<\/title>\n<meta name=\"description\" content=\"L&#039;assortiment de d\u00e9coupe de cheeseburger en bois d&#039;Erzi comprend des aliments en bois r\u00e9alistes pour que les enfants puissent s&#039;entra\u00eener \u00e0 d\u00e9couper et convient aux enfants de 3 ans et plus.\" \/>\n<meta name=\"robots\" content=\"index, follow, max-snippet:-1, max-image-preview:large, max-video-preview:-1\" \/>\n<link rel=\"canonical\" href=\"https:\/\/teiaeducation.ch\/fr\/produit\/jeu-de-decoupage-en-bois-cheeseburger-erzi\/\" \/>\n<meta property=\"og:locale\" content=\"fr_FR\" \/>\n<meta property=\"og:type\" content=\"article\" \/>\n<meta property=\"og:title\" content=\"Assortiment de d\u00e9coupe en bois pour cheeseburger - Erzi - Teia Education &amp; Play\" \/>\n<meta property=\"og:description\" content=\"L&#039;assortiment de d\u00e9coupe de cheeseburger en bois d&#039;Erzi comprend des aliments en bois r\u00e9alistes pour que les enfants puissent s&#039;entra\u00eener \u00e0 d\u00e9couper et convient aux enfants de 3 ans et plus.\" \/>\n<meta property=\"og:url\" content=\"https:\/\/teiaeducation.ch\/fr\/produit\/jeu-de-decoupage-en-bois-cheeseburger-erzi\/\" \/>\n<meta property=\"og:site_name\" content=\"Sustainable Educational Products &amp; Ecological Toys\u00a0\" \/>\n<meta property=\"article:publisher\" content=\"https:\/\/www.facebook.com\/teiaeducation\/\" \/>\n<meta property=\"article:modified_time\" content=\"2025-12-14T21:15:52+00:00\" \/>\n<meta property=\"og:image\" content=\"https:\/\/teiaeducation.ch\/wp-content\/uploads\/2020\/09\/Wooden-cheeseburger-cutting-set-Erzi.jpg\" \/>\n\t<meta property=\"og:image:width\" content=\"900\" \/>\n\t<meta property=\"og:image:height\" content=\"900\" \/>\n\t<meta property=\"og:image:type\" content=\"image\/jpeg\" \/>\n<script type=\"application\/ld+json\" class=\"yoast-schema-graph\">{\"@context\":\"https:\/\/schema.org\",\"@graph\":[{\"@type\":\"WebPage\",\"@id\":\"https:\/\/teiaeducation.ch\/fr\/produit\/jeu-de-decoupage-en-bois-cheeseburger-erzi\/\",\"url\":\"https:\/\/teiaeducation.ch\/fr\/produit\/jeu-de-decoupage-en-bois-cheeseburger-erzi\/\",\"name\":\"Assortiment de d\u00e9coupe en bois pour cheeseburger - Erzi - Teia Education & Play\",\"isPartOf\":{\"@id\":\"https:\/\/teiaeducation.ch\/fr\/#website\"},\"primaryImageOfPage\":{\"@id\":\"https:\/\/teiaeducation.ch\/fr\/produit\/jeu-de-decoupage-en-bois-cheeseburger-erzi\/#primaryimage\"},\"image\":{\"@id\":\"https:\/\/teiaeducation.ch\/fr\/produit\/jeu-de-decoupage-en-bois-cheeseburger-erzi\/#primaryimage\"},\"thumbnailUrl\":\"https:\/\/teiaeducation.ch\/wp-content\/uploads\/2020\/09\/Wooden-cheeseburger-cutting-set-Erzi.jpg\",\"datePublished\":\"2020-10-09T14:09:38+00:00\",\"dateModified\":\"2025-12-14T21:15:52+00:00\",\"description\":\"L'assortiment de d\u00e9coupe de cheeseburger en bois d'Erzi comprend des aliments en bois r\u00e9alistes pour que les enfants puissent s'entra\u00eener \u00e0 d\u00e9couper et convient aux enfants de 3 ans et plus.\",\"breadcrumb\":{\"@id\":\"https:\/\/teiaeducation.ch\/fr\/produit\/jeu-de-decoupage-en-bois-cheeseburger-erzi\/#breadcrumb\"},\"inLanguage\":\"fr-FR\",\"potentialAction\":[{\"@type\":\"ReadAction\",\"target\":[\"https:\/\/teiaeducation.ch\/fr\/produit\/jeu-de-decoupage-en-bois-cheeseburger-erzi\/\"]}]},{\"@type\":\"ImageObject\",\"inLanguage\":\"fr-FR\",\"@id\":\"https:\/\/teiaeducation.ch\/fr\/produit\/jeu-de-decoupage-en-bois-cheeseburger-erzi\/#primaryimage\",\"url\":\"https:\/\/teiaeducation.ch\/wp-content\/uploads\/2020\/09\/Wooden-cheeseburger-cutting-set-Erzi.jpg\",\"contentUrl\":\"https:\/\/teiaeducation.ch\/wp-content\/uploads\/2020\/09\/Wooden-cheeseburger-cutting-set-Erzi.jpg\",\"width\":900,\"height\":900,\"caption\":\"Jeu d'alimentation r\u00e9aliste en bois - Set de d\u00e9coupe cheeseburger en bois - Erzi\"},{\"@type\":\"BreadcrumbList\",\"@id\":\"https:\/\/teiaeducation.ch\/fr\/produit\/jeu-de-decoupage-en-bois-cheeseburger-erzi\/#breadcrumb\",\"itemListElement\":[{\"@type\":\"ListItem\",\"position\":1,\"name\":\"Home\",\"item\":\"https:\/\/teiaeducation.ch\/fr\/\"},{\"@type\":\"ListItem\",\"position\":2,\"name\":\"Boutique Teia Education &amp; Play\",\"item\":\"https:\/\/teiaeducation.ch\/fr\/boutique\/\"},{\"@type\":\"ListItem\",\"position\":3,\"name\":\"Nos Marques\",\"item\":\"https:\/\/teiaeducation.ch\/fr\/categorie-produit\/marques\/\"},{\"@type\":\"ListItem\",\"position\":4,\"name\":\"Erzi\",\"item\":\"https:\/\/teiaeducation.ch\/fr\/categorie-produit\/marques\/erzi-fr\/\"},{\"@type\":\"ListItem\",\"position\":5,\"name\":\"\u00c9piceries, Cuisines &amp; Accessoires\",\"item\":\"https:\/\/teiaeducation.ch\/fr\/categorie-produit\/marques\/erzi-fr\/epiceries-cuisines-accessoires\/\"},{\"@type\":\"ListItem\",\"position\":6,\"name\":\"Assortiment de d\u00e9coupe en bois pour cheeseburger &#8211; Erzi\"}]},{\"@type\":\"WebSite\",\"@id\":\"https:\/\/teiaeducation.ch\/fr\/#website\",\"url\":\"https:\/\/teiaeducation.ch\/fr\/\",\"name\":\"Sustainable Educational Products &amp; Ecological Toys\u00a0\",\"description\":\"Specialised Swiss shop selling sustainable educational toys and games, AMI certified Montessori materials, handmade ecological wooden Waldorf toys and arts &amp; crafts supplies, school supplies, children&#039;s furniture and Montessori reference and parenting books.\",\"publisher\":{\"@id\":\"https:\/\/teiaeducation.ch\/fr\/#organization\"},\"alternateName\":\"Teia Education & Play\",\"potentialAction\":[{\"@type\":\"SearchAction\",\"target\":{\"@type\":\"EntryPoint\",\"urlTemplate\":\"https:\/\/teiaeducation.ch\/fr\/?s={search_term_string}\"},\"query-input\":{\"@type\":\"PropertyValueSpecification\",\"valueRequired\":true,\"valueName\":\"search_term_string\"}}],\"inLanguage\":\"fr-FR\"},{\"@type\":\"Organization\",\"@id\":\"https:\/\/teiaeducation.ch\/fr\/#organization\",\"name\":\"Teia Education & Play\",\"url\":\"https:\/\/teiaeducation.ch\/fr\/\",\"logo\":{\"@type\":\"ImageObject\",\"inLanguage\":\"fr-FR\",\"@id\":\"https:\/\/teiaeducation.ch\/fr\/#\/schema\/logo\/image\/\",\"url\":\"https:\/\/teiaeducation.ch\/wp-content\/uploads\/2020\/11\/Teia-Education-Switzerland-e1620156442216.jpg\",\"contentUrl\":\"https:\/\/teiaeducation.ch\/wp-content\/uploads\/2020\/11\/Teia-Education-Switzerland-e1620156442216.jpg\",\"width\":166,\"height\":145,\"caption\":\"Teia Education & Play\"},\"image\":{\"@id\":\"https:\/\/teiaeducation.ch\/fr\/#\/schema\/logo\/image\/\"},\"sameAs\":[\"https:\/\/www.facebook.com\/teiaeducation\/\",\"https:\/\/x.com\/EducationTeia\",\"https:\/\/www.instagram.com\/teia.education\/\",\"https:\/\/www.linkedin.com\/company\/35501660\",\"https:\/\/www.pinterest.ch\/TeiaEducation\/\"]}]}<\/script>\n<!-- \/ Yoast SEO plugin. -->","yoast_head_json":{"title":"Assortiment de d\u00e9coupe en bois pour cheeseburger - Erzi - Teia Education & Play","description":"L'assortiment de d\u00e9coupe de cheeseburger en bois d'Erzi comprend des aliments en bois r\u00e9alistes pour que les enfants puissent s'entra\u00eener \u00e0 d\u00e9couper et convient aux enfants de 3 ans et plus.","robots":{"index":"index","follow":"follow","max-snippet":"max-snippet:-1","max-image-preview":"max-image-preview:large","max-video-preview":"max-video-preview:-1"},"canonical":"https:\/\/teiaeducation.ch\/fr\/produit\/jeu-de-decoupage-en-bois-cheeseburger-erzi\/","og_locale":"fr_FR","og_type":"article","og_title":"Assortiment de d\u00e9coupe en bois pour cheeseburger - Erzi - Teia Education & Play","og_description":"L'assortiment de d\u00e9coupe de cheeseburger en bois d'Erzi comprend des aliments en bois r\u00e9alistes pour que les enfants puissent s'entra\u00eener \u00e0 d\u00e9couper et convient aux enfants de 3 ans et plus.","og_url":"https:\/\/teiaeducation.ch\/fr\/produit\/jeu-de-decoupage-en-bois-cheeseburger-erzi\/","og_site_name":"Sustainable Educational Products &amp; Ecological Toys\u00a0","article_publisher":"https:\/\/www.facebook.com\/teiaeducation\/","article_modified_time":"2025-12-14T21:15:52+00:00","og_image":[{"width":900,"height":900,"url":"https:\/\/teiaeducation.ch\/wp-content\/uploads\/2020\/09\/Wooden-cheeseburger-cutting-set-Erzi.jpg","type":"image\/jpeg"}],"schema":{"@context":"https:\/\/schema.org","@graph":[{"@type":"WebPage","@id":"https:\/\/teiaeducation.ch\/fr\/produit\/jeu-de-decoupage-en-bois-cheeseburger-erzi\/","url":"https:\/\/teiaeducation.ch\/fr\/produit\/jeu-de-decoupage-en-bois-cheeseburger-erzi\/","name":"Assortiment de d\u00e9coupe en bois pour cheeseburger - Erzi - Teia Education & Play","isPartOf":{"@id":"https:\/\/teiaeducation.ch\/fr\/#website"},"primaryImageOfPage":{"@id":"https:\/\/teiaeducation.ch\/fr\/produit\/jeu-de-decoupage-en-bois-cheeseburger-erzi\/#primaryimage"},"image":{"@id":"https:\/\/teiaeducation.ch\/fr\/produit\/jeu-de-decoupage-en-bois-cheeseburger-erzi\/#primaryimage"},"thumbnailUrl":"https:\/\/teiaeducation.ch\/wp-content\/uploads\/2020\/09\/Wooden-cheeseburger-cutting-set-Erzi.jpg","datePublished":"2020-10-09T14:09:38+00:00","dateModified":"2025-12-14T21:15:52+00:00","description":"L'assortiment de d\u00e9coupe de cheeseburger en bois d'Erzi comprend des aliments en bois r\u00e9alistes pour que les enfants puissent s'entra\u00eener \u00e0 d\u00e9couper et convient aux enfants de 3 ans et plus.","breadcrumb":{"@id":"https:\/\/teiaeducation.ch\/fr\/produit\/jeu-de-decoupage-en-bois-cheeseburger-erzi\/#breadcrumb"},"inLanguage":"fr-FR","potentialAction":[{"@type":"ReadAction","target":["https:\/\/teiaeducation.ch\/fr\/produit\/jeu-de-decoupage-en-bois-cheeseburger-erzi\/"]}]},{"@type":"ImageObject","inLanguage":"fr-FR","@id":"https:\/\/teiaeducation.ch\/fr\/produit\/jeu-de-decoupage-en-bois-cheeseburger-erzi\/#primaryimage","url":"https:\/\/teiaeducation.ch\/wp-content\/uploads\/2020\/09\/Wooden-cheeseburger-cutting-set-Erzi.jpg","contentUrl":"https:\/\/teiaeducation.ch\/wp-content\/uploads\/2020\/09\/Wooden-cheeseburger-cutting-set-Erzi.jpg","width":900,"height":900,"caption":"Jeu d'alimentation r\u00e9aliste en bois - Set de d\u00e9coupe cheeseburger en bois - Erzi"},{"@type":"BreadcrumbList","@id":"https:\/\/teiaeducation.ch\/fr\/produit\/jeu-de-decoupage-en-bois-cheeseburger-erzi\/#breadcrumb","itemListElement":[{"@type":"ListItem","position":1,"name":"Home","item":"https:\/\/teiaeducation.ch\/fr\/"},{"@type":"ListItem","position":2,"name":"Boutique Teia Education &amp; Play","item":"https:\/\/teiaeducation.ch\/fr\/boutique\/"},{"@type":"ListItem","position":3,"name":"Nos Marques","item":"https:\/\/teiaeducation.ch\/fr\/categorie-produit\/marques\/"},{"@type":"ListItem","position":4,"name":"Erzi","item":"https:\/\/teiaeducation.ch\/fr\/categorie-produit\/marques\/erzi-fr\/"},{"@type":"ListItem","position":5,"name":"\u00c9piceries, Cuisines &amp; Accessoires","item":"https:\/\/teiaeducation.ch\/fr\/categorie-produit\/marques\/erzi-fr\/epiceries-cuisines-accessoires\/"},{"@type":"ListItem","position":6,"name":"Assortiment de d\u00e9coupe en bois pour cheeseburger &#8211; Erzi"}]},{"@type":"WebSite","@id":"https:\/\/teiaeducation.ch\/fr\/#website","url":"https:\/\/teiaeducation.ch\/fr\/","name":"Sustainable Educational Products &amp; Ecological Toys\u00a0","description":"Specialised Swiss shop selling sustainable educational toys and games, AMI certified Montessori materials, handmade ecological wooden Waldorf toys and arts &amp; crafts supplies, school supplies, children&#039;s furniture and Montessori reference and parenting books.","publisher":{"@id":"https:\/\/teiaeducation.ch\/fr\/#organization"},"alternateName":"Teia Education & Play","potentialAction":[{"@type":"SearchAction","target":{"@type":"EntryPoint","urlTemplate":"https:\/\/teiaeducation.ch\/fr\/?s={search_term_string}"},"query-input":{"@type":"PropertyValueSpecification","valueRequired":true,"valueName":"search_term_string"}}],"inLanguage":"fr-FR"},{"@type":"Organization","@id":"https:\/\/teiaeducation.ch\/fr\/#organization","name":"Teia Education & Play","url":"https:\/\/teiaeducation.ch\/fr\/","logo":{"@type":"ImageObject","inLanguage":"fr-FR","@id":"https:\/\/teiaeducation.ch\/fr\/#\/schema\/logo\/image\/","url":"https:\/\/teiaeducation.ch\/wp-content\/uploads\/2020\/11\/Teia-Education-Switzerland-e1620156442216.jpg","contentUrl":"https:\/\/teiaeducation.ch\/wp-content\/uploads\/2020\/11\/Teia-Education-Switzerland-e1620156442216.jpg","width":166,"height":145,"caption":"Teia Education & Play"},"image":{"@id":"https:\/\/teiaeducation.ch\/fr\/#\/schema\/logo\/image\/"},"sameAs":["https:\/\/www.facebook.com\/teiaeducation\/","https:\/\/x.com\/EducationTeia","https:\/\/www.instagram.com\/teia.education\/","https:\/\/www.linkedin.com\/company\/35501660","https:\/\/www.pinterest.ch\/TeiaEducation\/"]}]}},"_links":{"self":[{"href":"https:\/\/teiaeducation.ch\/fr\/wp-json\/wp\/v2\/product\/39971","targetHints":{"allow":["GET"]}}],"collection":[{"href":"https:\/\/teiaeducation.ch\/fr\/wp-json\/wp\/v2\/product"}],"about":[{"href":"https:\/\/teiaeducation.ch\/fr\/wp-json\/wp\/v2\/types\/product"}],"replies":[{"embeddable":true,"href":"https:\/\/teiaeducation.ch\/fr\/wp-json\/wp\/v2\/comments?post=39971"}],"wp:featuredmedia":[{"embeddable":true,"href":"https:\/\/teiaeducation.ch\/fr\/wp-json\/wp\/v2\/media\/29295"}],"wp:attachment":[{"href":"https:\/\/teiaeducation.ch\/fr\/wp-json\/wp\/v2\/media?parent=39971"}],"wp:term":[{"taxonomy":"product_brand","embeddable":true,"href":"https:\/\/teiaeducation.ch\/fr\/wp-json\/wp\/v2\/product_brand?post=39971"},{"taxonomy":"product_cat","embeddable":true,"href":"https:\/\/teiaeducation.ch\/fr\/wp-json\/wp\/v2\/product_cat?post=39971"},{"taxonomy":"product_tag","embeddable":true,"href":"https:\/\/teiaeducation.ch\/fr\/wp-json\/wp\/v2\/product_tag?post=39971"}],"curies":[{"name":"wp","href":"https:\/\/api.w.org\/{rel}","templated":true}]}}