{"id":39974,"date":"2020-10-06T22:34:51","date_gmt":"2020-10-06T20:34:51","guid":{"rendered":"https:\/\/teiaeducation.ch\/product\/assortiment-amusant-de-cuisine-en-bois-erzi\/"},"modified":"2021-10-18T10:46:52","modified_gmt":"2021-10-18T08:46:52","slug":"cuisiner-en-bois-assortiment-erzi","status":"publish","type":"product","link":"https:\/\/teiaeducation.ch\/fr\/produit\/cuisiner-en-bois-assortiment-erzi\/","title":{"rendered":"Assortiment amusant de cuisine en bois &#8211; Erzi"},"content":{"rendered":"<p>Assortiment d&#8217;aliments en bois pour cuisiner \/ aliments en bois r\u00e9alistes &#8211; Erzi<\/p>\n<p>Ce grand assortiment d&#8217;aliments en bois r\u00e9alistes de haute qualit\u00e9 d&#8217;Erzi contient tous les ingr\u00e9dients dont votre petit cuisinier a besoin pour <a href=\"https:\/\/teiaeducation.ch\/product-category\/play\/imaginative-role-play\/\">s&#8217;amuser \u00e0 cuisiner<\/a>dans sa fausse cuisine ou son caf\u00e9 !<\/p>\n<p>Le set de cuisine est rempli d&#8217;aliments en bois d\u00e9licieusement r\u00e9alistes, dont 1 poulet r\u00f4ti \u00e0 d\u00e9couper, 2 champignons, 1 \u0153uf au plat, 1 \u0153uf, 2 tomates, 1 oignon, 5 feuilles de roquette, 3 fleurons de brocoli, 5 carottes, 15 petits pois, 1 saucisse grill\u00e9e, 1 saucisse fum\u00e9e, 2 b\u00e2tonnets de poisson, 1 hareng, 1 pot de sel, 8 frites, 1 bouteille d&#8217;huile d&#8217;olive, 21 morceaux de p\u00e2tes et 1 sauce tomate.<\/p>\n<p>Fabriqu\u00e9 en Allemagne \u00e0 partir de bois de h\u00eatre et fini avec une peinture \u00e0 base d&#8217;eau s\u00fbre et non toxique, cet assortiment de cuisine en bois Erzi convient aux enfants de 3 ans et plus.<\/p>\n<p>La gamme compl\u00e8te de produits Erzi porte le sceau distinctif de qualit\u00e9 \u00ab made in Germany \u00bb, provenant, comme il le dit, des montagnes de minerai de l\u2019Allemagne.<\/p>\n<p>Erzi utilise du bois d\u2019origine locale certifi\u00e9 et am\u00e9lior\u00e9 par le label Forest Stewardship Council (FSC) pour la cr\u00e9ation de leurs jouets. Toutes les finitions, telles que les peintures \u00e0 base d\u2019eau et les vernis, ne sont pas toxiques et chaque produit Erzi est conforme au plus haut niveau de s\u00e9curit\u00e9 des jouets. Les produits de jeu et d\u2019apprentissage Erzi de haute qualit\u00e9 se distinguent par une grande diversit\u00e9 de formes et de couleurs naturelles et sont durables et \u00e9cologiques.<\/p>\n<p>Contenu :<\/p>\n<p>75 pi\u00e8ces de nourriture en bois assorties.<\/p>\n","protected":false},"excerpt":{"rendered":"<p>Num\u00e9ro d&#8217;article : 28217<\/p>\n<p>Ce grand assortiment d&#8217;aliments en bois r\u00e9alistes de haute qualit\u00e9 d&#8217;Erzi contient tous les ingr\u00e9dients dont votre petit cuisinier a besoin pour <a href=\"https:\/\/teiaeducation.ch\/product-category\/play\/imaginative-role-play\/\">s&#8217;amuser \u00e0 cuisiner<\/a>dans sa fausse cuisine ou son caf\u00e9 !<\/p>\n","protected":false},"featured_media":29334,"comment_status":"open","ping_status":"closed","template":"","meta":[],"product_brand":[],"product_cat":[215,17210,17209,17241,13130,23020,13139,217,17235,5851,212],"product_tag":[23602,21288,21285,23586,23588,23614,23585,23583,23587,23589,17245,23584,23590,23617,23605,23608,23606,21287,20595,21284,21286,23610,23607,23615,23613,23612,23611,23604,23603,23609],"class_list":{"0":"post-39974","1":"product","2":"type-product","3":"status-publish","4":"has-post-thumbnail","6":"product_cat-3-6-ans","7":"product_cat-epiceries-cuisines-accessoires","8":"product_cat-erzi-fr","9":"product_cat-guide-cadeaux-3-6-ans","10":"product_cat-jouer","11":"product_cat-jouets-en-bois","12":"product_cat-jeu-imaginatif-faire-semblant","13":"product_cat-marques","14":"product_cat-nourriture-de-jeu-realiste-en-bois","15":"product_cat-nouveautes","16":"product_cat-tranche-dage","17":"product_tag-educational-toys-fr","18":"product_tag-ensemble-de-cuisine-pour-enfants","19":"product_tag-erzi-le-plaisir-de-cuisiner","20":"product_tag-erzi-jouets-fr","21":"product_tag-erzi-jouets-suisse-fr","22":"product_tag-erzi-play-food-fr","23":"product_tag-erzi-schweiz-fr","24":"product_tag-erzi-shop-fr","25":"product_tag-erzi-spielzeug-fr","26":"product_tag-erzi-spielzeug-schweiz-fr","27":"product_tag-erzi-suisse-fr-2","28":"product_tag-erzi-switzerland-fr","29":"product_tag-erzi-toys-fr","30":"product_tag-erzi-wooden-play-food-fr","31":"product_tag-erzi-wooden-toys-fr","32":"product_tag-german-toys-fr","33":"product_tag-german-wooden-toys-fr","34":"product_tag-ingredients-pour-la-cuisine-erzi","35":"product_tag-nourriture-en-bois-erzi","36":"product_tag-nourriture-erzi","37":"product_tag-poulet-roti-erzi","38":"product_tag-pretend-play-toys-fr","39":"product_tag-toys-made-in-germany-fr","40":"product_tag-wooden-food-fr","41":"product_tag-wooden-play-cafe-fr","42":"product_tag-wooden-play-food-fr","43":"product_tag-wooden-play-kitchen-fr","44":"product_tag-wooden-play-shop-fr","45":"product_tag-wooden-toys-fr","46":"product_tag-wooden-toys-made-in-germany-fr","48":"first","49":"instock","50":"taxable","51":"shipping-taxable","52":"purchasable","53":"product-type-simple"},"yoast_head":"<!-- This site is optimized with the Yoast SEO Premium plugin v25.8 (Yoast SEO v27.4) - https:\/\/yoast.com\/product\/yoast-seo-premium-wordpress\/ -->\n<title>Assortiment amusant de cuisine en bois - Erzi - Teia Education &amp; Play<\/title>\n<meta name=\"description\" content=\"L&#039;assortiment de cuisine en bois Erzi comprend des aliments en bois r\u00e9alistes de haute qualit\u00e9 pour le caf\u00e9 ou la cuisine de votre enfant.\" \/>\n<meta name=\"robots\" content=\"index, follow, max-snippet:-1, max-image-preview:large, max-video-preview:-1\" \/>\n<link rel=\"canonical\" href=\"https:\/\/teiaeducation.ch\/fr\/produit\/cuisiner-en-bois-assortiment-erzi\/\" \/>\n<meta property=\"og:locale\" content=\"fr_FR\" \/>\n<meta property=\"og:type\" content=\"article\" \/>\n<meta property=\"og:title\" content=\"Assortiment amusant de cuisine en bois - Erzi\" \/>\n<meta property=\"og:description\" content=\"L&#039;assortiment de cuisine en bois Erzi comprend des aliments en bois r\u00e9alistes de haute qualit\u00e9 pour le caf\u00e9 ou la cuisine de votre enfant.\" \/>\n<meta property=\"og:url\" content=\"https:\/\/teiaeducation.ch\/fr\/produit\/cuisiner-en-bois-assortiment-erzi\/\" \/>\n<meta property=\"og:site_name\" content=\"Sustainable Educational Products &amp; Ecological Toys\u00a0\" \/>\n<meta property=\"article:publisher\" content=\"https:\/\/www.facebook.com\/teiaeducation\/\" \/>\n<meta property=\"article:modified_time\" content=\"2021-10-18T08:46:52+00:00\" \/>\n<meta property=\"og:image\" content=\"https:\/\/teiaeducation.ch\/wp-content\/uploads\/2020\/09\/Wooden-cooking-fun-assortment-Erzi-scaled.jpg\" \/>\n\t<meta property=\"og:image:width\" content=\"900\" \/>\n\t<meta property=\"og:image:height\" content=\"900\" \/>\n\t<meta property=\"og:image:type\" content=\"image\/jpeg\" \/>\n<script type=\"application\/ld+json\" class=\"yoast-schema-graph\">{\"@context\":\"https:\\\/\\\/schema.org\",\"@graph\":[{\"@type\":\"WebPage\",\"@id\":\"https:\\\/\\\/teiaeducation.ch\\\/fr\\\/produit\\\/cuisiner-en-bois-assortiment-erzi\\\/\",\"url\":\"https:\\\/\\\/teiaeducation.ch\\\/fr\\\/produit\\\/cuisiner-en-bois-assortiment-erzi\\\/\",\"name\":\"Assortiment amusant de cuisine en bois - Erzi - Teia Education & Play\",\"isPartOf\":{\"@id\":\"https:\\\/\\\/teiaeducation.ch\\\/fr\\\/#website\"},\"primaryImageOfPage\":{\"@id\":\"https:\\\/\\\/teiaeducation.ch\\\/fr\\\/produit\\\/cuisiner-en-bois-assortiment-erzi\\\/#primaryimage\"},\"image\":{\"@id\":\"https:\\\/\\\/teiaeducation.ch\\\/fr\\\/produit\\\/cuisiner-en-bois-assortiment-erzi\\\/#primaryimage\"},\"thumbnailUrl\":\"https:\\\/\\\/teiaeducation.ch\\\/wp-content\\\/uploads\\\/2020\\\/09\\\/Wooden-cooking-fun-assortment-Erzi-scaled.jpg\",\"datePublished\":\"2020-10-06T20:34:51+00:00\",\"dateModified\":\"2021-10-18T08:46:52+00:00\",\"description\":\"L'assortiment de cuisine en bois Erzi comprend des aliments en bois r\u00e9alistes de haute qualit\u00e9 pour le caf\u00e9 ou la cuisine de votre enfant.\",\"breadcrumb\":{\"@id\":\"https:\\\/\\\/teiaeducation.ch\\\/fr\\\/produit\\\/cuisiner-en-bois-assortiment-erzi\\\/#breadcrumb\"},\"inLanguage\":\"fr-FR\",\"potentialAction\":[{\"@type\":\"ReadAction\",\"target\":[\"https:\\\/\\\/teiaeducation.ch\\\/fr\\\/produit\\\/cuisiner-en-bois-assortiment-erzi\\\/\"]}]},{\"@type\":\"ImageObject\",\"inLanguage\":\"fr-FR\",\"@id\":\"https:\\\/\\\/teiaeducation.ch\\\/fr\\\/produit\\\/cuisiner-en-bois-assortiment-erzi\\\/#primaryimage\",\"url\":\"https:\\\/\\\/teiaeducation.ch\\\/wp-content\\\/uploads\\\/2020\\\/09\\\/Wooden-cooking-fun-assortment-Erzi-scaled.jpg\",\"contentUrl\":\"https:\\\/\\\/teiaeducation.ch\\\/wp-content\\\/uploads\\\/2020\\\/09\\\/Wooden-cooking-fun-assortment-Erzi-scaled.jpg\",\"width\":900,\"height\":900,\"caption\":\"realistic wooden play food\"},{\"@type\":\"BreadcrumbList\",\"@id\":\"https:\\\/\\\/teiaeducation.ch\\\/fr\\\/produit\\\/cuisiner-en-bois-assortiment-erzi\\\/#breadcrumb\",\"itemListElement\":[{\"@type\":\"ListItem\",\"position\":1,\"name\":\"Home\",\"item\":\"https:\\\/\\\/teiaeducation.ch\\\/fr\\\/\"},{\"@type\":\"ListItem\",\"position\":2,\"name\":\"Boutique Teia Education &amp; Play\",\"item\":\"https:\\\/\\\/teiaeducation.ch\\\/fr\\\/boutique\\\/\"},{\"@type\":\"ListItem\",\"position\":3,\"name\":\"Nos Marques\",\"item\":\"https:\\\/\\\/teiaeducation.ch\\\/fr\\\/categorie-produit\\\/marques\\\/\"},{\"@type\":\"ListItem\",\"position\":4,\"name\":\"Erzi\",\"item\":\"https:\\\/\\\/teiaeducation.ch\\\/fr\\\/categorie-produit\\\/marques\\\/erzi-fr\\\/\"},{\"@type\":\"ListItem\",\"position\":5,\"name\":\"\u00c9piceries, Cuisines &amp; Accessoires\",\"item\":\"https:\\\/\\\/teiaeducation.ch\\\/fr\\\/categorie-produit\\\/marques\\\/erzi-fr\\\/epiceries-cuisines-accessoires\\\/\"},{\"@type\":\"ListItem\",\"position\":6,\"name\":\"Assortiment amusant de cuisine en bois &#8211; Erzi\"}]},{\"@type\":\"WebSite\",\"@id\":\"https:\\\/\\\/teiaeducation.ch\\\/fr\\\/#website\",\"url\":\"https:\\\/\\\/teiaeducation.ch\\\/fr\\\/\",\"name\":\"Sustainable Educational Products &amp; Ecological Toys\u00a0\",\"description\":\"Specialised Swiss shop selling sustainable educational toys and games, AMI certified Montessori materials, handmade ecological wooden Waldorf toys and arts &amp; crafts supplies, school supplies, children&#039;s furniture and Montessori reference and parenting books.\",\"publisher\":{\"@id\":\"https:\\\/\\\/teiaeducation.ch\\\/fr\\\/#organization\"},\"alternateName\":\"Teia Education & Play\",\"potentialAction\":[{\"@type\":\"SearchAction\",\"target\":{\"@type\":\"EntryPoint\",\"urlTemplate\":\"https:\\\/\\\/teiaeducation.ch\\\/fr\\\/?s={search_term_string}\"},\"query-input\":{\"@type\":\"PropertyValueSpecification\",\"valueRequired\":true,\"valueName\":\"search_term_string\"}}],\"inLanguage\":\"fr-FR\"},{\"@type\":\"Organization\",\"@id\":\"https:\\\/\\\/teiaeducation.ch\\\/fr\\\/#organization\",\"name\":\"Teia Education & Play\",\"url\":\"https:\\\/\\\/teiaeducation.ch\\\/fr\\\/\",\"logo\":{\"@type\":\"ImageObject\",\"inLanguage\":\"fr-FR\",\"@id\":\"https:\\\/\\\/teiaeducation.ch\\\/fr\\\/#\\\/schema\\\/logo\\\/image\\\/\",\"url\":\"https:\\\/\\\/teiaeducation.ch\\\/wp-content\\\/uploads\\\/2020\\\/11\\\/Teia-Education-Switzerland-e1620156442216.jpg\",\"contentUrl\":\"https:\\\/\\\/teiaeducation.ch\\\/wp-content\\\/uploads\\\/2020\\\/11\\\/Teia-Education-Switzerland-e1620156442216.jpg\",\"width\":166,\"height\":145,\"caption\":\"Teia Education & Play\"},\"image\":{\"@id\":\"https:\\\/\\\/teiaeducation.ch\\\/fr\\\/#\\\/schema\\\/logo\\\/image\\\/\"},\"sameAs\":[\"https:\\\/\\\/www.facebook.com\\\/teiaeducation\\\/\",\"https:\\\/\\\/x.com\\\/EducationTeia\",\"https:\\\/\\\/www.instagram.com\\\/teia.education\\\/\",\"https:\\\/\\\/www.linkedin.com\\\/company\\\/35501660\",\"https:\\\/\\\/www.pinterest.ch\\\/TeiaEducation\\\/\"]}]}<\/script>\n<meta property=\"product:price:amount\" content=\"59.00\" \/>\n<meta property=\"product:price:currency\" content=\"CHF\" \/>\n<meta property=\"og:availability\" content=\"instock\" \/>\n<meta property=\"product:availability\" content=\"instock\" \/>\n<meta property=\"product:retailer_item_id\" content=\"00000000000000000000000000000000000000000000029316\" \/>\n<meta property=\"product:condition\" content=\"new\" \/>\n<!-- \/ Yoast SEO Premium plugin. -->","yoast_head_json":{"title":"Assortiment amusant de cuisine en bois - Erzi - Teia Education & Play","description":"L'assortiment de cuisine en bois Erzi comprend des aliments en bois r\u00e9alistes de haute qualit\u00e9 pour le caf\u00e9 ou la cuisine de votre enfant.","robots":{"index":"index","follow":"follow","max-snippet":"max-snippet:-1","max-image-preview":"max-image-preview:large","max-video-preview":"max-video-preview:-1"},"canonical":"https:\/\/teiaeducation.ch\/fr\/produit\/cuisiner-en-bois-assortiment-erzi\/","og_locale":"fr_FR","og_type":"article","og_title":"Assortiment amusant de cuisine en bois - Erzi","og_description":"L'assortiment de cuisine en bois Erzi comprend des aliments en bois r\u00e9alistes de haute qualit\u00e9 pour le caf\u00e9 ou la cuisine de votre enfant.","og_url":"https:\/\/teiaeducation.ch\/fr\/produit\/cuisiner-en-bois-assortiment-erzi\/","og_site_name":"Sustainable Educational Products &amp; Ecological Toys\u00a0","article_publisher":"https:\/\/www.facebook.com\/teiaeducation\/","article_modified_time":"2021-10-18T08:46:52+00:00","og_image":[{"width":900,"height":900,"url":"https:\/\/teiaeducation.ch\/wp-content\/uploads\/2020\/09\/Wooden-cooking-fun-assortment-Erzi-scaled.jpg","type":"image\/jpeg"}],"schema":{"@context":"https:\/\/schema.org","@graph":[{"@type":"WebPage","@id":"https:\/\/teiaeducation.ch\/fr\/produit\/cuisiner-en-bois-assortiment-erzi\/","url":"https:\/\/teiaeducation.ch\/fr\/produit\/cuisiner-en-bois-assortiment-erzi\/","name":"Assortiment amusant de cuisine en bois - Erzi - Teia Education & Play","isPartOf":{"@id":"https:\/\/teiaeducation.ch\/fr\/#website"},"primaryImageOfPage":{"@id":"https:\/\/teiaeducation.ch\/fr\/produit\/cuisiner-en-bois-assortiment-erzi\/#primaryimage"},"image":{"@id":"https:\/\/teiaeducation.ch\/fr\/produit\/cuisiner-en-bois-assortiment-erzi\/#primaryimage"},"thumbnailUrl":"https:\/\/teiaeducation.ch\/wp-content\/uploads\/2020\/09\/Wooden-cooking-fun-assortment-Erzi-scaled.jpg","datePublished":"2020-10-06T20:34:51+00:00","dateModified":"2021-10-18T08:46:52+00:00","description":"L'assortiment de cuisine en bois Erzi comprend des aliments en bois r\u00e9alistes de haute qualit\u00e9 pour le caf\u00e9 ou la cuisine de votre enfant.","breadcrumb":{"@id":"https:\/\/teiaeducation.ch\/fr\/produit\/cuisiner-en-bois-assortiment-erzi\/#breadcrumb"},"inLanguage":"fr-FR","potentialAction":[{"@type":"ReadAction","target":["https:\/\/teiaeducation.ch\/fr\/produit\/cuisiner-en-bois-assortiment-erzi\/"]}]},{"@type":"ImageObject","inLanguage":"fr-FR","@id":"https:\/\/teiaeducation.ch\/fr\/produit\/cuisiner-en-bois-assortiment-erzi\/#primaryimage","url":"https:\/\/teiaeducation.ch\/wp-content\/uploads\/2020\/09\/Wooden-cooking-fun-assortment-Erzi-scaled.jpg","contentUrl":"https:\/\/teiaeducation.ch\/wp-content\/uploads\/2020\/09\/Wooden-cooking-fun-assortment-Erzi-scaled.jpg","width":900,"height":900,"caption":"realistic wooden play food"},{"@type":"BreadcrumbList","@id":"https:\/\/teiaeducation.ch\/fr\/produit\/cuisiner-en-bois-assortiment-erzi\/#breadcrumb","itemListElement":[{"@type":"ListItem","position":1,"name":"Home","item":"https:\/\/teiaeducation.ch\/fr\/"},{"@type":"ListItem","position":2,"name":"Boutique Teia Education &amp; Play","item":"https:\/\/teiaeducation.ch\/fr\/boutique\/"},{"@type":"ListItem","position":3,"name":"Nos Marques","item":"https:\/\/teiaeducation.ch\/fr\/categorie-produit\/marques\/"},{"@type":"ListItem","position":4,"name":"Erzi","item":"https:\/\/teiaeducation.ch\/fr\/categorie-produit\/marques\/erzi-fr\/"},{"@type":"ListItem","position":5,"name":"\u00c9piceries, Cuisines &amp; Accessoires","item":"https:\/\/teiaeducation.ch\/fr\/categorie-produit\/marques\/erzi-fr\/epiceries-cuisines-accessoires\/"},{"@type":"ListItem","position":6,"name":"Assortiment amusant de cuisine en bois &#8211; Erzi"}]},{"@type":"WebSite","@id":"https:\/\/teiaeducation.ch\/fr\/#website","url":"https:\/\/teiaeducation.ch\/fr\/","name":"Sustainable Educational Products &amp; Ecological Toys\u00a0","description":"Specialised Swiss shop selling sustainable educational toys and games, AMI certified Montessori materials, handmade ecological wooden Waldorf toys and arts &amp; crafts supplies, school supplies, children&#039;s furniture and Montessori reference and parenting books.","publisher":{"@id":"https:\/\/teiaeducation.ch\/fr\/#organization"},"alternateName":"Teia Education & Play","potentialAction":[{"@type":"SearchAction","target":{"@type":"EntryPoint","urlTemplate":"https:\/\/teiaeducation.ch\/fr\/?s={search_term_string}"},"query-input":{"@type":"PropertyValueSpecification","valueRequired":true,"valueName":"search_term_string"}}],"inLanguage":"fr-FR"},{"@type":"Organization","@id":"https:\/\/teiaeducation.ch\/fr\/#organization","name":"Teia Education & Play","url":"https:\/\/teiaeducation.ch\/fr\/","logo":{"@type":"ImageObject","inLanguage":"fr-FR","@id":"https:\/\/teiaeducation.ch\/fr\/#\/schema\/logo\/image\/","url":"https:\/\/teiaeducation.ch\/wp-content\/uploads\/2020\/11\/Teia-Education-Switzerland-e1620156442216.jpg","contentUrl":"https:\/\/teiaeducation.ch\/wp-content\/uploads\/2020\/11\/Teia-Education-Switzerland-e1620156442216.jpg","width":166,"height":145,"caption":"Teia Education & Play"},"image":{"@id":"https:\/\/teiaeducation.ch\/fr\/#\/schema\/logo\/image\/"},"sameAs":["https:\/\/www.facebook.com\/teiaeducation\/","https:\/\/x.com\/EducationTeia","https:\/\/www.instagram.com\/teia.education\/","https:\/\/www.linkedin.com\/company\/35501660","https:\/\/www.pinterest.ch\/TeiaEducation\/"]}]},"product_price_amount":"59.00","product_price_currency":"CHF","og_availability":"instock","product_availability":"instock","product_retailer_item_id":"00000000000000000000000000000000000000000000029316","product_condition":"new"},"_links":{"self":[{"href":"https:\/\/teiaeducation.ch\/fr\/wp-json\/wp\/v2\/product\/39974","targetHints":{"allow":["GET"]}}],"collection":[{"href":"https:\/\/teiaeducation.ch\/fr\/wp-json\/wp\/v2\/product"}],"about":[{"href":"https:\/\/teiaeducation.ch\/fr\/wp-json\/wp\/v2\/types\/product"}],"replies":[{"embeddable":true,"href":"https:\/\/teiaeducation.ch\/fr\/wp-json\/wp\/v2\/comments?post=39974"}],"wp:featuredmedia":[{"embeddable":true,"href":"https:\/\/teiaeducation.ch\/fr\/wp-json\/wp\/v2\/media\/29334"}],"wp:attachment":[{"href":"https:\/\/teiaeducation.ch\/fr\/wp-json\/wp\/v2\/media?parent=39974"}],"wp:term":[{"taxonomy":"product_brand","embeddable":true,"href":"https:\/\/teiaeducation.ch\/fr\/wp-json\/wp\/v2\/product_brand?post=39974"},{"taxonomy":"product_cat","embeddable":true,"href":"https:\/\/teiaeducation.ch\/fr\/wp-json\/wp\/v2\/product_cat?post=39974"},{"taxonomy":"product_tag","embeddable":true,"href":"https:\/\/teiaeducation.ch\/fr\/wp-json\/wp\/v2\/product_tag?post=39974"}],"curies":[{"name":"wp","href":"https:\/\/api.w.org\/{rel}","templated":true}]}}