{"id":39975,"date":"2020-10-06T21:56:47","date_gmt":"2020-10-06T19:56:47","guid":{"rendered":"https:\/\/teiaeducation.ch\/product\/petites-saucisses-en-bois-assorties-erzi\/"},"modified":"2021-10-25T16:50:28","modified_gmt":"2021-10-25T14:50:28","slug":"assortiment-saucisses-en-bois-petites-erzi","status":"publish","type":"product","link":"https:\/\/teiaeducation.ch\/fr\/produit\/assortiment-saucisses-en-bois-petites-erzi\/","title":{"rendered":"Assortiment de petites saucisses en bois &#8211; Erzi"},"content":{"rendered":"<p>Assortiment de petites saucisses en bois \/ nourriture de jeu r\u00e9aliste en bois &#8211; Erzi<\/p>\n<p>Cet adorable assortiment de saucisses en bois d&#8217;Erzi comprend des aliments en bois r\u00e9alistes de la plus haute qualit\u00e9, dont 1 saucisse, 1 cuisse de poulet, 1 tranche de saucisse, 1 tranche de salami, 1 tranche de jambon et 1 bout de saucisse sur une ficelle, le tout dans une super petite caisse de pr\u00e9sentation en bois. Parfait pour les <a href=\"https:\/\/teiaeducation.ch\/product-category\/play\/imaginative-role-play\/\">jeux de r\u00f4le<\/a> dans la boutique, le caf\u00e9 ou la cuisine de votre enfant !<\/p>\n<p>Fabriqu\u00e9 en Allemagne \u00e0 partir de bois de h\u00eatre et fini avec une peinture \u00e0 base d&#8217;eau s\u00fbre et non toxique, l&#8217;assortiment de petites saucisses assorties en bois Erzi convient aux enfants \u00e2g\u00e9s de 3 ans et plus.<\/p>\n<p>La gamme compl\u00e8te de produits Erzi porte le sceau distinctif de qualit\u00e9 \u00ab made in Germany \u00bb, provenant, comme il le dit, des montagnes de minerai de l\u2019Allemagne.<\/p>\n<p>Erzi utilise du bois d\u2019origine locale certifi\u00e9 et am\u00e9lior\u00e9 par le label <a href=\"https:\/\/www.fsc.org\/en\">Forest Stewardship Council<\/a> (FSC) pour la cr\u00e9ation de leurs jouets. Toutes les finitions, telles que les peintures \u00e0 base d\u2019eau et les vernis, ne sont pas toxiques et chaque produit Erzi est conforme au plus haut niveau de s\u00e9curit\u00e9 des jouets. Les produits de jeu et d\u2019apprentissage Erzi de haute qualit\u00e9 se distinguent par une grande diversit\u00e9 de formes et de couleurs naturelles et sont durables et \u00e9cologiques.<\/p>\n<p>Contenu :<\/p>\n<p>7 pi\u00e8ces en bois &#8211; 1 caisse et 6 aliments \u00e0 jouer.<\/p>\n","protected":false},"excerpt":{"rendered":"<p>Num\u00e9ro d&#8217;article : 28245<\/p>\n<p>Cet adorable ensemble de saucisses en bois d&#8217;Erzi pr\u00e9sente des aliments en bois r\u00e9alistes de la plus haute qualit\u00e9, parfaits pour les jeux de r\u00f4le dans un magasin de jeux, un caf\u00e9 ou une cuisine !<\/p>\n","protected":false},"featured_media":29487,"comment_status":"open","ping_status":"closed","template":"","meta":[],"product_brand":[],"product_cat":[215,17210,17209,13130,23020,13139,217,17235,5851,212],"product_tag":[21294,21299,21301,21295,21298,21297,21292,23586,23588,23614,21290,23585,23583,23587,23589,17245,23584,23590,23605,21289,21296,20595,21293,21300,21291,23612],"class_list":{"0":"post-39975","1":"product","2":"type-product","3":"status-publish","4":"has-post-thumbnail","6":"product_cat-3-6-ans","7":"product_cat-epiceries-cuisines-accessoires","8":"product_cat-erzi-fr","9":"product_cat-jouer","10":"product_cat-jouets-en-bois","11":"product_cat-jeu-imaginatif-faire-semblant","12":"product_cat-marques","13":"product_cat-nourriture-de-jeu-realiste-en-bois","14":"product_cat-nouveautes","15":"product_cat-tranche-dage","16":"product_tag-cafe-jeux-de-roles","17":"product_tag-caisse-depicerie-erzi","18":"product_tag-caisse-de-nourriture-pour-enfants-en-bois","19":"product_tag-cuisine-pour-jeux-de-roles","20":"product_tag-ensemble-depicerie-erzi","21":"product_tag-erzi-fr","22":"product_tag-erzi-fait-semblant-de-jouer","23":"product_tag-erzi-jouets-fr","24":"product_tag-erzi-jouets-suisse-fr","25":"product_tag-erzi-play-food-fr","26":"product_tag-erzi-saucisses","27":"product_tag-erzi-schweiz-fr","28":"product_tag-erzi-shop-fr","29":"product_tag-erzi-spielzeug-fr","30":"product_tag-erzi-spielzeug-schweiz-fr","31":"product_tag-erzi-suisse-fr-2","32":"product_tag-erzi-switzerland-fr","33":"product_tag-erzi-toys-fr","34":"product_tag-erzi-wooden-toys-fr","35":"product_tag-lepicerie-erzi","36":"product_tag-magasin-de-jeux-de-roles","37":"product_tag-nourriture-en-bois-erzi","38":"product_tag-nourriture-pour-jouer","39":"product_tag-saucisses-de-jeu-en-bois","40":"product_tag-set-de-saucisses-erzi","41":"product_tag-wooden-play-food-fr","43":"first","44":"instock","45":"taxable","46":"shipping-taxable","47":"purchasable","48":"product-type-simple"},"yoast_head":"<!-- This site is optimized with the Yoast SEO Premium plugin v25.8 (Yoast SEO v27.4) - https:\/\/yoast.com\/product\/yoast-seo-premium-wordpress\/ -->\n<title>Assortiment de petites saucisses en bois - Erzi - Teia Education &amp; Play<\/title>\n<meta name=\"description\" content=\"L&#039;assortiment de petites saucisses en bois d&#039;Erzi comprend des aliments de jeu en bois r\u00e9alistes de haute qualit\u00e9 pour un magasin de jeu, un caf\u00e9 ou une cuisine.\" \/>\n<meta name=\"robots\" content=\"index, follow, max-snippet:-1, max-image-preview:large, max-video-preview:-1\" \/>\n<link rel=\"canonical\" href=\"https:\/\/teiaeducation.ch\/fr\/produit\/assortiment-saucisses-en-bois-petites-erzi\/\" \/>\n<meta property=\"og:locale\" content=\"fr_FR\" \/>\n<meta property=\"og:type\" content=\"article\" \/>\n<meta property=\"og:title\" content=\"Assortiment de petites saucisses en bois - Erzi\" \/>\n<meta property=\"og:description\" content=\"L&#039;assortiment de petites saucisses en bois d&#039;Erzi comprend des aliments de jeu en bois r\u00e9alistes de haute qualit\u00e9 pour un magasin de jeu, un caf\u00e9 ou une cuisine.\" \/>\n<meta property=\"og:url\" content=\"https:\/\/teiaeducation.ch\/fr\/produit\/assortiment-saucisses-en-bois-petites-erzi\/\" \/>\n<meta property=\"og:site_name\" content=\"Sustainable Educational Products &amp; Ecological Toys\u00a0\" \/>\n<meta property=\"article:publisher\" content=\"https:\/\/www.facebook.com\/teiaeducation\/\" \/>\n<meta property=\"article:modified_time\" content=\"2021-10-25T14:50:28+00:00\" \/>\n<meta property=\"og:image\" content=\"https:\/\/teiaeducation.ch\/wp-content\/uploads\/2020\/09\/Wooden-small-assorted-sausages-Erzi.jpg\" \/>\n\t<meta property=\"og:image:width\" content=\"900\" \/>\n\t<meta property=\"og:image:height\" content=\"900\" \/>\n\t<meta property=\"og:image:type\" content=\"image\/jpeg\" \/>\n<script type=\"application\/ld+json\" class=\"yoast-schema-graph\">{\"@context\":\"https:\\\/\\\/schema.org\",\"@graph\":[{\"@type\":\"WebPage\",\"@id\":\"https:\\\/\\\/teiaeducation.ch\\\/fr\\\/produit\\\/assortiment-saucisses-en-bois-petites-erzi\\\/\",\"url\":\"https:\\\/\\\/teiaeducation.ch\\\/fr\\\/produit\\\/assortiment-saucisses-en-bois-petites-erzi\\\/\",\"name\":\"Assortiment de petites saucisses en bois - Erzi - Teia Education & Play\",\"isPartOf\":{\"@id\":\"https:\\\/\\\/teiaeducation.ch\\\/fr\\\/#website\"},\"primaryImageOfPage\":{\"@id\":\"https:\\\/\\\/teiaeducation.ch\\\/fr\\\/produit\\\/assortiment-saucisses-en-bois-petites-erzi\\\/#primaryimage\"},\"image\":{\"@id\":\"https:\\\/\\\/teiaeducation.ch\\\/fr\\\/produit\\\/assortiment-saucisses-en-bois-petites-erzi\\\/#primaryimage\"},\"thumbnailUrl\":\"https:\\\/\\\/teiaeducation.ch\\\/wp-content\\\/uploads\\\/2020\\\/09\\\/Wooden-small-assorted-sausages-Erzi.jpg\",\"datePublished\":\"2020-10-06T19:56:47+00:00\",\"dateModified\":\"2021-10-25T14:50:28+00:00\",\"description\":\"L'assortiment de petites saucisses en bois d'Erzi comprend des aliments de jeu en bois r\u00e9alistes de haute qualit\u00e9 pour un magasin de jeu, un caf\u00e9 ou une cuisine.\",\"breadcrumb\":{\"@id\":\"https:\\\/\\\/teiaeducation.ch\\\/fr\\\/produit\\\/assortiment-saucisses-en-bois-petites-erzi\\\/#breadcrumb\"},\"inLanguage\":\"fr-FR\",\"potentialAction\":[{\"@type\":\"ReadAction\",\"target\":[\"https:\\\/\\\/teiaeducation.ch\\\/fr\\\/produit\\\/assortiment-saucisses-en-bois-petites-erzi\\\/\"]}]},{\"@type\":\"ImageObject\",\"inLanguage\":\"fr-FR\",\"@id\":\"https:\\\/\\\/teiaeducation.ch\\\/fr\\\/produit\\\/assortiment-saucisses-en-bois-petites-erzi\\\/#primaryimage\",\"url\":\"https:\\\/\\\/teiaeducation.ch\\\/wp-content\\\/uploads\\\/2020\\\/09\\\/Wooden-small-assorted-sausages-Erzi.jpg\",\"contentUrl\":\"https:\\\/\\\/teiaeducation.ch\\\/wp-content\\\/uploads\\\/2020\\\/09\\\/Wooden-small-assorted-sausages-Erzi.jpg\",\"width\":900,\"height\":900,\"caption\":\"realistic wooden play food\"},{\"@type\":\"BreadcrumbList\",\"@id\":\"https:\\\/\\\/teiaeducation.ch\\\/fr\\\/produit\\\/assortiment-saucisses-en-bois-petites-erzi\\\/#breadcrumb\",\"itemListElement\":[{\"@type\":\"ListItem\",\"position\":1,\"name\":\"Home\",\"item\":\"https:\\\/\\\/teiaeducation.ch\\\/fr\\\/\"},{\"@type\":\"ListItem\",\"position\":2,\"name\":\"Boutique Teia Education &amp; Play\",\"item\":\"https:\\\/\\\/teiaeducation.ch\\\/fr\\\/boutique\\\/\"},{\"@type\":\"ListItem\",\"position\":3,\"name\":\"Nos Marques\",\"item\":\"https:\\\/\\\/teiaeducation.ch\\\/fr\\\/categorie-produit\\\/marques\\\/\"},{\"@type\":\"ListItem\",\"position\":4,\"name\":\"Erzi\",\"item\":\"https:\\\/\\\/teiaeducation.ch\\\/fr\\\/categorie-produit\\\/marques\\\/erzi-fr\\\/\"},{\"@type\":\"ListItem\",\"position\":5,\"name\":\"\u00c9piceries, Cuisines &amp; Accessoires\",\"item\":\"https:\\\/\\\/teiaeducation.ch\\\/fr\\\/categorie-produit\\\/marques\\\/erzi-fr\\\/epiceries-cuisines-accessoires\\\/\"},{\"@type\":\"ListItem\",\"position\":6,\"name\":\"Assortiment de petites saucisses en bois &#8211; Erzi\"}]},{\"@type\":\"WebSite\",\"@id\":\"https:\\\/\\\/teiaeducation.ch\\\/fr\\\/#website\",\"url\":\"https:\\\/\\\/teiaeducation.ch\\\/fr\\\/\",\"name\":\"Sustainable Educational Products &amp; Ecological Toys\u00a0\",\"description\":\"Specialised Swiss shop selling sustainable educational toys and games, AMI certified Montessori materials, handmade ecological wooden Waldorf toys and arts &amp; crafts supplies, school supplies, children&#039;s furniture and Montessori reference and parenting books.\",\"publisher\":{\"@id\":\"https:\\\/\\\/teiaeducation.ch\\\/fr\\\/#organization\"},\"alternateName\":\"Teia Education & Play\",\"potentialAction\":[{\"@type\":\"SearchAction\",\"target\":{\"@type\":\"EntryPoint\",\"urlTemplate\":\"https:\\\/\\\/teiaeducation.ch\\\/fr\\\/?s={search_term_string}\"},\"query-input\":{\"@type\":\"PropertyValueSpecification\",\"valueRequired\":true,\"valueName\":\"search_term_string\"}}],\"inLanguage\":\"fr-FR\"},{\"@type\":\"Organization\",\"@id\":\"https:\\\/\\\/teiaeducation.ch\\\/fr\\\/#organization\",\"name\":\"Teia Education & Play\",\"url\":\"https:\\\/\\\/teiaeducation.ch\\\/fr\\\/\",\"logo\":{\"@type\":\"ImageObject\",\"inLanguage\":\"fr-FR\",\"@id\":\"https:\\\/\\\/teiaeducation.ch\\\/fr\\\/#\\\/schema\\\/logo\\\/image\\\/\",\"url\":\"https:\\\/\\\/teiaeducation.ch\\\/wp-content\\\/uploads\\\/2020\\\/11\\\/Teia-Education-Switzerland-e1620156442216.jpg\",\"contentUrl\":\"https:\\\/\\\/teiaeducation.ch\\\/wp-content\\\/uploads\\\/2020\\\/11\\\/Teia-Education-Switzerland-e1620156442216.jpg\",\"width\":166,\"height\":145,\"caption\":\"Teia Education & Play\"},\"image\":{\"@id\":\"https:\\\/\\\/teiaeducation.ch\\\/fr\\\/#\\\/schema\\\/logo\\\/image\\\/\"},\"sameAs\":[\"https:\\\/\\\/www.facebook.com\\\/teiaeducation\\\/\",\"https:\\\/\\\/x.com\\\/EducationTeia\",\"https:\\\/\\\/www.instagram.com\\\/teia.education\\\/\",\"https:\\\/\\\/www.linkedin.com\\\/company\\\/35501660\",\"https:\\\/\\\/www.pinterest.ch\\\/TeiaEducation\\\/\"]}]}<\/script>\n<meta property=\"product:price:amount\" content=\"17.00\" \/>\n<meta property=\"product:price:currency\" content=\"CHF\" \/>\n<meta property=\"og:availability\" content=\"instock\" \/>\n<meta property=\"product:availability\" content=\"instock\" \/>\n<meta property=\"product:retailer_item_id\" content=\"00000000000000000000000000000000000000000000029482\" \/>\n<meta property=\"product:condition\" content=\"new\" \/>\n<!-- \/ Yoast SEO Premium plugin. -->","yoast_head_json":{"title":"Assortiment de petites saucisses en bois - Erzi - Teia Education & Play","description":"L'assortiment de petites saucisses en bois d'Erzi comprend des aliments de jeu en bois r\u00e9alistes de haute qualit\u00e9 pour un magasin de jeu, un caf\u00e9 ou une cuisine.","robots":{"index":"index","follow":"follow","max-snippet":"max-snippet:-1","max-image-preview":"max-image-preview:large","max-video-preview":"max-video-preview:-1"},"canonical":"https:\/\/teiaeducation.ch\/fr\/produit\/assortiment-saucisses-en-bois-petites-erzi\/","og_locale":"fr_FR","og_type":"article","og_title":"Assortiment de petites saucisses en bois - Erzi","og_description":"L'assortiment de petites saucisses en bois d'Erzi comprend des aliments de jeu en bois r\u00e9alistes de haute qualit\u00e9 pour un magasin de jeu, un caf\u00e9 ou une cuisine.","og_url":"https:\/\/teiaeducation.ch\/fr\/produit\/assortiment-saucisses-en-bois-petites-erzi\/","og_site_name":"Sustainable Educational Products &amp; Ecological Toys\u00a0","article_publisher":"https:\/\/www.facebook.com\/teiaeducation\/","article_modified_time":"2021-10-25T14:50:28+00:00","og_image":[{"width":900,"height":900,"url":"https:\/\/teiaeducation.ch\/wp-content\/uploads\/2020\/09\/Wooden-small-assorted-sausages-Erzi.jpg","type":"image\/jpeg"}],"schema":{"@context":"https:\/\/schema.org","@graph":[{"@type":"WebPage","@id":"https:\/\/teiaeducation.ch\/fr\/produit\/assortiment-saucisses-en-bois-petites-erzi\/","url":"https:\/\/teiaeducation.ch\/fr\/produit\/assortiment-saucisses-en-bois-petites-erzi\/","name":"Assortiment de petites saucisses en bois - Erzi - Teia Education & Play","isPartOf":{"@id":"https:\/\/teiaeducation.ch\/fr\/#website"},"primaryImageOfPage":{"@id":"https:\/\/teiaeducation.ch\/fr\/produit\/assortiment-saucisses-en-bois-petites-erzi\/#primaryimage"},"image":{"@id":"https:\/\/teiaeducation.ch\/fr\/produit\/assortiment-saucisses-en-bois-petites-erzi\/#primaryimage"},"thumbnailUrl":"https:\/\/teiaeducation.ch\/wp-content\/uploads\/2020\/09\/Wooden-small-assorted-sausages-Erzi.jpg","datePublished":"2020-10-06T19:56:47+00:00","dateModified":"2021-10-25T14:50:28+00:00","description":"L'assortiment de petites saucisses en bois d'Erzi comprend des aliments de jeu en bois r\u00e9alistes de haute qualit\u00e9 pour un magasin de jeu, un caf\u00e9 ou une cuisine.","breadcrumb":{"@id":"https:\/\/teiaeducation.ch\/fr\/produit\/assortiment-saucisses-en-bois-petites-erzi\/#breadcrumb"},"inLanguage":"fr-FR","potentialAction":[{"@type":"ReadAction","target":["https:\/\/teiaeducation.ch\/fr\/produit\/assortiment-saucisses-en-bois-petites-erzi\/"]}]},{"@type":"ImageObject","inLanguage":"fr-FR","@id":"https:\/\/teiaeducation.ch\/fr\/produit\/assortiment-saucisses-en-bois-petites-erzi\/#primaryimage","url":"https:\/\/teiaeducation.ch\/wp-content\/uploads\/2020\/09\/Wooden-small-assorted-sausages-Erzi.jpg","contentUrl":"https:\/\/teiaeducation.ch\/wp-content\/uploads\/2020\/09\/Wooden-small-assorted-sausages-Erzi.jpg","width":900,"height":900,"caption":"realistic wooden play food"},{"@type":"BreadcrumbList","@id":"https:\/\/teiaeducation.ch\/fr\/produit\/assortiment-saucisses-en-bois-petites-erzi\/#breadcrumb","itemListElement":[{"@type":"ListItem","position":1,"name":"Home","item":"https:\/\/teiaeducation.ch\/fr\/"},{"@type":"ListItem","position":2,"name":"Boutique Teia Education &amp; Play","item":"https:\/\/teiaeducation.ch\/fr\/boutique\/"},{"@type":"ListItem","position":3,"name":"Nos Marques","item":"https:\/\/teiaeducation.ch\/fr\/categorie-produit\/marques\/"},{"@type":"ListItem","position":4,"name":"Erzi","item":"https:\/\/teiaeducation.ch\/fr\/categorie-produit\/marques\/erzi-fr\/"},{"@type":"ListItem","position":5,"name":"\u00c9piceries, Cuisines &amp; Accessoires","item":"https:\/\/teiaeducation.ch\/fr\/categorie-produit\/marques\/erzi-fr\/epiceries-cuisines-accessoires\/"},{"@type":"ListItem","position":6,"name":"Assortiment de petites saucisses en bois &#8211; Erzi"}]},{"@type":"WebSite","@id":"https:\/\/teiaeducation.ch\/fr\/#website","url":"https:\/\/teiaeducation.ch\/fr\/","name":"Sustainable Educational Products &amp; Ecological Toys\u00a0","description":"Specialised Swiss shop selling sustainable educational toys and games, AMI certified Montessori materials, handmade ecological wooden Waldorf toys and arts &amp; crafts supplies, school supplies, children&#039;s furniture and Montessori reference and parenting books.","publisher":{"@id":"https:\/\/teiaeducation.ch\/fr\/#organization"},"alternateName":"Teia Education & Play","potentialAction":[{"@type":"SearchAction","target":{"@type":"EntryPoint","urlTemplate":"https:\/\/teiaeducation.ch\/fr\/?s={search_term_string}"},"query-input":{"@type":"PropertyValueSpecification","valueRequired":true,"valueName":"search_term_string"}}],"inLanguage":"fr-FR"},{"@type":"Organization","@id":"https:\/\/teiaeducation.ch\/fr\/#organization","name":"Teia Education & Play","url":"https:\/\/teiaeducation.ch\/fr\/","logo":{"@type":"ImageObject","inLanguage":"fr-FR","@id":"https:\/\/teiaeducation.ch\/fr\/#\/schema\/logo\/image\/","url":"https:\/\/teiaeducation.ch\/wp-content\/uploads\/2020\/11\/Teia-Education-Switzerland-e1620156442216.jpg","contentUrl":"https:\/\/teiaeducation.ch\/wp-content\/uploads\/2020\/11\/Teia-Education-Switzerland-e1620156442216.jpg","width":166,"height":145,"caption":"Teia Education & Play"},"image":{"@id":"https:\/\/teiaeducation.ch\/fr\/#\/schema\/logo\/image\/"},"sameAs":["https:\/\/www.facebook.com\/teiaeducation\/","https:\/\/x.com\/EducationTeia","https:\/\/www.instagram.com\/teia.education\/","https:\/\/www.linkedin.com\/company\/35501660","https:\/\/www.pinterest.ch\/TeiaEducation\/"]}]},"product_price_amount":"17.00","product_price_currency":"CHF","og_availability":"instock","product_availability":"instock","product_retailer_item_id":"00000000000000000000000000000000000000000000029482","product_condition":"new"},"_links":{"self":[{"href":"https:\/\/teiaeducation.ch\/fr\/wp-json\/wp\/v2\/product\/39975","targetHints":{"allow":["GET"]}}],"collection":[{"href":"https:\/\/teiaeducation.ch\/fr\/wp-json\/wp\/v2\/product"}],"about":[{"href":"https:\/\/teiaeducation.ch\/fr\/wp-json\/wp\/v2\/types\/product"}],"replies":[{"embeddable":true,"href":"https:\/\/teiaeducation.ch\/fr\/wp-json\/wp\/v2\/comments?post=39975"}],"wp:featuredmedia":[{"embeddable":true,"href":"https:\/\/teiaeducation.ch\/fr\/wp-json\/wp\/v2\/media\/29487"}],"wp:attachment":[{"href":"https:\/\/teiaeducation.ch\/fr\/wp-json\/wp\/v2\/media?parent=39975"}],"wp:term":[{"taxonomy":"product_brand","embeddable":true,"href":"https:\/\/teiaeducation.ch\/fr\/wp-json\/wp\/v2\/product_brand?post=39975"},{"taxonomy":"product_cat","embeddable":true,"href":"https:\/\/teiaeducation.ch\/fr\/wp-json\/wp\/v2\/product_cat?post=39975"},{"taxonomy":"product_tag","embeddable":true,"href":"https:\/\/teiaeducation.ch\/fr\/wp-json\/wp\/v2\/product_tag?post=39975"}],"curies":[{"name":"wp","href":"https:\/\/api.w.org\/{rel}","templated":true}]}}