{"id":39976,"date":"2020-10-06T21:51:01","date_gmt":"2020-10-06T19:51:01","guid":{"rendered":"https:\/\/teiaeducation.ch\/product\/petits-legumes-assortis-en-bois-erzi\/"},"modified":"2021-10-25T16:54:35","modified_gmt":"2021-10-25T14:54:35","slug":"assortiment-bois-petits-legumes-erzi","status":"publish","type":"product","link":"https:\/\/teiaeducation.ch\/fr\/produit\/assortiment-bois-petits-legumes-erzi\/","title":{"rendered":"Assortiment de petits l\u00e9gumes en bois &#8211; Erzi"},"content":{"rendered":"<p>Assortiment de petits l\u00e9gumes en bois \/ nourriture r\u00e9aliste en bois &#8211; Erzi<\/p>\n<p>Ce magnifique assortiment de l\u00e9gumes en bois d&#8217;Erzi comprend des aliments en bois r\u00e9alistes de la plus haute qualit\u00e9, dont 1 carotte, 1 tomate, 1 radis, 1 concombre, 1 champignon et 2 feuilles de roquette dans une jolie petite caisse de pr\u00e9sentation en bois. Parfait pour les <a href=\"https:\/\/teiaeducation.ch\/product-category\/play\/imaginative-role-play\/\">jeux de r\u00f4le<\/a> dans la boutique, le caf\u00e9 ou la cuisine de votre enfant !<\/p>\n<p>Fabriqu\u00e9 en Allemagne \u00e0 partir de bois de h\u00eatre et fini avec une peinture \u00e0 base d&#8217;eau s\u00fbre et non toxique, l&#8217;ensemble de petits l\u00e9gumes assortis en bois Erzi convient aux enfants \u00e2g\u00e9s de 3 ans et plus.<\/p>\n<p>La gamme compl\u00e8te de produits Erzi porte le sceau distinctif de qualit\u00e9 \u00ab made in Germany \u00bb, provenant, comme il le dit, des montagnes de minerai de l\u2019Allemagne.<\/p>\n<p>Erzi utilise du bois d\u2019origine locale certifi\u00e9 et am\u00e9lior\u00e9 par le label Forest Stewardship Council (FSC) pour la cr\u00e9ation de leurs jouets. Toutes les finitions, telles que les peintures \u00e0 base d\u2019eau et les vernis, ne sont pas toxiques et chaque produit Erzi est conforme au plus haut niveau de s\u00e9curit\u00e9 des jouets. Les produits de jeu et d\u2019apprentissage Erzi de haute qualit\u00e9 se distinguent par une grande diversit\u00e9 de formes et de couleurs naturelles et sont durables et \u00e9cologiques.<\/p>\n<p>Contenu :<\/p>\n<p>8 pi\u00e8ces en bois &#8211; 1 caisse et 7 aliments \u00e0 jouer.<\/p>\n","protected":false},"excerpt":{"rendered":"<p>Num\u00e9ro d&#8217;article : 28241<\/p>\n<p>Ce magnifique assortiment de l\u00e9gumes en bois d&#8217;Erzi pr\u00e9sente des aliments en bois r\u00e9alistes de la plus haute qualit\u00e9, parfaits pour les jeux de r\u00f4le dans la boutique, le caf\u00e9 ou la cuisine de votre enfant !<\/p>\n","protected":false},"featured_media":29481,"comment_status":"open","ping_status":"closed","template":"","meta":[],"product_brand":[],"product_cat":[215,22032,17210,17209,21257,13130,23020,13139,217,17235,5851,212],"product_tag":[21294,21295,21297,21303,21292,23586,23588,21302,23614,23585,23583,23587,23589,17245,23584,23590,23605,21306,21304,21307,21305,21296,20595,21293,23612],"class_list":{"0":"post-39976","1":"product","2":"type-product","3":"status-publish","4":"has-post-thumbnail","6":"product_cat-3-6-ans","7":"product_cat-cadeaux-du-calendrier-de-lavent-et-de-noel","8":"product_cat-epiceries-cuisines-accessoires","9":"product_cat-erzi-fr","10":"product_cat-guides-cadeaux","11":"product_cat-jouer","12":"product_cat-jouets-en-bois","13":"product_cat-jeu-imaginatif-faire-semblant","14":"product_cat-marques","15":"product_cat-nourriture-de-jeu-realiste-en-bois","16":"product_cat-nouveautes","17":"product_cat-tranche-dage","18":"product_tag-cafe-jeux-de-roles","19":"product_tag-cuisine-pour-jeux-de-roles","20":"product_tag-erzi-fr","21":"product_tag-erzi-ensemble-de-legumes","22":"product_tag-erzi-fait-semblant-de-jouer","23":"product_tag-erzi-jouets-fr","24":"product_tag-erzi-jouets-suisse-fr","25":"product_tag-erzi-legumes","26":"product_tag-erzi-play-food-fr","27":"product_tag-erzi-schweiz-fr","28":"product_tag-erzi-shop-fr","29":"product_tag-erzi-spielzeug-fr","30":"product_tag-erzi-spielzeug-schweiz-fr","31":"product_tag-erzi-suisse-fr-2","32":"product_tag-erzi-switzerland-fr","33":"product_tag-erzi-toys-fr","34":"product_tag-erzi-wooden-toys-fr","35":"product_tag-jeu-de-legumes-en-bois","36":"product_tag-legumes-en-bois","37":"product_tag-legumes-en-bois-pour-enfants","38":"product_tag-legumes-pour-enfants","39":"product_tag-magasin-de-jeux-de-roles","40":"product_tag-nourriture-en-bois-erzi","41":"product_tag-nourriture-pour-jouer","42":"product_tag-wooden-play-food-fr","44":"first","45":"instock","46":"taxable","47":"shipping-taxable","48":"purchasable","49":"product-type-simple"},"yoast_head":"<!-- This site is optimized with the Yoast SEO Premium plugin v25.8 (Yoast SEO v27.4) - https:\/\/yoast.com\/product\/yoast-seo-premium-wordpress\/ -->\n<title>Assortiment de petits l\u00e9gumes en bois - Erzi - Teia Education &amp; Play<\/title>\n<meta name=\"description\" content=\"L&#039;assortiment de petits l\u00e9gumes en bois d&#039;Erzi comprend des aliments en bois r\u00e9alistes de haute qualit\u00e9 pour le jeu de simulation de magasin, de caf\u00e9 ou de cuisine de votre enfant.\" \/>\n<meta name=\"robots\" content=\"index, follow, max-snippet:-1, max-image-preview:large, max-video-preview:-1\" \/>\n<link rel=\"canonical\" href=\"https:\/\/teiaeducation.ch\/fr\/produit\/assortiment-bois-petits-legumes-erzi\/\" \/>\n<meta property=\"og:locale\" content=\"fr_FR\" \/>\n<meta property=\"og:type\" content=\"article\" \/>\n<meta property=\"og:title\" content=\"Assortiment de petits l\u00e9gumes en bois - Erzi\" \/>\n<meta property=\"og:description\" content=\"L&#039;assortiment de petits l\u00e9gumes en bois d&#039;Erzi comprend des aliments en bois r\u00e9alistes de haute qualit\u00e9 pour le jeu de simulation de magasin, de caf\u00e9 ou de cuisine de votre enfant.\" \/>\n<meta property=\"og:url\" content=\"https:\/\/teiaeducation.ch\/fr\/produit\/assortiment-bois-petits-legumes-erzi\/\" \/>\n<meta property=\"og:site_name\" content=\"Sustainable Educational Products &amp; Ecological Toys\u00a0\" \/>\n<meta property=\"article:publisher\" content=\"https:\/\/www.facebook.com\/teiaeducation\/\" \/>\n<meta property=\"article:modified_time\" content=\"2021-10-25T14:54:35+00:00\" \/>\n<meta property=\"og:image\" content=\"https:\/\/teiaeducation.ch\/wp-content\/uploads\/2020\/09\/Wooden-small-assorted-vegetables-Erzi.jpg\" \/>\n\t<meta property=\"og:image:width\" content=\"900\" \/>\n\t<meta property=\"og:image:height\" content=\"900\" \/>\n\t<meta property=\"og:image:type\" content=\"image\/jpeg\" \/>\n<script type=\"application\/ld+json\" class=\"yoast-schema-graph\">{\"@context\":\"https:\\\/\\\/schema.org\",\"@graph\":[{\"@type\":\"WebPage\",\"@id\":\"https:\\\/\\\/teiaeducation.ch\\\/fr\\\/produit\\\/assortiment-bois-petits-legumes-erzi\\\/\",\"url\":\"https:\\\/\\\/teiaeducation.ch\\\/fr\\\/produit\\\/assortiment-bois-petits-legumes-erzi\\\/\",\"name\":\"Assortiment de petits l\u00e9gumes en bois - Erzi - Teia Education & Play\",\"isPartOf\":{\"@id\":\"https:\\\/\\\/teiaeducation.ch\\\/fr\\\/#website\"},\"primaryImageOfPage\":{\"@id\":\"https:\\\/\\\/teiaeducation.ch\\\/fr\\\/produit\\\/assortiment-bois-petits-legumes-erzi\\\/#primaryimage\"},\"image\":{\"@id\":\"https:\\\/\\\/teiaeducation.ch\\\/fr\\\/produit\\\/assortiment-bois-petits-legumes-erzi\\\/#primaryimage\"},\"thumbnailUrl\":\"https:\\\/\\\/teiaeducation.ch\\\/wp-content\\\/uploads\\\/2020\\\/09\\\/Wooden-small-assorted-vegetables-Erzi.jpg\",\"datePublished\":\"2020-10-06T19:51:01+00:00\",\"dateModified\":\"2021-10-25T14:54:35+00:00\",\"description\":\"L'assortiment de petits l\u00e9gumes en bois d'Erzi comprend des aliments en bois r\u00e9alistes de haute qualit\u00e9 pour le jeu de simulation de magasin, de caf\u00e9 ou de cuisine de votre enfant.\",\"breadcrumb\":{\"@id\":\"https:\\\/\\\/teiaeducation.ch\\\/fr\\\/produit\\\/assortiment-bois-petits-legumes-erzi\\\/#breadcrumb\"},\"inLanguage\":\"fr-FR\",\"potentialAction\":[{\"@type\":\"ReadAction\",\"target\":[\"https:\\\/\\\/teiaeducation.ch\\\/fr\\\/produit\\\/assortiment-bois-petits-legumes-erzi\\\/\"]}]},{\"@type\":\"ImageObject\",\"inLanguage\":\"fr-FR\",\"@id\":\"https:\\\/\\\/teiaeducation.ch\\\/fr\\\/produit\\\/assortiment-bois-petits-legumes-erzi\\\/#primaryimage\",\"url\":\"https:\\\/\\\/teiaeducation.ch\\\/wp-content\\\/uploads\\\/2020\\\/09\\\/Wooden-small-assorted-vegetables-Erzi.jpg\",\"contentUrl\":\"https:\\\/\\\/teiaeducation.ch\\\/wp-content\\\/uploads\\\/2020\\\/09\\\/Wooden-small-assorted-vegetables-Erzi.jpg\",\"width\":900,\"height\":900,\"caption\":\"realistic wooden play food\"},{\"@type\":\"BreadcrumbList\",\"@id\":\"https:\\\/\\\/teiaeducation.ch\\\/fr\\\/produit\\\/assortiment-bois-petits-legumes-erzi\\\/#breadcrumb\",\"itemListElement\":[{\"@type\":\"ListItem\",\"position\":1,\"name\":\"Home\",\"item\":\"https:\\\/\\\/teiaeducation.ch\\\/fr\\\/\"},{\"@type\":\"ListItem\",\"position\":2,\"name\":\"Boutique Teia Education &amp; Play\",\"item\":\"https:\\\/\\\/teiaeducation.ch\\\/fr\\\/boutique\\\/\"},{\"@type\":\"ListItem\",\"position\":3,\"name\":\"Nos Marques\",\"item\":\"https:\\\/\\\/teiaeducation.ch\\\/fr\\\/categorie-produit\\\/marques\\\/\"},{\"@type\":\"ListItem\",\"position\":4,\"name\":\"Erzi\",\"item\":\"https:\\\/\\\/teiaeducation.ch\\\/fr\\\/categorie-produit\\\/marques\\\/erzi-fr\\\/\"},{\"@type\":\"ListItem\",\"position\":5,\"name\":\"\u00c9piceries, Cuisines &amp; Accessoires\",\"item\":\"https:\\\/\\\/teiaeducation.ch\\\/fr\\\/categorie-produit\\\/marques\\\/erzi-fr\\\/epiceries-cuisines-accessoires\\\/\"},{\"@type\":\"ListItem\",\"position\":6,\"name\":\"Assortiment de petits l\u00e9gumes en bois &#8211; Erzi\"}]},{\"@type\":\"WebSite\",\"@id\":\"https:\\\/\\\/teiaeducation.ch\\\/fr\\\/#website\",\"url\":\"https:\\\/\\\/teiaeducation.ch\\\/fr\\\/\",\"name\":\"Sustainable Educational Products &amp; Ecological Toys\u00a0\",\"description\":\"Specialised Swiss shop selling sustainable educational toys and games, AMI certified Montessori materials, handmade ecological wooden Waldorf toys and arts &amp; crafts supplies, school supplies, children&#039;s furniture and Montessori reference and parenting books.\",\"publisher\":{\"@id\":\"https:\\\/\\\/teiaeducation.ch\\\/fr\\\/#organization\"},\"alternateName\":\"Teia Education & Play\",\"potentialAction\":[{\"@type\":\"SearchAction\",\"target\":{\"@type\":\"EntryPoint\",\"urlTemplate\":\"https:\\\/\\\/teiaeducation.ch\\\/fr\\\/?s={search_term_string}\"},\"query-input\":{\"@type\":\"PropertyValueSpecification\",\"valueRequired\":true,\"valueName\":\"search_term_string\"}}],\"inLanguage\":\"fr-FR\"},{\"@type\":\"Organization\",\"@id\":\"https:\\\/\\\/teiaeducation.ch\\\/fr\\\/#organization\",\"name\":\"Teia Education & Play\",\"url\":\"https:\\\/\\\/teiaeducation.ch\\\/fr\\\/\",\"logo\":{\"@type\":\"ImageObject\",\"inLanguage\":\"fr-FR\",\"@id\":\"https:\\\/\\\/teiaeducation.ch\\\/fr\\\/#\\\/schema\\\/logo\\\/image\\\/\",\"url\":\"https:\\\/\\\/teiaeducation.ch\\\/wp-content\\\/uploads\\\/2020\\\/11\\\/Teia-Education-Switzerland-e1620156442216.jpg\",\"contentUrl\":\"https:\\\/\\\/teiaeducation.ch\\\/wp-content\\\/uploads\\\/2020\\\/11\\\/Teia-Education-Switzerland-e1620156442216.jpg\",\"width\":166,\"height\":145,\"caption\":\"Teia Education & Play\"},\"image\":{\"@id\":\"https:\\\/\\\/teiaeducation.ch\\\/fr\\\/#\\\/schema\\\/logo\\\/image\\\/\"},\"sameAs\":[\"https:\\\/\\\/www.facebook.com\\\/teiaeducation\\\/\",\"https:\\\/\\\/x.com\\\/EducationTeia\",\"https:\\\/\\\/www.instagram.com\\\/teia.education\\\/\",\"https:\\\/\\\/www.linkedin.com\\\/company\\\/35501660\",\"https:\\\/\\\/www.pinterest.ch\\\/TeiaEducation\\\/\"]}]}<\/script>\n<meta property=\"product:price:amount\" content=\"17.00\" \/>\n<meta property=\"product:price:currency\" content=\"CHF\" \/>\n<meta property=\"og:availability\" content=\"instock\" \/>\n<meta property=\"product:availability\" content=\"instock\" \/>\n<meta property=\"product:retailer_item_id\" content=\"00000000000000000000000000000000000000000000029475\" \/>\n<meta property=\"product:condition\" content=\"new\" \/>\n<!-- \/ Yoast SEO Premium plugin. -->","yoast_head_json":{"title":"Assortiment de petits l\u00e9gumes en bois - Erzi - Teia Education & Play","description":"L'assortiment de petits l\u00e9gumes en bois d'Erzi comprend des aliments en bois r\u00e9alistes de haute qualit\u00e9 pour le jeu de simulation de magasin, de caf\u00e9 ou de cuisine de votre enfant.","robots":{"index":"index","follow":"follow","max-snippet":"max-snippet:-1","max-image-preview":"max-image-preview:large","max-video-preview":"max-video-preview:-1"},"canonical":"https:\/\/teiaeducation.ch\/fr\/produit\/assortiment-bois-petits-legumes-erzi\/","og_locale":"fr_FR","og_type":"article","og_title":"Assortiment de petits l\u00e9gumes en bois - Erzi","og_description":"L'assortiment de petits l\u00e9gumes en bois d'Erzi comprend des aliments en bois r\u00e9alistes de haute qualit\u00e9 pour le jeu de simulation de magasin, de caf\u00e9 ou de cuisine de votre enfant.","og_url":"https:\/\/teiaeducation.ch\/fr\/produit\/assortiment-bois-petits-legumes-erzi\/","og_site_name":"Sustainable Educational Products &amp; Ecological Toys\u00a0","article_publisher":"https:\/\/www.facebook.com\/teiaeducation\/","article_modified_time":"2021-10-25T14:54:35+00:00","og_image":[{"width":900,"height":900,"url":"https:\/\/teiaeducation.ch\/wp-content\/uploads\/2020\/09\/Wooden-small-assorted-vegetables-Erzi.jpg","type":"image\/jpeg"}],"schema":{"@context":"https:\/\/schema.org","@graph":[{"@type":"WebPage","@id":"https:\/\/teiaeducation.ch\/fr\/produit\/assortiment-bois-petits-legumes-erzi\/","url":"https:\/\/teiaeducation.ch\/fr\/produit\/assortiment-bois-petits-legumes-erzi\/","name":"Assortiment de petits l\u00e9gumes en bois - Erzi - Teia Education & Play","isPartOf":{"@id":"https:\/\/teiaeducation.ch\/fr\/#website"},"primaryImageOfPage":{"@id":"https:\/\/teiaeducation.ch\/fr\/produit\/assortiment-bois-petits-legumes-erzi\/#primaryimage"},"image":{"@id":"https:\/\/teiaeducation.ch\/fr\/produit\/assortiment-bois-petits-legumes-erzi\/#primaryimage"},"thumbnailUrl":"https:\/\/teiaeducation.ch\/wp-content\/uploads\/2020\/09\/Wooden-small-assorted-vegetables-Erzi.jpg","datePublished":"2020-10-06T19:51:01+00:00","dateModified":"2021-10-25T14:54:35+00:00","description":"L'assortiment de petits l\u00e9gumes en bois d'Erzi comprend des aliments en bois r\u00e9alistes de haute qualit\u00e9 pour le jeu de simulation de magasin, de caf\u00e9 ou de cuisine de votre enfant.","breadcrumb":{"@id":"https:\/\/teiaeducation.ch\/fr\/produit\/assortiment-bois-petits-legumes-erzi\/#breadcrumb"},"inLanguage":"fr-FR","potentialAction":[{"@type":"ReadAction","target":["https:\/\/teiaeducation.ch\/fr\/produit\/assortiment-bois-petits-legumes-erzi\/"]}]},{"@type":"ImageObject","inLanguage":"fr-FR","@id":"https:\/\/teiaeducation.ch\/fr\/produit\/assortiment-bois-petits-legumes-erzi\/#primaryimage","url":"https:\/\/teiaeducation.ch\/wp-content\/uploads\/2020\/09\/Wooden-small-assorted-vegetables-Erzi.jpg","contentUrl":"https:\/\/teiaeducation.ch\/wp-content\/uploads\/2020\/09\/Wooden-small-assorted-vegetables-Erzi.jpg","width":900,"height":900,"caption":"realistic wooden play food"},{"@type":"BreadcrumbList","@id":"https:\/\/teiaeducation.ch\/fr\/produit\/assortiment-bois-petits-legumes-erzi\/#breadcrumb","itemListElement":[{"@type":"ListItem","position":1,"name":"Home","item":"https:\/\/teiaeducation.ch\/fr\/"},{"@type":"ListItem","position":2,"name":"Boutique Teia Education &amp; Play","item":"https:\/\/teiaeducation.ch\/fr\/boutique\/"},{"@type":"ListItem","position":3,"name":"Nos Marques","item":"https:\/\/teiaeducation.ch\/fr\/categorie-produit\/marques\/"},{"@type":"ListItem","position":4,"name":"Erzi","item":"https:\/\/teiaeducation.ch\/fr\/categorie-produit\/marques\/erzi-fr\/"},{"@type":"ListItem","position":5,"name":"\u00c9piceries, Cuisines &amp; Accessoires","item":"https:\/\/teiaeducation.ch\/fr\/categorie-produit\/marques\/erzi-fr\/epiceries-cuisines-accessoires\/"},{"@type":"ListItem","position":6,"name":"Assortiment de petits l\u00e9gumes en bois &#8211; Erzi"}]},{"@type":"WebSite","@id":"https:\/\/teiaeducation.ch\/fr\/#website","url":"https:\/\/teiaeducation.ch\/fr\/","name":"Sustainable Educational Products &amp; Ecological Toys\u00a0","description":"Specialised Swiss shop selling sustainable educational toys and games, AMI certified Montessori materials, handmade ecological wooden Waldorf toys and arts &amp; crafts supplies, school supplies, children&#039;s furniture and Montessori reference and parenting books.","publisher":{"@id":"https:\/\/teiaeducation.ch\/fr\/#organization"},"alternateName":"Teia Education & Play","potentialAction":[{"@type":"SearchAction","target":{"@type":"EntryPoint","urlTemplate":"https:\/\/teiaeducation.ch\/fr\/?s={search_term_string}"},"query-input":{"@type":"PropertyValueSpecification","valueRequired":true,"valueName":"search_term_string"}}],"inLanguage":"fr-FR"},{"@type":"Organization","@id":"https:\/\/teiaeducation.ch\/fr\/#organization","name":"Teia Education & Play","url":"https:\/\/teiaeducation.ch\/fr\/","logo":{"@type":"ImageObject","inLanguage":"fr-FR","@id":"https:\/\/teiaeducation.ch\/fr\/#\/schema\/logo\/image\/","url":"https:\/\/teiaeducation.ch\/wp-content\/uploads\/2020\/11\/Teia-Education-Switzerland-e1620156442216.jpg","contentUrl":"https:\/\/teiaeducation.ch\/wp-content\/uploads\/2020\/11\/Teia-Education-Switzerland-e1620156442216.jpg","width":166,"height":145,"caption":"Teia Education & Play"},"image":{"@id":"https:\/\/teiaeducation.ch\/fr\/#\/schema\/logo\/image\/"},"sameAs":["https:\/\/www.facebook.com\/teiaeducation\/","https:\/\/x.com\/EducationTeia","https:\/\/www.instagram.com\/teia.education\/","https:\/\/www.linkedin.com\/company\/35501660","https:\/\/www.pinterest.ch\/TeiaEducation\/"]}]},"product_price_amount":"17.00","product_price_currency":"CHF","og_availability":"instock","product_availability":"instock","product_retailer_item_id":"00000000000000000000000000000000000000000000029475","product_condition":"new"},"_links":{"self":[{"href":"https:\/\/teiaeducation.ch\/fr\/wp-json\/wp\/v2\/product\/39976","targetHints":{"allow":["GET"]}}],"collection":[{"href":"https:\/\/teiaeducation.ch\/fr\/wp-json\/wp\/v2\/product"}],"about":[{"href":"https:\/\/teiaeducation.ch\/fr\/wp-json\/wp\/v2\/types\/product"}],"replies":[{"embeddable":true,"href":"https:\/\/teiaeducation.ch\/fr\/wp-json\/wp\/v2\/comments?post=39976"}],"wp:featuredmedia":[{"embeddable":true,"href":"https:\/\/teiaeducation.ch\/fr\/wp-json\/wp\/v2\/media\/29481"}],"wp:attachment":[{"href":"https:\/\/teiaeducation.ch\/fr\/wp-json\/wp\/v2\/media?parent=39976"}],"wp:term":[{"taxonomy":"product_brand","embeddable":true,"href":"https:\/\/teiaeducation.ch\/fr\/wp-json\/wp\/v2\/product_brand?post=39976"},{"taxonomy":"product_cat","embeddable":true,"href":"https:\/\/teiaeducation.ch\/fr\/wp-json\/wp\/v2\/product_cat?post=39976"},{"taxonomy":"product_tag","embeddable":true,"href":"https:\/\/teiaeducation.ch\/fr\/wp-json\/wp\/v2\/product_tag?post=39976"}],"curies":[{"name":"wp","href":"https:\/\/api.w.org\/{rel}","templated":true}]}}