{"id":39994,"date":"2020-10-05T21:35:05","date_gmt":"2020-10-05T19:35:05","guid":{"rendered":"https:\/\/teiaeducation.ch\/product\/set-de-decoupe-et-de-preparation-en-bois-erzi\/"},"modified":"2021-11-15T13:42:19","modified_gmt":"2021-11-15T12:42:19","slug":"assortiment-de-decoupe-et-de-preparation-du-bois-erzi","status":"publish","type":"product","link":"https:\/\/teiaeducation.ch\/fr\/produit\/assortiment-de-decoupe-et-de-preparation-du-bois-erzi\/","title":{"rendered":"Assortiment de d\u00e9coupe \/ pr\u00e9paration en bois &#8211; Erzi"},"content":{"rendered":"<p>Assortiment de d\u00e9coupe et de pr\u00e9paration en bois \/ Aliments r\u00e9aliste en bois pour enfants &#8211; Erzi<\/p>\n<p>Cette fabuleuse bo\u00eete d&#8217;apprentissage &#8220;kit de d\u00e9coupe et de pr\u00e9paration en bois&#8221; d&#8217;Erzi est remplie d&#8217;aliments en bois\u00a0r\u00e9alistes de haute qualit\u00e9 pour que les enfants puissent exercer leurs comp\u00e9tences en mati\u00e8re de d\u00e9coupe, de hachage et de tranchage et apprendre la pr\u00e9paration des aliments de mani\u00e8re amusante !<\/p>\n<p>Les enfants adorent d\u00e9couper des pi\u00e8ces en bois tout en apprenant comment les diff\u00e9rents aliments sont pr\u00e9par\u00e9s. Parfait pour un <a href=\"https:\/\/teiaeducation.ch\/fr\/categorie-produit\/jouer\/jeu-imaginatif-faire-semblant\/\">jeu de r\u00f4le<\/a> dans un caf\u00e9 ou une cuisine \u00e0 l&#8217;\u00e9cole maternelle ou \u00e0 l&#8217;\u00e9cole.<\/p>\n<p>Id\u00e9al pour am\u00e9liorer la motricit\u00e9 fine et la coordination \u0153il-main et adapt\u00e9 aux grands groupes d&#8217;enfants, ce grand ensemble de d\u00e9coupe et de pr\u00e9paration en bois Erzi contient 3 planches \u00e0 d\u00e9couper en bois, 3 couteaux de jeu en bois et un \u00e9ventail d&#8217;aliments de jeu en bois con\u00e7us pour \u00eatre d\u00e9coup\u00e9s : 3 pommes, 3 miches de pain, 3 salamis, 3 blocs de fromage, 3 carottes, 3 \u0153ufs, 3 concombres et 3 tomates.<\/p>\n<p>Fabriqu\u00e9 en Allemagne \u00e0 partir de bois de h\u00eatre et de bouleau et fini avec une peinture \u00e0 l&#8217;eau s\u00fbre et non toxique, le set de d\u00e9coupe et de pr\u00e9paration en bois Erzi est recommand\u00e9 pour les enfants \u00e2g\u00e9s de 3 ans et plus.<\/p>\n<p>La gamme compl\u00e8te de produits Erzi porte le sceau distinctif de qualit\u00e9 \u00ab made in Germany \u00bb, provenant, comme il le dit, des montagnes de minerai de l\u2019Allemagne.<\/p>\n<p>Erzi utilise du bois d\u2019origine locale certifi\u00e9 et am\u00e9lior\u00e9 par le label Forest Stewardship Council (FSC) pour la cr\u00e9ation de leurs jouets. Toutes les finitions, telles que les peintures \u00e0 base d\u2019eau et les vernis, ne sont pas toxiques et chaque produit Erzi est conforme au plus haut niveau de s\u00e9curit\u00e9 des jouets. Les produits de jeu et d\u2019apprentissage Erzi de haute qualit\u00e9 se distinguent par une grande diversit\u00e9 de formes et de couleurs naturelles et sont durables et \u00e9cologiques.<\/p>\n<p>Contenu :<\/p>\n<p>30 pi\u00e8ces en bois &#8211; 3 planches \u00e0 d\u00e9couper en bois, 3 couteaux en bois et toute une s\u00e9rie d&#8217;aliments en bois \u00e0 d\u00e9couper : 3 pommes, 3 miches de pain, 3 salamis, 3 blocs de fromage, 3 carottes, 3 \u0153ufs, 3 concombres, 3 tomates.<\/p>\n","protected":false},"excerpt":{"rendered":"<p>Num\u00e9ro d&#8217;article: 42480<\/p>\n<p>L&#8217;assortiment d&#8217;apprentissage &#8220;kit de d\u00e9coupe et de pr\u00e9paration en bois&#8221; d&#8217;Erzi est remplie d&#8217;aliments en bois\u00a0r\u00e9alistes de haute qualit\u00e9.<\/p>\n","protected":false},"featured_media":29543,"comment_status":"open","ping_status":"closed","template":"","meta":[],"product_brand":[],"product_cat":[8527,215,22344,635,283,17210,17209,8526,17239,13130,23020,23650,291,13139,17211,217,17235,5851,209,212],"product_tag":[21343,21345,21294,21295,21342,21292,23586,23588,23614,23585,23583,23587,23589,17245,23584,23590,23605,21347,21346,21344,20595,21293,23612],"class_list":{"0":"post-39994","1":"product","2":"type-product","3":"status-publish","4":"has-post-thumbnail","6":"product_cat-3-6-ans-ecole-a-domicile","7":"product_cat-3-6-ans","8":"product_cat-collections-saisonnieres","9":"product_cat-competences-motrices","10":"product_cat-domaines-du-curriculum","11":"product_cat-epiceries-cuisines-accessoires","12":"product_cat-erzi-fr","13":"product_cat-fournitures-scolaires-a-domicile","14":"product_cat-guide-cadeaux-educatifs","15":"product_cat-jouer","16":"product_cat-jouets-en-bois","17":"product_cat-la-rentree-scolaire","18":"product_cat-la-vie-pratique","19":"product_cat-jeu-imaginatif-faire-semblant","20":"product_cat-materiel-didactique","21":"product_cat-marques","22":"product_cat-nourriture-de-jeu-realiste-en-bois","23":"product_cat-nouveautes","24":"product_cat-sensorielles-motrices","25":"product_cat-tranche-dage","26":"product_tag-aliments-en-bois-a-decouper","27":"product_tag-boite-dapprentissage-erzi","28":"product_tag-cafe-jeux-de-roles","29":"product_tag-cuisine-pour-jeux-de-roles","30":"product_tag-erzi-decoupe-et-prepare-la-boite-dapprentissage","31":"product_tag-erzi-fait-semblant-de-jouer","32":"product_tag-erzi-jouets-fr","33":"product_tag-erzi-jouets-suisse-fr","34":"product_tag-erzi-play-food-fr","35":"product_tag-erzi-schweiz-fr","36":"product_tag-erzi-shop-fr","37":"product_tag-erzi-spielzeug-fr","38":"product_tag-erzi-spielzeug-schweiz-fr","39":"product_tag-erzi-suisse-fr-2","40":"product_tag-erzi-switzerland-fr","41":"product_tag-erzi-toys-fr","42":"product_tag-erzi-wooden-toys-fr","43":"product_tag-jeu-de-preparation-des-aliments","44":"product_tag-jouet-pour-la-preparation-des-aliments","45":"product_tag-nourriture-en-bois-a-hacher","46":"product_tag-nourriture-en-bois-erzi","47":"product_tag-nourriture-pour-jouer","48":"product_tag-wooden-play-food-fr","50":"first","51":"instock","52":"taxable","53":"shipping-taxable","54":"purchasable","55":"product-type-simple"},"yoast_head":"<!-- This site is optimized with the Yoast SEO plugin v27.3 - https:\/\/yoast.com\/product\/yoast-seo-wordpress\/ -->\n<title>Assortiment de d\u00e9coupe \/ pr\u00e9paration en bois - Erzi - Teia Education &amp; Play<\/title>\n<meta name=\"description\" content=\"L&#039;assortiment d&#039;apprentissage &quot;kit de d\u00e9coupe et de pr\u00e9paration en bois&quot; d&#039;Erzi est remplie d&#039;aliments en bois\u00a0r\u00e9alistes de haute qualit\u00e9.\" \/>\n<meta name=\"robots\" content=\"index, follow, max-snippet:-1, max-image-preview:large, max-video-preview:-1\" \/>\n<link rel=\"canonical\" href=\"https:\/\/teiaeducation.ch\/fr\/produit\/assortiment-de-decoupe-et-de-preparation-du-bois-erzi\/\" \/>\n<meta property=\"og:locale\" content=\"fr_FR\" \/>\n<meta property=\"og:type\" content=\"article\" \/>\n<meta property=\"og:title\" content=\"Assortiment de d\u00e9coupe \/ pr\u00e9paration en bois - Erzi - Teia Education &amp; Play\" \/>\n<meta property=\"og:description\" content=\"L&#039;assortiment d&#039;apprentissage &quot;kit de d\u00e9coupe et de pr\u00e9paration en bois&quot; d&#039;Erzi est remplie d&#039;aliments en bois\u00a0r\u00e9alistes de haute qualit\u00e9.\" \/>\n<meta property=\"og:url\" content=\"https:\/\/teiaeducation.ch\/fr\/produit\/assortiment-de-decoupe-et-de-preparation-du-bois-erzi\/\" \/>\n<meta property=\"og:site_name\" content=\"Sustainable Educational Products &amp; Ecological Toys\u00a0\" \/>\n<meta property=\"article:publisher\" content=\"https:\/\/www.facebook.com\/teiaeducation\/\" \/>\n<meta property=\"article:modified_time\" content=\"2021-11-15T12:42:19+00:00\" \/>\n<meta property=\"og:image\" content=\"https:\/\/teiaeducation.ch\/wp-content\/uploads\/2020\/09\/Wooden-cutting-and-preparing-set-Erzi-scaled.jpg\" \/>\n\t<meta property=\"og:image:width\" content=\"900\" \/>\n\t<meta property=\"og:image:height\" content=\"900\" \/>\n\t<meta property=\"og:image:type\" content=\"image\/jpeg\" \/>\n<script type=\"application\/ld+json\" class=\"yoast-schema-graph\">{\"@context\":\"https:\\\/\\\/schema.org\",\"@graph\":[{\"@type\":\"WebPage\",\"@id\":\"https:\\\/\\\/teiaeducation.ch\\\/fr\\\/produit\\\/assortiment-de-decoupe-et-de-preparation-du-bois-erzi\\\/\",\"url\":\"https:\\\/\\\/teiaeducation.ch\\\/fr\\\/produit\\\/assortiment-de-decoupe-et-de-preparation-du-bois-erzi\\\/\",\"name\":\"Assortiment de d\u00e9coupe \\\/ pr\u00e9paration en bois - Erzi - Teia Education & Play\",\"isPartOf\":{\"@id\":\"https:\\\/\\\/teiaeducation.ch\\\/fr\\\/#website\"},\"primaryImageOfPage\":{\"@id\":\"https:\\\/\\\/teiaeducation.ch\\\/fr\\\/produit\\\/assortiment-de-decoupe-et-de-preparation-du-bois-erzi\\\/#primaryimage\"},\"image\":{\"@id\":\"https:\\\/\\\/teiaeducation.ch\\\/fr\\\/produit\\\/assortiment-de-decoupe-et-de-preparation-du-bois-erzi\\\/#primaryimage\"},\"thumbnailUrl\":\"https:\\\/\\\/teiaeducation.ch\\\/wp-content\\\/uploads\\\/2020\\\/09\\\/Wooden-cutting-and-preparing-set-Erzi-scaled.jpg\",\"datePublished\":\"2020-10-05T19:35:05+00:00\",\"dateModified\":\"2021-11-15T12:42:19+00:00\",\"description\":\"L'assortiment d'apprentissage \\\"kit de d\u00e9coupe et de pr\u00e9paration en bois\\\" d'Erzi est remplie d'aliments en bois\u00a0r\u00e9alistes de haute qualit\u00e9.\",\"breadcrumb\":{\"@id\":\"https:\\\/\\\/teiaeducation.ch\\\/fr\\\/produit\\\/assortiment-de-decoupe-et-de-preparation-du-bois-erzi\\\/#breadcrumb\"},\"inLanguage\":\"fr-FR\",\"potentialAction\":[{\"@type\":\"ReadAction\",\"target\":[\"https:\\\/\\\/teiaeducation.ch\\\/fr\\\/produit\\\/assortiment-de-decoupe-et-de-preparation-du-bois-erzi\\\/\"]}]},{\"@type\":\"ImageObject\",\"inLanguage\":\"fr-FR\",\"@id\":\"https:\\\/\\\/teiaeducation.ch\\\/fr\\\/produit\\\/assortiment-de-decoupe-et-de-preparation-du-bois-erzi\\\/#primaryimage\",\"url\":\"https:\\\/\\\/teiaeducation.ch\\\/wp-content\\\/uploads\\\/2020\\\/09\\\/Wooden-cutting-and-preparing-set-Erzi-scaled.jpg\",\"contentUrl\":\"https:\\\/\\\/teiaeducation.ch\\\/wp-content\\\/uploads\\\/2020\\\/09\\\/Wooden-cutting-and-preparing-set-Erzi-scaled.jpg\",\"width\":900,\"height\":900,\"caption\":\"Jeu de d\u00e9coupe et de pr\u00e9paration d'aliments en bois - Erzi\"},{\"@type\":\"BreadcrumbList\",\"@id\":\"https:\\\/\\\/teiaeducation.ch\\\/fr\\\/produit\\\/assortiment-de-decoupe-et-de-preparation-du-bois-erzi\\\/#breadcrumb\",\"itemListElement\":[{\"@type\":\"ListItem\",\"position\":1,\"name\":\"Home\",\"item\":\"https:\\\/\\\/teiaeducation.ch\\\/fr\\\/\"},{\"@type\":\"ListItem\",\"position\":2,\"name\":\"Boutique Teia Education &amp; Play\",\"item\":\"https:\\\/\\\/teiaeducation.ch\\\/fr\\\/boutique\\\/\"},{\"@type\":\"ListItem\",\"position\":3,\"name\":\"Nos Marques\",\"item\":\"https:\\\/\\\/teiaeducation.ch\\\/fr\\\/categorie-produit\\\/marques\\\/\"},{\"@type\":\"ListItem\",\"position\":4,\"name\":\"Erzi\",\"item\":\"https:\\\/\\\/teiaeducation.ch\\\/fr\\\/categorie-produit\\\/marques\\\/erzi-fr\\\/\"},{\"@type\":\"ListItem\",\"position\":5,\"name\":\"\u00c9piceries, Cuisines &amp; Accessoires\",\"item\":\"https:\\\/\\\/teiaeducation.ch\\\/fr\\\/categorie-produit\\\/marques\\\/erzi-fr\\\/epiceries-cuisines-accessoires\\\/\"},{\"@type\":\"ListItem\",\"position\":6,\"name\":\"Assortiment de d\u00e9coupe \\\/ pr\u00e9paration en bois &#8211; Erzi\"}]},{\"@type\":\"WebSite\",\"@id\":\"https:\\\/\\\/teiaeducation.ch\\\/fr\\\/#website\",\"url\":\"https:\\\/\\\/teiaeducation.ch\\\/fr\\\/\",\"name\":\"Sustainable Educational Products &amp; Ecological Toys\u00a0\",\"description\":\"Specialised Swiss shop selling sustainable educational toys and games, AMI certified Montessori materials, handmade ecological wooden Waldorf toys and arts &amp; crafts supplies, school supplies, children&#039;s furniture and Montessori reference and parenting books.\",\"publisher\":{\"@id\":\"https:\\\/\\\/teiaeducation.ch\\\/fr\\\/#organization\"},\"alternateName\":\"Teia Education & Play\",\"potentialAction\":[{\"@type\":\"SearchAction\",\"target\":{\"@type\":\"EntryPoint\",\"urlTemplate\":\"https:\\\/\\\/teiaeducation.ch\\\/fr\\\/?s={search_term_string}\"},\"query-input\":{\"@type\":\"PropertyValueSpecification\",\"valueRequired\":true,\"valueName\":\"search_term_string\"}}],\"inLanguage\":\"fr-FR\"},{\"@type\":\"Organization\",\"@id\":\"https:\\\/\\\/teiaeducation.ch\\\/fr\\\/#organization\",\"name\":\"Teia Education & Play\",\"url\":\"https:\\\/\\\/teiaeducation.ch\\\/fr\\\/\",\"logo\":{\"@type\":\"ImageObject\",\"inLanguage\":\"fr-FR\",\"@id\":\"https:\\\/\\\/teiaeducation.ch\\\/fr\\\/#\\\/schema\\\/logo\\\/image\\\/\",\"url\":\"https:\\\/\\\/teiaeducation.ch\\\/wp-content\\\/uploads\\\/2020\\\/11\\\/Teia-Education-Switzerland-e1620156442216.jpg\",\"contentUrl\":\"https:\\\/\\\/teiaeducation.ch\\\/wp-content\\\/uploads\\\/2020\\\/11\\\/Teia-Education-Switzerland-e1620156442216.jpg\",\"width\":166,\"height\":145,\"caption\":\"Teia Education & Play\"},\"image\":{\"@id\":\"https:\\\/\\\/teiaeducation.ch\\\/fr\\\/#\\\/schema\\\/logo\\\/image\\\/\"},\"sameAs\":[\"https:\\\/\\\/www.facebook.com\\\/teiaeducation\\\/\",\"https:\\\/\\\/x.com\\\/EducationTeia\",\"https:\\\/\\\/www.instagram.com\\\/teia.education\\\/\",\"https:\\\/\\\/www.linkedin.com\\\/company\\\/35501660\",\"https:\\\/\\\/www.pinterest.ch\\\/TeiaEducation\\\/\"]}]}<\/script>\n<!-- \/ Yoast SEO plugin. -->","yoast_head_json":{"title":"Assortiment de d\u00e9coupe \/ pr\u00e9paration en bois - Erzi - Teia Education & Play","description":"L'assortiment d'apprentissage \"kit de d\u00e9coupe et de pr\u00e9paration en bois\" d'Erzi est remplie d'aliments en bois\u00a0r\u00e9alistes de haute qualit\u00e9.","robots":{"index":"index","follow":"follow","max-snippet":"max-snippet:-1","max-image-preview":"max-image-preview:large","max-video-preview":"max-video-preview:-1"},"canonical":"https:\/\/teiaeducation.ch\/fr\/produit\/assortiment-de-decoupe-et-de-preparation-du-bois-erzi\/","og_locale":"fr_FR","og_type":"article","og_title":"Assortiment de d\u00e9coupe \/ pr\u00e9paration en bois - Erzi - Teia Education & Play","og_description":"L'assortiment d'apprentissage \"kit de d\u00e9coupe et de pr\u00e9paration en bois\" d'Erzi est remplie d'aliments en bois\u00a0r\u00e9alistes de haute qualit\u00e9.","og_url":"https:\/\/teiaeducation.ch\/fr\/produit\/assortiment-de-decoupe-et-de-preparation-du-bois-erzi\/","og_site_name":"Sustainable Educational Products &amp; Ecological Toys\u00a0","article_publisher":"https:\/\/www.facebook.com\/teiaeducation\/","article_modified_time":"2021-11-15T12:42:19+00:00","og_image":[{"width":900,"height":900,"url":"https:\/\/teiaeducation.ch\/wp-content\/uploads\/2020\/09\/Wooden-cutting-and-preparing-set-Erzi-scaled.jpg","type":"image\/jpeg"}],"schema":{"@context":"https:\/\/schema.org","@graph":[{"@type":"WebPage","@id":"https:\/\/teiaeducation.ch\/fr\/produit\/assortiment-de-decoupe-et-de-preparation-du-bois-erzi\/","url":"https:\/\/teiaeducation.ch\/fr\/produit\/assortiment-de-decoupe-et-de-preparation-du-bois-erzi\/","name":"Assortiment de d\u00e9coupe \/ pr\u00e9paration en bois - Erzi - Teia Education & Play","isPartOf":{"@id":"https:\/\/teiaeducation.ch\/fr\/#website"},"primaryImageOfPage":{"@id":"https:\/\/teiaeducation.ch\/fr\/produit\/assortiment-de-decoupe-et-de-preparation-du-bois-erzi\/#primaryimage"},"image":{"@id":"https:\/\/teiaeducation.ch\/fr\/produit\/assortiment-de-decoupe-et-de-preparation-du-bois-erzi\/#primaryimage"},"thumbnailUrl":"https:\/\/teiaeducation.ch\/wp-content\/uploads\/2020\/09\/Wooden-cutting-and-preparing-set-Erzi-scaled.jpg","datePublished":"2020-10-05T19:35:05+00:00","dateModified":"2021-11-15T12:42:19+00:00","description":"L'assortiment d'apprentissage \"kit de d\u00e9coupe et de pr\u00e9paration en bois\" d'Erzi est remplie d'aliments en bois\u00a0r\u00e9alistes de haute qualit\u00e9.","breadcrumb":{"@id":"https:\/\/teiaeducation.ch\/fr\/produit\/assortiment-de-decoupe-et-de-preparation-du-bois-erzi\/#breadcrumb"},"inLanguage":"fr-FR","potentialAction":[{"@type":"ReadAction","target":["https:\/\/teiaeducation.ch\/fr\/produit\/assortiment-de-decoupe-et-de-preparation-du-bois-erzi\/"]}]},{"@type":"ImageObject","inLanguage":"fr-FR","@id":"https:\/\/teiaeducation.ch\/fr\/produit\/assortiment-de-decoupe-et-de-preparation-du-bois-erzi\/#primaryimage","url":"https:\/\/teiaeducation.ch\/wp-content\/uploads\/2020\/09\/Wooden-cutting-and-preparing-set-Erzi-scaled.jpg","contentUrl":"https:\/\/teiaeducation.ch\/wp-content\/uploads\/2020\/09\/Wooden-cutting-and-preparing-set-Erzi-scaled.jpg","width":900,"height":900,"caption":"Jeu de d\u00e9coupe et de pr\u00e9paration d'aliments en bois - Erzi"},{"@type":"BreadcrumbList","@id":"https:\/\/teiaeducation.ch\/fr\/produit\/assortiment-de-decoupe-et-de-preparation-du-bois-erzi\/#breadcrumb","itemListElement":[{"@type":"ListItem","position":1,"name":"Home","item":"https:\/\/teiaeducation.ch\/fr\/"},{"@type":"ListItem","position":2,"name":"Boutique Teia Education &amp; Play","item":"https:\/\/teiaeducation.ch\/fr\/boutique\/"},{"@type":"ListItem","position":3,"name":"Nos Marques","item":"https:\/\/teiaeducation.ch\/fr\/categorie-produit\/marques\/"},{"@type":"ListItem","position":4,"name":"Erzi","item":"https:\/\/teiaeducation.ch\/fr\/categorie-produit\/marques\/erzi-fr\/"},{"@type":"ListItem","position":5,"name":"\u00c9piceries, Cuisines &amp; Accessoires","item":"https:\/\/teiaeducation.ch\/fr\/categorie-produit\/marques\/erzi-fr\/epiceries-cuisines-accessoires\/"},{"@type":"ListItem","position":6,"name":"Assortiment de d\u00e9coupe \/ pr\u00e9paration en bois &#8211; Erzi"}]},{"@type":"WebSite","@id":"https:\/\/teiaeducation.ch\/fr\/#website","url":"https:\/\/teiaeducation.ch\/fr\/","name":"Sustainable Educational Products &amp; Ecological Toys\u00a0","description":"Specialised Swiss shop selling sustainable educational toys and games, AMI certified Montessori materials, handmade ecological wooden Waldorf toys and arts &amp; crafts supplies, school supplies, children&#039;s furniture and Montessori reference and parenting books.","publisher":{"@id":"https:\/\/teiaeducation.ch\/fr\/#organization"},"alternateName":"Teia Education & Play","potentialAction":[{"@type":"SearchAction","target":{"@type":"EntryPoint","urlTemplate":"https:\/\/teiaeducation.ch\/fr\/?s={search_term_string}"},"query-input":{"@type":"PropertyValueSpecification","valueRequired":true,"valueName":"search_term_string"}}],"inLanguage":"fr-FR"},{"@type":"Organization","@id":"https:\/\/teiaeducation.ch\/fr\/#organization","name":"Teia Education & Play","url":"https:\/\/teiaeducation.ch\/fr\/","logo":{"@type":"ImageObject","inLanguage":"fr-FR","@id":"https:\/\/teiaeducation.ch\/fr\/#\/schema\/logo\/image\/","url":"https:\/\/teiaeducation.ch\/wp-content\/uploads\/2020\/11\/Teia-Education-Switzerland-e1620156442216.jpg","contentUrl":"https:\/\/teiaeducation.ch\/wp-content\/uploads\/2020\/11\/Teia-Education-Switzerland-e1620156442216.jpg","width":166,"height":145,"caption":"Teia Education & Play"},"image":{"@id":"https:\/\/teiaeducation.ch\/fr\/#\/schema\/logo\/image\/"},"sameAs":["https:\/\/www.facebook.com\/teiaeducation\/","https:\/\/x.com\/EducationTeia","https:\/\/www.instagram.com\/teia.education\/","https:\/\/www.linkedin.com\/company\/35501660","https:\/\/www.pinterest.ch\/TeiaEducation\/"]}]}},"_links":{"self":[{"href":"https:\/\/teiaeducation.ch\/fr\/wp-json\/wp\/v2\/product\/39994","targetHints":{"allow":["GET"]}}],"collection":[{"href":"https:\/\/teiaeducation.ch\/fr\/wp-json\/wp\/v2\/product"}],"about":[{"href":"https:\/\/teiaeducation.ch\/fr\/wp-json\/wp\/v2\/types\/product"}],"replies":[{"embeddable":true,"href":"https:\/\/teiaeducation.ch\/fr\/wp-json\/wp\/v2\/comments?post=39994"}],"wp:featuredmedia":[{"embeddable":true,"href":"https:\/\/teiaeducation.ch\/fr\/wp-json\/wp\/v2\/media\/29543"}],"wp:attachment":[{"href":"https:\/\/teiaeducation.ch\/fr\/wp-json\/wp\/v2\/media?parent=39994"}],"wp:term":[{"taxonomy":"product_brand","embeddable":true,"href":"https:\/\/teiaeducation.ch\/fr\/wp-json\/wp\/v2\/product_brand?post=39994"},{"taxonomy":"product_cat","embeddable":true,"href":"https:\/\/teiaeducation.ch\/fr\/wp-json\/wp\/v2\/product_cat?post=39994"},{"taxonomy":"product_tag","embeddable":true,"href":"https:\/\/teiaeducation.ch\/fr\/wp-json\/wp\/v2\/product_tag?post=39994"}],"curies":[{"name":"wp","href":"https:\/\/api.w.org\/{rel}","templated":true}]}}