{"id":40277,"date":"2020-10-05T09:37:05","date_gmt":"2020-10-05T07:37:05","guid":{"rendered":"https:\/\/teiaeducation.ch\/product\/oeufs-colores-en-bois-dans-une-boite-erzi\/"},"modified":"2022-03-10T11:44:40","modified_gmt":"2022-03-10T10:44:40","slug":"oeufs-en-bois-colores-dans-une-boite-erzi","status":"publish","type":"product","link":"https:\/\/teiaeducation.ch\/fr\/produit\/oeufs-en-bois-colores-dans-une-boite-erzi\/","title":{"rendered":"\u0152ufs color\u00e9s en bois &#8211; Erzi"},"content":{"rendered":"<p>\u0152ufs color\u00e9s en bois dans une bo\u00eete \/ Aliments r\u00e9aliste en bois pour enfants &#8211; Erzi<\/p>\n<p>Cet adorable jeu d&#8217;\u0153ufs en bois Erzi comprend 6 parfaits petits \u0153ufs en bois color\u00e9s dans une jolie bo\u00eete en carton \u00e9tiquet\u00e9e. La gamme Erzi d&#8217;<a href=\"https:\/\/teiaeducation.ch\/fr\/categorie-produit\/jouer\/nourriture-de-jeu-realiste-en-bois\/\">aliments en bois r\u00e9alistes<\/a> offre un divertissement de haute qualit\u00e9 pour les\u00a0jeux de r\u00f4le dans la cuisine, le caf\u00e9 ou le magasin de votre enfant. Ces \u0153ufs en bois peuvent \u00e9galement \u00eatre utilis\u00e9s pour des exercices de comptage ou des jeux d&#8217;apprentissage des couleurs !<\/p>\n<p>Fabriqu\u00e9 en Allemagne \u00e0 partir de bois de h\u00eatre et fini avec une peinture \u00e0 base d&#8217;eau s\u00fbre et non toxique, ce set d&#8217;\u0153ufs color\u00e9s en bois Erzi convient aux enfants \u00e2g\u00e9s de 3 ans et plus.<\/p>\n<p>La gamme compl\u00e8te de produits Erzi porte le sceau distinctif de qualit\u00e9 \u00ab made in Germany \u00bb, provenant, comme il le dit, des montagnes de minerai de l\u2019Allemagne.<\/p>\n<p>Erzi utilise du bois d\u2019origine locale certifi\u00e9 et am\u00e9lior\u00e9 par le label Forest Stewardship Council (FSC) pour la cr\u00e9ation de leurs jouets. Toutes les finitions, telles que les peintures \u00e0 base d\u2019eau et les vernis, ne sont pas toxiques et chaque produit Erzi est conforme au plus haut niveau de s\u00e9curit\u00e9 des jouets. Les produits de jeu et d\u2019apprentissage Erzi de haute qualit\u00e9 se distinguent par une grande diversit\u00e9 de formes et de couleurs naturelles et sont durables et \u00e9cologiques.<\/p>\n<p>Contenu :<\/p>\n<p>6 \u0153ufs en bois<br \/>\n1 bo\u00eete \u00e0 \u0153ufs \u00e9tiquet\u00e9e<\/p>\n","protected":false},"excerpt":{"rendered":"<p>Num\u00e9ro d&#8217;article: 17012<\/p>\n<p>Le jeu d&#8217;\u0153ufs Erzi comprend 6 parfaits petits \u0153ufs en bois color\u00e9s dans une jolie bo\u00eete en carton de la gamme d&#8217;aliments en bois r\u00e9alistes.<\/p>\n","protected":false},"featured_media":29167,"comment_status":"open","ping_status":"closed","template":"","meta":[],"product_brand":[],"product_cat":[215,216,18893,22344,17210,17209,21257,22421,13130,23020,13139,217,17235,5851,7603,212],"product_tag":[23602,23586,23588,23614,23585,23587,23589,17245,23584,23590,23605,23608,23606,21757,21759,21756,21758,23610,23607,23615,23613,23612,23611,23604,23603,23609],"class_list":{"0":"post-40277","1":"product","2":"type-product","3":"status-publish","4":"has-post-thumbnail","6":"product_cat-3-6-ans","7":"product_cat-6-12-ans","8":"product_cat-collection-printemps","9":"product_cat-collections-saisonnieres","10":"product_cat-epiceries-cuisines-accessoires","11":"product_cat-erzi-fr","12":"product_cat-guides-cadeaux","13":"product_cat-idees-cadeaux-pour-paques","14":"product_cat-jouer","15":"product_cat-jouets-en-bois","16":"product_cat-jeu-imaginatif-faire-semblant","17":"product_cat-marques","18":"product_cat-nourriture-de-jeu-realiste-en-bois","19":"product_cat-nouveautes","20":"product_cat-soldes","21":"product_cat-tranche-dage","22":"product_tag-educational-toys-fr","23":"product_tag-erzi-jouets-fr","24":"product_tag-erzi-jouets-suisse-fr","25":"product_tag-erzi-play-food-fr","26":"product_tag-erzi-schweiz-fr","27":"product_tag-erzi-spielzeug-fr","28":"product_tag-erzi-spielzeug-schweiz-fr","29":"product_tag-erzi-suisse-fr-2","30":"product_tag-erzi-switzerland-fr","31":"product_tag-erzi-toys-fr","32":"product_tag-erzi-wooden-toys-fr","33":"product_tag-german-toys-fr","34":"product_tag-german-wooden-toys-fr","35":"product_tag-oeufs-de-jeu","36":"product_tag-oeufs-en-bois-dans-une-boite","37":"product_tag-oeufs-en-bois-erzi","38":"product_tag-oeufs-en-bois-peints","39":"product_tag-pretend-play-toys-fr","40":"product_tag-toys-made-in-germany-fr","41":"product_tag-wooden-food-fr","42":"product_tag-wooden-play-cafe-fr","43":"product_tag-wooden-play-food-fr","44":"product_tag-wooden-play-kitchen-fr","45":"product_tag-wooden-play-shop-fr","46":"product_tag-wooden-toys-fr","47":"product_tag-wooden-toys-made-in-germany-fr","49":"first","50":"instock","51":"sale","52":"taxable","53":"shipping-taxable","54":"purchasable","55":"product-type-simple"},"yoast_head":"<!-- This site is optimized with the Yoast SEO plugin v27.1.1 - https:\/\/yoast.com\/product\/yoast-seo-wordpress\/ -->\n<title>\u0152ufs color\u00e9s en bois - Erzi - Teia Education &amp; Play<\/title>\n<meta name=\"description\" content=\"Le jeu d&#039;\u0153ufs Erzi comprend 6 parfaits petits \u0153ufs en bois color\u00e9s dans une jolie bo\u00eete en carton de la gamme d&#039;aliments en bois r\u00e9alistes.\" \/>\n<meta name=\"robots\" content=\"index, follow, max-snippet:-1, max-image-preview:large, max-video-preview:-1\" \/>\n<link rel=\"canonical\" href=\"https:\/\/teiaeducation.ch\/fr\/produit\/oeufs-en-bois-colores-dans-une-boite-erzi\/\" \/>\n<meta property=\"og:locale\" content=\"fr_FR\" \/>\n<meta property=\"og:type\" content=\"article\" \/>\n<meta property=\"og:title\" content=\"\u0152ufs color\u00e9s en bois - Erzi - Teia Education &amp; Play\" \/>\n<meta property=\"og:description\" content=\"Le jeu d&#039;\u0153ufs Erzi comprend 6 parfaits petits \u0153ufs en bois color\u00e9s dans une jolie bo\u00eete en carton de la gamme d&#039;aliments en bois r\u00e9alistes.\" \/>\n<meta property=\"og:url\" content=\"https:\/\/teiaeducation.ch\/fr\/produit\/oeufs-en-bois-colores-dans-une-boite-erzi\/\" \/>\n<meta property=\"og:site_name\" content=\"Sustainable Educational Products &amp; Ecological Toys\u00a0\" \/>\n<meta property=\"article:publisher\" content=\"https:\/\/www.facebook.com\/teiaeducation\/\" \/>\n<meta property=\"article:modified_time\" content=\"2022-03-10T10:44:40+00:00\" \/>\n<meta property=\"og:image\" content=\"https:\/\/teiaeducation.ch\/wp-content\/uploads\/2020\/09\/Wooden-coloured-eggs-in-a-box-Erzi-scaled.jpg\" \/>\n\t<meta property=\"og:image:width\" content=\"900\" \/>\n\t<meta property=\"og:image:height\" content=\"900\" \/>\n\t<meta property=\"og:image:type\" content=\"image\/jpeg\" \/>\n<script type=\"application\/ld+json\" class=\"yoast-schema-graph\">{\"@context\":\"https:\/\/schema.org\",\"@graph\":[{\"@type\":\"WebPage\",\"@id\":\"https:\/\/teiaeducation.ch\/fr\/produit\/oeufs-en-bois-colores-dans-une-boite-erzi\/\",\"url\":\"https:\/\/teiaeducation.ch\/fr\/produit\/oeufs-en-bois-colores-dans-une-boite-erzi\/\",\"name\":\"\u0152ufs color\u00e9s en bois - Erzi - Teia Education & Play\",\"isPartOf\":{\"@id\":\"https:\/\/teiaeducation.ch\/fr\/#website\"},\"primaryImageOfPage\":{\"@id\":\"https:\/\/teiaeducation.ch\/fr\/produit\/oeufs-en-bois-colores-dans-une-boite-erzi\/#primaryimage\"},\"image\":{\"@id\":\"https:\/\/teiaeducation.ch\/fr\/produit\/oeufs-en-bois-colores-dans-une-boite-erzi\/#primaryimage\"},\"thumbnailUrl\":\"https:\/\/teiaeducation.ch\/wp-content\/uploads\/2020\/09\/Wooden-coloured-eggs-in-a-box-Erzi-scaled.jpg\",\"datePublished\":\"2020-10-05T07:37:05+00:00\",\"dateModified\":\"2022-03-10T10:44:40+00:00\",\"description\":\"Le jeu d'\u0153ufs Erzi comprend 6 parfaits petits \u0153ufs en bois color\u00e9s dans une jolie bo\u00eete en carton de la gamme d'aliments en bois r\u00e9alistes.\",\"breadcrumb\":{\"@id\":\"https:\/\/teiaeducation.ch\/fr\/produit\/oeufs-en-bois-colores-dans-une-boite-erzi\/#breadcrumb\"},\"inLanguage\":\"fr-FR\",\"potentialAction\":[{\"@type\":\"ReadAction\",\"target\":[\"https:\/\/teiaeducation.ch\/fr\/produit\/oeufs-en-bois-colores-dans-une-boite-erzi\/\"]}]},{\"@type\":\"ImageObject\",\"inLanguage\":\"fr-FR\",\"@id\":\"https:\/\/teiaeducation.ch\/fr\/produit\/oeufs-en-bois-colores-dans-une-boite-erzi\/#primaryimage\",\"url\":\"https:\/\/teiaeducation.ch\/wp-content\/uploads\/2020\/09\/Wooden-coloured-eggs-in-a-box-Erzi-scaled.jpg\",\"contentUrl\":\"https:\/\/teiaeducation.ch\/wp-content\/uploads\/2020\/09\/Wooden-coloured-eggs-in-a-box-Erzi-scaled.jpg\",\"width\":900,\"height\":900,\"caption\":\"\u0152ufs en bois color\u00e9s - Erzi\"},{\"@type\":\"BreadcrumbList\",\"@id\":\"https:\/\/teiaeducation.ch\/fr\/produit\/oeufs-en-bois-colores-dans-une-boite-erzi\/#breadcrumb\",\"itemListElement\":[{\"@type\":\"ListItem\",\"position\":1,\"name\":\"Home\",\"item\":\"https:\/\/teiaeducation.ch\/fr\/\"},{\"@type\":\"ListItem\",\"position\":2,\"name\":\"Boutique Teia Education &amp; Play\",\"item\":\"https:\/\/teiaeducation.ch\/fr\/boutique\/\"},{\"@type\":\"ListItem\",\"position\":3,\"name\":\"Nos Marques\",\"item\":\"https:\/\/teiaeducation.ch\/fr\/categorie-produit\/marques\/\"},{\"@type\":\"ListItem\",\"position\":4,\"name\":\"Erzi\",\"item\":\"https:\/\/teiaeducation.ch\/fr\/categorie-produit\/marques\/erzi-fr\/\"},{\"@type\":\"ListItem\",\"position\":5,\"name\":\"\u00c9piceries, Cuisines &amp; Accessoires\",\"item\":\"https:\/\/teiaeducation.ch\/fr\/categorie-produit\/marques\/erzi-fr\/epiceries-cuisines-accessoires\/\"},{\"@type\":\"ListItem\",\"position\":6,\"name\":\"\u0152ufs color\u00e9s en bois &#8211; Erzi\"}]},{\"@type\":\"WebSite\",\"@id\":\"https:\/\/teiaeducation.ch\/fr\/#website\",\"url\":\"https:\/\/teiaeducation.ch\/fr\/\",\"name\":\"Sustainable Educational Products &amp; Ecological Toys\u00a0\",\"description\":\"Specialised Swiss shop selling sustainable educational toys and games, AMI certified Montessori materials, handmade ecological wooden Waldorf toys and arts &amp; crafts supplies, school supplies, children&#039;s furniture and Montessori reference and parenting books.\",\"publisher\":{\"@id\":\"https:\/\/teiaeducation.ch\/fr\/#organization\"},\"alternateName\":\"Teia Education & Play\",\"potentialAction\":[{\"@type\":\"SearchAction\",\"target\":{\"@type\":\"EntryPoint\",\"urlTemplate\":\"https:\/\/teiaeducation.ch\/fr\/?s={search_term_string}\"},\"query-input\":{\"@type\":\"PropertyValueSpecification\",\"valueRequired\":true,\"valueName\":\"search_term_string\"}}],\"inLanguage\":\"fr-FR\"},{\"@type\":\"Organization\",\"@id\":\"https:\/\/teiaeducation.ch\/fr\/#organization\",\"name\":\"Teia Education & Play\",\"url\":\"https:\/\/teiaeducation.ch\/fr\/\",\"logo\":{\"@type\":\"ImageObject\",\"inLanguage\":\"fr-FR\",\"@id\":\"https:\/\/teiaeducation.ch\/fr\/#\/schema\/logo\/image\/\",\"url\":\"https:\/\/teiaeducation.ch\/wp-content\/uploads\/2020\/11\/Teia-Education-Switzerland-e1620156442216.jpg\",\"contentUrl\":\"https:\/\/teiaeducation.ch\/wp-content\/uploads\/2020\/11\/Teia-Education-Switzerland-e1620156442216.jpg\",\"width\":166,\"height\":145,\"caption\":\"Teia Education & Play\"},\"image\":{\"@id\":\"https:\/\/teiaeducation.ch\/fr\/#\/schema\/logo\/image\/\"},\"sameAs\":[\"https:\/\/www.facebook.com\/teiaeducation\/\",\"https:\/\/x.com\/EducationTeia\",\"https:\/\/www.instagram.com\/teia.education\/\",\"https:\/\/www.linkedin.com\/company\/35501660\",\"https:\/\/www.pinterest.ch\/TeiaEducation\/\"]}]}<\/script>\n<!-- \/ Yoast SEO plugin. -->","yoast_head_json":{"title":"\u0152ufs color\u00e9s en bois - Erzi - Teia Education & Play","description":"Le jeu d'\u0153ufs Erzi comprend 6 parfaits petits \u0153ufs en bois color\u00e9s dans une jolie bo\u00eete en carton de la gamme d'aliments en bois r\u00e9alistes.","robots":{"index":"index","follow":"follow","max-snippet":"max-snippet:-1","max-image-preview":"max-image-preview:large","max-video-preview":"max-video-preview:-1"},"canonical":"https:\/\/teiaeducation.ch\/fr\/produit\/oeufs-en-bois-colores-dans-une-boite-erzi\/","og_locale":"fr_FR","og_type":"article","og_title":"\u0152ufs color\u00e9s en bois - Erzi - Teia Education & Play","og_description":"Le jeu d'\u0153ufs Erzi comprend 6 parfaits petits \u0153ufs en bois color\u00e9s dans une jolie bo\u00eete en carton de la gamme d'aliments en bois r\u00e9alistes.","og_url":"https:\/\/teiaeducation.ch\/fr\/produit\/oeufs-en-bois-colores-dans-une-boite-erzi\/","og_site_name":"Sustainable Educational Products &amp; Ecological Toys\u00a0","article_publisher":"https:\/\/www.facebook.com\/teiaeducation\/","article_modified_time":"2022-03-10T10:44:40+00:00","og_image":[{"width":900,"height":900,"url":"https:\/\/teiaeducation.ch\/wp-content\/uploads\/2020\/09\/Wooden-coloured-eggs-in-a-box-Erzi-scaled.jpg","type":"image\/jpeg"}],"schema":{"@context":"https:\/\/schema.org","@graph":[{"@type":"WebPage","@id":"https:\/\/teiaeducation.ch\/fr\/produit\/oeufs-en-bois-colores-dans-une-boite-erzi\/","url":"https:\/\/teiaeducation.ch\/fr\/produit\/oeufs-en-bois-colores-dans-une-boite-erzi\/","name":"\u0152ufs color\u00e9s en bois - Erzi - Teia Education & Play","isPartOf":{"@id":"https:\/\/teiaeducation.ch\/fr\/#website"},"primaryImageOfPage":{"@id":"https:\/\/teiaeducation.ch\/fr\/produit\/oeufs-en-bois-colores-dans-une-boite-erzi\/#primaryimage"},"image":{"@id":"https:\/\/teiaeducation.ch\/fr\/produit\/oeufs-en-bois-colores-dans-une-boite-erzi\/#primaryimage"},"thumbnailUrl":"https:\/\/teiaeducation.ch\/wp-content\/uploads\/2020\/09\/Wooden-coloured-eggs-in-a-box-Erzi-scaled.jpg","datePublished":"2020-10-05T07:37:05+00:00","dateModified":"2022-03-10T10:44:40+00:00","description":"Le jeu d'\u0153ufs Erzi comprend 6 parfaits petits \u0153ufs en bois color\u00e9s dans une jolie bo\u00eete en carton de la gamme d'aliments en bois r\u00e9alistes.","breadcrumb":{"@id":"https:\/\/teiaeducation.ch\/fr\/produit\/oeufs-en-bois-colores-dans-une-boite-erzi\/#breadcrumb"},"inLanguage":"fr-FR","potentialAction":[{"@type":"ReadAction","target":["https:\/\/teiaeducation.ch\/fr\/produit\/oeufs-en-bois-colores-dans-une-boite-erzi\/"]}]},{"@type":"ImageObject","inLanguage":"fr-FR","@id":"https:\/\/teiaeducation.ch\/fr\/produit\/oeufs-en-bois-colores-dans-une-boite-erzi\/#primaryimage","url":"https:\/\/teiaeducation.ch\/wp-content\/uploads\/2020\/09\/Wooden-coloured-eggs-in-a-box-Erzi-scaled.jpg","contentUrl":"https:\/\/teiaeducation.ch\/wp-content\/uploads\/2020\/09\/Wooden-coloured-eggs-in-a-box-Erzi-scaled.jpg","width":900,"height":900,"caption":"\u0152ufs en bois color\u00e9s - Erzi"},{"@type":"BreadcrumbList","@id":"https:\/\/teiaeducation.ch\/fr\/produit\/oeufs-en-bois-colores-dans-une-boite-erzi\/#breadcrumb","itemListElement":[{"@type":"ListItem","position":1,"name":"Home","item":"https:\/\/teiaeducation.ch\/fr\/"},{"@type":"ListItem","position":2,"name":"Boutique Teia Education &amp; Play","item":"https:\/\/teiaeducation.ch\/fr\/boutique\/"},{"@type":"ListItem","position":3,"name":"Nos Marques","item":"https:\/\/teiaeducation.ch\/fr\/categorie-produit\/marques\/"},{"@type":"ListItem","position":4,"name":"Erzi","item":"https:\/\/teiaeducation.ch\/fr\/categorie-produit\/marques\/erzi-fr\/"},{"@type":"ListItem","position":5,"name":"\u00c9piceries, Cuisines &amp; Accessoires","item":"https:\/\/teiaeducation.ch\/fr\/categorie-produit\/marques\/erzi-fr\/epiceries-cuisines-accessoires\/"},{"@type":"ListItem","position":6,"name":"\u0152ufs color\u00e9s en bois &#8211; Erzi"}]},{"@type":"WebSite","@id":"https:\/\/teiaeducation.ch\/fr\/#website","url":"https:\/\/teiaeducation.ch\/fr\/","name":"Sustainable Educational Products &amp; Ecological Toys\u00a0","description":"Specialised Swiss shop selling sustainable educational toys and games, AMI certified Montessori materials, handmade ecological wooden Waldorf toys and arts &amp; crafts supplies, school supplies, children&#039;s furniture and Montessori reference and parenting books.","publisher":{"@id":"https:\/\/teiaeducation.ch\/fr\/#organization"},"alternateName":"Teia Education & Play","potentialAction":[{"@type":"SearchAction","target":{"@type":"EntryPoint","urlTemplate":"https:\/\/teiaeducation.ch\/fr\/?s={search_term_string}"},"query-input":{"@type":"PropertyValueSpecification","valueRequired":true,"valueName":"search_term_string"}}],"inLanguage":"fr-FR"},{"@type":"Organization","@id":"https:\/\/teiaeducation.ch\/fr\/#organization","name":"Teia Education & Play","url":"https:\/\/teiaeducation.ch\/fr\/","logo":{"@type":"ImageObject","inLanguage":"fr-FR","@id":"https:\/\/teiaeducation.ch\/fr\/#\/schema\/logo\/image\/","url":"https:\/\/teiaeducation.ch\/wp-content\/uploads\/2020\/11\/Teia-Education-Switzerland-e1620156442216.jpg","contentUrl":"https:\/\/teiaeducation.ch\/wp-content\/uploads\/2020\/11\/Teia-Education-Switzerland-e1620156442216.jpg","width":166,"height":145,"caption":"Teia Education & Play"},"image":{"@id":"https:\/\/teiaeducation.ch\/fr\/#\/schema\/logo\/image\/"},"sameAs":["https:\/\/www.facebook.com\/teiaeducation\/","https:\/\/x.com\/EducationTeia","https:\/\/www.instagram.com\/teia.education\/","https:\/\/www.linkedin.com\/company\/35501660","https:\/\/www.pinterest.ch\/TeiaEducation\/"]}]}},"_links":{"self":[{"href":"https:\/\/teiaeducation.ch\/fr\/wp-json\/wp\/v2\/product\/40277","targetHints":{"allow":["GET"]}}],"collection":[{"href":"https:\/\/teiaeducation.ch\/fr\/wp-json\/wp\/v2\/product"}],"about":[{"href":"https:\/\/teiaeducation.ch\/fr\/wp-json\/wp\/v2\/types\/product"}],"replies":[{"embeddable":true,"href":"https:\/\/teiaeducation.ch\/fr\/wp-json\/wp\/v2\/comments?post=40277"}],"wp:featuredmedia":[{"embeddable":true,"href":"https:\/\/teiaeducation.ch\/fr\/wp-json\/wp\/v2\/media\/29167"}],"wp:attachment":[{"href":"https:\/\/teiaeducation.ch\/fr\/wp-json\/wp\/v2\/media?parent=40277"}],"wp:term":[{"taxonomy":"product_brand","embeddable":true,"href":"https:\/\/teiaeducation.ch\/fr\/wp-json\/wp\/v2\/product_brand?post=40277"},{"taxonomy":"product_cat","embeddable":true,"href":"https:\/\/teiaeducation.ch\/fr\/wp-json\/wp\/v2\/product_cat?post=40277"},{"taxonomy":"product_tag","embeddable":true,"href":"https:\/\/teiaeducation.ch\/fr\/wp-json\/wp\/v2\/product_tag?post=40277"}],"curies":[{"name":"wp","href":"https:\/\/api.w.org\/{rel}","templated":true}]}}