{"id":40280,"date":"2020-10-05T09:21:07","date_gmt":"2020-10-05T07:21:07","guid":{"rendered":"https:\/\/teiaeducation.ch\/product\/muffins-danniversaire-en-bois-erzi\/"},"modified":"2021-11-10T16:44:31","modified_gmt":"2021-11-10T15:44:31","slug":"muffins-danniversaire-en-bois-erzi","status":"publish","type":"product","link":"https:\/\/teiaeducation.ch\/fr\/produit\/muffins-danniversaire-en-bois-erzi\/","title":{"rendered":"Muffins d&#8217;anniversaire en bois &#8211; Erzi"},"content":{"rendered":"<p>Muffins d&#8217;anniversaire en bois &#8211; Erzi<\/p>\n<p>Cet adorable ensemble de muffins d&#8217;anniversaire en bois Erzi comprend trois muffins diff\u00e9rents garnis de gla\u00e7age et de vermicelles, avec des bougies d&#8217;anniversaire et des flammes amovibles. Cet ensemble de l&#8217;assortiment\u00a0<a href=\"https:\/\/teiaeducation.ch\/fr\/categorie-produit\/jouer\/nourriture-de-jeu-realiste-en-bois\/\">d&#8217;aliments en bois<\/a> r\u00e9aliste Erzi est tr\u00e8s amusant pour les jeux de r\u00f4le. Comme par exemple pour\u00a0organiser de f\u00eates d&#8217;anniversaire pour les nounours et \u00e0 souffler les bougies. Ces jolis g\u00e2teaux font \u00e9galement de superbes d\u00e9corations d&#8217;anniversaire durables.<\/p>\n<p>Fabriqu\u00e9s en Allemagne \u00e0 partir de bois de h\u00eatre et finis avec une peinture \u00e0 l&#8217;eau s\u00fbre et non toxique et une impression color\u00e9e, les muffins d&#8217;anniversaire en bois conviennent aux enfants \u00e2g\u00e9s de 3 ans et plus.<\/p>\n<p>La gamme compl\u00e8te de produits Erzi porte le sceau distinctif de qualit\u00e9 \u00ab made in Germany \u00bb, provenant, comme il le dit, des montagnes de minerai de l\u2019Allemagne.<\/p>\n<p>Erzi utilise du bois d\u2019origine locale certifi\u00e9 et am\u00e9lior\u00e9 par le label <a href=\"https:\/\/fsc.org\/en\">Forest Stewardship Council<\/a> (FSC) pour la cr\u00e9ation de leurs jouets. Toutes les finitions, telles que les peintures \u00e0 base d\u2019eau et les vernis, ne sont pas toxiques et chaque produit Erzi est conforme au plus haut niveau de s\u00e9curit\u00e9 des jouets. Les produits de jeu et d\u2019apprentissage Erzi de haute qualit\u00e9 se distinguent par une grande diversit\u00e9 de formes et de couleurs naturelles et sont durables et \u00e9cologiques.<\/p>\n<p>Contenu :<\/p>\n<p>9 pi\u00e8ces en bois &#8211; 3 muffins, 3 bougies, 3 flammes<\/p>\n","protected":false},"excerpt":{"rendered":"<p>Num\u00e9ro d&#8217;article: 13155<\/p>\n<p>Les muffins d&#8217;anniversaire Erzi en bois avec bougies amovibles sont amusants pour les jeux de r\u00f4le ou comme d\u00e9coration d&#8217;anniversaire durable.<\/p>\n","protected":false},"featured_media":29145,"comment_status":"open","ping_status":"closed","template":"","meta":[],"product_brand":[],"product_cat":[215,216,22032,17210,17209,17241,21257,13130,23020,13139,217,17235,5851,212],"product_tag":[18404,23602,23586,23588,23585,23587,23589,17245,23584,23590,23605,21765,21769,23608,23606,21770,21768,21766,21767,23610,23607,23611,23603,23609],"class_list":{"0":"post-40280","1":"product","2":"type-product","3":"status-publish","4":"has-post-thumbnail","6":"product_cat-3-6-ans","7":"product_cat-6-12-ans","8":"product_cat-cadeaux-du-calendrier-de-lavent-et-de-noel","9":"product_cat-epiceries-cuisines-accessoires","10":"product_cat-erzi-fr","11":"product_cat-guide-cadeaux-3-6-ans","12":"product_cat-guides-cadeaux","13":"product_cat-jouer","14":"product_cat-jouets-en-bois","15":"product_cat-jeu-imaginatif-faire-semblant","16":"product_cat-marques","17":"product_cat-nourriture-de-jeu-realiste-en-bois","18":"product_cat-nouveautes","19":"product_cat-tranche-dage","20":"product_tag-decorations-danniversaire-en-bois","21":"product_tag-educational-toys-fr","22":"product_tag-erzi-jouets-fr","23":"product_tag-erzi-jouets-suisse-fr","24":"product_tag-erzi-schweiz-fr","25":"product_tag-erzi-spielzeug-fr","26":"product_tag-erzi-spielzeug-schweiz-fr","27":"product_tag-erzi-suisse-fr-2","28":"product_tag-erzi-switzerland-fr","29":"product_tag-erzi-toys-fr","30":"product_tag-erzi-wooden-toys-fr","31":"product_tag-gateaux-danniversaire-en-bois","32":"product_tag-gateaux-danniversaire-erzi","33":"product_tag-german-toys-fr","34":"product_tag-german-wooden-toys-fr","35":"product_tag-jeux-de-simulation-danniversaires","36":"product_tag-muffins-danniversaire-derzi","37":"product_tag-muffins-danniversaire-en-bois","38":"product_tag-muffins-en-bois","39":"product_tag-pretend-play-toys-fr","40":"product_tag-toys-made-in-germany-fr","41":"product_tag-wooden-play-kitchen-fr","42":"product_tag-wooden-toys-fr","43":"product_tag-wooden-toys-made-in-germany-fr","45":"first","46":"instock","47":"taxable","48":"shipping-taxable","49":"purchasable","50":"product-type-simple"},"yoast_head":"<!-- This site is optimized with the Yoast SEO Premium plugin v25.8 (Yoast SEO v27.4) - https:\/\/yoast.com\/product\/yoast-seo-premium-wordpress\/ -->\n<title>Muffins d&#039;anniversaire en bois - Erzi - Teia Education &amp; Play<\/title>\n<meta name=\"description\" content=\"Les muffins d&#039;anniversaire Erzi en bois avec bougies amovibles sont amusants pour les jeux de r\u00f4le ou comme d\u00e9coration d&#039;anniversaire durable.\" \/>\n<meta name=\"robots\" content=\"index, follow, max-snippet:-1, max-image-preview:large, max-video-preview:-1\" \/>\n<link rel=\"canonical\" href=\"https:\/\/teiaeducation.ch\/fr\/produit\/muffins-danniversaire-en-bois-erzi\/\" \/>\n<meta property=\"og:locale\" content=\"fr_FR\" \/>\n<meta property=\"og:type\" content=\"article\" \/>\n<meta property=\"og:title\" content=\"Muffins d&#039;anniversaire en bois - Erzi\" \/>\n<meta property=\"og:description\" content=\"Les muffins d&#039;anniversaire Erzi en bois avec bougies amovibles sont amusants pour les jeux de r\u00f4le ou comme d\u00e9coration d&#039;anniversaire durable.\" \/>\n<meta property=\"og:url\" content=\"https:\/\/teiaeducation.ch\/fr\/produit\/muffins-danniversaire-en-bois-erzi\/\" \/>\n<meta property=\"og:site_name\" content=\"Sustainable Educational Products &amp; Ecological Toys\u00a0\" \/>\n<meta property=\"article:publisher\" content=\"https:\/\/www.facebook.com\/teiaeducation\/\" \/>\n<meta property=\"article:modified_time\" content=\"2021-11-10T15:44:31+00:00\" \/>\n<meta property=\"og:image\" content=\"https:\/\/teiaeducation.ch\/wp-content\/uploads\/2020\/09\/Wooden-birthday-muffins-Erzi-scaled.jpg\" \/>\n\t<meta property=\"og:image:width\" content=\"900\" \/>\n\t<meta property=\"og:image:height\" content=\"900\" \/>\n\t<meta property=\"og:image:type\" content=\"image\/jpeg\" \/>\n<script type=\"application\/ld+json\" class=\"yoast-schema-graph\">{\"@context\":\"https:\\\/\\\/schema.org\",\"@graph\":[{\"@type\":\"WebPage\",\"@id\":\"https:\\\/\\\/teiaeducation.ch\\\/fr\\\/produit\\\/muffins-danniversaire-en-bois-erzi\\\/\",\"url\":\"https:\\\/\\\/teiaeducation.ch\\\/fr\\\/produit\\\/muffins-danniversaire-en-bois-erzi\\\/\",\"name\":\"Muffins d'anniversaire en bois - Erzi - Teia Education & Play\",\"isPartOf\":{\"@id\":\"https:\\\/\\\/teiaeducation.ch\\\/fr\\\/#website\"},\"primaryImageOfPage\":{\"@id\":\"https:\\\/\\\/teiaeducation.ch\\\/fr\\\/produit\\\/muffins-danniversaire-en-bois-erzi\\\/#primaryimage\"},\"image\":{\"@id\":\"https:\\\/\\\/teiaeducation.ch\\\/fr\\\/produit\\\/muffins-danniversaire-en-bois-erzi\\\/#primaryimage\"},\"thumbnailUrl\":\"https:\\\/\\\/teiaeducation.ch\\\/wp-content\\\/uploads\\\/2020\\\/09\\\/Wooden-birthday-muffins-Erzi-scaled.jpg\",\"datePublished\":\"2020-10-05T07:21:07+00:00\",\"dateModified\":\"2021-11-10T15:44:31+00:00\",\"description\":\"Les muffins d'anniversaire Erzi en bois avec bougies amovibles sont amusants pour les jeux de r\u00f4le ou comme d\u00e9coration d'anniversaire durable.\",\"breadcrumb\":{\"@id\":\"https:\\\/\\\/teiaeducation.ch\\\/fr\\\/produit\\\/muffins-danniversaire-en-bois-erzi\\\/#breadcrumb\"},\"inLanguage\":\"fr-FR\",\"potentialAction\":[{\"@type\":\"ReadAction\",\"target\":[\"https:\\\/\\\/teiaeducation.ch\\\/fr\\\/produit\\\/muffins-danniversaire-en-bois-erzi\\\/\"]}]},{\"@type\":\"ImageObject\",\"inLanguage\":\"fr-FR\",\"@id\":\"https:\\\/\\\/teiaeducation.ch\\\/fr\\\/produit\\\/muffins-danniversaire-en-bois-erzi\\\/#primaryimage\",\"url\":\"https:\\\/\\\/teiaeducation.ch\\\/wp-content\\\/uploads\\\/2020\\\/09\\\/Wooden-birthday-muffins-Erzi-scaled.jpg\",\"contentUrl\":\"https:\\\/\\\/teiaeducation.ch\\\/wp-content\\\/uploads\\\/2020\\\/09\\\/Wooden-birthday-muffins-Erzi-scaled.jpg\",\"width\":900,\"height\":900,\"caption\":\"Muffins d'anniversaire en bois - Erzi\"},{\"@type\":\"BreadcrumbList\",\"@id\":\"https:\\\/\\\/teiaeducation.ch\\\/fr\\\/produit\\\/muffins-danniversaire-en-bois-erzi\\\/#breadcrumb\",\"itemListElement\":[{\"@type\":\"ListItem\",\"position\":1,\"name\":\"Home\",\"item\":\"https:\\\/\\\/teiaeducation.ch\\\/fr\\\/\"},{\"@type\":\"ListItem\",\"position\":2,\"name\":\"Boutique Teia Education &amp; Play\",\"item\":\"https:\\\/\\\/teiaeducation.ch\\\/fr\\\/boutique\\\/\"},{\"@type\":\"ListItem\",\"position\":3,\"name\":\"Nos Marques\",\"item\":\"https:\\\/\\\/teiaeducation.ch\\\/fr\\\/categorie-produit\\\/marques\\\/\"},{\"@type\":\"ListItem\",\"position\":4,\"name\":\"Erzi\",\"item\":\"https:\\\/\\\/teiaeducation.ch\\\/fr\\\/categorie-produit\\\/marques\\\/erzi-fr\\\/\"},{\"@type\":\"ListItem\",\"position\":5,\"name\":\"\u00c9piceries, Cuisines &amp; Accessoires\",\"item\":\"https:\\\/\\\/teiaeducation.ch\\\/fr\\\/categorie-produit\\\/marques\\\/erzi-fr\\\/epiceries-cuisines-accessoires\\\/\"},{\"@type\":\"ListItem\",\"position\":6,\"name\":\"Muffins d&#8217;anniversaire en bois &#8211; Erzi\"}]},{\"@type\":\"WebSite\",\"@id\":\"https:\\\/\\\/teiaeducation.ch\\\/fr\\\/#website\",\"url\":\"https:\\\/\\\/teiaeducation.ch\\\/fr\\\/\",\"name\":\"Sustainable Educational Products &amp; Ecological Toys\u00a0\",\"description\":\"Specialised Swiss shop selling sustainable educational toys and games, AMI certified Montessori materials, handmade ecological wooden Waldorf toys and arts &amp; crafts supplies, school supplies, children&#039;s furniture and Montessori reference and parenting books.\",\"publisher\":{\"@id\":\"https:\\\/\\\/teiaeducation.ch\\\/fr\\\/#organization\"},\"alternateName\":\"Teia Education & Play\",\"potentialAction\":[{\"@type\":\"SearchAction\",\"target\":{\"@type\":\"EntryPoint\",\"urlTemplate\":\"https:\\\/\\\/teiaeducation.ch\\\/fr\\\/?s={search_term_string}\"},\"query-input\":{\"@type\":\"PropertyValueSpecification\",\"valueRequired\":true,\"valueName\":\"search_term_string\"}}],\"inLanguage\":\"fr-FR\"},{\"@type\":\"Organization\",\"@id\":\"https:\\\/\\\/teiaeducation.ch\\\/fr\\\/#organization\",\"name\":\"Teia Education & Play\",\"url\":\"https:\\\/\\\/teiaeducation.ch\\\/fr\\\/\",\"logo\":{\"@type\":\"ImageObject\",\"inLanguage\":\"fr-FR\",\"@id\":\"https:\\\/\\\/teiaeducation.ch\\\/fr\\\/#\\\/schema\\\/logo\\\/image\\\/\",\"url\":\"https:\\\/\\\/teiaeducation.ch\\\/wp-content\\\/uploads\\\/2020\\\/11\\\/Teia-Education-Switzerland-e1620156442216.jpg\",\"contentUrl\":\"https:\\\/\\\/teiaeducation.ch\\\/wp-content\\\/uploads\\\/2020\\\/11\\\/Teia-Education-Switzerland-e1620156442216.jpg\",\"width\":166,\"height\":145,\"caption\":\"Teia Education & Play\"},\"image\":{\"@id\":\"https:\\\/\\\/teiaeducation.ch\\\/fr\\\/#\\\/schema\\\/logo\\\/image\\\/\"},\"sameAs\":[\"https:\\\/\\\/www.facebook.com\\\/teiaeducation\\\/\",\"https:\\\/\\\/x.com\\\/EducationTeia\",\"https:\\\/\\\/www.instagram.com\\\/teia.education\\\/\",\"https:\\\/\\\/www.linkedin.com\\\/company\\\/35501660\",\"https:\\\/\\\/www.pinterest.ch\\\/TeiaEducation\\\/\"]}]}<\/script>\n<meta property=\"product:price:amount\" content=\"17.00\" \/>\n<meta property=\"product:price:currency\" content=\"CHF\" \/>\n<meta property=\"og:availability\" content=\"instock\" \/>\n<meta property=\"product:availability\" content=\"instock\" \/>\n<meta property=\"product:retailer_item_id\" content=\"00000000000000000000000000000000000000000000029143\" \/>\n<meta property=\"product:condition\" content=\"new\" \/>\n<!-- \/ Yoast SEO Premium plugin. -->","yoast_head_json":{"title":"Muffins d'anniversaire en bois - Erzi - Teia Education & Play","description":"Les muffins d'anniversaire Erzi en bois avec bougies amovibles sont amusants pour les jeux de r\u00f4le ou comme d\u00e9coration d'anniversaire durable.","robots":{"index":"index","follow":"follow","max-snippet":"max-snippet:-1","max-image-preview":"max-image-preview:large","max-video-preview":"max-video-preview:-1"},"canonical":"https:\/\/teiaeducation.ch\/fr\/produit\/muffins-danniversaire-en-bois-erzi\/","og_locale":"fr_FR","og_type":"article","og_title":"Muffins d'anniversaire en bois - Erzi","og_description":"Les muffins d'anniversaire Erzi en bois avec bougies amovibles sont amusants pour les jeux de r\u00f4le ou comme d\u00e9coration d'anniversaire durable.","og_url":"https:\/\/teiaeducation.ch\/fr\/produit\/muffins-danniversaire-en-bois-erzi\/","og_site_name":"Sustainable Educational Products &amp; Ecological Toys\u00a0","article_publisher":"https:\/\/www.facebook.com\/teiaeducation\/","article_modified_time":"2021-11-10T15:44:31+00:00","og_image":[{"width":900,"height":900,"url":"https:\/\/teiaeducation.ch\/wp-content\/uploads\/2020\/09\/Wooden-birthday-muffins-Erzi-scaled.jpg","type":"image\/jpeg"}],"schema":{"@context":"https:\/\/schema.org","@graph":[{"@type":"WebPage","@id":"https:\/\/teiaeducation.ch\/fr\/produit\/muffins-danniversaire-en-bois-erzi\/","url":"https:\/\/teiaeducation.ch\/fr\/produit\/muffins-danniversaire-en-bois-erzi\/","name":"Muffins d'anniversaire en bois - Erzi - Teia Education & Play","isPartOf":{"@id":"https:\/\/teiaeducation.ch\/fr\/#website"},"primaryImageOfPage":{"@id":"https:\/\/teiaeducation.ch\/fr\/produit\/muffins-danniversaire-en-bois-erzi\/#primaryimage"},"image":{"@id":"https:\/\/teiaeducation.ch\/fr\/produit\/muffins-danniversaire-en-bois-erzi\/#primaryimage"},"thumbnailUrl":"https:\/\/teiaeducation.ch\/wp-content\/uploads\/2020\/09\/Wooden-birthday-muffins-Erzi-scaled.jpg","datePublished":"2020-10-05T07:21:07+00:00","dateModified":"2021-11-10T15:44:31+00:00","description":"Les muffins d'anniversaire Erzi en bois avec bougies amovibles sont amusants pour les jeux de r\u00f4le ou comme d\u00e9coration d'anniversaire durable.","breadcrumb":{"@id":"https:\/\/teiaeducation.ch\/fr\/produit\/muffins-danniversaire-en-bois-erzi\/#breadcrumb"},"inLanguage":"fr-FR","potentialAction":[{"@type":"ReadAction","target":["https:\/\/teiaeducation.ch\/fr\/produit\/muffins-danniversaire-en-bois-erzi\/"]}]},{"@type":"ImageObject","inLanguage":"fr-FR","@id":"https:\/\/teiaeducation.ch\/fr\/produit\/muffins-danniversaire-en-bois-erzi\/#primaryimage","url":"https:\/\/teiaeducation.ch\/wp-content\/uploads\/2020\/09\/Wooden-birthday-muffins-Erzi-scaled.jpg","contentUrl":"https:\/\/teiaeducation.ch\/wp-content\/uploads\/2020\/09\/Wooden-birthday-muffins-Erzi-scaled.jpg","width":900,"height":900,"caption":"Muffins d'anniversaire en bois - Erzi"},{"@type":"BreadcrumbList","@id":"https:\/\/teiaeducation.ch\/fr\/produit\/muffins-danniversaire-en-bois-erzi\/#breadcrumb","itemListElement":[{"@type":"ListItem","position":1,"name":"Home","item":"https:\/\/teiaeducation.ch\/fr\/"},{"@type":"ListItem","position":2,"name":"Boutique Teia Education &amp; Play","item":"https:\/\/teiaeducation.ch\/fr\/boutique\/"},{"@type":"ListItem","position":3,"name":"Nos Marques","item":"https:\/\/teiaeducation.ch\/fr\/categorie-produit\/marques\/"},{"@type":"ListItem","position":4,"name":"Erzi","item":"https:\/\/teiaeducation.ch\/fr\/categorie-produit\/marques\/erzi-fr\/"},{"@type":"ListItem","position":5,"name":"\u00c9piceries, Cuisines &amp; Accessoires","item":"https:\/\/teiaeducation.ch\/fr\/categorie-produit\/marques\/erzi-fr\/epiceries-cuisines-accessoires\/"},{"@type":"ListItem","position":6,"name":"Muffins d&#8217;anniversaire en bois &#8211; Erzi"}]},{"@type":"WebSite","@id":"https:\/\/teiaeducation.ch\/fr\/#website","url":"https:\/\/teiaeducation.ch\/fr\/","name":"Sustainable Educational Products &amp; Ecological Toys\u00a0","description":"Specialised Swiss shop selling sustainable educational toys and games, AMI certified Montessori materials, handmade ecological wooden Waldorf toys and arts &amp; crafts supplies, school supplies, children&#039;s furniture and Montessori reference and parenting books.","publisher":{"@id":"https:\/\/teiaeducation.ch\/fr\/#organization"},"alternateName":"Teia Education & Play","potentialAction":[{"@type":"SearchAction","target":{"@type":"EntryPoint","urlTemplate":"https:\/\/teiaeducation.ch\/fr\/?s={search_term_string}"},"query-input":{"@type":"PropertyValueSpecification","valueRequired":true,"valueName":"search_term_string"}}],"inLanguage":"fr-FR"},{"@type":"Organization","@id":"https:\/\/teiaeducation.ch\/fr\/#organization","name":"Teia Education & Play","url":"https:\/\/teiaeducation.ch\/fr\/","logo":{"@type":"ImageObject","inLanguage":"fr-FR","@id":"https:\/\/teiaeducation.ch\/fr\/#\/schema\/logo\/image\/","url":"https:\/\/teiaeducation.ch\/wp-content\/uploads\/2020\/11\/Teia-Education-Switzerland-e1620156442216.jpg","contentUrl":"https:\/\/teiaeducation.ch\/wp-content\/uploads\/2020\/11\/Teia-Education-Switzerland-e1620156442216.jpg","width":166,"height":145,"caption":"Teia Education & Play"},"image":{"@id":"https:\/\/teiaeducation.ch\/fr\/#\/schema\/logo\/image\/"},"sameAs":["https:\/\/www.facebook.com\/teiaeducation\/","https:\/\/x.com\/EducationTeia","https:\/\/www.instagram.com\/teia.education\/","https:\/\/www.linkedin.com\/company\/35501660","https:\/\/www.pinterest.ch\/TeiaEducation\/"]}]},"product_price_amount":"17.00","product_price_currency":"CHF","og_availability":"instock","product_availability":"instock","product_retailer_item_id":"00000000000000000000000000000000000000000000029143","product_condition":"new"},"_links":{"self":[{"href":"https:\/\/teiaeducation.ch\/fr\/wp-json\/wp\/v2\/product\/40280","targetHints":{"allow":["GET"]}}],"collection":[{"href":"https:\/\/teiaeducation.ch\/fr\/wp-json\/wp\/v2\/product"}],"about":[{"href":"https:\/\/teiaeducation.ch\/fr\/wp-json\/wp\/v2\/types\/product"}],"replies":[{"embeddable":true,"href":"https:\/\/teiaeducation.ch\/fr\/wp-json\/wp\/v2\/comments?post=40280"}],"wp:featuredmedia":[{"embeddable":true,"href":"https:\/\/teiaeducation.ch\/fr\/wp-json\/wp\/v2\/media\/29145"}],"wp:attachment":[{"href":"https:\/\/teiaeducation.ch\/fr\/wp-json\/wp\/v2\/media?parent=40280"}],"wp:term":[{"taxonomy":"product_brand","embeddable":true,"href":"https:\/\/teiaeducation.ch\/fr\/wp-json\/wp\/v2\/product_brand?post=40280"},{"taxonomy":"product_cat","embeddable":true,"href":"https:\/\/teiaeducation.ch\/fr\/wp-json\/wp\/v2\/product_cat?post=40280"},{"taxonomy":"product_tag","embeddable":true,"href":"https:\/\/teiaeducation.ch\/fr\/wp-json\/wp\/v2\/product_tag?post=40280"}],"curies":[{"name":"wp","href":"https:\/\/api.w.org\/{rel}","templated":true}]}}