{"id":40289,"date":"2020-09-23T21:44:46","date_gmt":"2020-09-23T19:44:46","guid":{"rendered":"https:\/\/teiaeducation.ch\/product\/atelier-de-cuisine-en-bois-erzi\/"},"modified":"2021-11-11T09:25:11","modified_gmt":"2021-11-11T08:25:11","slug":"plaque-de-cuisson-en-bois-erzi","status":"publish","type":"product","link":"https:\/\/teiaeducation.ch\/fr\/produit\/plaque-de-cuisson-en-bois-erzi\/","title":{"rendered":"Plaque de cuisson en bois &#8211; Erzi"},"content":{"rendered":"<div>Plaque de cuisson en bois pour enfants &#8211;\u00a0Erzi<\/div>\n<div>\n<p>Cette astucieuse plaque de <span style=\"color: #555555;\">cuisson<\/span> en bois Erzi est \u00e0 la fois un gril de table et une plaque chauffante et peut \u00eatre simplement plac\u00e9 sur le bord de n&#8217;importe quelle table ou armoire pour <a href=\"https:\/\/teiaeducation.ch\/fr\/categorie-produit\/jouer\/jeu-imaginatif-faire-semblant\/\">faire semblant<\/a> de cuisiner n&#8217;importe o\u00f9 !<\/p>\n<p>Moderne et color\u00e9, avec 2 plaques de cuisson et 2 boutons de commande rotatifs amusants d&#8217;un c\u00f4t\u00e9, la plaque de cuisson peut \u00eatre tourn\u00e9e pour jouer avec un petit gril de table ou un barbecue de l&#8217;autre c\u00f4t\u00e9 !<\/p>\n<p>Fabriqu\u00e9 en Allemagne \u00e0 partir de bois de bouleau et fini avec une peinture \u00e0 l&#8217;eau s\u00fbre et non toxique. Des d\u00e9tails imprim\u00e9s en couleur, dont une horloge imprim\u00e9e, des sali\u00e8res et poivri\u00e8res, des sauces pour barbecue et des ustensiles de barbecue, compl\u00e8tent l&#8217;aspect r\u00e9aliste de ce jouet en bois de haute qualit\u00e9 et peu encombrant.<\/p>\n<p>La plaque de <span style=\"color: #555555;\">cuisson<\/span>\u00a0Erzi en bois mesure 16 x 27,5 x 8,3 cm et convient aux enfants de 3 ans et plus.<\/p>\n<p>La gamme compl\u00e8te de produits Erzi porte le sceau distinctif de qualit\u00e9 \u00ab made in Germany \u00bb, provenant, comme il le dit, des montagnes de minerai de l\u2019Allemagne.<\/p>\n<p>Erzi utilise du bois d\u2019origine locale certifi\u00e9 et am\u00e9lior\u00e9 par le label Forest Stewardship Council (FSC) pour la cr\u00e9ation de leurs jouets. Toutes les finitions, telles que les peintures \u00e0 base d\u2019eau et les vernis, ne sont pas toxiques et chaque produit Erzi est conforme au plus haut niveau de s\u00e9curit\u00e9 des jouets. Les produits de jeu et d\u2019apprentissage Erzi de haute qualit\u00e9 se distinguent par une grande diversit\u00e9 de formes et de couleurs naturelles et sont durables et \u00e9cologiques.<\/p>\n<p>Contenu :<\/p>\n<p>1 plaque de <span style=\"color: #555555;\">cuisson<\/span> r\u00e9versible en bois.<\/p>\n<\/div>\n","protected":false},"excerpt":{"rendered":"<p>Num\u00e9ro d&#8217;article: 10691<\/p>\n<p>La plaque de cuisson en bois Erzi pour enfants est \u00e0 la fois un gril de table et une plaque chauffante pour faire semblant de cuisiner !<\/p>\n","protected":false},"featured_media":29134,"comment_status":"open","ping_status":"closed","template":"","meta":[],"product_brand":[],"product_cat":[215,216,17210,17209,17241,13130,23020,13139,217,5851,212],"product_tag":[21772,21775,21781,21782,21773,21783,23602,21771,23586,23588,23585,23587,23589,17245,23584,23590,23605,23608,23606,21777,21776,21778,21780,21779,21774,23610,23607,23611,23603,23609],"class_list":{"0":"post-40289","1":"product","2":"type-product","3":"status-publish","4":"has-post-thumbnail","6":"product_cat-3-6-ans","7":"product_cat-6-12-ans","8":"product_cat-epiceries-cuisines-accessoires","9":"product_cat-erzi-fr","10":"product_cat-guide-cadeaux-3-6-ans","11":"product_cat-jouer","12":"product_cat-jouets-en-bois","13":"product_cat-jeu-imaginatif-faire-semblant","14":"product_cat-marques","15":"product_cat-nouveautes","16":"product_cat-tranche-dage","17":"product_tag-atelier-de-cuisine-erzi","18":"product_tag-barbecue-erzi","19":"product_tag-barbecue-jouet-en-bois","20":"product_tag-cuisine-jouet-en-bois","21":"product_tag-cuisiniere-erzi","22":"product_tag-cuisiniere-jouet-en-bois","23":"product_tag-educational-toys-fr","24":"product_tag-erzi-atelier-de-cuisine-en-bois-pour-jeux-de-role","25":"product_tag-erzi-jouets-fr","26":"product_tag-erzi-jouets-suisse-fr","27":"product_tag-erzi-schweiz-fr","28":"product_tag-erzi-spielzeug-fr","29":"product_tag-erzi-spielzeug-schweiz-fr","30":"product_tag-erzi-suisse-fr-2","31":"product_tag-erzi-switzerland-fr","32":"product_tag-erzi-toys-fr","33":"product_tag-erzi-wooden-toys-fr","34":"product_tag-german-toys-fr","35":"product_tag-german-wooden-toys-fr","36":"product_tag-jouets-de-jeu-de-role-en-bois","37":"product_tag-jouets-de-jeu-de-role-erzi","38":"product_tag-petite-cuisine-de-jeu","39":"product_tag-petite-cuisine-de-jeu-en-bois","40":"product_tag-petite-cuisine-jouet","41":"product_tag-plaque-de-cuisson-erzi","42":"product_tag-pretend-play-toys-fr","43":"product_tag-toys-made-in-germany-fr","44":"product_tag-wooden-play-kitchen-fr","45":"product_tag-wooden-toys-fr","46":"product_tag-wooden-toys-made-in-germany-fr","48":"first","49":"instock","50":"taxable","51":"shipping-taxable","52":"purchasable","53":"product-type-simple"},"yoast_head":"<!-- This site is optimized with the Yoast SEO Premium plugin v25.8 (Yoast SEO v27.4) - https:\/\/yoast.com\/product\/yoast-seo-premium-wordpress\/ -->\n<title>Plaque de cuisson en bois - Erzi - Teia Education &amp; Play<\/title>\n<meta name=\"description\" content=\"La plaque de cuisson en bois Erzi pour enfants est \u00e0 la fois un gril de table et une plaque chauffante pour faire semblant de cuisiner !\" \/>\n<meta name=\"robots\" content=\"index, follow, max-snippet:-1, max-image-preview:large, max-video-preview:-1\" \/>\n<link rel=\"canonical\" href=\"https:\/\/teiaeducation.ch\/fr\/produit\/plaque-de-cuisson-en-bois-erzi\/\" \/>\n<meta property=\"og:locale\" content=\"fr_FR\" \/>\n<meta property=\"og:type\" content=\"article\" \/>\n<meta property=\"og:title\" content=\"Plaque de cuisson en bois - Erzi\" \/>\n<meta property=\"og:description\" content=\"La plaque de cuisson en bois Erzi pour enfants est \u00e0 la fois un gril de table et une plaque chauffante pour faire semblant de cuisiner !\" \/>\n<meta property=\"og:url\" content=\"https:\/\/teiaeducation.ch\/fr\/produit\/plaque-de-cuisson-en-bois-erzi\/\" \/>\n<meta property=\"og:site_name\" content=\"Sustainable Educational Products &amp; Ecological Toys\u00a0\" \/>\n<meta property=\"article:publisher\" content=\"https:\/\/www.facebook.com\/teiaeducation\/\" \/>\n<meta property=\"article:modified_time\" content=\"2021-11-11T08:25:11+00:00\" \/>\n<meta property=\"og:image\" content=\"https:\/\/teiaeducation.ch\/wp-content\/uploads\/2020\/09\/Wooden-role-play-cooking-studio-Erzi-scaled.jpg\" \/>\n\t<meta property=\"og:image:width\" content=\"900\" \/>\n\t<meta property=\"og:image:height\" content=\"900\" \/>\n\t<meta property=\"og:image:type\" content=\"image\/jpeg\" \/>\n<script type=\"application\/ld+json\" class=\"yoast-schema-graph\">{\"@context\":\"https:\\\/\\\/schema.org\",\"@graph\":[{\"@type\":\"WebPage\",\"@id\":\"https:\\\/\\\/teiaeducation.ch\\\/fr\\\/produit\\\/plaque-de-cuisson-en-bois-erzi\\\/\",\"url\":\"https:\\\/\\\/teiaeducation.ch\\\/fr\\\/produit\\\/plaque-de-cuisson-en-bois-erzi\\\/\",\"name\":\"Plaque de cuisson en bois - Erzi - Teia Education & Play\",\"isPartOf\":{\"@id\":\"https:\\\/\\\/teiaeducation.ch\\\/fr\\\/#website\"},\"primaryImageOfPage\":{\"@id\":\"https:\\\/\\\/teiaeducation.ch\\\/fr\\\/produit\\\/plaque-de-cuisson-en-bois-erzi\\\/#primaryimage\"},\"image\":{\"@id\":\"https:\\\/\\\/teiaeducation.ch\\\/fr\\\/produit\\\/plaque-de-cuisson-en-bois-erzi\\\/#primaryimage\"},\"thumbnailUrl\":\"https:\\\/\\\/teiaeducation.ch\\\/wp-content\\\/uploads\\\/2020\\\/09\\\/Wooden-role-play-cooking-studio-Erzi-scaled.jpg\",\"datePublished\":\"2020-09-23T19:44:46+00:00\",\"dateModified\":\"2021-11-11T08:25:11+00:00\",\"description\":\"La plaque de cuisson en bois Erzi pour enfants est \u00e0 la fois un gril de table et une plaque chauffante pour faire semblant de cuisiner !\",\"breadcrumb\":{\"@id\":\"https:\\\/\\\/teiaeducation.ch\\\/fr\\\/produit\\\/plaque-de-cuisson-en-bois-erzi\\\/#breadcrumb\"},\"inLanguage\":\"fr-FR\",\"potentialAction\":[{\"@type\":\"ReadAction\",\"target\":[\"https:\\\/\\\/teiaeducation.ch\\\/fr\\\/produit\\\/plaque-de-cuisson-en-bois-erzi\\\/\"]}]},{\"@type\":\"ImageObject\",\"inLanguage\":\"fr-FR\",\"@id\":\"https:\\\/\\\/teiaeducation.ch\\\/fr\\\/produit\\\/plaque-de-cuisson-en-bois-erzi\\\/#primaryimage\",\"url\":\"https:\\\/\\\/teiaeducation.ch\\\/wp-content\\\/uploads\\\/2020\\\/09\\\/Wooden-role-play-cooking-studio-Erzi-scaled.jpg\",\"contentUrl\":\"https:\\\/\\\/teiaeducation.ch\\\/wp-content\\\/uploads\\\/2020\\\/09\\\/Wooden-role-play-cooking-studio-Erzi-scaled.jpg\",\"width\":900,\"height\":900,\"caption\":\"Plaque de cuisson en bois pour enfants -\u00a0Erzi\"},{\"@type\":\"BreadcrumbList\",\"@id\":\"https:\\\/\\\/teiaeducation.ch\\\/fr\\\/produit\\\/plaque-de-cuisson-en-bois-erzi\\\/#breadcrumb\",\"itemListElement\":[{\"@type\":\"ListItem\",\"position\":1,\"name\":\"Home\",\"item\":\"https:\\\/\\\/teiaeducation.ch\\\/fr\\\/\"},{\"@type\":\"ListItem\",\"position\":2,\"name\":\"Boutique Teia Education &amp; Play\",\"item\":\"https:\\\/\\\/teiaeducation.ch\\\/fr\\\/boutique\\\/\"},{\"@type\":\"ListItem\",\"position\":3,\"name\":\"Nos Marques\",\"item\":\"https:\\\/\\\/teiaeducation.ch\\\/fr\\\/categorie-produit\\\/marques\\\/\"},{\"@type\":\"ListItem\",\"position\":4,\"name\":\"Erzi\",\"item\":\"https:\\\/\\\/teiaeducation.ch\\\/fr\\\/categorie-produit\\\/marques\\\/erzi-fr\\\/\"},{\"@type\":\"ListItem\",\"position\":5,\"name\":\"\u00c9piceries, Cuisines &amp; Accessoires\",\"item\":\"https:\\\/\\\/teiaeducation.ch\\\/fr\\\/categorie-produit\\\/marques\\\/erzi-fr\\\/epiceries-cuisines-accessoires\\\/\"},{\"@type\":\"ListItem\",\"position\":6,\"name\":\"Plaque de cuisson en bois &#8211; Erzi\"}]},{\"@type\":\"WebSite\",\"@id\":\"https:\\\/\\\/teiaeducation.ch\\\/fr\\\/#website\",\"url\":\"https:\\\/\\\/teiaeducation.ch\\\/fr\\\/\",\"name\":\"Sustainable Educational Products &amp; Ecological Toys\u00a0\",\"description\":\"Specialised Swiss shop selling sustainable educational toys and games, AMI certified Montessori materials, handmade ecological wooden Waldorf toys and arts &amp; crafts supplies, school supplies, children&#039;s furniture and Montessori reference and parenting books.\",\"publisher\":{\"@id\":\"https:\\\/\\\/teiaeducation.ch\\\/fr\\\/#organization\"},\"alternateName\":\"Teia Education & Play\",\"potentialAction\":[{\"@type\":\"SearchAction\",\"target\":{\"@type\":\"EntryPoint\",\"urlTemplate\":\"https:\\\/\\\/teiaeducation.ch\\\/fr\\\/?s={search_term_string}\"},\"query-input\":{\"@type\":\"PropertyValueSpecification\",\"valueRequired\":true,\"valueName\":\"search_term_string\"}}],\"inLanguage\":\"fr-FR\"},{\"@type\":\"Organization\",\"@id\":\"https:\\\/\\\/teiaeducation.ch\\\/fr\\\/#organization\",\"name\":\"Teia Education & Play\",\"url\":\"https:\\\/\\\/teiaeducation.ch\\\/fr\\\/\",\"logo\":{\"@type\":\"ImageObject\",\"inLanguage\":\"fr-FR\",\"@id\":\"https:\\\/\\\/teiaeducation.ch\\\/fr\\\/#\\\/schema\\\/logo\\\/image\\\/\",\"url\":\"https:\\\/\\\/teiaeducation.ch\\\/wp-content\\\/uploads\\\/2020\\\/11\\\/Teia-Education-Switzerland-e1620156442216.jpg\",\"contentUrl\":\"https:\\\/\\\/teiaeducation.ch\\\/wp-content\\\/uploads\\\/2020\\\/11\\\/Teia-Education-Switzerland-e1620156442216.jpg\",\"width\":166,\"height\":145,\"caption\":\"Teia Education & Play\"},\"image\":{\"@id\":\"https:\\\/\\\/teiaeducation.ch\\\/fr\\\/#\\\/schema\\\/logo\\\/image\\\/\"},\"sameAs\":[\"https:\\\/\\\/www.facebook.com\\\/teiaeducation\\\/\",\"https:\\\/\\\/x.com\\\/EducationTeia\",\"https:\\\/\\\/www.instagram.com\\\/teia.education\\\/\",\"https:\\\/\\\/www.linkedin.com\\\/company\\\/35501660\",\"https:\\\/\\\/www.pinterest.ch\\\/TeiaEducation\\\/\"]}]}<\/script>\n<meta property=\"product:price:amount\" content=\"49.00\" \/>\n<meta property=\"product:price:currency\" content=\"CHF\" \/>\n<meta property=\"og:availability\" content=\"instock\" \/>\n<meta property=\"product:availability\" content=\"instock\" \/>\n<meta property=\"product:retailer_item_id\" content=\"00000000000000000000000000000000000000000000029132\" \/>\n<meta property=\"product:condition\" content=\"new\" \/>\n<!-- \/ Yoast SEO Premium plugin. -->","yoast_head_json":{"title":"Plaque de cuisson en bois - Erzi - Teia Education & Play","description":"La plaque de cuisson en bois Erzi pour enfants est \u00e0 la fois un gril de table et une plaque chauffante pour faire semblant de cuisiner !","robots":{"index":"index","follow":"follow","max-snippet":"max-snippet:-1","max-image-preview":"max-image-preview:large","max-video-preview":"max-video-preview:-1"},"canonical":"https:\/\/teiaeducation.ch\/fr\/produit\/plaque-de-cuisson-en-bois-erzi\/","og_locale":"fr_FR","og_type":"article","og_title":"Plaque de cuisson en bois - Erzi","og_description":"La plaque de cuisson en bois Erzi pour enfants est \u00e0 la fois un gril de table et une plaque chauffante pour faire semblant de cuisiner !","og_url":"https:\/\/teiaeducation.ch\/fr\/produit\/plaque-de-cuisson-en-bois-erzi\/","og_site_name":"Sustainable Educational Products &amp; Ecological Toys\u00a0","article_publisher":"https:\/\/www.facebook.com\/teiaeducation\/","article_modified_time":"2021-11-11T08:25:11+00:00","og_image":[{"width":900,"height":900,"url":"https:\/\/teiaeducation.ch\/wp-content\/uploads\/2020\/09\/Wooden-role-play-cooking-studio-Erzi-scaled.jpg","type":"image\/jpeg"}],"schema":{"@context":"https:\/\/schema.org","@graph":[{"@type":"WebPage","@id":"https:\/\/teiaeducation.ch\/fr\/produit\/plaque-de-cuisson-en-bois-erzi\/","url":"https:\/\/teiaeducation.ch\/fr\/produit\/plaque-de-cuisson-en-bois-erzi\/","name":"Plaque de cuisson en bois - Erzi - Teia Education & Play","isPartOf":{"@id":"https:\/\/teiaeducation.ch\/fr\/#website"},"primaryImageOfPage":{"@id":"https:\/\/teiaeducation.ch\/fr\/produit\/plaque-de-cuisson-en-bois-erzi\/#primaryimage"},"image":{"@id":"https:\/\/teiaeducation.ch\/fr\/produit\/plaque-de-cuisson-en-bois-erzi\/#primaryimage"},"thumbnailUrl":"https:\/\/teiaeducation.ch\/wp-content\/uploads\/2020\/09\/Wooden-role-play-cooking-studio-Erzi-scaled.jpg","datePublished":"2020-09-23T19:44:46+00:00","dateModified":"2021-11-11T08:25:11+00:00","description":"La plaque de cuisson en bois Erzi pour enfants est \u00e0 la fois un gril de table et une plaque chauffante pour faire semblant de cuisiner !","breadcrumb":{"@id":"https:\/\/teiaeducation.ch\/fr\/produit\/plaque-de-cuisson-en-bois-erzi\/#breadcrumb"},"inLanguage":"fr-FR","potentialAction":[{"@type":"ReadAction","target":["https:\/\/teiaeducation.ch\/fr\/produit\/plaque-de-cuisson-en-bois-erzi\/"]}]},{"@type":"ImageObject","inLanguage":"fr-FR","@id":"https:\/\/teiaeducation.ch\/fr\/produit\/plaque-de-cuisson-en-bois-erzi\/#primaryimage","url":"https:\/\/teiaeducation.ch\/wp-content\/uploads\/2020\/09\/Wooden-role-play-cooking-studio-Erzi-scaled.jpg","contentUrl":"https:\/\/teiaeducation.ch\/wp-content\/uploads\/2020\/09\/Wooden-role-play-cooking-studio-Erzi-scaled.jpg","width":900,"height":900,"caption":"Plaque de cuisson en bois pour enfants -\u00a0Erzi"},{"@type":"BreadcrumbList","@id":"https:\/\/teiaeducation.ch\/fr\/produit\/plaque-de-cuisson-en-bois-erzi\/#breadcrumb","itemListElement":[{"@type":"ListItem","position":1,"name":"Home","item":"https:\/\/teiaeducation.ch\/fr\/"},{"@type":"ListItem","position":2,"name":"Boutique Teia Education &amp; Play","item":"https:\/\/teiaeducation.ch\/fr\/boutique\/"},{"@type":"ListItem","position":3,"name":"Nos Marques","item":"https:\/\/teiaeducation.ch\/fr\/categorie-produit\/marques\/"},{"@type":"ListItem","position":4,"name":"Erzi","item":"https:\/\/teiaeducation.ch\/fr\/categorie-produit\/marques\/erzi-fr\/"},{"@type":"ListItem","position":5,"name":"\u00c9piceries, Cuisines &amp; Accessoires","item":"https:\/\/teiaeducation.ch\/fr\/categorie-produit\/marques\/erzi-fr\/epiceries-cuisines-accessoires\/"},{"@type":"ListItem","position":6,"name":"Plaque de cuisson en bois &#8211; Erzi"}]},{"@type":"WebSite","@id":"https:\/\/teiaeducation.ch\/fr\/#website","url":"https:\/\/teiaeducation.ch\/fr\/","name":"Sustainable Educational Products &amp; Ecological Toys\u00a0","description":"Specialised Swiss shop selling sustainable educational toys and games, AMI certified Montessori materials, handmade ecological wooden Waldorf toys and arts &amp; crafts supplies, school supplies, children&#039;s furniture and Montessori reference and parenting books.","publisher":{"@id":"https:\/\/teiaeducation.ch\/fr\/#organization"},"alternateName":"Teia Education & Play","potentialAction":[{"@type":"SearchAction","target":{"@type":"EntryPoint","urlTemplate":"https:\/\/teiaeducation.ch\/fr\/?s={search_term_string}"},"query-input":{"@type":"PropertyValueSpecification","valueRequired":true,"valueName":"search_term_string"}}],"inLanguage":"fr-FR"},{"@type":"Organization","@id":"https:\/\/teiaeducation.ch\/fr\/#organization","name":"Teia Education & Play","url":"https:\/\/teiaeducation.ch\/fr\/","logo":{"@type":"ImageObject","inLanguage":"fr-FR","@id":"https:\/\/teiaeducation.ch\/fr\/#\/schema\/logo\/image\/","url":"https:\/\/teiaeducation.ch\/wp-content\/uploads\/2020\/11\/Teia-Education-Switzerland-e1620156442216.jpg","contentUrl":"https:\/\/teiaeducation.ch\/wp-content\/uploads\/2020\/11\/Teia-Education-Switzerland-e1620156442216.jpg","width":166,"height":145,"caption":"Teia Education & Play"},"image":{"@id":"https:\/\/teiaeducation.ch\/fr\/#\/schema\/logo\/image\/"},"sameAs":["https:\/\/www.facebook.com\/teiaeducation\/","https:\/\/x.com\/EducationTeia","https:\/\/www.instagram.com\/teia.education\/","https:\/\/www.linkedin.com\/company\/35501660","https:\/\/www.pinterest.ch\/TeiaEducation\/"]}]},"product_price_amount":"49.00","product_price_currency":"CHF","og_availability":"instock","product_availability":"instock","product_retailer_item_id":"00000000000000000000000000000000000000000000029132","product_condition":"new"},"_links":{"self":[{"href":"https:\/\/teiaeducation.ch\/fr\/wp-json\/wp\/v2\/product\/40289","targetHints":{"allow":["GET"]}}],"collection":[{"href":"https:\/\/teiaeducation.ch\/fr\/wp-json\/wp\/v2\/product"}],"about":[{"href":"https:\/\/teiaeducation.ch\/fr\/wp-json\/wp\/v2\/types\/product"}],"replies":[{"embeddable":true,"href":"https:\/\/teiaeducation.ch\/fr\/wp-json\/wp\/v2\/comments?post=40289"}],"wp:featuredmedia":[{"embeddable":true,"href":"https:\/\/teiaeducation.ch\/fr\/wp-json\/wp\/v2\/media\/29134"}],"wp:attachment":[{"href":"https:\/\/teiaeducation.ch\/fr\/wp-json\/wp\/v2\/media?parent=40289"}],"wp:term":[{"taxonomy":"product_brand","embeddable":true,"href":"https:\/\/teiaeducation.ch\/fr\/wp-json\/wp\/v2\/product_brand?post=40289"},{"taxonomy":"product_cat","embeddable":true,"href":"https:\/\/teiaeducation.ch\/fr\/wp-json\/wp\/v2\/product_cat?post=40289"},{"taxonomy":"product_tag","embeddable":true,"href":"https:\/\/teiaeducation.ch\/fr\/wp-json\/wp\/v2\/product_tag?post=40289"}],"curies":[{"name":"wp","href":"https:\/\/api.w.org\/{rel}","templated":true}]}}