{"id":40356,"date":"2020-09-23T16:54:34","date_gmt":"2020-09-23T14:54:34","guid":{"rendered":"https:\/\/teiaeducation.ch\/product\/grand-ensemble-de-cuisine-et-de-vaisselle-en-bois-nature-erzi\/"},"modified":"2021-11-10T16:11:33","modified_gmt":"2021-11-10T15:11:33","slug":"grand-ensemble-bois-cuisson-et-vaiselle-nature-erzi","status":"publish","type":"product","link":"https:\/\/teiaeducation.ch\/fr\/produit\/grand-ensemble-bois-cuisson-et-vaiselle-nature-erzi\/","title":{"rendered":"Grand ensemble de vaisselle en bois nature &#8211; Erzi"},"content":{"rendered":"<p>Grand ensemble de cuisine et de vaisselle en bois nature &#8211; Erzi<\/p>\n<p>Cet adorable grand ensemble de cuisine et de vaisselle Erzi en bois est parfait pour un\u00a0<a href=\"https:\/\/teiaeducation.ch\/fr\/categorie-produit\/jouer\/jeu-imaginatif-faire-semblant\/\">jeu de r\u00f4le<\/a> culinaire sans fin dans la cuisine ou le caf\u00e9 de votre enfant !<\/p>\n<p>Tous les \u00e9l\u00e9ments sont joliment fa\u00e7onn\u00e9s en bois de h\u00eatre, avec une agr\u00e9able finition naturelle et des touches d\u00e9coratives color\u00e9es. Ce grand ensemble comprend toutes les casseroles, les bols \u00e0 m\u00e9langer, le service \u00e0 th\u00e9 et la vaisselle dont votre enfant a besoin pour son caf\u00e9, sa cuisine ou son go\u00fbter. Le jeu comprend une grande et une petite marmite avec couvercle, un grand et un petit bol, une th\u00e9i\u00e8re avec couvercle, 4 assiettes, 4 tasses avec soucoupes et 4 couverts.<\/p>\n<p>La gamme compl\u00e8te de produits Erzi porte le sceau distinctif de qualit\u00e9 \u00ab made in Germany \u00bb, provenant, comme il le dit, des montagnes de minerai de l\u2019Allemagne.<\/p>\n<p>Erzi utilise du bois d\u2019origine locale certifi\u00e9 et am\u00e9lior\u00e9 par le label Forest Stewardship Council (FSC) pour la cr\u00e9ation de leurs jouets. Toutes les finitions, telles que les peintures \u00e0 base d\u2019eau et les vernis, ne sont pas toxiques et chaque produit Erzi est conforme au plus haut niveau de s\u00e9curit\u00e9 des jouets. Les produits de jeu et d\u2019apprentissage Erzi de haute qualit\u00e9 se distinguent par une grande diversit\u00e9 de formes et de couleurs naturelles et sont durables et \u00e9cologiques.<\/p>\n<p>Fabriqu\u00e9 en Allemagne \u00e0 partir de bois de h\u00eatre avec une finition naturelle et une laque \u00e0 base d&#8217;eau s\u00fbre et non toxique, le grand ensemble de cuisine et de vaisselle en bois Erzi nature convient aux enfants de 3 ans et plus.<\/p>\n<p>Contenu :<\/p>\n<p>36 pi\u00e8ces en bois &#8211; 1 grand pot avec couvercle, 1 petit pot avec couvercle, 1 grand bol, 1 petit bol, 1 th\u00e9i\u00e8re avec couvercle, 4 assiettes, 4 tasses avec soucoupes, 4 couteaux, 4 fourchettes, 4 cuill\u00e8res, 4 cuill\u00e8res \u00e0 caf\u00e9.<\/p>\n","protected":false},"excerpt":{"rendered":"<p>Num\u00e9ro d&#8217;article: 10677<\/p>\n<p>Cet adorable grand ensemble de cuisine et de vaisselle Erzi en bois nature est parfait pour un\u00a0jeu de r\u00f4le culinaire de votre enfant !<\/p>\n","protected":false},"featured_media":29113,"comment_status":"open","ping_status":"closed","template":"","meta":[],"product_brand":[],"product_cat":[215,216,17210,17209,13130,23020,13139,217,5851,212],"product_tag":[23602,21816,21817,21818,21821,20637,21820,23586,23588,23585,23587,23589,17245,23584,23590,23605,23608,23606,21822,21823,21819,23610,21790,21815,21792,23607,23611,23603,23609],"class_list":{"0":"post-40356","1":"product","2":"type-product","3":"status-publish","4":"has-post-thumbnail","6":"product_cat-3-6-ans","7":"product_cat-6-12-ans","8":"product_cat-epiceries-cuisines-accessoires","9":"product_cat-erzi-fr","10":"product_cat-jouer","11":"product_cat-jouets-en-bois","12":"product_cat-jeu-imaginatif-faire-semblant","13":"product_cat-marques","14":"product_cat-nouveautes","15":"product_cat-tranche-dage","16":"product_tag-educational-toys-fr","17":"product_tag-ensemble-de-cuisine-en-bois-fr","18":"product_tag-ensemble-de-cuisine-en-bois-fr-2","19":"product_tag-ensemble-de-cuisine-en-bois-fr-3","20":"product_tag-ensemble-de-cuisine-et-de-vaisselle-erzi","21":"product_tag-ensemble-de-cuisson-erzi","22":"product_tag-erzi-grand-ensemble-de-cuisine-nature","23":"product_tag-erzi-jouets-fr","24":"product_tag-erzi-jouets-suisse-fr","25":"product_tag-erzi-schweiz-fr","26":"product_tag-erzi-spielzeug-fr","27":"product_tag-erzi-spielzeug-schweiz-fr","28":"product_tag-erzi-suisse-fr-2","29":"product_tag-erzi-switzerland-fr","30":"product_tag-erzi-toys-fr","31":"product_tag-erzi-wooden-toys-fr","32":"product_tag-german-toys-fr","33":"product_tag-german-wooden-toys-fr","34":"product_tag-grand-ensemble-de-plats-erzi","35":"product_tag-grand-ensemble-de-plats-erzi-fr","36":"product_tag-pots-et-casseroles-en-bois-fr","37":"product_tag-pretend-play-toys-fr","38":"product_tag-service-a-the-en-bois","39":"product_tag-service-a-the-en-bois-fr","40":"product_tag-service-de-vaisselle-erzi","41":"product_tag-toys-made-in-germany-fr","42":"product_tag-wooden-play-kitchen-fr","43":"product_tag-wooden-toys-fr","44":"product_tag-wooden-toys-made-in-germany-fr","46":"first","47":"instock","48":"taxable","49":"shipping-taxable","50":"purchasable","51":"product-type-simple"},"yoast_head":"<!-- This site is optimized with the Yoast SEO plugin v27.3 - https:\/\/yoast.com\/product\/yoast-seo-wordpress\/ -->\n<title>Grand ensemble de vaisselle en bois nature - Erzi - Teia Education &amp; Play<\/title>\n<meta name=\"description\" content=\"Cet adorable grand ensemble de cuisine et de vaisselle Erzi en bois nature est parfait pour un\u00a0jeu de r\u00f4le culinaire de votre enfant !\" \/>\n<meta name=\"robots\" content=\"index, follow, max-snippet:-1, max-image-preview:large, max-video-preview:-1\" \/>\n<link rel=\"canonical\" href=\"https:\/\/teiaeducation.ch\/fr\/produit\/grand-ensemble-bois-cuisson-et-vaiselle-nature-erzi\/\" \/>\n<meta property=\"og:locale\" content=\"fr_FR\" \/>\n<meta property=\"og:type\" content=\"article\" \/>\n<meta property=\"og:title\" content=\"Grand ensemble de vaisselle en bois nature - Erzi - Teia Education &amp; Play\" \/>\n<meta property=\"og:description\" content=\"Cet adorable grand ensemble de cuisine et de vaisselle Erzi en bois nature est parfait pour un\u00a0jeu de r\u00f4le culinaire de votre enfant !\" \/>\n<meta property=\"og:url\" content=\"https:\/\/teiaeducation.ch\/fr\/produit\/grand-ensemble-bois-cuisson-et-vaiselle-nature-erzi\/\" \/>\n<meta property=\"og:site_name\" content=\"Sustainable Educational Products &amp; Ecological Toys\u00a0\" \/>\n<meta property=\"article:publisher\" content=\"https:\/\/www.facebook.com\/teiaeducation\/\" \/>\n<meta property=\"article:modified_time\" content=\"2021-11-10T15:11:33+00:00\" \/>\n<meta property=\"og:image\" content=\"https:\/\/teiaeducation.ch\/wp-content\/uploads\/2020\/09\/Wooden-large-cooking-and-crockery-set-nature-Erzi-scaled.jpg\" \/>\n\t<meta property=\"og:image:width\" content=\"900\" \/>\n\t<meta property=\"og:image:height\" content=\"900\" \/>\n\t<meta property=\"og:image:type\" content=\"image\/jpeg\" \/>\n<script type=\"application\/ld+json\" class=\"yoast-schema-graph\">{\"@context\":\"https:\\\/\\\/schema.org\",\"@graph\":[{\"@type\":\"WebPage\",\"@id\":\"https:\\\/\\\/teiaeducation.ch\\\/fr\\\/produit\\\/grand-ensemble-bois-cuisson-et-vaiselle-nature-erzi\\\/\",\"url\":\"https:\\\/\\\/teiaeducation.ch\\\/fr\\\/produit\\\/grand-ensemble-bois-cuisson-et-vaiselle-nature-erzi\\\/\",\"name\":\"Grand ensemble de vaisselle en bois nature - Erzi - Teia Education & Play\",\"isPartOf\":{\"@id\":\"https:\\\/\\\/teiaeducation.ch\\\/fr\\\/#website\"},\"primaryImageOfPage\":{\"@id\":\"https:\\\/\\\/teiaeducation.ch\\\/fr\\\/produit\\\/grand-ensemble-bois-cuisson-et-vaiselle-nature-erzi\\\/#primaryimage\"},\"image\":{\"@id\":\"https:\\\/\\\/teiaeducation.ch\\\/fr\\\/produit\\\/grand-ensemble-bois-cuisson-et-vaiselle-nature-erzi\\\/#primaryimage\"},\"thumbnailUrl\":\"https:\\\/\\\/teiaeducation.ch\\\/wp-content\\\/uploads\\\/2020\\\/09\\\/Wooden-large-cooking-and-crockery-set-nature-Erzi-scaled.jpg\",\"datePublished\":\"2020-09-23T14:54:34+00:00\",\"dateModified\":\"2021-11-10T15:11:33+00:00\",\"description\":\"Cet adorable grand ensemble de cuisine et de vaisselle Erzi en bois nature est parfait pour un\u00a0jeu de r\u00f4le culinaire de votre enfant !\",\"breadcrumb\":{\"@id\":\"https:\\\/\\\/teiaeducation.ch\\\/fr\\\/produit\\\/grand-ensemble-bois-cuisson-et-vaiselle-nature-erzi\\\/#breadcrumb\"},\"inLanguage\":\"fr-FR\",\"potentialAction\":[{\"@type\":\"ReadAction\",\"target\":[\"https:\\\/\\\/teiaeducation.ch\\\/fr\\\/produit\\\/grand-ensemble-bois-cuisson-et-vaiselle-nature-erzi\\\/\"]}]},{\"@type\":\"ImageObject\",\"inLanguage\":\"fr-FR\",\"@id\":\"https:\\\/\\\/teiaeducation.ch\\\/fr\\\/produit\\\/grand-ensemble-bois-cuisson-et-vaiselle-nature-erzi\\\/#primaryimage\",\"url\":\"https:\\\/\\\/teiaeducation.ch\\\/wp-content\\\/uploads\\\/2020\\\/09\\\/Wooden-large-cooking-and-crockery-set-nature-Erzi-scaled.jpg\",\"contentUrl\":\"https:\\\/\\\/teiaeducation.ch\\\/wp-content\\\/uploads\\\/2020\\\/09\\\/Wooden-large-cooking-and-crockery-set-nature-Erzi-scaled.jpg\",\"width\":900,\"height\":900,\"caption\":\"Grand ensemble de cuisine et de vaisselle en bois nature - Erzi\"},{\"@type\":\"BreadcrumbList\",\"@id\":\"https:\\\/\\\/teiaeducation.ch\\\/fr\\\/produit\\\/grand-ensemble-bois-cuisson-et-vaiselle-nature-erzi\\\/#breadcrumb\",\"itemListElement\":[{\"@type\":\"ListItem\",\"position\":1,\"name\":\"Home\",\"item\":\"https:\\\/\\\/teiaeducation.ch\\\/fr\\\/\"},{\"@type\":\"ListItem\",\"position\":2,\"name\":\"Boutique Teia Education &amp; Play\",\"item\":\"https:\\\/\\\/teiaeducation.ch\\\/fr\\\/boutique\\\/\"},{\"@type\":\"ListItem\",\"position\":3,\"name\":\"Nos Marques\",\"item\":\"https:\\\/\\\/teiaeducation.ch\\\/fr\\\/categorie-produit\\\/marques\\\/\"},{\"@type\":\"ListItem\",\"position\":4,\"name\":\"Erzi\",\"item\":\"https:\\\/\\\/teiaeducation.ch\\\/fr\\\/categorie-produit\\\/marques\\\/erzi-fr\\\/\"},{\"@type\":\"ListItem\",\"position\":5,\"name\":\"\u00c9piceries, Cuisines &amp; Accessoires\",\"item\":\"https:\\\/\\\/teiaeducation.ch\\\/fr\\\/categorie-produit\\\/marques\\\/erzi-fr\\\/epiceries-cuisines-accessoires\\\/\"},{\"@type\":\"ListItem\",\"position\":6,\"name\":\"Grand ensemble de vaisselle en bois nature &#8211; Erzi\"}]},{\"@type\":\"WebSite\",\"@id\":\"https:\\\/\\\/teiaeducation.ch\\\/fr\\\/#website\",\"url\":\"https:\\\/\\\/teiaeducation.ch\\\/fr\\\/\",\"name\":\"Sustainable Educational Products &amp; Ecological Toys\u00a0\",\"description\":\"Specialised Swiss shop selling sustainable educational toys and games, AMI certified Montessori materials, handmade ecological wooden Waldorf toys and arts &amp; crafts supplies, school supplies, children&#039;s furniture and Montessori reference and parenting books.\",\"publisher\":{\"@id\":\"https:\\\/\\\/teiaeducation.ch\\\/fr\\\/#organization\"},\"alternateName\":\"Teia Education & Play\",\"potentialAction\":[{\"@type\":\"SearchAction\",\"target\":{\"@type\":\"EntryPoint\",\"urlTemplate\":\"https:\\\/\\\/teiaeducation.ch\\\/fr\\\/?s={search_term_string}\"},\"query-input\":{\"@type\":\"PropertyValueSpecification\",\"valueRequired\":true,\"valueName\":\"search_term_string\"}}],\"inLanguage\":\"fr-FR\"},{\"@type\":\"Organization\",\"@id\":\"https:\\\/\\\/teiaeducation.ch\\\/fr\\\/#organization\",\"name\":\"Teia Education & Play\",\"url\":\"https:\\\/\\\/teiaeducation.ch\\\/fr\\\/\",\"logo\":{\"@type\":\"ImageObject\",\"inLanguage\":\"fr-FR\",\"@id\":\"https:\\\/\\\/teiaeducation.ch\\\/fr\\\/#\\\/schema\\\/logo\\\/image\\\/\",\"url\":\"https:\\\/\\\/teiaeducation.ch\\\/wp-content\\\/uploads\\\/2020\\\/11\\\/Teia-Education-Switzerland-e1620156442216.jpg\",\"contentUrl\":\"https:\\\/\\\/teiaeducation.ch\\\/wp-content\\\/uploads\\\/2020\\\/11\\\/Teia-Education-Switzerland-e1620156442216.jpg\",\"width\":166,\"height\":145,\"caption\":\"Teia Education & Play\"},\"image\":{\"@id\":\"https:\\\/\\\/teiaeducation.ch\\\/fr\\\/#\\\/schema\\\/logo\\\/image\\\/\"},\"sameAs\":[\"https:\\\/\\\/www.facebook.com\\\/teiaeducation\\\/\",\"https:\\\/\\\/x.com\\\/EducationTeia\",\"https:\\\/\\\/www.instagram.com\\\/teia.education\\\/\",\"https:\\\/\\\/www.linkedin.com\\\/company\\\/35501660\",\"https:\\\/\\\/www.pinterest.ch\\\/TeiaEducation\\\/\"]}]}<\/script>\n<!-- \/ Yoast SEO plugin. -->","yoast_head_json":{"title":"Grand ensemble de vaisselle en bois nature - Erzi - Teia Education & Play","description":"Cet adorable grand ensemble de cuisine et de vaisselle Erzi en bois nature est parfait pour un\u00a0jeu de r\u00f4le culinaire de votre enfant !","robots":{"index":"index","follow":"follow","max-snippet":"max-snippet:-1","max-image-preview":"max-image-preview:large","max-video-preview":"max-video-preview:-1"},"canonical":"https:\/\/teiaeducation.ch\/fr\/produit\/grand-ensemble-bois-cuisson-et-vaiselle-nature-erzi\/","og_locale":"fr_FR","og_type":"article","og_title":"Grand ensemble de vaisselle en bois nature - Erzi - Teia Education & Play","og_description":"Cet adorable grand ensemble de cuisine et de vaisselle Erzi en bois nature est parfait pour un\u00a0jeu de r\u00f4le culinaire de votre enfant !","og_url":"https:\/\/teiaeducation.ch\/fr\/produit\/grand-ensemble-bois-cuisson-et-vaiselle-nature-erzi\/","og_site_name":"Sustainable Educational Products &amp; Ecological Toys\u00a0","article_publisher":"https:\/\/www.facebook.com\/teiaeducation\/","article_modified_time":"2021-11-10T15:11:33+00:00","og_image":[{"width":900,"height":900,"url":"https:\/\/teiaeducation.ch\/wp-content\/uploads\/2020\/09\/Wooden-large-cooking-and-crockery-set-nature-Erzi-scaled.jpg","type":"image\/jpeg"}],"schema":{"@context":"https:\/\/schema.org","@graph":[{"@type":"WebPage","@id":"https:\/\/teiaeducation.ch\/fr\/produit\/grand-ensemble-bois-cuisson-et-vaiselle-nature-erzi\/","url":"https:\/\/teiaeducation.ch\/fr\/produit\/grand-ensemble-bois-cuisson-et-vaiselle-nature-erzi\/","name":"Grand ensemble de vaisselle en bois nature - Erzi - Teia Education & Play","isPartOf":{"@id":"https:\/\/teiaeducation.ch\/fr\/#website"},"primaryImageOfPage":{"@id":"https:\/\/teiaeducation.ch\/fr\/produit\/grand-ensemble-bois-cuisson-et-vaiselle-nature-erzi\/#primaryimage"},"image":{"@id":"https:\/\/teiaeducation.ch\/fr\/produit\/grand-ensemble-bois-cuisson-et-vaiselle-nature-erzi\/#primaryimage"},"thumbnailUrl":"https:\/\/teiaeducation.ch\/wp-content\/uploads\/2020\/09\/Wooden-large-cooking-and-crockery-set-nature-Erzi-scaled.jpg","datePublished":"2020-09-23T14:54:34+00:00","dateModified":"2021-11-10T15:11:33+00:00","description":"Cet adorable grand ensemble de cuisine et de vaisselle Erzi en bois nature est parfait pour un\u00a0jeu de r\u00f4le culinaire de votre enfant !","breadcrumb":{"@id":"https:\/\/teiaeducation.ch\/fr\/produit\/grand-ensemble-bois-cuisson-et-vaiselle-nature-erzi\/#breadcrumb"},"inLanguage":"fr-FR","potentialAction":[{"@type":"ReadAction","target":["https:\/\/teiaeducation.ch\/fr\/produit\/grand-ensemble-bois-cuisson-et-vaiselle-nature-erzi\/"]}]},{"@type":"ImageObject","inLanguage":"fr-FR","@id":"https:\/\/teiaeducation.ch\/fr\/produit\/grand-ensemble-bois-cuisson-et-vaiselle-nature-erzi\/#primaryimage","url":"https:\/\/teiaeducation.ch\/wp-content\/uploads\/2020\/09\/Wooden-large-cooking-and-crockery-set-nature-Erzi-scaled.jpg","contentUrl":"https:\/\/teiaeducation.ch\/wp-content\/uploads\/2020\/09\/Wooden-large-cooking-and-crockery-set-nature-Erzi-scaled.jpg","width":900,"height":900,"caption":"Grand ensemble de cuisine et de vaisselle en bois nature - Erzi"},{"@type":"BreadcrumbList","@id":"https:\/\/teiaeducation.ch\/fr\/produit\/grand-ensemble-bois-cuisson-et-vaiselle-nature-erzi\/#breadcrumb","itemListElement":[{"@type":"ListItem","position":1,"name":"Home","item":"https:\/\/teiaeducation.ch\/fr\/"},{"@type":"ListItem","position":2,"name":"Boutique Teia Education &amp; Play","item":"https:\/\/teiaeducation.ch\/fr\/boutique\/"},{"@type":"ListItem","position":3,"name":"Nos Marques","item":"https:\/\/teiaeducation.ch\/fr\/categorie-produit\/marques\/"},{"@type":"ListItem","position":4,"name":"Erzi","item":"https:\/\/teiaeducation.ch\/fr\/categorie-produit\/marques\/erzi-fr\/"},{"@type":"ListItem","position":5,"name":"\u00c9piceries, Cuisines &amp; Accessoires","item":"https:\/\/teiaeducation.ch\/fr\/categorie-produit\/marques\/erzi-fr\/epiceries-cuisines-accessoires\/"},{"@type":"ListItem","position":6,"name":"Grand ensemble de vaisselle en bois nature &#8211; Erzi"}]},{"@type":"WebSite","@id":"https:\/\/teiaeducation.ch\/fr\/#website","url":"https:\/\/teiaeducation.ch\/fr\/","name":"Sustainable Educational Products &amp; Ecological Toys\u00a0","description":"Specialised Swiss shop selling sustainable educational toys and games, AMI certified Montessori materials, handmade ecological wooden Waldorf toys and arts &amp; crafts supplies, school supplies, children&#039;s furniture and Montessori reference and parenting books.","publisher":{"@id":"https:\/\/teiaeducation.ch\/fr\/#organization"},"alternateName":"Teia Education & Play","potentialAction":[{"@type":"SearchAction","target":{"@type":"EntryPoint","urlTemplate":"https:\/\/teiaeducation.ch\/fr\/?s={search_term_string}"},"query-input":{"@type":"PropertyValueSpecification","valueRequired":true,"valueName":"search_term_string"}}],"inLanguage":"fr-FR"},{"@type":"Organization","@id":"https:\/\/teiaeducation.ch\/fr\/#organization","name":"Teia Education & Play","url":"https:\/\/teiaeducation.ch\/fr\/","logo":{"@type":"ImageObject","inLanguage":"fr-FR","@id":"https:\/\/teiaeducation.ch\/fr\/#\/schema\/logo\/image\/","url":"https:\/\/teiaeducation.ch\/wp-content\/uploads\/2020\/11\/Teia-Education-Switzerland-e1620156442216.jpg","contentUrl":"https:\/\/teiaeducation.ch\/wp-content\/uploads\/2020\/11\/Teia-Education-Switzerland-e1620156442216.jpg","width":166,"height":145,"caption":"Teia Education & Play"},"image":{"@id":"https:\/\/teiaeducation.ch\/fr\/#\/schema\/logo\/image\/"},"sameAs":["https:\/\/www.facebook.com\/teiaeducation\/","https:\/\/x.com\/EducationTeia","https:\/\/www.instagram.com\/teia.education\/","https:\/\/www.linkedin.com\/company\/35501660","https:\/\/www.pinterest.ch\/TeiaEducation\/"]}]}},"_links":{"self":[{"href":"https:\/\/teiaeducation.ch\/fr\/wp-json\/wp\/v2\/product\/40356","targetHints":{"allow":["GET"]}}],"collection":[{"href":"https:\/\/teiaeducation.ch\/fr\/wp-json\/wp\/v2\/product"}],"about":[{"href":"https:\/\/teiaeducation.ch\/fr\/wp-json\/wp\/v2\/types\/product"}],"replies":[{"embeddable":true,"href":"https:\/\/teiaeducation.ch\/fr\/wp-json\/wp\/v2\/comments?post=40356"}],"wp:featuredmedia":[{"embeddable":true,"href":"https:\/\/teiaeducation.ch\/fr\/wp-json\/wp\/v2\/media\/29113"}],"wp:attachment":[{"href":"https:\/\/teiaeducation.ch\/fr\/wp-json\/wp\/v2\/media?parent=40356"}],"wp:term":[{"taxonomy":"product_brand","embeddable":true,"href":"https:\/\/teiaeducation.ch\/fr\/wp-json\/wp\/v2\/product_brand?post=40356"},{"taxonomy":"product_cat","embeddable":true,"href":"https:\/\/teiaeducation.ch\/fr\/wp-json\/wp\/v2\/product_cat?post=40356"},{"taxonomy":"product_tag","embeddable":true,"href":"https:\/\/teiaeducation.ch\/fr\/wp-json\/wp\/v2\/product_tag?post=40356"}],"curies":[{"name":"wp","href":"https:\/\/api.w.org\/{rel}","templated":true}]}}