{"id":40361,"date":"2020-09-11T14:26:32","date_gmt":"2020-09-11T12:26:32","guid":{"rendered":"https:\/\/teiaeducation.ch\/product\/caisse-enregistreuse-en-bois-erzi\/"},"modified":"2021-11-10T14:59:32","modified_gmt":"2021-11-10T13:59:32","slug":"caisse-enregistreuse-bois-erzi","status":"publish","type":"product","link":"https:\/\/teiaeducation.ch\/fr\/produit\/caisse-enregistreuse-bois-erzi\/","title":{"rendered":"Caisse enregistreuse en bois &#8211; Erzi"},"content":{"rendered":"<p>Caisse enregistreuse en bois &#8211; Erzi<\/p>\n<p>Cette caisse enregistreuse Erzi en bois, moderne et color\u00e9e, est parfaite pour jouer \u00e0 la marchande ! Elle est dot\u00e9 d&#8217;un clavier et d&#8217;un \u00e9cran imprim\u00e9, d&#8217;un compartiment pour l&#8217;argent virtuel ainsi que d&#8217;un lecteur de carte EC s\u00e9par\u00e9 et d&#8217;une carte de cr\u00e9dit \u00e0 glisser pour un jeu de r\u00f4le sans fin dans le <a href=\"https:\/\/teiaeducation.ch\/fr\/produit\/epicerie-en-bois-supermarche-erzi\/\">magasin<\/a> imaginaire de votre enfant. La caisse enregistreuse est parfaite pour jouer \u00e0 la marchande avec <a href=\"https:\/\/teiaeducation.ch\/fr\/produit\/argent-de-jeu-erzi\/\">l&#8217;argent de jeu<\/a>, l&#8217;aliment de jeu en bois r\u00e9aliste d&#8217;Erzi.<\/p>\n<p>La caisse enregistreuse mesure 14 x 16,8 x 6 cm et est fabriqu\u00e9e en Allemagne \u00e0 partir de bois de bouleau et finie avec une peinture \u00e0 base d&#8217;eau s\u00fbre et non toxique et une impression color\u00e9e.<\/p>\n<p>La gamme compl\u00e8te de produits Erzi porte le sceau distinctif de qualit\u00e9 \u00ab made in Germany \u00bb, provenant, comme il le dit, des montagnes de minerai de l\u2019Allemagne.<\/p>\n<p>Erzi utilise du bois d\u2019origine locale certifi\u00e9 et am\u00e9lior\u00e9 par le label Forest Stewardship Council (FSC) pour la cr\u00e9ation de leurs jouets. Toutes les finitions, telles que les peintures \u00e0 base d\u2019eau et les vernis, ne sont pas toxiques et chaque produit Erzi est conforme au plus haut niveau de s\u00e9curit\u00e9 des jouets. Les produits de jeu et d&#8217;apprentissage de haute qualit\u00e9 de la marque se distinguent par une grande diversit\u00e9 de formes et de couleurs naturelles et sont durables.<\/p>\n<p>Ce jouet Erzi convient aux enfants de 3 ans et plus.<\/p>\n<p>Contenu :<\/p>\n<p>1 caisse enregistreuse en bois<br \/>\n1 lecteur de cartes en bois<br \/>\n1 carte en bois<\/p>\n","protected":false},"excerpt":{"rendered":"<p>Num\u00e9ro d&#8217;article: 10543<\/p>\n<p>Cette caisse enregistreuse Erzi en bois, dot\u00e9 d&#8217;un clavier et d&#8217;un compartiment pour l&#8217;argent est parfaite pour jouer \u00e0 la marchande !<\/p>\n","protected":false},"featured_media":29081,"comment_status":"open","ping_status":"closed","template":"","meta":[],"product_brand":[],"product_cat":[215,216,283,17210,17209,13130,23020,13139,288,217,5851,212],"product_tag":[21862,21860,21858,7960,23602,21857,23586,23588,23585,23587,23589,17245,23584,21859,23590,23605,23608,23606,21861,21832,23610,23607,23604,23603,23609],"class_list":{"0":"post-40361","1":"product","2":"type-product","3":"status-publish","4":"has-post-thumbnail","6":"product_cat-3-6-ans","7":"product_cat-6-12-ans","8":"product_cat-domaines-du-curriculum","9":"product_cat-epiceries-cuisines-accessoires","10":"product_cat-erzi-fr","11":"product_cat-jouer","12":"product_cat-jouets-en-bois","13":"product_cat-jeu-imaginatif-faire-semblant","14":"product_cat-mathematiques-calcul","15":"product_cat-marques","16":"product_cat-nouveautes","17":"product_cat-tranche-dage","18":"product_tag-accessoires-de-magasin-en-bois","19":"product_tag-caisse-en-bois","20":"product_tag-caisse-en-bois-erzi","21":"product_tag-caisse-enregistreuse-en-bois","22":"product_tag-educational-toys-fr","23":"product_tag-erzi-caisse-enregistreuse","24":"product_tag-erzi-jouets-fr","25":"product_tag-erzi-jouets-suisse-fr","26":"product_tag-erzi-schweiz-fr","27":"product_tag-erzi-spielzeug-fr","28":"product_tag-erzi-spielzeug-schweiz-fr","29":"product_tag-erzi-suisse-fr-2","30":"product_tag-erzi-switzerland-fr","31":"product_tag-erzi-till-fr","32":"product_tag-erzi-toys-fr","33":"product_tag-erzi-wooden-toys-fr","34":"product_tag-german-toys-fr","35":"product_tag-german-wooden-toys-fr","36":"product_tag-jouets-en-bois-pour-faire-semblant","37":"product_tag-magasin-en-bois","38":"product_tag-pretend-play-toys-fr","39":"product_tag-toys-made-in-germany-fr","40":"product_tag-wooden-play-shop-fr","41":"product_tag-wooden-toys-fr","42":"product_tag-wooden-toys-made-in-germany-fr","44":"first","45":"instock","46":"taxable","47":"shipping-taxable","48":"purchasable","49":"product-type-simple"},"yoast_head":"<!-- This site is optimized with the Yoast SEO plugin v27.1.1 - https:\/\/yoast.com\/product\/yoast-seo-wordpress\/ -->\n<title>Caisse enregistreuse en bois - Erzi - Teia Education &amp; Play<\/title>\n<meta name=\"description\" content=\"Cette caisse enregistreuse Erzi en bois, dot\u00e9 d&#039;un clavier et d&#039;un compartiment pour l&#039;argent est parfaite pour jouer \u00e0 la marchande !\" \/>\n<meta name=\"robots\" content=\"index, follow, max-snippet:-1, max-image-preview:large, max-video-preview:-1\" \/>\n<link rel=\"canonical\" href=\"https:\/\/teiaeducation.ch\/fr\/produit\/caisse-enregistreuse-bois-erzi\/\" \/>\n<meta property=\"og:locale\" content=\"fr_FR\" \/>\n<meta property=\"og:type\" content=\"article\" \/>\n<meta property=\"og:title\" content=\"Caisse enregistreuse en bois - Erzi - Teia Education &amp; Play\" \/>\n<meta property=\"og:description\" content=\"Cette caisse enregistreuse Erzi en bois, dot\u00e9 d&#039;un clavier et d&#039;un compartiment pour l&#039;argent est parfaite pour jouer \u00e0 la marchande !\" \/>\n<meta property=\"og:url\" content=\"https:\/\/teiaeducation.ch\/fr\/produit\/caisse-enregistreuse-bois-erzi\/\" \/>\n<meta property=\"og:site_name\" content=\"Sustainable Educational Products &amp; Ecological Toys\u00a0\" \/>\n<meta property=\"article:publisher\" content=\"https:\/\/www.facebook.com\/teiaeducation\/\" \/>\n<meta property=\"article:modified_time\" content=\"2021-11-10T13:59:32+00:00\" \/>\n<meta property=\"og:image\" content=\"https:\/\/teiaeducation.ch\/wp-content\/uploads\/2020\/09\/Wooden-cash-register-Erzi-scaled.jpg\" \/>\n\t<meta property=\"og:image:width\" content=\"900\" \/>\n\t<meta property=\"og:image:height\" content=\"900\" \/>\n\t<meta property=\"og:image:type\" content=\"image\/jpeg\" \/>\n<script type=\"application\/ld+json\" class=\"yoast-schema-graph\">{\"@context\":\"https:\/\/schema.org\",\"@graph\":[{\"@type\":\"WebPage\",\"@id\":\"https:\/\/teiaeducation.ch\/fr\/produit\/caisse-enregistreuse-bois-erzi\/\",\"url\":\"https:\/\/teiaeducation.ch\/fr\/produit\/caisse-enregistreuse-bois-erzi\/\",\"name\":\"Caisse enregistreuse en bois - Erzi - Teia Education & Play\",\"isPartOf\":{\"@id\":\"https:\/\/teiaeducation.ch\/fr\/#website\"},\"primaryImageOfPage\":{\"@id\":\"https:\/\/teiaeducation.ch\/fr\/produit\/caisse-enregistreuse-bois-erzi\/#primaryimage\"},\"image\":{\"@id\":\"https:\/\/teiaeducation.ch\/fr\/produit\/caisse-enregistreuse-bois-erzi\/#primaryimage\"},\"thumbnailUrl\":\"https:\/\/teiaeducation.ch\/wp-content\/uploads\/2020\/09\/Wooden-cash-register-Erzi-scaled.jpg\",\"datePublished\":\"2020-09-11T12:26:32+00:00\",\"dateModified\":\"2021-11-10T13:59:32+00:00\",\"description\":\"Cette caisse enregistreuse Erzi en bois, dot\u00e9 d'un clavier et d'un compartiment pour l'argent est parfaite pour jouer \u00e0 la marchande !\",\"breadcrumb\":{\"@id\":\"https:\/\/teiaeducation.ch\/fr\/produit\/caisse-enregistreuse-bois-erzi\/#breadcrumb\"},\"inLanguage\":\"fr-FR\",\"potentialAction\":[{\"@type\":\"ReadAction\",\"target\":[\"https:\/\/teiaeducation.ch\/fr\/produit\/caisse-enregistreuse-bois-erzi\/\"]}]},{\"@type\":\"ImageObject\",\"inLanguage\":\"fr-FR\",\"@id\":\"https:\/\/teiaeducation.ch\/fr\/produit\/caisse-enregistreuse-bois-erzi\/#primaryimage\",\"url\":\"https:\/\/teiaeducation.ch\/wp-content\/uploads\/2020\/09\/Wooden-cash-register-Erzi-scaled.jpg\",\"contentUrl\":\"https:\/\/teiaeducation.ch\/wp-content\/uploads\/2020\/09\/Wooden-cash-register-Erzi-scaled.jpg\",\"width\":900,\"height\":900,\"caption\":\"caisse enregistreuse en bois - Erzi\"},{\"@type\":\"BreadcrumbList\",\"@id\":\"https:\/\/teiaeducation.ch\/fr\/produit\/caisse-enregistreuse-bois-erzi\/#breadcrumb\",\"itemListElement\":[{\"@type\":\"ListItem\",\"position\":1,\"name\":\"Home\",\"item\":\"https:\/\/teiaeducation.ch\/fr\/\"},{\"@type\":\"ListItem\",\"position\":2,\"name\":\"Boutique Teia Education &amp; Play\",\"item\":\"https:\/\/teiaeducation.ch\/fr\/boutique\/\"},{\"@type\":\"ListItem\",\"position\":3,\"name\":\"Nos Marques\",\"item\":\"https:\/\/teiaeducation.ch\/fr\/categorie-produit\/marques\/\"},{\"@type\":\"ListItem\",\"position\":4,\"name\":\"Erzi\",\"item\":\"https:\/\/teiaeducation.ch\/fr\/categorie-produit\/marques\/erzi-fr\/\"},{\"@type\":\"ListItem\",\"position\":5,\"name\":\"\u00c9piceries, Cuisines &amp; Accessoires\",\"item\":\"https:\/\/teiaeducation.ch\/fr\/categorie-produit\/marques\/erzi-fr\/epiceries-cuisines-accessoires\/\"},{\"@type\":\"ListItem\",\"position\":6,\"name\":\"Caisse enregistreuse en bois &#8211; Erzi\"}]},{\"@type\":\"WebSite\",\"@id\":\"https:\/\/teiaeducation.ch\/fr\/#website\",\"url\":\"https:\/\/teiaeducation.ch\/fr\/\",\"name\":\"Sustainable Educational Products &amp; Ecological Toys\u00a0\",\"description\":\"Specialised Swiss shop selling sustainable educational toys and games, AMI certified Montessori materials, handmade ecological wooden Waldorf toys and arts &amp; crafts supplies, school supplies, children&#039;s furniture and Montessori reference and parenting books.\",\"publisher\":{\"@id\":\"https:\/\/teiaeducation.ch\/fr\/#organization\"},\"alternateName\":\"Teia Education & Play\",\"potentialAction\":[{\"@type\":\"SearchAction\",\"target\":{\"@type\":\"EntryPoint\",\"urlTemplate\":\"https:\/\/teiaeducation.ch\/fr\/?s={search_term_string}\"},\"query-input\":{\"@type\":\"PropertyValueSpecification\",\"valueRequired\":true,\"valueName\":\"search_term_string\"}}],\"inLanguage\":\"fr-FR\"},{\"@type\":\"Organization\",\"@id\":\"https:\/\/teiaeducation.ch\/fr\/#organization\",\"name\":\"Teia Education & Play\",\"url\":\"https:\/\/teiaeducation.ch\/fr\/\",\"logo\":{\"@type\":\"ImageObject\",\"inLanguage\":\"fr-FR\",\"@id\":\"https:\/\/teiaeducation.ch\/fr\/#\/schema\/logo\/image\/\",\"url\":\"https:\/\/teiaeducation.ch\/wp-content\/uploads\/2020\/11\/Teia-Education-Switzerland-e1620156442216.jpg\",\"contentUrl\":\"https:\/\/teiaeducation.ch\/wp-content\/uploads\/2020\/11\/Teia-Education-Switzerland-e1620156442216.jpg\",\"width\":166,\"height\":145,\"caption\":\"Teia Education & Play\"},\"image\":{\"@id\":\"https:\/\/teiaeducation.ch\/fr\/#\/schema\/logo\/image\/\"},\"sameAs\":[\"https:\/\/www.facebook.com\/teiaeducation\/\",\"https:\/\/x.com\/EducationTeia\",\"https:\/\/www.instagram.com\/teia.education\/\",\"https:\/\/www.linkedin.com\/company\/35501660\",\"https:\/\/www.pinterest.ch\/TeiaEducation\/\"]}]}<\/script>\n<!-- \/ Yoast SEO plugin. -->","yoast_head_json":{"title":"Caisse enregistreuse en bois - Erzi - Teia Education & Play","description":"Cette caisse enregistreuse Erzi en bois, dot\u00e9 d'un clavier et d'un compartiment pour l'argent est parfaite pour jouer \u00e0 la marchande !","robots":{"index":"index","follow":"follow","max-snippet":"max-snippet:-1","max-image-preview":"max-image-preview:large","max-video-preview":"max-video-preview:-1"},"canonical":"https:\/\/teiaeducation.ch\/fr\/produit\/caisse-enregistreuse-bois-erzi\/","og_locale":"fr_FR","og_type":"article","og_title":"Caisse enregistreuse en bois - Erzi - Teia Education & Play","og_description":"Cette caisse enregistreuse Erzi en bois, dot\u00e9 d'un clavier et d'un compartiment pour l'argent est parfaite pour jouer \u00e0 la marchande !","og_url":"https:\/\/teiaeducation.ch\/fr\/produit\/caisse-enregistreuse-bois-erzi\/","og_site_name":"Sustainable Educational Products &amp; Ecological Toys\u00a0","article_publisher":"https:\/\/www.facebook.com\/teiaeducation\/","article_modified_time":"2021-11-10T13:59:32+00:00","og_image":[{"width":900,"height":900,"url":"https:\/\/teiaeducation.ch\/wp-content\/uploads\/2020\/09\/Wooden-cash-register-Erzi-scaled.jpg","type":"image\/jpeg"}],"schema":{"@context":"https:\/\/schema.org","@graph":[{"@type":"WebPage","@id":"https:\/\/teiaeducation.ch\/fr\/produit\/caisse-enregistreuse-bois-erzi\/","url":"https:\/\/teiaeducation.ch\/fr\/produit\/caisse-enregistreuse-bois-erzi\/","name":"Caisse enregistreuse en bois - Erzi - Teia Education & Play","isPartOf":{"@id":"https:\/\/teiaeducation.ch\/fr\/#website"},"primaryImageOfPage":{"@id":"https:\/\/teiaeducation.ch\/fr\/produit\/caisse-enregistreuse-bois-erzi\/#primaryimage"},"image":{"@id":"https:\/\/teiaeducation.ch\/fr\/produit\/caisse-enregistreuse-bois-erzi\/#primaryimage"},"thumbnailUrl":"https:\/\/teiaeducation.ch\/wp-content\/uploads\/2020\/09\/Wooden-cash-register-Erzi-scaled.jpg","datePublished":"2020-09-11T12:26:32+00:00","dateModified":"2021-11-10T13:59:32+00:00","description":"Cette caisse enregistreuse Erzi en bois, dot\u00e9 d'un clavier et d'un compartiment pour l'argent est parfaite pour jouer \u00e0 la marchande !","breadcrumb":{"@id":"https:\/\/teiaeducation.ch\/fr\/produit\/caisse-enregistreuse-bois-erzi\/#breadcrumb"},"inLanguage":"fr-FR","potentialAction":[{"@type":"ReadAction","target":["https:\/\/teiaeducation.ch\/fr\/produit\/caisse-enregistreuse-bois-erzi\/"]}]},{"@type":"ImageObject","inLanguage":"fr-FR","@id":"https:\/\/teiaeducation.ch\/fr\/produit\/caisse-enregistreuse-bois-erzi\/#primaryimage","url":"https:\/\/teiaeducation.ch\/wp-content\/uploads\/2020\/09\/Wooden-cash-register-Erzi-scaled.jpg","contentUrl":"https:\/\/teiaeducation.ch\/wp-content\/uploads\/2020\/09\/Wooden-cash-register-Erzi-scaled.jpg","width":900,"height":900,"caption":"caisse enregistreuse en bois - Erzi"},{"@type":"BreadcrumbList","@id":"https:\/\/teiaeducation.ch\/fr\/produit\/caisse-enregistreuse-bois-erzi\/#breadcrumb","itemListElement":[{"@type":"ListItem","position":1,"name":"Home","item":"https:\/\/teiaeducation.ch\/fr\/"},{"@type":"ListItem","position":2,"name":"Boutique Teia Education &amp; Play","item":"https:\/\/teiaeducation.ch\/fr\/boutique\/"},{"@type":"ListItem","position":3,"name":"Nos Marques","item":"https:\/\/teiaeducation.ch\/fr\/categorie-produit\/marques\/"},{"@type":"ListItem","position":4,"name":"Erzi","item":"https:\/\/teiaeducation.ch\/fr\/categorie-produit\/marques\/erzi-fr\/"},{"@type":"ListItem","position":5,"name":"\u00c9piceries, Cuisines &amp; Accessoires","item":"https:\/\/teiaeducation.ch\/fr\/categorie-produit\/marques\/erzi-fr\/epiceries-cuisines-accessoires\/"},{"@type":"ListItem","position":6,"name":"Caisse enregistreuse en bois &#8211; Erzi"}]},{"@type":"WebSite","@id":"https:\/\/teiaeducation.ch\/fr\/#website","url":"https:\/\/teiaeducation.ch\/fr\/","name":"Sustainable Educational Products &amp; Ecological Toys\u00a0","description":"Specialised Swiss shop selling sustainable educational toys and games, AMI certified Montessori materials, handmade ecological wooden Waldorf toys and arts &amp; crafts supplies, school supplies, children&#039;s furniture and Montessori reference and parenting books.","publisher":{"@id":"https:\/\/teiaeducation.ch\/fr\/#organization"},"alternateName":"Teia Education & Play","potentialAction":[{"@type":"SearchAction","target":{"@type":"EntryPoint","urlTemplate":"https:\/\/teiaeducation.ch\/fr\/?s={search_term_string}"},"query-input":{"@type":"PropertyValueSpecification","valueRequired":true,"valueName":"search_term_string"}}],"inLanguage":"fr-FR"},{"@type":"Organization","@id":"https:\/\/teiaeducation.ch\/fr\/#organization","name":"Teia Education & Play","url":"https:\/\/teiaeducation.ch\/fr\/","logo":{"@type":"ImageObject","inLanguage":"fr-FR","@id":"https:\/\/teiaeducation.ch\/fr\/#\/schema\/logo\/image\/","url":"https:\/\/teiaeducation.ch\/wp-content\/uploads\/2020\/11\/Teia-Education-Switzerland-e1620156442216.jpg","contentUrl":"https:\/\/teiaeducation.ch\/wp-content\/uploads\/2020\/11\/Teia-Education-Switzerland-e1620156442216.jpg","width":166,"height":145,"caption":"Teia Education & Play"},"image":{"@id":"https:\/\/teiaeducation.ch\/fr\/#\/schema\/logo\/image\/"},"sameAs":["https:\/\/www.facebook.com\/teiaeducation\/","https:\/\/x.com\/EducationTeia","https:\/\/www.instagram.com\/teia.education\/","https:\/\/www.linkedin.com\/company\/35501660","https:\/\/www.pinterest.ch\/TeiaEducation\/"]}]}},"_links":{"self":[{"href":"https:\/\/teiaeducation.ch\/fr\/wp-json\/wp\/v2\/product\/40361","targetHints":{"allow":["GET"]}}],"collection":[{"href":"https:\/\/teiaeducation.ch\/fr\/wp-json\/wp\/v2\/product"}],"about":[{"href":"https:\/\/teiaeducation.ch\/fr\/wp-json\/wp\/v2\/types\/product"}],"replies":[{"embeddable":true,"href":"https:\/\/teiaeducation.ch\/fr\/wp-json\/wp\/v2\/comments?post=40361"}],"wp:featuredmedia":[{"embeddable":true,"href":"https:\/\/teiaeducation.ch\/fr\/wp-json\/wp\/v2\/media\/29081"}],"wp:attachment":[{"href":"https:\/\/teiaeducation.ch\/fr\/wp-json\/wp\/v2\/media?parent=40361"}],"wp:term":[{"taxonomy":"product_brand","embeddable":true,"href":"https:\/\/teiaeducation.ch\/fr\/wp-json\/wp\/v2\/product_brand?post=40361"},{"taxonomy":"product_cat","embeddable":true,"href":"https:\/\/teiaeducation.ch\/fr\/wp-json\/wp\/v2\/product_cat?post=40361"},{"taxonomy":"product_tag","embeddable":true,"href":"https:\/\/teiaeducation.ch\/fr\/wp-json\/wp\/v2\/product_tag?post=40361"}],"curies":[{"name":"wp","href":"https:\/\/api.w.org\/{rel}","templated":true}]}}