{"id":40363,"date":"2020-09-11T14:33:54","date_gmt":"2020-09-11T12:33:54","guid":{"rendered":"https:\/\/teiaeducation.ch\/product\/assortiment-de-magasins-en-bois-grande-boite-erzi\/"},"modified":"2021-11-10T15:11:43","modified_gmt":"2021-11-10T14:11:43","slug":"magasin-en-bois-assortiment-grande-boite-erzi","status":"publish","type":"product","link":"https:\/\/teiaeducation.ch\/fr\/produit\/magasin-en-bois-assortiment-grande-boite-erzi\/","title":{"rendered":"Grand assortiment d&#8217;aliments en bois &#8211; Erzi"},"content":{"rendered":"<p>Grand assortiment de magasin d&#8217;aliments en bois r\u00e9aliste pour enfants\u00a0&#8211; Erzi<\/p>\n<p>Cet \u00e9norme ensemble d&#8217;aliments en bois r\u00e9aliste de haute qualit\u00e9 d&#8217;Erzi a tout ce dont vous avez besoin pour un jeu de r\u00f4le amusant dans la cuisine, le caf\u00e9 ou le <a href=\"https:\/\/teiaeducation.ch\/fr\/produit\/epicerie-en-bois-supermarche-erzi\/\">magasin<\/a> de votre enfant.<\/p>\n<p>Cette grande bo\u00eete est remplie de d\u00e9licieux articles de jeu en bois, dont 1 grande caisse de fruits, 1 petite caisse de fruits, 2 pommes jaunes-rouges, 2 pommes vertes, 2 poires vertes-rouges, 2 paires de cerises, 2 oranges, 1 citron, 1 banane, 2 demi-kiwis, 1 pomme de terre dans un filet, 2 carottes, 3 petites tomates, 1 botte de radis, 1 concombre, 1 poivron jaune, 1 poivron rouge, 2 petits pains, 1 bretzel, 1 salami, 1 saucisse \u00e0 tartiner, 1 fromage Edam, 1 miel, 1 mini chocolat, 1 beurre, 3 demi-\u0153ufs, 1 bouteille de lait, 2 yaourts aux fruits \u00e0 boire, 1 p\u00e2te \u00e0 tartiner Erzella et 1 pot de sel.<\/p>\n<p>L&#8217;assortiment d&#8217;aliments de magasin en bois Erzi est fabriqu\u00e9e en Allemagne \u00e0 partir de bois de h\u00eatre et finie avec une peinture \u00e0 base d&#8217;eau s\u00fbre et non toxique.<\/p>\n<p>La gamme compl\u00e8te de produits Erzi porte le sceau distinctif de qualit\u00e9 \u00ab made in Germany \u00bb, provenant, comme il le dit, des montagnes de minerai de l\u2019Allemagne.<\/p>\n<p>Erzi utilise du bois d\u2019origine locale certifi\u00e9 et am\u00e9lior\u00e9 par le label Forest Stewardship Council (FSC) pour la cr\u00e9ation de leurs jouets. Toutes les finitions, telles que les peintures \u00e0 base d\u2019eau et les vernis, ne sont pas toxiques et chaque produit Erzi est conforme au plus haut niveau de s\u00e9curit\u00e9 des jouets. Les produits de jeu et d\u2019apprentissage Erzi de haute qualit\u00e9 se distinguent par une grande diversit\u00e9 de formes et de couleurs naturelles et sont durables et \u00e9cologiques.<\/p>\n<p>Ce jouet Erzi convient aux enfants \u00e2g\u00e9s de 3 ans et plus.<\/p>\n<p>Contenu :<\/p>\n<p>43 pi\u00e8ces de nourriture en bois<\/p>\n","protected":false},"excerpt":{"rendered":"<p>Num\u00e9ro d&#8217;article: 28025<\/p>\n<p>Le grand ensemble d&#8217;aliments en bois r\u00e9aliste de haute qualit\u00e9 d&#8217;Erzi a tout pour un jeu de r\u00f4le amusant cuisine, caf\u00e9 ou magasin d&#8217;enfants.<\/p>\n","protected":false},"featured_media":29188,"comment_status":"open","ping_status":"closed","template":"","meta":[],"product_brand":[],"product_cat":[215,216,17210,17209,13130,23020,13139,217,17235,5851,212],"product_tag":[21351,23602,21873,21871,21872,23586,23588,23614,23585,23583,23587,23589,17245,23584,23590,23605,23608,23606,23610,23607,23615,23613,23612,23611,23604,23603,23609],"class_list":{"0":"post-40363","1":"product","2":"type-product","3":"status-publish","4":"has-post-thumbnail","6":"product_cat-3-6-ans","7":"product_cat-6-12-ans","8":"product_cat-epiceries-cuisines-accessoires","9":"product_cat-erzi-fr","10":"product_cat-jouer","11":"product_cat-jouets-en-bois","12":"product_cat-jeu-imaginatif-faire-semblant","13":"product_cat-marques","14":"product_cat-nourriture-de-jeu-realiste-en-bois","15":"product_cat-nouveautes","16":"product_cat-tranche-dage","17":"product_tag-alimentation-du-magasin-erzi","18":"product_tag-educational-toys-fr","19":"product_tag-erzi-assortiment-magasin-en-bois","20":"product_tag-erzi-grande-boite","21":"product_tag-erzi-grande-boites-assortiment-magasin-en-bois","22":"product_tag-erzi-jouets-fr","23":"product_tag-erzi-jouets-suisse-fr","24":"product_tag-erzi-play-food-fr","25":"product_tag-erzi-schweiz-fr","26":"product_tag-erzi-shop-fr","27":"product_tag-erzi-spielzeug-fr","28":"product_tag-erzi-spielzeug-schweiz-fr","29":"product_tag-erzi-suisse-fr-2","30":"product_tag-erzi-switzerland-fr","31":"product_tag-erzi-toys-fr","32":"product_tag-erzi-wooden-toys-fr","33":"product_tag-german-toys-fr","34":"product_tag-german-wooden-toys-fr","35":"product_tag-pretend-play-toys-fr","36":"product_tag-toys-made-in-germany-fr","37":"product_tag-wooden-food-fr","38":"product_tag-wooden-play-cafe-fr","39":"product_tag-wooden-play-food-fr","40":"product_tag-wooden-play-kitchen-fr","41":"product_tag-wooden-play-shop-fr","42":"product_tag-wooden-toys-fr","43":"product_tag-wooden-toys-made-in-germany-fr","45":"first","46":"instock","47":"taxable","48":"shipping-taxable","49":"purchasable","50":"product-type-simple"},"yoast_head":"<!-- This site is optimized with the Yoast SEO plugin v27.3 - https:\/\/yoast.com\/product\/yoast-seo-wordpress\/ -->\n<title>Grand assortiment d&#039;aliments en bois - Erzi - Teia Education &amp; Play<\/title>\n<meta name=\"description\" content=\"Le grand assortiment d&#039;aliments en bois r\u00e9aliste de haute qualit\u00e9 Erzi a tout pour un jeu de r\u00f4le amusant cuisine, caf\u00e9 ou magasin d&#039;enfants.\" \/>\n<meta name=\"robots\" content=\"index, follow, max-snippet:-1, max-image-preview:large, max-video-preview:-1\" \/>\n<link rel=\"canonical\" href=\"https:\/\/teiaeducation.ch\/fr\/produit\/magasin-en-bois-assortiment-grande-boite-erzi\/\" \/>\n<meta property=\"og:locale\" content=\"fr_FR\" \/>\n<meta property=\"og:type\" content=\"article\" \/>\n<meta property=\"og:title\" content=\"Grand assortiment d&#039;aliments en bois - Erzi - Teia Education &amp; Play\" \/>\n<meta property=\"og:description\" content=\"Le grand assortiment d&#039;aliments en bois r\u00e9aliste de haute qualit\u00e9 Erzi a tout pour un jeu de r\u00f4le amusant cuisine, caf\u00e9 ou magasin d&#039;enfants.\" \/>\n<meta property=\"og:url\" content=\"https:\/\/teiaeducation.ch\/fr\/produit\/magasin-en-bois-assortiment-grande-boite-erzi\/\" \/>\n<meta property=\"og:site_name\" content=\"Sustainable Educational Products &amp; Ecological Toys\u00a0\" \/>\n<meta property=\"article:publisher\" content=\"https:\/\/www.facebook.com\/teiaeducation\/\" \/>\n<meta property=\"article:modified_time\" content=\"2021-11-10T14:11:43+00:00\" \/>\n<meta property=\"og:image\" content=\"https:\/\/teiaeducation.ch\/wp-content\/uploads\/2020\/09\/Wooden-shop-assortment-big-box-Erzi.jpg\" \/>\n\t<meta property=\"og:image:width\" content=\"900\" \/>\n\t<meta property=\"og:image:height\" content=\"900\" \/>\n\t<meta property=\"og:image:type\" content=\"image\/jpeg\" \/>\n<script type=\"application\/ld+json\" class=\"yoast-schema-graph\">{\"@context\":\"https:\\\/\\\/schema.org\",\"@graph\":[{\"@type\":\"WebPage\",\"@id\":\"https:\\\/\\\/teiaeducation.ch\\\/fr\\\/produit\\\/magasin-en-bois-assortiment-grande-boite-erzi\\\/\",\"url\":\"https:\\\/\\\/teiaeducation.ch\\\/fr\\\/produit\\\/magasin-en-bois-assortiment-grande-boite-erzi\\\/\",\"name\":\"Grand assortiment d'aliments en bois - Erzi - Teia Education & Play\",\"isPartOf\":{\"@id\":\"https:\\\/\\\/teiaeducation.ch\\\/fr\\\/#website\"},\"primaryImageOfPage\":{\"@id\":\"https:\\\/\\\/teiaeducation.ch\\\/fr\\\/produit\\\/magasin-en-bois-assortiment-grande-boite-erzi\\\/#primaryimage\"},\"image\":{\"@id\":\"https:\\\/\\\/teiaeducation.ch\\\/fr\\\/produit\\\/magasin-en-bois-assortiment-grande-boite-erzi\\\/#primaryimage\"},\"thumbnailUrl\":\"https:\\\/\\\/teiaeducation.ch\\\/wp-content\\\/uploads\\\/2020\\\/09\\\/Wooden-shop-assortment-big-box-Erzi.jpg\",\"datePublished\":\"2020-09-11T12:33:54+00:00\",\"dateModified\":\"2021-11-10T14:11:43+00:00\",\"description\":\"Le grand assortiment d'aliments en bois r\u00e9aliste de haute qualit\u00e9 Erzi a tout pour un jeu de r\u00f4le amusant cuisine, caf\u00e9 ou magasin d'enfants.\",\"breadcrumb\":{\"@id\":\"https:\\\/\\\/teiaeducation.ch\\\/fr\\\/produit\\\/magasin-en-bois-assortiment-grande-boite-erzi\\\/#breadcrumb\"},\"inLanguage\":\"fr-FR\",\"potentialAction\":[{\"@type\":\"ReadAction\",\"target\":[\"https:\\\/\\\/teiaeducation.ch\\\/fr\\\/produit\\\/magasin-en-bois-assortiment-grande-boite-erzi\\\/\"]}]},{\"@type\":\"ImageObject\",\"inLanguage\":\"fr-FR\",\"@id\":\"https:\\\/\\\/teiaeducation.ch\\\/fr\\\/produit\\\/magasin-en-bois-assortiment-grande-boite-erzi\\\/#primaryimage\",\"url\":\"https:\\\/\\\/teiaeducation.ch\\\/wp-content\\\/uploads\\\/2020\\\/09\\\/Wooden-shop-assortment-big-box-Erzi.jpg\",\"contentUrl\":\"https:\\\/\\\/teiaeducation.ch\\\/wp-content\\\/uploads\\\/2020\\\/09\\\/Wooden-shop-assortment-big-box-Erzi.jpg\",\"width\":900,\"height\":900,\"caption\":\"Assortiment de magasins en bois, grande bo\u00eete - aliments en bois r\u00e9alistes pour enfants - Erzi\"},{\"@type\":\"BreadcrumbList\",\"@id\":\"https:\\\/\\\/teiaeducation.ch\\\/fr\\\/produit\\\/magasin-en-bois-assortiment-grande-boite-erzi\\\/#breadcrumb\",\"itemListElement\":[{\"@type\":\"ListItem\",\"position\":1,\"name\":\"Home\",\"item\":\"https:\\\/\\\/teiaeducation.ch\\\/fr\\\/\"},{\"@type\":\"ListItem\",\"position\":2,\"name\":\"Boutique Teia Education &amp; Play\",\"item\":\"https:\\\/\\\/teiaeducation.ch\\\/fr\\\/boutique\\\/\"},{\"@type\":\"ListItem\",\"position\":3,\"name\":\"Nos Marques\",\"item\":\"https:\\\/\\\/teiaeducation.ch\\\/fr\\\/categorie-produit\\\/marques\\\/\"},{\"@type\":\"ListItem\",\"position\":4,\"name\":\"Erzi\",\"item\":\"https:\\\/\\\/teiaeducation.ch\\\/fr\\\/categorie-produit\\\/marques\\\/erzi-fr\\\/\"},{\"@type\":\"ListItem\",\"position\":5,\"name\":\"\u00c9piceries, Cuisines &amp; Accessoires\",\"item\":\"https:\\\/\\\/teiaeducation.ch\\\/fr\\\/categorie-produit\\\/marques\\\/erzi-fr\\\/epiceries-cuisines-accessoires\\\/\"},{\"@type\":\"ListItem\",\"position\":6,\"name\":\"Grand assortiment d&#8217;aliments en bois &#8211; Erzi\"}]},{\"@type\":\"WebSite\",\"@id\":\"https:\\\/\\\/teiaeducation.ch\\\/fr\\\/#website\",\"url\":\"https:\\\/\\\/teiaeducation.ch\\\/fr\\\/\",\"name\":\"Sustainable Educational Products &amp; Ecological Toys\u00a0\",\"description\":\"Specialised Swiss shop selling sustainable educational toys and games, AMI certified Montessori materials, handmade ecological wooden Waldorf toys and arts &amp; crafts supplies, school supplies, children&#039;s furniture and Montessori reference and parenting books.\",\"publisher\":{\"@id\":\"https:\\\/\\\/teiaeducation.ch\\\/fr\\\/#organization\"},\"alternateName\":\"Teia Education & Play\",\"potentialAction\":[{\"@type\":\"SearchAction\",\"target\":{\"@type\":\"EntryPoint\",\"urlTemplate\":\"https:\\\/\\\/teiaeducation.ch\\\/fr\\\/?s={search_term_string}\"},\"query-input\":{\"@type\":\"PropertyValueSpecification\",\"valueRequired\":true,\"valueName\":\"search_term_string\"}}],\"inLanguage\":\"fr-FR\"},{\"@type\":\"Organization\",\"@id\":\"https:\\\/\\\/teiaeducation.ch\\\/fr\\\/#organization\",\"name\":\"Teia Education & Play\",\"url\":\"https:\\\/\\\/teiaeducation.ch\\\/fr\\\/\",\"logo\":{\"@type\":\"ImageObject\",\"inLanguage\":\"fr-FR\",\"@id\":\"https:\\\/\\\/teiaeducation.ch\\\/fr\\\/#\\\/schema\\\/logo\\\/image\\\/\",\"url\":\"https:\\\/\\\/teiaeducation.ch\\\/wp-content\\\/uploads\\\/2020\\\/11\\\/Teia-Education-Switzerland-e1620156442216.jpg\",\"contentUrl\":\"https:\\\/\\\/teiaeducation.ch\\\/wp-content\\\/uploads\\\/2020\\\/11\\\/Teia-Education-Switzerland-e1620156442216.jpg\",\"width\":166,\"height\":145,\"caption\":\"Teia Education & Play\"},\"image\":{\"@id\":\"https:\\\/\\\/teiaeducation.ch\\\/fr\\\/#\\\/schema\\\/logo\\\/image\\\/\"},\"sameAs\":[\"https:\\\/\\\/www.facebook.com\\\/teiaeducation\\\/\",\"https:\\\/\\\/x.com\\\/EducationTeia\",\"https:\\\/\\\/www.instagram.com\\\/teia.education\\\/\",\"https:\\\/\\\/www.linkedin.com\\\/company\\\/35501660\",\"https:\\\/\\\/www.pinterest.ch\\\/TeiaEducation\\\/\"]}]}<\/script>\n<!-- \/ Yoast SEO plugin. -->","yoast_head_json":{"title":"Grand assortiment d'aliments en bois - Erzi - Teia Education & Play","description":"Le grand assortiment d'aliments en bois r\u00e9aliste de haute qualit\u00e9 Erzi a tout pour un jeu de r\u00f4le amusant cuisine, caf\u00e9 ou magasin d'enfants.","robots":{"index":"index","follow":"follow","max-snippet":"max-snippet:-1","max-image-preview":"max-image-preview:large","max-video-preview":"max-video-preview:-1"},"canonical":"https:\/\/teiaeducation.ch\/fr\/produit\/magasin-en-bois-assortiment-grande-boite-erzi\/","og_locale":"fr_FR","og_type":"article","og_title":"Grand assortiment d'aliments en bois - Erzi - Teia Education & Play","og_description":"Le grand assortiment d'aliments en bois r\u00e9aliste de haute qualit\u00e9 Erzi a tout pour un jeu de r\u00f4le amusant cuisine, caf\u00e9 ou magasin d'enfants.","og_url":"https:\/\/teiaeducation.ch\/fr\/produit\/magasin-en-bois-assortiment-grande-boite-erzi\/","og_site_name":"Sustainable Educational Products &amp; Ecological Toys\u00a0","article_publisher":"https:\/\/www.facebook.com\/teiaeducation\/","article_modified_time":"2021-11-10T14:11:43+00:00","og_image":[{"width":900,"height":900,"url":"https:\/\/teiaeducation.ch\/wp-content\/uploads\/2020\/09\/Wooden-shop-assortment-big-box-Erzi.jpg","type":"image\/jpeg"}],"schema":{"@context":"https:\/\/schema.org","@graph":[{"@type":"WebPage","@id":"https:\/\/teiaeducation.ch\/fr\/produit\/magasin-en-bois-assortiment-grande-boite-erzi\/","url":"https:\/\/teiaeducation.ch\/fr\/produit\/magasin-en-bois-assortiment-grande-boite-erzi\/","name":"Grand assortiment d'aliments en bois - Erzi - Teia Education & Play","isPartOf":{"@id":"https:\/\/teiaeducation.ch\/fr\/#website"},"primaryImageOfPage":{"@id":"https:\/\/teiaeducation.ch\/fr\/produit\/magasin-en-bois-assortiment-grande-boite-erzi\/#primaryimage"},"image":{"@id":"https:\/\/teiaeducation.ch\/fr\/produit\/magasin-en-bois-assortiment-grande-boite-erzi\/#primaryimage"},"thumbnailUrl":"https:\/\/teiaeducation.ch\/wp-content\/uploads\/2020\/09\/Wooden-shop-assortment-big-box-Erzi.jpg","datePublished":"2020-09-11T12:33:54+00:00","dateModified":"2021-11-10T14:11:43+00:00","description":"Le grand assortiment d'aliments en bois r\u00e9aliste de haute qualit\u00e9 Erzi a tout pour un jeu de r\u00f4le amusant cuisine, caf\u00e9 ou magasin d'enfants.","breadcrumb":{"@id":"https:\/\/teiaeducation.ch\/fr\/produit\/magasin-en-bois-assortiment-grande-boite-erzi\/#breadcrumb"},"inLanguage":"fr-FR","potentialAction":[{"@type":"ReadAction","target":["https:\/\/teiaeducation.ch\/fr\/produit\/magasin-en-bois-assortiment-grande-boite-erzi\/"]}]},{"@type":"ImageObject","inLanguage":"fr-FR","@id":"https:\/\/teiaeducation.ch\/fr\/produit\/magasin-en-bois-assortiment-grande-boite-erzi\/#primaryimage","url":"https:\/\/teiaeducation.ch\/wp-content\/uploads\/2020\/09\/Wooden-shop-assortment-big-box-Erzi.jpg","contentUrl":"https:\/\/teiaeducation.ch\/wp-content\/uploads\/2020\/09\/Wooden-shop-assortment-big-box-Erzi.jpg","width":900,"height":900,"caption":"Assortiment de magasins en bois, grande bo\u00eete - aliments en bois r\u00e9alistes pour enfants - Erzi"},{"@type":"BreadcrumbList","@id":"https:\/\/teiaeducation.ch\/fr\/produit\/magasin-en-bois-assortiment-grande-boite-erzi\/#breadcrumb","itemListElement":[{"@type":"ListItem","position":1,"name":"Home","item":"https:\/\/teiaeducation.ch\/fr\/"},{"@type":"ListItem","position":2,"name":"Boutique Teia Education &amp; Play","item":"https:\/\/teiaeducation.ch\/fr\/boutique\/"},{"@type":"ListItem","position":3,"name":"Nos Marques","item":"https:\/\/teiaeducation.ch\/fr\/categorie-produit\/marques\/"},{"@type":"ListItem","position":4,"name":"Erzi","item":"https:\/\/teiaeducation.ch\/fr\/categorie-produit\/marques\/erzi-fr\/"},{"@type":"ListItem","position":5,"name":"\u00c9piceries, Cuisines &amp; Accessoires","item":"https:\/\/teiaeducation.ch\/fr\/categorie-produit\/marques\/erzi-fr\/epiceries-cuisines-accessoires\/"},{"@type":"ListItem","position":6,"name":"Grand assortiment d&#8217;aliments en bois &#8211; Erzi"}]},{"@type":"WebSite","@id":"https:\/\/teiaeducation.ch\/fr\/#website","url":"https:\/\/teiaeducation.ch\/fr\/","name":"Sustainable Educational Products &amp; Ecological Toys\u00a0","description":"Specialised Swiss shop selling sustainable educational toys and games, AMI certified Montessori materials, handmade ecological wooden Waldorf toys and arts &amp; crafts supplies, school supplies, children&#039;s furniture and Montessori reference and parenting books.","publisher":{"@id":"https:\/\/teiaeducation.ch\/fr\/#organization"},"alternateName":"Teia Education & Play","potentialAction":[{"@type":"SearchAction","target":{"@type":"EntryPoint","urlTemplate":"https:\/\/teiaeducation.ch\/fr\/?s={search_term_string}"},"query-input":{"@type":"PropertyValueSpecification","valueRequired":true,"valueName":"search_term_string"}}],"inLanguage":"fr-FR"},{"@type":"Organization","@id":"https:\/\/teiaeducation.ch\/fr\/#organization","name":"Teia Education & Play","url":"https:\/\/teiaeducation.ch\/fr\/","logo":{"@type":"ImageObject","inLanguage":"fr-FR","@id":"https:\/\/teiaeducation.ch\/fr\/#\/schema\/logo\/image\/","url":"https:\/\/teiaeducation.ch\/wp-content\/uploads\/2020\/11\/Teia-Education-Switzerland-e1620156442216.jpg","contentUrl":"https:\/\/teiaeducation.ch\/wp-content\/uploads\/2020\/11\/Teia-Education-Switzerland-e1620156442216.jpg","width":166,"height":145,"caption":"Teia Education & Play"},"image":{"@id":"https:\/\/teiaeducation.ch\/fr\/#\/schema\/logo\/image\/"},"sameAs":["https:\/\/www.facebook.com\/teiaeducation\/","https:\/\/x.com\/EducationTeia","https:\/\/www.instagram.com\/teia.education\/","https:\/\/www.linkedin.com\/company\/35501660","https:\/\/www.pinterest.ch\/TeiaEducation\/"]}]}},"_links":{"self":[{"href":"https:\/\/teiaeducation.ch\/fr\/wp-json\/wp\/v2\/product\/40363","targetHints":{"allow":["GET"]}}],"collection":[{"href":"https:\/\/teiaeducation.ch\/fr\/wp-json\/wp\/v2\/product"}],"about":[{"href":"https:\/\/teiaeducation.ch\/fr\/wp-json\/wp\/v2\/types\/product"}],"replies":[{"embeddable":true,"href":"https:\/\/teiaeducation.ch\/fr\/wp-json\/wp\/v2\/comments?post=40363"}],"wp:featuredmedia":[{"embeddable":true,"href":"https:\/\/teiaeducation.ch\/fr\/wp-json\/wp\/v2\/media\/29188"}],"wp:attachment":[{"href":"https:\/\/teiaeducation.ch\/fr\/wp-json\/wp\/v2\/media?parent=40363"}],"wp:term":[{"taxonomy":"product_brand","embeddable":true,"href":"https:\/\/teiaeducation.ch\/fr\/wp-json\/wp\/v2\/product_brand?post=40363"},{"taxonomy":"product_cat","embeddable":true,"href":"https:\/\/teiaeducation.ch\/fr\/wp-json\/wp\/v2\/product_cat?post=40363"},{"taxonomy":"product_tag","embeddable":true,"href":"https:\/\/teiaeducation.ch\/fr\/wp-json\/wp\/v2\/product_tag?post=40363"}],"curies":[{"name":"wp","href":"https:\/\/api.w.org\/{rel}","templated":true}]}}