{"id":40366,"date":"2020-09-11T14:57:21","date_gmt":"2020-09-11T12:57:21","guid":{"rendered":"https:\/\/teiaeducation.ch\/product\/assortiment-de-patisseries-en-bois\/"},"modified":"2021-11-10T15:25:21","modified_gmt":"2021-11-10T14:25:21","slug":"assortiment-de-patisseries-boulangerie-en-bois-erzi","status":"publish","type":"product","link":"https:\/\/teiaeducation.ch\/fr\/produit\/assortiment-de-patisseries-boulangerie-en-bois-erzi\/","title":{"rendered":"Assortiment de p\u00e2tisseries \/ boulangerie en bois &#8211; Erzi"},"content":{"rendered":"<p>Assortiment de p\u00e2tisseries et boulangerie en bois \/ Aliments de jeu en bois r\u00e9alistes &#8211; Erzi<\/p>\n<p>Ce magnifique assortiment de p\u00e2tisseries et boulangerie en bois d&#8217;Erzi comprend des <a href=\"https:\/\/teiaeducation.ch\/fr\/categorie-produit\/jouer\/nourriture-de-jeu-realiste-en-bois\/\">aliments en bois r\u00e9alistes<\/a> de la plus haute qualit\u00e9, dont 1 bretzel, 1 croissant, 1 miche de pain, 1 baguette, 1 tranche de pain et 1 caisse en bois pour les exposer. Parfait pour le jeu de r\u00f4le magasin, le caf\u00e9 ou la cuisine de votre enfant.<\/p>\n<p>L&#8217;assortiment de produits de boulangerie et de p\u00e2tisserie Erzi est fabriqu\u00e9 en Allemagne \u00e0 partir de bois de h\u00eatre et recouvert d&#8217;une laque \u00e0 base d&#8217;eau s\u00fbre et non toxique.<\/p>\n<p>La gamme compl\u00e8te de produits Erzi porte le sceau distinctif de qualit\u00e9 \u00ab made in Germany \u00bb, provenant, comme il le dit, des montagnes de minerai de l\u2019Allemagne.<\/p>\n<p>Erzi utilise du bois d\u2019origine locale certifi\u00e9 et am\u00e9lior\u00e9 par le label Forest Stewardship Council (FSC) pour la cr\u00e9ation de leurs jouets. Toutes les finitions, telles que les peintures \u00e0 base d\u2019eau et les vernis, ne sont pas toxiques et chaque produit Erzi est conforme au plus haut niveau de s\u00e9curit\u00e9 des jouets. Les produits de jeu et d\u2019apprentissage Erzi de haute qualit\u00e9 se distinguent par une grande diversit\u00e9 de formes et de couleurs naturelles et sont durables et \u00e9cologiques.<\/p>\n<p>Ce jouet Erzi convient aux enfants \u00e2g\u00e9s de 3 ans et plus.<\/p>\n<p>Contenu :<\/p>\n<p>9 pi\u00e8ces en bois &#8211; 1 caisse, 1 bretzel, 1 croissant, 1 miche de pain, 1 baguette, 1 tranche de pain.<\/p>\n","protected":false},"excerpt":{"rendered":"<p>Num\u00e9ro d&#8217;article: 28130<\/p>\n<p>L&#8217;assortiment de p\u00e2tisseries et boulangerie en bois d&#8217;Erzi comprend des aliments en bois r\u00e9alistes de la plus haute qualit\u00e9 !<\/p>\n","protected":false},"featured_media":29202,"comment_status":"open","ping_status":"closed","template":"","meta":[],"product_brand":[],"product_cat":[215,216,17210,17209,13130,23020,13139,217,17235,5851,212],"product_tag":[21882,21884,21883,23602,23586,23588,23614,23585,23587,23589,17245,23584,23590,23605,23608,23606,20595,21326,21327,23610,21325,23607,23615,23613,23612,23611,23604,23603,23609],"class_list":{"0":"post-40366","1":"product","2":"type-product","3":"status-publish","4":"has-post-thumbnail","6":"product_cat-3-6-ans","7":"product_cat-6-12-ans","8":"product_cat-epiceries-cuisines-accessoires","9":"product_cat-erzi-fr","10":"product_cat-jouer","11":"product_cat-jouets-en-bois","12":"product_cat-jeu-imaginatif-faire-semblant","13":"product_cat-marques","14":"product_cat-nourriture-de-jeu-realiste-en-bois","15":"product_cat-nouveautes","16":"product_cat-tranche-dage","17":"product_tag-aliments-pour-jeux-de-roles","18":"product_tag-boulangerie-erzi","19":"product_tag-bretzel-derzi","20":"product_tag-educational-toys-fr","21":"product_tag-erzi-jouets-fr","22":"product_tag-erzi-jouets-suisse-fr","23":"product_tag-erzi-play-food-fr","24":"product_tag-erzi-schweiz-fr","25":"product_tag-erzi-spielzeug-fr","26":"product_tag-erzi-spielzeug-schweiz-fr","27":"product_tag-erzi-suisse-fr-2","28":"product_tag-erzi-switzerland-fr","29":"product_tag-erzi-toys-fr","30":"product_tag-erzi-wooden-toys-fr","31":"product_tag-german-toys-fr","32":"product_tag-german-wooden-toys-fr","33":"product_tag-nourriture-en-bois-erzi","34":"product_tag-pain-derzi","35":"product_tag-pain-en-bois-pour-le-jeu","36":"product_tag-pretend-play-toys-fr","37":"product_tag-produits-de-boulangerie-erzi","38":"product_tag-toys-made-in-germany-fr","39":"product_tag-wooden-food-fr","40":"product_tag-wooden-play-cafe-fr","41":"product_tag-wooden-play-food-fr","42":"product_tag-wooden-play-kitchen-fr","43":"product_tag-wooden-play-shop-fr","44":"product_tag-wooden-toys-fr","45":"product_tag-wooden-toys-made-in-germany-fr","47":"first","48":"instock","49":"taxable","50":"shipping-taxable","51":"purchasable","52":"product-type-simple"},"yoast_head":"<!-- This site is optimized with the Yoast SEO plugin v27.3 - https:\/\/yoast.com\/product\/yoast-seo-wordpress\/ -->\n<title>Assortiment de p\u00e2tisseries \/ boulangerie en bois - Erzi - Teia Education &amp; Play<\/title>\n<meta name=\"description\" content=\"L&#039;assortiment de p\u00e2tisseries et boulangerie en bois d&#039;Erzi comprend des aliments en bois r\u00e9alistes de la plus haute qualit\u00e9 !\" \/>\n<meta name=\"robots\" content=\"index, follow, max-snippet:-1, max-image-preview:large, max-video-preview:-1\" \/>\n<link rel=\"canonical\" href=\"https:\/\/teiaeducation.ch\/fr\/produit\/assortiment-de-patisseries-boulangerie-en-bois-erzi\/\" \/>\n<meta property=\"og:locale\" content=\"fr_FR\" \/>\n<meta property=\"og:type\" content=\"article\" \/>\n<meta property=\"og:title\" content=\"Assortiment de p\u00e2tisseries \/ boulangerie en bois - Erzi - Teia Education &amp; Play\" \/>\n<meta property=\"og:description\" content=\"L&#039;assortiment de p\u00e2tisseries et boulangerie en bois d&#039;Erzi comprend des aliments en bois r\u00e9alistes de la plus haute qualit\u00e9 !\" \/>\n<meta property=\"og:url\" content=\"https:\/\/teiaeducation.ch\/fr\/produit\/assortiment-de-patisseries-boulangerie-en-bois-erzi\/\" \/>\n<meta property=\"og:site_name\" content=\"Sustainable Educational Products &amp; Ecological Toys\u00a0\" \/>\n<meta property=\"article:publisher\" content=\"https:\/\/www.facebook.com\/teiaeducation\/\" \/>\n<meta property=\"article:modified_time\" content=\"2021-11-10T14:25:21+00:00\" \/>\n<meta property=\"og:image\" content=\"https:\/\/teiaeducation.ch\/wp-content\/uploads\/2020\/09\/Wooden-assorted-baked-goods-Erzi.jpg\" \/>\n\t<meta property=\"og:image:width\" content=\"900\" \/>\n\t<meta property=\"og:image:height\" content=\"900\" \/>\n\t<meta property=\"og:image:type\" content=\"image\/jpeg\" \/>\n<script type=\"application\/ld+json\" class=\"yoast-schema-graph\">{\"@context\":\"https:\\\/\\\/schema.org\",\"@graph\":[{\"@type\":\"WebPage\",\"@id\":\"https:\\\/\\\/teiaeducation.ch\\\/fr\\\/produit\\\/assortiment-de-patisseries-boulangerie-en-bois-erzi\\\/\",\"url\":\"https:\\\/\\\/teiaeducation.ch\\\/fr\\\/produit\\\/assortiment-de-patisseries-boulangerie-en-bois-erzi\\\/\",\"name\":\"Assortiment de p\u00e2tisseries \\\/ boulangerie en bois - Erzi - Teia Education & Play\",\"isPartOf\":{\"@id\":\"https:\\\/\\\/teiaeducation.ch\\\/fr\\\/#website\"},\"primaryImageOfPage\":{\"@id\":\"https:\\\/\\\/teiaeducation.ch\\\/fr\\\/produit\\\/assortiment-de-patisseries-boulangerie-en-bois-erzi\\\/#primaryimage\"},\"image\":{\"@id\":\"https:\\\/\\\/teiaeducation.ch\\\/fr\\\/produit\\\/assortiment-de-patisseries-boulangerie-en-bois-erzi\\\/#primaryimage\"},\"thumbnailUrl\":\"https:\\\/\\\/teiaeducation.ch\\\/wp-content\\\/uploads\\\/2020\\\/09\\\/Wooden-assorted-baked-goods-Erzi.jpg\",\"datePublished\":\"2020-09-11T12:57:21+00:00\",\"dateModified\":\"2021-11-10T14:25:21+00:00\",\"description\":\"L'assortiment de p\u00e2tisseries et boulangerie en bois d'Erzi comprend des aliments en bois r\u00e9alistes de la plus haute qualit\u00e9 !\",\"breadcrumb\":{\"@id\":\"https:\\\/\\\/teiaeducation.ch\\\/fr\\\/produit\\\/assortiment-de-patisseries-boulangerie-en-bois-erzi\\\/#breadcrumb\"},\"inLanguage\":\"fr-FR\",\"potentialAction\":[{\"@type\":\"ReadAction\",\"target\":[\"https:\\\/\\\/teiaeducation.ch\\\/fr\\\/produit\\\/assortiment-de-patisseries-boulangerie-en-bois-erzi\\\/\"]}]},{\"@type\":\"ImageObject\",\"inLanguage\":\"fr-FR\",\"@id\":\"https:\\\/\\\/teiaeducation.ch\\\/fr\\\/produit\\\/assortiment-de-patisseries-boulangerie-en-bois-erzi\\\/#primaryimage\",\"url\":\"https:\\\/\\\/teiaeducation.ch\\\/wp-content\\\/uploads\\\/2020\\\/09\\\/Wooden-assorted-baked-goods-Erzi.jpg\",\"contentUrl\":\"https:\\\/\\\/teiaeducation.ch\\\/wp-content\\\/uploads\\\/2020\\\/09\\\/Wooden-assorted-baked-goods-Erzi.jpg\",\"width\":900,\"height\":900,\"caption\":\"Assortiment de p\u00e2tisseries en bois\"},{\"@type\":\"BreadcrumbList\",\"@id\":\"https:\\\/\\\/teiaeducation.ch\\\/fr\\\/produit\\\/assortiment-de-patisseries-boulangerie-en-bois-erzi\\\/#breadcrumb\",\"itemListElement\":[{\"@type\":\"ListItem\",\"position\":1,\"name\":\"Home\",\"item\":\"https:\\\/\\\/teiaeducation.ch\\\/fr\\\/\"},{\"@type\":\"ListItem\",\"position\":2,\"name\":\"Boutique Teia Education &amp; Play\",\"item\":\"https:\\\/\\\/teiaeducation.ch\\\/fr\\\/boutique\\\/\"},{\"@type\":\"ListItem\",\"position\":3,\"name\":\"Nos Marques\",\"item\":\"https:\\\/\\\/teiaeducation.ch\\\/fr\\\/categorie-produit\\\/marques\\\/\"},{\"@type\":\"ListItem\",\"position\":4,\"name\":\"Erzi\",\"item\":\"https:\\\/\\\/teiaeducation.ch\\\/fr\\\/categorie-produit\\\/marques\\\/erzi-fr\\\/\"},{\"@type\":\"ListItem\",\"position\":5,\"name\":\"\u00c9piceries, Cuisines &amp; Accessoires\",\"item\":\"https:\\\/\\\/teiaeducation.ch\\\/fr\\\/categorie-produit\\\/marques\\\/erzi-fr\\\/epiceries-cuisines-accessoires\\\/\"},{\"@type\":\"ListItem\",\"position\":6,\"name\":\"Assortiment de p\u00e2tisseries \\\/ boulangerie en bois &#8211; Erzi\"}]},{\"@type\":\"WebSite\",\"@id\":\"https:\\\/\\\/teiaeducation.ch\\\/fr\\\/#website\",\"url\":\"https:\\\/\\\/teiaeducation.ch\\\/fr\\\/\",\"name\":\"Sustainable Educational Products &amp; Ecological Toys\u00a0\",\"description\":\"Specialised Swiss shop selling sustainable educational toys and games, AMI certified Montessori materials, handmade ecological wooden Waldorf toys and arts &amp; crafts supplies, school supplies, children&#039;s furniture and Montessori reference and parenting books.\",\"publisher\":{\"@id\":\"https:\\\/\\\/teiaeducation.ch\\\/fr\\\/#organization\"},\"alternateName\":\"Teia Education & Play\",\"potentialAction\":[{\"@type\":\"SearchAction\",\"target\":{\"@type\":\"EntryPoint\",\"urlTemplate\":\"https:\\\/\\\/teiaeducation.ch\\\/fr\\\/?s={search_term_string}\"},\"query-input\":{\"@type\":\"PropertyValueSpecification\",\"valueRequired\":true,\"valueName\":\"search_term_string\"}}],\"inLanguage\":\"fr-FR\"},{\"@type\":\"Organization\",\"@id\":\"https:\\\/\\\/teiaeducation.ch\\\/fr\\\/#organization\",\"name\":\"Teia Education & Play\",\"url\":\"https:\\\/\\\/teiaeducation.ch\\\/fr\\\/\",\"logo\":{\"@type\":\"ImageObject\",\"inLanguage\":\"fr-FR\",\"@id\":\"https:\\\/\\\/teiaeducation.ch\\\/fr\\\/#\\\/schema\\\/logo\\\/image\\\/\",\"url\":\"https:\\\/\\\/teiaeducation.ch\\\/wp-content\\\/uploads\\\/2020\\\/11\\\/Teia-Education-Switzerland-e1620156442216.jpg\",\"contentUrl\":\"https:\\\/\\\/teiaeducation.ch\\\/wp-content\\\/uploads\\\/2020\\\/11\\\/Teia-Education-Switzerland-e1620156442216.jpg\",\"width\":166,\"height\":145,\"caption\":\"Teia Education & Play\"},\"image\":{\"@id\":\"https:\\\/\\\/teiaeducation.ch\\\/fr\\\/#\\\/schema\\\/logo\\\/image\\\/\"},\"sameAs\":[\"https:\\\/\\\/www.facebook.com\\\/teiaeducation\\\/\",\"https:\\\/\\\/x.com\\\/EducationTeia\",\"https:\\\/\\\/www.instagram.com\\\/teia.education\\\/\",\"https:\\\/\\\/www.linkedin.com\\\/company\\\/35501660\",\"https:\\\/\\\/www.pinterest.ch\\\/TeiaEducation\\\/\"]}]}<\/script>\n<!-- \/ Yoast SEO plugin. -->","yoast_head_json":{"title":"Assortiment de p\u00e2tisseries \/ boulangerie en bois - Erzi - Teia Education & Play","description":"L'assortiment de p\u00e2tisseries et boulangerie en bois d'Erzi comprend des aliments en bois r\u00e9alistes de la plus haute qualit\u00e9 !","robots":{"index":"index","follow":"follow","max-snippet":"max-snippet:-1","max-image-preview":"max-image-preview:large","max-video-preview":"max-video-preview:-1"},"canonical":"https:\/\/teiaeducation.ch\/fr\/produit\/assortiment-de-patisseries-boulangerie-en-bois-erzi\/","og_locale":"fr_FR","og_type":"article","og_title":"Assortiment de p\u00e2tisseries \/ boulangerie en bois - Erzi - Teia Education & Play","og_description":"L'assortiment de p\u00e2tisseries et boulangerie en bois d'Erzi comprend des aliments en bois r\u00e9alistes de la plus haute qualit\u00e9 !","og_url":"https:\/\/teiaeducation.ch\/fr\/produit\/assortiment-de-patisseries-boulangerie-en-bois-erzi\/","og_site_name":"Sustainable Educational Products &amp; Ecological Toys\u00a0","article_publisher":"https:\/\/www.facebook.com\/teiaeducation\/","article_modified_time":"2021-11-10T14:25:21+00:00","og_image":[{"width":900,"height":900,"url":"https:\/\/teiaeducation.ch\/wp-content\/uploads\/2020\/09\/Wooden-assorted-baked-goods-Erzi.jpg","type":"image\/jpeg"}],"schema":{"@context":"https:\/\/schema.org","@graph":[{"@type":"WebPage","@id":"https:\/\/teiaeducation.ch\/fr\/produit\/assortiment-de-patisseries-boulangerie-en-bois-erzi\/","url":"https:\/\/teiaeducation.ch\/fr\/produit\/assortiment-de-patisseries-boulangerie-en-bois-erzi\/","name":"Assortiment de p\u00e2tisseries \/ boulangerie en bois - Erzi - Teia Education & Play","isPartOf":{"@id":"https:\/\/teiaeducation.ch\/fr\/#website"},"primaryImageOfPage":{"@id":"https:\/\/teiaeducation.ch\/fr\/produit\/assortiment-de-patisseries-boulangerie-en-bois-erzi\/#primaryimage"},"image":{"@id":"https:\/\/teiaeducation.ch\/fr\/produit\/assortiment-de-patisseries-boulangerie-en-bois-erzi\/#primaryimage"},"thumbnailUrl":"https:\/\/teiaeducation.ch\/wp-content\/uploads\/2020\/09\/Wooden-assorted-baked-goods-Erzi.jpg","datePublished":"2020-09-11T12:57:21+00:00","dateModified":"2021-11-10T14:25:21+00:00","description":"L'assortiment de p\u00e2tisseries et boulangerie en bois d'Erzi comprend des aliments en bois r\u00e9alistes de la plus haute qualit\u00e9 !","breadcrumb":{"@id":"https:\/\/teiaeducation.ch\/fr\/produit\/assortiment-de-patisseries-boulangerie-en-bois-erzi\/#breadcrumb"},"inLanguage":"fr-FR","potentialAction":[{"@type":"ReadAction","target":["https:\/\/teiaeducation.ch\/fr\/produit\/assortiment-de-patisseries-boulangerie-en-bois-erzi\/"]}]},{"@type":"ImageObject","inLanguage":"fr-FR","@id":"https:\/\/teiaeducation.ch\/fr\/produit\/assortiment-de-patisseries-boulangerie-en-bois-erzi\/#primaryimage","url":"https:\/\/teiaeducation.ch\/wp-content\/uploads\/2020\/09\/Wooden-assorted-baked-goods-Erzi.jpg","contentUrl":"https:\/\/teiaeducation.ch\/wp-content\/uploads\/2020\/09\/Wooden-assorted-baked-goods-Erzi.jpg","width":900,"height":900,"caption":"Assortiment de p\u00e2tisseries en bois"},{"@type":"BreadcrumbList","@id":"https:\/\/teiaeducation.ch\/fr\/produit\/assortiment-de-patisseries-boulangerie-en-bois-erzi\/#breadcrumb","itemListElement":[{"@type":"ListItem","position":1,"name":"Home","item":"https:\/\/teiaeducation.ch\/fr\/"},{"@type":"ListItem","position":2,"name":"Boutique Teia Education &amp; Play","item":"https:\/\/teiaeducation.ch\/fr\/boutique\/"},{"@type":"ListItem","position":3,"name":"Nos Marques","item":"https:\/\/teiaeducation.ch\/fr\/categorie-produit\/marques\/"},{"@type":"ListItem","position":4,"name":"Erzi","item":"https:\/\/teiaeducation.ch\/fr\/categorie-produit\/marques\/erzi-fr\/"},{"@type":"ListItem","position":5,"name":"\u00c9piceries, Cuisines &amp; Accessoires","item":"https:\/\/teiaeducation.ch\/fr\/categorie-produit\/marques\/erzi-fr\/epiceries-cuisines-accessoires\/"},{"@type":"ListItem","position":6,"name":"Assortiment de p\u00e2tisseries \/ boulangerie en bois &#8211; Erzi"}]},{"@type":"WebSite","@id":"https:\/\/teiaeducation.ch\/fr\/#website","url":"https:\/\/teiaeducation.ch\/fr\/","name":"Sustainable Educational Products &amp; Ecological Toys\u00a0","description":"Specialised Swiss shop selling sustainable educational toys and games, AMI certified Montessori materials, handmade ecological wooden Waldorf toys and arts &amp; crafts supplies, school supplies, children&#039;s furniture and Montessori reference and parenting books.","publisher":{"@id":"https:\/\/teiaeducation.ch\/fr\/#organization"},"alternateName":"Teia Education & Play","potentialAction":[{"@type":"SearchAction","target":{"@type":"EntryPoint","urlTemplate":"https:\/\/teiaeducation.ch\/fr\/?s={search_term_string}"},"query-input":{"@type":"PropertyValueSpecification","valueRequired":true,"valueName":"search_term_string"}}],"inLanguage":"fr-FR"},{"@type":"Organization","@id":"https:\/\/teiaeducation.ch\/fr\/#organization","name":"Teia Education & Play","url":"https:\/\/teiaeducation.ch\/fr\/","logo":{"@type":"ImageObject","inLanguage":"fr-FR","@id":"https:\/\/teiaeducation.ch\/fr\/#\/schema\/logo\/image\/","url":"https:\/\/teiaeducation.ch\/wp-content\/uploads\/2020\/11\/Teia-Education-Switzerland-e1620156442216.jpg","contentUrl":"https:\/\/teiaeducation.ch\/wp-content\/uploads\/2020\/11\/Teia-Education-Switzerland-e1620156442216.jpg","width":166,"height":145,"caption":"Teia Education & Play"},"image":{"@id":"https:\/\/teiaeducation.ch\/fr\/#\/schema\/logo\/image\/"},"sameAs":["https:\/\/www.facebook.com\/teiaeducation\/","https:\/\/x.com\/EducationTeia","https:\/\/www.instagram.com\/teia.education\/","https:\/\/www.linkedin.com\/company\/35501660","https:\/\/www.pinterest.ch\/TeiaEducation\/"]}]}},"_links":{"self":[{"href":"https:\/\/teiaeducation.ch\/fr\/wp-json\/wp\/v2\/product\/40366","targetHints":{"allow":["GET"]}}],"collection":[{"href":"https:\/\/teiaeducation.ch\/fr\/wp-json\/wp\/v2\/product"}],"about":[{"href":"https:\/\/teiaeducation.ch\/fr\/wp-json\/wp\/v2\/types\/product"}],"replies":[{"embeddable":true,"href":"https:\/\/teiaeducation.ch\/fr\/wp-json\/wp\/v2\/comments?post=40366"}],"wp:featuredmedia":[{"embeddable":true,"href":"https:\/\/teiaeducation.ch\/fr\/wp-json\/wp\/v2\/media\/29202"}],"wp:attachment":[{"href":"https:\/\/teiaeducation.ch\/fr\/wp-json\/wp\/v2\/media?parent=40366"}],"wp:term":[{"taxonomy":"product_brand","embeddable":true,"href":"https:\/\/teiaeducation.ch\/fr\/wp-json\/wp\/v2\/product_brand?post=40366"},{"taxonomy":"product_cat","embeddable":true,"href":"https:\/\/teiaeducation.ch\/fr\/wp-json\/wp\/v2\/product_cat?post=40366"},{"taxonomy":"product_tag","embeddable":true,"href":"https:\/\/teiaeducation.ch\/fr\/wp-json\/wp\/v2\/product_tag?post=40366"}],"curies":[{"name":"wp","href":"https:\/\/api.w.org\/{rel}","templated":true}]}}