{"id":40502,"date":"2021-12-21T12:47:23","date_gmt":"2021-12-21T11:47:23","guid":{"rendered":"https:\/\/teiaeducation.ch\/?post_type=product&#038;p=40502"},"modified":"2023-09-14T11:51:31","modified_gmt":"2023-09-14T09:51:31","slug":"jeu-association-educatif-que-manque-t-il-4-saisons-educo","status":"publish","type":"product","link":"https:\/\/teiaeducation.ch\/fr\/produit\/jeu-association-educatif-que-manque-t-il-4-saisons-educo\/","title":{"rendered":"Jeu \u00e9ducatif 4 saisons &#8211; Educo"},"content":{"rendered":"<p>Le jeu \u00e9ducatif d&#8217;association que manque-t-il ? d&#8217;Educo sur le th\u00e8me des 4 <a href=\"https:\/\/teiaeducation.ch\/fr\/categorie-produit\/domaines-du-curriculum\/culture-sciences\/saisons-meteo\/\">saisons<\/a> met en sc\u00e8ne la m\u00eame maison et la m\u00eame famille au cours des diff\u00e9rentes saisons. Les enfants apprennent \u00e0 reconna\u00eetre et \u00e0 nommer les saisons en triant les objets correspondants et en excluant ce qui ne correspond pas.<\/p>\n<p>Les cartes d&#8217;association pr\u00e9sentent un niveau de difficult\u00e9 croissant : le niveau 1 contient des images que l&#8217;on peut retrouver dans leur int\u00e9gralit\u00e9 sur la fiche th\u00e9matique. Le niveau 2 est constitu\u00e9 d&#8217;images que l&#8217;on peut retrouver en partie sur les fiches th\u00e9matiques, par exemple une trottinette qui est repr\u00e9sent\u00e9e dans son int\u00e9gralit\u00e9 sur la carte d&#8217;association, mais qui est partiellement cach\u00e9e derri\u00e8re un arbre sur la fiche th\u00e9matique. Le niveau 3 est constitu\u00e9 d&#8217;images qui figurent sur la fiche th\u00e9matique mais qui sont plus difficiles \u00e0 retrouver car elles sont plus petites ou de forme diff\u00e9rente. Par exemple, le chat gris est repr\u00e9sent\u00e9 dans son int\u00e9gralit\u00e9 sur la carte d&#8217;association, mais sur la fiche th\u00e9matique, il se cache dans un bouquet de feuilles, on ne voit donc que sa queue.<\/p>\n<p>Pose un jeton sur les images trouv\u00e9es pour se souvenir de celles qui sont faites. Les cartes transparentes avec un x sont \u00e0 poser sur les images qui ne figurent pas sur la fiche th\u00e9matique. Retourne la carte d&#8217;association pour v\u00e9rifier.<\/p>\n<p>Educo que manque-t-il ? 4 seasons d\u00e9veloppe \u00e0 la fois les comp\u00e9tences math\u00e9matiques et linguistiques. Le tri et l&#8217;exclusion ainsi que le th\u00e8me des saisons (temps) font partie des comp\u00e9tences math\u00e9matiques. Les fiches th\u00e9matiques peuvent \u00e9galement \u00eatre utilis\u00e9es comme des cartes \u00e0 histoires. Quelle diff\u00e9rence font les saisons dans la maison, le jardin et la famille ? Que vois-tu d&#8217;autre ?<\/p>\n<p>Ce mat\u00e9riel convient aux enfants \u00e2g\u00e9s de 4 ans et plus.<\/p>\n<p>Contenu :<\/p>\n<p>4 fiches th\u00e9matiques en plastique (20 x 20cm)<br \/>\n12 cartes d&#8217;association en plastique (30 x 6cm)<br \/>\n12 cartes en plastique transparent avec x (6 x 6cm)<br \/>\n50 jetons en plastique<br \/>\n1 bo\u00eete de rangement en bois (33,5 x 22,5 x 7cm)<br \/>\nUn manuel d&#8217;utilisation<\/p>\n","protected":false},"excerpt":{"rendered":"<p>Num\u00e9ro d&#8217;article: 900000126<\/p>\n<p>Avec le jeu d&#8217;association \u00e9ducatif Educo que manque-t-il ? sur le th\u00e8me des 4 saisons, les enfants apprennent \u00e0 reconna\u00eetre et \u00e0 nommer les saisons.<\/p>\n","protected":false},"featured_media":40510,"comment_status":"closed","ping_status":"closed","template":"","meta":[],"product_brand":[],"product_cat":[8527,215,216,16898,23635,22343,18893,22344,284,283,224,8526,17239,21257,234,13130,22181,1220,239,7595,1218,217,598,212],"product_tag":[777,775,776,22060,650,651],"class_list":{"0":"post-40502","1":"product","2":"type-product","3":"status-publish","4":"has-post-thumbnail","6":"product_cat-3-6-ans-ecole-a-domicile","7":"product_cat-3-6-ans","8":"product_cat-6-12-ans","9":"product_cat-collection-automne","10":"product_cat-collection-dete","11":"product_cat-collection-hiver","12":"product_cat-collection-printemps","13":"product_cat-collections-saisonnieres","14":"product_cat-culture-sciences","15":"product_cat-domaines-du-curriculum","16":"product_cat-educo-fr","17":"product_cat-fournitures-scolaires-a-domicile","18":"product_cat-guide-cadeaux-educatifs","19":"product_cat-guides-cadeaux","20":"product_cat-jeu-mathematique","21":"product_cat-jouer","22":"product_cat-jouets-montessori","23":"product_cat-traditionnelle","24":"product_cat-mesurer-jeu-mathematique","25":"product_cat-methode-deducation","26":"product_cat-montessori-fr","27":"product_cat-marques","28":"product_cat-saisons-meteo","29":"product_cat-tranche-dage","30":"product_tag-educo-mathematique","31":"product_tag-educo-suisse","32":"product_tag-heutink-international-suisse","33":"product_tag-jeu-dassociation-educatif-educo-que-manque-t-il-4-saisons","34":"product_tag-jouets-educatifs-suisse","35":"product_tag-materiel-pedagogique-suisse","37":"first","38":"instock","39":"taxable","40":"shipping-taxable","41":"purchasable","42":"product-type-simple"},"yoast_head":"<!-- This site is optimized with the Yoast SEO Premium plugin v25.8 (Yoast SEO v27.4) - https:\/\/yoast.com\/product\/yoast-seo-premium-wordpress\/ -->\n<title>Que manque-t-il ? 4 saisons - Educo - Teia Education &amp; Play<\/title>\n<meta name=\"description\" content=\"Avec le jeu d&#039;association \u00e9ducatif Educo que manque-t-il ?, les enfants apprennent \u00e0 reconna\u00eetre et \u00e0 nommer les 4 saisons.\" \/>\n<meta name=\"robots\" content=\"index, follow, max-snippet:-1, max-image-preview:large, max-video-preview:-1\" \/>\n<link rel=\"canonical\" href=\"https:\/\/teiaeducation.ch\/fr\/produit\/jeu-association-educatif-que-manque-t-il-4-saisons-educo\/\" \/>\n<meta property=\"og:locale\" content=\"fr_FR\" \/>\n<meta property=\"og:type\" content=\"article\" \/>\n<meta property=\"og:title\" content=\"Jeu \u00e9ducatif 4 saisons - Educo\" \/>\n<meta property=\"og:description\" content=\"Avec le jeu d&#039;association \u00e9ducatif Educo que manque-t-il ?, les enfants apprennent \u00e0 reconna\u00eetre et \u00e0 nommer les 4 saisons.\" \/>\n<meta property=\"og:url\" content=\"https:\/\/teiaeducation.ch\/fr\/produit\/jeu-association-educatif-que-manque-t-il-4-saisons-educo\/\" \/>\n<meta property=\"og:site_name\" content=\"Sustainable Educational Products &amp; Ecological Toys\u00a0\" \/>\n<meta property=\"article:publisher\" content=\"https:\/\/www.facebook.com\/teiaeducation\/\" \/>\n<meta property=\"article:modified_time\" content=\"2023-09-14T09:51:31+00:00\" \/>\n<meta property=\"og:image\" content=\"https:\/\/teiaeducation.ch\/wp-content\/uploads\/2021\/11\/What-is-missing-4-seasons-educational-matching-game-Educo-scaled.jpg\" \/>\n\t<meta property=\"og:image:width\" content=\"900\" \/>\n\t<meta property=\"og:image:height\" content=\"900\" \/>\n\t<meta property=\"og:image:type\" content=\"image\/jpeg\" \/>\n<script type=\"application\/ld+json\" class=\"yoast-schema-graph\">{\"@context\":\"https:\\\/\\\/schema.org\",\"@graph\":[{\"@type\":\"WebPage\",\"@id\":\"https:\\\/\\\/teiaeducation.ch\\\/fr\\\/produit\\\/jeu-association-educatif-que-manque-t-il-4-saisons-educo\\\/\",\"url\":\"https:\\\/\\\/teiaeducation.ch\\\/fr\\\/produit\\\/jeu-association-educatif-que-manque-t-il-4-saisons-educo\\\/\",\"name\":\"Que manque-t-il ? 4 saisons - Educo - Teia Education & Play\",\"isPartOf\":{\"@id\":\"https:\\\/\\\/teiaeducation.ch\\\/fr\\\/#website\"},\"primaryImageOfPage\":{\"@id\":\"https:\\\/\\\/teiaeducation.ch\\\/fr\\\/produit\\\/jeu-association-educatif-que-manque-t-il-4-saisons-educo\\\/#primaryimage\"},\"image\":{\"@id\":\"https:\\\/\\\/teiaeducation.ch\\\/fr\\\/produit\\\/jeu-association-educatif-que-manque-t-il-4-saisons-educo\\\/#primaryimage\"},\"thumbnailUrl\":\"https:\\\/\\\/teiaeducation.ch\\\/wp-content\\\/uploads\\\/2021\\\/11\\\/What-is-missing-4-seasons-educational-matching-game-Educo-scaled.jpg\",\"datePublished\":\"2021-12-21T11:47:23+00:00\",\"dateModified\":\"2023-09-14T09:51:31+00:00\",\"description\":\"Avec le jeu d'association \u00e9ducatif Educo que manque-t-il ?, les enfants apprennent \u00e0 reconna\u00eetre et \u00e0 nommer les 4 saisons.\",\"breadcrumb\":{\"@id\":\"https:\\\/\\\/teiaeducation.ch\\\/fr\\\/produit\\\/jeu-association-educatif-que-manque-t-il-4-saisons-educo\\\/#breadcrumb\"},\"inLanguage\":\"fr-FR\",\"potentialAction\":[{\"@type\":\"ReadAction\",\"target\":[\"https:\\\/\\\/teiaeducation.ch\\\/fr\\\/produit\\\/jeu-association-educatif-que-manque-t-il-4-saisons-educo\\\/\"]}]},{\"@type\":\"ImageObject\",\"inLanguage\":\"fr-FR\",\"@id\":\"https:\\\/\\\/teiaeducation.ch\\\/fr\\\/produit\\\/jeu-association-educatif-que-manque-t-il-4-saisons-educo\\\/#primaryimage\",\"url\":\"https:\\\/\\\/teiaeducation.ch\\\/wp-content\\\/uploads\\\/2021\\\/11\\\/What-is-missing-4-seasons-educational-matching-game-Educo-scaled.jpg\",\"contentUrl\":\"https:\\\/\\\/teiaeducation.ch\\\/wp-content\\\/uploads\\\/2021\\\/11\\\/What-is-missing-4-seasons-educational-matching-game-Educo-scaled.jpg\",\"width\":900,\"height\":900,\"caption\":\"Que manque-t-il ? 4 saisons jeu d'association \u00e9ducatif - Educo\"},{\"@type\":\"BreadcrumbList\",\"@id\":\"https:\\\/\\\/teiaeducation.ch\\\/fr\\\/produit\\\/jeu-association-educatif-que-manque-t-il-4-saisons-educo\\\/#breadcrumb\",\"itemListElement\":[{\"@type\":\"ListItem\",\"position\":1,\"name\":\"Home\",\"item\":\"https:\\\/\\\/teiaeducation.ch\\\/fr\\\/\"},{\"@type\":\"ListItem\",\"position\":2,\"name\":\"Boutique Teia Education &amp; Play\",\"item\":\"https:\\\/\\\/teiaeducation.ch\\\/fr\\\/boutique\\\/\"},{\"@type\":\"ListItem\",\"position\":3,\"name\":\"Nos Marques\",\"item\":\"https:\\\/\\\/teiaeducation.ch\\\/fr\\\/categorie-produit\\\/marques\\\/\"},{\"@type\":\"ListItem\",\"position\":4,\"name\":\"Educo\",\"item\":\"https:\\\/\\\/teiaeducation.ch\\\/fr\\\/categorie-produit\\\/marques\\\/educo-fr\\\/\"},{\"@type\":\"ListItem\",\"position\":5,\"name\":\"Jeu Math\u00e9matique\",\"item\":\"https:\\\/\\\/teiaeducation.ch\\\/fr\\\/categorie-produit\\\/marques\\\/educo-fr\\\/jeu-mathematique\\\/\"},{\"@type\":\"ListItem\",\"position\":6,\"name\":\"Mesurer\",\"item\":\"https:\\\/\\\/teiaeducation.ch\\\/fr\\\/categorie-produit\\\/marques\\\/educo-fr\\\/jeu-mathematique\\\/mesurer-jeu-mathematique\\\/\"},{\"@type\":\"ListItem\",\"position\":7,\"name\":\"Jeu \u00e9ducatif 4 saisons &#8211; Educo\"}]},{\"@type\":\"WebSite\",\"@id\":\"https:\\\/\\\/teiaeducation.ch\\\/fr\\\/#website\",\"url\":\"https:\\\/\\\/teiaeducation.ch\\\/fr\\\/\",\"name\":\"Sustainable Educational Products &amp; Ecological Toys\u00a0\",\"description\":\"Specialised Swiss shop selling sustainable educational toys and games, AMI certified Montessori materials, handmade ecological wooden Waldorf toys and arts &amp; crafts supplies, school supplies, children&#039;s furniture and Montessori reference and parenting books.\",\"publisher\":{\"@id\":\"https:\\\/\\\/teiaeducation.ch\\\/fr\\\/#organization\"},\"alternateName\":\"Teia Education & Play\",\"potentialAction\":[{\"@type\":\"SearchAction\",\"target\":{\"@type\":\"EntryPoint\",\"urlTemplate\":\"https:\\\/\\\/teiaeducation.ch\\\/fr\\\/?s={search_term_string}\"},\"query-input\":{\"@type\":\"PropertyValueSpecification\",\"valueRequired\":true,\"valueName\":\"search_term_string\"}}],\"inLanguage\":\"fr-FR\"},{\"@type\":\"Organization\",\"@id\":\"https:\\\/\\\/teiaeducation.ch\\\/fr\\\/#organization\",\"name\":\"Teia Education & Play\",\"url\":\"https:\\\/\\\/teiaeducation.ch\\\/fr\\\/\",\"logo\":{\"@type\":\"ImageObject\",\"inLanguage\":\"fr-FR\",\"@id\":\"https:\\\/\\\/teiaeducation.ch\\\/fr\\\/#\\\/schema\\\/logo\\\/image\\\/\",\"url\":\"https:\\\/\\\/teiaeducation.ch\\\/wp-content\\\/uploads\\\/2020\\\/11\\\/Teia-Education-Switzerland-e1620156442216.jpg\",\"contentUrl\":\"https:\\\/\\\/teiaeducation.ch\\\/wp-content\\\/uploads\\\/2020\\\/11\\\/Teia-Education-Switzerland-e1620156442216.jpg\",\"width\":166,\"height\":145,\"caption\":\"Teia Education & Play\"},\"image\":{\"@id\":\"https:\\\/\\\/teiaeducation.ch\\\/fr\\\/#\\\/schema\\\/logo\\\/image\\\/\"},\"sameAs\":[\"https:\\\/\\\/www.facebook.com\\\/teiaeducation\\\/\",\"https:\\\/\\\/x.com\\\/EducationTeia\",\"https:\\\/\\\/www.instagram.com\\\/teia.education\\\/\",\"https:\\\/\\\/www.linkedin.com\\\/company\\\/35501660\",\"https:\\\/\\\/www.pinterest.ch\\\/TeiaEducation\\\/\"]}]}<\/script>\n<meta property=\"product:price:amount\" content=\"76.00\" \/>\n<meta property=\"product:price:currency\" content=\"CHF\" \/>\n<meta property=\"og:availability\" content=\"instock\" \/>\n<meta property=\"product:availability\" content=\"instock\" \/>\n<meta property=\"product:retailer_item_id\" content=\"00000000000000000000000000000000000000000000004122\" \/>\n<meta property=\"product:condition\" content=\"new\" \/>\n<!-- \/ Yoast SEO Premium plugin. -->","yoast_head_json":{"title":"Que manque-t-il ? 4 saisons - Educo - Teia Education & Play","description":"Avec le jeu d'association \u00e9ducatif Educo que manque-t-il ?, les enfants apprennent \u00e0 reconna\u00eetre et \u00e0 nommer les 4 saisons.","robots":{"index":"index","follow":"follow","max-snippet":"max-snippet:-1","max-image-preview":"max-image-preview:large","max-video-preview":"max-video-preview:-1"},"canonical":"https:\/\/teiaeducation.ch\/fr\/produit\/jeu-association-educatif-que-manque-t-il-4-saisons-educo\/","og_locale":"fr_FR","og_type":"article","og_title":"Jeu \u00e9ducatif 4 saisons - Educo","og_description":"Avec le jeu d'association \u00e9ducatif Educo que manque-t-il ?, les enfants apprennent \u00e0 reconna\u00eetre et \u00e0 nommer les 4 saisons.","og_url":"https:\/\/teiaeducation.ch\/fr\/produit\/jeu-association-educatif-que-manque-t-il-4-saisons-educo\/","og_site_name":"Sustainable Educational Products &amp; Ecological Toys\u00a0","article_publisher":"https:\/\/www.facebook.com\/teiaeducation\/","article_modified_time":"2023-09-14T09:51:31+00:00","og_image":[{"width":900,"height":900,"url":"https:\/\/teiaeducation.ch\/wp-content\/uploads\/2021\/11\/What-is-missing-4-seasons-educational-matching-game-Educo-scaled.jpg","type":"image\/jpeg"}],"schema":{"@context":"https:\/\/schema.org","@graph":[{"@type":"WebPage","@id":"https:\/\/teiaeducation.ch\/fr\/produit\/jeu-association-educatif-que-manque-t-il-4-saisons-educo\/","url":"https:\/\/teiaeducation.ch\/fr\/produit\/jeu-association-educatif-que-manque-t-il-4-saisons-educo\/","name":"Que manque-t-il ? 4 saisons - Educo - Teia Education & Play","isPartOf":{"@id":"https:\/\/teiaeducation.ch\/fr\/#website"},"primaryImageOfPage":{"@id":"https:\/\/teiaeducation.ch\/fr\/produit\/jeu-association-educatif-que-manque-t-il-4-saisons-educo\/#primaryimage"},"image":{"@id":"https:\/\/teiaeducation.ch\/fr\/produit\/jeu-association-educatif-que-manque-t-il-4-saisons-educo\/#primaryimage"},"thumbnailUrl":"https:\/\/teiaeducation.ch\/wp-content\/uploads\/2021\/11\/What-is-missing-4-seasons-educational-matching-game-Educo-scaled.jpg","datePublished":"2021-12-21T11:47:23+00:00","dateModified":"2023-09-14T09:51:31+00:00","description":"Avec le jeu d'association \u00e9ducatif Educo que manque-t-il ?, les enfants apprennent \u00e0 reconna\u00eetre et \u00e0 nommer les 4 saisons.","breadcrumb":{"@id":"https:\/\/teiaeducation.ch\/fr\/produit\/jeu-association-educatif-que-manque-t-il-4-saisons-educo\/#breadcrumb"},"inLanguage":"fr-FR","potentialAction":[{"@type":"ReadAction","target":["https:\/\/teiaeducation.ch\/fr\/produit\/jeu-association-educatif-que-manque-t-il-4-saisons-educo\/"]}]},{"@type":"ImageObject","inLanguage":"fr-FR","@id":"https:\/\/teiaeducation.ch\/fr\/produit\/jeu-association-educatif-que-manque-t-il-4-saisons-educo\/#primaryimage","url":"https:\/\/teiaeducation.ch\/wp-content\/uploads\/2021\/11\/What-is-missing-4-seasons-educational-matching-game-Educo-scaled.jpg","contentUrl":"https:\/\/teiaeducation.ch\/wp-content\/uploads\/2021\/11\/What-is-missing-4-seasons-educational-matching-game-Educo-scaled.jpg","width":900,"height":900,"caption":"Que manque-t-il ? 4 saisons jeu d'association \u00e9ducatif - Educo"},{"@type":"BreadcrumbList","@id":"https:\/\/teiaeducation.ch\/fr\/produit\/jeu-association-educatif-que-manque-t-il-4-saisons-educo\/#breadcrumb","itemListElement":[{"@type":"ListItem","position":1,"name":"Home","item":"https:\/\/teiaeducation.ch\/fr\/"},{"@type":"ListItem","position":2,"name":"Boutique Teia Education &amp; Play","item":"https:\/\/teiaeducation.ch\/fr\/boutique\/"},{"@type":"ListItem","position":3,"name":"Nos Marques","item":"https:\/\/teiaeducation.ch\/fr\/categorie-produit\/marques\/"},{"@type":"ListItem","position":4,"name":"Educo","item":"https:\/\/teiaeducation.ch\/fr\/categorie-produit\/marques\/educo-fr\/"},{"@type":"ListItem","position":5,"name":"Jeu Math\u00e9matique","item":"https:\/\/teiaeducation.ch\/fr\/categorie-produit\/marques\/educo-fr\/jeu-mathematique\/"},{"@type":"ListItem","position":6,"name":"Mesurer","item":"https:\/\/teiaeducation.ch\/fr\/categorie-produit\/marques\/educo-fr\/jeu-mathematique\/mesurer-jeu-mathematique\/"},{"@type":"ListItem","position":7,"name":"Jeu \u00e9ducatif 4 saisons &#8211; Educo"}]},{"@type":"WebSite","@id":"https:\/\/teiaeducation.ch\/fr\/#website","url":"https:\/\/teiaeducation.ch\/fr\/","name":"Sustainable Educational Products &amp; Ecological Toys\u00a0","description":"Specialised Swiss shop selling sustainable educational toys and games, AMI certified Montessori materials, handmade ecological wooden Waldorf toys and arts &amp; crafts supplies, school supplies, children&#039;s furniture and Montessori reference and parenting books.","publisher":{"@id":"https:\/\/teiaeducation.ch\/fr\/#organization"},"alternateName":"Teia Education & Play","potentialAction":[{"@type":"SearchAction","target":{"@type":"EntryPoint","urlTemplate":"https:\/\/teiaeducation.ch\/fr\/?s={search_term_string}"},"query-input":{"@type":"PropertyValueSpecification","valueRequired":true,"valueName":"search_term_string"}}],"inLanguage":"fr-FR"},{"@type":"Organization","@id":"https:\/\/teiaeducation.ch\/fr\/#organization","name":"Teia Education & Play","url":"https:\/\/teiaeducation.ch\/fr\/","logo":{"@type":"ImageObject","inLanguage":"fr-FR","@id":"https:\/\/teiaeducation.ch\/fr\/#\/schema\/logo\/image\/","url":"https:\/\/teiaeducation.ch\/wp-content\/uploads\/2020\/11\/Teia-Education-Switzerland-e1620156442216.jpg","contentUrl":"https:\/\/teiaeducation.ch\/wp-content\/uploads\/2020\/11\/Teia-Education-Switzerland-e1620156442216.jpg","width":166,"height":145,"caption":"Teia Education & Play"},"image":{"@id":"https:\/\/teiaeducation.ch\/fr\/#\/schema\/logo\/image\/"},"sameAs":["https:\/\/www.facebook.com\/teiaeducation\/","https:\/\/x.com\/EducationTeia","https:\/\/www.instagram.com\/teia.education\/","https:\/\/www.linkedin.com\/company\/35501660","https:\/\/www.pinterest.ch\/TeiaEducation\/"]}]},"product_price_amount":"76.00","product_price_currency":"CHF","og_availability":"instock","product_availability":"instock","product_retailer_item_id":"00000000000000000000000000000000000000000000004122","product_condition":"new"},"_links":{"self":[{"href":"https:\/\/teiaeducation.ch\/fr\/wp-json\/wp\/v2\/product\/40502","targetHints":{"allow":["GET"]}}],"collection":[{"href":"https:\/\/teiaeducation.ch\/fr\/wp-json\/wp\/v2\/product"}],"about":[{"href":"https:\/\/teiaeducation.ch\/fr\/wp-json\/wp\/v2\/types\/product"}],"replies":[{"embeddable":true,"href":"https:\/\/teiaeducation.ch\/fr\/wp-json\/wp\/v2\/comments?post=40502"}],"wp:featuredmedia":[{"embeddable":true,"href":"https:\/\/teiaeducation.ch\/fr\/wp-json\/wp\/v2\/media\/40510"}],"wp:attachment":[{"href":"https:\/\/teiaeducation.ch\/fr\/wp-json\/wp\/v2\/media?parent=40502"}],"wp:term":[{"taxonomy":"product_brand","embeddable":true,"href":"https:\/\/teiaeducation.ch\/fr\/wp-json\/wp\/v2\/product_brand?post=40502"},{"taxonomy":"product_cat","embeddable":true,"href":"https:\/\/teiaeducation.ch\/fr\/wp-json\/wp\/v2\/product_cat?post=40502"},{"taxonomy":"product_tag","embeddable":true,"href":"https:\/\/teiaeducation.ch\/fr\/wp-json\/wp\/v2\/product_tag?post=40502"}],"curies":[{"name":"wp","href":"https:\/\/api.w.org\/{rel}","templated":true}]}}