{"id":40691,"date":"2021-11-02T09:05:12","date_gmt":"2021-11-02T08:05:12","guid":{"rendered":"https:\/\/teiaeducation.ch\/product\/livre-lapprentissage-montessori-au-21eme-siecle-m-shannon-helfrich\/"},"modified":"2021-11-09T15:21:31","modified_gmt":"2021-11-09T14:21:31","slug":"livre-montessori-apprentissage-dans-le-21e-siecle-m-shannon-helfrich","status":"publish","type":"product","link":"https:\/\/teiaeducation.ch\/fr\/produit\/livre-montessori-apprentissage-dans-le-21e-siecle-m-shannon-helfrich\/","title":{"rendered":"Livre l&#8217;apprentissage Montessori au 21\u00e8me si\u00e8cle &#8211; M. Shannon Helfrich"},"content":{"rendered":"<p>Livre l&#8217;apprentissage Montessori au 21\u00e8me si\u00e8cle un guide pour les parents et les enseignants\u00a0par M. Shannon Helfrich (en anglais)<\/p>\n<p>Le livre l&#8217;apprentissage Montessori au 21\u00e8me si\u00e8cle un guide pour les parents et les enseignants\u00a0de M. Shannon Helfrich r\u00e9pond \u00e0 une demande croissante de livres contemporains sur l&#8217;\u00e9ducation <a href=\"https:\/\/teiaeducation.ch\/fr\/categorie-produit\/methode-deducation\/montessori-fr\/\">Montessori<\/a>\u00a0et la fa\u00e7on dont elle s&#8217;applique \u00e0 l&#8217;apprentissage et \u00e0 l&#8217;\u00e9ducation des enfants au 21e si\u00e8cle.<\/p>\n<p>Ce livre confirme le r\u00f4le central du Dr Montessori dans l&#8217;histoire de l&#8217;\u00e9ducation des enfants au niveau international. Dr Maria Montessori a \u00e9labor\u00e9 ses th\u00e9ories et m\u00e9thodes d&#8217;\u00e9ducation des jeunes il y a plus de cent ans. Aujourd&#8217;hui, la plupart des conclusions empiriques du Dr Montessori sur le d\u00e9veloppement et le fonctionnement du cerveau de l&#8217;enfant ont \u00e9t\u00e9 confirm\u00e9es par de r\u00e9centes \u00e9tudes neurologiques et psychologiques sur l&#8217;apprentissage des enfants.<\/p>\n<p>Ce livre instructif et qui incite \u00e0 la r\u00e9flexion encourage les parents \u00e0 r\u00e9fl\u00e9chir \u00e0 la meilleure fa\u00e7on d&#8217;interagir avec leurs enfants, ainsi qu&#8217;\u00e0 comprendre et \u00e0 offrir une vari\u00e9t\u00e9 de moyens pour contribuer \u00e0 leur d\u00e9veloppement. Il repr\u00e9sente les connaissances et les observations approfondies de l&#8217;auteur sur le d\u00e9veloppement des enfants, gr\u00e2ce \u00e0 sa longue exp\u00e9rience de travail avec des enfants de tous \u00e2ges et de tous milieux. Ses anecdotes sont \u00e0 la fois divertissantes et perspicaces, et tous les parents, nouveaux ou non, y trouveront de l&#8217;inspiration et des perspectives nouvelles.<\/p>\n<p>2011 \u00e9dition, publi\u00e9e par NewSage Press.<\/p>\n<p>Contenu :<\/p>\n<p>1 livre \u00e0 couverture souple &#8211; 204 pages<\/p>\n","protected":false},"excerpt":{"rendered":"<p>Num\u00e9ro d&#8217;article: 533000<\/p>\n<p>Montessori learning in the 21st century, a guide for parents &amp; teachers de Shannon Helfrich r\u00e9pond \u00e0 une demande de livres contemporains sur l&#8217;\u00e9ducation Montessori.<\/p>\n","protected":false},"featured_media":13644,"comment_status":"open","ping_status":"closed","template":"","meta":[],"product_brand":[],"product_cat":[271,311,20666,7595,1218,207,217,292,212],"product_tag":[21968,21967,7608,803,7677,7646],"class_list":{"0":"post-40691","1":"product","2":"type-product","3":"status-publish","4":"has-post-thumbnail","6":"product_cat-livres","7":"product_cat-livres-appui-au-curriculum","8":"product_cat-livres-montessori","9":"product_cat-methode-deducation","10":"product_cat-montessori-fr","11":"product_cat-nienhuis-montessori-materiel-fr","12":"product_cat-marques","13":"product_cat-appui-au-curriculum","14":"product_cat-tranche-dage","15":"product_tag-livre-montessori-learning-in-the-21st-century-a-guide-for-parents-teachers-par-m-shannon-helfrich","16":"product_tag-livre-pour-les-parents-montessori","17":"product_tag-livres-et-plus","18":"product_tag-nienhuis-montessori-fr","19":"product_tag-pour-les-parents","20":"product_tag-reference-fr","22":"first","23":"onbackorder","24":"sold-individually","25":"taxable","26":"shipping-taxable","27":"purchasable","28":"product-type-simple"},"yoast_head":"<!-- This site is optimized with the Yoast SEO plugin v27.3 - https:\/\/yoast.com\/product\/yoast-seo-wordpress\/ -->\n<title>Livre l&#039;apprentissage Montessori au 21\u00e8me si\u00e8cle - M. Shannon Helfrich -<\/title>\n<meta name=\"description\" content=\"Le livre l&#039;apprentissage Montessori au 21\u00e8me si\u00e8cle de M. Shannon Helfrich est un guide pour les parents et les enseignants\u00a0Montessori.\" \/>\n<meta name=\"robots\" content=\"index, follow, max-snippet:-1, max-image-preview:large, max-video-preview:-1\" \/>\n<link rel=\"canonical\" href=\"https:\/\/teiaeducation.ch\/fr\/produit\/livre-montessori-apprentissage-dans-le-21e-siecle-m-shannon-helfrich\/\" \/>\n<meta property=\"og:locale\" content=\"fr_FR\" \/>\n<meta property=\"og:type\" content=\"article\" \/>\n<meta property=\"og:title\" content=\"Livre l&#039;apprentissage Montessori au 21\u00e8me si\u00e8cle - M. Shannon Helfrich -\" \/>\n<meta property=\"og:description\" content=\"Le livre l&#039;apprentissage Montessori au 21\u00e8me si\u00e8cle de M. Shannon Helfrich est un guide pour les parents et les enseignants\u00a0Montessori.\" \/>\n<meta property=\"og:url\" content=\"https:\/\/teiaeducation.ch\/fr\/produit\/livre-montessori-apprentissage-dans-le-21e-siecle-m-shannon-helfrich\/\" \/>\n<meta property=\"og:site_name\" content=\"Sustainable Educational Products &amp; Ecological Toys\u00a0\" \/>\n<meta property=\"article:publisher\" content=\"https:\/\/www.facebook.com\/teiaeducation\/\" \/>\n<meta property=\"article:modified_time\" content=\"2021-11-09T14:21:31+00:00\" \/>\n<meta property=\"og:image\" content=\"https:\/\/teiaeducation.ch\/wp-content\/uploads\/2019\/05\/400_533000_main_or_1-scaled-scaled.jpg\" \/>\n\t<meta property=\"og:image:width\" content=\"2048\" \/>\n\t<meta property=\"og:image:height\" content=\"2048\" \/>\n\t<meta property=\"og:image:type\" content=\"image\/jpeg\" \/>\n<script type=\"application\/ld+json\" class=\"yoast-schema-graph\">{\"@context\":\"https:\\\/\\\/schema.org\",\"@graph\":[{\"@type\":\"WebPage\",\"@id\":\"https:\\\/\\\/teiaeducation.ch\\\/fr\\\/produit\\\/livre-montessori-apprentissage-dans-le-21e-siecle-m-shannon-helfrich\\\/\",\"url\":\"https:\\\/\\\/teiaeducation.ch\\\/fr\\\/produit\\\/livre-montessori-apprentissage-dans-le-21e-siecle-m-shannon-helfrich\\\/\",\"name\":\"Livre l'apprentissage Montessori au 21\u00e8me si\u00e8cle - M. Shannon Helfrich -\",\"isPartOf\":{\"@id\":\"https:\\\/\\\/teiaeducation.ch\\\/fr\\\/#website\"},\"primaryImageOfPage\":{\"@id\":\"https:\\\/\\\/teiaeducation.ch\\\/fr\\\/produit\\\/livre-montessori-apprentissage-dans-le-21e-siecle-m-shannon-helfrich\\\/#primaryimage\"},\"image\":{\"@id\":\"https:\\\/\\\/teiaeducation.ch\\\/fr\\\/produit\\\/livre-montessori-apprentissage-dans-le-21e-siecle-m-shannon-helfrich\\\/#primaryimage\"},\"thumbnailUrl\":\"https:\\\/\\\/teiaeducation.ch\\\/wp-content\\\/uploads\\\/2019\\\/05\\\/400_533000_main_or_1-scaled-scaled.jpg\",\"datePublished\":\"2021-11-02T08:05:12+00:00\",\"dateModified\":\"2021-11-09T14:21:31+00:00\",\"description\":\"Le livre l'apprentissage Montessori au 21\u00e8me si\u00e8cle de M. Shannon Helfrich est un guide pour les parents et les enseignants\u00a0Montessori.\",\"breadcrumb\":{\"@id\":\"https:\\\/\\\/teiaeducation.ch\\\/fr\\\/produit\\\/livre-montessori-apprentissage-dans-le-21e-siecle-m-shannon-helfrich\\\/#breadcrumb\"},\"inLanguage\":\"fr-FR\",\"potentialAction\":[{\"@type\":\"ReadAction\",\"target\":[\"https:\\\/\\\/teiaeducation.ch\\\/fr\\\/produit\\\/livre-montessori-apprentissage-dans-le-21e-siecle-m-shannon-helfrich\\\/\"]}]},{\"@type\":\"ImageObject\",\"inLanguage\":\"fr-FR\",\"@id\":\"https:\\\/\\\/teiaeducation.ch\\\/fr\\\/produit\\\/livre-montessori-apprentissage-dans-le-21e-siecle-m-shannon-helfrich\\\/#primaryimage\",\"url\":\"https:\\\/\\\/teiaeducation.ch\\\/wp-content\\\/uploads\\\/2019\\\/05\\\/400_533000_main_or_1-scaled-scaled.jpg\",\"contentUrl\":\"https:\\\/\\\/teiaeducation.ch\\\/wp-content\\\/uploads\\\/2019\\\/05\\\/400_533000_main_or_1-scaled-scaled.jpg\",\"width\":2048,\"height\":2048,\"caption\":\"Livre Montessori learning in the 21st century a guide for parents &amp; teachers par M. Shannon Helfrich\"},{\"@type\":\"BreadcrumbList\",\"@id\":\"https:\\\/\\\/teiaeducation.ch\\\/fr\\\/produit\\\/livre-montessori-apprentissage-dans-le-21e-siecle-m-shannon-helfrich\\\/#breadcrumb\",\"itemListElement\":[{\"@type\":\"ListItem\",\"position\":1,\"name\":\"Home\",\"item\":\"https:\\\/\\\/teiaeducation.ch\\\/fr\\\/\"},{\"@type\":\"ListItem\",\"position\":2,\"name\":\"Boutique Teia Education &amp; Play\",\"item\":\"https:\\\/\\\/teiaeducation.ch\\\/fr\\\/boutique\\\/\"},{\"@type\":\"ListItem\",\"position\":3,\"name\":\"Nos Marques\",\"item\":\"https:\\\/\\\/teiaeducation.ch\\\/fr\\\/categorie-produit\\\/marques\\\/\"},{\"@type\":\"ListItem\",\"position\":4,\"name\":\"Nienhuis Montessori Suisse\",\"item\":\"https:\\\/\\\/teiaeducation.ch\\\/fr\\\/categorie-produit\\\/marques\\\/nienhuis-montessori-materiel-fr\\\/\"},{\"@type\":\"ListItem\",\"position\":5,\"name\":\"Livres\",\"item\":\"https:\\\/\\\/teiaeducation.ch\\\/fr\\\/categorie-produit\\\/marques\\\/nienhuis-montessori-materiel-fr\\\/livres\\\/\"},{\"@type\":\"ListItem\",\"position\":6,\"name\":\"Livre l&#8217;apprentissage Montessori au 21\u00e8me si\u00e8cle &#8211; M. Shannon Helfrich\"}]},{\"@type\":\"WebSite\",\"@id\":\"https:\\\/\\\/teiaeducation.ch\\\/fr\\\/#website\",\"url\":\"https:\\\/\\\/teiaeducation.ch\\\/fr\\\/\",\"name\":\"Sustainable Educational Products &amp; Ecological Toys\u00a0\",\"description\":\"Specialised Swiss shop selling sustainable educational toys and games, AMI certified Montessori materials, handmade ecological wooden Waldorf toys and arts &amp; crafts supplies, school supplies, children&#039;s furniture and Montessori reference and parenting books.\",\"publisher\":{\"@id\":\"https:\\\/\\\/teiaeducation.ch\\\/fr\\\/#organization\"},\"alternateName\":\"Teia Education & Play\",\"potentialAction\":[{\"@type\":\"SearchAction\",\"target\":{\"@type\":\"EntryPoint\",\"urlTemplate\":\"https:\\\/\\\/teiaeducation.ch\\\/fr\\\/?s={search_term_string}\"},\"query-input\":{\"@type\":\"PropertyValueSpecification\",\"valueRequired\":true,\"valueName\":\"search_term_string\"}}],\"inLanguage\":\"fr-FR\"},{\"@type\":\"Organization\",\"@id\":\"https:\\\/\\\/teiaeducation.ch\\\/fr\\\/#organization\",\"name\":\"Teia Education & Play\",\"url\":\"https:\\\/\\\/teiaeducation.ch\\\/fr\\\/\",\"logo\":{\"@type\":\"ImageObject\",\"inLanguage\":\"fr-FR\",\"@id\":\"https:\\\/\\\/teiaeducation.ch\\\/fr\\\/#\\\/schema\\\/logo\\\/image\\\/\",\"url\":\"https:\\\/\\\/teiaeducation.ch\\\/wp-content\\\/uploads\\\/2020\\\/11\\\/Teia-Education-Switzerland-e1620156442216.jpg\",\"contentUrl\":\"https:\\\/\\\/teiaeducation.ch\\\/wp-content\\\/uploads\\\/2020\\\/11\\\/Teia-Education-Switzerland-e1620156442216.jpg\",\"width\":166,\"height\":145,\"caption\":\"Teia Education & Play\"},\"image\":{\"@id\":\"https:\\\/\\\/teiaeducation.ch\\\/fr\\\/#\\\/schema\\\/logo\\\/image\\\/\"},\"sameAs\":[\"https:\\\/\\\/www.facebook.com\\\/teiaeducation\\\/\",\"https:\\\/\\\/x.com\\\/EducationTeia\",\"https:\\\/\\\/www.instagram.com\\\/teia.education\\\/\",\"https:\\\/\\\/www.linkedin.com\\\/company\\\/35501660\",\"https:\\\/\\\/www.pinterest.ch\\\/TeiaEducation\\\/\"]}]}<\/script>\n<!-- \/ Yoast SEO plugin. -->","yoast_head_json":{"title":"Livre l'apprentissage Montessori au 21\u00e8me si\u00e8cle - M. Shannon Helfrich -","description":"Le livre l'apprentissage Montessori au 21\u00e8me si\u00e8cle de M. Shannon Helfrich est un guide pour les parents et les enseignants\u00a0Montessori.","robots":{"index":"index","follow":"follow","max-snippet":"max-snippet:-1","max-image-preview":"max-image-preview:large","max-video-preview":"max-video-preview:-1"},"canonical":"https:\/\/teiaeducation.ch\/fr\/produit\/livre-montessori-apprentissage-dans-le-21e-siecle-m-shannon-helfrich\/","og_locale":"fr_FR","og_type":"article","og_title":"Livre l'apprentissage Montessori au 21\u00e8me si\u00e8cle - M. Shannon Helfrich -","og_description":"Le livre l'apprentissage Montessori au 21\u00e8me si\u00e8cle de M. Shannon Helfrich est un guide pour les parents et les enseignants\u00a0Montessori.","og_url":"https:\/\/teiaeducation.ch\/fr\/produit\/livre-montessori-apprentissage-dans-le-21e-siecle-m-shannon-helfrich\/","og_site_name":"Sustainable Educational Products &amp; Ecological Toys\u00a0","article_publisher":"https:\/\/www.facebook.com\/teiaeducation\/","article_modified_time":"2021-11-09T14:21:31+00:00","og_image":[{"width":2048,"height":2048,"url":"https:\/\/teiaeducation.ch\/wp-content\/uploads\/2019\/05\/400_533000_main_or_1-scaled-scaled.jpg","type":"image\/jpeg"}],"schema":{"@context":"https:\/\/schema.org","@graph":[{"@type":"WebPage","@id":"https:\/\/teiaeducation.ch\/fr\/produit\/livre-montessori-apprentissage-dans-le-21e-siecle-m-shannon-helfrich\/","url":"https:\/\/teiaeducation.ch\/fr\/produit\/livre-montessori-apprentissage-dans-le-21e-siecle-m-shannon-helfrich\/","name":"Livre l'apprentissage Montessori au 21\u00e8me si\u00e8cle - M. Shannon Helfrich -","isPartOf":{"@id":"https:\/\/teiaeducation.ch\/fr\/#website"},"primaryImageOfPage":{"@id":"https:\/\/teiaeducation.ch\/fr\/produit\/livre-montessori-apprentissage-dans-le-21e-siecle-m-shannon-helfrich\/#primaryimage"},"image":{"@id":"https:\/\/teiaeducation.ch\/fr\/produit\/livre-montessori-apprentissage-dans-le-21e-siecle-m-shannon-helfrich\/#primaryimage"},"thumbnailUrl":"https:\/\/teiaeducation.ch\/wp-content\/uploads\/2019\/05\/400_533000_main_or_1-scaled-scaled.jpg","datePublished":"2021-11-02T08:05:12+00:00","dateModified":"2021-11-09T14:21:31+00:00","description":"Le livre l'apprentissage Montessori au 21\u00e8me si\u00e8cle de M. Shannon Helfrich est un guide pour les parents et les enseignants\u00a0Montessori.","breadcrumb":{"@id":"https:\/\/teiaeducation.ch\/fr\/produit\/livre-montessori-apprentissage-dans-le-21e-siecle-m-shannon-helfrich\/#breadcrumb"},"inLanguage":"fr-FR","potentialAction":[{"@type":"ReadAction","target":["https:\/\/teiaeducation.ch\/fr\/produit\/livre-montessori-apprentissage-dans-le-21e-siecle-m-shannon-helfrich\/"]}]},{"@type":"ImageObject","inLanguage":"fr-FR","@id":"https:\/\/teiaeducation.ch\/fr\/produit\/livre-montessori-apprentissage-dans-le-21e-siecle-m-shannon-helfrich\/#primaryimage","url":"https:\/\/teiaeducation.ch\/wp-content\/uploads\/2019\/05\/400_533000_main_or_1-scaled-scaled.jpg","contentUrl":"https:\/\/teiaeducation.ch\/wp-content\/uploads\/2019\/05\/400_533000_main_or_1-scaled-scaled.jpg","width":2048,"height":2048,"caption":"Livre Montessori learning in the 21st century a guide for parents &amp; teachers par M. Shannon Helfrich"},{"@type":"BreadcrumbList","@id":"https:\/\/teiaeducation.ch\/fr\/produit\/livre-montessori-apprentissage-dans-le-21e-siecle-m-shannon-helfrich\/#breadcrumb","itemListElement":[{"@type":"ListItem","position":1,"name":"Home","item":"https:\/\/teiaeducation.ch\/fr\/"},{"@type":"ListItem","position":2,"name":"Boutique Teia Education &amp; Play","item":"https:\/\/teiaeducation.ch\/fr\/boutique\/"},{"@type":"ListItem","position":3,"name":"Nos Marques","item":"https:\/\/teiaeducation.ch\/fr\/categorie-produit\/marques\/"},{"@type":"ListItem","position":4,"name":"Nienhuis Montessori Suisse","item":"https:\/\/teiaeducation.ch\/fr\/categorie-produit\/marques\/nienhuis-montessori-materiel-fr\/"},{"@type":"ListItem","position":5,"name":"Livres","item":"https:\/\/teiaeducation.ch\/fr\/categorie-produit\/marques\/nienhuis-montessori-materiel-fr\/livres\/"},{"@type":"ListItem","position":6,"name":"Livre l&#8217;apprentissage Montessori au 21\u00e8me si\u00e8cle &#8211; M. Shannon Helfrich"}]},{"@type":"WebSite","@id":"https:\/\/teiaeducation.ch\/fr\/#website","url":"https:\/\/teiaeducation.ch\/fr\/","name":"Sustainable Educational Products &amp; Ecological Toys\u00a0","description":"Specialised Swiss shop selling sustainable educational toys and games, AMI certified Montessori materials, handmade ecological wooden Waldorf toys and arts &amp; crafts supplies, school supplies, children&#039;s furniture and Montessori reference and parenting books.","publisher":{"@id":"https:\/\/teiaeducation.ch\/fr\/#organization"},"alternateName":"Teia Education & Play","potentialAction":[{"@type":"SearchAction","target":{"@type":"EntryPoint","urlTemplate":"https:\/\/teiaeducation.ch\/fr\/?s={search_term_string}"},"query-input":{"@type":"PropertyValueSpecification","valueRequired":true,"valueName":"search_term_string"}}],"inLanguage":"fr-FR"},{"@type":"Organization","@id":"https:\/\/teiaeducation.ch\/fr\/#organization","name":"Teia Education & Play","url":"https:\/\/teiaeducation.ch\/fr\/","logo":{"@type":"ImageObject","inLanguage":"fr-FR","@id":"https:\/\/teiaeducation.ch\/fr\/#\/schema\/logo\/image\/","url":"https:\/\/teiaeducation.ch\/wp-content\/uploads\/2020\/11\/Teia-Education-Switzerland-e1620156442216.jpg","contentUrl":"https:\/\/teiaeducation.ch\/wp-content\/uploads\/2020\/11\/Teia-Education-Switzerland-e1620156442216.jpg","width":166,"height":145,"caption":"Teia Education & Play"},"image":{"@id":"https:\/\/teiaeducation.ch\/fr\/#\/schema\/logo\/image\/"},"sameAs":["https:\/\/www.facebook.com\/teiaeducation\/","https:\/\/x.com\/EducationTeia","https:\/\/www.instagram.com\/teia.education\/","https:\/\/www.linkedin.com\/company\/35501660","https:\/\/www.pinterest.ch\/TeiaEducation\/"]}]}},"_links":{"self":[{"href":"https:\/\/teiaeducation.ch\/fr\/wp-json\/wp\/v2\/product\/40691","targetHints":{"allow":["GET"]}}],"collection":[{"href":"https:\/\/teiaeducation.ch\/fr\/wp-json\/wp\/v2\/product"}],"about":[{"href":"https:\/\/teiaeducation.ch\/fr\/wp-json\/wp\/v2\/types\/product"}],"replies":[{"embeddable":true,"href":"https:\/\/teiaeducation.ch\/fr\/wp-json\/wp\/v2\/comments?post=40691"}],"wp:featuredmedia":[{"embeddable":true,"href":"https:\/\/teiaeducation.ch\/fr\/wp-json\/wp\/v2\/media\/13644"}],"wp:attachment":[{"href":"https:\/\/teiaeducation.ch\/fr\/wp-json\/wp\/v2\/media?parent=40691"}],"wp:term":[{"taxonomy":"product_brand","embeddable":true,"href":"https:\/\/teiaeducation.ch\/fr\/wp-json\/wp\/v2\/product_brand?post=40691"},{"taxonomy":"product_cat","embeddable":true,"href":"https:\/\/teiaeducation.ch\/fr\/wp-json\/wp\/v2\/product_cat?post=40691"},{"taxonomy":"product_tag","embeddable":true,"href":"https:\/\/teiaeducation.ch\/fr\/wp-json\/wp\/v2\/product_tag?post=40691"}],"curies":[{"name":"wp","href":"https:\/\/api.w.org\/{rel}","templated":true}]}}