{"id":40692,"date":"2021-11-02T09:05:12","date_gmt":"2021-11-02T08:05:12","guid":{"rendered":"https:\/\/teiaeducation.ch\/product\/livre-montessori-pour-vous-et-votre-enfant-mary-da-prato\/"},"modified":"2021-11-09T15:15:44","modified_gmt":"2021-11-09T14:15:44","slug":"livre-montessori-pour-toi-et-ton-enfant-mary-da-prato","status":"publish","type":"product","link":"https:\/\/teiaeducation.ch\/fr\/produit\/livre-montessori-pour-toi-et-ton-enfant-mary-da-prato\/","title":{"rendered":"Livre Montessori pour vous et votre enfant &#8211; Mary Da Prato"},"content":{"rendered":"<p>Livre Montessori pour vous et votre enfant en anglais &#8211; Mary Da Prato<\/p>\n<p>Vous \u00eates-vous d\u00e9j\u00e0 demand\u00e9 ce qu&#8217;est Montessori ? Beaucoup d&#8217;entre nous ont entendu le nom &#8220;Montessori&#8221; mais ne savent pas ce que Montessori enseigne. Le <a href=\"https:\/\/teiaeducation.ch\/fr\/categorie-produit\/appui-au-curriculum\/livres-appui-au-curriculum\/livres-montessori\/\">livre Montessori<\/a> pour vous et votre enfant est un ouvrage pratique sous forme de questions-r\u00e9ponses qui d\u00e9voile le myst\u00e8re de la m\u00e9thode Montessori afin que les familles puissent faire un choix \u00e9clair\u00e9 pour leurs enfants.<\/p>\n<p>Depuis plus de 100 ans, la m\u00e9thode Montessori, fond\u00e9e sur les observations scientifiques de Maria Montessori, l&#8217;une des premi\u00e8res femmes m\u00e9decins d&#8217;Italie, a permis d&#8217;\u00e9duquer universellement les enfants d&#8217;\u00e2ge pr\u00e9scolaire dans les domaines suivants : aptitudes \u00e0 la vie pratique, \u00e9veil sensoriel, d\u00e9veloppement du langage, art, musique, sciences et math\u00e9matiques. Il s&#8217;agit d&#8217;une m\u00e9thode naturelle d&#8217;apprentissage par la mod\u00e9lisation, la libert\u00e9 de choix et la d\u00e9couverte de soi, avec l&#8217;aide de mat\u00e9riel de manipulation et de guides form\u00e9s pour aider les esprits absorbants \u00e0 devenir des apprenants tout au long de la vie.<\/p>\n<p>La litt\u00e9rature contemporaine sur la m\u00e9thode Montessori est limit\u00e9e. Montessori pour vous et votre enfant d\u00e9voile le myst\u00e8re de Montessori afin que les familles puissent faire un choix \u00e9clair\u00e9 pour leurs enfants d&#8217;\u00e2ge pr\u00e9scolaire.<\/p>\n<p>Mary Da Prato, sp\u00e9cialiste du d\u00e9veloppement de la petite enfance, est dipl\u00f4m\u00e9e de l&#8217;Institut Montessori du Nord-Ouest et poss\u00e8de un dipl\u00f4me primaire de l&#8217;Association Montessori Internationale (AMI) pour l&#8217;enseignement aux enfants de 3 \u00e0 6 ans et plus. Ce dipl\u00f4me est reconnu dans 110 pays comme un standard d&#8217;excellence pour guider le d\u00e9veloppement de la petite enfance par la th\u00e9orie, l&#8217;observation, la pr\u00e9sentation de mat\u00e9riel et d&#8217;autres activit\u00e9s adapt\u00e9es \u00e0 l&#8217;\u00e2ge.<\/p>\n<p>Premi\u00e8re \u00e9dition de 2011, publi\u00e9e par CreateSpace Independent Publishing Platform.<\/p>\n<p>Contenu :<\/p>\n<p>1 livre \u00e0 couverture souple &#8211; 102 pages<\/p>\n","protected":false},"excerpt":{"rendered":"<p>Num\u00e9ro d&#8217;article: 532800<\/p>\n<p>Montessori pour vous et votre enfant de Mary Da Prato est un livre pratique sous forme de questions-r\u00e9ponses qui d\u00e9voile le myst\u00e8re de la m\u00e9thode Montessori.<\/p>\n","protected":false},"featured_media":13629,"comment_status":"open","ping_status":"closed","template":"","meta":[],"product_brand":[],"product_cat":[271,311,20666,7595,1218,207,217,292,212],"product_tag":[21969,21967,7608,803,7677,7646],"class_list":{"0":"post-40692","1":"product","2":"type-product","3":"status-publish","4":"has-post-thumbnail","6":"product_cat-livres","7":"product_cat-livres-appui-au-curriculum","8":"product_cat-livres-montessori","9":"product_cat-methode-deducation","10":"product_cat-montessori-fr","11":"product_cat-nienhuis-montessori-materiel-fr","12":"product_cat-marques","13":"product_cat-appui-au-curriculum","14":"product_cat-tranche-dage","15":"product_tag-livre-montessori-pour-vous-et-votre-enfant-mary-da-prato","16":"product_tag-livre-pour-les-parents-montessori","17":"product_tag-livres-et-plus","18":"product_tag-nienhuis-montessori-fr","19":"product_tag-pour-les-parents","20":"product_tag-reference-fr","22":"first","23":"onbackorder","24":"sold-individually","25":"taxable","26":"shipping-taxable","27":"purchasable","28":"product-type-simple"},"yoast_head":"<!-- This site is optimized with the Yoast SEO plugin v27.1.1 - https:\/\/yoast.com\/product\/yoast-seo-wordpress\/ -->\n<title>Livre Montessori pour vous et votre enfant - Mary Da Prato - Teia Education &amp; Play<\/title>\n<meta name=\"description\" content=\"Montessori pour vous et votre enfant de Mary Da Prato est un livre qui d\u00e9voile le myst\u00e8re de la m\u00e9thode Montessori.\" \/>\n<meta name=\"robots\" content=\"index, follow, max-snippet:-1, max-image-preview:large, max-video-preview:-1\" \/>\n<link rel=\"canonical\" href=\"https:\/\/teiaeducation.ch\/fr\/produit\/livre-montessori-pour-toi-et-ton-enfant-mary-da-prato\/\" \/>\n<meta property=\"og:locale\" content=\"fr_FR\" \/>\n<meta property=\"og:type\" content=\"article\" \/>\n<meta property=\"og:title\" content=\"Livre Montessori pour vous et votre enfant - Mary Da Prato - Teia Education &amp; Play\" \/>\n<meta property=\"og:description\" content=\"Montessori pour vous et votre enfant de Mary Da Prato est un livre qui d\u00e9voile le myst\u00e8re de la m\u00e9thode Montessori.\" \/>\n<meta property=\"og:url\" content=\"https:\/\/teiaeducation.ch\/fr\/produit\/livre-montessori-pour-toi-et-ton-enfant-mary-da-prato\/\" \/>\n<meta property=\"og:site_name\" content=\"Sustainable Educational Products &amp; Ecological Toys\u00a0\" \/>\n<meta property=\"article:publisher\" content=\"https:\/\/www.facebook.com\/teiaeducation\/\" \/>\n<meta property=\"article:modified_time\" content=\"2021-11-09T14:15:44+00:00\" \/>\n<meta property=\"og:image\" content=\"https:\/\/teiaeducation.ch\/wp-content\/uploads\/2019\/05\/400_532800_main_or_1-scaled-scaled.jpg\" \/>\n\t<meta property=\"og:image:width\" content=\"2048\" \/>\n\t<meta property=\"og:image:height\" content=\"2048\" \/>\n\t<meta property=\"og:image:type\" content=\"image\/jpeg\" \/>\n<script type=\"application\/ld+json\" class=\"yoast-schema-graph\">{\"@context\":\"https:\/\/schema.org\",\"@graph\":[{\"@type\":\"WebPage\",\"@id\":\"https:\/\/teiaeducation.ch\/fr\/produit\/livre-montessori-pour-toi-et-ton-enfant-mary-da-prato\/\",\"url\":\"https:\/\/teiaeducation.ch\/fr\/produit\/livre-montessori-pour-toi-et-ton-enfant-mary-da-prato\/\",\"name\":\"Livre Montessori pour vous et votre enfant - Mary Da Prato - Teia Education & Play\",\"isPartOf\":{\"@id\":\"https:\/\/teiaeducation.ch\/fr\/#website\"},\"primaryImageOfPage\":{\"@id\":\"https:\/\/teiaeducation.ch\/fr\/produit\/livre-montessori-pour-toi-et-ton-enfant-mary-da-prato\/#primaryimage\"},\"image\":{\"@id\":\"https:\/\/teiaeducation.ch\/fr\/produit\/livre-montessori-pour-toi-et-ton-enfant-mary-da-prato\/#primaryimage\"},\"thumbnailUrl\":\"https:\/\/teiaeducation.ch\/wp-content\/uploads\/2019\/05\/400_532800_main_or_1-scaled-scaled.jpg\",\"datePublished\":\"2021-11-02T08:05:12+00:00\",\"dateModified\":\"2021-11-09T14:15:44+00:00\",\"description\":\"Montessori pour vous et votre enfant de Mary Da Prato est un livre qui d\u00e9voile le myst\u00e8re de la m\u00e9thode Montessori.\",\"breadcrumb\":{\"@id\":\"https:\/\/teiaeducation.ch\/fr\/produit\/livre-montessori-pour-toi-et-ton-enfant-mary-da-prato\/#breadcrumb\"},\"inLanguage\":\"fr-FR\",\"potentialAction\":[{\"@type\":\"ReadAction\",\"target\":[\"https:\/\/teiaeducation.ch\/fr\/produit\/livre-montessori-pour-toi-et-ton-enfant-mary-da-prato\/\"]}]},{\"@type\":\"ImageObject\",\"inLanguage\":\"fr-FR\",\"@id\":\"https:\/\/teiaeducation.ch\/fr\/produit\/livre-montessori-pour-toi-et-ton-enfant-mary-da-prato\/#primaryimage\",\"url\":\"https:\/\/teiaeducation.ch\/wp-content\/uploads\/2019\/05\/400_532800_main_or_1-scaled-scaled.jpg\",\"contentUrl\":\"https:\/\/teiaeducation.ch\/wp-content\/uploads\/2019\/05\/400_532800_main_or_1-scaled-scaled.jpg\",\"width\":2048,\"height\":2048,\"caption\":\"Livre Montessori pour vous et votre enfant - Mary Da Prato\"},{\"@type\":\"BreadcrumbList\",\"@id\":\"https:\/\/teiaeducation.ch\/fr\/produit\/livre-montessori-pour-toi-et-ton-enfant-mary-da-prato\/#breadcrumb\",\"itemListElement\":[{\"@type\":\"ListItem\",\"position\":1,\"name\":\"Home\",\"item\":\"https:\/\/teiaeducation.ch\/fr\/\"},{\"@type\":\"ListItem\",\"position\":2,\"name\":\"Boutique Teia Education &amp; Play\",\"item\":\"https:\/\/teiaeducation.ch\/fr\/boutique\/\"},{\"@type\":\"ListItem\",\"position\":3,\"name\":\"Nos Marques\",\"item\":\"https:\/\/teiaeducation.ch\/fr\/categorie-produit\/marques\/\"},{\"@type\":\"ListItem\",\"position\":4,\"name\":\"Nienhuis Montessori Suisse\",\"item\":\"https:\/\/teiaeducation.ch\/fr\/categorie-produit\/marques\/nienhuis-montessori-materiel-fr\/\"},{\"@type\":\"ListItem\",\"position\":5,\"name\":\"Livres\",\"item\":\"https:\/\/teiaeducation.ch\/fr\/categorie-produit\/marques\/nienhuis-montessori-materiel-fr\/livres\/\"},{\"@type\":\"ListItem\",\"position\":6,\"name\":\"Livre Montessori pour vous et votre enfant &#8211; Mary Da Prato\"}]},{\"@type\":\"WebSite\",\"@id\":\"https:\/\/teiaeducation.ch\/fr\/#website\",\"url\":\"https:\/\/teiaeducation.ch\/fr\/\",\"name\":\"Sustainable Educational Products &amp; Ecological Toys\u00a0\",\"description\":\"Specialised Swiss shop selling sustainable educational toys and games, AMI certified Montessori materials, handmade ecological wooden Waldorf toys and arts &amp; crafts supplies, school supplies, children&#039;s furniture and Montessori reference and parenting books.\",\"publisher\":{\"@id\":\"https:\/\/teiaeducation.ch\/fr\/#organization\"},\"alternateName\":\"Teia Education & Play\",\"potentialAction\":[{\"@type\":\"SearchAction\",\"target\":{\"@type\":\"EntryPoint\",\"urlTemplate\":\"https:\/\/teiaeducation.ch\/fr\/?s={search_term_string}\"},\"query-input\":{\"@type\":\"PropertyValueSpecification\",\"valueRequired\":true,\"valueName\":\"search_term_string\"}}],\"inLanguage\":\"fr-FR\"},{\"@type\":\"Organization\",\"@id\":\"https:\/\/teiaeducation.ch\/fr\/#organization\",\"name\":\"Teia Education & Play\",\"url\":\"https:\/\/teiaeducation.ch\/fr\/\",\"logo\":{\"@type\":\"ImageObject\",\"inLanguage\":\"fr-FR\",\"@id\":\"https:\/\/teiaeducation.ch\/fr\/#\/schema\/logo\/image\/\",\"url\":\"https:\/\/teiaeducation.ch\/wp-content\/uploads\/2020\/11\/Teia-Education-Switzerland-e1620156442216.jpg\",\"contentUrl\":\"https:\/\/teiaeducation.ch\/wp-content\/uploads\/2020\/11\/Teia-Education-Switzerland-e1620156442216.jpg\",\"width\":166,\"height\":145,\"caption\":\"Teia Education & Play\"},\"image\":{\"@id\":\"https:\/\/teiaeducation.ch\/fr\/#\/schema\/logo\/image\/\"},\"sameAs\":[\"https:\/\/www.facebook.com\/teiaeducation\/\",\"https:\/\/x.com\/EducationTeia\",\"https:\/\/www.instagram.com\/teia.education\/\",\"https:\/\/www.linkedin.com\/company\/35501660\",\"https:\/\/www.pinterest.ch\/TeiaEducation\/\"]}]}<\/script>\n<!-- \/ Yoast SEO plugin. -->","yoast_head_json":{"title":"Livre Montessori pour vous et votre enfant - Mary Da Prato - Teia Education & Play","description":"Montessori pour vous et votre enfant de Mary Da Prato est un livre qui d\u00e9voile le myst\u00e8re de la m\u00e9thode Montessori.","robots":{"index":"index","follow":"follow","max-snippet":"max-snippet:-1","max-image-preview":"max-image-preview:large","max-video-preview":"max-video-preview:-1"},"canonical":"https:\/\/teiaeducation.ch\/fr\/produit\/livre-montessori-pour-toi-et-ton-enfant-mary-da-prato\/","og_locale":"fr_FR","og_type":"article","og_title":"Livre Montessori pour vous et votre enfant - Mary Da Prato - Teia Education & Play","og_description":"Montessori pour vous et votre enfant de Mary Da Prato est un livre qui d\u00e9voile le myst\u00e8re de la m\u00e9thode Montessori.","og_url":"https:\/\/teiaeducation.ch\/fr\/produit\/livre-montessori-pour-toi-et-ton-enfant-mary-da-prato\/","og_site_name":"Sustainable Educational Products &amp; Ecological Toys\u00a0","article_publisher":"https:\/\/www.facebook.com\/teiaeducation\/","article_modified_time":"2021-11-09T14:15:44+00:00","og_image":[{"width":2048,"height":2048,"url":"https:\/\/teiaeducation.ch\/wp-content\/uploads\/2019\/05\/400_532800_main_or_1-scaled-scaled.jpg","type":"image\/jpeg"}],"schema":{"@context":"https:\/\/schema.org","@graph":[{"@type":"WebPage","@id":"https:\/\/teiaeducation.ch\/fr\/produit\/livre-montessori-pour-toi-et-ton-enfant-mary-da-prato\/","url":"https:\/\/teiaeducation.ch\/fr\/produit\/livre-montessori-pour-toi-et-ton-enfant-mary-da-prato\/","name":"Livre Montessori pour vous et votre enfant - Mary Da Prato - Teia Education & Play","isPartOf":{"@id":"https:\/\/teiaeducation.ch\/fr\/#website"},"primaryImageOfPage":{"@id":"https:\/\/teiaeducation.ch\/fr\/produit\/livre-montessori-pour-toi-et-ton-enfant-mary-da-prato\/#primaryimage"},"image":{"@id":"https:\/\/teiaeducation.ch\/fr\/produit\/livre-montessori-pour-toi-et-ton-enfant-mary-da-prato\/#primaryimage"},"thumbnailUrl":"https:\/\/teiaeducation.ch\/wp-content\/uploads\/2019\/05\/400_532800_main_or_1-scaled-scaled.jpg","datePublished":"2021-11-02T08:05:12+00:00","dateModified":"2021-11-09T14:15:44+00:00","description":"Montessori pour vous et votre enfant de Mary Da Prato est un livre qui d\u00e9voile le myst\u00e8re de la m\u00e9thode Montessori.","breadcrumb":{"@id":"https:\/\/teiaeducation.ch\/fr\/produit\/livre-montessori-pour-toi-et-ton-enfant-mary-da-prato\/#breadcrumb"},"inLanguage":"fr-FR","potentialAction":[{"@type":"ReadAction","target":["https:\/\/teiaeducation.ch\/fr\/produit\/livre-montessori-pour-toi-et-ton-enfant-mary-da-prato\/"]}]},{"@type":"ImageObject","inLanguage":"fr-FR","@id":"https:\/\/teiaeducation.ch\/fr\/produit\/livre-montessori-pour-toi-et-ton-enfant-mary-da-prato\/#primaryimage","url":"https:\/\/teiaeducation.ch\/wp-content\/uploads\/2019\/05\/400_532800_main_or_1-scaled-scaled.jpg","contentUrl":"https:\/\/teiaeducation.ch\/wp-content\/uploads\/2019\/05\/400_532800_main_or_1-scaled-scaled.jpg","width":2048,"height":2048,"caption":"Livre Montessori pour vous et votre enfant - Mary Da Prato"},{"@type":"BreadcrumbList","@id":"https:\/\/teiaeducation.ch\/fr\/produit\/livre-montessori-pour-toi-et-ton-enfant-mary-da-prato\/#breadcrumb","itemListElement":[{"@type":"ListItem","position":1,"name":"Home","item":"https:\/\/teiaeducation.ch\/fr\/"},{"@type":"ListItem","position":2,"name":"Boutique Teia Education &amp; Play","item":"https:\/\/teiaeducation.ch\/fr\/boutique\/"},{"@type":"ListItem","position":3,"name":"Nos Marques","item":"https:\/\/teiaeducation.ch\/fr\/categorie-produit\/marques\/"},{"@type":"ListItem","position":4,"name":"Nienhuis Montessori Suisse","item":"https:\/\/teiaeducation.ch\/fr\/categorie-produit\/marques\/nienhuis-montessori-materiel-fr\/"},{"@type":"ListItem","position":5,"name":"Livres","item":"https:\/\/teiaeducation.ch\/fr\/categorie-produit\/marques\/nienhuis-montessori-materiel-fr\/livres\/"},{"@type":"ListItem","position":6,"name":"Livre Montessori pour vous et votre enfant &#8211; Mary Da Prato"}]},{"@type":"WebSite","@id":"https:\/\/teiaeducation.ch\/fr\/#website","url":"https:\/\/teiaeducation.ch\/fr\/","name":"Sustainable Educational Products &amp; Ecological Toys\u00a0","description":"Specialised Swiss shop selling sustainable educational toys and games, AMI certified Montessori materials, handmade ecological wooden Waldorf toys and arts &amp; crafts supplies, school supplies, children&#039;s furniture and Montessori reference and parenting books.","publisher":{"@id":"https:\/\/teiaeducation.ch\/fr\/#organization"},"alternateName":"Teia Education & Play","potentialAction":[{"@type":"SearchAction","target":{"@type":"EntryPoint","urlTemplate":"https:\/\/teiaeducation.ch\/fr\/?s={search_term_string}"},"query-input":{"@type":"PropertyValueSpecification","valueRequired":true,"valueName":"search_term_string"}}],"inLanguage":"fr-FR"},{"@type":"Organization","@id":"https:\/\/teiaeducation.ch\/fr\/#organization","name":"Teia Education & Play","url":"https:\/\/teiaeducation.ch\/fr\/","logo":{"@type":"ImageObject","inLanguage":"fr-FR","@id":"https:\/\/teiaeducation.ch\/fr\/#\/schema\/logo\/image\/","url":"https:\/\/teiaeducation.ch\/wp-content\/uploads\/2020\/11\/Teia-Education-Switzerland-e1620156442216.jpg","contentUrl":"https:\/\/teiaeducation.ch\/wp-content\/uploads\/2020\/11\/Teia-Education-Switzerland-e1620156442216.jpg","width":166,"height":145,"caption":"Teia Education & Play"},"image":{"@id":"https:\/\/teiaeducation.ch\/fr\/#\/schema\/logo\/image\/"},"sameAs":["https:\/\/www.facebook.com\/teiaeducation\/","https:\/\/x.com\/EducationTeia","https:\/\/www.instagram.com\/teia.education\/","https:\/\/www.linkedin.com\/company\/35501660","https:\/\/www.pinterest.ch\/TeiaEducation\/"]}]}},"_links":{"self":[{"href":"https:\/\/teiaeducation.ch\/fr\/wp-json\/wp\/v2\/product\/40692","targetHints":{"allow":["GET"]}}],"collection":[{"href":"https:\/\/teiaeducation.ch\/fr\/wp-json\/wp\/v2\/product"}],"about":[{"href":"https:\/\/teiaeducation.ch\/fr\/wp-json\/wp\/v2\/types\/product"}],"replies":[{"embeddable":true,"href":"https:\/\/teiaeducation.ch\/fr\/wp-json\/wp\/v2\/comments?post=40692"}],"wp:featuredmedia":[{"embeddable":true,"href":"https:\/\/teiaeducation.ch\/fr\/wp-json\/wp\/v2\/media\/13629"}],"wp:attachment":[{"href":"https:\/\/teiaeducation.ch\/fr\/wp-json\/wp\/v2\/media?parent=40692"}],"wp:term":[{"taxonomy":"product_brand","embeddable":true,"href":"https:\/\/teiaeducation.ch\/fr\/wp-json\/wp\/v2\/product_brand?post=40692"},{"taxonomy":"product_cat","embeddable":true,"href":"https:\/\/teiaeducation.ch\/fr\/wp-json\/wp\/v2\/product_cat?post=40692"},{"taxonomy":"product_tag","embeddable":true,"href":"https:\/\/teiaeducation.ch\/fr\/wp-json\/wp\/v2\/product_tag?post=40692"}],"curies":[{"name":"wp","href":"https:\/\/api.w.org\/{rel}","templated":true}]}}