{"id":40693,"date":"2021-11-02T09:01:53","date_gmt":"2021-11-02T08:01:53","guid":{"rendered":"https:\/\/teiaeducation.ch\/product\/livre-child-of-the-world-susan-mayclin-stephenson\/"},"modified":"2021-11-09T15:26:43","modified_gmt":"2021-11-09T14:26:43","slug":"livre-enfant-du-monde-susan-mayclin-stephenson","status":"publish","type":"product","link":"https:\/\/teiaeducation.ch\/fr\/produit\/livre-enfant-du-monde-susan-mayclin-stephenson\/","title":{"rendered":"Livre Child Of The World &#8211; Susan Mayclin Stephenson"},"content":{"rendered":"<p>Livre Child Of The World &#8211; Montessori, <span id=\"productTitle\" class=\"a-size-extra-large\">Global Education for Age 3-12+<\/span> &#8211; Susan Mayclin Stephenson (en anglais)<\/p>\n<p>Un favori des parents et des enseignants du monde entier, le livre child of the world &#8211; <a href=\"https:\/\/teiaeducation.ch\/fr\/categorie-produit\/methode-deducation\/montessori-fr\/\">Montessori<\/a>, <span id=\"productTitle\" class=\"a-size-extra-large\">l&#8217;\u00e9ducation globale pour les 3-12 ans et plus, est une ressource merveilleuse pour les parents qui cherchent des conseils r\u00e9fl\u00e9chis et judicieux pour \u00e9lever des enfants \u00e9quilibr\u00e9s dans un monde chaotique. Il contient<\/span> des id\u00e9es pour \u00e9lever et \u00e9duquer les enfants de 3 \u00e0 12 ans et plus et pr\u00e9sente les principes Montessori dans une prose claire et \u00e9loquente.<\/p>\n<p>Le mot &#8220;Montessori&#8221; est utilis\u00e9 aujourd&#8217;hui pour d\u00e9crire des \u00e9coles qui ont parfois peu \u00e0 voir avec les pratiques Montessori authentiques. Dans ce livre, l&#8217;auteur, qui a pr\u00e8s de cinquante ans d&#8217;exp\u00e9rience de l&#8217;enseignement et de la consultation Montessori AMI, pr\u00e9sente bri\u00e8vement les pratiques Montessori authentiques pour les 3-6 ans (la classe primaire), les 6-12 ans (la classe \u00e9l\u00e9mentaire) et les 12-18 ans.<\/p>\n<p>Il y a des d\u00e9tails pour pr\u00e9parer l&#8217;environnement d&#8217;apprentissage Montessori et pour utiliser ces id\u00e9es \u00e0 la maison. Il ne s&#8217;agit en aucun cas d&#8217;un cours Montessori, mais d&#8217;une introduction pr\u00e9cieuse au v\u00e9ritable Montessori et d&#8217;une source d&#8217;inspiration pour en apprendre davantage.<\/p>\n<p>\u00c9dition 2013, publi\u00e9e par Michael Olaf Montessori Company.<\/p>\n<p>Contenu :<\/p>\n<p>1 livre \u00e0 couverture souple &#8211; 170 pages, 40 illustrations en noir et blanc<\/p>\n","protected":false},"excerpt":{"rendered":"<p>Num\u00e9o d&#8217;article: 532400<\/p>\n<p>Le livre child of the world Montessori, \u00e9ducation globale pour les 3-12 ans et plus, est une merveilleuse ressource pour les parents qui cherchent des conseils r\u00e9fl\u00e9chis et judicieux.<\/p>\n","protected":false},"featured_media":11769,"comment_status":"open","ping_status":"closed","template":"","meta":[],"product_brand":[],"product_cat":[311,271,20666,7595,1218,207,217,292,212],"product_tag":[7608,803,7677,7646],"class_list":{"0":"post-40693","1":"product","2":"type-product","3":"status-publish","4":"has-post-thumbnail","6":"product_cat-livres-appui-au-curriculum","7":"product_cat-livres","8":"product_cat-livres-montessori","9":"product_cat-methode-deducation","10":"product_cat-montessori-fr","11":"product_cat-nienhuis-montessori-materiel-fr","12":"product_cat-marques","13":"product_cat-appui-au-curriculum","14":"product_cat-tranche-dage","15":"product_tag-livres-et-plus","16":"product_tag-nienhuis-montessori-fr","17":"product_tag-pour-les-parents","18":"product_tag-reference-fr","20":"first","21":"onbackorder","22":"sold-individually","23":"taxable","24":"shipping-taxable","25":"purchasable","26":"product-type-simple"},"yoast_head":"<!-- This site is optimized with the Yoast SEO plugin v27.3 - https:\/\/yoast.com\/product\/yoast-seo-wordpress\/ -->\n<title>Livre Child Of The World - Susan Mayclin Stephenson - Teia Education &amp; Play<\/title>\n<meta name=\"description\" content=\"Le livre child of the world Montessori, \u00e9ducation globale pour les 3-12 ans et plus, est une merveilleuse ressource pour les parents.\" \/>\n<meta name=\"robots\" content=\"index, follow, max-snippet:-1, max-image-preview:large, max-video-preview:-1\" \/>\n<link rel=\"canonical\" href=\"https:\/\/teiaeducation.ch\/fr\/produit\/livre-enfant-du-monde-susan-mayclin-stephenson\/\" \/>\n<meta property=\"og:locale\" content=\"fr_FR\" \/>\n<meta property=\"og:type\" content=\"article\" \/>\n<meta property=\"og:title\" content=\"Livre Child Of The World - Susan Mayclin Stephenson - Teia Education &amp; Play\" \/>\n<meta property=\"og:description\" content=\"Le livre child of the world Montessori, \u00e9ducation globale pour les 3-12 ans et plus, est une merveilleuse ressource pour les parents.\" \/>\n<meta property=\"og:url\" content=\"https:\/\/teiaeducation.ch\/fr\/produit\/livre-enfant-du-monde-susan-mayclin-stephenson\/\" \/>\n<meta property=\"og:site_name\" content=\"Sustainable Educational Products &amp; Ecological Toys\u00a0\" \/>\n<meta property=\"article:publisher\" content=\"https:\/\/www.facebook.com\/teiaeducation\/\" \/>\n<meta property=\"article:modified_time\" content=\"2021-11-09T14:26:43+00:00\" \/>\n<meta property=\"og:image\" content=\"https:\/\/teiaeducation.ch\/wp-content\/uploads\/2019\/05\/400_532400_main_or_1-scaled-scaled.jpg\" \/>\n\t<meta property=\"og:image:width\" content=\"2048\" \/>\n\t<meta property=\"og:image:height\" content=\"2048\" \/>\n\t<meta property=\"og:image:type\" content=\"image\/jpeg\" \/>\n<script type=\"application\/ld+json\" class=\"yoast-schema-graph\">{\"@context\":\"https:\\\/\\\/schema.org\",\"@graph\":[{\"@type\":\"WebPage\",\"@id\":\"https:\\\/\\\/teiaeducation.ch\\\/fr\\\/produit\\\/livre-enfant-du-monde-susan-mayclin-stephenson\\\/\",\"url\":\"https:\\\/\\\/teiaeducation.ch\\\/fr\\\/produit\\\/livre-enfant-du-monde-susan-mayclin-stephenson\\\/\",\"name\":\"Livre Child Of The World - Susan Mayclin Stephenson - Teia Education & Play\",\"isPartOf\":{\"@id\":\"https:\\\/\\\/teiaeducation.ch\\\/fr\\\/#website\"},\"primaryImageOfPage\":{\"@id\":\"https:\\\/\\\/teiaeducation.ch\\\/fr\\\/produit\\\/livre-enfant-du-monde-susan-mayclin-stephenson\\\/#primaryimage\"},\"image\":{\"@id\":\"https:\\\/\\\/teiaeducation.ch\\\/fr\\\/produit\\\/livre-enfant-du-monde-susan-mayclin-stephenson\\\/#primaryimage\"},\"thumbnailUrl\":\"https:\\\/\\\/teiaeducation.ch\\\/wp-content\\\/uploads\\\/2019\\\/05\\\/400_532400_main_or_1-scaled-scaled.jpg\",\"datePublished\":\"2021-11-02T08:01:53+00:00\",\"dateModified\":\"2021-11-09T14:26:43+00:00\",\"description\":\"Le livre child of the world Montessori, \u00e9ducation globale pour les 3-12 ans et plus, est une merveilleuse ressource pour les parents.\",\"breadcrumb\":{\"@id\":\"https:\\\/\\\/teiaeducation.ch\\\/fr\\\/produit\\\/livre-enfant-du-monde-susan-mayclin-stephenson\\\/#breadcrumb\"},\"inLanguage\":\"fr-FR\",\"potentialAction\":[{\"@type\":\"ReadAction\",\"target\":[\"https:\\\/\\\/teiaeducation.ch\\\/fr\\\/produit\\\/livre-enfant-du-monde-susan-mayclin-stephenson\\\/\"]}]},{\"@type\":\"ImageObject\",\"inLanguage\":\"fr-FR\",\"@id\":\"https:\\\/\\\/teiaeducation.ch\\\/fr\\\/produit\\\/livre-enfant-du-monde-susan-mayclin-stephenson\\\/#primaryimage\",\"url\":\"https:\\\/\\\/teiaeducation.ch\\\/wp-content\\\/uploads\\\/2019\\\/05\\\/400_532400_main_or_1-scaled-scaled.jpg\",\"contentUrl\":\"https:\\\/\\\/teiaeducation.ch\\\/wp-content\\\/uploads\\\/2019\\\/05\\\/400_532400_main_or_1-scaled-scaled.jpg\",\"width\":2048,\"height\":2048,\"caption\":\"Child Of The World - Nienhuis Montessori\"},{\"@type\":\"BreadcrumbList\",\"@id\":\"https:\\\/\\\/teiaeducation.ch\\\/fr\\\/produit\\\/livre-enfant-du-monde-susan-mayclin-stephenson\\\/#breadcrumb\",\"itemListElement\":[{\"@type\":\"ListItem\",\"position\":1,\"name\":\"Home\",\"item\":\"https:\\\/\\\/teiaeducation.ch\\\/fr\\\/\"},{\"@type\":\"ListItem\",\"position\":2,\"name\":\"Boutique Teia Education &amp; Play\",\"item\":\"https:\\\/\\\/teiaeducation.ch\\\/fr\\\/boutique\\\/\"},{\"@type\":\"ListItem\",\"position\":3,\"name\":\"Nos Marques\",\"item\":\"https:\\\/\\\/teiaeducation.ch\\\/fr\\\/categorie-produit\\\/marques\\\/\"},{\"@type\":\"ListItem\",\"position\":4,\"name\":\"Nienhuis Montessori Suisse\",\"item\":\"https:\\\/\\\/teiaeducation.ch\\\/fr\\\/categorie-produit\\\/marques\\\/nienhuis-montessori-materiel-fr\\\/\"},{\"@type\":\"ListItem\",\"position\":5,\"name\":\"Livres\",\"item\":\"https:\\\/\\\/teiaeducation.ch\\\/fr\\\/categorie-produit\\\/marques\\\/nienhuis-montessori-materiel-fr\\\/livres\\\/\"},{\"@type\":\"ListItem\",\"position\":6,\"name\":\"Livre Child Of The World &#8211; Susan Mayclin Stephenson\"}]},{\"@type\":\"WebSite\",\"@id\":\"https:\\\/\\\/teiaeducation.ch\\\/fr\\\/#website\",\"url\":\"https:\\\/\\\/teiaeducation.ch\\\/fr\\\/\",\"name\":\"Sustainable Educational Products &amp; Ecological Toys\u00a0\",\"description\":\"Specialised Swiss shop selling sustainable educational toys and games, AMI certified Montessori materials, handmade ecological wooden Waldorf toys and arts &amp; crafts supplies, school supplies, children&#039;s furniture and Montessori reference and parenting books.\",\"publisher\":{\"@id\":\"https:\\\/\\\/teiaeducation.ch\\\/fr\\\/#organization\"},\"alternateName\":\"Teia Education & Play\",\"potentialAction\":[{\"@type\":\"SearchAction\",\"target\":{\"@type\":\"EntryPoint\",\"urlTemplate\":\"https:\\\/\\\/teiaeducation.ch\\\/fr\\\/?s={search_term_string}\"},\"query-input\":{\"@type\":\"PropertyValueSpecification\",\"valueRequired\":true,\"valueName\":\"search_term_string\"}}],\"inLanguage\":\"fr-FR\"},{\"@type\":\"Organization\",\"@id\":\"https:\\\/\\\/teiaeducation.ch\\\/fr\\\/#organization\",\"name\":\"Teia Education & Play\",\"url\":\"https:\\\/\\\/teiaeducation.ch\\\/fr\\\/\",\"logo\":{\"@type\":\"ImageObject\",\"inLanguage\":\"fr-FR\",\"@id\":\"https:\\\/\\\/teiaeducation.ch\\\/fr\\\/#\\\/schema\\\/logo\\\/image\\\/\",\"url\":\"https:\\\/\\\/teiaeducation.ch\\\/wp-content\\\/uploads\\\/2020\\\/11\\\/Teia-Education-Switzerland-e1620156442216.jpg\",\"contentUrl\":\"https:\\\/\\\/teiaeducation.ch\\\/wp-content\\\/uploads\\\/2020\\\/11\\\/Teia-Education-Switzerland-e1620156442216.jpg\",\"width\":166,\"height\":145,\"caption\":\"Teia Education & Play\"},\"image\":{\"@id\":\"https:\\\/\\\/teiaeducation.ch\\\/fr\\\/#\\\/schema\\\/logo\\\/image\\\/\"},\"sameAs\":[\"https:\\\/\\\/www.facebook.com\\\/teiaeducation\\\/\",\"https:\\\/\\\/x.com\\\/EducationTeia\",\"https:\\\/\\\/www.instagram.com\\\/teia.education\\\/\",\"https:\\\/\\\/www.linkedin.com\\\/company\\\/35501660\",\"https:\\\/\\\/www.pinterest.ch\\\/TeiaEducation\\\/\"]}]}<\/script>\n<!-- \/ Yoast SEO plugin. -->","yoast_head_json":{"title":"Livre Child Of The World - Susan Mayclin Stephenson - Teia Education & Play","description":"Le livre child of the world Montessori, \u00e9ducation globale pour les 3-12 ans et plus, est une merveilleuse ressource pour les parents.","robots":{"index":"index","follow":"follow","max-snippet":"max-snippet:-1","max-image-preview":"max-image-preview:large","max-video-preview":"max-video-preview:-1"},"canonical":"https:\/\/teiaeducation.ch\/fr\/produit\/livre-enfant-du-monde-susan-mayclin-stephenson\/","og_locale":"fr_FR","og_type":"article","og_title":"Livre Child Of The World - Susan Mayclin Stephenson - Teia Education & Play","og_description":"Le livre child of the world Montessori, \u00e9ducation globale pour les 3-12 ans et plus, est une merveilleuse ressource pour les parents.","og_url":"https:\/\/teiaeducation.ch\/fr\/produit\/livre-enfant-du-monde-susan-mayclin-stephenson\/","og_site_name":"Sustainable Educational Products &amp; Ecological Toys\u00a0","article_publisher":"https:\/\/www.facebook.com\/teiaeducation\/","article_modified_time":"2021-11-09T14:26:43+00:00","og_image":[{"width":2048,"height":2048,"url":"https:\/\/teiaeducation.ch\/wp-content\/uploads\/2019\/05\/400_532400_main_or_1-scaled-scaled.jpg","type":"image\/jpeg"}],"schema":{"@context":"https:\/\/schema.org","@graph":[{"@type":"WebPage","@id":"https:\/\/teiaeducation.ch\/fr\/produit\/livre-enfant-du-monde-susan-mayclin-stephenson\/","url":"https:\/\/teiaeducation.ch\/fr\/produit\/livre-enfant-du-monde-susan-mayclin-stephenson\/","name":"Livre Child Of The World - Susan Mayclin Stephenson - Teia Education & Play","isPartOf":{"@id":"https:\/\/teiaeducation.ch\/fr\/#website"},"primaryImageOfPage":{"@id":"https:\/\/teiaeducation.ch\/fr\/produit\/livre-enfant-du-monde-susan-mayclin-stephenson\/#primaryimage"},"image":{"@id":"https:\/\/teiaeducation.ch\/fr\/produit\/livre-enfant-du-monde-susan-mayclin-stephenson\/#primaryimage"},"thumbnailUrl":"https:\/\/teiaeducation.ch\/wp-content\/uploads\/2019\/05\/400_532400_main_or_1-scaled-scaled.jpg","datePublished":"2021-11-02T08:01:53+00:00","dateModified":"2021-11-09T14:26:43+00:00","description":"Le livre child of the world Montessori, \u00e9ducation globale pour les 3-12 ans et plus, est une merveilleuse ressource pour les parents.","breadcrumb":{"@id":"https:\/\/teiaeducation.ch\/fr\/produit\/livre-enfant-du-monde-susan-mayclin-stephenson\/#breadcrumb"},"inLanguage":"fr-FR","potentialAction":[{"@type":"ReadAction","target":["https:\/\/teiaeducation.ch\/fr\/produit\/livre-enfant-du-monde-susan-mayclin-stephenson\/"]}]},{"@type":"ImageObject","inLanguage":"fr-FR","@id":"https:\/\/teiaeducation.ch\/fr\/produit\/livre-enfant-du-monde-susan-mayclin-stephenson\/#primaryimage","url":"https:\/\/teiaeducation.ch\/wp-content\/uploads\/2019\/05\/400_532400_main_or_1-scaled-scaled.jpg","contentUrl":"https:\/\/teiaeducation.ch\/wp-content\/uploads\/2019\/05\/400_532400_main_or_1-scaled-scaled.jpg","width":2048,"height":2048,"caption":"Child Of The World - Nienhuis Montessori"},{"@type":"BreadcrumbList","@id":"https:\/\/teiaeducation.ch\/fr\/produit\/livre-enfant-du-monde-susan-mayclin-stephenson\/#breadcrumb","itemListElement":[{"@type":"ListItem","position":1,"name":"Home","item":"https:\/\/teiaeducation.ch\/fr\/"},{"@type":"ListItem","position":2,"name":"Boutique Teia Education &amp; Play","item":"https:\/\/teiaeducation.ch\/fr\/boutique\/"},{"@type":"ListItem","position":3,"name":"Nos Marques","item":"https:\/\/teiaeducation.ch\/fr\/categorie-produit\/marques\/"},{"@type":"ListItem","position":4,"name":"Nienhuis Montessori Suisse","item":"https:\/\/teiaeducation.ch\/fr\/categorie-produit\/marques\/nienhuis-montessori-materiel-fr\/"},{"@type":"ListItem","position":5,"name":"Livres","item":"https:\/\/teiaeducation.ch\/fr\/categorie-produit\/marques\/nienhuis-montessori-materiel-fr\/livres\/"},{"@type":"ListItem","position":6,"name":"Livre Child Of The World &#8211; Susan Mayclin Stephenson"}]},{"@type":"WebSite","@id":"https:\/\/teiaeducation.ch\/fr\/#website","url":"https:\/\/teiaeducation.ch\/fr\/","name":"Sustainable Educational Products &amp; Ecological Toys\u00a0","description":"Specialised Swiss shop selling sustainable educational toys and games, AMI certified Montessori materials, handmade ecological wooden Waldorf toys and arts &amp; crafts supplies, school supplies, children&#039;s furniture and Montessori reference and parenting books.","publisher":{"@id":"https:\/\/teiaeducation.ch\/fr\/#organization"},"alternateName":"Teia Education & Play","potentialAction":[{"@type":"SearchAction","target":{"@type":"EntryPoint","urlTemplate":"https:\/\/teiaeducation.ch\/fr\/?s={search_term_string}"},"query-input":{"@type":"PropertyValueSpecification","valueRequired":true,"valueName":"search_term_string"}}],"inLanguage":"fr-FR"},{"@type":"Organization","@id":"https:\/\/teiaeducation.ch\/fr\/#organization","name":"Teia Education & Play","url":"https:\/\/teiaeducation.ch\/fr\/","logo":{"@type":"ImageObject","inLanguage":"fr-FR","@id":"https:\/\/teiaeducation.ch\/fr\/#\/schema\/logo\/image\/","url":"https:\/\/teiaeducation.ch\/wp-content\/uploads\/2020\/11\/Teia-Education-Switzerland-e1620156442216.jpg","contentUrl":"https:\/\/teiaeducation.ch\/wp-content\/uploads\/2020\/11\/Teia-Education-Switzerland-e1620156442216.jpg","width":166,"height":145,"caption":"Teia Education & Play"},"image":{"@id":"https:\/\/teiaeducation.ch\/fr\/#\/schema\/logo\/image\/"},"sameAs":["https:\/\/www.facebook.com\/teiaeducation\/","https:\/\/x.com\/EducationTeia","https:\/\/www.instagram.com\/teia.education\/","https:\/\/www.linkedin.com\/company\/35501660","https:\/\/www.pinterest.ch\/TeiaEducation\/"]}]}},"_links":{"self":[{"href":"https:\/\/teiaeducation.ch\/fr\/wp-json\/wp\/v2\/product\/40693","targetHints":{"allow":["GET"]}}],"collection":[{"href":"https:\/\/teiaeducation.ch\/fr\/wp-json\/wp\/v2\/product"}],"about":[{"href":"https:\/\/teiaeducation.ch\/fr\/wp-json\/wp\/v2\/types\/product"}],"replies":[{"embeddable":true,"href":"https:\/\/teiaeducation.ch\/fr\/wp-json\/wp\/v2\/comments?post=40693"}],"wp:featuredmedia":[{"embeddable":true,"href":"https:\/\/teiaeducation.ch\/fr\/wp-json\/wp\/v2\/media\/11769"}],"wp:attachment":[{"href":"https:\/\/teiaeducation.ch\/fr\/wp-json\/wp\/v2\/media?parent=40693"}],"wp:term":[{"taxonomy":"product_brand","embeddable":true,"href":"https:\/\/teiaeducation.ch\/fr\/wp-json\/wp\/v2\/product_brand?post=40693"},{"taxonomy":"product_cat","embeddable":true,"href":"https:\/\/teiaeducation.ch\/fr\/wp-json\/wp\/v2\/product_cat?post=40693"},{"taxonomy":"product_tag","embeddable":true,"href":"https:\/\/teiaeducation.ch\/fr\/wp-json\/wp\/v2\/product_tag?post=40693"}],"curies":[{"name":"wp","href":"https:\/\/api.w.org\/{rel}","templated":true}]}}