{"id":40695,"date":"2021-11-02T09:00:10","date_gmt":"2021-11-02T08:00:10","guid":{"rendered":"https:\/\/teiaeducation.ch\/product\/livre-montessori-today-paula-polk-lillard\/"},"modified":"2021-11-09T15:26:19","modified_gmt":"2021-11-09T14:26:19","slug":"livre-montessori-today-paula-polk-lillard","status":"publish","type":"product","link":"https:\/\/teiaeducation.ch\/fr\/produit\/livre-montessori-today-paula-polk-lillard\/","title":{"rendered":"Livre Montessori Today &#8211; Paula Polk Lillard"},"content":{"rendered":"<p>Livre Montessori Today &#8211; Paula Polk Lillard (en anglais)<\/p>\n<p>Le livre de Paula Polk Lillard, Montessori Today, est un guide pratique de la m\u00e9thode et du programme <a href=\"https:\/\/teiaeducation.ch\/fr\/categorie-produit\/methode-deducation\/montessori-fr\/\">Montessori<\/a>.<\/p>\n<p>Il comprend une introduction \u00e0 Montessori en th\u00e9orie et en pratique pour les parents et les enseignants, avec un accent particulier sur l&#8217;\u00e9cole \u00e9l\u00e9mentaire et les ann\u00e9es ult\u00e9rieures de l&#8217;enfant. Ce livre offre un guide clair et concis de la m\u00e9thode Montessori de d\u00e9veloppement et d&#8217;\u00e9ducation des enfants.<\/p>\n<p>Dans des r\u00e9cits d\u00e9taill\u00e9s, Lillard montre comment les enfants acqui\u00e8rent les comp\u00e9tences n\u00e9cessaires pour r\u00e9pondre \u00e0 leurs propres questions, apprennent \u00e0 g\u00e9rer la libert\u00e9 avec responsabilit\u00e9 et maintiennent un haut niveau de stimulation intellectuelle en utilisant la m\u00e9thode Montessori. Il s&#8217;agit d&#8217;un manuel pr\u00e9cieux pour les parents et les enseignants qui ont choisi l&#8217;alternative Montessori pour les enfants plus \u00e2g\u00e9s, et pour tous ceux qui se pr\u00e9occupent de l&#8217;\u00e9ducation aujourd&#8217;hui.<\/p>\n<p>\u00c9crivant du point de vue d&#8217;une \u00e9ducatrice form\u00e9e et d&#8217;un parent, Paula Polk Lillard a une longue exp\u00e9rience en tant qu&#8217;enseignante et directrice d&#8217;une \u00e9cole Montessori o\u00f9 les enfants sont \u00e2g\u00e9s de 18 mois \u00e0 15 ans. Elle est devenue une voix majeure du mouvement Montessori.<\/p>\n<p>1996 \u00e9dition, publi\u00e9e par Schocken.<\/p>\n<p>Contenu :<\/p>\n<p>1 livre \u00e0 couverture souple &#8211; 207 pages<\/p>\n","protected":false},"excerpt":{"rendered":"<p>Num\u00e9ro d&#8217;article: 532010<\/p>\n<p>Le livre de Paula Polk Lillard, Montessori Today, est un guide pratique de la m\u00e9thode et du programme Montessori pour les ann\u00e9es d&#8217;\u00e9cole primaire.<\/p>\n","protected":false},"featured_media":11435,"comment_status":"open","ping_status":"closed","template":"","meta":[],"product_brand":[],"product_cat":[311,271,20666,7595,1218,207,217,292,212],"product_tag":[7610,21970,7608,803,7677,7646],"class_list":{"0":"post-40695","1":"product","2":"type-product","3":"status-publish","4":"has-post-thumbnail","6":"product_cat-livres-appui-au-curriculum","7":"product_cat-livres","8":"product_cat-livres-montessori","9":"product_cat-methode-deducation","10":"product_cat-montessori-fr","11":"product_cat-nienhuis-montessori-materiel-fr","12":"product_cat-marques","13":"product_cat-appui-au-curriculum","14":"product_cat-tranche-dage","15":"product_tag-livre-montessori-fr-2","16":"product_tag-livre-montessori-today-paula-polk-lillard","17":"product_tag-livres-et-plus","18":"product_tag-nienhuis-montessori-fr","19":"product_tag-pour-les-parents","20":"product_tag-reference-fr","22":"first","23":"onbackorder","24":"sold-individually","25":"taxable","26":"shipping-taxable","27":"purchasable","28":"product-type-simple"},"yoast_head":"<!-- This site is optimized with the Yoast SEO Premium plugin v25.8 (Yoast SEO v27.4) - https:\/\/yoast.com\/product\/yoast-seo-premium-wordpress\/ -->\n<title>Livre Montessori Today - Paula Polk Lillard - Teia Education &amp; Play<\/title>\n<meta name=\"description\" content=\"Le livre de Paula Polk Lillard, Montessori Today, est un guide pratique de la m\u00e9thode et du programme Montessori pour l&#039;\u00e9cole primaire.\" \/>\n<meta name=\"robots\" content=\"index, follow, max-snippet:-1, max-image-preview:large, max-video-preview:-1\" \/>\n<link rel=\"canonical\" href=\"https:\/\/teiaeducation.ch\/fr\/produit\/livre-montessori-today-paula-polk-lillard\/\" \/>\n<meta property=\"og:locale\" content=\"fr_FR\" \/>\n<meta property=\"og:type\" content=\"article\" \/>\n<meta property=\"og:title\" content=\"Livre Montessori Today - Paula Polk Lillard\" \/>\n<meta property=\"og:description\" content=\"Le livre de Paula Polk Lillard, Montessori Today, est un guide pratique de la m\u00e9thode et du programme Montessori pour l&#039;\u00e9cole primaire.\" \/>\n<meta property=\"og:url\" content=\"https:\/\/teiaeducation.ch\/fr\/produit\/livre-montessori-today-paula-polk-lillard\/\" \/>\n<meta property=\"og:site_name\" content=\"Sustainable Educational Products &amp; Ecological Toys\u00a0\" \/>\n<meta property=\"article:publisher\" content=\"https:\/\/www.facebook.com\/teiaeducation\/\" \/>\n<meta property=\"article:modified_time\" content=\"2021-11-09T14:26:19+00:00\" \/>\n<meta property=\"og:image\" content=\"https:\/\/teiaeducation.ch\/wp-content\/uploads\/2019\/05\/400_532010_main_or_1-scaled-scaled.jpg\" \/>\n\t<meta property=\"og:image:width\" content=\"2048\" \/>\n\t<meta property=\"og:image:height\" content=\"2048\" \/>\n\t<meta property=\"og:image:type\" content=\"image\/jpeg\" \/>\n<script type=\"application\/ld+json\" class=\"yoast-schema-graph\">{\"@context\":\"https:\\\/\\\/schema.org\",\"@graph\":[{\"@type\":\"WebPage\",\"@id\":\"https:\\\/\\\/teiaeducation.ch\\\/fr\\\/produit\\\/livre-montessori-today-paula-polk-lillard\\\/\",\"url\":\"https:\\\/\\\/teiaeducation.ch\\\/fr\\\/produit\\\/livre-montessori-today-paula-polk-lillard\\\/\",\"name\":\"Livre Montessori Today - Paula Polk Lillard - Teia Education & Play\",\"isPartOf\":{\"@id\":\"https:\\\/\\\/teiaeducation.ch\\\/fr\\\/#website\"},\"primaryImageOfPage\":{\"@id\":\"https:\\\/\\\/teiaeducation.ch\\\/fr\\\/produit\\\/livre-montessori-today-paula-polk-lillard\\\/#primaryimage\"},\"image\":{\"@id\":\"https:\\\/\\\/teiaeducation.ch\\\/fr\\\/produit\\\/livre-montessori-today-paula-polk-lillard\\\/#primaryimage\"},\"thumbnailUrl\":\"https:\\\/\\\/teiaeducation.ch\\\/wp-content\\\/uploads\\\/2019\\\/05\\\/400_532010_main_or_1-scaled-scaled.jpg\",\"datePublished\":\"2021-11-02T08:00:10+00:00\",\"dateModified\":\"2021-11-09T14:26:19+00:00\",\"description\":\"Le livre de Paula Polk Lillard, Montessori Today, est un guide pratique de la m\u00e9thode et du programme Montessori pour l'\u00e9cole primaire.\",\"breadcrumb\":{\"@id\":\"https:\\\/\\\/teiaeducation.ch\\\/fr\\\/produit\\\/livre-montessori-today-paula-polk-lillard\\\/#breadcrumb\"},\"inLanguage\":\"fr-FR\",\"potentialAction\":[{\"@type\":\"ReadAction\",\"target\":[\"https:\\\/\\\/teiaeducation.ch\\\/fr\\\/produit\\\/livre-montessori-today-paula-polk-lillard\\\/\"]}]},{\"@type\":\"ImageObject\",\"inLanguage\":\"fr-FR\",\"@id\":\"https:\\\/\\\/teiaeducation.ch\\\/fr\\\/produit\\\/livre-montessori-today-paula-polk-lillard\\\/#primaryimage\",\"url\":\"https:\\\/\\\/teiaeducation.ch\\\/wp-content\\\/uploads\\\/2019\\\/05\\\/400_532010_main_or_1-scaled-scaled.jpg\",\"contentUrl\":\"https:\\\/\\\/teiaeducation.ch\\\/wp-content\\\/uploads\\\/2019\\\/05\\\/400_532010_main_or_1-scaled-scaled.jpg\",\"width\":2048,\"height\":2048,\"caption\":\"Montessori Today - Nienhuis Montessori\"},{\"@type\":\"BreadcrumbList\",\"@id\":\"https:\\\/\\\/teiaeducation.ch\\\/fr\\\/produit\\\/livre-montessori-today-paula-polk-lillard\\\/#breadcrumb\",\"itemListElement\":[{\"@type\":\"ListItem\",\"position\":1,\"name\":\"Home\",\"item\":\"https:\\\/\\\/teiaeducation.ch\\\/fr\\\/\"},{\"@type\":\"ListItem\",\"position\":2,\"name\":\"Boutique Teia Education &amp; Play\",\"item\":\"https:\\\/\\\/teiaeducation.ch\\\/fr\\\/boutique\\\/\"},{\"@type\":\"ListItem\",\"position\":3,\"name\":\"Nos Marques\",\"item\":\"https:\\\/\\\/teiaeducation.ch\\\/fr\\\/categorie-produit\\\/marques\\\/\"},{\"@type\":\"ListItem\",\"position\":4,\"name\":\"Nienhuis Montessori Suisse\",\"item\":\"https:\\\/\\\/teiaeducation.ch\\\/fr\\\/categorie-produit\\\/marques\\\/nienhuis-montessori-materiel-fr\\\/\"},{\"@type\":\"ListItem\",\"position\":5,\"name\":\"Livres\",\"item\":\"https:\\\/\\\/teiaeducation.ch\\\/fr\\\/categorie-produit\\\/marques\\\/nienhuis-montessori-materiel-fr\\\/livres\\\/\"},{\"@type\":\"ListItem\",\"position\":6,\"name\":\"Livre Montessori Today &#8211; Paula Polk Lillard\"}]},{\"@type\":\"WebSite\",\"@id\":\"https:\\\/\\\/teiaeducation.ch\\\/fr\\\/#website\",\"url\":\"https:\\\/\\\/teiaeducation.ch\\\/fr\\\/\",\"name\":\"Sustainable Educational Products &amp; Ecological Toys\u00a0\",\"description\":\"Specialised Swiss shop selling sustainable educational toys and games, AMI certified Montessori materials, handmade ecological wooden Waldorf toys and arts &amp; crafts supplies, school supplies, children&#039;s furniture and Montessori reference and parenting books.\",\"publisher\":{\"@id\":\"https:\\\/\\\/teiaeducation.ch\\\/fr\\\/#organization\"},\"alternateName\":\"Teia Education & Play\",\"potentialAction\":[{\"@type\":\"SearchAction\",\"target\":{\"@type\":\"EntryPoint\",\"urlTemplate\":\"https:\\\/\\\/teiaeducation.ch\\\/fr\\\/?s={search_term_string}\"},\"query-input\":{\"@type\":\"PropertyValueSpecification\",\"valueRequired\":true,\"valueName\":\"search_term_string\"}}],\"inLanguage\":\"fr-FR\"},{\"@type\":\"Organization\",\"@id\":\"https:\\\/\\\/teiaeducation.ch\\\/fr\\\/#organization\",\"name\":\"Teia Education & Play\",\"url\":\"https:\\\/\\\/teiaeducation.ch\\\/fr\\\/\",\"logo\":{\"@type\":\"ImageObject\",\"inLanguage\":\"fr-FR\",\"@id\":\"https:\\\/\\\/teiaeducation.ch\\\/fr\\\/#\\\/schema\\\/logo\\\/image\\\/\",\"url\":\"https:\\\/\\\/teiaeducation.ch\\\/wp-content\\\/uploads\\\/2020\\\/11\\\/Teia-Education-Switzerland-e1620156442216.jpg\",\"contentUrl\":\"https:\\\/\\\/teiaeducation.ch\\\/wp-content\\\/uploads\\\/2020\\\/11\\\/Teia-Education-Switzerland-e1620156442216.jpg\",\"width\":166,\"height\":145,\"caption\":\"Teia Education & Play\"},\"image\":{\"@id\":\"https:\\\/\\\/teiaeducation.ch\\\/fr\\\/#\\\/schema\\\/logo\\\/image\\\/\"},\"sameAs\":[\"https:\\\/\\\/www.facebook.com\\\/teiaeducation\\\/\",\"https:\\\/\\\/x.com\\\/EducationTeia\",\"https:\\\/\\\/www.instagram.com\\\/teia.education\\\/\",\"https:\\\/\\\/www.linkedin.com\\\/company\\\/35501660\",\"https:\\\/\\\/www.pinterest.ch\\\/TeiaEducation\\\/\"]}]}<\/script>\n<meta property=\"product:price:amount\" content=\"27.00\" \/>\n<meta property=\"product:price:currency\" content=\"CHF\" \/>\n<meta property=\"og:availability\" content=\"backorder\" \/>\n<meta property=\"product:availability\" content=\"available for order\" \/>\n<meta property=\"product:retailer_item_id\" content=\"b5dd7d32d7d0\" \/>\n<meta property=\"product:condition\" content=\"new\" \/>\n<!-- \/ Yoast SEO Premium plugin. -->","yoast_head_json":{"title":"Livre Montessori Today - Paula Polk Lillard - Teia Education & Play","description":"Le livre de Paula Polk Lillard, Montessori Today, est un guide pratique de la m\u00e9thode et du programme Montessori pour l'\u00e9cole primaire.","robots":{"index":"index","follow":"follow","max-snippet":"max-snippet:-1","max-image-preview":"max-image-preview:large","max-video-preview":"max-video-preview:-1"},"canonical":"https:\/\/teiaeducation.ch\/fr\/produit\/livre-montessori-today-paula-polk-lillard\/","og_locale":"fr_FR","og_type":"article","og_title":"Livre Montessori Today - Paula Polk Lillard","og_description":"Le livre de Paula Polk Lillard, Montessori Today, est un guide pratique de la m\u00e9thode et du programme Montessori pour l'\u00e9cole primaire.","og_url":"https:\/\/teiaeducation.ch\/fr\/produit\/livre-montessori-today-paula-polk-lillard\/","og_site_name":"Sustainable Educational Products &amp; Ecological Toys\u00a0","article_publisher":"https:\/\/www.facebook.com\/teiaeducation\/","article_modified_time":"2021-11-09T14:26:19+00:00","og_image":[{"width":2048,"height":2048,"url":"https:\/\/teiaeducation.ch\/wp-content\/uploads\/2019\/05\/400_532010_main_or_1-scaled-scaled.jpg","type":"image\/jpeg"}],"schema":{"@context":"https:\/\/schema.org","@graph":[{"@type":"WebPage","@id":"https:\/\/teiaeducation.ch\/fr\/produit\/livre-montessori-today-paula-polk-lillard\/","url":"https:\/\/teiaeducation.ch\/fr\/produit\/livre-montessori-today-paula-polk-lillard\/","name":"Livre Montessori Today - Paula Polk Lillard - Teia Education & Play","isPartOf":{"@id":"https:\/\/teiaeducation.ch\/fr\/#website"},"primaryImageOfPage":{"@id":"https:\/\/teiaeducation.ch\/fr\/produit\/livre-montessori-today-paula-polk-lillard\/#primaryimage"},"image":{"@id":"https:\/\/teiaeducation.ch\/fr\/produit\/livre-montessori-today-paula-polk-lillard\/#primaryimage"},"thumbnailUrl":"https:\/\/teiaeducation.ch\/wp-content\/uploads\/2019\/05\/400_532010_main_or_1-scaled-scaled.jpg","datePublished":"2021-11-02T08:00:10+00:00","dateModified":"2021-11-09T14:26:19+00:00","description":"Le livre de Paula Polk Lillard, Montessori Today, est un guide pratique de la m\u00e9thode et du programme Montessori pour l'\u00e9cole primaire.","breadcrumb":{"@id":"https:\/\/teiaeducation.ch\/fr\/produit\/livre-montessori-today-paula-polk-lillard\/#breadcrumb"},"inLanguage":"fr-FR","potentialAction":[{"@type":"ReadAction","target":["https:\/\/teiaeducation.ch\/fr\/produit\/livre-montessori-today-paula-polk-lillard\/"]}]},{"@type":"ImageObject","inLanguage":"fr-FR","@id":"https:\/\/teiaeducation.ch\/fr\/produit\/livre-montessori-today-paula-polk-lillard\/#primaryimage","url":"https:\/\/teiaeducation.ch\/wp-content\/uploads\/2019\/05\/400_532010_main_or_1-scaled-scaled.jpg","contentUrl":"https:\/\/teiaeducation.ch\/wp-content\/uploads\/2019\/05\/400_532010_main_or_1-scaled-scaled.jpg","width":2048,"height":2048,"caption":"Montessori Today - Nienhuis Montessori"},{"@type":"BreadcrumbList","@id":"https:\/\/teiaeducation.ch\/fr\/produit\/livre-montessori-today-paula-polk-lillard\/#breadcrumb","itemListElement":[{"@type":"ListItem","position":1,"name":"Home","item":"https:\/\/teiaeducation.ch\/fr\/"},{"@type":"ListItem","position":2,"name":"Boutique Teia Education &amp; Play","item":"https:\/\/teiaeducation.ch\/fr\/boutique\/"},{"@type":"ListItem","position":3,"name":"Nos Marques","item":"https:\/\/teiaeducation.ch\/fr\/categorie-produit\/marques\/"},{"@type":"ListItem","position":4,"name":"Nienhuis Montessori Suisse","item":"https:\/\/teiaeducation.ch\/fr\/categorie-produit\/marques\/nienhuis-montessori-materiel-fr\/"},{"@type":"ListItem","position":5,"name":"Livres","item":"https:\/\/teiaeducation.ch\/fr\/categorie-produit\/marques\/nienhuis-montessori-materiel-fr\/livres\/"},{"@type":"ListItem","position":6,"name":"Livre Montessori Today &#8211; Paula Polk Lillard"}]},{"@type":"WebSite","@id":"https:\/\/teiaeducation.ch\/fr\/#website","url":"https:\/\/teiaeducation.ch\/fr\/","name":"Sustainable Educational Products &amp; Ecological Toys\u00a0","description":"Specialised Swiss shop selling sustainable educational toys and games, AMI certified Montessori materials, handmade ecological wooden Waldorf toys and arts &amp; crafts supplies, school supplies, children&#039;s furniture and Montessori reference and parenting books.","publisher":{"@id":"https:\/\/teiaeducation.ch\/fr\/#organization"},"alternateName":"Teia Education & Play","potentialAction":[{"@type":"SearchAction","target":{"@type":"EntryPoint","urlTemplate":"https:\/\/teiaeducation.ch\/fr\/?s={search_term_string}"},"query-input":{"@type":"PropertyValueSpecification","valueRequired":true,"valueName":"search_term_string"}}],"inLanguage":"fr-FR"},{"@type":"Organization","@id":"https:\/\/teiaeducation.ch\/fr\/#organization","name":"Teia Education & Play","url":"https:\/\/teiaeducation.ch\/fr\/","logo":{"@type":"ImageObject","inLanguage":"fr-FR","@id":"https:\/\/teiaeducation.ch\/fr\/#\/schema\/logo\/image\/","url":"https:\/\/teiaeducation.ch\/wp-content\/uploads\/2020\/11\/Teia-Education-Switzerland-e1620156442216.jpg","contentUrl":"https:\/\/teiaeducation.ch\/wp-content\/uploads\/2020\/11\/Teia-Education-Switzerland-e1620156442216.jpg","width":166,"height":145,"caption":"Teia Education & Play"},"image":{"@id":"https:\/\/teiaeducation.ch\/fr\/#\/schema\/logo\/image\/"},"sameAs":["https:\/\/www.facebook.com\/teiaeducation\/","https:\/\/x.com\/EducationTeia","https:\/\/www.instagram.com\/teia.education\/","https:\/\/www.linkedin.com\/company\/35501660","https:\/\/www.pinterest.ch\/TeiaEducation\/"]}]},"product_price_amount":"27.00","product_price_currency":"CHF","og_availability":"backorder","product_availability":"available for order","product_retailer_item_id":"b5dd7d32d7d0","product_condition":"new"},"_links":{"self":[{"href":"https:\/\/teiaeducation.ch\/fr\/wp-json\/wp\/v2\/product\/40695","targetHints":{"allow":["GET"]}}],"collection":[{"href":"https:\/\/teiaeducation.ch\/fr\/wp-json\/wp\/v2\/product"}],"about":[{"href":"https:\/\/teiaeducation.ch\/fr\/wp-json\/wp\/v2\/types\/product"}],"replies":[{"embeddable":true,"href":"https:\/\/teiaeducation.ch\/fr\/wp-json\/wp\/v2\/comments?post=40695"}],"wp:featuredmedia":[{"embeddable":true,"href":"https:\/\/teiaeducation.ch\/fr\/wp-json\/wp\/v2\/media\/11435"}],"wp:attachment":[{"href":"https:\/\/teiaeducation.ch\/fr\/wp-json\/wp\/v2\/media?parent=40695"}],"wp:term":[{"taxonomy":"product_brand","embeddable":true,"href":"https:\/\/teiaeducation.ch\/fr\/wp-json\/wp\/v2\/product_brand?post=40695"},{"taxonomy":"product_cat","embeddable":true,"href":"https:\/\/teiaeducation.ch\/fr\/wp-json\/wp\/v2\/product_cat?post=40695"},{"taxonomy":"product_tag","embeddable":true,"href":"https:\/\/teiaeducation.ch\/fr\/wp-json\/wp\/v2\/product_tag?post=40695"}],"curies":[{"name":"wp","href":"https:\/\/api.w.org\/{rel}","templated":true}]}}