{"id":40750,"date":"2021-11-04T14:35:01","date_gmt":"2021-11-04T13:35:01","guid":{"rendered":"https:\/\/teiaeducation.ch\/?post_type=product&#038;p=40750"},"modified":"2022-12-16T11:34:53","modified_gmt":"2022-12-16T10:34:53","slug":"planche-dequilibre-safari-bleu-stapelstein","status":"publish","type":"product","link":"https:\/\/teiaeducation.ch\/fr\/produit\/planche-dequilibre-safari-bleu-stapelstein\/","title":{"rendered":"Planche d\u2019\u00e9quilibre bleu Safari &#8211; Stapelstein"},"content":{"rendered":"<p>La planche d\u2019\u00e9quilibre en bleu Safari de Stapelstein est fabriqu\u00e9 en Allemagne et favorise le jeu actif et le mouvement. Qu&#8217;il s&#8217;agisse de l&#8217;am\u00e9lioration de la <a href=\"https:\/\/teiaeducation.ch\/fr\/categorie-produit\/domaines-du-curriculum\/sensorielles-motrices\/competences-motrices\/\">motricit\u00e9<\/a>, des exercices d&#8217;\u00e9quilibre, de la coordination ou de l&#8217;entra\u00eenement \u00e0 la position assise dynamique, elle est id\u00e9al pour les enfants comme pour les adultes !<\/p>\n<p>Les enfants trouveront de nombreuses fa\u00e7ons d&#8217;utiliser la planche d&#8217;\u00e9quilibre Stapelstein, qu&#8217;il s&#8217;agisse de tenir des poses d\u00e9licates ou de profiter d&#8217;un si\u00e8ge tournant. Le bord sur\u00e9lev\u00e9 offre un soutien suppl\u00e9mentaire lors des exercices d&#8217;\u00e9quilibre difficiles, particuli\u00e8rement utiles pour les enfants et les personnes souffrant d&#8217;un handicap physique.<\/p>\n<p>La planche d&#8217;\u00e9quilibre peut \u00eatre combin\u00e9e avec les pierres \u00e0 empiler de Stapelstein pour un jeu encore plus amusant et polyvalent, ou pour r\u00e9gler la hauteur d&#8217;assise dynamique ou augmenter le degr\u00e9 de difficult\u00e9 des exercices.<\/p>\n<p>La planche d\u2019\u00e9quilibre bleu Safari de Stapelstein mesure 35,5 cm de diam\u00e8tre et 8,4 cm de hauteur et p\u00e8se 268g. La max charge est de 180 kg.<\/p>\n<p>Inspir\u00e9e par la p\u00e9dagogie Pikler, la marque allemande <a href=\"https:\/\/teiaeducation.ch\/fr\/categorie-produit\/marques\/stapelstein-fr\/\">Stapelstein<\/a> propose aux enfants des <a href=\"https:\/\/teiaeducation.ch\/fr\/categorie-produit\/jouer\/\">jouets<\/a> merveilleusement amusants et <a href=\"https:\/\/teiaeducation.ch\/fr\/categorie-produit\/jouer\/jouets-actifs\/\">actifs<\/a> qui transforment chaque pi\u00e8ce en un terrain d&#8217;aventure et inspirent le jeu et le mouvement libres, m\u00eame chez les plus jeunes. Les produits Stapelstein portent fi\u00e8rement de multiples labels de qualit\u00e9 ind\u00e9pendants, dont le label <a href=\"https:\/\/www.spielgut.de\">&#8220;spiel gut&#8221;<\/a> et des r\u00e9compenses pour la promotion du d\u00e9veloppement de l&#8217;enfant et l&#8217;innovation dans le mouvement.<\/p>\n<p>Fabriqu\u00e9s \u00e0 100 % en Allemagne \u00e0 partir de PPE pur et \u00e9conome en ressources, les produits Stapelstein ne contiennent pas de plastifiants, de plastifiants ou d&#8217;additifs. Ces jouets de haute qualit\u00e9 et s\u00fbrs sont r\u00e9sistants \u00e0 l&#8217;eau, \u00e0 la salive, aux morsures et aux UV et conviennent \u00e0 un usage int\u00e9rieur et ext\u00e9rieur.<\/p>\n<p>La planche d\u2019\u00e9quilibre Stapelstein en bleu Safari convient aux enfants de tous \u00e2ges, \u00e0 partir de 1 an, ainsi qu\u2019aux adultes.<\/p>\n<p>En raison des conditions d&#8217;\u00e9clairage lors de la photographie du produit et des diff\u00e9rents r\u00e9glages d&#8217;\u00e9cran, la couleur des planches d&#8217;\u00e9quilibre peut diff\u00e9rer de l&#8217;illustration.<\/p>\n<p>Contenu :<\/p>\n<p>1 planche d\u2019\u00e9quilibre en bleu Safari<\/p>\n<h2>Quelques consignes de s\u00e9curit\u00e9<\/h2>\n<p>Les objets et surfaces pointus et tranchants tels que les ciseaux, les couteaux, les clous, le fil de fer, les pierres, etc. ne doivent pas \u00eatre mis en contact avec la planche d&#8217;\u00e9quilibre. Les objets et surfaces pointus et tranchants peuvent causer des dommages permanents \u00e0 la planche d&#8217;\u00e9quilibre.<\/p>\n<p>\u00c9vitez la chaleur extr\u00eame et toutes les sources d&#8217;inflammation possibles (flammes ou \u00e9tincelles).<\/p>\n<p>Lorsque vous jouez dans l&#8217;eau, la planche d&#8217;\u00e9quilibre sert uniquement de jouet et non d&#8217;aide \u00e0 la flottaison. Il ne doit donc \u00eatre utilis\u00e9 que dans des eaux peu profondes, sous la surveillance d&#8217;un adulte.<\/p>\n<p>Faites attention \u00e0 l&#8217;\u00e9quilibre ! Sur les sols glissants, les mouvements saccad\u00e9s peuvent faire glisser la planche d&#8217;\u00e9quilibre. Un tapis ou une sorte de tapis de yoga emp\u00eachera les planches d&#8217;\u00e9quilibre de glisser.<\/p>\n","protected":false},"excerpt":{"rendered":"<p>Num\u00e9ro d&#8217;article: 110002-1<\/p>\n<p>La planche d\u2019\u00e9quilibre bleu Safari de Stapelstein est fabriqu\u00e9 en Allemagne et favorise le jeu actif et le mouvement pour les enfants comme pour les adultes !<\/p>\n","protected":false},"featured_media":40761,"comment_status":"open","ping_status":"closed","template":"","meta":[],"product_brand":[],"product_cat":[208,215,216,635,283,13130,18969,22181,217,5851,209,18968,212],"product_tag":[19231,19225,8625,19217,19218,19213,19215,19219,19216,19222,19221,1227,19220,19232,21998,21999,19210,19233],"class_list":{"0":"post-40750","1":"product","2":"type-product","3":"status-publish","4":"has-post-thumbnail","6":"product_cat-1-3-ans","7":"product_cat-3-6-ans","8":"product_cat-6-12-ans","9":"product_cat-competences-motrices","10":"product_cat-domaines-du-curriculum","11":"product_cat-jouer","12":"product_cat-jouets-actifs","13":"product_cat-jouets-montessori","14":"product_cat-marques","15":"product_cat-nouveautes","16":"product_cat-sensorielles-motrices","17":"product_cat-stapelstein-fr","18":"product_cat-tranche-dage","19":"product_tag-equipement-dassise-dynamique","20":"product_tag-equipements-de-jeux-actifs-interieurs","21":"product_tag-fabrique-en-allemagne","22":"product_tag-jeux-actifs-en-interieur","23":"product_tag-jouets-actifs-fr","24":"product_tag-jouets-actifs","25":"product_tag-jouets-actifs-dinterieur","26":"product_tag-jouets-actifs-durables","27":"product_tag-jouets-dequilibre","28":"product_tag-jouets-dexercice-pour-enfants","29":"product_tag-jouets-neutres-en-carbone","30":"product_tag-jouets-ouverts","31":"product_tag-marques-neutres-en-carbone","32":"product_tag-planche-dequilibre","33":"product_tag-planche-dequilibre-bleu-safari-stapelstein-fabrique-en-allemagne","34":"product_tag-planche-dequilibre-bleu-safari-stapelstein-fabrique-en-allemagne-fr","35":"product_tag-stapelstein-fr","36":"product_tag-stapelstein-planche-dequilibre","38":"first","39":"outofstock","40":"taxable","41":"shipping-taxable","42":"purchasable","43":"product-type-simple"},"yoast_head":"<!-- This site is optimized with the Yoast SEO plugin v27.1.1 - https:\/\/yoast.com\/product\/yoast-seo-wordpress\/ -->\n<title>Planche d\u2019\u00e9quilibre bleu Safari - Stapelstein - Teia Education &amp; Play<\/title>\n<meta name=\"description\" content=\"La planche d\u2019\u00e9quilibre bleu Safari de Stapelstein est fabriqu\u00e9 en Allemagne et favorise le jeu actif et le mouvement pour enfants et adultes !\" \/>\n<meta name=\"robots\" content=\"index, follow, max-snippet:-1, max-image-preview:large, max-video-preview:-1\" \/>\n<link rel=\"canonical\" href=\"https:\/\/teiaeducation.ch\/fr\/produit\/planche-dequilibre-safari-bleu-stapelstein\/\" \/>\n<meta property=\"og:locale\" content=\"fr_FR\" \/>\n<meta property=\"og:type\" content=\"article\" \/>\n<meta property=\"og:title\" content=\"Planche d\u2019\u00e9quilibre bleu Safari - Stapelstein - Teia Education &amp; Play\" \/>\n<meta property=\"og:description\" content=\"La planche d\u2019\u00e9quilibre bleu Safari de Stapelstein est fabriqu\u00e9 en Allemagne et favorise le jeu actif et le mouvement pour enfants et adultes !\" \/>\n<meta property=\"og:url\" content=\"https:\/\/teiaeducation.ch\/fr\/produit\/planche-dequilibre-safari-bleu-stapelstein\/\" \/>\n<meta property=\"og:site_name\" content=\"Sustainable Educational Products &amp; Ecological Toys\u00a0\" \/>\n<meta property=\"article:publisher\" content=\"https:\/\/www.facebook.com\/teiaeducation\/\" \/>\n<meta property=\"article:modified_time\" content=\"2022-12-16T10:34:53+00:00\" \/>\n<meta property=\"og:image\" content=\"https:\/\/teiaeducation.ch\/wp-content\/uploads\/2021\/11\/Safari-blue-balance-board-Stapelstein-made-in-Germany1.jpg\" \/>\n\t<meta property=\"og:image:width\" content=\"720\" \/>\n\t<meta property=\"og:image:height\" content=\"900\" \/>\n\t<meta property=\"og:image:type\" content=\"image\/jpeg\" \/>\n<script type=\"application\/ld+json\" class=\"yoast-schema-graph\">{\"@context\":\"https:\/\/schema.org\",\"@graph\":[{\"@type\":\"WebPage\",\"@id\":\"https:\/\/teiaeducation.ch\/fr\/produit\/planche-dequilibre-safari-bleu-stapelstein\/\",\"url\":\"https:\/\/teiaeducation.ch\/fr\/produit\/planche-dequilibre-safari-bleu-stapelstein\/\",\"name\":\"Planche d\u2019\u00e9quilibre bleu Safari - Stapelstein - Teia Education & Play\",\"isPartOf\":{\"@id\":\"https:\/\/teiaeducation.ch\/fr\/#website\"},\"primaryImageOfPage\":{\"@id\":\"https:\/\/teiaeducation.ch\/fr\/produit\/planche-dequilibre-safari-bleu-stapelstein\/#primaryimage\"},\"image\":{\"@id\":\"https:\/\/teiaeducation.ch\/fr\/produit\/planche-dequilibre-safari-bleu-stapelstein\/#primaryimage\"},\"thumbnailUrl\":\"https:\/\/teiaeducation.ch\/wp-content\/uploads\/2021\/11\/Safari-blue-balance-board-Stapelstein-made-in-Germany1.jpg\",\"datePublished\":\"2021-11-04T13:35:01+00:00\",\"dateModified\":\"2022-12-16T10:34:53+00:00\",\"description\":\"La planche d\u2019\u00e9quilibre bleu Safari de Stapelstein est fabriqu\u00e9 en Allemagne et favorise le jeu actif et le mouvement pour enfants et adultes !\",\"breadcrumb\":{\"@id\":\"https:\/\/teiaeducation.ch\/fr\/produit\/planche-dequilibre-safari-bleu-stapelstein\/#breadcrumb\"},\"inLanguage\":\"fr-FR\",\"potentialAction\":[{\"@type\":\"ReadAction\",\"target\":[\"https:\/\/teiaeducation.ch\/fr\/produit\/planche-dequilibre-safari-bleu-stapelstein\/\"]}]},{\"@type\":\"ImageObject\",\"inLanguage\":\"fr-FR\",\"@id\":\"https:\/\/teiaeducation.ch\/fr\/produit\/planche-dequilibre-safari-bleu-stapelstein\/#primaryimage\",\"url\":\"https:\/\/teiaeducation.ch\/wp-content\/uploads\/2021\/11\/Safari-blue-balance-board-Stapelstein-made-in-Germany1.jpg\",\"contentUrl\":\"https:\/\/teiaeducation.ch\/wp-content\/uploads\/2021\/11\/Safari-blue-balance-board-Stapelstein-made-in-Germany1.jpg\",\"width\":720,\"height\":900,\"caption\":\"Planche d\u2019\u00e9quilibre bleu Safari - Stapelstein fabriqu\u00e9 en allemagne\"},{\"@type\":\"BreadcrumbList\",\"@id\":\"https:\/\/teiaeducation.ch\/fr\/produit\/planche-dequilibre-safari-bleu-stapelstein\/#breadcrumb\",\"itemListElement\":[{\"@type\":\"ListItem\",\"position\":1,\"name\":\"Home\",\"item\":\"https:\/\/teiaeducation.ch\/fr\/\"},{\"@type\":\"ListItem\",\"position\":2,\"name\":\"Boutique Teia Education &amp; Play\",\"item\":\"https:\/\/teiaeducation.ch\/fr\/boutique\/\"},{\"@type\":\"ListItem\",\"position\":3,\"name\":\"Nos Marques\",\"item\":\"https:\/\/teiaeducation.ch\/fr\/categorie-produit\/marques\/\"},{\"@type\":\"ListItem\",\"position\":4,\"name\":\"Stapelstein\",\"item\":\"https:\/\/teiaeducation.ch\/fr\/categorie-produit\/marques\/stapelstein-fr\/\"},{\"@type\":\"ListItem\",\"position\":5,\"name\":\"Planche d\u2019\u00e9quilibre bleu Safari &#8211; Stapelstein\"}]},{\"@type\":\"WebSite\",\"@id\":\"https:\/\/teiaeducation.ch\/fr\/#website\",\"url\":\"https:\/\/teiaeducation.ch\/fr\/\",\"name\":\"Sustainable Educational Products &amp; Ecological Toys\u00a0\",\"description\":\"Specialised Swiss shop selling sustainable educational toys and games, AMI certified Montessori materials, handmade ecological wooden Waldorf toys and arts &amp; crafts supplies, school supplies, children&#039;s furniture and Montessori reference and parenting books.\",\"publisher\":{\"@id\":\"https:\/\/teiaeducation.ch\/fr\/#organization\"},\"alternateName\":\"Teia Education & Play\",\"potentialAction\":[{\"@type\":\"SearchAction\",\"target\":{\"@type\":\"EntryPoint\",\"urlTemplate\":\"https:\/\/teiaeducation.ch\/fr\/?s={search_term_string}\"},\"query-input\":{\"@type\":\"PropertyValueSpecification\",\"valueRequired\":true,\"valueName\":\"search_term_string\"}}],\"inLanguage\":\"fr-FR\"},{\"@type\":\"Organization\",\"@id\":\"https:\/\/teiaeducation.ch\/fr\/#organization\",\"name\":\"Teia Education & Play\",\"url\":\"https:\/\/teiaeducation.ch\/fr\/\",\"logo\":{\"@type\":\"ImageObject\",\"inLanguage\":\"fr-FR\",\"@id\":\"https:\/\/teiaeducation.ch\/fr\/#\/schema\/logo\/image\/\",\"url\":\"https:\/\/teiaeducation.ch\/wp-content\/uploads\/2020\/11\/Teia-Education-Switzerland-e1620156442216.jpg\",\"contentUrl\":\"https:\/\/teiaeducation.ch\/wp-content\/uploads\/2020\/11\/Teia-Education-Switzerland-e1620156442216.jpg\",\"width\":166,\"height\":145,\"caption\":\"Teia Education & Play\"},\"image\":{\"@id\":\"https:\/\/teiaeducation.ch\/fr\/#\/schema\/logo\/image\/\"},\"sameAs\":[\"https:\/\/www.facebook.com\/teiaeducation\/\",\"https:\/\/x.com\/EducationTeia\",\"https:\/\/www.instagram.com\/teia.education\/\",\"https:\/\/www.linkedin.com\/company\/35501660\",\"https:\/\/www.pinterest.ch\/TeiaEducation\/\"]}]}<\/script>\n<!-- \/ Yoast SEO plugin. -->","yoast_head_json":{"title":"Planche d\u2019\u00e9quilibre bleu Safari - Stapelstein - Teia Education & Play","description":"La planche d\u2019\u00e9quilibre bleu Safari de Stapelstein est fabriqu\u00e9 en Allemagne et favorise le jeu actif et le mouvement pour enfants et adultes !","robots":{"index":"index","follow":"follow","max-snippet":"max-snippet:-1","max-image-preview":"max-image-preview:large","max-video-preview":"max-video-preview:-1"},"canonical":"https:\/\/teiaeducation.ch\/fr\/produit\/planche-dequilibre-safari-bleu-stapelstein\/","og_locale":"fr_FR","og_type":"article","og_title":"Planche d\u2019\u00e9quilibre bleu Safari - Stapelstein - Teia Education & Play","og_description":"La planche d\u2019\u00e9quilibre bleu Safari de Stapelstein est fabriqu\u00e9 en Allemagne et favorise le jeu actif et le mouvement pour enfants et adultes !","og_url":"https:\/\/teiaeducation.ch\/fr\/produit\/planche-dequilibre-safari-bleu-stapelstein\/","og_site_name":"Sustainable Educational Products &amp; Ecological Toys\u00a0","article_publisher":"https:\/\/www.facebook.com\/teiaeducation\/","article_modified_time":"2022-12-16T10:34:53+00:00","og_image":[{"width":720,"height":900,"url":"https:\/\/teiaeducation.ch\/wp-content\/uploads\/2021\/11\/Safari-blue-balance-board-Stapelstein-made-in-Germany1.jpg","type":"image\/jpeg"}],"schema":{"@context":"https:\/\/schema.org","@graph":[{"@type":"WebPage","@id":"https:\/\/teiaeducation.ch\/fr\/produit\/planche-dequilibre-safari-bleu-stapelstein\/","url":"https:\/\/teiaeducation.ch\/fr\/produit\/planche-dequilibre-safari-bleu-stapelstein\/","name":"Planche d\u2019\u00e9quilibre bleu Safari - Stapelstein - Teia Education & Play","isPartOf":{"@id":"https:\/\/teiaeducation.ch\/fr\/#website"},"primaryImageOfPage":{"@id":"https:\/\/teiaeducation.ch\/fr\/produit\/planche-dequilibre-safari-bleu-stapelstein\/#primaryimage"},"image":{"@id":"https:\/\/teiaeducation.ch\/fr\/produit\/planche-dequilibre-safari-bleu-stapelstein\/#primaryimage"},"thumbnailUrl":"https:\/\/teiaeducation.ch\/wp-content\/uploads\/2021\/11\/Safari-blue-balance-board-Stapelstein-made-in-Germany1.jpg","datePublished":"2021-11-04T13:35:01+00:00","dateModified":"2022-12-16T10:34:53+00:00","description":"La planche d\u2019\u00e9quilibre bleu Safari de Stapelstein est fabriqu\u00e9 en Allemagne et favorise le jeu actif et le mouvement pour enfants et adultes !","breadcrumb":{"@id":"https:\/\/teiaeducation.ch\/fr\/produit\/planche-dequilibre-safari-bleu-stapelstein\/#breadcrumb"},"inLanguage":"fr-FR","potentialAction":[{"@type":"ReadAction","target":["https:\/\/teiaeducation.ch\/fr\/produit\/planche-dequilibre-safari-bleu-stapelstein\/"]}]},{"@type":"ImageObject","inLanguage":"fr-FR","@id":"https:\/\/teiaeducation.ch\/fr\/produit\/planche-dequilibre-safari-bleu-stapelstein\/#primaryimage","url":"https:\/\/teiaeducation.ch\/wp-content\/uploads\/2021\/11\/Safari-blue-balance-board-Stapelstein-made-in-Germany1.jpg","contentUrl":"https:\/\/teiaeducation.ch\/wp-content\/uploads\/2021\/11\/Safari-blue-balance-board-Stapelstein-made-in-Germany1.jpg","width":720,"height":900,"caption":"Planche d\u2019\u00e9quilibre bleu Safari - Stapelstein fabriqu\u00e9 en allemagne"},{"@type":"BreadcrumbList","@id":"https:\/\/teiaeducation.ch\/fr\/produit\/planche-dequilibre-safari-bleu-stapelstein\/#breadcrumb","itemListElement":[{"@type":"ListItem","position":1,"name":"Home","item":"https:\/\/teiaeducation.ch\/fr\/"},{"@type":"ListItem","position":2,"name":"Boutique Teia Education &amp; Play","item":"https:\/\/teiaeducation.ch\/fr\/boutique\/"},{"@type":"ListItem","position":3,"name":"Nos Marques","item":"https:\/\/teiaeducation.ch\/fr\/categorie-produit\/marques\/"},{"@type":"ListItem","position":4,"name":"Stapelstein","item":"https:\/\/teiaeducation.ch\/fr\/categorie-produit\/marques\/stapelstein-fr\/"},{"@type":"ListItem","position":5,"name":"Planche d\u2019\u00e9quilibre bleu Safari &#8211; Stapelstein"}]},{"@type":"WebSite","@id":"https:\/\/teiaeducation.ch\/fr\/#website","url":"https:\/\/teiaeducation.ch\/fr\/","name":"Sustainable Educational Products &amp; Ecological Toys\u00a0","description":"Specialised Swiss shop selling sustainable educational toys and games, AMI certified Montessori materials, handmade ecological wooden Waldorf toys and arts &amp; crafts supplies, school supplies, children&#039;s furniture and Montessori reference and parenting books.","publisher":{"@id":"https:\/\/teiaeducation.ch\/fr\/#organization"},"alternateName":"Teia Education & Play","potentialAction":[{"@type":"SearchAction","target":{"@type":"EntryPoint","urlTemplate":"https:\/\/teiaeducation.ch\/fr\/?s={search_term_string}"},"query-input":{"@type":"PropertyValueSpecification","valueRequired":true,"valueName":"search_term_string"}}],"inLanguage":"fr-FR"},{"@type":"Organization","@id":"https:\/\/teiaeducation.ch\/fr\/#organization","name":"Teia Education & Play","url":"https:\/\/teiaeducation.ch\/fr\/","logo":{"@type":"ImageObject","inLanguage":"fr-FR","@id":"https:\/\/teiaeducation.ch\/fr\/#\/schema\/logo\/image\/","url":"https:\/\/teiaeducation.ch\/wp-content\/uploads\/2020\/11\/Teia-Education-Switzerland-e1620156442216.jpg","contentUrl":"https:\/\/teiaeducation.ch\/wp-content\/uploads\/2020\/11\/Teia-Education-Switzerland-e1620156442216.jpg","width":166,"height":145,"caption":"Teia Education & Play"},"image":{"@id":"https:\/\/teiaeducation.ch\/fr\/#\/schema\/logo\/image\/"},"sameAs":["https:\/\/www.facebook.com\/teiaeducation\/","https:\/\/x.com\/EducationTeia","https:\/\/www.instagram.com\/teia.education\/","https:\/\/www.linkedin.com\/company\/35501660","https:\/\/www.pinterest.ch\/TeiaEducation\/"]}]}},"_links":{"self":[{"href":"https:\/\/teiaeducation.ch\/fr\/wp-json\/wp\/v2\/product\/40750","targetHints":{"allow":["GET"]}}],"collection":[{"href":"https:\/\/teiaeducation.ch\/fr\/wp-json\/wp\/v2\/product"}],"about":[{"href":"https:\/\/teiaeducation.ch\/fr\/wp-json\/wp\/v2\/types\/product"}],"replies":[{"embeddable":true,"href":"https:\/\/teiaeducation.ch\/fr\/wp-json\/wp\/v2\/comments?post=40750"}],"wp:featuredmedia":[{"embeddable":true,"href":"https:\/\/teiaeducation.ch\/fr\/wp-json\/wp\/v2\/media\/40761"}],"wp:attachment":[{"href":"https:\/\/teiaeducation.ch\/fr\/wp-json\/wp\/v2\/media?parent=40750"}],"wp:term":[{"taxonomy":"product_brand","embeddable":true,"href":"https:\/\/teiaeducation.ch\/fr\/wp-json\/wp\/v2\/product_brand?post=40750"},{"taxonomy":"product_cat","embeddable":true,"href":"https:\/\/teiaeducation.ch\/fr\/wp-json\/wp\/v2\/product_cat?post=40750"},{"taxonomy":"product_tag","embeddable":true,"href":"https:\/\/teiaeducation.ch\/fr\/wp-json\/wp\/v2\/product_tag?post=40750"}],"curies":[{"name":"wp","href":"https:\/\/api.w.org\/{rel}","templated":true}]}}