{"id":40820,"date":"2021-11-05T13:22:09","date_gmt":"2021-11-05T12:22:09","guid":{"rendered":"https:\/\/teiaeducation.ch\/?post_type=product&#038;p=40820"},"modified":"2021-12-14T15:32:59","modified_gmt":"2021-12-14T14:32:59","slug":"petite-depanneuse-en-bois-mini-voiture-debresk","status":"publish","type":"product","link":"https:\/\/teiaeducation.ch\/fr\/produit\/petite-depanneuse-en-bois-mini-voiture-debresk\/","title":{"rendered":"Petite d\u00e9panneuse en bois avec voiture &#8211; Debresk"},"content":{"rendered":"<p>Petite d\u00e9panneuse en bois avec voiture jouet &#8211; Debresk Su\u00e8de<\/p>\n<p>La petite d\u00e9panneuse et la <a href=\"https:\/\/teiaeducation.ch\/fr\/produit\/voiture-mini-debresk\/\">mini-voiture<\/a> en bois de Debresk sont enti\u00e8rement fabriqu\u00e9es \u00e0 la main en Su\u00e8de, \u00e0 partir de pin de lin durable, et comportent des d\u00e9tails en bouleau. Tous les \u00e9l\u00e9ments de la d\u00e9panneuse et de la voiture sont ponc\u00e9s doucement et finis \u00e0 l&#8217;huile de lin pour laisser appara\u00eetre la beaut\u00e9 naturelle et le grain du bois.<\/p>\n<p>Les jouets Debresk sont con\u00e7us pour \u00eatre beaux, se sentent agr\u00e9ables au toucher, et sont destin\u00e9s \u00e0 \u00eatre transmis de g\u00e9n\u00e9ration en g\u00e9n\u00e9ration. Consid\u00e9r\u00e9s comme une v\u00e9ritable marque Waldorf, les jouets Debresk sont con\u00e7us pour plaire et cr\u00e9er un \u00e9quilibre entre les diff\u00e9rents sens de l\u2019enfant en pleine croissance.<\/p>\n<p>Fond\u00e9e par deux anciens \u00e9l\u00e8ves d\u2019une \u00e9cole su\u00e9doise Waldorf, la philosophie derri\u00e8re la marque est de fournir des jouets fabriqu\u00e9s \u00e0 partir de mat\u00e9riaux vivants pour promouvoir la relation de l\u2019enfant avec le monde vivant. En utilisant uniquement des mat\u00e9riaux naturels pour fabriquer les jouets Debresk, ils cultivent une appr\u00e9ciation de la beaut\u00e9 et l\u2019importance de prendre soin de la nature et des choses qui nous entourent.<\/p>\n<p>Ce jouet convient aux enfants \u00e2g\u00e9s de 12 mois et plus.<\/p>\n<p>Contenu :<\/p>\n<p>1 petite d\u00e9panneuse en bois<br \/>\n1 mini-voiture<\/p>\n","protected":false},"excerpt":{"rendered":"<p>Num\u00e9ro d&#8217;article: 70200022<\/p>\n<p>La petite d\u00e9panneuse et la mini-voiture jouet Debresk en bois sont enti\u00e8rement fabriqu\u00e9es \u00e0 la main en Su\u00e8de \u00e0 partir de pin de lin durable.<\/p>\n","protected":false},"featured_media":40822,"comment_status":"open","ping_status":"closed","template":"","meta":[],"product_brand":[],"product_cat":[208,215,22032,13117,8526,17242,21257,8572,13130,23020,23021,7595,217,212,17236,1219],"product_tag":[17925,17926,17924,17921,17920,22058,17918,6714,22059],"class_list":{"0":"post-40820","1":"product","2":"type-product","3":"status-publish","4":"has-post-thumbnail","6":"product_cat-1-3-ans","7":"product_cat-3-6-ans","8":"product_cat-cadeaux-du-calendrier-de-lavent-et-de-noel","9":"product_cat-debresk-fr","10":"product_cat-fournitures-scolaires-a-domicile","11":"product_cat-guide-cadeaux-1-3-ans","12":"product_cat-guides-cadeaux","13":"product_cat-jeu-et-apprentissage-pour-bebes-et-jeunes-enfants","14":"product_cat-jouer","15":"product_cat-jouets-en-bois","16":"product_cat-jouets-waldorf","17":"product_cat-methode-deducation","18":"product_cat-marques","19":"product_cat-tranche-dage","20":"product_cat-voitures-vehicules","21":"product_cat-waldorf-fr","22":"product_tag-camion-jouet-en-bois","23":"product_tag-camion-jouet-en-bois-fr","24":"product_tag-debresk-grand-camion-a-bascule","25":"product_tag-debresk-suisse-fr","26":"product_tag-debresk-switzerland-fr","27":"product_tag-grande-grue-de-depannage-en-bois-debresk-suede","28":"product_tag-jouet-en-bois-waldorf","29":"product_tag-jouets-en-bois-faits-a-la-main","30":"product_tag-petite-depanneuse-en-bois-avec-voiture-debresk-suede","32":"first","33":"instock","34":"taxable","35":"shipping-taxable","36":"purchasable","37":"product-type-simple"},"yoast_head":"<!-- This site is optimized with the Yoast SEO plugin v27.1.1 - https:\/\/yoast.com\/product\/yoast-seo-wordpress\/ -->\n<title>Petite d\u00e9panneuse en bois avec voiture - Debresk - Teia Education &amp; Play<\/title>\n<meta name=\"description\" content=\"La petite d\u00e9panneuse et la mini-voiture jouet Debresk en bois sont enti\u00e8rement fabriqu\u00e9es \u00e0 la main en Su\u00e8de \u00e0 partir de pin de lin durable.\" \/>\n<meta name=\"robots\" content=\"index, follow, max-snippet:-1, max-image-preview:large, max-video-preview:-1\" \/>\n<link rel=\"canonical\" href=\"https:\/\/teiaeducation.ch\/fr\/produit\/petite-depanneuse-en-bois-mini-voiture-debresk\/\" \/>\n<meta property=\"og:locale\" content=\"fr_FR\" \/>\n<meta property=\"og:type\" content=\"article\" \/>\n<meta property=\"og:title\" content=\"Petite d\u00e9panneuse en bois avec voiture - Debresk - Teia Education &amp; Play\" \/>\n<meta property=\"og:description\" content=\"La petite d\u00e9panneuse et la mini-voiture jouet Debresk en bois sont enti\u00e8rement fabriqu\u00e9es \u00e0 la main en Su\u00e8de \u00e0 partir de pin de lin durable.\" \/>\n<meta property=\"og:url\" content=\"https:\/\/teiaeducation.ch\/fr\/produit\/petite-depanneuse-en-bois-mini-voiture-debresk\/\" \/>\n<meta property=\"og:site_name\" content=\"Sustainable Educational Products &amp; Ecological Toys\u00a0\" \/>\n<meta property=\"article:publisher\" content=\"https:\/\/www.facebook.com\/teiaeducation\/\" \/>\n<meta property=\"article:modified_time\" content=\"2021-12-14T14:32:59+00:00\" \/>\n<meta property=\"og:image\" content=\"https:\/\/teiaeducation.ch\/wp-content\/uploads\/2021\/11\/Large-wooden-toy-tow-truck-with-mini-car-Debresk-Sweden.jpg\" \/>\n\t<meta property=\"og:image:width\" content=\"560\" \/>\n\t<meta property=\"og:image:height\" content=\"560\" \/>\n\t<meta property=\"og:image:type\" content=\"image\/jpeg\" \/>\n<script type=\"application\/ld+json\" class=\"yoast-schema-graph\">{\"@context\":\"https:\/\/schema.org\",\"@graph\":[{\"@type\":\"WebPage\",\"@id\":\"https:\/\/teiaeducation.ch\/fr\/produit\/petite-depanneuse-en-bois-mini-voiture-debresk\/\",\"url\":\"https:\/\/teiaeducation.ch\/fr\/produit\/petite-depanneuse-en-bois-mini-voiture-debresk\/\",\"name\":\"Petite d\u00e9panneuse en bois avec voiture - Debresk - Teia Education & Play\",\"isPartOf\":{\"@id\":\"https:\/\/teiaeducation.ch\/fr\/#website\"},\"primaryImageOfPage\":{\"@id\":\"https:\/\/teiaeducation.ch\/fr\/produit\/petite-depanneuse-en-bois-mini-voiture-debresk\/#primaryimage\"},\"image\":{\"@id\":\"https:\/\/teiaeducation.ch\/fr\/produit\/petite-depanneuse-en-bois-mini-voiture-debresk\/#primaryimage\"},\"thumbnailUrl\":\"https:\/\/teiaeducation.ch\/wp-content\/uploads\/2021\/11\/Large-wooden-toy-tow-truck-with-mini-car-Debresk-Sweden.jpg\",\"datePublished\":\"2021-11-05T12:22:09+00:00\",\"dateModified\":\"2021-12-14T14:32:59+00:00\",\"description\":\"La petite d\u00e9panneuse et la mini-voiture jouet Debresk en bois sont enti\u00e8rement fabriqu\u00e9es \u00e0 la main en Su\u00e8de \u00e0 partir de pin de lin durable.\",\"breadcrumb\":{\"@id\":\"https:\/\/teiaeducation.ch\/fr\/produit\/petite-depanneuse-en-bois-mini-voiture-debresk\/#breadcrumb\"},\"inLanguage\":\"fr-FR\",\"potentialAction\":[{\"@type\":\"ReadAction\",\"target\":[\"https:\/\/teiaeducation.ch\/fr\/produit\/petite-depanneuse-en-bois-mini-voiture-debresk\/\"]}]},{\"@type\":\"ImageObject\",\"inLanguage\":\"fr-FR\",\"@id\":\"https:\/\/teiaeducation.ch\/fr\/produit\/petite-depanneuse-en-bois-mini-voiture-debresk\/#primaryimage\",\"url\":\"https:\/\/teiaeducation.ch\/wp-content\/uploads\/2021\/11\/Large-wooden-toy-tow-truck-with-mini-car-Debresk-Sweden.jpg\",\"contentUrl\":\"https:\/\/teiaeducation.ch\/wp-content\/uploads\/2021\/11\/Large-wooden-toy-tow-truck-with-mini-car-Debresk-Sweden.jpg\",\"width\":560,\"height\":560,\"caption\":\"Petite d\u00e9panneuse en bois avec voiture - Debresk Su\u00e8de\"},{\"@type\":\"BreadcrumbList\",\"@id\":\"https:\/\/teiaeducation.ch\/fr\/produit\/petite-depanneuse-en-bois-mini-voiture-debresk\/#breadcrumb\",\"itemListElement\":[{\"@type\":\"ListItem\",\"position\":1,\"name\":\"Home\",\"item\":\"https:\/\/teiaeducation.ch\/fr\/\"},{\"@type\":\"ListItem\",\"position\":2,\"name\":\"Boutique Teia Education &amp; Play\",\"item\":\"https:\/\/teiaeducation.ch\/fr\/boutique\/\"},{\"@type\":\"ListItem\",\"position\":3,\"name\":\"Nos Marques\",\"item\":\"https:\/\/teiaeducation.ch\/fr\/categorie-produit\/marques\/\"},{\"@type\":\"ListItem\",\"position\":4,\"name\":\"Debresk\",\"item\":\"https:\/\/teiaeducation.ch\/fr\/categorie-produit\/marques\/debresk-fr\/\"},{\"@type\":\"ListItem\",\"position\":5,\"name\":\"Petite d\u00e9panneuse en bois avec voiture &#8211; Debresk\"}]},{\"@type\":\"WebSite\",\"@id\":\"https:\/\/teiaeducation.ch\/fr\/#website\",\"url\":\"https:\/\/teiaeducation.ch\/fr\/\",\"name\":\"Sustainable Educational Products &amp; Ecological Toys\u00a0\",\"description\":\"Specialised Swiss shop selling sustainable educational toys and games, AMI certified Montessori materials, handmade ecological wooden Waldorf toys and arts &amp; crafts supplies, school supplies, children&#039;s furniture and Montessori reference and parenting books.\",\"publisher\":{\"@id\":\"https:\/\/teiaeducation.ch\/fr\/#organization\"},\"alternateName\":\"Teia Education & Play\",\"potentialAction\":[{\"@type\":\"SearchAction\",\"target\":{\"@type\":\"EntryPoint\",\"urlTemplate\":\"https:\/\/teiaeducation.ch\/fr\/?s={search_term_string}\"},\"query-input\":{\"@type\":\"PropertyValueSpecification\",\"valueRequired\":true,\"valueName\":\"search_term_string\"}}],\"inLanguage\":\"fr-FR\"},{\"@type\":\"Organization\",\"@id\":\"https:\/\/teiaeducation.ch\/fr\/#organization\",\"name\":\"Teia Education & Play\",\"url\":\"https:\/\/teiaeducation.ch\/fr\/\",\"logo\":{\"@type\":\"ImageObject\",\"inLanguage\":\"fr-FR\",\"@id\":\"https:\/\/teiaeducation.ch\/fr\/#\/schema\/logo\/image\/\",\"url\":\"https:\/\/teiaeducation.ch\/wp-content\/uploads\/2020\/11\/Teia-Education-Switzerland-e1620156442216.jpg\",\"contentUrl\":\"https:\/\/teiaeducation.ch\/wp-content\/uploads\/2020\/11\/Teia-Education-Switzerland-e1620156442216.jpg\",\"width\":166,\"height\":145,\"caption\":\"Teia Education & Play\"},\"image\":{\"@id\":\"https:\/\/teiaeducation.ch\/fr\/#\/schema\/logo\/image\/\"},\"sameAs\":[\"https:\/\/www.facebook.com\/teiaeducation\/\",\"https:\/\/x.com\/EducationTeia\",\"https:\/\/www.instagram.com\/teia.education\/\",\"https:\/\/www.linkedin.com\/company\/35501660\",\"https:\/\/www.pinterest.ch\/TeiaEducation\/\"]}]}<\/script>\n<!-- \/ Yoast SEO plugin. -->","yoast_head_json":{"title":"Petite d\u00e9panneuse en bois avec voiture - Debresk - Teia Education & Play","description":"La petite d\u00e9panneuse et la mini-voiture jouet Debresk en bois sont enti\u00e8rement fabriqu\u00e9es \u00e0 la main en Su\u00e8de \u00e0 partir de pin de lin durable.","robots":{"index":"index","follow":"follow","max-snippet":"max-snippet:-1","max-image-preview":"max-image-preview:large","max-video-preview":"max-video-preview:-1"},"canonical":"https:\/\/teiaeducation.ch\/fr\/produit\/petite-depanneuse-en-bois-mini-voiture-debresk\/","og_locale":"fr_FR","og_type":"article","og_title":"Petite d\u00e9panneuse en bois avec voiture - Debresk - Teia Education & Play","og_description":"La petite d\u00e9panneuse et la mini-voiture jouet Debresk en bois sont enti\u00e8rement fabriqu\u00e9es \u00e0 la main en Su\u00e8de \u00e0 partir de pin de lin durable.","og_url":"https:\/\/teiaeducation.ch\/fr\/produit\/petite-depanneuse-en-bois-mini-voiture-debresk\/","og_site_name":"Sustainable Educational Products &amp; Ecological Toys\u00a0","article_publisher":"https:\/\/www.facebook.com\/teiaeducation\/","article_modified_time":"2021-12-14T14:32:59+00:00","og_image":[{"width":560,"height":560,"url":"https:\/\/teiaeducation.ch\/wp-content\/uploads\/2021\/11\/Large-wooden-toy-tow-truck-with-mini-car-Debresk-Sweden.jpg","type":"image\/jpeg"}],"schema":{"@context":"https:\/\/schema.org","@graph":[{"@type":"WebPage","@id":"https:\/\/teiaeducation.ch\/fr\/produit\/petite-depanneuse-en-bois-mini-voiture-debresk\/","url":"https:\/\/teiaeducation.ch\/fr\/produit\/petite-depanneuse-en-bois-mini-voiture-debresk\/","name":"Petite d\u00e9panneuse en bois avec voiture - Debresk - Teia Education & Play","isPartOf":{"@id":"https:\/\/teiaeducation.ch\/fr\/#website"},"primaryImageOfPage":{"@id":"https:\/\/teiaeducation.ch\/fr\/produit\/petite-depanneuse-en-bois-mini-voiture-debresk\/#primaryimage"},"image":{"@id":"https:\/\/teiaeducation.ch\/fr\/produit\/petite-depanneuse-en-bois-mini-voiture-debresk\/#primaryimage"},"thumbnailUrl":"https:\/\/teiaeducation.ch\/wp-content\/uploads\/2021\/11\/Large-wooden-toy-tow-truck-with-mini-car-Debresk-Sweden.jpg","datePublished":"2021-11-05T12:22:09+00:00","dateModified":"2021-12-14T14:32:59+00:00","description":"La petite d\u00e9panneuse et la mini-voiture jouet Debresk en bois sont enti\u00e8rement fabriqu\u00e9es \u00e0 la main en Su\u00e8de \u00e0 partir de pin de lin durable.","breadcrumb":{"@id":"https:\/\/teiaeducation.ch\/fr\/produit\/petite-depanneuse-en-bois-mini-voiture-debresk\/#breadcrumb"},"inLanguage":"fr-FR","potentialAction":[{"@type":"ReadAction","target":["https:\/\/teiaeducation.ch\/fr\/produit\/petite-depanneuse-en-bois-mini-voiture-debresk\/"]}]},{"@type":"ImageObject","inLanguage":"fr-FR","@id":"https:\/\/teiaeducation.ch\/fr\/produit\/petite-depanneuse-en-bois-mini-voiture-debresk\/#primaryimage","url":"https:\/\/teiaeducation.ch\/wp-content\/uploads\/2021\/11\/Large-wooden-toy-tow-truck-with-mini-car-Debresk-Sweden.jpg","contentUrl":"https:\/\/teiaeducation.ch\/wp-content\/uploads\/2021\/11\/Large-wooden-toy-tow-truck-with-mini-car-Debresk-Sweden.jpg","width":560,"height":560,"caption":"Petite d\u00e9panneuse en bois avec voiture - Debresk Su\u00e8de"},{"@type":"BreadcrumbList","@id":"https:\/\/teiaeducation.ch\/fr\/produit\/petite-depanneuse-en-bois-mini-voiture-debresk\/#breadcrumb","itemListElement":[{"@type":"ListItem","position":1,"name":"Home","item":"https:\/\/teiaeducation.ch\/fr\/"},{"@type":"ListItem","position":2,"name":"Boutique Teia Education &amp; Play","item":"https:\/\/teiaeducation.ch\/fr\/boutique\/"},{"@type":"ListItem","position":3,"name":"Nos Marques","item":"https:\/\/teiaeducation.ch\/fr\/categorie-produit\/marques\/"},{"@type":"ListItem","position":4,"name":"Debresk","item":"https:\/\/teiaeducation.ch\/fr\/categorie-produit\/marques\/debresk-fr\/"},{"@type":"ListItem","position":5,"name":"Petite d\u00e9panneuse en bois avec voiture &#8211; Debresk"}]},{"@type":"WebSite","@id":"https:\/\/teiaeducation.ch\/fr\/#website","url":"https:\/\/teiaeducation.ch\/fr\/","name":"Sustainable Educational Products &amp; Ecological Toys\u00a0","description":"Specialised Swiss shop selling sustainable educational toys and games, AMI certified Montessori materials, handmade ecological wooden Waldorf toys and arts &amp; crafts supplies, school supplies, children&#039;s furniture and Montessori reference and parenting books.","publisher":{"@id":"https:\/\/teiaeducation.ch\/fr\/#organization"},"alternateName":"Teia Education & Play","potentialAction":[{"@type":"SearchAction","target":{"@type":"EntryPoint","urlTemplate":"https:\/\/teiaeducation.ch\/fr\/?s={search_term_string}"},"query-input":{"@type":"PropertyValueSpecification","valueRequired":true,"valueName":"search_term_string"}}],"inLanguage":"fr-FR"},{"@type":"Organization","@id":"https:\/\/teiaeducation.ch\/fr\/#organization","name":"Teia Education & Play","url":"https:\/\/teiaeducation.ch\/fr\/","logo":{"@type":"ImageObject","inLanguage":"fr-FR","@id":"https:\/\/teiaeducation.ch\/fr\/#\/schema\/logo\/image\/","url":"https:\/\/teiaeducation.ch\/wp-content\/uploads\/2020\/11\/Teia-Education-Switzerland-e1620156442216.jpg","contentUrl":"https:\/\/teiaeducation.ch\/wp-content\/uploads\/2020\/11\/Teia-Education-Switzerland-e1620156442216.jpg","width":166,"height":145,"caption":"Teia Education & Play"},"image":{"@id":"https:\/\/teiaeducation.ch\/fr\/#\/schema\/logo\/image\/"},"sameAs":["https:\/\/www.facebook.com\/teiaeducation\/","https:\/\/x.com\/EducationTeia","https:\/\/www.instagram.com\/teia.education\/","https:\/\/www.linkedin.com\/company\/35501660","https:\/\/www.pinterest.ch\/TeiaEducation\/"]}]}},"_links":{"self":[{"href":"https:\/\/teiaeducation.ch\/fr\/wp-json\/wp\/v2\/product\/40820","targetHints":{"allow":["GET"]}}],"collection":[{"href":"https:\/\/teiaeducation.ch\/fr\/wp-json\/wp\/v2\/product"}],"about":[{"href":"https:\/\/teiaeducation.ch\/fr\/wp-json\/wp\/v2\/types\/product"}],"replies":[{"embeddable":true,"href":"https:\/\/teiaeducation.ch\/fr\/wp-json\/wp\/v2\/comments?post=40820"}],"wp:featuredmedia":[{"embeddable":true,"href":"https:\/\/teiaeducation.ch\/fr\/wp-json\/wp\/v2\/media\/40822"}],"wp:attachment":[{"href":"https:\/\/teiaeducation.ch\/fr\/wp-json\/wp\/v2\/media?parent=40820"}],"wp:term":[{"taxonomy":"product_brand","embeddable":true,"href":"https:\/\/teiaeducation.ch\/fr\/wp-json\/wp\/v2\/product_brand?post=40820"},{"taxonomy":"product_cat","embeddable":true,"href":"https:\/\/teiaeducation.ch\/fr\/wp-json\/wp\/v2\/product_cat?post=40820"},{"taxonomy":"product_tag","embeddable":true,"href":"https:\/\/teiaeducation.ch\/fr\/wp-json\/wp\/v2\/product_tag?post=40820"}],"curies":[{"name":"wp","href":"https:\/\/api.w.org\/{rel}","templated":true}]}}