{"id":40832,"date":"2021-11-05T14:35:17","date_gmt":"2021-11-05T13:35:17","guid":{"rendered":"https:\/\/teiaeducation.ch\/?post_type=product&#038;p=40832"},"modified":"2026-03-13T14:02:09","modified_gmt":"2026-03-13T13:02:09","slug":"wooden-fir-tree-puzzle-gluckskafer","status":"publish","type":"product","link":"https:\/\/teiaeducation.ch\/fr\/produit\/wooden-fir-tree-puzzle-gluckskafer\/","title":{"rendered":"Wooden fir tree puzzle \u2013 Gl\u00fccksk\u00e4fer"},"content":{"rendered":"<p>The Gl\u00fccksk\u00e4fer wooden fir tree is a beautiful handmade and versatile Waldorf inspired 6-piece <a href=\"https:\/\/teiaeducation.ch\/product-category\/play\/wooden-puzzles\/\">puzzle<\/a> and <a href=\"https:\/\/teiaeducation.ch\/product-category\/play\/stacking-toys\/\">stacking toy<\/a> from the amazing &#8216;colourful world of shapes&#8217; collection.<\/p>\n<p>The wooden fir tree puzzle measures 13 x 6 x 18cm and contains 1 large dark green tree shape, 2 medium light green tree <a href=\"https:\/\/teiaeducation.ch\/product-category\/learning-themes\/mathematics-numeracy\/shapes\/\">shapes<\/a> and 4 small \u00a0carved trees in a fresh shade of yellow\/green.<\/p>\n<p>The colourful wooden fir tree is beautifully handmade from high-quality FSC certified European linden wood. It is coloured by hand with non-toxic water-based paints and is not finished with lacquer to ensure the original characteristics of the wood and the grain shows through. The surface of the wood pieces are left slightly rough making them fully stackable and less slippery. It feels wonderful in the hands!<\/p>\n<p>The Gl\u00fccksk\u00e4fer wooden fir tree offers an endless variety of <a href=\"https:\/\/teiaeducation.ch\/product-category\/play\/open-ended-play\/\">open-ended play<\/a> possibilities and a rich <a href=\"https:\/\/teiaeducation.ch\/product-category\/learning-themes\/sensory-motor-skills\/senses\/\">sensory<\/a> experience for the child. The pieces can be fitted into place on the tree base to complete the original design as a fun and satisfying puzzle again and again. The organic wooden shapes make this an extra special puzzle children will love.<\/p>\n<p>Alternatively, unique sculptures can be made through stacking or adding to build block sets. The fir tree is also perfect for use on a Waldorf nature or <a href=\"https:\/\/teiaeducation.ch\/product-category\/celebrations\/nature-seasonal-tables\/\">seasons table<\/a>.<\/p>\n<p>The Gl\u00fccksk\u00e4fer wooden fir tree is suitable for children aged 2 years and up.<\/p>\n<p>Warning! Not suitable for children under 10 months. Risk of injury in the throat.<\/p>\n<p>Contents:<\/p>\n<p>1\u00a0large shape<br \/>\n2 medium tree shapes<br \/>\n4\u00a0small carved trees<\/p>\n<h2>About Gl\u00fccksk\u00e4fer<\/h2>\n<p>German brand Gl\u00fccksk\u00e4fer is a small, ethical, family-run company that has been producing high-quality traditional\u00a0toys\u00a0for over 60 years. Designed following\u00a0<a href=\"https:\/\/teiaeducation.ch\/product-category\/education-method\/waldorf-steiner-toys-craft-materials\/\">Waldorf<\/a>\u00a0and\u00a0<a href=\"https:\/\/teiaeducation.ch\/product-category\/education-method\/the-montessori-pedagogy-materials-toys\/\">Montessori<\/a> principles and in collaboration with pedagogues, parents, doctors and midwives, the beautiful handmade Gl\u00fccksk\u00e4fer <a href=\"https:\/\/teiaeducation.ch\/product-category\/hgh-quality-toys-play\/\">toys<\/a>\u00a0aim to promote a child\u2019s development through creative and independent play. Their range of handmade toys and colourful play sets are a beautiful addition to toy shelves, a play room or to be featured in a window still!<\/p>\n<p>Ideal for playing with at home, nursery, Waldorf or <a href=\"https:\/\/teiaeducation.ch\/waldorf-steiner-schools-supplies\/\">Rudolf Steiner school<\/a>, the range of <a href=\"https:\/\/teiaeducation.ch\/product-category\/brands\/gluckskafer\/\">Gl\u00fccksk\u00e4fer<\/a> colourful shapes toys are\u00a0crafted by hand according to the <a href=\"https:\/\/teiaeducation.ch\/product-category\/hgh-quality-toys-play\/waldorf-toys\/\">Waldorf<\/a> philosophy which is well-known to encourage children to discover creative play independently and without limitations. The <a href=\"https:\/\/teiaeducation.ch\/product-category\/hgh-quality-toys-play\/handmade-wooden-toys\/\">wooden toys<\/a> are coloured by hand with non-toxic water-based paints and are not finished with lacquer to ensure the original characteristics of the wood and the grain shows through. The surface of the FSC certified European wood pieces are left slightly rough making them fully stackable and less slippery.<\/p>\n<p>Gl\u00fccksk\u00e4fer&#8217;s Waldorf-inspired wooden toys, range of children\u2019s tools, <a href=\"https:\/\/teiaeducation.ch\/product-category\/play\/imaginative-role-play\/\">pretend play<\/a> toys, children\u2019s furniture, wooden\u00a0<a href=\"https:\/\/teiaeducation.ch\/product-category\/celebrations\/birthdays\/\">birthday<\/a>\u00a0decorations and Waldorf <a href=\"https:\/\/teiaeducation.ch\/product-category\/creative-art-craft\/crafting-tools-storage\/\">crafting tools<\/a> are designed in Germany and made in Europe. The brand is part of traditional German toy makers Nic Toys, renowned for the highest standards of quality products designed to support child development manufactured ethically and sustainably.<\/p>\n<p>Each Gl\u00fccksk\u00e4fer toy is\u00a0CE certified and complies with the European standard for toy safety (EN 71).<\/p>\n","protected":false},"excerpt":{"rendered":"<p>Item number: 523082<\/p>\n<p>The Waldorf inspired handmade wooden fir tree puzzle by Gl\u00fccksk\u00e4fer is a very special organic-shaped toy for puzzling and open-ended play.<\/p>\n","protected":false},"featured_media":40833,"comment_status":"open","ping_status":"closed","template":"","meta":[],"product_brand":[32328],"product_cat":[77,96,21997,119,16982,7061,14952,14955,21253,12030,22766,22276,10299,120,10283,22322,10288,870,22767,22274,10289,10290],"product_tag":[19693,19695,11948,19688,19690,18465,18467,13508,19689,19696,19694,19697,19698,19699,11950,21995,21994,739,19691,19692],"class_list":{"0":"post-40832","1":"product","2":"type-product","3":"status-publish","4":"has-post-thumbnail","6":"product_brand-gluckskafer","7":"product_cat-1-3-years-toddler","8":"product_cat-3-6-years-preschool","9":"product_cat-advent-calendar-gifts-stocking-stuffers","10":"product_cat-age-range","11":"product_cat-celebrations","12":"product_cat-learning-materials-toys-montessori-waldorf-froebel","13":"product_cat-gift-guide-1-3-years-toddler","14":"product_cat-gift-guide-wooden-puzzles","15":"product_cat-gifts-guides","16":"product_cat-gluckskafer-brands","17":"product_cat-handmade-wooden-toys","18":"product_cat-nature-seasonal-tables","19":"product_cat-open-ended-play","20":"product_cat-brands","21":"product_cat-hgh-quality-toys-play","22":"product_cat-seasonal-collections","23":"product_cat-stacking-toys","24":"product_cat-waldorf-steiner-toys-craft-materials","25":"product_cat-waldorf-toys","26":"product_cat-winter-collection","27":"product_cat-wooden-building-blocks","28":"product_cat-wooden-puzzles","29":"product_tag-bird-puzzle","30":"product_tag-bird-tree-puzzle","31":"product_tag-gluckskafer","32":"product_tag-gluckskafer-bird-tree","33":"product_tag-gluckskafer-bird-tree-puzzle","34":"product_tag-gluckskafer-schweiz","35":"product_tag-gluckskafer-suisse-2","36":"product_tag-gluckskafer-switzerland","37":"product_tag-handmade-wooden-puzzle","38":"product_tag-organic-shapes-puzzle","39":"product_tag-tree-puzzle","40":"product_tag-waldorf-puzzle","41":"product_tag-waldorf-style-puzzle","42":"product_tag-waldorf-toys-switzerland","43":"product_tag-waldorf-wooden-toys","44":"product_tag-wooden-fir-tree-gluckskafger","45":"product_tag-wooden-pear-tree-puzzle-gluckskafer","46":"product_tag-wooden-puzzle","47":"product_tag-wooden-puzzles-for-two-year-olds","48":"product_tag-wooden-tree-puzzle","50":"first","51":"outofstock","52":"taxable","53":"shipping-taxable","54":"purchasable","55":"product-type-simple"},"yoast_head":"<!-- This site is optimized with the Yoast SEO plugin v27.1.1 - https:\/\/yoast.com\/product\/yoast-seo-wordpress\/ -->\n<title>Wooden fir tree puzzle \u2013 Gl\u00fccksk\u00e4fer - Teia Education &amp; Play<\/title>\n<meta name=\"description\" content=\"The Waldorf inspired handmade wooden fir tree puzzle by Gl\u00fccksk\u00e4fer is a very special organic-shaped toy for puzzling and open-ended play.\" \/>\n<meta name=\"robots\" content=\"index, follow, max-snippet:-1, max-image-preview:large, max-video-preview:-1\" \/>\n<link rel=\"canonical\" href=\"https:\/\/teiaeducation.ch\/fr\/produit\/wooden-fir-tree-puzzle-gluckskafer\/\" \/>\n<meta property=\"og:locale\" content=\"fr_FR\" \/>\n<meta property=\"og:type\" content=\"article\" \/>\n<meta property=\"og:title\" content=\"Wooden fir tree puzzle \u2013 Gl\u00fccksk\u00e4fer - Teia Education &amp; Play\" \/>\n<meta property=\"og:description\" content=\"The Waldorf inspired handmade wooden fir tree puzzle by Gl\u00fccksk\u00e4fer is a very special organic-shaped toy for puzzling and open-ended play.\" \/>\n<meta property=\"og:url\" content=\"https:\/\/teiaeducation.ch\/fr\/produit\/wooden-fir-tree-puzzle-gluckskafer\/\" \/>\n<meta property=\"og:site_name\" content=\"Sustainable Educational Products &amp; Ecological Toys\u00a0\" \/>\n<meta property=\"article:publisher\" content=\"https:\/\/www.facebook.com\/teiaeducation\/\" \/>\n<meta property=\"article:modified_time\" content=\"2026-03-13T13:02:09+00:00\" \/>\n<meta property=\"og:image\" content=\"https:\/\/teiaeducation.ch\/wp-content\/uploads\/2021\/11\/Wooden-fir-tree-puzzle-Handmade-wooden-puzzle-and-stacking-toy-\u2013-Gluckskafer.jpg\" \/>\n\t<meta property=\"og:image:width\" content=\"575\" \/>\n\t<meta property=\"og:image:height\" content=\"575\" \/>\n\t<meta property=\"og:image:type\" content=\"image\/jpeg\" \/>\n<script type=\"application\/ld+json\" class=\"yoast-schema-graph\">{\"@context\":\"https:\/\/schema.org\",\"@graph\":[{\"@type\":\"WebPage\",\"@id\":\"https:\/\/teiaeducation.ch\/fr\/produit\/wooden-fir-tree-puzzle-gluckskafer\/\",\"url\":\"https:\/\/teiaeducation.ch\/fr\/produit\/wooden-fir-tree-puzzle-gluckskafer\/\",\"name\":\"Wooden fir tree puzzle \u2013 Gl\u00fccksk\u00e4fer - Teia Education & Play\",\"isPartOf\":{\"@id\":\"https:\/\/teiaeducation.ch\/fr\/#website\"},\"primaryImageOfPage\":{\"@id\":\"https:\/\/teiaeducation.ch\/fr\/produit\/wooden-fir-tree-puzzle-gluckskafer\/#primaryimage\"},\"image\":{\"@id\":\"https:\/\/teiaeducation.ch\/fr\/produit\/wooden-fir-tree-puzzle-gluckskafer\/#primaryimage\"},\"thumbnailUrl\":\"https:\/\/teiaeducation.ch\/wp-content\/uploads\/2021\/11\/Wooden-fir-tree-puzzle-Handmade-wooden-puzzle-and-stacking-toy-\u2013-Gluckskafer.jpg\",\"datePublished\":\"2021-11-05T13:35:17+00:00\",\"dateModified\":\"2026-03-13T13:02:09+00:00\",\"description\":\"The Waldorf inspired handmade wooden fir tree puzzle by Gl\u00fccksk\u00e4fer is a very special organic-shaped toy for puzzling and open-ended play.\",\"breadcrumb\":{\"@id\":\"https:\/\/teiaeducation.ch\/fr\/produit\/wooden-fir-tree-puzzle-gluckskafer\/#breadcrumb\"},\"inLanguage\":\"fr-FR\",\"potentialAction\":[{\"@type\":\"ReadAction\",\"target\":[\"https:\/\/teiaeducation.ch\/fr\/produit\/wooden-fir-tree-puzzle-gluckskafer\/\"]}]},{\"@type\":\"ImageObject\",\"inLanguage\":\"fr-FR\",\"@id\":\"https:\/\/teiaeducation.ch\/fr\/produit\/wooden-fir-tree-puzzle-gluckskafer\/#primaryimage\",\"url\":\"https:\/\/teiaeducation.ch\/wp-content\/uploads\/2021\/11\/Wooden-fir-tree-puzzle-Handmade-wooden-puzzle-and-stacking-toy-\u2013-Gluckskafer.jpg\",\"contentUrl\":\"https:\/\/teiaeducation.ch\/wp-content\/uploads\/2021\/11\/Wooden-fir-tree-puzzle-Handmade-wooden-puzzle-and-stacking-toy-\u2013-Gluckskafer.jpg\",\"width\":575,\"height\":575,\"caption\":\"Wooden fir tree puzzle : Handmade wooden puzzle and stacking toy \u2013 Gl\u00fccksk\u00e4fer\"},{\"@type\":\"BreadcrumbList\",\"@id\":\"https:\/\/teiaeducation.ch\/fr\/produit\/wooden-fir-tree-puzzle-gluckskafer\/#breadcrumb\",\"itemListElement\":[{\"@type\":\"ListItem\",\"position\":1,\"name\":\"Home\",\"item\":\"https:\/\/teiaeducation.ch\/fr\/\"},{\"@type\":\"ListItem\",\"position\":2,\"name\":\"Boutique Teia Education &amp; Play\",\"item\":\"https:\/\/teiaeducation.ch\/fr\/boutique\/\"},{\"@type\":\"ListItem\",\"position\":3,\"name\":\"Nos Marques\",\"item\":\"https:\/\/teiaeducation.ch\/fr\/categorie-produit\/marques\/\"},{\"@type\":\"ListItem\",\"position\":4,\"name\":\"Gl\u00fccksk\u00e4fer\",\"item\":\"https:\/\/teiaeducation.ch\/fr\/categorie-produit\/marques\/gluckskafer-fr\/\"},{\"@type\":\"ListItem\",\"position\":5,\"name\":\"Wooden fir tree puzzle \u2013 Gl\u00fccksk\u00e4fer\"}]},{\"@type\":\"WebSite\",\"@id\":\"https:\/\/teiaeducation.ch\/fr\/#website\",\"url\":\"https:\/\/teiaeducation.ch\/fr\/\",\"name\":\"Sustainable Educational Products &amp; Ecological Toys\u00a0\",\"description\":\"Specialised Swiss shop selling sustainable educational toys and games, AMI certified Montessori materials, handmade ecological wooden Waldorf toys and arts &amp; crafts supplies, school supplies, children&#039;s furniture and Montessori reference and parenting books.\",\"publisher\":{\"@id\":\"https:\/\/teiaeducation.ch\/fr\/#organization\"},\"alternateName\":\"Teia Education & Play\",\"potentialAction\":[{\"@type\":\"SearchAction\",\"target\":{\"@type\":\"EntryPoint\",\"urlTemplate\":\"https:\/\/teiaeducation.ch\/fr\/?s={search_term_string}\"},\"query-input\":{\"@type\":\"PropertyValueSpecification\",\"valueRequired\":true,\"valueName\":\"search_term_string\"}}],\"inLanguage\":\"fr-FR\"},{\"@type\":\"Organization\",\"@id\":\"https:\/\/teiaeducation.ch\/fr\/#organization\",\"name\":\"Teia Education & Play\",\"url\":\"https:\/\/teiaeducation.ch\/fr\/\",\"logo\":{\"@type\":\"ImageObject\",\"inLanguage\":\"fr-FR\",\"@id\":\"https:\/\/teiaeducation.ch\/fr\/#\/schema\/logo\/image\/\",\"url\":\"https:\/\/teiaeducation.ch\/wp-content\/uploads\/2020\/11\/Teia-Education-Switzerland-e1620156442216.jpg\",\"contentUrl\":\"https:\/\/teiaeducation.ch\/wp-content\/uploads\/2020\/11\/Teia-Education-Switzerland-e1620156442216.jpg\",\"width\":166,\"height\":145,\"caption\":\"Teia Education & Play\"},\"image\":{\"@id\":\"https:\/\/teiaeducation.ch\/fr\/#\/schema\/logo\/image\/\"},\"sameAs\":[\"https:\/\/www.facebook.com\/teiaeducation\/\",\"https:\/\/x.com\/EducationTeia\",\"https:\/\/www.instagram.com\/teia.education\/\",\"https:\/\/www.linkedin.com\/company\/35501660\",\"https:\/\/www.pinterest.ch\/TeiaEducation\/\"]}]}<\/script>\n<!-- \/ Yoast SEO plugin. -->","yoast_head_json":{"title":"Wooden fir tree puzzle \u2013 Gl\u00fccksk\u00e4fer - Teia Education & Play","description":"The Waldorf inspired handmade wooden fir tree puzzle by Gl\u00fccksk\u00e4fer is a very special organic-shaped toy for puzzling and open-ended play.","robots":{"index":"index","follow":"follow","max-snippet":"max-snippet:-1","max-image-preview":"max-image-preview:large","max-video-preview":"max-video-preview:-1"},"canonical":"https:\/\/teiaeducation.ch\/fr\/produit\/wooden-fir-tree-puzzle-gluckskafer\/","og_locale":"fr_FR","og_type":"article","og_title":"Wooden fir tree puzzle \u2013 Gl\u00fccksk\u00e4fer - Teia Education & Play","og_description":"The Waldorf inspired handmade wooden fir tree puzzle by Gl\u00fccksk\u00e4fer is a very special organic-shaped toy for puzzling and open-ended play.","og_url":"https:\/\/teiaeducation.ch\/fr\/produit\/wooden-fir-tree-puzzle-gluckskafer\/","og_site_name":"Sustainable Educational Products &amp; Ecological Toys\u00a0","article_publisher":"https:\/\/www.facebook.com\/teiaeducation\/","article_modified_time":"2026-03-13T13:02:09+00:00","og_image":[{"width":575,"height":575,"url":"https:\/\/teiaeducation.ch\/wp-content\/uploads\/2021\/11\/Wooden-fir-tree-puzzle-Handmade-wooden-puzzle-and-stacking-toy-\u2013-Gluckskafer.jpg","type":"image\/jpeg"}],"schema":{"@context":"https:\/\/schema.org","@graph":[{"@type":"WebPage","@id":"https:\/\/teiaeducation.ch\/fr\/produit\/wooden-fir-tree-puzzle-gluckskafer\/","url":"https:\/\/teiaeducation.ch\/fr\/produit\/wooden-fir-tree-puzzle-gluckskafer\/","name":"Wooden fir tree puzzle \u2013 Gl\u00fccksk\u00e4fer - Teia Education & Play","isPartOf":{"@id":"https:\/\/teiaeducation.ch\/fr\/#website"},"primaryImageOfPage":{"@id":"https:\/\/teiaeducation.ch\/fr\/produit\/wooden-fir-tree-puzzle-gluckskafer\/#primaryimage"},"image":{"@id":"https:\/\/teiaeducation.ch\/fr\/produit\/wooden-fir-tree-puzzle-gluckskafer\/#primaryimage"},"thumbnailUrl":"https:\/\/teiaeducation.ch\/wp-content\/uploads\/2021\/11\/Wooden-fir-tree-puzzle-Handmade-wooden-puzzle-and-stacking-toy-\u2013-Gluckskafer.jpg","datePublished":"2021-11-05T13:35:17+00:00","dateModified":"2026-03-13T13:02:09+00:00","description":"The Waldorf inspired handmade wooden fir tree puzzle by Gl\u00fccksk\u00e4fer is a very special organic-shaped toy for puzzling and open-ended play.","breadcrumb":{"@id":"https:\/\/teiaeducation.ch\/fr\/produit\/wooden-fir-tree-puzzle-gluckskafer\/#breadcrumb"},"inLanguage":"fr-FR","potentialAction":[{"@type":"ReadAction","target":["https:\/\/teiaeducation.ch\/fr\/produit\/wooden-fir-tree-puzzle-gluckskafer\/"]}]},{"@type":"ImageObject","inLanguage":"fr-FR","@id":"https:\/\/teiaeducation.ch\/fr\/produit\/wooden-fir-tree-puzzle-gluckskafer\/#primaryimage","url":"https:\/\/teiaeducation.ch\/wp-content\/uploads\/2021\/11\/Wooden-fir-tree-puzzle-Handmade-wooden-puzzle-and-stacking-toy-\u2013-Gluckskafer.jpg","contentUrl":"https:\/\/teiaeducation.ch\/wp-content\/uploads\/2021\/11\/Wooden-fir-tree-puzzle-Handmade-wooden-puzzle-and-stacking-toy-\u2013-Gluckskafer.jpg","width":575,"height":575,"caption":"Wooden fir tree puzzle : Handmade wooden puzzle and stacking toy \u2013 Gl\u00fccksk\u00e4fer"},{"@type":"BreadcrumbList","@id":"https:\/\/teiaeducation.ch\/fr\/produit\/wooden-fir-tree-puzzle-gluckskafer\/#breadcrumb","itemListElement":[{"@type":"ListItem","position":1,"name":"Home","item":"https:\/\/teiaeducation.ch\/fr\/"},{"@type":"ListItem","position":2,"name":"Boutique Teia Education &amp; Play","item":"https:\/\/teiaeducation.ch\/fr\/boutique\/"},{"@type":"ListItem","position":3,"name":"Nos Marques","item":"https:\/\/teiaeducation.ch\/fr\/categorie-produit\/marques\/"},{"@type":"ListItem","position":4,"name":"Gl\u00fccksk\u00e4fer","item":"https:\/\/teiaeducation.ch\/fr\/categorie-produit\/marques\/gluckskafer-fr\/"},{"@type":"ListItem","position":5,"name":"Wooden fir tree puzzle \u2013 Gl\u00fccksk\u00e4fer"}]},{"@type":"WebSite","@id":"https:\/\/teiaeducation.ch\/fr\/#website","url":"https:\/\/teiaeducation.ch\/fr\/","name":"Sustainable Educational Products &amp; Ecological Toys\u00a0","description":"Specialised Swiss shop selling sustainable educational toys and games, AMI certified Montessori materials, handmade ecological wooden Waldorf toys and arts &amp; crafts supplies, school supplies, children&#039;s furniture and Montessori reference and parenting books.","publisher":{"@id":"https:\/\/teiaeducation.ch\/fr\/#organization"},"alternateName":"Teia Education & Play","potentialAction":[{"@type":"SearchAction","target":{"@type":"EntryPoint","urlTemplate":"https:\/\/teiaeducation.ch\/fr\/?s={search_term_string}"},"query-input":{"@type":"PropertyValueSpecification","valueRequired":true,"valueName":"search_term_string"}}],"inLanguage":"fr-FR"},{"@type":"Organization","@id":"https:\/\/teiaeducation.ch\/fr\/#organization","name":"Teia Education & Play","url":"https:\/\/teiaeducation.ch\/fr\/","logo":{"@type":"ImageObject","inLanguage":"fr-FR","@id":"https:\/\/teiaeducation.ch\/fr\/#\/schema\/logo\/image\/","url":"https:\/\/teiaeducation.ch\/wp-content\/uploads\/2020\/11\/Teia-Education-Switzerland-e1620156442216.jpg","contentUrl":"https:\/\/teiaeducation.ch\/wp-content\/uploads\/2020\/11\/Teia-Education-Switzerland-e1620156442216.jpg","width":166,"height":145,"caption":"Teia Education & Play"},"image":{"@id":"https:\/\/teiaeducation.ch\/fr\/#\/schema\/logo\/image\/"},"sameAs":["https:\/\/www.facebook.com\/teiaeducation\/","https:\/\/x.com\/EducationTeia","https:\/\/www.instagram.com\/teia.education\/","https:\/\/www.linkedin.com\/company\/35501660","https:\/\/www.pinterest.ch\/TeiaEducation\/"]}]}},"_links":{"self":[{"href":"https:\/\/teiaeducation.ch\/fr\/wp-json\/wp\/v2\/product\/40832","targetHints":{"allow":["GET"]}}],"collection":[{"href":"https:\/\/teiaeducation.ch\/fr\/wp-json\/wp\/v2\/product"}],"about":[{"href":"https:\/\/teiaeducation.ch\/fr\/wp-json\/wp\/v2\/types\/product"}],"replies":[{"embeddable":true,"href":"https:\/\/teiaeducation.ch\/fr\/wp-json\/wp\/v2\/comments?post=40832"}],"wp:featuredmedia":[{"embeddable":true,"href":"https:\/\/teiaeducation.ch\/fr\/wp-json\/wp\/v2\/media\/40833"}],"wp:attachment":[{"href":"https:\/\/teiaeducation.ch\/fr\/wp-json\/wp\/v2\/media?parent=40832"}],"wp:term":[{"taxonomy":"product_brand","embeddable":true,"href":"https:\/\/teiaeducation.ch\/fr\/wp-json\/wp\/v2\/product_brand?post=40832"},{"taxonomy":"product_cat","embeddable":true,"href":"https:\/\/teiaeducation.ch\/fr\/wp-json\/wp\/v2\/product_cat?post=40832"},{"taxonomy":"product_tag","embeddable":true,"href":"https:\/\/teiaeducation.ch\/fr\/wp-json\/wp\/v2\/product_tag?post=40832"}],"curies":[{"name":"wp","href":"https:\/\/api.w.org\/{rel}","templated":true}]}}