{"id":41087,"date":"2021-11-12T14:33:41","date_gmt":"2021-11-12T13:33:41","guid":{"rendered":"https:\/\/teiaeducation.ch\/?post_type=product&#038;p=41087"},"modified":"2021-11-18T12:37:42","modified_gmt":"2021-11-18T11:37:42","slug":"village-du-lac-balaton-blocs-en-bois-eperfa","status":"publish","type":"product","link":"https:\/\/teiaeducation.ch\/fr\/produit\/village-du-lac-balaton-blocs-en-bois-eperfa\/","title":{"rendered":"Village du lac Balaton blocs en bois &#8211; Eperfa"},"content":{"rendered":"<p>Village du lac Balaton blocs en bois &#8211; Eperfa<\/p>\n<p>Les blocs de construction village du lac Balaton d&#8217;Eperfa racontent l&#8217;histoire des villages qui entourent le lac Balaton, le plus grand lac d&#8217;Europe centrale. Ce magnifique jeu de <a href=\"https:\/\/teiaeducation.ch\/fr\/categorie-produit\/jouer\/blocs-de-construction-en-bois\/\">blocs<\/a> de construction en bois faits main permet aux enfants de construire leur propre petit village, ainsi que de d\u00e9velopper leur imagination et leur curiosit\u00e9 pour le monde qui les entoure.<\/p>\n<p>L&#8217;ensemble comprend des collines aux formes particuli\u00e8res, la for\u00eat qui les entoure et les myst\u00e9rieuses vieilles maisons blanches des villages, le tout fabriqu\u00e9 \u00e0 partir de bois de h\u00eatre d&#8217;origine locale provenant d&#8217;une exploitation foresti\u00e8re responsable du parc national de Duna-Ipoly en Hongrie. 6 collines sont incluses, ainsi que 3 arbres et 6 maisons, mesurant environ 5 x 7 x 2cm, le tout contenu dans une bo\u00eete en papier recycl\u00e9 faite \u00e0 la main. L&#8217;ensemble convient aux enfants \u00e2g\u00e9s de 3 ans et plus.<\/p>\n<p>Les enfants d\u00e9veloppent leur motricit\u00e9 fine et leur dext\u00e9rit\u00e9 manuelle, ainsi que leur imagination, en cr\u00e9ant leur propre village dans le cadre d&#8217;un jeu du petit monde.<\/p>\n<p>Cet ensemble de haute qualit\u00e9 deviendra certainement un jouet d&#8217;h\u00e9ritage familial \u00e0 transmettre de g\u00e9n\u00e9ration en g\u00e9n\u00e9ration. Ils ont \u00e9t\u00e9 faits \u00e0 la main et peints \u00e0 la main dans le petit atelier d&#8217;Eperfa \u00e0 Budapest, en Hongrie.<\/p>\n<p>Eperfa est une marque hongroise qui cr\u00e9e de merveilleux jouets naturels inspir\u00e9s par le paysage et la faune de Budapest et du lac Balaton. Les produits d&#8217;Eperfa encouragent les enfants \u00e0 explorer librement et \u00e0 profiter d&#8217;une enfance joyeuse et plus lente.<\/p>\n<p>Les jouets Eperfa sont fabriqu\u00e9s et peints \u00e0 la main dans leur petit atelier de Budapest, \u00e0 partir de bois massif provenant du parc national Duna-Ipoly de Hongrie et d&#8217;autres mat\u00e9riaux naturels tels que le cuir et le feutre 100% laine.<\/p>\n<p>Avertissement : risque d&#8217;\u00e9touffement &#8211; cet ensemble contient de petites pi\u00e8ces.<\/p>\n<p>Contenu :<\/p>\n<p>6 collines<br \/>\n3 arbres<br \/>\n6 maisons<\/p>\n","protected":false},"excerpt":{"rendered":"<p>Num\u00e9ro d&#8217;article: EPER-03<\/p>\n<p>Les blocs en bois village du lac Balaton d&#8217;Eperfa racontent l&#8217;histoire des villages du lac Balaton, le plus grand lac d&#8217;Europe centrale.<\/p>\n","protected":false},"featured_media":41095,"comment_status":"open","ping_status":"closed","template":"","meta":[],"product_brand":[],"product_cat":[215,13150,23635,22343,18893,22344,18959,17241,21257,13130,23020,13140,13136,217,5851,24313,7603,212],"product_tag":[19274,19277,19265,19267,19266,19270,19269,19268,19275,19273,19276,19272,19271],"class_list":{"0":"post-41087","1":"product","2":"type-product","3":"status-publish","4":"has-post-thumbnail","6":"product_cat-3-6-ans","7":"product_cat-blocs-de-construction-en-bois","8":"product_cat-collection-dete","9":"product_cat-collection-hiver","10":"product_cat-collection-printemps","11":"product_cat-collections-saisonnieres","12":"product_cat-eperfa-jouets-naturels","13":"product_cat-guide-cadeaux-3-6-ans","14":"product_cat-guides-cadeaux","15":"product_cat-jouer","16":"product_cat-jouets-en-bois","17":"product_cat-jeu-libre","18":"product_cat-maisons-de-poupees-batiments","19":"product_cat-marques","20":"product_cat-nouveautes","21":"product_cat-saint-valentin","22":"product_cat-soldes","23":"product_cat-tranche-dage","24":"product_tag-canne-a-peche-en-bois","25":"product_tag-des-jouets-durables-faits-main","26":"product_tag-eperfa-fr","27":"product_tag-eperfa-jouets","28":"product_tag-eperfa-sac-de-peche","29":"product_tag-eperfa-schweiz-fr","30":"product_tag-eperfa-suisse-fr","31":"product_tag-eperfa-switzerland-fr","32":"product_tag-jeu-de-peche-en-bois","33":"product_tag-jeu-de-peche-fait-a-la-main","34":"product_tag-jouet-de-peche-fait-a-la-main","35":"product_tag-jouets-fabriques-en-hongrie","36":"product_tag-jouets-faits-main-suisse","38":"first","39":"instock","40":"sale","41":"taxable","42":"shipping-taxable","43":"purchasable","44":"product-type-simple"},"yoast_head":"<!-- This site is optimized with the Yoast SEO plugin v27.1.1 - https:\/\/yoast.com\/product\/yoast-seo-wordpress\/ -->\n<title>Village du lac Balaton en bois - Eperfa - Teia Education &amp; Play<\/title>\n<meta name=\"description\" content=\"Les blocs en bois village du lac Balaton d&#039;Eperfa racontent l&#039;histoire des villages du lac Balaton, le plus grand lac d&#039;Europe centrale.\" \/>\n<meta name=\"robots\" content=\"index, follow, max-snippet:-1, max-image-preview:large, max-video-preview:-1\" \/>\n<link rel=\"canonical\" href=\"https:\/\/teiaeducation.ch\/fr\/produit\/village-du-lac-balaton-blocs-en-bois-eperfa\/\" \/>\n<meta property=\"og:locale\" content=\"fr_FR\" \/>\n<meta property=\"og:type\" content=\"article\" \/>\n<meta property=\"og:title\" content=\"Village du lac Balaton en bois - Eperfa - Teia Education &amp; Play\" \/>\n<meta property=\"og:description\" content=\"Les blocs en bois village du lac Balaton d&#039;Eperfa racontent l&#039;histoire des villages du lac Balaton, le plus grand lac d&#039;Europe centrale.\" \/>\n<meta property=\"og:url\" content=\"https:\/\/teiaeducation.ch\/fr\/produit\/village-du-lac-balaton-blocs-en-bois-eperfa\/\" \/>\n<meta property=\"og:site_name\" content=\"Sustainable Educational Products &amp; Ecological Toys\u00a0\" \/>\n<meta property=\"article:publisher\" content=\"https:\/\/www.facebook.com\/teiaeducation\/\" \/>\n<meta property=\"article:modified_time\" content=\"2021-11-18T11:37:42+00:00\" \/>\n<meta property=\"og:image\" content=\"https:\/\/teiaeducation.ch\/wp-content\/uploads\/2021\/11\/Balaton-uplands-building-blocks-Eperfa2.jpg\" \/>\n\t<meta property=\"og:image:width\" content=\"1080\" \/>\n\t<meta property=\"og:image:height\" content=\"720\" \/>\n\t<meta property=\"og:image:type\" content=\"image\/jpeg\" \/>\n<script type=\"application\/ld+json\" class=\"yoast-schema-graph\">{\"@context\":\"https:\/\/schema.org\",\"@graph\":[{\"@type\":\"WebPage\",\"@id\":\"https:\/\/teiaeducation.ch\/fr\/produit\/village-du-lac-balaton-blocs-en-bois-eperfa\/\",\"url\":\"https:\/\/teiaeducation.ch\/fr\/produit\/village-du-lac-balaton-blocs-en-bois-eperfa\/\",\"name\":\"Village du lac Balaton en bois - Eperfa - Teia Education & Play\",\"isPartOf\":{\"@id\":\"https:\/\/teiaeducation.ch\/fr\/#website\"},\"primaryImageOfPage\":{\"@id\":\"https:\/\/teiaeducation.ch\/fr\/produit\/village-du-lac-balaton-blocs-en-bois-eperfa\/#primaryimage\"},\"image\":{\"@id\":\"https:\/\/teiaeducation.ch\/fr\/produit\/village-du-lac-balaton-blocs-en-bois-eperfa\/#primaryimage\"},\"thumbnailUrl\":\"https:\/\/teiaeducation.ch\/wp-content\/uploads\/2021\/11\/Balaton-uplands-building-blocks-Eperfa2.jpg\",\"datePublished\":\"2021-11-12T13:33:41+00:00\",\"dateModified\":\"2021-11-18T11:37:42+00:00\",\"description\":\"Les blocs en bois village du lac Balaton d'Eperfa racontent l'histoire des villages du lac Balaton, le plus grand lac d'Europe centrale.\",\"breadcrumb\":{\"@id\":\"https:\/\/teiaeducation.ch\/fr\/produit\/village-du-lac-balaton-blocs-en-bois-eperfa\/#breadcrumb\"},\"inLanguage\":\"fr-FR\",\"potentialAction\":[{\"@type\":\"ReadAction\",\"target\":[\"https:\/\/teiaeducation.ch\/fr\/produit\/village-du-lac-balaton-blocs-en-bois-eperfa\/\"]}]},{\"@type\":\"ImageObject\",\"inLanguage\":\"fr-FR\",\"@id\":\"https:\/\/teiaeducation.ch\/fr\/produit\/village-du-lac-balaton-blocs-en-bois-eperfa\/#primaryimage\",\"url\":\"https:\/\/teiaeducation.ch\/wp-content\/uploads\/2021\/11\/Balaton-uplands-building-blocks-Eperfa2.jpg\",\"contentUrl\":\"https:\/\/teiaeducation.ch\/wp-content\/uploads\/2021\/11\/Balaton-uplands-building-blocks-Eperfa2.jpg\",\"width\":1080,\"height\":720,\"caption\":\"Village du lac Balaton blocs en bois - Eperfa\"},{\"@type\":\"BreadcrumbList\",\"@id\":\"https:\/\/teiaeducation.ch\/fr\/produit\/village-du-lac-balaton-blocs-en-bois-eperfa\/#breadcrumb\",\"itemListElement\":[{\"@type\":\"ListItem\",\"position\":1,\"name\":\"Home\",\"item\":\"https:\/\/teiaeducation.ch\/fr\/\"},{\"@type\":\"ListItem\",\"position\":2,\"name\":\"Boutique Teia Education &amp; Play\",\"item\":\"https:\/\/teiaeducation.ch\/fr\/boutique\/\"},{\"@type\":\"ListItem\",\"position\":3,\"name\":\"Collections Saisonni\u00e8res\",\"item\":\"https:\/\/teiaeducation.ch\/fr\/categorie-produit\/collections-saisonnieres\/\"},{\"@type\":\"ListItem\",\"position\":4,\"name\":\"Collection Hiver\",\"item\":\"https:\/\/teiaeducation.ch\/fr\/categorie-produit\/collections-saisonnieres\/collection-hiver\/\"},{\"@type\":\"ListItem\",\"position\":5,\"name\":\"Village du lac Balaton blocs en bois &#8211; Eperfa\"}]},{\"@type\":\"WebSite\",\"@id\":\"https:\/\/teiaeducation.ch\/fr\/#website\",\"url\":\"https:\/\/teiaeducation.ch\/fr\/\",\"name\":\"Sustainable Educational Products &amp; Ecological Toys\u00a0\",\"description\":\"Specialised Swiss shop selling sustainable educational toys and games, AMI certified Montessori materials, handmade ecological wooden Waldorf toys and arts &amp; crafts supplies, school supplies, children&#039;s furniture and Montessori reference and parenting books.\",\"publisher\":{\"@id\":\"https:\/\/teiaeducation.ch\/fr\/#organization\"},\"alternateName\":\"Teia Education & Play\",\"potentialAction\":[{\"@type\":\"SearchAction\",\"target\":{\"@type\":\"EntryPoint\",\"urlTemplate\":\"https:\/\/teiaeducation.ch\/fr\/?s={search_term_string}\"},\"query-input\":{\"@type\":\"PropertyValueSpecification\",\"valueRequired\":true,\"valueName\":\"search_term_string\"}}],\"inLanguage\":\"fr-FR\"},{\"@type\":\"Organization\",\"@id\":\"https:\/\/teiaeducation.ch\/fr\/#organization\",\"name\":\"Teia Education & Play\",\"url\":\"https:\/\/teiaeducation.ch\/fr\/\",\"logo\":{\"@type\":\"ImageObject\",\"inLanguage\":\"fr-FR\",\"@id\":\"https:\/\/teiaeducation.ch\/fr\/#\/schema\/logo\/image\/\",\"url\":\"https:\/\/teiaeducation.ch\/wp-content\/uploads\/2020\/11\/Teia-Education-Switzerland-e1620156442216.jpg\",\"contentUrl\":\"https:\/\/teiaeducation.ch\/wp-content\/uploads\/2020\/11\/Teia-Education-Switzerland-e1620156442216.jpg\",\"width\":166,\"height\":145,\"caption\":\"Teia Education & Play\"},\"image\":{\"@id\":\"https:\/\/teiaeducation.ch\/fr\/#\/schema\/logo\/image\/\"},\"sameAs\":[\"https:\/\/www.facebook.com\/teiaeducation\/\",\"https:\/\/x.com\/EducationTeia\",\"https:\/\/www.instagram.com\/teia.education\/\",\"https:\/\/www.linkedin.com\/company\/35501660\",\"https:\/\/www.pinterest.ch\/TeiaEducation\/\"]}]}<\/script>\n<!-- \/ Yoast SEO plugin. -->","yoast_head_json":{"title":"Village du lac Balaton en bois - Eperfa - Teia Education & Play","description":"Les blocs en bois village du lac Balaton d'Eperfa racontent l'histoire des villages du lac Balaton, le plus grand lac d'Europe centrale.","robots":{"index":"index","follow":"follow","max-snippet":"max-snippet:-1","max-image-preview":"max-image-preview:large","max-video-preview":"max-video-preview:-1"},"canonical":"https:\/\/teiaeducation.ch\/fr\/produit\/village-du-lac-balaton-blocs-en-bois-eperfa\/","og_locale":"fr_FR","og_type":"article","og_title":"Village du lac Balaton en bois - Eperfa - Teia Education & Play","og_description":"Les blocs en bois village du lac Balaton d'Eperfa racontent l'histoire des villages du lac Balaton, le plus grand lac d'Europe centrale.","og_url":"https:\/\/teiaeducation.ch\/fr\/produit\/village-du-lac-balaton-blocs-en-bois-eperfa\/","og_site_name":"Sustainable Educational Products &amp; Ecological Toys\u00a0","article_publisher":"https:\/\/www.facebook.com\/teiaeducation\/","article_modified_time":"2021-11-18T11:37:42+00:00","og_image":[{"width":1080,"height":720,"url":"https:\/\/teiaeducation.ch\/wp-content\/uploads\/2021\/11\/Balaton-uplands-building-blocks-Eperfa2.jpg","type":"image\/jpeg"}],"schema":{"@context":"https:\/\/schema.org","@graph":[{"@type":"WebPage","@id":"https:\/\/teiaeducation.ch\/fr\/produit\/village-du-lac-balaton-blocs-en-bois-eperfa\/","url":"https:\/\/teiaeducation.ch\/fr\/produit\/village-du-lac-balaton-blocs-en-bois-eperfa\/","name":"Village du lac Balaton en bois - Eperfa - Teia Education & Play","isPartOf":{"@id":"https:\/\/teiaeducation.ch\/fr\/#website"},"primaryImageOfPage":{"@id":"https:\/\/teiaeducation.ch\/fr\/produit\/village-du-lac-balaton-blocs-en-bois-eperfa\/#primaryimage"},"image":{"@id":"https:\/\/teiaeducation.ch\/fr\/produit\/village-du-lac-balaton-blocs-en-bois-eperfa\/#primaryimage"},"thumbnailUrl":"https:\/\/teiaeducation.ch\/wp-content\/uploads\/2021\/11\/Balaton-uplands-building-blocks-Eperfa2.jpg","datePublished":"2021-11-12T13:33:41+00:00","dateModified":"2021-11-18T11:37:42+00:00","description":"Les blocs en bois village du lac Balaton d'Eperfa racontent l'histoire des villages du lac Balaton, le plus grand lac d'Europe centrale.","breadcrumb":{"@id":"https:\/\/teiaeducation.ch\/fr\/produit\/village-du-lac-balaton-blocs-en-bois-eperfa\/#breadcrumb"},"inLanguage":"fr-FR","potentialAction":[{"@type":"ReadAction","target":["https:\/\/teiaeducation.ch\/fr\/produit\/village-du-lac-balaton-blocs-en-bois-eperfa\/"]}]},{"@type":"ImageObject","inLanguage":"fr-FR","@id":"https:\/\/teiaeducation.ch\/fr\/produit\/village-du-lac-balaton-blocs-en-bois-eperfa\/#primaryimage","url":"https:\/\/teiaeducation.ch\/wp-content\/uploads\/2021\/11\/Balaton-uplands-building-blocks-Eperfa2.jpg","contentUrl":"https:\/\/teiaeducation.ch\/wp-content\/uploads\/2021\/11\/Balaton-uplands-building-blocks-Eperfa2.jpg","width":1080,"height":720,"caption":"Village du lac Balaton blocs en bois - Eperfa"},{"@type":"BreadcrumbList","@id":"https:\/\/teiaeducation.ch\/fr\/produit\/village-du-lac-balaton-blocs-en-bois-eperfa\/#breadcrumb","itemListElement":[{"@type":"ListItem","position":1,"name":"Home","item":"https:\/\/teiaeducation.ch\/fr\/"},{"@type":"ListItem","position":2,"name":"Boutique Teia Education &amp; Play","item":"https:\/\/teiaeducation.ch\/fr\/boutique\/"},{"@type":"ListItem","position":3,"name":"Collections Saisonni\u00e8res","item":"https:\/\/teiaeducation.ch\/fr\/categorie-produit\/collections-saisonnieres\/"},{"@type":"ListItem","position":4,"name":"Collection Hiver","item":"https:\/\/teiaeducation.ch\/fr\/categorie-produit\/collections-saisonnieres\/collection-hiver\/"},{"@type":"ListItem","position":5,"name":"Village du lac Balaton blocs en bois &#8211; Eperfa"}]},{"@type":"WebSite","@id":"https:\/\/teiaeducation.ch\/fr\/#website","url":"https:\/\/teiaeducation.ch\/fr\/","name":"Sustainable Educational Products &amp; Ecological Toys\u00a0","description":"Specialised Swiss shop selling sustainable educational toys and games, AMI certified Montessori materials, handmade ecological wooden Waldorf toys and arts &amp; crafts supplies, school supplies, children&#039;s furniture and Montessori reference and parenting books.","publisher":{"@id":"https:\/\/teiaeducation.ch\/fr\/#organization"},"alternateName":"Teia Education & Play","potentialAction":[{"@type":"SearchAction","target":{"@type":"EntryPoint","urlTemplate":"https:\/\/teiaeducation.ch\/fr\/?s={search_term_string}"},"query-input":{"@type":"PropertyValueSpecification","valueRequired":true,"valueName":"search_term_string"}}],"inLanguage":"fr-FR"},{"@type":"Organization","@id":"https:\/\/teiaeducation.ch\/fr\/#organization","name":"Teia Education & Play","url":"https:\/\/teiaeducation.ch\/fr\/","logo":{"@type":"ImageObject","inLanguage":"fr-FR","@id":"https:\/\/teiaeducation.ch\/fr\/#\/schema\/logo\/image\/","url":"https:\/\/teiaeducation.ch\/wp-content\/uploads\/2020\/11\/Teia-Education-Switzerland-e1620156442216.jpg","contentUrl":"https:\/\/teiaeducation.ch\/wp-content\/uploads\/2020\/11\/Teia-Education-Switzerland-e1620156442216.jpg","width":166,"height":145,"caption":"Teia Education & Play"},"image":{"@id":"https:\/\/teiaeducation.ch\/fr\/#\/schema\/logo\/image\/"},"sameAs":["https:\/\/www.facebook.com\/teiaeducation\/","https:\/\/x.com\/EducationTeia","https:\/\/www.instagram.com\/teia.education\/","https:\/\/www.linkedin.com\/company\/35501660","https:\/\/www.pinterest.ch\/TeiaEducation\/"]}]}},"_links":{"self":[{"href":"https:\/\/teiaeducation.ch\/fr\/wp-json\/wp\/v2\/product\/41087","targetHints":{"allow":["GET"]}}],"collection":[{"href":"https:\/\/teiaeducation.ch\/fr\/wp-json\/wp\/v2\/product"}],"about":[{"href":"https:\/\/teiaeducation.ch\/fr\/wp-json\/wp\/v2\/types\/product"}],"replies":[{"embeddable":true,"href":"https:\/\/teiaeducation.ch\/fr\/wp-json\/wp\/v2\/comments?post=41087"}],"wp:featuredmedia":[{"embeddable":true,"href":"https:\/\/teiaeducation.ch\/fr\/wp-json\/wp\/v2\/media\/41095"}],"wp:attachment":[{"href":"https:\/\/teiaeducation.ch\/fr\/wp-json\/wp\/v2\/media?parent=41087"}],"wp:term":[{"taxonomy":"product_brand","embeddable":true,"href":"https:\/\/teiaeducation.ch\/fr\/wp-json\/wp\/v2\/product_brand?post=41087"},{"taxonomy":"product_cat","embeddable":true,"href":"https:\/\/teiaeducation.ch\/fr\/wp-json\/wp\/v2\/product_cat?post=41087"},{"taxonomy":"product_tag","embeddable":true,"href":"https:\/\/teiaeducation.ch\/fr\/wp-json\/wp\/v2\/product_tag?post=41087"}],"curies":[{"name":"wp","href":"https:\/\/api.w.org\/{rel}","templated":true}]}}