{"id":41102,"date":"2022-09-22T08:13:39","date_gmt":"2022-09-22T06:13:39","guid":{"rendered":"https:\/\/teiaeducation.ch\/?post_type=product&#038;p=41102"},"modified":"2024-09-18T23:00:23","modified_gmt":"2024-09-18T21:00:23","slug":"feuilles-forestieres-en-bois-moon-picnic","status":"publish","type":"product","link":"https:\/\/teiaeducation.ch\/fr\/produit\/feuilles-forestieres-en-bois-moon-picnic\/","title":{"rendered":"Feuilles foresti\u00e8res en bois &#8211; Moon Picnic &amp; Erzi"},"content":{"rendered":"<p>Feuilles foresti\u00e8res en bois faites \u00e0 la main &#8211; Moon Picnic &amp; Erzi<\/p>\n<p>Le magnifique ensemble de 40 feuilles foresti\u00e8res en bois faites \u00e0 la main de Moon Picnic est con\u00e7u pour aider les enfants \u00e0 apprendre par le jeu tactile et sensoriel.<\/p>\n<p>Les feuilles foresti\u00e8res sont id\u00e9ales pour les mains des petits botanistes qui peuvent les tenir et sentir la chaleur et les courbes du bois, les compter et les utiliser dans des jeux de r\u00f4les et de pi\u00e8ces d\u00e9tach\u00e9es imaginatifs. Ces ravissantes feuilles foresti\u00e8res sont \u00e9galement parfaites pour les \u00e9tudes de <a href=\"https:\/\/teiaeducation.ch\/fr\/categorie-produit\/domaines-du-curriculum\/culture-sciences\/etudes-botaniques\/\">botanique<\/a> dans le cadre de l&#8217;\u00e9ducation pr\u00e9coce Montessori et Waldorf.<\/p>\n<p>Apprenez \u00e0 identifier les feuilles de diff\u00e9rentes formes et couleurs, \u00e0 les associer, \u00e0 faire des motifs, \u00e0 jouer et \u00e0 cr\u00e9er une sc\u00e8ne pour des histoires. Encouragez les enfants \u00e0 se promener dans les bois et \u00e0 voir combien de feuilles de formes diff\u00e9rentes ils peuvent rep\u00e9rer. Laissez-les observer le changement de couleurs au fil des <a href=\"https:\/\/teiaeducation.ch\/fr\/categorie-produit\/domaines-du-curriculum\/culture-sciences\/saisons-meteo\/\">saisons<\/a>.<\/p>\n<p>L&#8217;ensemble comprend 4 feuilles foresti\u00e8res de 10 types diff\u00e9rents, dont le h\u00eatre, l&#8217;\u00e9rable, l&#8217;aub\u00e9pine, le gingko, le noisetier, l&#8217;aulne, le saule, le sassafras, le tilleul commun et le ch\u00eane.<\/p>\n<p>Fabriqu\u00e9es en Allemagne par la c\u00e9l\u00e8bre marque de jouets allemande <a href=\"https:\/\/teiaeducation.ch\/fr\/categorie-produit\/marques\/erzi-fr\/\">Erzi<\/a>, les 40 feuilles foresti\u00e8res en bois sont livr\u00e9es dans une bo\u00eete de pr\u00e9sentation portant le nom de chacune des feuilles. Elles sont fabriqu\u00e9es \u00e0 partir de contreplaqu\u00e9 de bouleau de qualit\u00e9 E0 FSC et d\u00e9licatement peintes \u00e0 la main avec une peinture non toxique \u00e0 base d&#8217;eau. Les feuilles font \u00e9galement de superbes d\u00e9corations, notamment pour les pr\u00e9sentations d&#8217;automne.<\/p>\n<p>Les feuilles mesurent environ 5 cm de long chacune et conviennent aux enfants de 3 ans et plus.<\/p>\n<p>Moon Picnic est une petite marque am\u00e9ricaine qui cr\u00e9e des jouets uniques, naturels et magnifiques, con\u00e7us pour inciter les enfants et toute la famille \u00e0 jouer de mani\u00e8re cr\u00e9ative et imaginative. Ces jouets \u00e9ducatifs et amusants font appel aux sens des enfants et encouragent l&#8217;amour de la nature et de l&#8217;apprentissage.<\/p>\n<p>Les jouets Moon Picnic sont fabriqu\u00e9s selon les normes les plus strictes, \u00e0 partir de mat\u00e9riaux naturels provenant de sources durables et de peintures non toxiques \u00e0 base d&#8217;eau. Ils sont principalement fabriqu\u00e9s en Allemagne et au Vietnam et peints \u00e0 la main.<\/p>\n<p>Avertissement : risque d&#8217;\u00e9touffement &#8211; contient de petites pi\u00e8ces.<\/p>\n<p>Contenu :<\/p>\n<p>40 feuilles en bois<br \/>\n1 bo\u00eete de pr\u00e9sentation<\/p>\n","protected":false},"excerpt":{"rendered":"<p>Num\u00e9ro d&#8217;article: MP2146<\/p>\n<p>L&#8217;ensemble de 40 feuilles foresti\u00e8res en bois fabriqu\u00e9es \u00e0 la main par Erzi pour Moon Picnic est con\u00e7u pour aider les enfants \u00e0 apprendre par le jeu tactile et sensoriel.<\/p>\n","protected":false},"featured_media":41104,"comment_status":"open","ping_status":"closed","template":"","meta":[],"product_brand":[],"product_cat":[215,216,285,601,16898,17225,22343,22344,284,283,17209,593,17241,21257,18913,603,13130,626,23020,22181,23650,13140,13142,624,638,288,7595,18963,217,5851,209,212],"product_tag":[8625,22048,22050,22052,22051,22049,19279,19282,19281,19280,19314],"class_list":{"0":"post-41102","1":"product","2":"type-product","3":"status-publish","4":"has-post-thumbnail","6":"product_cat-3-6-ans","7":"product_cat-6-12-ans","8":"product_cat-alphabetisation-langage","9":"product_cat-classification-fr","10":"product_cat-collection-automne","11":"product_cat-celebrations-fr","12":"product_cat-collection-hiver","13":"product_cat-collections-saisonnieres","14":"product_cat-culture-sciences","15":"product_cat-domaines-du-curriculum","16":"product_cat-erzi-fr","17":"product_cat-etudes-botaniques","18":"product_cat-guide-cadeaux-3-6-ans","19":"product_cat-guides-cadeaux","20":"product_cat-jeu-de-la-nature","21":"product_cat-jeux-de-discrimination-fr","22":"product_cat-jouer","23":"product_cat-jouets-a-trier","24":"product_cat-jouets-en-bois","25":"product_cat-jouets-montessori","26":"product_cat-la-rentree-scolaire","27":"product_cat-jeu-libre","28":"product_cat-jeu-sensoriel","29":"product_cat-formes","30":"product_cat-sens","31":"product_cat-mathematiques-calcul","32":"product_cat-methode-deducation","33":"product_cat-moon-picnic-fr","34":"product_cat-marques","35":"product_cat-nouveautes","36":"product_cat-sensorielles-motrices","37":"product_cat-tranche-dage","38":"product_tag-fabrique-en-allemagne","39":"product_tag-feuilles-forestieres-en-bois-faites-a-la-main","40":"product_tag-feuilles-forestieres-en-bois-realistes","41":"product_tag-feuilles-forestieres-erzi","42":"product_tag-feuilles-forestieres-moon-picnic","43":"product_tag-materiel-didactique-feuilles-forestieres","44":"product_tag-moon-picnic-fr","45":"product_tag-moon-picnic-schweiz-fr","46":"product_tag-moon-picnic-suisse-fr","47":"product_tag-moon-picnic-switzerland-fr","48":"product_tag-oeufs-en-bois-faits-a-la-main","50":"first","51":"instock","52":"taxable","53":"shipping-taxable","54":"purchasable","55":"product-type-simple"},"yoast_head":"<!-- This site is optimized with the Yoast SEO plugin v27.1.1 - https:\/\/yoast.com\/product\/yoast-seo-wordpress\/ -->\n<title>Feuilles foresti\u00e8res en bois - Moon Picnic &amp; Erzi - Teia Education &amp; Play<\/title>\n<meta name=\"description\" content=\"Les feuilles foresti\u00e8res en bois faits par Erzi pour Moon Picnic aident les enfants \u00e0 apprendre par le jeu tactile et sensoriel.\" \/>\n<meta name=\"robots\" content=\"index, follow, max-snippet:-1, max-image-preview:large, max-video-preview:-1\" \/>\n<link rel=\"canonical\" href=\"https:\/\/teiaeducation.ch\/fr\/produit\/feuilles-forestieres-en-bois-moon-picnic\/\" \/>\n<meta property=\"og:locale\" content=\"fr_FR\" \/>\n<meta property=\"og:type\" content=\"article\" \/>\n<meta property=\"og:title\" content=\"Feuilles foresti\u00e8res en bois - Moon Picnic &amp; Erzi - Teia Education &amp; Play\" \/>\n<meta property=\"og:description\" content=\"Les feuilles foresti\u00e8res en bois faits par Erzi pour Moon Picnic aident les enfants \u00e0 apprendre par le jeu tactile et sensoriel.\" \/>\n<meta property=\"og:url\" content=\"https:\/\/teiaeducation.ch\/fr\/produit\/feuilles-forestieres-en-bois-moon-picnic\/\" \/>\n<meta property=\"og:site_name\" content=\"Sustainable Educational Products &amp; Ecological Toys\u00a0\" \/>\n<meta property=\"article:publisher\" content=\"https:\/\/www.facebook.com\/teiaeducation\/\" \/>\n<meta property=\"article:modified_time\" content=\"2024-09-18T21:00:23+00:00\" \/>\n<meta property=\"og:image\" content=\"https:\/\/teiaeducation.ch\/wp-content\/uploads\/2021\/11\/Woodland-leaves-Moon-Picnic-Erzi.jpg\" \/>\n\t<meta property=\"og:image:width\" content=\"1080\" \/>\n\t<meta property=\"og:image:height\" content=\"1440\" \/>\n\t<meta property=\"og:image:type\" content=\"image\/jpeg\" \/>\n<script type=\"application\/ld+json\" class=\"yoast-schema-graph\">{\"@context\":\"https:\/\/schema.org\",\"@graph\":[{\"@type\":\"WebPage\",\"@id\":\"https:\/\/teiaeducation.ch\/fr\/produit\/feuilles-forestieres-en-bois-moon-picnic\/\",\"url\":\"https:\/\/teiaeducation.ch\/fr\/produit\/feuilles-forestieres-en-bois-moon-picnic\/\",\"name\":\"Feuilles foresti\u00e8res en bois - Moon Picnic & Erzi - Teia Education & Play\",\"isPartOf\":{\"@id\":\"https:\/\/teiaeducation.ch\/fr\/#website\"},\"primaryImageOfPage\":{\"@id\":\"https:\/\/teiaeducation.ch\/fr\/produit\/feuilles-forestieres-en-bois-moon-picnic\/#primaryimage\"},\"image\":{\"@id\":\"https:\/\/teiaeducation.ch\/fr\/produit\/feuilles-forestieres-en-bois-moon-picnic\/#primaryimage\"},\"thumbnailUrl\":\"https:\/\/teiaeducation.ch\/wp-content\/uploads\/2021\/11\/Woodland-leaves-Moon-Picnic-Erzi.jpg\",\"datePublished\":\"2022-09-22T06:13:39+00:00\",\"dateModified\":\"2024-09-18T21:00:23+00:00\",\"description\":\"Les feuilles foresti\u00e8res en bois faits par Erzi pour Moon Picnic aident les enfants \u00e0 apprendre par le jeu tactile et sensoriel.\",\"breadcrumb\":{\"@id\":\"https:\/\/teiaeducation.ch\/fr\/produit\/feuilles-forestieres-en-bois-moon-picnic\/#breadcrumb\"},\"inLanguage\":\"fr-FR\",\"potentialAction\":[{\"@type\":\"ReadAction\",\"target\":[\"https:\/\/teiaeducation.ch\/fr\/produit\/feuilles-forestieres-en-bois-moon-picnic\/\"]}]},{\"@type\":\"ImageObject\",\"inLanguage\":\"fr-FR\",\"@id\":\"https:\/\/teiaeducation.ch\/fr\/produit\/feuilles-forestieres-en-bois-moon-picnic\/#primaryimage\",\"url\":\"https:\/\/teiaeducation.ch\/wp-content\/uploads\/2021\/11\/Woodland-leaves-Moon-Picnic-Erzi.jpg\",\"contentUrl\":\"https:\/\/teiaeducation.ch\/wp-content\/uploads\/2021\/11\/Woodland-leaves-Moon-Picnic-Erzi.jpg\",\"width\":1080,\"height\":1440,\"caption\":\"Feuilles foresti\u00e8res - Moon Picnic &amp; Erzi\"},{\"@type\":\"BreadcrumbList\",\"@id\":\"https:\/\/teiaeducation.ch\/fr\/produit\/feuilles-forestieres-en-bois-moon-picnic\/#breadcrumb\",\"itemListElement\":[{\"@type\":\"ListItem\",\"position\":1,\"name\":\"Home\",\"item\":\"https:\/\/teiaeducation.ch\/fr\/\"},{\"@type\":\"ListItem\",\"position\":2,\"name\":\"Boutique Teia Education &amp; Play\",\"item\":\"https:\/\/teiaeducation.ch\/fr\/boutique\/\"},{\"@type\":\"ListItem\",\"position\":3,\"name\":\"Domaines du Curriculum\",\"item\":\"https:\/\/teiaeducation.ch\/fr\/categorie-produit\/domaines-du-curriculum\/\"},{\"@type\":\"ListItem\",\"position\":4,\"name\":\"Alphab\u00e9tisation &amp; Langage\",\"item\":\"https:\/\/teiaeducation.ch\/fr\/categorie-produit\/domaines-du-curriculum\/alphabetisation-langage\/\"},{\"@type\":\"ListItem\",\"position\":5,\"name\":\"Classification\",\"item\":\"https:\/\/teiaeducation.ch\/fr\/categorie-produit\/domaines-du-curriculum\/alphabetisation-langage\/classification-fr\/\"},{\"@type\":\"ListItem\",\"position\":6,\"name\":\"Feuilles foresti\u00e8res en bois &#8211; Moon Picnic &amp; Erzi\"}]},{\"@type\":\"WebSite\",\"@id\":\"https:\/\/teiaeducation.ch\/fr\/#website\",\"url\":\"https:\/\/teiaeducation.ch\/fr\/\",\"name\":\"Sustainable Educational Products &amp; Ecological Toys\u00a0\",\"description\":\"Specialised Swiss shop selling sustainable educational toys and games, AMI certified Montessori materials, handmade ecological wooden Waldorf toys and arts &amp; crafts supplies, school supplies, children&#039;s furniture and Montessori reference and parenting books.\",\"publisher\":{\"@id\":\"https:\/\/teiaeducation.ch\/fr\/#organization\"},\"alternateName\":\"Teia Education & Play\",\"potentialAction\":[{\"@type\":\"SearchAction\",\"target\":{\"@type\":\"EntryPoint\",\"urlTemplate\":\"https:\/\/teiaeducation.ch\/fr\/?s={search_term_string}\"},\"query-input\":{\"@type\":\"PropertyValueSpecification\",\"valueRequired\":true,\"valueName\":\"search_term_string\"}}],\"inLanguage\":\"fr-FR\"},{\"@type\":\"Organization\",\"@id\":\"https:\/\/teiaeducation.ch\/fr\/#organization\",\"name\":\"Teia Education & Play\",\"url\":\"https:\/\/teiaeducation.ch\/fr\/\",\"logo\":{\"@type\":\"ImageObject\",\"inLanguage\":\"fr-FR\",\"@id\":\"https:\/\/teiaeducation.ch\/fr\/#\/schema\/logo\/image\/\",\"url\":\"https:\/\/teiaeducation.ch\/wp-content\/uploads\/2020\/11\/Teia-Education-Switzerland-e1620156442216.jpg\",\"contentUrl\":\"https:\/\/teiaeducation.ch\/wp-content\/uploads\/2020\/11\/Teia-Education-Switzerland-e1620156442216.jpg\",\"width\":166,\"height\":145,\"caption\":\"Teia Education & Play\"},\"image\":{\"@id\":\"https:\/\/teiaeducation.ch\/fr\/#\/schema\/logo\/image\/\"},\"sameAs\":[\"https:\/\/www.facebook.com\/teiaeducation\/\",\"https:\/\/x.com\/EducationTeia\",\"https:\/\/www.instagram.com\/teia.education\/\",\"https:\/\/www.linkedin.com\/company\/35501660\",\"https:\/\/www.pinterest.ch\/TeiaEducation\/\"]}]}<\/script>\n<!-- \/ Yoast SEO plugin. -->","yoast_head_json":{"title":"Feuilles foresti\u00e8res en bois - Moon Picnic & Erzi - Teia Education & Play","description":"Les feuilles foresti\u00e8res en bois faits par Erzi pour Moon Picnic aident les enfants \u00e0 apprendre par le jeu tactile et sensoriel.","robots":{"index":"index","follow":"follow","max-snippet":"max-snippet:-1","max-image-preview":"max-image-preview:large","max-video-preview":"max-video-preview:-1"},"canonical":"https:\/\/teiaeducation.ch\/fr\/produit\/feuilles-forestieres-en-bois-moon-picnic\/","og_locale":"fr_FR","og_type":"article","og_title":"Feuilles foresti\u00e8res en bois - Moon Picnic & Erzi - Teia Education & Play","og_description":"Les feuilles foresti\u00e8res en bois faits par Erzi pour Moon Picnic aident les enfants \u00e0 apprendre par le jeu tactile et sensoriel.","og_url":"https:\/\/teiaeducation.ch\/fr\/produit\/feuilles-forestieres-en-bois-moon-picnic\/","og_site_name":"Sustainable Educational Products &amp; Ecological Toys\u00a0","article_publisher":"https:\/\/www.facebook.com\/teiaeducation\/","article_modified_time":"2024-09-18T21:00:23+00:00","og_image":[{"width":1080,"height":1440,"url":"https:\/\/teiaeducation.ch\/wp-content\/uploads\/2021\/11\/Woodland-leaves-Moon-Picnic-Erzi.jpg","type":"image\/jpeg"}],"schema":{"@context":"https:\/\/schema.org","@graph":[{"@type":"WebPage","@id":"https:\/\/teiaeducation.ch\/fr\/produit\/feuilles-forestieres-en-bois-moon-picnic\/","url":"https:\/\/teiaeducation.ch\/fr\/produit\/feuilles-forestieres-en-bois-moon-picnic\/","name":"Feuilles foresti\u00e8res en bois - Moon Picnic & Erzi - Teia Education & Play","isPartOf":{"@id":"https:\/\/teiaeducation.ch\/fr\/#website"},"primaryImageOfPage":{"@id":"https:\/\/teiaeducation.ch\/fr\/produit\/feuilles-forestieres-en-bois-moon-picnic\/#primaryimage"},"image":{"@id":"https:\/\/teiaeducation.ch\/fr\/produit\/feuilles-forestieres-en-bois-moon-picnic\/#primaryimage"},"thumbnailUrl":"https:\/\/teiaeducation.ch\/wp-content\/uploads\/2021\/11\/Woodland-leaves-Moon-Picnic-Erzi.jpg","datePublished":"2022-09-22T06:13:39+00:00","dateModified":"2024-09-18T21:00:23+00:00","description":"Les feuilles foresti\u00e8res en bois faits par Erzi pour Moon Picnic aident les enfants \u00e0 apprendre par le jeu tactile et sensoriel.","breadcrumb":{"@id":"https:\/\/teiaeducation.ch\/fr\/produit\/feuilles-forestieres-en-bois-moon-picnic\/#breadcrumb"},"inLanguage":"fr-FR","potentialAction":[{"@type":"ReadAction","target":["https:\/\/teiaeducation.ch\/fr\/produit\/feuilles-forestieres-en-bois-moon-picnic\/"]}]},{"@type":"ImageObject","inLanguage":"fr-FR","@id":"https:\/\/teiaeducation.ch\/fr\/produit\/feuilles-forestieres-en-bois-moon-picnic\/#primaryimage","url":"https:\/\/teiaeducation.ch\/wp-content\/uploads\/2021\/11\/Woodland-leaves-Moon-Picnic-Erzi.jpg","contentUrl":"https:\/\/teiaeducation.ch\/wp-content\/uploads\/2021\/11\/Woodland-leaves-Moon-Picnic-Erzi.jpg","width":1080,"height":1440,"caption":"Feuilles foresti\u00e8res - Moon Picnic &amp; Erzi"},{"@type":"BreadcrumbList","@id":"https:\/\/teiaeducation.ch\/fr\/produit\/feuilles-forestieres-en-bois-moon-picnic\/#breadcrumb","itemListElement":[{"@type":"ListItem","position":1,"name":"Home","item":"https:\/\/teiaeducation.ch\/fr\/"},{"@type":"ListItem","position":2,"name":"Boutique Teia Education &amp; Play","item":"https:\/\/teiaeducation.ch\/fr\/boutique\/"},{"@type":"ListItem","position":3,"name":"Domaines du Curriculum","item":"https:\/\/teiaeducation.ch\/fr\/categorie-produit\/domaines-du-curriculum\/"},{"@type":"ListItem","position":4,"name":"Alphab\u00e9tisation &amp; Langage","item":"https:\/\/teiaeducation.ch\/fr\/categorie-produit\/domaines-du-curriculum\/alphabetisation-langage\/"},{"@type":"ListItem","position":5,"name":"Classification","item":"https:\/\/teiaeducation.ch\/fr\/categorie-produit\/domaines-du-curriculum\/alphabetisation-langage\/classification-fr\/"},{"@type":"ListItem","position":6,"name":"Feuilles foresti\u00e8res en bois &#8211; Moon Picnic &amp; Erzi"}]},{"@type":"WebSite","@id":"https:\/\/teiaeducation.ch\/fr\/#website","url":"https:\/\/teiaeducation.ch\/fr\/","name":"Sustainable Educational Products &amp; Ecological Toys\u00a0","description":"Specialised Swiss shop selling sustainable educational toys and games, AMI certified Montessori materials, handmade ecological wooden Waldorf toys and arts &amp; crafts supplies, school supplies, children&#039;s furniture and Montessori reference and parenting books.","publisher":{"@id":"https:\/\/teiaeducation.ch\/fr\/#organization"},"alternateName":"Teia Education & Play","potentialAction":[{"@type":"SearchAction","target":{"@type":"EntryPoint","urlTemplate":"https:\/\/teiaeducation.ch\/fr\/?s={search_term_string}"},"query-input":{"@type":"PropertyValueSpecification","valueRequired":true,"valueName":"search_term_string"}}],"inLanguage":"fr-FR"},{"@type":"Organization","@id":"https:\/\/teiaeducation.ch\/fr\/#organization","name":"Teia Education & Play","url":"https:\/\/teiaeducation.ch\/fr\/","logo":{"@type":"ImageObject","inLanguage":"fr-FR","@id":"https:\/\/teiaeducation.ch\/fr\/#\/schema\/logo\/image\/","url":"https:\/\/teiaeducation.ch\/wp-content\/uploads\/2020\/11\/Teia-Education-Switzerland-e1620156442216.jpg","contentUrl":"https:\/\/teiaeducation.ch\/wp-content\/uploads\/2020\/11\/Teia-Education-Switzerland-e1620156442216.jpg","width":166,"height":145,"caption":"Teia Education & Play"},"image":{"@id":"https:\/\/teiaeducation.ch\/fr\/#\/schema\/logo\/image\/"},"sameAs":["https:\/\/www.facebook.com\/teiaeducation\/","https:\/\/x.com\/EducationTeia","https:\/\/www.instagram.com\/teia.education\/","https:\/\/www.linkedin.com\/company\/35501660","https:\/\/www.pinterest.ch\/TeiaEducation\/"]}]}},"_links":{"self":[{"href":"https:\/\/teiaeducation.ch\/fr\/wp-json\/wp\/v2\/product\/41102","targetHints":{"allow":["GET"]}}],"collection":[{"href":"https:\/\/teiaeducation.ch\/fr\/wp-json\/wp\/v2\/product"}],"about":[{"href":"https:\/\/teiaeducation.ch\/fr\/wp-json\/wp\/v2\/types\/product"}],"replies":[{"embeddable":true,"href":"https:\/\/teiaeducation.ch\/fr\/wp-json\/wp\/v2\/comments?post=41102"}],"wp:featuredmedia":[{"embeddable":true,"href":"https:\/\/teiaeducation.ch\/fr\/wp-json\/wp\/v2\/media\/41104"}],"wp:attachment":[{"href":"https:\/\/teiaeducation.ch\/fr\/wp-json\/wp\/v2\/media?parent=41102"}],"wp:term":[{"taxonomy":"product_brand","embeddable":true,"href":"https:\/\/teiaeducation.ch\/fr\/wp-json\/wp\/v2\/product_brand?post=41102"},{"taxonomy":"product_cat","embeddable":true,"href":"https:\/\/teiaeducation.ch\/fr\/wp-json\/wp\/v2\/product_cat?post=41102"},{"taxonomy":"product_tag","embeddable":true,"href":"https:\/\/teiaeducation.ch\/fr\/wp-json\/wp\/v2\/product_tag?post=41102"}],"curies":[{"name":"wp","href":"https:\/\/api.w.org\/{rel}","templated":true}]}}