{"id":41131,"date":"2021-11-12T14:42:54","date_gmt":"2021-11-12T13:42:54","guid":{"rendered":"https:\/\/teiaeducation.ch\/?post_type=product&#038;p=41131"},"modified":"2023-09-05T08:40:16","modified_gmt":"2023-09-05T06:40:16","slug":"animaux-arbres-de-la-foret-eperfa","status":"publish","type":"product","link":"https:\/\/teiaeducation.ch\/fr\/produit\/animaux-arbres-de-la-foret-eperfa\/","title":{"rendered":"Animaux et arbres de la for\u00eat &#8211; Eperfa"},"content":{"rendered":"<p>Animaux et arbres de la for\u00eat en bois faits \u00e0 la main &#8211; Eperfa<\/p>\n<p>L&#8217;ensemble de for\u00eat d&#8217;Eperfa, avec ses <a href=\"https:\/\/teiaeducation.ch\/fr\/categorie-produit\/jouer\/animaux-fermes\/\">animaux<\/a> et ses arbres en bois, pr\u00e9sente aux enfants la faune et la flore des for\u00eats et des collines autour de Budapest. Ce magnifique ensemble d&#8217;animaux et d&#8217;arbres en bois fabriqu\u00e9s \u00e0 la main invite les enfants \u00e0 construire leur propre petite colline, ainsi qu&#8217;\u00e0 d\u00e9velopper leur imagination et leur curiosit\u00e9 pour le monde qui les entoure.<\/p>\n<p>Cet adorable ensemble repr\u00e9sente les animaux et les arbres typiques des collines de Buda, tous fabriqu\u00e9s \u00e0 partir de bois de sycomore et de cerisier provenant d&#8217;une exploitation foresti\u00e8re responsable du parc national de Duna-Ipoly, en Hongrie. 5 animaux sont inclus, ainsi que 5 oiseaux et 3 arbres, tous contenus dans une bo\u00eete en papier recycl\u00e9 faite \u00e0 la main. L&#8217;ensemble convient aux enfants \u00e2g\u00e9s de 3 ans et plus.<\/p>\n<p>Les enfants d\u00e9veloppent leur motricit\u00e9 fine et leur dext\u00e9rit\u00e9 manuelle ainsi que leur imagination en empilant les animaux et les arbres ou en utilisant les \u00e9l\u00e9ments pour construire leur propre petit monde.<\/p>\n<p>Cet ensemble de jouets de haute qualit\u00e9 deviendra certainement un jouet d&#8217;h\u00e9ritage familial \u00e0 transmettre de g\u00e9n\u00e9ration en g\u00e9n\u00e9ration. Les animaux et arbres en bois ont \u00e9t\u00e9 fabriqu\u00e9s et peints \u00e0 la main dans le petit atelier d&#8217;Eperfa \u00e0 Budapest, en Hongrie.<\/p>\n<p>Eperfa est une marque hongroise qui cr\u00e9e de merveilleux jouets naturels inspir\u00e9s par le paysage et la faune de Budapest et du lac Balaton. Les produits d&#8217;Eperfa encouragent les enfants \u00e0 explorer librement et \u00e0 profiter d&#8217;une enfance joyeuse et plus lente.<\/p>\n<p>Les jouets Eperfa sont fabriqu\u00e9s et peints \u00e0 la main dans leur petit atelier de Budapest, \u00e0 partir de bois massif provenant du parc national Duna-Ipoly de Hongrie et d&#8217;autres mat\u00e9riaux naturels tels que le cuir et le feutre 100% laine.<\/p>\n<p>Avertissement : risque d&#8217;\u00e9touffement &#8211; cet ensemble contient de petites pi\u00e8ces.<\/p>\n<p>Contenu :<\/p>\n<p>5 animaux<br \/>\n5 oiseaux<br \/>\n3 arbres<\/p>\n","protected":false},"excerpt":{"rendered":"<p>Num\u00e9ro d&#8217;article: EPER-05<\/p>\n<p>L&#8217;ensemble de for\u00eat d&#8217;Eperfa, avec ses animaux et ses arbres en bois, pr\u00e9sente aux enfants la faune et la flore des for\u00eats et des collines autour de Budapest.<\/p>\n","protected":false},"featured_media":41133,"comment_status":"open","ping_status":"closed","template":"","meta":[],"product_brand":[],"product_cat":[215,13131,16898,22343,18893,18959,17241,21257,18913,13130,13144,23020,22181,13140,217,5851,212],"product_tag":[22043,22047,22038,22044,19277,19265,19267,19270,19269,19268,17910,19272,19271],"class_list":{"0":"post-41131","1":"product","2":"type-product","3":"status-publish","4":"has-post-thumbnail","6":"product_cat-3-6-ans","7":"product_cat-animaux-fermes","8":"product_cat-collection-automne","9":"product_cat-collection-hiver","10":"product_cat-collection-printemps","11":"product_cat-eperfa-jouets-naturels","12":"product_cat-guide-cadeaux-3-6-ans","13":"product_cat-guides-cadeaux","14":"product_cat-jeu-de-la-nature","15":"product_cat-jouer","16":"product_cat-jouets-a-empiler","17":"product_cat-jouets-en-bois","18":"product_cat-jouets-montessori","19":"product_cat-jeu-libre","20":"product_cat-marques","21":"product_cat-nouveautes","22":"product_cat-tranche-dage","23":"product_tag-animaux-de-la-foret-en-bois-eperfa","24":"product_tag-animaux-et-arbres-de-la-foret-eperfa","25":"product_tag-animaux-jouets-en-bois","26":"product_tag-arbres-de-la-foret-en-bois-eperfa","27":"product_tag-des-jouets-durables-faits-main","28":"product_tag-eperfa-fr","29":"product_tag-eperfa-jouets","30":"product_tag-eperfa-schweiz-fr","31":"product_tag-eperfa-suisse-fr","32":"product_tag-eperfa-switzerland-fr","33":"product_tag-jouet-arbres-en-bois","34":"product_tag-jouets-fabriques-en-hongrie","35":"product_tag-jouets-faits-main-suisse","37":"first","38":"outofstock","39":"taxable","40":"shipping-taxable","41":"purchasable","42":"product-type-simple"},"yoast_head":"<!-- This site is optimized with the Yoast SEO Premium plugin v25.8 (Yoast SEO v27.4) - https:\/\/yoast.com\/product\/yoast-seo-premium-wordpress\/ -->\n<title>Animaux et arbres de la for\u00eat - Eperfa - Teia Education &amp; Play<\/title>\n<meta name=\"description\" content=\"L&#039;ensemble de for\u00eat d&#039;Eperfa, avec ses animaux et ses arbres en bois, pr\u00e9sente aux enfants la faune et la flore des for\u00eats autour de Budapest.\" \/>\n<meta name=\"robots\" content=\"index, follow, max-snippet:-1, max-image-preview:large, max-video-preview:-1\" \/>\n<link rel=\"canonical\" href=\"https:\/\/teiaeducation.ch\/fr\/produit\/animaux-arbres-de-la-foret-eperfa\/\" \/>\n<meta property=\"og:locale\" content=\"fr_FR\" \/>\n<meta property=\"og:type\" content=\"article\" \/>\n<meta property=\"og:title\" content=\"Animaux et arbres de la for\u00eat - Eperfa\" \/>\n<meta property=\"og:description\" content=\"L&#039;ensemble de for\u00eat d&#039;Eperfa, avec ses animaux et ses arbres en bois, pr\u00e9sente aux enfants la faune et la flore des for\u00eats autour de Budapest.\" \/>\n<meta property=\"og:url\" content=\"https:\/\/teiaeducation.ch\/fr\/produit\/animaux-arbres-de-la-foret-eperfa\/\" \/>\n<meta property=\"og:site_name\" content=\"Sustainable Educational Products &amp; Ecological Toys\u00a0\" \/>\n<meta property=\"article:publisher\" content=\"https:\/\/www.facebook.com\/teiaeducation\/\" \/>\n<meta property=\"article:modified_time\" content=\"2023-09-05T06:40:16+00:00\" \/>\n<meta property=\"og:image\" content=\"https:\/\/teiaeducation.ch\/wp-content\/uploads\/2021\/11\/Hillside-forest-set-Handmade-wooden-trees-and-animals-Eperfa.webp\" \/>\n\t<meta property=\"og:image:width\" content=\"1150\" \/>\n\t<meta property=\"og:image:height\" content=\"1221\" \/>\n\t<meta property=\"og:image:type\" content=\"image\/webp\" \/>\n<script type=\"application\/ld+json\" class=\"yoast-schema-graph\">{\"@context\":\"https:\\\/\\\/schema.org\",\"@graph\":[{\"@type\":\"WebPage\",\"@id\":\"https:\\\/\\\/teiaeducation.ch\\\/fr\\\/produit\\\/animaux-arbres-de-la-foret-eperfa\\\/\",\"url\":\"https:\\\/\\\/teiaeducation.ch\\\/fr\\\/produit\\\/animaux-arbres-de-la-foret-eperfa\\\/\",\"name\":\"Animaux et arbres de la for\u00eat - Eperfa - Teia Education & Play\",\"isPartOf\":{\"@id\":\"https:\\\/\\\/teiaeducation.ch\\\/fr\\\/#website\"},\"primaryImageOfPage\":{\"@id\":\"https:\\\/\\\/teiaeducation.ch\\\/fr\\\/produit\\\/animaux-arbres-de-la-foret-eperfa\\\/#primaryimage\"},\"image\":{\"@id\":\"https:\\\/\\\/teiaeducation.ch\\\/fr\\\/produit\\\/animaux-arbres-de-la-foret-eperfa\\\/#primaryimage\"},\"thumbnailUrl\":\"https:\\\/\\\/teiaeducation.ch\\\/wp-content\\\/uploads\\\/2021\\\/11\\\/Hillside-forest-set-Handmade-wooden-trees-and-animals-Eperfa.webp\",\"datePublished\":\"2021-11-12T13:42:54+00:00\",\"dateModified\":\"2023-09-05T06:40:16+00:00\",\"description\":\"L'ensemble de for\u00eat d'Eperfa, avec ses animaux et ses arbres en bois, pr\u00e9sente aux enfants la faune et la flore des for\u00eats autour de Budapest.\",\"breadcrumb\":{\"@id\":\"https:\\\/\\\/teiaeducation.ch\\\/fr\\\/produit\\\/animaux-arbres-de-la-foret-eperfa\\\/#breadcrumb\"},\"inLanguage\":\"fr-FR\",\"potentialAction\":[{\"@type\":\"ReadAction\",\"target\":[\"https:\\\/\\\/teiaeducation.ch\\\/fr\\\/produit\\\/animaux-arbres-de-la-foret-eperfa\\\/\"]}]},{\"@type\":\"ImageObject\",\"inLanguage\":\"fr-FR\",\"@id\":\"https:\\\/\\\/teiaeducation.ch\\\/fr\\\/produit\\\/animaux-arbres-de-la-foret-eperfa\\\/#primaryimage\",\"url\":\"https:\\\/\\\/teiaeducation.ch\\\/wp-content\\\/uploads\\\/2021\\\/11\\\/Hillside-forest-set-Handmade-wooden-trees-and-animals-Eperfa.webp\",\"contentUrl\":\"https:\\\/\\\/teiaeducation.ch\\\/wp-content\\\/uploads\\\/2021\\\/11\\\/Hillside-forest-set-Handmade-wooden-trees-and-animals-Eperfa.webp\",\"width\":1150,\"height\":1221,\"caption\":\"Animaux et arbres de la for\u00eat faits \u00e0 la main - Eperfa\"},{\"@type\":\"BreadcrumbList\",\"@id\":\"https:\\\/\\\/teiaeducation.ch\\\/fr\\\/produit\\\/animaux-arbres-de-la-foret-eperfa\\\/#breadcrumb\",\"itemListElement\":[{\"@type\":\"ListItem\",\"position\":1,\"name\":\"Home\",\"item\":\"https:\\\/\\\/teiaeducation.ch\\\/fr\\\/\"},{\"@type\":\"ListItem\",\"position\":2,\"name\":\"Boutique Teia Education &amp; Play\",\"item\":\"https:\\\/\\\/teiaeducation.ch\\\/fr\\\/boutique\\\/\"},{\"@type\":\"ListItem\",\"position\":3,\"name\":\"Collections Saisonni\u00e8res\",\"item\":\"https:\\\/\\\/teiaeducation.ch\\\/fr\\\/categorie-produit\\\/collections-saisonnieres\\\/\"},{\"@type\":\"ListItem\",\"position\":4,\"name\":\"Collection Hiver\",\"item\":\"https:\\\/\\\/teiaeducation.ch\\\/fr\\\/categorie-produit\\\/collections-saisonnieres\\\/collection-hiver\\\/\"},{\"@type\":\"ListItem\",\"position\":5,\"name\":\"Animaux et arbres de la for\u00eat &#8211; Eperfa\"}]},{\"@type\":\"WebSite\",\"@id\":\"https:\\\/\\\/teiaeducation.ch\\\/fr\\\/#website\",\"url\":\"https:\\\/\\\/teiaeducation.ch\\\/fr\\\/\",\"name\":\"Sustainable Educational Products &amp; Ecological Toys\u00a0\",\"description\":\"Specialised Swiss shop selling sustainable educational toys and games, AMI certified Montessori materials, handmade ecological wooden Waldorf toys and arts &amp; crafts supplies, school supplies, children&#039;s furniture and Montessori reference and parenting books.\",\"publisher\":{\"@id\":\"https:\\\/\\\/teiaeducation.ch\\\/fr\\\/#organization\"},\"alternateName\":\"Teia Education & Play\",\"potentialAction\":[{\"@type\":\"SearchAction\",\"target\":{\"@type\":\"EntryPoint\",\"urlTemplate\":\"https:\\\/\\\/teiaeducation.ch\\\/fr\\\/?s={search_term_string}\"},\"query-input\":{\"@type\":\"PropertyValueSpecification\",\"valueRequired\":true,\"valueName\":\"search_term_string\"}}],\"inLanguage\":\"fr-FR\"},{\"@type\":\"Organization\",\"@id\":\"https:\\\/\\\/teiaeducation.ch\\\/fr\\\/#organization\",\"name\":\"Teia Education & Play\",\"url\":\"https:\\\/\\\/teiaeducation.ch\\\/fr\\\/\",\"logo\":{\"@type\":\"ImageObject\",\"inLanguage\":\"fr-FR\",\"@id\":\"https:\\\/\\\/teiaeducation.ch\\\/fr\\\/#\\\/schema\\\/logo\\\/image\\\/\",\"url\":\"https:\\\/\\\/teiaeducation.ch\\\/wp-content\\\/uploads\\\/2020\\\/11\\\/Teia-Education-Switzerland-e1620156442216.jpg\",\"contentUrl\":\"https:\\\/\\\/teiaeducation.ch\\\/wp-content\\\/uploads\\\/2020\\\/11\\\/Teia-Education-Switzerland-e1620156442216.jpg\",\"width\":166,\"height\":145,\"caption\":\"Teia Education & Play\"},\"image\":{\"@id\":\"https:\\\/\\\/teiaeducation.ch\\\/fr\\\/#\\\/schema\\\/logo\\\/image\\\/\"},\"sameAs\":[\"https:\\\/\\\/www.facebook.com\\\/teiaeducation\\\/\",\"https:\\\/\\\/x.com\\\/EducationTeia\",\"https:\\\/\\\/www.instagram.com\\\/teia.education\\\/\",\"https:\\\/\\\/www.linkedin.com\\\/company\\\/35501660\",\"https:\\\/\\\/www.pinterest.ch\\\/TeiaEducation\\\/\"]}]}<\/script>\n<meta property=\"product:price:amount\" content=\"59.00\" \/>\n<meta property=\"product:price:currency\" content=\"CHF\" \/>\n<meta property=\"og:availability\" content=\"out of stock\" \/>\n<meta property=\"product:availability\" content=\"out of stock\" \/>\n<meta property=\"product:retailer_item_id\" content=\"00000000000000000000000000000000000000000000034417\" \/>\n<meta property=\"product:condition\" content=\"new\" \/>\n<!-- \/ Yoast SEO Premium plugin. -->","yoast_head_json":{"title":"Animaux et arbres de la for\u00eat - Eperfa - Teia Education & Play","description":"L'ensemble de for\u00eat d'Eperfa, avec ses animaux et ses arbres en bois, pr\u00e9sente aux enfants la faune et la flore des for\u00eats autour de Budapest.","robots":{"index":"index","follow":"follow","max-snippet":"max-snippet:-1","max-image-preview":"max-image-preview:large","max-video-preview":"max-video-preview:-1"},"canonical":"https:\/\/teiaeducation.ch\/fr\/produit\/animaux-arbres-de-la-foret-eperfa\/","og_locale":"fr_FR","og_type":"article","og_title":"Animaux et arbres de la for\u00eat - Eperfa","og_description":"L'ensemble de for\u00eat d'Eperfa, avec ses animaux et ses arbres en bois, pr\u00e9sente aux enfants la faune et la flore des for\u00eats autour de Budapest.","og_url":"https:\/\/teiaeducation.ch\/fr\/produit\/animaux-arbres-de-la-foret-eperfa\/","og_site_name":"Sustainable Educational Products &amp; Ecological Toys\u00a0","article_publisher":"https:\/\/www.facebook.com\/teiaeducation\/","article_modified_time":"2023-09-05T06:40:16+00:00","og_image":[{"width":1150,"height":1221,"url":"https:\/\/teiaeducation.ch\/wp-content\/uploads\/2021\/11\/Hillside-forest-set-Handmade-wooden-trees-and-animals-Eperfa.webp","type":"image\/webp"}],"schema":{"@context":"https:\/\/schema.org","@graph":[{"@type":"WebPage","@id":"https:\/\/teiaeducation.ch\/fr\/produit\/animaux-arbres-de-la-foret-eperfa\/","url":"https:\/\/teiaeducation.ch\/fr\/produit\/animaux-arbres-de-la-foret-eperfa\/","name":"Animaux et arbres de la for\u00eat - Eperfa - Teia Education & Play","isPartOf":{"@id":"https:\/\/teiaeducation.ch\/fr\/#website"},"primaryImageOfPage":{"@id":"https:\/\/teiaeducation.ch\/fr\/produit\/animaux-arbres-de-la-foret-eperfa\/#primaryimage"},"image":{"@id":"https:\/\/teiaeducation.ch\/fr\/produit\/animaux-arbres-de-la-foret-eperfa\/#primaryimage"},"thumbnailUrl":"https:\/\/teiaeducation.ch\/wp-content\/uploads\/2021\/11\/Hillside-forest-set-Handmade-wooden-trees-and-animals-Eperfa.webp","datePublished":"2021-11-12T13:42:54+00:00","dateModified":"2023-09-05T06:40:16+00:00","description":"L'ensemble de for\u00eat d'Eperfa, avec ses animaux et ses arbres en bois, pr\u00e9sente aux enfants la faune et la flore des for\u00eats autour de Budapest.","breadcrumb":{"@id":"https:\/\/teiaeducation.ch\/fr\/produit\/animaux-arbres-de-la-foret-eperfa\/#breadcrumb"},"inLanguage":"fr-FR","potentialAction":[{"@type":"ReadAction","target":["https:\/\/teiaeducation.ch\/fr\/produit\/animaux-arbres-de-la-foret-eperfa\/"]}]},{"@type":"ImageObject","inLanguage":"fr-FR","@id":"https:\/\/teiaeducation.ch\/fr\/produit\/animaux-arbres-de-la-foret-eperfa\/#primaryimage","url":"https:\/\/teiaeducation.ch\/wp-content\/uploads\/2021\/11\/Hillside-forest-set-Handmade-wooden-trees-and-animals-Eperfa.webp","contentUrl":"https:\/\/teiaeducation.ch\/wp-content\/uploads\/2021\/11\/Hillside-forest-set-Handmade-wooden-trees-and-animals-Eperfa.webp","width":1150,"height":1221,"caption":"Animaux et arbres de la for\u00eat faits \u00e0 la main - Eperfa"},{"@type":"BreadcrumbList","@id":"https:\/\/teiaeducation.ch\/fr\/produit\/animaux-arbres-de-la-foret-eperfa\/#breadcrumb","itemListElement":[{"@type":"ListItem","position":1,"name":"Home","item":"https:\/\/teiaeducation.ch\/fr\/"},{"@type":"ListItem","position":2,"name":"Boutique Teia Education &amp; Play","item":"https:\/\/teiaeducation.ch\/fr\/boutique\/"},{"@type":"ListItem","position":3,"name":"Collections Saisonni\u00e8res","item":"https:\/\/teiaeducation.ch\/fr\/categorie-produit\/collections-saisonnieres\/"},{"@type":"ListItem","position":4,"name":"Collection Hiver","item":"https:\/\/teiaeducation.ch\/fr\/categorie-produit\/collections-saisonnieres\/collection-hiver\/"},{"@type":"ListItem","position":5,"name":"Animaux et arbres de la for\u00eat &#8211; Eperfa"}]},{"@type":"WebSite","@id":"https:\/\/teiaeducation.ch\/fr\/#website","url":"https:\/\/teiaeducation.ch\/fr\/","name":"Sustainable Educational Products &amp; Ecological Toys\u00a0","description":"Specialised Swiss shop selling sustainable educational toys and games, AMI certified Montessori materials, handmade ecological wooden Waldorf toys and arts &amp; crafts supplies, school supplies, children&#039;s furniture and Montessori reference and parenting books.","publisher":{"@id":"https:\/\/teiaeducation.ch\/fr\/#organization"},"alternateName":"Teia Education & Play","potentialAction":[{"@type":"SearchAction","target":{"@type":"EntryPoint","urlTemplate":"https:\/\/teiaeducation.ch\/fr\/?s={search_term_string}"},"query-input":{"@type":"PropertyValueSpecification","valueRequired":true,"valueName":"search_term_string"}}],"inLanguage":"fr-FR"},{"@type":"Organization","@id":"https:\/\/teiaeducation.ch\/fr\/#organization","name":"Teia Education & Play","url":"https:\/\/teiaeducation.ch\/fr\/","logo":{"@type":"ImageObject","inLanguage":"fr-FR","@id":"https:\/\/teiaeducation.ch\/fr\/#\/schema\/logo\/image\/","url":"https:\/\/teiaeducation.ch\/wp-content\/uploads\/2020\/11\/Teia-Education-Switzerland-e1620156442216.jpg","contentUrl":"https:\/\/teiaeducation.ch\/wp-content\/uploads\/2020\/11\/Teia-Education-Switzerland-e1620156442216.jpg","width":166,"height":145,"caption":"Teia Education & Play"},"image":{"@id":"https:\/\/teiaeducation.ch\/fr\/#\/schema\/logo\/image\/"},"sameAs":["https:\/\/www.facebook.com\/teiaeducation\/","https:\/\/x.com\/EducationTeia","https:\/\/www.instagram.com\/teia.education\/","https:\/\/www.linkedin.com\/company\/35501660","https:\/\/www.pinterest.ch\/TeiaEducation\/"]}]},"product_price_amount":"59.00","product_price_currency":"CHF","og_availability":"out of stock","product_availability":"out of stock","product_retailer_item_id":"00000000000000000000000000000000000000000000034417","product_condition":"new"},"_links":{"self":[{"href":"https:\/\/teiaeducation.ch\/fr\/wp-json\/wp\/v2\/product\/41131","targetHints":{"allow":["GET"]}}],"collection":[{"href":"https:\/\/teiaeducation.ch\/fr\/wp-json\/wp\/v2\/product"}],"about":[{"href":"https:\/\/teiaeducation.ch\/fr\/wp-json\/wp\/v2\/types\/product"}],"replies":[{"embeddable":true,"href":"https:\/\/teiaeducation.ch\/fr\/wp-json\/wp\/v2\/comments?post=41131"}],"wp:featuredmedia":[{"embeddable":true,"href":"https:\/\/teiaeducation.ch\/fr\/wp-json\/wp\/v2\/media\/41133"}],"wp:attachment":[{"href":"https:\/\/teiaeducation.ch\/fr\/wp-json\/wp\/v2\/media?parent=41131"}],"wp:term":[{"taxonomy":"product_brand","embeddable":true,"href":"https:\/\/teiaeducation.ch\/fr\/wp-json\/wp\/v2\/product_brand?post=41131"},{"taxonomy":"product_cat","embeddable":true,"href":"https:\/\/teiaeducation.ch\/fr\/wp-json\/wp\/v2\/product_cat?post=41131"},{"taxonomy":"product_tag","embeddable":true,"href":"https:\/\/teiaeducation.ch\/fr\/wp-json\/wp\/v2\/product_tag?post=41131"}],"curies":[{"name":"wp","href":"https:\/\/api.w.org\/{rel}","templated":true}]}}