{"id":41154,"date":"2021-11-12T15:18:43","date_gmt":"2021-11-12T14:18:43","guid":{"rendered":"https:\/\/teiaeducation.ch\/?post_type=product&#038;p=41154"},"modified":"2023-09-05T08:40:17","modified_gmt":"2023-09-05T06:40:17","slug":"animaux-nocturnes-en-bois-eperfa","status":"publish","type":"product","link":"https:\/\/teiaeducation.ch\/fr\/produit\/animaux-nocturnes-en-bois-eperfa\/","title":{"rendered":"Animaux nocturnes en bois &#8211; Eperfa"},"content":{"rendered":"<p>Animaux nocturnes en bois \/ Animaux jouets en bois fait main &#8211; Eperfa<\/p>\n<p>Rencontrez les plus belles cr\u00e9atures de la nuit ! L&#8217;ensemble d&#8217;animaux nocturnes en bois d&#8217;Eperfa pr\u00e9sente aux enfants la faune et la flore des for\u00eats et des collines qui entourent le lac Balaton, en Hongrie. Ces animaux en bois fabriqu\u00e9s \u00e0 la main invitent les enfants \u00e0 empiler, ainsi qu&#8217;\u00e0 d\u00e9velopper leur imagination et leur curiosit\u00e9 pour le monde qui les entoure.<\/p>\n<p>L&#8217;ensemble pr\u00e9sente des <a href=\"https:\/\/teiaeducation.ch\/fr\/categorie-produit\/jouer\/animaux-fermes\/\">animaux<\/a> nocturnes typiques, tels qu&#8217;un blaireau, un hibou, une grenouille, un rossignol, tous r\u00e9alis\u00e9s en bois de h\u00eatre d&#8217;origine locale issu d&#8217;une sylviculture responsable du parc national de Duna-Ipoly en Hongrie. 12 animaux sont inclus, tous contenus dans une bo\u00eete en papier recycl\u00e9 faite \u00e0 la main. Ils conviennent aux enfants \u00e2g\u00e9s de 3 ans et plus.<\/p>\n<p>Les enfants d\u00e9veloppent leur motricit\u00e9 fine et leur dext\u00e9rit\u00e9 manuelle ainsi que leur imagination en empilant les animaux ou en les utilisant pour leur propre jeu de petit monde.<\/p>\n<p>Ce charmant ensemble de haute qualit\u00e9 deviendra certainement un jouet d&#8217;h\u00e9ritage familial \u00e0 transmettre de g\u00e9n\u00e9ration en g\u00e9n\u00e9ration. Les animaux et arbres en bois ont \u00e9t\u00e9 fabriqu\u00e9s et peints \u00e0 la main dans le petit atelier d&#8217;Eperfa \u00e0 Budapest, en Hongrie.<\/p>\n<p>Eperfa est une marque hongroise qui cr\u00e9e de merveilleux jouets naturels inspir\u00e9s par le paysage et la faune de Budapest et du lac Balaton. Les produits d&#8217;Eperfa encouragent les enfants \u00e0 explorer librement et \u00e0 profiter d&#8217;une enfance joyeuse et plus lente.<\/p>\n<p>Les jouets Eperfa sont fabriqu\u00e9s et peints \u00e0 la main dans leur petit atelier de Budapest, \u00e0 partir de bois massif provenant du parc national Duna-Ipoly de Hongrie et d&#8217;autres mat\u00e9riaux naturels tels que le cuir et le feutre 100% laine.<\/p>\n<p>Avertissement : risque d&#8217;\u00e9touffement &#8211; le set d&#8217;animaux nocturnes contient de petites pi\u00e8ces.<\/p>\n<p>Contenu :<\/p>\n<p>12 animaux en bois<\/p>\n","protected":false},"excerpt":{"rendered":"<p>Num\u00e9ro d&#8217;article: EPER-06<\/p>\n<p>L&#8217;ensemble d&#8217;animaux nocturnes en bois d&#8217;Eperfa pr\u00e9sente aux enfants la faune et la flore des for\u00eats et des collines qui entourent le lac Balaton, en Hongrie.<\/p>\n","protected":false},"featured_media":41157,"comment_status":"open","ping_status":"closed","template":"","meta":[],"product_brand":[],"product_cat":[215,13131,635,284,283,18959,592,17241,21257,13130,13144,23020,22181,13140,217,5851,209,212],"product_tag":[22043,22038,22044,19277,22046,22045,19265,19267,19270,19269,19268,17910,19272,19271],"class_list":{"0":"post-41154","1":"product","2":"type-product","3":"status-publish","4":"has-post-thumbnail","6":"product_cat-3-6-ans","7":"product_cat-animaux-fermes","8":"product_cat-competences-motrices","9":"product_cat-culture-sciences","10":"product_cat-domaines-du-curriculum","11":"product_cat-eperfa-jouets-naturels","12":"product_cat-geographie-animale","13":"product_cat-guide-cadeaux-3-6-ans","14":"product_cat-guides-cadeaux","15":"product_cat-jouer","16":"product_cat-jouets-a-empiler","17":"product_cat-jouets-en-bois","18":"product_cat-jouets-montessori","19":"product_cat-jeu-libre","20":"product_cat-marques","21":"product_cat-nouveautes","22":"product_cat-sensorielles-motrices","23":"product_cat-tranche-dage","24":"product_tag-animaux-de-la-foret-en-bois-eperfa","25":"product_tag-animaux-jouets-en-bois","26":"product_tag-arbres-de-la-foret-en-bois-eperfa","27":"product_tag-des-jouets-durables-faits-main","28":"product_tag-ensemble-danimaux-jouets-nocturnes-en-bois","29":"product_tag-ensemble-danimaux-nocturnes-eperfa","30":"product_tag-eperfa-fr","31":"product_tag-eperfa-jouets","32":"product_tag-eperfa-schweiz-fr","33":"product_tag-eperfa-suisse-fr","34":"product_tag-eperfa-switzerland-fr","35":"product_tag-jouet-arbres-en-bois","36":"product_tag-jouets-fabriques-en-hongrie","37":"product_tag-jouets-faits-main-suisse","39":"first","40":"instock","41":"taxable","42":"shipping-taxable","43":"purchasable","44":"product-type-simple"},"yoast_head":"<!-- This site is optimized with the Yoast SEO plugin v27.1.1 - https:\/\/yoast.com\/product\/yoast-seo-wordpress\/ -->\n<title>Animaux nocturnes en bois - Eperfa - Teia Education &amp; Play<\/title>\n<meta name=\"description\" content=\"Les animaux nocturnes en bois d&#039;Eperfa pr\u00e9sente aux enfants la faune et la flore des for\u00eats qui entourent le lac Balaton, en Hongrie.\" \/>\n<meta name=\"robots\" content=\"index, follow, max-snippet:-1, max-image-preview:large, max-video-preview:-1\" \/>\n<link rel=\"canonical\" href=\"https:\/\/teiaeducation.ch\/fr\/produit\/animaux-nocturnes-en-bois-eperfa\/\" \/>\n<meta property=\"og:locale\" content=\"fr_FR\" \/>\n<meta property=\"og:type\" content=\"article\" \/>\n<meta property=\"og:title\" content=\"Animaux nocturnes en bois - Eperfa - Teia Education &amp; Play\" \/>\n<meta property=\"og:description\" content=\"Les animaux nocturnes en bois d&#039;Eperfa pr\u00e9sente aux enfants la faune et la flore des for\u00eats qui entourent le lac Balaton, en Hongrie.\" \/>\n<meta property=\"og:url\" content=\"https:\/\/teiaeducation.ch\/fr\/produit\/animaux-nocturnes-en-bois-eperfa\/\" \/>\n<meta property=\"og:site_name\" content=\"Sustainable Educational Products &amp; Ecological Toys\u00a0\" \/>\n<meta property=\"article:publisher\" content=\"https:\/\/www.facebook.com\/teiaeducation\/\" \/>\n<meta property=\"article:modified_time\" content=\"2023-09-05T06:40:17+00:00\" \/>\n<meta property=\"og:image\" content=\"https:\/\/teiaeducation.ch\/wp-content\/uploads\/2021\/11\/Nocturnal-animals-set-Handmade-wooden-toy-animals-Eperfa.webp\" \/>\n\t<meta property=\"og:image:width\" content=\"1150\" \/>\n\t<meta property=\"og:image:height\" content=\"1150\" \/>\n\t<meta property=\"og:image:type\" content=\"image\/webp\" \/>\n<script type=\"application\/ld+json\" class=\"yoast-schema-graph\">{\"@context\":\"https:\/\/schema.org\",\"@graph\":[{\"@type\":\"WebPage\",\"@id\":\"https:\/\/teiaeducation.ch\/fr\/produit\/animaux-nocturnes-en-bois-eperfa\/\",\"url\":\"https:\/\/teiaeducation.ch\/fr\/produit\/animaux-nocturnes-en-bois-eperfa\/\",\"name\":\"Animaux nocturnes en bois - Eperfa - Teia Education & Play\",\"isPartOf\":{\"@id\":\"https:\/\/teiaeducation.ch\/fr\/#website\"},\"primaryImageOfPage\":{\"@id\":\"https:\/\/teiaeducation.ch\/fr\/produit\/animaux-nocturnes-en-bois-eperfa\/#primaryimage\"},\"image\":{\"@id\":\"https:\/\/teiaeducation.ch\/fr\/produit\/animaux-nocturnes-en-bois-eperfa\/#primaryimage\"},\"thumbnailUrl\":\"https:\/\/teiaeducation.ch\/wp-content\/uploads\/2021\/11\/Nocturnal-animals-set-Handmade-wooden-toy-animals-Eperfa.webp\",\"datePublished\":\"2021-11-12T14:18:43+00:00\",\"dateModified\":\"2023-09-05T06:40:17+00:00\",\"description\":\"Les animaux nocturnes en bois d'Eperfa pr\u00e9sente aux enfants la faune et la flore des for\u00eats qui entourent le lac Balaton, en Hongrie.\",\"breadcrumb\":{\"@id\":\"https:\/\/teiaeducation.ch\/fr\/produit\/animaux-nocturnes-en-bois-eperfa\/#breadcrumb\"},\"inLanguage\":\"fr-FR\",\"potentialAction\":[{\"@type\":\"ReadAction\",\"target\":[\"https:\/\/teiaeducation.ch\/fr\/produit\/animaux-nocturnes-en-bois-eperfa\/\"]}]},{\"@type\":\"ImageObject\",\"inLanguage\":\"fr-FR\",\"@id\":\"https:\/\/teiaeducation.ch\/fr\/produit\/animaux-nocturnes-en-bois-eperfa\/#primaryimage\",\"url\":\"https:\/\/teiaeducation.ch\/wp-content\/uploads\/2021\/11\/Nocturnal-animals-set-Handmade-wooden-toy-animals-Eperfa.webp\",\"contentUrl\":\"https:\/\/teiaeducation.ch\/wp-content\/uploads\/2021\/11\/Nocturnal-animals-set-Handmade-wooden-toy-animals-Eperfa.webp\",\"width\":1150,\"height\":1150,\"caption\":\"Animaux nocturnes en bois \/ Animaux jouets en bois fait main - Eperfa\"},{\"@type\":\"BreadcrumbList\",\"@id\":\"https:\/\/teiaeducation.ch\/fr\/produit\/animaux-nocturnes-en-bois-eperfa\/#breadcrumb\",\"itemListElement\":[{\"@type\":\"ListItem\",\"position\":1,\"name\":\"Home\",\"item\":\"https:\/\/teiaeducation.ch\/fr\/\"},{\"@type\":\"ListItem\",\"position\":2,\"name\":\"Boutique Teia Education &amp; Play\",\"item\":\"https:\/\/teiaeducation.ch\/fr\/boutique\/\"},{\"@type\":\"ListItem\",\"position\":3,\"name\":\"Domaines du Curriculum\",\"item\":\"https:\/\/teiaeducation.ch\/fr\/categorie-produit\/domaines-du-curriculum\/\"},{\"@type\":\"ListItem\",\"position\":4,\"name\":\"Sensorielles &amp; Motrices\",\"item\":\"https:\/\/teiaeducation.ch\/fr\/categorie-produit\/domaines-du-curriculum\/sensorielles-motrices\/\"},{\"@type\":\"ListItem\",\"position\":5,\"name\":\"Comp\u00e9tences Motrices\",\"item\":\"https:\/\/teiaeducation.ch\/fr\/categorie-produit\/domaines-du-curriculum\/sensorielles-motrices\/competences-motrices\/\"},{\"@type\":\"ListItem\",\"position\":6,\"name\":\"Animaux nocturnes en bois &#8211; Eperfa\"}]},{\"@type\":\"WebSite\",\"@id\":\"https:\/\/teiaeducation.ch\/fr\/#website\",\"url\":\"https:\/\/teiaeducation.ch\/fr\/\",\"name\":\"Sustainable Educational Products &amp; Ecological Toys\u00a0\",\"description\":\"Specialised Swiss shop selling sustainable educational toys and games, AMI certified Montessori materials, handmade ecological wooden Waldorf toys and arts &amp; crafts supplies, school supplies, children&#039;s furniture and Montessori reference and parenting books.\",\"publisher\":{\"@id\":\"https:\/\/teiaeducation.ch\/fr\/#organization\"},\"alternateName\":\"Teia Education & Play\",\"potentialAction\":[{\"@type\":\"SearchAction\",\"target\":{\"@type\":\"EntryPoint\",\"urlTemplate\":\"https:\/\/teiaeducation.ch\/fr\/?s={search_term_string}\"},\"query-input\":{\"@type\":\"PropertyValueSpecification\",\"valueRequired\":true,\"valueName\":\"search_term_string\"}}],\"inLanguage\":\"fr-FR\"},{\"@type\":\"Organization\",\"@id\":\"https:\/\/teiaeducation.ch\/fr\/#organization\",\"name\":\"Teia Education & Play\",\"url\":\"https:\/\/teiaeducation.ch\/fr\/\",\"logo\":{\"@type\":\"ImageObject\",\"inLanguage\":\"fr-FR\",\"@id\":\"https:\/\/teiaeducation.ch\/fr\/#\/schema\/logo\/image\/\",\"url\":\"https:\/\/teiaeducation.ch\/wp-content\/uploads\/2020\/11\/Teia-Education-Switzerland-e1620156442216.jpg\",\"contentUrl\":\"https:\/\/teiaeducation.ch\/wp-content\/uploads\/2020\/11\/Teia-Education-Switzerland-e1620156442216.jpg\",\"width\":166,\"height\":145,\"caption\":\"Teia Education & Play\"},\"image\":{\"@id\":\"https:\/\/teiaeducation.ch\/fr\/#\/schema\/logo\/image\/\"},\"sameAs\":[\"https:\/\/www.facebook.com\/teiaeducation\/\",\"https:\/\/x.com\/EducationTeia\",\"https:\/\/www.instagram.com\/teia.education\/\",\"https:\/\/www.linkedin.com\/company\/35501660\",\"https:\/\/www.pinterest.ch\/TeiaEducation\/\"]}]}<\/script>\n<!-- \/ Yoast SEO plugin. -->","yoast_head_json":{"title":"Animaux nocturnes en bois - Eperfa - Teia Education & Play","description":"Les animaux nocturnes en bois d'Eperfa pr\u00e9sente aux enfants la faune et la flore des for\u00eats qui entourent le lac Balaton, en Hongrie.","robots":{"index":"index","follow":"follow","max-snippet":"max-snippet:-1","max-image-preview":"max-image-preview:large","max-video-preview":"max-video-preview:-1"},"canonical":"https:\/\/teiaeducation.ch\/fr\/produit\/animaux-nocturnes-en-bois-eperfa\/","og_locale":"fr_FR","og_type":"article","og_title":"Animaux nocturnes en bois - Eperfa - Teia Education & Play","og_description":"Les animaux nocturnes en bois d'Eperfa pr\u00e9sente aux enfants la faune et la flore des for\u00eats qui entourent le lac Balaton, en Hongrie.","og_url":"https:\/\/teiaeducation.ch\/fr\/produit\/animaux-nocturnes-en-bois-eperfa\/","og_site_name":"Sustainable Educational Products &amp; Ecological Toys\u00a0","article_publisher":"https:\/\/www.facebook.com\/teiaeducation\/","article_modified_time":"2023-09-05T06:40:17+00:00","og_image":[{"width":1150,"height":1150,"url":"https:\/\/teiaeducation.ch\/wp-content\/uploads\/2021\/11\/Nocturnal-animals-set-Handmade-wooden-toy-animals-Eperfa.webp","type":"image\/webp"}],"schema":{"@context":"https:\/\/schema.org","@graph":[{"@type":"WebPage","@id":"https:\/\/teiaeducation.ch\/fr\/produit\/animaux-nocturnes-en-bois-eperfa\/","url":"https:\/\/teiaeducation.ch\/fr\/produit\/animaux-nocturnes-en-bois-eperfa\/","name":"Animaux nocturnes en bois - Eperfa - Teia Education & Play","isPartOf":{"@id":"https:\/\/teiaeducation.ch\/fr\/#website"},"primaryImageOfPage":{"@id":"https:\/\/teiaeducation.ch\/fr\/produit\/animaux-nocturnes-en-bois-eperfa\/#primaryimage"},"image":{"@id":"https:\/\/teiaeducation.ch\/fr\/produit\/animaux-nocturnes-en-bois-eperfa\/#primaryimage"},"thumbnailUrl":"https:\/\/teiaeducation.ch\/wp-content\/uploads\/2021\/11\/Nocturnal-animals-set-Handmade-wooden-toy-animals-Eperfa.webp","datePublished":"2021-11-12T14:18:43+00:00","dateModified":"2023-09-05T06:40:17+00:00","description":"Les animaux nocturnes en bois d'Eperfa pr\u00e9sente aux enfants la faune et la flore des for\u00eats qui entourent le lac Balaton, en Hongrie.","breadcrumb":{"@id":"https:\/\/teiaeducation.ch\/fr\/produit\/animaux-nocturnes-en-bois-eperfa\/#breadcrumb"},"inLanguage":"fr-FR","potentialAction":[{"@type":"ReadAction","target":["https:\/\/teiaeducation.ch\/fr\/produit\/animaux-nocturnes-en-bois-eperfa\/"]}]},{"@type":"ImageObject","inLanguage":"fr-FR","@id":"https:\/\/teiaeducation.ch\/fr\/produit\/animaux-nocturnes-en-bois-eperfa\/#primaryimage","url":"https:\/\/teiaeducation.ch\/wp-content\/uploads\/2021\/11\/Nocturnal-animals-set-Handmade-wooden-toy-animals-Eperfa.webp","contentUrl":"https:\/\/teiaeducation.ch\/wp-content\/uploads\/2021\/11\/Nocturnal-animals-set-Handmade-wooden-toy-animals-Eperfa.webp","width":1150,"height":1150,"caption":"Animaux nocturnes en bois \/ Animaux jouets en bois fait main - Eperfa"},{"@type":"BreadcrumbList","@id":"https:\/\/teiaeducation.ch\/fr\/produit\/animaux-nocturnes-en-bois-eperfa\/#breadcrumb","itemListElement":[{"@type":"ListItem","position":1,"name":"Home","item":"https:\/\/teiaeducation.ch\/fr\/"},{"@type":"ListItem","position":2,"name":"Boutique Teia Education &amp; Play","item":"https:\/\/teiaeducation.ch\/fr\/boutique\/"},{"@type":"ListItem","position":3,"name":"Domaines du Curriculum","item":"https:\/\/teiaeducation.ch\/fr\/categorie-produit\/domaines-du-curriculum\/"},{"@type":"ListItem","position":4,"name":"Sensorielles &amp; Motrices","item":"https:\/\/teiaeducation.ch\/fr\/categorie-produit\/domaines-du-curriculum\/sensorielles-motrices\/"},{"@type":"ListItem","position":5,"name":"Comp\u00e9tences Motrices","item":"https:\/\/teiaeducation.ch\/fr\/categorie-produit\/domaines-du-curriculum\/sensorielles-motrices\/competences-motrices\/"},{"@type":"ListItem","position":6,"name":"Animaux nocturnes en bois &#8211; Eperfa"}]},{"@type":"WebSite","@id":"https:\/\/teiaeducation.ch\/fr\/#website","url":"https:\/\/teiaeducation.ch\/fr\/","name":"Sustainable Educational Products &amp; Ecological Toys\u00a0","description":"Specialised Swiss shop selling sustainable educational toys and games, AMI certified Montessori materials, handmade ecological wooden Waldorf toys and arts &amp; crafts supplies, school supplies, children&#039;s furniture and Montessori reference and parenting books.","publisher":{"@id":"https:\/\/teiaeducation.ch\/fr\/#organization"},"alternateName":"Teia Education & Play","potentialAction":[{"@type":"SearchAction","target":{"@type":"EntryPoint","urlTemplate":"https:\/\/teiaeducation.ch\/fr\/?s={search_term_string}"},"query-input":{"@type":"PropertyValueSpecification","valueRequired":true,"valueName":"search_term_string"}}],"inLanguage":"fr-FR"},{"@type":"Organization","@id":"https:\/\/teiaeducation.ch\/fr\/#organization","name":"Teia Education & Play","url":"https:\/\/teiaeducation.ch\/fr\/","logo":{"@type":"ImageObject","inLanguage":"fr-FR","@id":"https:\/\/teiaeducation.ch\/fr\/#\/schema\/logo\/image\/","url":"https:\/\/teiaeducation.ch\/wp-content\/uploads\/2020\/11\/Teia-Education-Switzerland-e1620156442216.jpg","contentUrl":"https:\/\/teiaeducation.ch\/wp-content\/uploads\/2020\/11\/Teia-Education-Switzerland-e1620156442216.jpg","width":166,"height":145,"caption":"Teia Education & Play"},"image":{"@id":"https:\/\/teiaeducation.ch\/fr\/#\/schema\/logo\/image\/"},"sameAs":["https:\/\/www.facebook.com\/teiaeducation\/","https:\/\/x.com\/EducationTeia","https:\/\/www.instagram.com\/teia.education\/","https:\/\/www.linkedin.com\/company\/35501660","https:\/\/www.pinterest.ch\/TeiaEducation\/"]}]}},"_links":{"self":[{"href":"https:\/\/teiaeducation.ch\/fr\/wp-json\/wp\/v2\/product\/41154","targetHints":{"allow":["GET"]}}],"collection":[{"href":"https:\/\/teiaeducation.ch\/fr\/wp-json\/wp\/v2\/product"}],"about":[{"href":"https:\/\/teiaeducation.ch\/fr\/wp-json\/wp\/v2\/types\/product"}],"replies":[{"embeddable":true,"href":"https:\/\/teiaeducation.ch\/fr\/wp-json\/wp\/v2\/comments?post=41154"}],"wp:featuredmedia":[{"embeddable":true,"href":"https:\/\/teiaeducation.ch\/fr\/wp-json\/wp\/v2\/media\/41157"}],"wp:attachment":[{"href":"https:\/\/teiaeducation.ch\/fr\/wp-json\/wp\/v2\/media?parent=41154"}],"wp:term":[{"taxonomy":"product_brand","embeddable":true,"href":"https:\/\/teiaeducation.ch\/fr\/wp-json\/wp\/v2\/product_brand?post=41154"},{"taxonomy":"product_cat","embeddable":true,"href":"https:\/\/teiaeducation.ch\/fr\/wp-json\/wp\/v2\/product_cat?post=41154"},{"taxonomy":"product_tag","embeddable":true,"href":"https:\/\/teiaeducation.ch\/fr\/wp-json\/wp\/v2\/product_tag?post=41154"}],"curies":[{"name":"wp","href":"https:\/\/api.w.org\/{rel}","templated":true}]}}