{"id":41172,"date":"2021-11-12T15:39:51","date_gmt":"2021-11-12T14:39:51","guid":{"rendered":"https:\/\/teiaeducation.ch\/?post_type=product&#038;p=41172"},"modified":"2022-11-03T12:33:53","modified_gmt":"2022-11-03T11:33:53","slug":"toupie-en-bois-flotteur-eperfa","status":"publish","type":"product","link":"https:\/\/teiaeducation.ch\/fr\/produit\/toupie-en-bois-flotteur-eperfa\/","title":{"rendered":"Toupie flotteur &#8211; Eperfa"},"content":{"rendered":"<p>Toupie en bois faite \u00e0 la main flotteur &#8211; Eperfa<\/p>\n<p>La toupie en bois flotteur d\u2019Eperfa, faite \u00e0 la main, est un jouet classique pour tous les \u00e2ges et offre une vari\u00e9t\u00e9 infinie de jeux libres. Les toupies sont l&#8217;un des jouets les plus anciens au monde et offrent des exp\u00e9riences <a href=\"https:\/\/teiaeducation.ch\/fr\/categorie-produit\/jouer\/jeu-sensoriel\/\">sensorielles<\/a> riches aux enfants comme aux adultes !<\/p>\n<p>Con\u00e7ue pour \u00eatre tourn\u00e9e sur son axe vertical, la toupie est un jouet utilis\u00e9 depuis l\u2019Antiquit\u00e9 dans les jeux pour enfants solitaires ou comp\u00e9titifs. Le but est de faire tourner la toupie droite aussi longtemps que possible apr\u00e8s avoir \u00e9t\u00e9 mise en mouvement.<\/p>\n<p>Cette toupie d\u00e9licieusement tactile et doucement arrondie s&#8217;inspire d&#8217;un flotteur utilis\u00e9 pour la p\u00eache. Elle mesure 8 x 8 x 8 cm et sera certainement aim\u00e9e pendant des ann\u00e9es ! S\u00fbre de devenir un jouet d&#8217;h\u00e9ritage familial \u00e0 transmettre de g\u00e9n\u00e9ration en g\u00e9n\u00e9ration, la toupie a \u00e9t\u00e9 fabriqu\u00e9e et peinte \u00e0 la main dans le petit atelier d&#8217;Eperfa \u00e0 Budapest, en Hongrie.<\/p>\n<p>Eperfa est une marque hongroise qui cr\u00e9e de merveilleux jouets naturels inspir\u00e9s par le paysage et la faune de Budapest et du lac Balaton. Les produits d&#8217;Eperfa encouragent les enfants \u00e0 explorer librement et \u00e0 profiter d&#8217;une enfance joyeuse et plus lente.<\/p>\n<p>Les jouets Eperfa sont fabriqu\u00e9s et peints \u00e0 la main dans leur petit atelier de Budapest, \u00e0 partir de bois massif provenant du parc national Duna-Ipoly de Hongrie et d&#8217;autres mat\u00e9riaux naturels tels que le cuir et le feutre 100% laine.<\/p>\n<p>La toupie en bois flotteur d\u2019Eperfa convient aux enfants \u00e2g\u00e9s de 5 ans et plus.<\/p>\n<p>Contenu :<\/p>\n<p>1 toupie en bois<\/p>\n","protected":false},"excerpt":{"rendered":"<p>Num\u00e9ro d&#8217;article: EPER-07<\/p>\n<p>La toupie en bois flotteur d\u2019Eperfa, faite \u00e0 la main, est un jouet classique pour tous les \u00e2ges et offre une vari\u00e9t\u00e9 infinie de jeux libres.<\/p>\n","protected":false},"featured_media":41174,"comment_status":"open","ping_status":"closed","template":"","meta":[],"product_brand":[],"product_cat":[215,22032,23635,18893,22344,635,283,18959,16897,21257,22421,13130,18969,23132,23020,22181,13140,13142,638,217,5851,209,7603,18030,212],"product_tag":[22038,19277,19265,19267,19270,19269,19268,17910,19272,19271,22040,22039],"class_list":{"0":"post-41172","1":"product","2":"type-product","3":"status-publish","4":"has-post-thumbnail","6":"product_cat-3-6-ans","7":"product_cat-cadeaux-du-calendrier-de-lavent-et-de-noel","8":"product_cat-collection-dete","9":"product_cat-collection-printemps","10":"product_cat-collections-saisonnieres","11":"product_cat-competences-motrices","12":"product_cat-domaines-du-curriculum","13":"product_cat-eperfa-jouets-naturels","14":"product_cat-guide-cadeau-6-12-ans","15":"product_cat-guides-cadeaux","16":"product_cat-idees-cadeaux-pour-paques","17":"product_cat-jouer","18":"product_cat-jouets-actifs","19":"product_cat-jouets-de-plein-air","20":"product_cat-jouets-en-bois","21":"product_cat-jouets-montessori","22":"product_cat-jeu-libre","23":"product_cat-jeu-sensoriel","24":"product_cat-sens","25":"product_cat-marques","26":"product_cat-nouveautes","27":"product_cat-sensorielles-motrices","28":"product_cat-soldes","29":"product_cat-toupies","30":"product_cat-tranche-dage","31":"product_tag-animaux-jouets-en-bois","32":"product_tag-des-jouets-durables-faits-main","33":"product_tag-eperfa-fr","34":"product_tag-eperfa-jouets","35":"product_tag-eperfa-schweiz-fr","36":"product_tag-eperfa-suisse-fr","37":"product_tag-eperfa-switzerland-fr","38":"product_tag-jouet-arbres-en-bois","39":"product_tag-jouets-fabriques-en-hongrie","40":"product_tag-jouets-faits-main-suisse","41":"product_tag-toupie-en-bois-fait-main","42":"product_tag-toupie-float-en-bois-fait-main","44":"first","45":"instock","46":"sale","47":"taxable","48":"shipping-taxable","49":"purchasable","50":"product-type-simple"},"yoast_head":"<!-- This site is optimized with the Yoast SEO plugin v27.3 - https:\/\/yoast.com\/product\/yoast-seo-wordpress\/ -->\n<title>Toupie flotteur - Eperfa - Teia Education &amp; Play<\/title>\n<meta name=\"description\" content=\"La toupie en bois flotteur d\u2019Eperfa, faite \u00e0 la main, est un jouet classique pour tous les \u00e2ges et offre une vari\u00e9t\u00e9 infinie de jeux libres.\" \/>\n<meta name=\"robots\" content=\"index, follow, max-snippet:-1, max-image-preview:large, max-video-preview:-1\" \/>\n<link rel=\"canonical\" href=\"https:\/\/teiaeducation.ch\/fr\/produit\/toupie-en-bois-flotteur-eperfa\/\" \/>\n<meta property=\"og:locale\" content=\"fr_FR\" \/>\n<meta property=\"og:type\" content=\"article\" \/>\n<meta property=\"og:title\" content=\"Toupie flotteur - Eperfa - Teia Education &amp; Play\" \/>\n<meta property=\"og:description\" content=\"La toupie en bois flotteur d\u2019Eperfa, faite \u00e0 la main, est un jouet classique pour tous les \u00e2ges et offre une vari\u00e9t\u00e9 infinie de jeux libres.\" \/>\n<meta property=\"og:url\" content=\"https:\/\/teiaeducation.ch\/fr\/produit\/toupie-en-bois-flotteur-eperfa\/\" \/>\n<meta property=\"og:site_name\" content=\"Sustainable Educational Products &amp; Ecological Toys\u00a0\" \/>\n<meta property=\"article:publisher\" content=\"https:\/\/www.facebook.com\/teiaeducation\/\" \/>\n<meta property=\"article:modified_time\" content=\"2022-11-03T11:33:53+00:00\" \/>\n<meta property=\"og:image\" content=\"https:\/\/teiaeducation.ch\/wp-content\/uploads\/2021\/11\/Handmade-wooden-spinning-top-float-Eperfa.webp\" \/>\n\t<meta property=\"og:image:width\" content=\"1150\" \/>\n\t<meta property=\"og:image:height\" content=\"1150\" \/>\n\t<meta property=\"og:image:type\" content=\"image\/webp\" \/>\n<script type=\"application\/ld+json\" class=\"yoast-schema-graph\">{\"@context\":\"https:\\\/\\\/schema.org\",\"@graph\":[{\"@type\":\"WebPage\",\"@id\":\"https:\\\/\\\/teiaeducation.ch\\\/fr\\\/produit\\\/toupie-en-bois-flotteur-eperfa\\\/\",\"url\":\"https:\\\/\\\/teiaeducation.ch\\\/fr\\\/produit\\\/toupie-en-bois-flotteur-eperfa\\\/\",\"name\":\"Toupie flotteur - Eperfa - Teia Education & Play\",\"isPartOf\":{\"@id\":\"https:\\\/\\\/teiaeducation.ch\\\/fr\\\/#website\"},\"primaryImageOfPage\":{\"@id\":\"https:\\\/\\\/teiaeducation.ch\\\/fr\\\/produit\\\/toupie-en-bois-flotteur-eperfa\\\/#primaryimage\"},\"image\":{\"@id\":\"https:\\\/\\\/teiaeducation.ch\\\/fr\\\/produit\\\/toupie-en-bois-flotteur-eperfa\\\/#primaryimage\"},\"thumbnailUrl\":\"https:\\\/\\\/teiaeducation.ch\\\/wp-content\\\/uploads\\\/2021\\\/11\\\/Handmade-wooden-spinning-top-float-Eperfa.webp\",\"datePublished\":\"2021-11-12T14:39:51+00:00\",\"dateModified\":\"2022-11-03T11:33:53+00:00\",\"description\":\"La toupie en bois flotteur d\u2019Eperfa, faite \u00e0 la main, est un jouet classique pour tous les \u00e2ges et offre une vari\u00e9t\u00e9 infinie de jeux libres.\",\"breadcrumb\":{\"@id\":\"https:\\\/\\\/teiaeducation.ch\\\/fr\\\/produit\\\/toupie-en-bois-flotteur-eperfa\\\/#breadcrumb\"},\"inLanguage\":\"fr-FR\",\"potentialAction\":[{\"@type\":\"ReadAction\",\"target\":[\"https:\\\/\\\/teiaeducation.ch\\\/fr\\\/produit\\\/toupie-en-bois-flotteur-eperfa\\\/\"]}]},{\"@type\":\"ImageObject\",\"inLanguage\":\"fr-FR\",\"@id\":\"https:\\\/\\\/teiaeducation.ch\\\/fr\\\/produit\\\/toupie-en-bois-flotteur-eperfa\\\/#primaryimage\",\"url\":\"https:\\\/\\\/teiaeducation.ch\\\/wp-content\\\/uploads\\\/2021\\\/11\\\/Handmade-wooden-spinning-top-float-Eperfa.webp\",\"contentUrl\":\"https:\\\/\\\/teiaeducation.ch\\\/wp-content\\\/uploads\\\/2021\\\/11\\\/Handmade-wooden-spinning-top-float-Eperfa.webp\",\"width\":1150,\"height\":1150,\"caption\":\"Toupie en bois faite \u00e0 la main flotteur - Eperfa\"},{\"@type\":\"BreadcrumbList\",\"@id\":\"https:\\\/\\\/teiaeducation.ch\\\/fr\\\/produit\\\/toupie-en-bois-flotteur-eperfa\\\/#breadcrumb\",\"itemListElement\":[{\"@type\":\"ListItem\",\"position\":1,\"name\":\"Home\",\"item\":\"https:\\\/\\\/teiaeducation.ch\\\/fr\\\/\"},{\"@type\":\"ListItem\",\"position\":2,\"name\":\"Boutique Teia Education &amp; Play\",\"item\":\"https:\\\/\\\/teiaeducation.ch\\\/fr\\\/boutique\\\/\"},{\"@type\":\"ListItem\",\"position\":3,\"name\":\"Domaines du Curriculum\",\"item\":\"https:\\\/\\\/teiaeducation.ch\\\/fr\\\/categorie-produit\\\/domaines-du-curriculum\\\/\"},{\"@type\":\"ListItem\",\"position\":4,\"name\":\"Sensorielles &amp; Motrices\",\"item\":\"https:\\\/\\\/teiaeducation.ch\\\/fr\\\/categorie-produit\\\/domaines-du-curriculum\\\/sensorielles-motrices\\\/\"},{\"@type\":\"ListItem\",\"position\":5,\"name\":\"Comp\u00e9tences Motrices\",\"item\":\"https:\\\/\\\/teiaeducation.ch\\\/fr\\\/categorie-produit\\\/domaines-du-curriculum\\\/sensorielles-motrices\\\/competences-motrices\\\/\"},{\"@type\":\"ListItem\",\"position\":6,\"name\":\"Toupie flotteur &#8211; Eperfa\"}]},{\"@type\":\"WebSite\",\"@id\":\"https:\\\/\\\/teiaeducation.ch\\\/fr\\\/#website\",\"url\":\"https:\\\/\\\/teiaeducation.ch\\\/fr\\\/\",\"name\":\"Sustainable Educational Products &amp; Ecological Toys\u00a0\",\"description\":\"Specialised Swiss shop selling sustainable educational toys and games, AMI certified Montessori materials, handmade ecological wooden Waldorf toys and arts &amp; crafts supplies, school supplies, children&#039;s furniture and Montessori reference and parenting books.\",\"publisher\":{\"@id\":\"https:\\\/\\\/teiaeducation.ch\\\/fr\\\/#organization\"},\"alternateName\":\"Teia Education & Play\",\"potentialAction\":[{\"@type\":\"SearchAction\",\"target\":{\"@type\":\"EntryPoint\",\"urlTemplate\":\"https:\\\/\\\/teiaeducation.ch\\\/fr\\\/?s={search_term_string}\"},\"query-input\":{\"@type\":\"PropertyValueSpecification\",\"valueRequired\":true,\"valueName\":\"search_term_string\"}}],\"inLanguage\":\"fr-FR\"},{\"@type\":\"Organization\",\"@id\":\"https:\\\/\\\/teiaeducation.ch\\\/fr\\\/#organization\",\"name\":\"Teia Education & Play\",\"url\":\"https:\\\/\\\/teiaeducation.ch\\\/fr\\\/\",\"logo\":{\"@type\":\"ImageObject\",\"inLanguage\":\"fr-FR\",\"@id\":\"https:\\\/\\\/teiaeducation.ch\\\/fr\\\/#\\\/schema\\\/logo\\\/image\\\/\",\"url\":\"https:\\\/\\\/teiaeducation.ch\\\/wp-content\\\/uploads\\\/2020\\\/11\\\/Teia-Education-Switzerland-e1620156442216.jpg\",\"contentUrl\":\"https:\\\/\\\/teiaeducation.ch\\\/wp-content\\\/uploads\\\/2020\\\/11\\\/Teia-Education-Switzerland-e1620156442216.jpg\",\"width\":166,\"height\":145,\"caption\":\"Teia Education & Play\"},\"image\":{\"@id\":\"https:\\\/\\\/teiaeducation.ch\\\/fr\\\/#\\\/schema\\\/logo\\\/image\\\/\"},\"sameAs\":[\"https:\\\/\\\/www.facebook.com\\\/teiaeducation\\\/\",\"https:\\\/\\\/x.com\\\/EducationTeia\",\"https:\\\/\\\/www.instagram.com\\\/teia.education\\\/\",\"https:\\\/\\\/www.linkedin.com\\\/company\\\/35501660\",\"https:\\\/\\\/www.pinterest.ch\\\/TeiaEducation\\\/\"]}]}<\/script>\n<!-- \/ Yoast SEO plugin. -->","yoast_head_json":{"title":"Toupie flotteur - Eperfa - Teia Education & Play","description":"La toupie en bois flotteur d\u2019Eperfa, faite \u00e0 la main, est un jouet classique pour tous les \u00e2ges et offre une vari\u00e9t\u00e9 infinie de jeux libres.","robots":{"index":"index","follow":"follow","max-snippet":"max-snippet:-1","max-image-preview":"max-image-preview:large","max-video-preview":"max-video-preview:-1"},"canonical":"https:\/\/teiaeducation.ch\/fr\/produit\/toupie-en-bois-flotteur-eperfa\/","og_locale":"fr_FR","og_type":"article","og_title":"Toupie flotteur - Eperfa - Teia Education & Play","og_description":"La toupie en bois flotteur d\u2019Eperfa, faite \u00e0 la main, est un jouet classique pour tous les \u00e2ges et offre une vari\u00e9t\u00e9 infinie de jeux libres.","og_url":"https:\/\/teiaeducation.ch\/fr\/produit\/toupie-en-bois-flotteur-eperfa\/","og_site_name":"Sustainable Educational Products &amp; Ecological Toys\u00a0","article_publisher":"https:\/\/www.facebook.com\/teiaeducation\/","article_modified_time":"2022-11-03T11:33:53+00:00","og_image":[{"width":1150,"height":1150,"url":"https:\/\/teiaeducation.ch\/wp-content\/uploads\/2021\/11\/Handmade-wooden-spinning-top-float-Eperfa.webp","type":"image\/webp"}],"schema":{"@context":"https:\/\/schema.org","@graph":[{"@type":"WebPage","@id":"https:\/\/teiaeducation.ch\/fr\/produit\/toupie-en-bois-flotteur-eperfa\/","url":"https:\/\/teiaeducation.ch\/fr\/produit\/toupie-en-bois-flotteur-eperfa\/","name":"Toupie flotteur - Eperfa - Teia Education & Play","isPartOf":{"@id":"https:\/\/teiaeducation.ch\/fr\/#website"},"primaryImageOfPage":{"@id":"https:\/\/teiaeducation.ch\/fr\/produit\/toupie-en-bois-flotteur-eperfa\/#primaryimage"},"image":{"@id":"https:\/\/teiaeducation.ch\/fr\/produit\/toupie-en-bois-flotteur-eperfa\/#primaryimage"},"thumbnailUrl":"https:\/\/teiaeducation.ch\/wp-content\/uploads\/2021\/11\/Handmade-wooden-spinning-top-float-Eperfa.webp","datePublished":"2021-11-12T14:39:51+00:00","dateModified":"2022-11-03T11:33:53+00:00","description":"La toupie en bois flotteur d\u2019Eperfa, faite \u00e0 la main, est un jouet classique pour tous les \u00e2ges et offre une vari\u00e9t\u00e9 infinie de jeux libres.","breadcrumb":{"@id":"https:\/\/teiaeducation.ch\/fr\/produit\/toupie-en-bois-flotteur-eperfa\/#breadcrumb"},"inLanguage":"fr-FR","potentialAction":[{"@type":"ReadAction","target":["https:\/\/teiaeducation.ch\/fr\/produit\/toupie-en-bois-flotteur-eperfa\/"]}]},{"@type":"ImageObject","inLanguage":"fr-FR","@id":"https:\/\/teiaeducation.ch\/fr\/produit\/toupie-en-bois-flotteur-eperfa\/#primaryimage","url":"https:\/\/teiaeducation.ch\/wp-content\/uploads\/2021\/11\/Handmade-wooden-spinning-top-float-Eperfa.webp","contentUrl":"https:\/\/teiaeducation.ch\/wp-content\/uploads\/2021\/11\/Handmade-wooden-spinning-top-float-Eperfa.webp","width":1150,"height":1150,"caption":"Toupie en bois faite \u00e0 la main flotteur - Eperfa"},{"@type":"BreadcrumbList","@id":"https:\/\/teiaeducation.ch\/fr\/produit\/toupie-en-bois-flotteur-eperfa\/#breadcrumb","itemListElement":[{"@type":"ListItem","position":1,"name":"Home","item":"https:\/\/teiaeducation.ch\/fr\/"},{"@type":"ListItem","position":2,"name":"Boutique Teia Education &amp; Play","item":"https:\/\/teiaeducation.ch\/fr\/boutique\/"},{"@type":"ListItem","position":3,"name":"Domaines du Curriculum","item":"https:\/\/teiaeducation.ch\/fr\/categorie-produit\/domaines-du-curriculum\/"},{"@type":"ListItem","position":4,"name":"Sensorielles &amp; Motrices","item":"https:\/\/teiaeducation.ch\/fr\/categorie-produit\/domaines-du-curriculum\/sensorielles-motrices\/"},{"@type":"ListItem","position":5,"name":"Comp\u00e9tences Motrices","item":"https:\/\/teiaeducation.ch\/fr\/categorie-produit\/domaines-du-curriculum\/sensorielles-motrices\/competences-motrices\/"},{"@type":"ListItem","position":6,"name":"Toupie flotteur &#8211; Eperfa"}]},{"@type":"WebSite","@id":"https:\/\/teiaeducation.ch\/fr\/#website","url":"https:\/\/teiaeducation.ch\/fr\/","name":"Sustainable Educational Products &amp; Ecological Toys\u00a0","description":"Specialised Swiss shop selling sustainable educational toys and games, AMI certified Montessori materials, handmade ecological wooden Waldorf toys and arts &amp; crafts supplies, school supplies, children&#039;s furniture and Montessori reference and parenting books.","publisher":{"@id":"https:\/\/teiaeducation.ch\/fr\/#organization"},"alternateName":"Teia Education & Play","potentialAction":[{"@type":"SearchAction","target":{"@type":"EntryPoint","urlTemplate":"https:\/\/teiaeducation.ch\/fr\/?s={search_term_string}"},"query-input":{"@type":"PropertyValueSpecification","valueRequired":true,"valueName":"search_term_string"}}],"inLanguage":"fr-FR"},{"@type":"Organization","@id":"https:\/\/teiaeducation.ch\/fr\/#organization","name":"Teia Education & Play","url":"https:\/\/teiaeducation.ch\/fr\/","logo":{"@type":"ImageObject","inLanguage":"fr-FR","@id":"https:\/\/teiaeducation.ch\/fr\/#\/schema\/logo\/image\/","url":"https:\/\/teiaeducation.ch\/wp-content\/uploads\/2020\/11\/Teia-Education-Switzerland-e1620156442216.jpg","contentUrl":"https:\/\/teiaeducation.ch\/wp-content\/uploads\/2020\/11\/Teia-Education-Switzerland-e1620156442216.jpg","width":166,"height":145,"caption":"Teia Education & Play"},"image":{"@id":"https:\/\/teiaeducation.ch\/fr\/#\/schema\/logo\/image\/"},"sameAs":["https:\/\/www.facebook.com\/teiaeducation\/","https:\/\/x.com\/EducationTeia","https:\/\/www.instagram.com\/teia.education\/","https:\/\/www.linkedin.com\/company\/35501660","https:\/\/www.pinterest.ch\/TeiaEducation\/"]}]}},"_links":{"self":[{"href":"https:\/\/teiaeducation.ch\/fr\/wp-json\/wp\/v2\/product\/41172","targetHints":{"allow":["GET"]}}],"collection":[{"href":"https:\/\/teiaeducation.ch\/fr\/wp-json\/wp\/v2\/product"}],"about":[{"href":"https:\/\/teiaeducation.ch\/fr\/wp-json\/wp\/v2\/types\/product"}],"replies":[{"embeddable":true,"href":"https:\/\/teiaeducation.ch\/fr\/wp-json\/wp\/v2\/comments?post=41172"}],"wp:featuredmedia":[{"embeddable":true,"href":"https:\/\/teiaeducation.ch\/fr\/wp-json\/wp\/v2\/media\/41174"}],"wp:attachment":[{"href":"https:\/\/teiaeducation.ch\/fr\/wp-json\/wp\/v2\/media?parent=41172"}],"wp:term":[{"taxonomy":"product_brand","embeddable":true,"href":"https:\/\/teiaeducation.ch\/fr\/wp-json\/wp\/v2\/product_brand?post=41172"},{"taxonomy":"product_cat","embeddable":true,"href":"https:\/\/teiaeducation.ch\/fr\/wp-json\/wp\/v2\/product_cat?post=41172"},{"taxonomy":"product_tag","embeddable":true,"href":"https:\/\/teiaeducation.ch\/fr\/wp-json\/wp\/v2\/product_tag?post=41172"}],"curies":[{"name":"wp","href":"https:\/\/api.w.org\/{rel}","templated":true}]}}