{"id":41440,"date":"2021-11-01T13:00:57","date_gmt":"2021-11-01T12:00:57","guid":{"rendered":"https:\/\/teiaeducation.ch\/product\/puzzle-dessus-et-dessous-la-foret-educo\/"},"modified":"2024-08-19T09:26:59","modified_gmt":"2024-08-19T07:26:59","slug":"puzzle-dessus-dessous-la-foret-en-bois-educo","status":"publish","type":"product","link":"https:\/\/teiaeducation.ch\/fr\/produit\/puzzle-dessus-dessous-la-foret-en-bois-educo\/","title":{"rendered":"Puzzle dessus et dessous : la for\u00eat &#8211; Educo"},"content":{"rendered":"<p>Puzzle dessus et dessous dans la for\u00eat (35 pi\u00e8ces de puzzle en bois) &#8211; Educo<\/p>\n<p>Le puzzle dessus et dessous dans la for\u00eat de la gamme puzzle play d&#8217;Educo est un grand puzzle enti\u00e8rement fabriqu\u00e9 en bois Le puzzle fait partie d&#8217;une s\u00e9rie de puzzles autour du th\u00e8me des diff\u00e9rents animaux qui vivent au-dessus ou en dessous du sol et porte \u00e0 la vie animale dans la for\u00eat. .<\/p>\n<p>Ce grand puzzle \u00e0 th\u00e8me magnifiquement illustr\u00e9 mesure 40 centim\u00e8tres sur 28 et se compose de 35 pi\u00e8ces de puzzle en bois et un plateau en bois de h\u00eatre. La diversit\u00e9 de cette s\u00e9rie de puzzles permet d&#8217;\u00e9tudier la nature et de pr\u00e9senter la flore et la faune. Il facilite les discussions anim\u00e9es et permet de mieux comprendre comment et o\u00f9 vivent les animaux ainsi que la biodiversit\u00e9.<\/p>\n<p>Les puzzles Educo d\u00e9veloppent la cr\u00e9ativit\u00e9, l&#8217;imagination, ainsi que les comp\u00e9tences linguistiques et l&#8217;alphab\u00e9tisation. Comme tous les puzzles de la gamme de jeu de puzzle Educo, ce puzzle \u00e9ducatif en bois de haute qualit\u00e9 inspire la pens\u00e9e critique et les techniques de r\u00e9solution de probl\u00e8mes \u00e0 travers le jeu.<\/p>\n<p>La marque n\u00e9erlandaise Educo repr\u00e9sente un monde color\u00e9 d\u2019apprentissage ludique, de jeux \u00e9ducatifs stimulants et de jouets. De haute qualit\u00e9 et durables, les produits Educo tournent autour des situations quotidiennes et aident les enfants \u00e0 associer les jeux \u00e0 des sujets r\u00e9guliers, transformant le processus d\u2019apprentissage en une simulation de leur environnement naturel.<\/p>\n<p>Les produits \u00e9ducatifs actifs et pratiques d\u2019Educo sont principalement faits en bois, avec des mat\u00e9riaux durables tels que les encres et les peintures \u00e0 base d\u2019eau. Les jouets sont fabriqu\u00e9s pour supporter des ann\u00e9es d\u2019utilisation robuste, encourager l\u2019apprentissage bas\u00e9 sur le jeu et inspirer la croissance et le succ\u00e8s chez les enfants \u00e2g\u00e9s de 1 \u00e0 6 ans. Ils r\u00e9pondent aux exigences de diverses r\u00e9glementations europ\u00e9ennes et internationales en mati\u00e8re de s\u00e9curit\u00e9 des jouets et se conforment \u00e0 la directive 2009\/48\/CE sur la s\u00e9curit\u00e9 des jouets, y compris EN81 et ASTM.<\/p>\n<p>Ce puzzle convient aux enfants \u00e2g\u00e9s de 3 ans et plus.<\/p>\n<p>Contenu :<\/p>\n<p>1 plateau en bois (40 x 28cm)<br \/>\n35 pi\u00e8ces de puzzle en contreplaqu\u00e9 de bouleau de 4 mm d&#8217;\u00e9paisseur<\/p>\n<p><em><span class=\"tlid-translation translation\" lang=\"fr\"><span title=\"\">Nous n'avons actuellement pas cet article en stock, mais il est disponible en pr\u00e9-commande.<\/span> <span class=\"\" title=\"\">Nous commanderons cet article pour vous aupr\u00e8s de notre fournisseur.<\/span> <span class=\"\" title=\"\">Veuillez allouer de 2 \u00e0 3 semaines maximum pour la livraison.<\/span><\/span><\/em><\/p>\n\t<div id=\"gap-759263294\" class=\"gap-element clearfix\" style=\"display:block; height:auto;\">\n\t\t\n<style>\n#gap-759263294 {\n  padding-top: 20px;\n}\n<\/style>\n\t<\/div>\n\t\n","protected":false},"excerpt":{"rendered":"<p>Num\u00e9ro d&#8217;article: E523373<\/p>\n<p>Le puzzle dessus et dessous dans la for\u00eat de la gamme puzzle play d&#8217;Educo est un grand puzzle enti\u00e8rement fabriqu\u00e9 en bois.<\/p>\n","protected":false},"featured_media":18997,"comment_status":"closed","ping_status":"closed","template":"","meta":[],"product_brand":[],"product_cat":[215,16898,284,283,224,592,22355,13130,1220,7595,217,5851,13148,212],"product_tag":[4296,4298,4297],"class_list":{"0":"post-41440","1":"product","2":"type-product","3":"status-publish","4":"has-post-thumbnail","6":"product_cat-3-6-ans","7":"product_cat-collection-automne","8":"product_cat-culture-sciences","9":"product_cat-domaines-du-curriculum","10":"product_cat-educo-fr","11":"product_cat-geographie-animale","12":"product_cat-jeu-de-puzzle","13":"product_cat-jouer","14":"product_cat-traditionnelle","15":"product_cat-methode-deducation","16":"product_cat-marques","17":"product_cat-nouveautes","18":"product_cat-puzzles-en-bois","19":"product_cat-tranche-dage","20":"product_tag-jeu-de-puzzle","21":"product_tag-jouer-et-resoudre","22":"product_tag-puzzles-a-formes","24":"first","25":"onbackorder","26":"taxable","27":"shipping-taxable","28":"purchasable","29":"product-type-simple"},"yoast_head":"<!-- This site is optimized with the Yoast SEO plugin v27.1.1 - https:\/\/yoast.com\/product\/yoast-seo-wordpress\/ -->\n<title>Puzzle dessus et dessous : la for\u00eat - Educo - Teia Education &amp; Play<\/title>\n<meta name=\"description\" content=\"Le puzzle dessus et dessous dans la for\u00eat de la gamme puzzle play d&#039;Educo est un grand puzzle enti\u00e8rement fabriqu\u00e9 en bois.\" \/>\n<meta name=\"robots\" content=\"index, follow, max-snippet:-1, max-image-preview:large, max-video-preview:-1\" \/>\n<link rel=\"canonical\" href=\"https:\/\/teiaeducation.ch\/fr\/produit\/puzzle-dessus-dessous-la-foret-en-bois-educo\/\" \/>\n<meta property=\"og:locale\" content=\"fr_FR\" \/>\n<meta property=\"og:type\" content=\"article\" \/>\n<meta property=\"og:title\" content=\"Puzzle dessus et dessous : la for\u00eat - Educo - Teia Education &amp; Play\" \/>\n<meta property=\"og:description\" content=\"Le puzzle dessus et dessous dans la for\u00eat de la gamme puzzle play d&#039;Educo est un grand puzzle enti\u00e8rement fabriqu\u00e9 en bois.\" \/>\n<meta property=\"og:url\" content=\"https:\/\/teiaeducation.ch\/fr\/produit\/puzzle-dessus-dessous-la-foret-en-bois-educo\/\" \/>\n<meta property=\"og:site_name\" content=\"Sustainable Educational Products &amp; Ecological Toys\u00a0\" \/>\n<meta property=\"article:publisher\" content=\"https:\/\/www.facebook.com\/teiaeducation\/\" \/>\n<meta property=\"article:modified_time\" content=\"2024-08-19T07:26:59+00:00\" \/>\n<meta property=\"og:image\" content=\"https:\/\/teiaeducation.ch\/wp-content\/uploads\/2019\/05\/Above-and-beneath-puzzle-into-the-woods-35-Educo.jpg\" \/>\n\t<meta property=\"og:image:width\" content=\"900\" \/>\n\t<meta property=\"og:image:height\" content=\"900\" \/>\n\t<meta property=\"og:image:type\" content=\"image\/jpeg\" \/>\n<script type=\"application\/ld+json\" class=\"yoast-schema-graph\">{\"@context\":\"https:\/\/schema.org\",\"@graph\":[{\"@type\":\"WebPage\",\"@id\":\"https:\/\/teiaeducation.ch\/fr\/produit\/puzzle-dessus-dessous-la-foret-en-bois-educo\/\",\"url\":\"https:\/\/teiaeducation.ch\/fr\/produit\/puzzle-dessus-dessous-la-foret-en-bois-educo\/\",\"name\":\"Puzzle dessus et dessous : la for\u00eat - Educo - Teia Education & Play\",\"isPartOf\":{\"@id\":\"https:\/\/teiaeducation.ch\/fr\/#website\"},\"primaryImageOfPage\":{\"@id\":\"https:\/\/teiaeducation.ch\/fr\/produit\/puzzle-dessus-dessous-la-foret-en-bois-educo\/#primaryimage\"},\"image\":{\"@id\":\"https:\/\/teiaeducation.ch\/fr\/produit\/puzzle-dessus-dessous-la-foret-en-bois-educo\/#primaryimage\"},\"thumbnailUrl\":\"https:\/\/teiaeducation.ch\/wp-content\/uploads\/2019\/05\/Above-and-beneath-puzzle-into-the-woods-35-Educo.jpg\",\"datePublished\":\"2021-11-01T12:00:57+00:00\",\"dateModified\":\"2024-08-19T07:26:59+00:00\",\"description\":\"Le puzzle dessus et dessous dans la for\u00eat de la gamme puzzle play d'Educo est un grand puzzle enti\u00e8rement fabriqu\u00e9 en bois.\",\"breadcrumb\":{\"@id\":\"https:\/\/teiaeducation.ch\/fr\/produit\/puzzle-dessus-dessous-la-foret-en-bois-educo\/#breadcrumb\"},\"inLanguage\":\"fr-FR\",\"potentialAction\":[{\"@type\":\"ReadAction\",\"target\":[\"https:\/\/teiaeducation.ch\/fr\/produit\/puzzle-dessus-dessous-la-foret-en-bois-educo\/\"]}]},{\"@type\":\"ImageObject\",\"inLanguage\":\"fr-FR\",\"@id\":\"https:\/\/teiaeducation.ch\/fr\/produit\/puzzle-dessus-dessous-la-foret-en-bois-educo\/#primaryimage\",\"url\":\"https:\/\/teiaeducation.ch\/wp-content\/uploads\/2019\/05\/Above-and-beneath-puzzle-into-the-woods-35-Educo.jpg\",\"contentUrl\":\"https:\/\/teiaeducation.ch\/wp-content\/uploads\/2019\/05\/Above-and-beneath-puzzle-into-the-woods-35-Educo.jpg\",\"width\":900,\"height\":900,\"caption\":\"Puzzle dessus et dessous dans la for\u00eat (35 pi\u00e8ces de puzzle en bois) - Educo\"},{\"@type\":\"BreadcrumbList\",\"@id\":\"https:\/\/teiaeducation.ch\/fr\/produit\/puzzle-dessus-dessous-la-foret-en-bois-educo\/#breadcrumb\",\"itemListElement\":[{\"@type\":\"ListItem\",\"position\":1,\"name\":\"Home\",\"item\":\"https:\/\/teiaeducation.ch\/fr\/\"},{\"@type\":\"ListItem\",\"position\":2,\"name\":\"Boutique Teia Education &amp; Play\",\"item\":\"https:\/\/teiaeducation.ch\/fr\/boutique\/\"},{\"@type\":\"ListItem\",\"position\":3,\"name\":\"Domaines du Curriculum\",\"item\":\"https:\/\/teiaeducation.ch\/fr\/categorie-produit\/domaines-du-curriculum\/\"},{\"@type\":\"ListItem\",\"position\":4,\"name\":\"Culture &amp; Sciences\",\"item\":\"https:\/\/teiaeducation.ch\/fr\/categorie-produit\/domaines-du-curriculum\/culture-sciences\/\"},{\"@type\":\"ListItem\",\"position\":5,\"name\":\"G\u00e9ographie Animale\",\"item\":\"https:\/\/teiaeducation.ch\/fr\/categorie-produit\/domaines-du-curriculum\/culture-sciences\/geographie-animale\/\"},{\"@type\":\"ListItem\",\"position\":6,\"name\":\"Puzzle dessus et dessous : la for\u00eat &#8211; Educo\"}]},{\"@type\":\"WebSite\",\"@id\":\"https:\/\/teiaeducation.ch\/fr\/#website\",\"url\":\"https:\/\/teiaeducation.ch\/fr\/\",\"name\":\"Sustainable Educational Products &amp; Ecological Toys\u00a0\",\"description\":\"Specialised Swiss shop selling sustainable educational toys and games, AMI certified Montessori materials, handmade ecological wooden Waldorf toys and arts &amp; crafts supplies, school supplies, children&#039;s furniture and Montessori reference and parenting books.\",\"publisher\":{\"@id\":\"https:\/\/teiaeducation.ch\/fr\/#organization\"},\"alternateName\":\"Teia Education & Play\",\"potentialAction\":[{\"@type\":\"SearchAction\",\"target\":{\"@type\":\"EntryPoint\",\"urlTemplate\":\"https:\/\/teiaeducation.ch\/fr\/?s={search_term_string}\"},\"query-input\":{\"@type\":\"PropertyValueSpecification\",\"valueRequired\":true,\"valueName\":\"search_term_string\"}}],\"inLanguage\":\"fr-FR\"},{\"@type\":\"Organization\",\"@id\":\"https:\/\/teiaeducation.ch\/fr\/#organization\",\"name\":\"Teia Education & Play\",\"url\":\"https:\/\/teiaeducation.ch\/fr\/\",\"logo\":{\"@type\":\"ImageObject\",\"inLanguage\":\"fr-FR\",\"@id\":\"https:\/\/teiaeducation.ch\/fr\/#\/schema\/logo\/image\/\",\"url\":\"https:\/\/teiaeducation.ch\/wp-content\/uploads\/2020\/11\/Teia-Education-Switzerland-e1620156442216.jpg\",\"contentUrl\":\"https:\/\/teiaeducation.ch\/wp-content\/uploads\/2020\/11\/Teia-Education-Switzerland-e1620156442216.jpg\",\"width\":166,\"height\":145,\"caption\":\"Teia Education & Play\"},\"image\":{\"@id\":\"https:\/\/teiaeducation.ch\/fr\/#\/schema\/logo\/image\/\"},\"sameAs\":[\"https:\/\/www.facebook.com\/teiaeducation\/\",\"https:\/\/x.com\/EducationTeia\",\"https:\/\/www.instagram.com\/teia.education\/\",\"https:\/\/www.linkedin.com\/company\/35501660\",\"https:\/\/www.pinterest.ch\/TeiaEducation\/\"]}]}<\/script>\n<!-- \/ Yoast SEO plugin. -->","yoast_head_json":{"title":"Puzzle dessus et dessous : la for\u00eat - Educo - Teia Education & Play","description":"Le puzzle dessus et dessous dans la for\u00eat de la gamme puzzle play d'Educo est un grand puzzle enti\u00e8rement fabriqu\u00e9 en bois.","robots":{"index":"index","follow":"follow","max-snippet":"max-snippet:-1","max-image-preview":"max-image-preview:large","max-video-preview":"max-video-preview:-1"},"canonical":"https:\/\/teiaeducation.ch\/fr\/produit\/puzzle-dessus-dessous-la-foret-en-bois-educo\/","og_locale":"fr_FR","og_type":"article","og_title":"Puzzle dessus et dessous : la for\u00eat - Educo - Teia Education & Play","og_description":"Le puzzle dessus et dessous dans la for\u00eat de la gamme puzzle play d'Educo est un grand puzzle enti\u00e8rement fabriqu\u00e9 en bois.","og_url":"https:\/\/teiaeducation.ch\/fr\/produit\/puzzle-dessus-dessous-la-foret-en-bois-educo\/","og_site_name":"Sustainable Educational Products &amp; Ecological Toys\u00a0","article_publisher":"https:\/\/www.facebook.com\/teiaeducation\/","article_modified_time":"2024-08-19T07:26:59+00:00","og_image":[{"width":900,"height":900,"url":"https:\/\/teiaeducation.ch\/wp-content\/uploads\/2019\/05\/Above-and-beneath-puzzle-into-the-woods-35-Educo.jpg","type":"image\/jpeg"}],"schema":{"@context":"https:\/\/schema.org","@graph":[{"@type":"WebPage","@id":"https:\/\/teiaeducation.ch\/fr\/produit\/puzzle-dessus-dessous-la-foret-en-bois-educo\/","url":"https:\/\/teiaeducation.ch\/fr\/produit\/puzzle-dessus-dessous-la-foret-en-bois-educo\/","name":"Puzzle dessus et dessous : la for\u00eat - Educo - Teia Education & Play","isPartOf":{"@id":"https:\/\/teiaeducation.ch\/fr\/#website"},"primaryImageOfPage":{"@id":"https:\/\/teiaeducation.ch\/fr\/produit\/puzzle-dessus-dessous-la-foret-en-bois-educo\/#primaryimage"},"image":{"@id":"https:\/\/teiaeducation.ch\/fr\/produit\/puzzle-dessus-dessous-la-foret-en-bois-educo\/#primaryimage"},"thumbnailUrl":"https:\/\/teiaeducation.ch\/wp-content\/uploads\/2019\/05\/Above-and-beneath-puzzle-into-the-woods-35-Educo.jpg","datePublished":"2021-11-01T12:00:57+00:00","dateModified":"2024-08-19T07:26:59+00:00","description":"Le puzzle dessus et dessous dans la for\u00eat de la gamme puzzle play d'Educo est un grand puzzle enti\u00e8rement fabriqu\u00e9 en bois.","breadcrumb":{"@id":"https:\/\/teiaeducation.ch\/fr\/produit\/puzzle-dessus-dessous-la-foret-en-bois-educo\/#breadcrumb"},"inLanguage":"fr-FR","potentialAction":[{"@type":"ReadAction","target":["https:\/\/teiaeducation.ch\/fr\/produit\/puzzle-dessus-dessous-la-foret-en-bois-educo\/"]}]},{"@type":"ImageObject","inLanguage":"fr-FR","@id":"https:\/\/teiaeducation.ch\/fr\/produit\/puzzle-dessus-dessous-la-foret-en-bois-educo\/#primaryimage","url":"https:\/\/teiaeducation.ch\/wp-content\/uploads\/2019\/05\/Above-and-beneath-puzzle-into-the-woods-35-Educo.jpg","contentUrl":"https:\/\/teiaeducation.ch\/wp-content\/uploads\/2019\/05\/Above-and-beneath-puzzle-into-the-woods-35-Educo.jpg","width":900,"height":900,"caption":"Puzzle dessus et dessous dans la for\u00eat (35 pi\u00e8ces de puzzle en bois) - Educo"},{"@type":"BreadcrumbList","@id":"https:\/\/teiaeducation.ch\/fr\/produit\/puzzle-dessus-dessous-la-foret-en-bois-educo\/#breadcrumb","itemListElement":[{"@type":"ListItem","position":1,"name":"Home","item":"https:\/\/teiaeducation.ch\/fr\/"},{"@type":"ListItem","position":2,"name":"Boutique Teia Education &amp; Play","item":"https:\/\/teiaeducation.ch\/fr\/boutique\/"},{"@type":"ListItem","position":3,"name":"Domaines du Curriculum","item":"https:\/\/teiaeducation.ch\/fr\/categorie-produit\/domaines-du-curriculum\/"},{"@type":"ListItem","position":4,"name":"Culture &amp; Sciences","item":"https:\/\/teiaeducation.ch\/fr\/categorie-produit\/domaines-du-curriculum\/culture-sciences\/"},{"@type":"ListItem","position":5,"name":"G\u00e9ographie Animale","item":"https:\/\/teiaeducation.ch\/fr\/categorie-produit\/domaines-du-curriculum\/culture-sciences\/geographie-animale\/"},{"@type":"ListItem","position":6,"name":"Puzzle dessus et dessous : la for\u00eat &#8211; Educo"}]},{"@type":"WebSite","@id":"https:\/\/teiaeducation.ch\/fr\/#website","url":"https:\/\/teiaeducation.ch\/fr\/","name":"Sustainable Educational Products &amp; Ecological Toys\u00a0","description":"Specialised Swiss shop selling sustainable educational toys and games, AMI certified Montessori materials, handmade ecological wooden Waldorf toys and arts &amp; crafts supplies, school supplies, children&#039;s furniture and Montessori reference and parenting books.","publisher":{"@id":"https:\/\/teiaeducation.ch\/fr\/#organization"},"alternateName":"Teia Education & Play","potentialAction":[{"@type":"SearchAction","target":{"@type":"EntryPoint","urlTemplate":"https:\/\/teiaeducation.ch\/fr\/?s={search_term_string}"},"query-input":{"@type":"PropertyValueSpecification","valueRequired":true,"valueName":"search_term_string"}}],"inLanguage":"fr-FR"},{"@type":"Organization","@id":"https:\/\/teiaeducation.ch\/fr\/#organization","name":"Teia Education & Play","url":"https:\/\/teiaeducation.ch\/fr\/","logo":{"@type":"ImageObject","inLanguage":"fr-FR","@id":"https:\/\/teiaeducation.ch\/fr\/#\/schema\/logo\/image\/","url":"https:\/\/teiaeducation.ch\/wp-content\/uploads\/2020\/11\/Teia-Education-Switzerland-e1620156442216.jpg","contentUrl":"https:\/\/teiaeducation.ch\/wp-content\/uploads\/2020\/11\/Teia-Education-Switzerland-e1620156442216.jpg","width":166,"height":145,"caption":"Teia Education & Play"},"image":{"@id":"https:\/\/teiaeducation.ch\/fr\/#\/schema\/logo\/image\/"},"sameAs":["https:\/\/www.facebook.com\/teiaeducation\/","https:\/\/x.com\/EducationTeia","https:\/\/www.instagram.com\/teia.education\/","https:\/\/www.linkedin.com\/company\/35501660","https:\/\/www.pinterest.ch\/TeiaEducation\/"]}]}},"_links":{"self":[{"href":"https:\/\/teiaeducation.ch\/fr\/wp-json\/wp\/v2\/product\/41440","targetHints":{"allow":["GET"]}}],"collection":[{"href":"https:\/\/teiaeducation.ch\/fr\/wp-json\/wp\/v2\/product"}],"about":[{"href":"https:\/\/teiaeducation.ch\/fr\/wp-json\/wp\/v2\/types\/product"}],"replies":[{"embeddable":true,"href":"https:\/\/teiaeducation.ch\/fr\/wp-json\/wp\/v2\/comments?post=41440"}],"wp:featuredmedia":[{"embeddable":true,"href":"https:\/\/teiaeducation.ch\/fr\/wp-json\/wp\/v2\/media\/18997"}],"wp:attachment":[{"href":"https:\/\/teiaeducation.ch\/fr\/wp-json\/wp\/v2\/media?parent=41440"}],"wp:term":[{"taxonomy":"product_brand","embeddable":true,"href":"https:\/\/teiaeducation.ch\/fr\/wp-json\/wp\/v2\/product_brand?post=41440"},{"taxonomy":"product_cat","embeddable":true,"href":"https:\/\/teiaeducation.ch\/fr\/wp-json\/wp\/v2\/product_cat?post=41440"},{"taxonomy":"product_tag","embeddable":true,"href":"https:\/\/teiaeducation.ch\/fr\/wp-json\/wp\/v2\/product_tag?post=41440"}],"curies":[{"name":"wp","href":"https:\/\/api.w.org\/{rel}","templated":true}]}}