{"id":42729,"date":"2024-08-30T14:00:50","date_gmt":"2024-08-30T12:00:50","guid":{"rendered":"https:\/\/teiaeducation.ch\/?post_type=product&#038;p=42729"},"modified":"2025-05-01T14:39:29","modified_gmt":"2025-05-01T12:39:29","slug":"bougies-en-cire-abeille-20-grimms","status":"publish","type":"product","link":"https:\/\/teiaeducation.ch\/fr\/produit\/bougies-en-cire-abeille-20-grimms\/","title":{"rendered":"Bougies 100% cire d&#8217;abeille Amber (20) &#8211; Grimm&#8217;s"},"content":{"rendered":"<p>Bougies d&#8217;anniversaire de couleur ambre fabriqu\u00e9es \u00e0 partir de 100% de cire d&#8217;abeille \/ Accessoires pour les f\u00eates et les anniversaires Waldorf &#8211; Grimm&#8217;s<\/p>\n<p>Cet ensemble de haute qualit\u00e9 de 20 bougies de couleur ambre de notre collection de <a href=\"https:\/\/teiaeducation.ch\/fr\/categorie-produit\/celebrations-fr\/\">c\u00e9l\u00e9brations<\/a>\u00a0est fait \u00e0 la main et en Allemagne \u00e0 partir de 100% de cire d&#8217;abeille pure &#8211; chaque bougie mesure 10cm de haut. Les bougies sont parfaites pour transformer votre anneau d&#8217;anniversaire, votre anneau de l&#8217;Avent de No\u00ebl ou votre anneau des f\u00eates de Waldorf en un bougeoir. La bougie s&#8217;adapte \u00e0 n&#8217;importe quel anneau de c\u00e9l\u00e9bration, spirale d&#8217;anniversaire et spirale de l&#8217;Avent de Grimm&#8217;s Spiel und Holz &#8211; et est garantie de devenir une partie du rituel annuel de votre enfant. Les bougies ont \u00e9t\u00e9 con\u00e7ues pour s&#8217;adapter \u00e0 notre <a href=\"https:\/\/teiaeducation.ch\/fr\/produit\/support-de-bougie-en-laiton-gluckskafer\/\">support de bougie<\/a>, ce qui garantit que la bougie br\u00fble en toute s\u00e9curit\u00e9.<\/p>\n<p>Vendu individuellement. Veuillez noter que les bougies ne tiennent pas dans les diff\u00e9rents anneaux et spirales sans l\u2019insert.<\/p>\n<p>Id\u00e9aux pour la maison, la cr\u00e8che, Waldorf ou l\u2019\u00e9cole Steiner, les magnifiques jouets en bois naturel de Grimm&#8217;s sont fabriqu\u00e9s selon la philosophie Waldorf qui est bien connue pour encourager les enfants \u00e0 d\u00e9couvrir le jeu cr\u00e9atif de fa\u00e7on ind\u00e9pendante, sans limitations \u00e0 un rythme sans h\u00e2te. Les jouets en bois de Grimm&#8217;s sont color\u00e9s \u00e0 la main avec des peintures \u00e0 base d\u2019eau non toxiques et ne sont pas finis avec de la laque pour assurer les caract\u00e9ristiques originales du bois et pour qu&#8217;on puisse voir le grain \u00e0 travers. La surface des morceaux de bois europ\u00e9ens certifi\u00e9s FSC est laiss\u00e9e l\u00e9g\u00e8rement rugueuse, ce qui les rend plus facilement empilables et moins glissants.<\/p>\n<p>Les jouets en bois de Grimm&#8217;s sont fabriqu\u00e9s dans les installations de Grimm&#8217;s en Allemagne ainsi que dans plusieurs ateliers \u00e0 travers l\u2019Europe \u00e0 partir de diff\u00e9rents types de bois tels que l\u2019aulne, la chaux, le h\u00eatre et l\u2019\u00e9rable. Tout le bois utilis\u00e9 pour fabriquer les jouets de Grimm&#8217;s provient de for\u00eats europ\u00e9ennes g\u00e9r\u00e9es de mani\u00e8re durable.<\/p>\n<p>Veuillez noter que les jouets de Grimm&#8217;s sont toujours uniques, et portent des marques uniques faites par la nature. Le grain de bois a des structures et des couleurs changeantes qui servent de preuve de ses origines naturelles. Les variations uniques, les marques, les noeuds, les motifs, les rayures noires ou les taches sombres qui peuvent \u00eatre visibles dans le bois d\u2019un jouet de Grimm&#8217;s sont une preuve de qualit\u00e9, et non des d\u00e9fauts.<\/p>\n<p>Les bougies en cire d&#8217;abeille de Grimm&#8217;s sont fabriqu\u00e9es en Allemagne.<\/p>\n<p>Avertissement! Il s\u2019agit d\u2019un \u00e9l\u00e9ment d\u00e9coratif et ce n\u2019est pas adapt\u00e9 pour jouer. Les bougies peuvent br\u00fbler le support en bois utilis\u00e9 en conjonction comme l\u2019anneau de c\u00e9l\u00e9bration si elles sont laiss\u00e9es sans surveillance. Veuillez toujours faire preuve de prudence lors de la combustion des bougies.<\/p>\n<p>Pour plus de s\u00e9curit\u00e9 si vous utilisez des bougies, veuillez utiliser des bougeoirs et vous assurer qu\u2019il n\u2019y a pas de papier ni de figure d\u00e9corative pr\u00e8s des flammes. Ce produit convient aux enfants de 14 ans et plus.<\/p>\n<p>Contenu :<\/p>\n<p>20 bougies en 100% cire d&#8217;abeille<\/p>\n","protected":false},"excerpt":{"rendered":"<p>Num\u00e9ro d&#8217;article: gri05100<\/p>\n<p>Les bougies de couleur ambre de haute qualit\u00e9, faites \u00e0 la main par Grimm&#8217;s \u00e0 partir de cire d&#8217;abeille 100% pure, transforment les anneaux d&#8217;anniversaire et de l&#8217;Avent en chandelier.<\/p>\n","protected":false},"featured_media":62460,"comment_status":"open","ping_status":"closed","template":"","meta":[],"product_brand":[],"product_cat":[22346,24874,16898,17225,22343,17212,23021,7595,217,5851,22350,22348,212,1219],"product_tag":[18410,18409,18413,18414,18406,22193,18404,18408,18411,8625,22189,17332,17334,22194,17335,18407,17336,22192,22190,18412],"class_list":{"0":"post-42729","1":"product","2":"type-product","3":"status-publish","4":"has-post-thumbnail","6":"product_cat-anniversaires","7":"product_cat-celebrations-rituels-familiaux","8":"product_cat-collection-automne","9":"product_cat-celebrations-fr","10":"product_cat-collection-hiver","11":"product_cat-grimms-fr","12":"product_cat-jouets-waldorf","13":"product_cat-methode-deducation","14":"product_cat-marques","15":"product_cat-nouveautes","16":"product_cat-rituels-avent","17":"product_cat-natur-saisonale-tische","18":"product_cat-tranche-dage","19":"product_cat-waldorf-fr","20":"product_tag-anneau-danniversaire","21":"product_tag-anneau-danniversaire-de-grimm","22":"product_tag-anneau-danniversaire-waldorf","23":"product_tag-anneau-de-celebration-de-waldorf","24":"product_tag-anneaux-de-celebration","25":"product_tag-bougies-de-couleur-ambre-de-grimms-fabriquees-a-partir-de-cire-dabeille-a-100","26":"product_tag-decorations-danniversaire-en-bois","27":"product_tag-decorations-danniversaire-en-bois-de-grimm","28":"product_tag-decorations-pour-support-de-bougie","29":"product_tag-fabrique-en-allemagne","30":"product_tag-grande-anneau-danniversaire-en-bois-naturel-grimms","31":"product_tag-grimm-suisse","32":"product_tag-grimm-suisse-fr","33":"product_tag-grimms-bougies-en-cire-dabeille","34":"product_tag-grimme-suisse","35":"product_tag-les-figures-decoratives-de-grimm","36":"product_tag-magasin-de-jouets-en-bois-grimm","37":"product_tag-spirale-coloree-danniversaire-et-de-lavent-grimms","38":"product_tag-spirale-danniversaire-et-de-lavent-en-bois-naturel-grimms","39":"product_tag-support-de-bougies-danniversaire-en-bois","41":"first","42":"outofstock","43":"taxable","44":"shipping-taxable","45":"purchasable","46":"product-type-simple"},"yoast_head":"<!-- This site is optimized with the Yoast SEO Premium plugin v25.8 (Yoast SEO v27.4) - https:\/\/yoast.com\/product\/yoast-seo-premium-wordpress\/ -->\n<title>Bougies 100% cire d&#039;abeille Amber (20) - Grimm&#039;s - Teia Education &amp; Play<\/title>\n<meta name=\"description\" content=\"Les bougies de couleur ambre Grimm&#039;s \u00e0 partir de cire d&#039;abeille 100% pure, transforment les anneaux d&#039;anniversaire et de l&#039;Avent en chandelier.\" \/>\n<meta name=\"robots\" content=\"index, follow, max-snippet:-1, max-image-preview:large, max-video-preview:-1\" \/>\n<link rel=\"canonical\" href=\"https:\/\/teiaeducation.ch\/fr\/produit\/bougies-en-cire-abeille-20-grimms\/\" \/>\n<meta property=\"og:locale\" content=\"fr_FR\" \/>\n<meta property=\"og:type\" content=\"article\" \/>\n<meta property=\"og:title\" content=\"Bougies 100% cire d&#039;abeille Amber (20) - Grimm&#039;s\" \/>\n<meta property=\"og:description\" content=\"Les bougies de couleur ambre Grimm&#039;s \u00e0 partir de cire d&#039;abeille 100% pure, transforment les anneaux d&#039;anniversaire et de l&#039;Avent en chandelier.\" \/>\n<meta property=\"og:url\" content=\"https:\/\/teiaeducation.ch\/fr\/produit\/bougies-en-cire-abeille-20-grimms\/\" \/>\n<meta property=\"og:site_name\" content=\"Sustainable Educational Products &amp; Ecological Toys\u00a0\" \/>\n<meta property=\"article:publisher\" content=\"https:\/\/www.facebook.com\/teiaeducation\/\" \/>\n<meta property=\"article:modified_time\" content=\"2025-05-01T12:39:29+00:00\" \/>\n<meta property=\"og:image\" content=\"https:\/\/teiaeducation.ch\/wp-content\/uploads\/2021\/12\/Amber-coloured-candles-made-form-100-beeswax-Waldorf-celebrations-ring-accessory-Grimms-.jpg\" \/>\n\t<meta property=\"og:image:width\" content=\"1800\" \/>\n\t<meta property=\"og:image:height\" content=\"1800\" \/>\n\t<meta property=\"og:image:type\" content=\"image\/jpeg\" \/>\n<script type=\"application\/ld+json\" class=\"yoast-schema-graph\">{\"@context\":\"https:\\\/\\\/schema.org\",\"@graph\":[{\"@type\":\"WebPage\",\"@id\":\"https:\\\/\\\/teiaeducation.ch\\\/fr\\\/produit\\\/bougies-en-cire-abeille-20-grimms\\\/\",\"url\":\"https:\\\/\\\/teiaeducation.ch\\\/fr\\\/produit\\\/bougies-en-cire-abeille-20-grimms\\\/\",\"name\":\"Bougies 100% cire d'abeille Amber (20) - Grimm's - Teia Education & Play\",\"isPartOf\":{\"@id\":\"https:\\\/\\\/teiaeducation.ch\\\/fr\\\/#website\"},\"primaryImageOfPage\":{\"@id\":\"https:\\\/\\\/teiaeducation.ch\\\/fr\\\/produit\\\/bougies-en-cire-abeille-20-grimms\\\/#primaryimage\"},\"image\":{\"@id\":\"https:\\\/\\\/teiaeducation.ch\\\/fr\\\/produit\\\/bougies-en-cire-abeille-20-grimms\\\/#primaryimage\"},\"thumbnailUrl\":\"https:\\\/\\\/teiaeducation.ch\\\/wp-content\\\/uploads\\\/2021\\\/12\\\/Amber-coloured-candles-made-form-100-beeswax-Waldorf-celebrations-ring-accessory-Grimms-.jpg\",\"datePublished\":\"2024-08-30T12:00:50+00:00\",\"dateModified\":\"2025-05-01T12:39:29+00:00\",\"description\":\"Les bougies de couleur ambre Grimm's \u00e0 partir de cire d'abeille 100% pure, transforment les anneaux d'anniversaire et de l'Avent en chandelier.\",\"breadcrumb\":{\"@id\":\"https:\\\/\\\/teiaeducation.ch\\\/fr\\\/produit\\\/bougies-en-cire-abeille-20-grimms\\\/#breadcrumb\"},\"inLanguage\":\"fr-FR\",\"potentialAction\":[{\"@type\":\"ReadAction\",\"target\":[\"https:\\\/\\\/teiaeducation.ch\\\/fr\\\/produit\\\/bougies-en-cire-abeille-20-grimms\\\/\"]}]},{\"@type\":\"ImageObject\",\"inLanguage\":\"fr-FR\",\"@id\":\"https:\\\/\\\/teiaeducation.ch\\\/fr\\\/produit\\\/bougies-en-cire-abeille-20-grimms\\\/#primaryimage\",\"url\":\"https:\\\/\\\/teiaeducation.ch\\\/wp-content\\\/uploads\\\/2021\\\/12\\\/Amber-coloured-candles-made-form-100-beeswax-Waldorf-celebrations-ring-accessory-Grimms-.jpg\",\"contentUrl\":\"https:\\\/\\\/teiaeducation.ch\\\/wp-content\\\/uploads\\\/2021\\\/12\\\/Amber-coloured-candles-made-form-100-beeswax-Waldorf-celebrations-ring-accessory-Grimms-.jpg\",\"width\":1800,\"height\":1800,\"caption\":\"Amber coloured candles made form 100% beeswax \\\/ Waldorf celebrations ring accessory\u00a0Grimm's\"},{\"@type\":\"BreadcrumbList\",\"@id\":\"https:\\\/\\\/teiaeducation.ch\\\/fr\\\/produit\\\/bougies-en-cire-abeille-20-grimms\\\/#breadcrumb\",\"itemListElement\":[{\"@type\":\"ListItem\",\"position\":1,\"name\":\"Home\",\"item\":\"https:\\\/\\\/teiaeducation.ch\\\/fr\\\/\"},{\"@type\":\"ListItem\",\"position\":2,\"name\":\"Boutique Teia Education &amp; Play\",\"item\":\"https:\\\/\\\/teiaeducation.ch\\\/fr\\\/boutique\\\/\"},{\"@type\":\"ListItem\",\"position\":3,\"name\":\"Nos Marques\",\"item\":\"https:\\\/\\\/teiaeducation.ch\\\/fr\\\/categorie-produit\\\/marques\\\/\"},{\"@type\":\"ListItem\",\"position\":4,\"name\":\"Grimm's\",\"item\":\"https:\\\/\\\/teiaeducation.ch\\\/fr\\\/categorie-produit\\\/marques\\\/grimms-fr\\\/\"},{\"@type\":\"ListItem\",\"position\":5,\"name\":\"C\u00e9l\u00e9brations &amp; Rituels Familiaux\",\"item\":\"https:\\\/\\\/teiaeducation.ch\\\/fr\\\/categorie-produit\\\/marques\\\/grimms-fr\\\/celebrations-rituels-familiaux\\\/\"},{\"@type\":\"ListItem\",\"position\":6,\"name\":\"Bougies 100% cire d&#8217;abeille Amber (20) &#8211; Grimm&#8217;s\"}]},{\"@type\":\"WebSite\",\"@id\":\"https:\\\/\\\/teiaeducation.ch\\\/fr\\\/#website\",\"url\":\"https:\\\/\\\/teiaeducation.ch\\\/fr\\\/\",\"name\":\"Sustainable Educational Products &amp; Ecological Toys\u00a0\",\"description\":\"Specialised Swiss shop selling sustainable educational toys and games, AMI certified Montessori materials, handmade ecological wooden Waldorf toys and arts &amp; crafts supplies, school supplies, children&#039;s furniture and Montessori reference and parenting books.\",\"publisher\":{\"@id\":\"https:\\\/\\\/teiaeducation.ch\\\/fr\\\/#organization\"},\"alternateName\":\"Teia Education & Play\",\"potentialAction\":[{\"@type\":\"SearchAction\",\"target\":{\"@type\":\"EntryPoint\",\"urlTemplate\":\"https:\\\/\\\/teiaeducation.ch\\\/fr\\\/?s={search_term_string}\"},\"query-input\":{\"@type\":\"PropertyValueSpecification\",\"valueRequired\":true,\"valueName\":\"search_term_string\"}}],\"inLanguage\":\"fr-FR\"},{\"@type\":\"Organization\",\"@id\":\"https:\\\/\\\/teiaeducation.ch\\\/fr\\\/#organization\",\"name\":\"Teia Education & Play\",\"url\":\"https:\\\/\\\/teiaeducation.ch\\\/fr\\\/\",\"logo\":{\"@type\":\"ImageObject\",\"inLanguage\":\"fr-FR\",\"@id\":\"https:\\\/\\\/teiaeducation.ch\\\/fr\\\/#\\\/schema\\\/logo\\\/image\\\/\",\"url\":\"https:\\\/\\\/teiaeducation.ch\\\/wp-content\\\/uploads\\\/2020\\\/11\\\/Teia-Education-Switzerland-e1620156442216.jpg\",\"contentUrl\":\"https:\\\/\\\/teiaeducation.ch\\\/wp-content\\\/uploads\\\/2020\\\/11\\\/Teia-Education-Switzerland-e1620156442216.jpg\",\"width\":166,\"height\":145,\"caption\":\"Teia Education & Play\"},\"image\":{\"@id\":\"https:\\\/\\\/teiaeducation.ch\\\/fr\\\/#\\\/schema\\\/logo\\\/image\\\/\"},\"sameAs\":[\"https:\\\/\\\/www.facebook.com\\\/teiaeducation\\\/\",\"https:\\\/\\\/x.com\\\/EducationTeia\",\"https:\\\/\\\/www.instagram.com\\\/teia.education\\\/\",\"https:\\\/\\\/www.linkedin.com\\\/company\\\/35501660\",\"https:\\\/\\\/www.pinterest.ch\\\/TeiaEducation\\\/\"]}]}<\/script>\n<meta property=\"product:price:amount\" content=\"15.90\" \/>\n<meta property=\"product:price:currency\" content=\"CHF\" \/>\n<meta property=\"og:availability\" content=\"out of stock\" \/>\n<meta property=\"product:availability\" content=\"out of stock\" \/>\n<meta property=\"product:retailer_item_id\" content=\"000000000000000000000000000000000000000000000307014\" \/>\n<meta property=\"product:condition\" content=\"new\" \/>\n<!-- \/ Yoast SEO Premium plugin. -->","yoast_head_json":{"title":"Bougies 100% cire d'abeille Amber (20) - Grimm's - Teia Education & Play","description":"Les bougies de couleur ambre Grimm's \u00e0 partir de cire d'abeille 100% pure, transforment les anneaux d'anniversaire et de l'Avent en chandelier.","robots":{"index":"index","follow":"follow","max-snippet":"max-snippet:-1","max-image-preview":"max-image-preview:large","max-video-preview":"max-video-preview:-1"},"canonical":"https:\/\/teiaeducation.ch\/fr\/produit\/bougies-en-cire-abeille-20-grimms\/","og_locale":"fr_FR","og_type":"article","og_title":"Bougies 100% cire d'abeille Amber (20) - Grimm's","og_description":"Les bougies de couleur ambre Grimm's \u00e0 partir de cire d'abeille 100% pure, transforment les anneaux d'anniversaire et de l'Avent en chandelier.","og_url":"https:\/\/teiaeducation.ch\/fr\/produit\/bougies-en-cire-abeille-20-grimms\/","og_site_name":"Sustainable Educational Products &amp; Ecological Toys\u00a0","article_publisher":"https:\/\/www.facebook.com\/teiaeducation\/","article_modified_time":"2025-05-01T12:39:29+00:00","og_image":[{"width":1800,"height":1800,"url":"https:\/\/teiaeducation.ch\/wp-content\/uploads\/2021\/12\/Amber-coloured-candles-made-form-100-beeswax-Waldorf-celebrations-ring-accessory-Grimms-.jpg","type":"image\/jpeg"}],"schema":{"@context":"https:\/\/schema.org","@graph":[{"@type":"WebPage","@id":"https:\/\/teiaeducation.ch\/fr\/produit\/bougies-en-cire-abeille-20-grimms\/","url":"https:\/\/teiaeducation.ch\/fr\/produit\/bougies-en-cire-abeille-20-grimms\/","name":"Bougies 100% cire d'abeille Amber (20) - Grimm's - Teia Education & Play","isPartOf":{"@id":"https:\/\/teiaeducation.ch\/fr\/#website"},"primaryImageOfPage":{"@id":"https:\/\/teiaeducation.ch\/fr\/produit\/bougies-en-cire-abeille-20-grimms\/#primaryimage"},"image":{"@id":"https:\/\/teiaeducation.ch\/fr\/produit\/bougies-en-cire-abeille-20-grimms\/#primaryimage"},"thumbnailUrl":"https:\/\/teiaeducation.ch\/wp-content\/uploads\/2021\/12\/Amber-coloured-candles-made-form-100-beeswax-Waldorf-celebrations-ring-accessory-Grimms-.jpg","datePublished":"2024-08-30T12:00:50+00:00","dateModified":"2025-05-01T12:39:29+00:00","description":"Les bougies de couleur ambre Grimm's \u00e0 partir de cire d'abeille 100% pure, transforment les anneaux d'anniversaire et de l'Avent en chandelier.","breadcrumb":{"@id":"https:\/\/teiaeducation.ch\/fr\/produit\/bougies-en-cire-abeille-20-grimms\/#breadcrumb"},"inLanguage":"fr-FR","potentialAction":[{"@type":"ReadAction","target":["https:\/\/teiaeducation.ch\/fr\/produit\/bougies-en-cire-abeille-20-grimms\/"]}]},{"@type":"ImageObject","inLanguage":"fr-FR","@id":"https:\/\/teiaeducation.ch\/fr\/produit\/bougies-en-cire-abeille-20-grimms\/#primaryimage","url":"https:\/\/teiaeducation.ch\/wp-content\/uploads\/2021\/12\/Amber-coloured-candles-made-form-100-beeswax-Waldorf-celebrations-ring-accessory-Grimms-.jpg","contentUrl":"https:\/\/teiaeducation.ch\/wp-content\/uploads\/2021\/12\/Amber-coloured-candles-made-form-100-beeswax-Waldorf-celebrations-ring-accessory-Grimms-.jpg","width":1800,"height":1800,"caption":"Amber coloured candles made form 100% beeswax \/ Waldorf celebrations ring accessory\u00a0Grimm's"},{"@type":"BreadcrumbList","@id":"https:\/\/teiaeducation.ch\/fr\/produit\/bougies-en-cire-abeille-20-grimms\/#breadcrumb","itemListElement":[{"@type":"ListItem","position":1,"name":"Home","item":"https:\/\/teiaeducation.ch\/fr\/"},{"@type":"ListItem","position":2,"name":"Boutique Teia Education &amp; Play","item":"https:\/\/teiaeducation.ch\/fr\/boutique\/"},{"@type":"ListItem","position":3,"name":"Nos Marques","item":"https:\/\/teiaeducation.ch\/fr\/categorie-produit\/marques\/"},{"@type":"ListItem","position":4,"name":"Grimm's","item":"https:\/\/teiaeducation.ch\/fr\/categorie-produit\/marques\/grimms-fr\/"},{"@type":"ListItem","position":5,"name":"C\u00e9l\u00e9brations &amp; Rituels Familiaux","item":"https:\/\/teiaeducation.ch\/fr\/categorie-produit\/marques\/grimms-fr\/celebrations-rituels-familiaux\/"},{"@type":"ListItem","position":6,"name":"Bougies 100% cire d&#8217;abeille Amber (20) &#8211; Grimm&#8217;s"}]},{"@type":"WebSite","@id":"https:\/\/teiaeducation.ch\/fr\/#website","url":"https:\/\/teiaeducation.ch\/fr\/","name":"Sustainable Educational Products &amp; Ecological Toys\u00a0","description":"Specialised Swiss shop selling sustainable educational toys and games, AMI certified Montessori materials, handmade ecological wooden Waldorf toys and arts &amp; crafts supplies, school supplies, children&#039;s furniture and Montessori reference and parenting books.","publisher":{"@id":"https:\/\/teiaeducation.ch\/fr\/#organization"},"alternateName":"Teia Education & Play","potentialAction":[{"@type":"SearchAction","target":{"@type":"EntryPoint","urlTemplate":"https:\/\/teiaeducation.ch\/fr\/?s={search_term_string}"},"query-input":{"@type":"PropertyValueSpecification","valueRequired":true,"valueName":"search_term_string"}}],"inLanguage":"fr-FR"},{"@type":"Organization","@id":"https:\/\/teiaeducation.ch\/fr\/#organization","name":"Teia Education & Play","url":"https:\/\/teiaeducation.ch\/fr\/","logo":{"@type":"ImageObject","inLanguage":"fr-FR","@id":"https:\/\/teiaeducation.ch\/fr\/#\/schema\/logo\/image\/","url":"https:\/\/teiaeducation.ch\/wp-content\/uploads\/2020\/11\/Teia-Education-Switzerland-e1620156442216.jpg","contentUrl":"https:\/\/teiaeducation.ch\/wp-content\/uploads\/2020\/11\/Teia-Education-Switzerland-e1620156442216.jpg","width":166,"height":145,"caption":"Teia Education & Play"},"image":{"@id":"https:\/\/teiaeducation.ch\/fr\/#\/schema\/logo\/image\/"},"sameAs":["https:\/\/www.facebook.com\/teiaeducation\/","https:\/\/x.com\/EducationTeia","https:\/\/www.instagram.com\/teia.education\/","https:\/\/www.linkedin.com\/company\/35501660","https:\/\/www.pinterest.ch\/TeiaEducation\/"]}]},"product_price_amount":"15.90","product_price_currency":"CHF","og_availability":"out of stock","product_availability":"out of stock","product_retailer_item_id":"000000000000000000000000000000000000000000000307014","product_condition":"new"},"_links":{"self":[{"href":"https:\/\/teiaeducation.ch\/fr\/wp-json\/wp\/v2\/product\/42729","targetHints":{"allow":["GET"]}}],"collection":[{"href":"https:\/\/teiaeducation.ch\/fr\/wp-json\/wp\/v2\/product"}],"about":[{"href":"https:\/\/teiaeducation.ch\/fr\/wp-json\/wp\/v2\/types\/product"}],"replies":[{"embeddable":true,"href":"https:\/\/teiaeducation.ch\/fr\/wp-json\/wp\/v2\/comments?post=42729"}],"wp:featuredmedia":[{"embeddable":true,"href":"https:\/\/teiaeducation.ch\/fr\/wp-json\/wp\/v2\/media\/62460"}],"wp:attachment":[{"href":"https:\/\/teiaeducation.ch\/fr\/wp-json\/wp\/v2\/media?parent=42729"}],"wp:term":[{"taxonomy":"product_brand","embeddable":true,"href":"https:\/\/teiaeducation.ch\/fr\/wp-json\/wp\/v2\/product_brand?post=42729"},{"taxonomy":"product_cat","embeddable":true,"href":"https:\/\/teiaeducation.ch\/fr\/wp-json\/wp\/v2\/product_cat?post=42729"},{"taxonomy":"product_tag","embeddable":true,"href":"https:\/\/teiaeducation.ch\/fr\/wp-json\/wp\/v2\/product_tag?post=42729"}],"curies":[{"name":"wp","href":"https:\/\/api.w.org\/{rel}","templated":true}]}}