{"id":42741,"date":"2021-12-09T13:38:57","date_gmt":"2021-12-09T12:38:57","guid":{"rendered":"https:\/\/teiaeducation.ch\/?post_type=product&#038;p=42741"},"modified":"2025-12-02T19:42:11","modified_gmt":"2025-12-02T18:42:11","slug":"porte-photo-en-bois-grimms","status":"publish","type":"product","link":"https:\/\/teiaeducation.ch\/fr\/produit\/porte-photo-en-bois-grimms\/","title":{"rendered":"Porte-photo en bois (1) &#8211; Grimm\u2019s"},"content":{"rendered":"<p>Porte-photo en bois (1) \/ Accessoire pour anneaux de c\u00e9l\u00e9bration et d&#8217;anniversaire Waldorf &#8211; Grimm&#8217;s<\/p>\n<p>Ce porte-photo en bois de h\u00eatre de haute qualit\u00e9 de notre collection de <a href=\"https:\/\/teiaeducation.ch\/fr\/categorie-produit\/celebrations-fr\/\">c\u00e9l\u00e9brations<\/a> est fait \u00e0 la main en Allemagne. Le porte-photo mesure 2 cm de haut et est parfait pour transformer votre anneau d&#8217;anniversaire, votre anneau de l&#8217;Avent de No\u00ebl ou votre anneau des f\u00eates de Waldorf en porte-photo ou en porte-carte. Il peut \u00e9galement \u00eatre utilis\u00e9 pour contenir une photo, un nom de personne pour un d\u00e9cor de table, un po\u00e8me ou une note. Le support peut \u00eatre ins\u00e9r\u00e9 dans n&#8217;importe quel anneau de f\u00eate, spirale d&#8217;anniversaire ou de l&#8217;Avent Grimm&#8217;s Spiel und Holz &#8211; et fera certainement partie du rituel annuel de votre enfant !<\/p>\n<p>Id\u00e9aux pour la maison, la cr\u00e8che, Waldorf ou l\u2019\u00e9cole Steiner, les magnifiques jouets en bois naturel de Grimm&#8217;s sont fabriqu\u00e9s selon la philosophie Waldorf qui est bien connue pour encourager les enfants \u00e0 d\u00e9couvrir le jeu cr\u00e9atif de fa\u00e7on ind\u00e9pendante, sans limitations \u00e0 un rythme sans h\u00e2te. Les jouets en bois de Grimm&#8217;s sont color\u00e9s \u00e0 la main avec des peintures \u00e0 base d\u2019eau non toxiques et ne sont pas finis avec de la laque pour assurer les caract\u00e9ristiques originales du bois et pour qu&#8217;on puisse voir le grain \u00e0 travers. La surface des morceaux de bois europ\u00e9ens certifi\u00e9s FSC est laiss\u00e9e l\u00e9g\u00e8rement rugueuse, ce qui les rend plus facilement empilables et moins glissants.<\/p>\n<p>Les jouets en bois de Grimm&#8217;s sont fabriqu\u00e9s dans les installations de Grimm&#8217;s en Allemagne ainsi que dans plusieurs ateliers \u00e0 travers l\u2019Europe \u00e0 partir de diff\u00e9rents types de bois tels que l\u2019aulne, la chaux, le h\u00eatre et l\u2019\u00e9rable. Tout le bois utilis\u00e9 pour fabriquer les jouets de Grimm&#8217;s provient de for\u00eats europ\u00e9ennes g\u00e9r\u00e9es de mani\u00e8re durable.<\/p>\n<p>Veuillez noter que les jouets de Grimm&#8217;s sont toujours uniques, et portent des marques uniques faites par la nature. Le grain de bois a des structures et des couleurs changeantes qui servent de preuve de ses origines naturelles. Les variations uniques, les marques, les noeuds, les motifs, les rayures noires ou les taches sombres qui peuvent \u00eatre visibles dans le bois d\u2019un jouet de Grimm&#8217;s sont une preuve de qualit\u00e9, et non des d\u00e9fauts.<\/p>\n<p>Avertissement! Il s\u2019agit d\u2019un \u00e9l\u00e9ment d\u00e9coratif et ce n\u2019est pas adapt\u00e9 pour jouer. Le porte-photo convient aux enfants \u00e0 partir de 14 ans.<\/p>\n<p>Contenu :<\/p>\n<p>1 porte-photo en bois<\/p>\n","protected":false},"excerpt":{"rendered":"<p>Num\u00e9ro d&#8217;article: gri04000<\/p>\n<p>Le porte-photo en bois de haute qualit\u00e9 Grimm&#8217;s est parfait pour transformer les anneaux d&#8217;anniversaire, de l&#8217;Avent ou des f\u00eates de Waldorf en porte-photo ou porte-carte.<\/p>\n","protected":false},"featured_media":42743,"comment_status":"open","ping_status":"closed","template":"","meta":[],"product_brand":[],"product_cat":[22346,24874,16898,17225,22343,18893,22344,17212,21257,22421,23021,7595,217,5851,22350,24313,22348,212,1219],"product_tag":[18410,18409,18413,18414,18406,22193,18404,18408,18411,8625,22189,17332,17334,22194,17335,18407,17336,22195,22192,22190,18412],"class_list":{"0":"post-42741","1":"product","2":"type-product","3":"status-publish","4":"has-post-thumbnail","6":"product_cat-anniversaires","7":"product_cat-celebrations-rituels-familiaux","8":"product_cat-collection-automne","9":"product_cat-celebrations-fr","10":"product_cat-collection-hiver","11":"product_cat-collection-printemps","12":"product_cat-collections-saisonnieres","13":"product_cat-grimms-fr","14":"product_cat-guides-cadeaux","15":"product_cat-idees-cadeaux-pour-paques","16":"product_cat-jouets-waldorf","17":"product_cat-methode-deducation","18":"product_cat-marques","19":"product_cat-nouveautes","20":"product_cat-rituels-avent","21":"product_cat-saint-valentin","22":"product_cat-natur-saisonale-tische","23":"product_cat-tranche-dage","24":"product_cat-waldorf-fr","25":"product_tag-anneau-danniversaire","26":"product_tag-anneau-danniversaire-de-grimm","27":"product_tag-anneau-danniversaire-waldorf","28":"product_tag-anneau-de-celebration-de-waldorf","29":"product_tag-anneaux-de-celebration","30":"product_tag-bougies-de-couleur-ambre-de-grimms-fabriquees-a-partir-de-cire-dabeille-a-100","31":"product_tag-decorations-danniversaire-en-bois","32":"product_tag-decorations-danniversaire-en-bois-de-grimm","33":"product_tag-decorations-pour-support-de-bougie","34":"product_tag-fabrique-en-allemagne","35":"product_tag-grande-anneau-danniversaire-en-bois-naturel-grimms","36":"product_tag-grimm-suisse","37":"product_tag-grimm-suisse-fr","38":"product_tag-grimms-bougies-en-cire-dabeille","39":"product_tag-grimme-suisse","40":"product_tag-les-figures-decoratives-de-grimm","41":"product_tag-magasin-de-jouets-en-bois-grimm","42":"product_tag-porte-photo-en-bois-grimms","43":"product_tag-spirale-coloree-danniversaire-et-de-lavent-grimms","44":"product_tag-spirale-danniversaire-et-de-lavent-en-bois-naturel-grimms","45":"product_tag-support-de-bougies-danniversaire-en-bois","47":"first","48":"instock","49":"taxable","50":"shipping-taxable","51":"purchasable","52":"product-type-simple"},"yoast_head":"<!-- This site is optimized with the Yoast SEO plugin v27.1.1 - https:\/\/yoast.com\/product\/yoast-seo-wordpress\/ -->\n<title>Porte-photo en bois (1) - Grimm\u2019s - Teia Education &amp; Play<\/title>\n<meta name=\"description\" content=\"Le porte-photo en bois de Grimm&#039;s est parfait pour transformer les anneaux d&#039;anniversaire ou de l&#039;Avent Waldorf en porte-photo ou porte-carte.\" \/>\n<meta name=\"robots\" content=\"index, follow, max-snippet:-1, max-image-preview:large, max-video-preview:-1\" \/>\n<link rel=\"canonical\" href=\"https:\/\/teiaeducation.ch\/fr\/produit\/porte-photo-en-bois-grimms\/\" \/>\n<meta property=\"og:locale\" content=\"fr_FR\" \/>\n<meta property=\"og:type\" content=\"article\" \/>\n<meta property=\"og:title\" content=\"Porte-photo en bois (1) - Grimm\u2019s - Teia Education &amp; Play\" \/>\n<meta property=\"og:description\" content=\"Le porte-photo en bois de Grimm&#039;s est parfait pour transformer les anneaux d&#039;anniversaire ou de l&#039;Avent Waldorf en porte-photo ou porte-carte.\" \/>\n<meta property=\"og:url\" content=\"https:\/\/teiaeducation.ch\/fr\/produit\/porte-photo-en-bois-grimms\/\" \/>\n<meta property=\"og:site_name\" content=\"Sustainable Educational Products &amp; Ecological Toys\u00a0\" \/>\n<meta property=\"article:publisher\" content=\"https:\/\/www.facebook.com\/teiaeducation\/\" \/>\n<meta property=\"article:modified_time\" content=\"2025-12-02T18:42:11+00:00\" \/>\n<meta property=\"og:image\" content=\"https:\/\/teiaeducation.ch\/wp-content\/uploads\/2021\/12\/Wooden-picture-holders-10-Waldorf-celebrations-birthday-ring-accessory-\u2013-Grimms2.jpg\" \/>\n\t<meta property=\"og:image:width\" content=\"900\" \/>\n\t<meta property=\"og:image:height\" content=\"900\" \/>\n\t<meta property=\"og:image:type\" content=\"image\/jpeg\" \/>\n<script type=\"application\/ld+json\" class=\"yoast-schema-graph\">{\"@context\":\"https:\/\/schema.org\",\"@graph\":[{\"@type\":\"WebPage\",\"@id\":\"https:\/\/teiaeducation.ch\/fr\/produit\/porte-photo-en-bois-grimms\/\",\"url\":\"https:\/\/teiaeducation.ch\/fr\/produit\/porte-photo-en-bois-grimms\/\",\"name\":\"Porte-photo en bois (1) - Grimm\u2019s - Teia Education & Play\",\"isPartOf\":{\"@id\":\"https:\/\/teiaeducation.ch\/fr\/#website\"},\"primaryImageOfPage\":{\"@id\":\"https:\/\/teiaeducation.ch\/fr\/produit\/porte-photo-en-bois-grimms\/#primaryimage\"},\"image\":{\"@id\":\"https:\/\/teiaeducation.ch\/fr\/produit\/porte-photo-en-bois-grimms\/#primaryimage\"},\"thumbnailUrl\":\"https:\/\/teiaeducation.ch\/wp-content\/uploads\/2021\/12\/Wooden-picture-holders-10-Waldorf-celebrations-birthday-ring-accessory-\u2013-Grimms2.jpg\",\"datePublished\":\"2021-12-09T12:38:57+00:00\",\"dateModified\":\"2025-12-02T18:42:11+00:00\",\"description\":\"Le porte-photo en bois de Grimm's est parfait pour transformer les anneaux d'anniversaire ou de l'Avent Waldorf en porte-photo ou porte-carte.\",\"breadcrumb\":{\"@id\":\"https:\/\/teiaeducation.ch\/fr\/produit\/porte-photo-en-bois-grimms\/#breadcrumb\"},\"inLanguage\":\"fr-FR\",\"potentialAction\":[{\"@type\":\"ReadAction\",\"target\":[\"https:\/\/teiaeducation.ch\/fr\/produit\/porte-photo-en-bois-grimms\/\"]}]},{\"@type\":\"ImageObject\",\"inLanguage\":\"fr-FR\",\"@id\":\"https:\/\/teiaeducation.ch\/fr\/produit\/porte-photo-en-bois-grimms\/#primaryimage\",\"url\":\"https:\/\/teiaeducation.ch\/wp-content\/uploads\/2021\/12\/Wooden-picture-holders-10-Waldorf-celebrations-birthday-ring-accessory-\u2013-Grimms2.jpg\",\"contentUrl\":\"https:\/\/teiaeducation.ch\/wp-content\/uploads\/2021\/12\/Wooden-picture-holders-10-Waldorf-celebrations-birthday-ring-accessory-\u2013-Grimms2.jpg\",\"width\":900,\"height\":900,\"caption\":\"Porte-photo en bois (1) \/ Accessoire pour anneaux de c\u00e9l\u00e9bration et d'anniversaire Waldorf - Grimm's\"},{\"@type\":\"BreadcrumbList\",\"@id\":\"https:\/\/teiaeducation.ch\/fr\/produit\/porte-photo-en-bois-grimms\/#breadcrumb\",\"itemListElement\":[{\"@type\":\"ListItem\",\"position\":1,\"name\":\"Home\",\"item\":\"https:\/\/teiaeducation.ch\/fr\/\"},{\"@type\":\"ListItem\",\"position\":2,\"name\":\"Boutique Teia Education &amp; Play\",\"item\":\"https:\/\/teiaeducation.ch\/fr\/boutique\/\"},{\"@type\":\"ListItem\",\"position\":3,\"name\":\"Nos Marques\",\"item\":\"https:\/\/teiaeducation.ch\/fr\/categorie-produit\/marques\/\"},{\"@type\":\"ListItem\",\"position\":4,\"name\":\"Grimm's\",\"item\":\"https:\/\/teiaeducation.ch\/fr\/categorie-produit\/marques\/grimms-fr\/\"},{\"@type\":\"ListItem\",\"position\":5,\"name\":\"C\u00e9l\u00e9brations &amp; Rituels Familiaux\",\"item\":\"https:\/\/teiaeducation.ch\/fr\/categorie-produit\/marques\/grimms-fr\/celebrations-rituels-familiaux\/\"},{\"@type\":\"ListItem\",\"position\":6,\"name\":\"Porte-photo en bois (1) &#8211; Grimm\u2019s\"}]},{\"@type\":\"WebSite\",\"@id\":\"https:\/\/teiaeducation.ch\/fr\/#website\",\"url\":\"https:\/\/teiaeducation.ch\/fr\/\",\"name\":\"Sustainable Educational Products &amp; Ecological Toys\u00a0\",\"description\":\"Specialised Swiss shop selling sustainable educational toys and games, AMI certified Montessori materials, handmade ecological wooden Waldorf toys and arts &amp; crafts supplies, school supplies, children&#039;s furniture and Montessori reference and parenting books.\",\"publisher\":{\"@id\":\"https:\/\/teiaeducation.ch\/fr\/#organization\"},\"alternateName\":\"Teia Education & Play\",\"potentialAction\":[{\"@type\":\"SearchAction\",\"target\":{\"@type\":\"EntryPoint\",\"urlTemplate\":\"https:\/\/teiaeducation.ch\/fr\/?s={search_term_string}\"},\"query-input\":{\"@type\":\"PropertyValueSpecification\",\"valueRequired\":true,\"valueName\":\"search_term_string\"}}],\"inLanguage\":\"fr-FR\"},{\"@type\":\"Organization\",\"@id\":\"https:\/\/teiaeducation.ch\/fr\/#organization\",\"name\":\"Teia Education & Play\",\"url\":\"https:\/\/teiaeducation.ch\/fr\/\",\"logo\":{\"@type\":\"ImageObject\",\"inLanguage\":\"fr-FR\",\"@id\":\"https:\/\/teiaeducation.ch\/fr\/#\/schema\/logo\/image\/\",\"url\":\"https:\/\/teiaeducation.ch\/wp-content\/uploads\/2020\/11\/Teia-Education-Switzerland-e1620156442216.jpg\",\"contentUrl\":\"https:\/\/teiaeducation.ch\/wp-content\/uploads\/2020\/11\/Teia-Education-Switzerland-e1620156442216.jpg\",\"width\":166,\"height\":145,\"caption\":\"Teia Education & Play\"},\"image\":{\"@id\":\"https:\/\/teiaeducation.ch\/fr\/#\/schema\/logo\/image\/\"},\"sameAs\":[\"https:\/\/www.facebook.com\/teiaeducation\/\",\"https:\/\/x.com\/EducationTeia\",\"https:\/\/www.instagram.com\/teia.education\/\",\"https:\/\/www.linkedin.com\/company\/35501660\",\"https:\/\/www.pinterest.ch\/TeiaEducation\/\"]}]}<\/script>\n<!-- \/ Yoast SEO plugin. -->","yoast_head_json":{"title":"Porte-photo en bois (1) - Grimm\u2019s - Teia Education & Play","description":"Le porte-photo en bois de Grimm's est parfait pour transformer les anneaux d'anniversaire ou de l'Avent Waldorf en porte-photo ou porte-carte.","robots":{"index":"index","follow":"follow","max-snippet":"max-snippet:-1","max-image-preview":"max-image-preview:large","max-video-preview":"max-video-preview:-1"},"canonical":"https:\/\/teiaeducation.ch\/fr\/produit\/porte-photo-en-bois-grimms\/","og_locale":"fr_FR","og_type":"article","og_title":"Porte-photo en bois (1) - Grimm\u2019s - Teia Education & Play","og_description":"Le porte-photo en bois de Grimm's est parfait pour transformer les anneaux d'anniversaire ou de l'Avent Waldorf en porte-photo ou porte-carte.","og_url":"https:\/\/teiaeducation.ch\/fr\/produit\/porte-photo-en-bois-grimms\/","og_site_name":"Sustainable Educational Products &amp; Ecological Toys\u00a0","article_publisher":"https:\/\/www.facebook.com\/teiaeducation\/","article_modified_time":"2025-12-02T18:42:11+00:00","og_image":[{"width":900,"height":900,"url":"https:\/\/teiaeducation.ch\/wp-content\/uploads\/2021\/12\/Wooden-picture-holders-10-Waldorf-celebrations-birthday-ring-accessory-\u2013-Grimms2.jpg","type":"image\/jpeg"}],"schema":{"@context":"https:\/\/schema.org","@graph":[{"@type":"WebPage","@id":"https:\/\/teiaeducation.ch\/fr\/produit\/porte-photo-en-bois-grimms\/","url":"https:\/\/teiaeducation.ch\/fr\/produit\/porte-photo-en-bois-grimms\/","name":"Porte-photo en bois (1) - Grimm\u2019s - Teia Education & Play","isPartOf":{"@id":"https:\/\/teiaeducation.ch\/fr\/#website"},"primaryImageOfPage":{"@id":"https:\/\/teiaeducation.ch\/fr\/produit\/porte-photo-en-bois-grimms\/#primaryimage"},"image":{"@id":"https:\/\/teiaeducation.ch\/fr\/produit\/porte-photo-en-bois-grimms\/#primaryimage"},"thumbnailUrl":"https:\/\/teiaeducation.ch\/wp-content\/uploads\/2021\/12\/Wooden-picture-holders-10-Waldorf-celebrations-birthday-ring-accessory-\u2013-Grimms2.jpg","datePublished":"2021-12-09T12:38:57+00:00","dateModified":"2025-12-02T18:42:11+00:00","description":"Le porte-photo en bois de Grimm's est parfait pour transformer les anneaux d'anniversaire ou de l'Avent Waldorf en porte-photo ou porte-carte.","breadcrumb":{"@id":"https:\/\/teiaeducation.ch\/fr\/produit\/porte-photo-en-bois-grimms\/#breadcrumb"},"inLanguage":"fr-FR","potentialAction":[{"@type":"ReadAction","target":["https:\/\/teiaeducation.ch\/fr\/produit\/porte-photo-en-bois-grimms\/"]}]},{"@type":"ImageObject","inLanguage":"fr-FR","@id":"https:\/\/teiaeducation.ch\/fr\/produit\/porte-photo-en-bois-grimms\/#primaryimage","url":"https:\/\/teiaeducation.ch\/wp-content\/uploads\/2021\/12\/Wooden-picture-holders-10-Waldorf-celebrations-birthday-ring-accessory-\u2013-Grimms2.jpg","contentUrl":"https:\/\/teiaeducation.ch\/wp-content\/uploads\/2021\/12\/Wooden-picture-holders-10-Waldorf-celebrations-birthday-ring-accessory-\u2013-Grimms2.jpg","width":900,"height":900,"caption":"Porte-photo en bois (1) \/ Accessoire pour anneaux de c\u00e9l\u00e9bration et d'anniversaire Waldorf - Grimm's"},{"@type":"BreadcrumbList","@id":"https:\/\/teiaeducation.ch\/fr\/produit\/porte-photo-en-bois-grimms\/#breadcrumb","itemListElement":[{"@type":"ListItem","position":1,"name":"Home","item":"https:\/\/teiaeducation.ch\/fr\/"},{"@type":"ListItem","position":2,"name":"Boutique Teia Education &amp; Play","item":"https:\/\/teiaeducation.ch\/fr\/boutique\/"},{"@type":"ListItem","position":3,"name":"Nos Marques","item":"https:\/\/teiaeducation.ch\/fr\/categorie-produit\/marques\/"},{"@type":"ListItem","position":4,"name":"Grimm's","item":"https:\/\/teiaeducation.ch\/fr\/categorie-produit\/marques\/grimms-fr\/"},{"@type":"ListItem","position":5,"name":"C\u00e9l\u00e9brations &amp; Rituels Familiaux","item":"https:\/\/teiaeducation.ch\/fr\/categorie-produit\/marques\/grimms-fr\/celebrations-rituels-familiaux\/"},{"@type":"ListItem","position":6,"name":"Porte-photo en bois (1) &#8211; Grimm\u2019s"}]},{"@type":"WebSite","@id":"https:\/\/teiaeducation.ch\/fr\/#website","url":"https:\/\/teiaeducation.ch\/fr\/","name":"Sustainable Educational Products &amp; Ecological Toys\u00a0","description":"Specialised Swiss shop selling sustainable educational toys and games, AMI certified Montessori materials, handmade ecological wooden Waldorf toys and arts &amp; crafts supplies, school supplies, children&#039;s furniture and Montessori reference and parenting books.","publisher":{"@id":"https:\/\/teiaeducation.ch\/fr\/#organization"},"alternateName":"Teia Education & Play","potentialAction":[{"@type":"SearchAction","target":{"@type":"EntryPoint","urlTemplate":"https:\/\/teiaeducation.ch\/fr\/?s={search_term_string}"},"query-input":{"@type":"PropertyValueSpecification","valueRequired":true,"valueName":"search_term_string"}}],"inLanguage":"fr-FR"},{"@type":"Organization","@id":"https:\/\/teiaeducation.ch\/fr\/#organization","name":"Teia Education & Play","url":"https:\/\/teiaeducation.ch\/fr\/","logo":{"@type":"ImageObject","inLanguage":"fr-FR","@id":"https:\/\/teiaeducation.ch\/fr\/#\/schema\/logo\/image\/","url":"https:\/\/teiaeducation.ch\/wp-content\/uploads\/2020\/11\/Teia-Education-Switzerland-e1620156442216.jpg","contentUrl":"https:\/\/teiaeducation.ch\/wp-content\/uploads\/2020\/11\/Teia-Education-Switzerland-e1620156442216.jpg","width":166,"height":145,"caption":"Teia Education & Play"},"image":{"@id":"https:\/\/teiaeducation.ch\/fr\/#\/schema\/logo\/image\/"},"sameAs":["https:\/\/www.facebook.com\/teiaeducation\/","https:\/\/x.com\/EducationTeia","https:\/\/www.instagram.com\/teia.education\/","https:\/\/www.linkedin.com\/company\/35501660","https:\/\/www.pinterest.ch\/TeiaEducation\/"]}]}},"_links":{"self":[{"href":"https:\/\/teiaeducation.ch\/fr\/wp-json\/wp\/v2\/product\/42741","targetHints":{"allow":["GET"]}}],"collection":[{"href":"https:\/\/teiaeducation.ch\/fr\/wp-json\/wp\/v2\/product"}],"about":[{"href":"https:\/\/teiaeducation.ch\/fr\/wp-json\/wp\/v2\/types\/product"}],"replies":[{"embeddable":true,"href":"https:\/\/teiaeducation.ch\/fr\/wp-json\/wp\/v2\/comments?post=42741"}],"wp:featuredmedia":[{"embeddable":true,"href":"https:\/\/teiaeducation.ch\/fr\/wp-json\/wp\/v2\/media\/42743"}],"wp:attachment":[{"href":"https:\/\/teiaeducation.ch\/fr\/wp-json\/wp\/v2\/media?parent=42741"}],"wp:term":[{"taxonomy":"product_brand","embeddable":true,"href":"https:\/\/teiaeducation.ch\/fr\/wp-json\/wp\/v2\/product_brand?post=42741"},{"taxonomy":"product_cat","embeddable":true,"href":"https:\/\/teiaeducation.ch\/fr\/wp-json\/wp\/v2\/product_cat?post=42741"},{"taxonomy":"product_tag","embeddable":true,"href":"https:\/\/teiaeducation.ch\/fr\/wp-json\/wp\/v2\/product_tag?post=42741"}],"curies":[{"name":"wp","href":"https:\/\/api.w.org\/{rel}","templated":true}]}}