{"id":42752,"date":"2021-12-09T14:06:24","date_gmt":"2021-12-09T13:06:24","guid":{"rendered":"https:\/\/teiaeducation.ch\/?post_type=product&#038;p=42752"},"modified":"2021-12-14T14:11:09","modified_gmt":"2021-12-14T13:11:09","slug":"presentoir-de-fete-decoratif-en-bois-naturel-grimms","status":"publish","type":"product","link":"https:\/\/teiaeducation.ch\/fr\/produit\/presentoir-de-fete-decoratif-en-bois-naturel-grimms\/","title":{"rendered":"Pr\u00e9sentoir en bois pour saisons et f\u00eates annuelles &#8211; Grimm&#8217;s"},"content":{"rendered":"<p>Pr\u00e9sentoir en bois pour les saisons et f\u00eates annuelles \/ Support pour c\u00e9l\u00e9brations Waldorf fait \u00e0 la main &#8211; Grimm&#8217;s<\/p>\n<p>Ce magnifique pr\u00e9sentoir de f\u00eate d\u00e9coratif en bois naturel de Grimm&#8217;s, inspir\u00e9 de <a href=\"https:\/\/teiaeducation.ch\/fr\/categorie-produit\/methode-deducation\/waldorf-fr\/\">Waldorf<\/a>, constitue un merveilleux centre de table pour les c\u00e9l\u00e9brations ! Le support en bois naturel est une alternative \u00e0 l&#8217;anneau de c\u00e9l\u00e9bration Waldorf, \u00e0 la spirale, \u00e0 la table nature ou \u00e0 la table saisonni\u00e8re et ajoute une atmosph\u00e8re sp\u00e9ciale et un sens de l&#8217;occasion \u00e0 toute c\u00e9l\u00e9bration !<\/p>\n<p>Le pr\u00e9sentoir de f\u00eate \u00e0 quatre niveaux et \u00e0 hauteur r\u00e9glable est parfait pour pr\u00e9senter des photos, des cartes, des figurines d\u00e9coratives, des jouets et figurines en bois, des tr\u00e9sors en feutre et des d\u00e9corations naturelles telles que des fleurs, des fruits, des feuilles, des glands, des noix, etc. Le plus grand niveau du pr\u00e9sentoir dispose de 7 emplacements pour les bougies, et comprend sept bougeoirs en laiton qui conviennent aux <a href=\"https:\/\/teiaeducation.ch\/fr\/produit\/bougies-en-cire-abeille-20-grimms\/\">bougies<\/a> mesurant 1,4 cm de diam\u00e8tre. Les petits trous du niveau interm\u00e9diaire permettent de suspendre diverses d\u00e9corations telles que des \u0153ufs de P\u00e2ques, des \u00e9toiles de paille ou des cadeaux de l&#8217;Avent. Le niveau de base comporte des rainures permettant d&#8217;afficher une carte postale ou une photo. Le sommet et les 3 niveaux sont d\u00e9tachables, et peuvent \u00eatre utilis\u00e9s comme support de couronne de l&#8217;Avent.<\/p>\n<p>Le pr\u00e9sentoir a une hauteur de 60 cm et un diam\u00e8tre de 43 cm. Il est fabriqu\u00e9 de mani\u00e8re \u00e9thique \u00e0 partir de bois d&#8217;aulne et est fini avec une huile non toxique \u00e0 base de plantes.<\/p>\n<p>Aider les enfants \u00e0 c\u00e9l\u00e9brer et \u00e0 marquer des occasions sp\u00e9ciales avec cette joyeuse d\u00e9coration est s\u00fbr de devenir une tradition familiale pour les ann\u00e9es et les g\u00e9n\u00e9rations \u00e0 venir !<\/p>\n<p>Id\u00e9aux pour la maison, la cr\u00e8che, Waldorf ou l\u2019\u00e9cole Steiner, les magnifiques jouets en bois naturel de Grimm&#8217;s sont fabriqu\u00e9s selon la philosophie Waldorf qui est bien connue pour encourager les enfants \u00e0 d\u00e9couvrir le jeu cr\u00e9atif de fa\u00e7on ind\u00e9pendante, sans limitations \u00e0 un rythme sans h\u00e2te. Les jouets en bois de Grimm&#8217;s sont color\u00e9s \u00e0 la main avec des peintures \u00e0 base d\u2019eau non toxiques et ne sont pas finis avec de la laque pour assurer les caract\u00e9ristiques originales du bois et pour qu&#8217;on puisse voir le grain \u00e0 travers. La surface des morceaux de bois europ\u00e9ens certifi\u00e9s FSC est laiss\u00e9e l\u00e9g\u00e8rement rugueuse, ce qui les rend plus facilement empilables et moins glissants.<\/p>\n<p>Les jouets en bois de Grimm&#8217;s sont fabriqu\u00e9s dans les installations de Grimm en Allemagne ainsi que dans plusieurs ateliers \u00e0 travers l\u2019Europe \u00e0 partir de diff\u00e9rents types de bois tels que l\u2019aulne, la chaux, le h\u00eatre et l\u2019\u00e9rable. Tout le bois utilis\u00e9 pour fabriquer les jouets de Grimm&#8217;s provient de for\u00eats europ\u00e9ennes g\u00e9r\u00e9es de mani\u00e8re durable.<\/p>\n<p>Veuillez noter que les jouets de Grimm&#8217;s sont toujours uniques, et portent des marques uniques faites par la nature. Le grain de bois a des structures et des couleurs changeantes qui servent de preuve de ses origines naturelles. Les variations uniques, les marques, les noeuds, les motifs, les rayures noires ou les taches sombres qui peuvent \u00eatre visibles dans le bois d\u2019un jouet de Grimm&#8217;s sont une preuve de qualit\u00e9, et non des d\u00e9fauts.<\/p>\n<p>Avertissement! Le pr\u00e9sentoir en bois pour saisons et f\u00eates annuelles de Grimm&#8217;s est un article de d\u00e9coration et ne convient pas pour jouer. Pour des raisons de s\u00e9curit\u00e9, si vous utilisez des bougies, veuillez utiliser des bougeoirs et vous assurer qu&#8217;il n&#8217;y a pas de courant d&#8217;air et qu&#8217;aucune figure d\u00e9corative ou autre objet ne se trouve \u00e0 proximit\u00e9 des flammes. Ce produit convient aux enfants \u00e2g\u00e9s de 14 ans et plus.<\/p>\n<p>Contenu :<\/p>\n<p>9 pi\u00e8ces en bois<br \/>\n7 supports de bougies en laiton<\/p>\n","protected":false},"excerpt":{"rendered":"<p>Num\u00e9ro d&#8217;article: gri08900<\/p>\n<p>Le pr\u00e9sentoir en bois naturel d\u00e9coratif pour les saisons et f\u00eates annuelles de Grimm&#8217;s et un support pour c\u00e9l\u00e9brations Waldorf fait \u00e0 la main.<\/p>\n","protected":false},"featured_media":42763,"comment_status":"open","ping_status":"closed","template":"","meta":[],"product_brand":[],"product_cat":[24874,16898,17225,23635,22343,18893,22344,284,283,596,17212,21257,22421,23021,7595,217,5851,22350,24313,598,22348,212,1219],"product_tag":[18410,18409,18413,18414,18405,18406,18404,18408,18411,8625,22189,17332,17334,17335,18407,17336,22190,18412],"class_list":{"0":"post-42752","1":"product","2":"type-product","3":"status-publish","4":"has-post-thumbnail","6":"product_cat-celebrations-rituels-familiaux","7":"product_cat-collection-automne","8":"product_cat-celebrations-fr","9":"product_cat-collection-dete","10":"product_cat-collection-hiver","11":"product_cat-collection-printemps","12":"product_cat-collections-saisonnieres","13":"product_cat-culture-sciences","14":"product_cat-domaines-du-curriculum","15":"product_cat-geographie-humaine-culture","16":"product_cat-grimms-fr","17":"product_cat-guides-cadeaux","18":"product_cat-idees-cadeaux-pour-paques","19":"product_cat-jouets-waldorf","20":"product_cat-methode-deducation","21":"product_cat-marques","22":"product_cat-nouveautes","23":"product_cat-rituels-avent","24":"product_cat-saint-valentin","25":"product_cat-saisons-meteo","26":"product_cat-natur-saisonale-tische","27":"product_cat-tranche-dage","28":"product_cat-waldorf-fr","29":"product_tag-anneau-danniversaire","30":"product_tag-anneau-danniversaire-de-grimm","31":"product_tag-anneau-danniversaire-waldorf","32":"product_tag-anneau-de-celebration-de-waldorf","33":"product_tag-anneaux-danniversaire-de-grimm","34":"product_tag-anneaux-de-celebration","35":"product_tag-decorations-danniversaire-en-bois","36":"product_tag-decorations-danniversaire-en-bois-de-grimm","37":"product_tag-decorations-pour-support-de-bougie","38":"product_tag-fabrique-en-allemagne","39":"product_tag-grande-anneau-danniversaire-en-bois-naturel-grimms","40":"product_tag-grimm-suisse","41":"product_tag-grimm-suisse-fr","42":"product_tag-grimme-suisse","43":"product_tag-les-figures-decoratives-de-grimm","44":"product_tag-magasin-de-jouets-en-bois-grimm","45":"product_tag-spirale-danniversaire-et-de-lavent-en-bois-naturel-grimms","46":"product_tag-support-de-bougies-danniversaire-en-bois","48":"first","49":"outofstock","50":"taxable","51":"shipping-taxable","52":"purchasable","53":"product-type-simple"},"yoast_head":"<!-- This site is optimized with the Yoast SEO plugin v27.1.1 - https:\/\/yoast.com\/product\/yoast-seo-wordpress\/ -->\n<title>Pr\u00e9sentoir en bois pour les saisons et f\u00eates annuelles - Grimm\u2019s<\/title>\n<meta name=\"description\" content=\"Le pr\u00e9sentoir en bois naturel d\u00e9coratif pour les saisons et f\u00eates annuelles de Grimm&#039;s et un support pour c\u00e9l\u00e9brations Waldorf fait \u00e0 la main.\" \/>\n<meta name=\"robots\" content=\"index, follow, max-snippet:-1, max-image-preview:large, max-video-preview:-1\" \/>\n<link rel=\"canonical\" href=\"https:\/\/teiaeducation.ch\/fr\/produit\/presentoir-de-fete-decoratif-en-bois-naturel-grimms\/\" \/>\n<meta property=\"og:locale\" content=\"fr_FR\" \/>\n<meta property=\"og:type\" content=\"article\" \/>\n<meta property=\"og:title\" content=\"Pr\u00e9sentoir en bois pour les saisons et f\u00eates annuelles - Grimm\u2019s\" \/>\n<meta property=\"og:description\" content=\"Le pr\u00e9sentoir en bois naturel d\u00e9coratif pour les saisons et f\u00eates annuelles de Grimm&#039;s et un support pour c\u00e9l\u00e9brations Waldorf fait \u00e0 la main.\" \/>\n<meta property=\"og:url\" content=\"https:\/\/teiaeducation.ch\/fr\/produit\/presentoir-de-fete-decoratif-en-bois-naturel-grimms\/\" \/>\n<meta property=\"og:site_name\" content=\"Sustainable Educational Products &amp; Ecological Toys\u00a0\" \/>\n<meta property=\"article:publisher\" content=\"https:\/\/www.facebook.com\/teiaeducation\/\" \/>\n<meta property=\"article:modified_time\" content=\"2021-12-14T13:11:09+00:00\" \/>\n<meta property=\"og:image\" content=\"https:\/\/teiaeducation.ch\/wp-content\/uploads\/2021\/12\/Seasonal-festivity-stand-Handmade-wooden-Waldorf-celebrations-support-Grimms1.jpg\" \/>\n\t<meta property=\"og:image:width\" content=\"900\" \/>\n\t<meta property=\"og:image:height\" content=\"900\" \/>\n\t<meta property=\"og:image:type\" content=\"image\/jpeg\" \/>\n<script type=\"application\/ld+json\" class=\"yoast-schema-graph\">{\"@context\":\"https:\/\/schema.org\",\"@graph\":[{\"@type\":\"WebPage\",\"@id\":\"https:\/\/teiaeducation.ch\/fr\/produit\/presentoir-de-fete-decoratif-en-bois-naturel-grimms\/\",\"url\":\"https:\/\/teiaeducation.ch\/fr\/produit\/presentoir-de-fete-decoratif-en-bois-naturel-grimms\/\",\"name\":\"Pr\u00e9sentoir en bois pour les saisons et f\u00eates annuelles - Grimm\u2019s\",\"isPartOf\":{\"@id\":\"https:\/\/teiaeducation.ch\/fr\/#website\"},\"primaryImageOfPage\":{\"@id\":\"https:\/\/teiaeducation.ch\/fr\/produit\/presentoir-de-fete-decoratif-en-bois-naturel-grimms\/#primaryimage\"},\"image\":{\"@id\":\"https:\/\/teiaeducation.ch\/fr\/produit\/presentoir-de-fete-decoratif-en-bois-naturel-grimms\/#primaryimage\"},\"thumbnailUrl\":\"https:\/\/teiaeducation.ch\/wp-content\/uploads\/2021\/12\/Seasonal-festivity-stand-Handmade-wooden-Waldorf-celebrations-support-Grimms1.jpg\",\"datePublished\":\"2021-12-09T13:06:24+00:00\",\"dateModified\":\"2021-12-14T13:11:09+00:00\",\"description\":\"Le pr\u00e9sentoir en bois naturel d\u00e9coratif pour les saisons et f\u00eates annuelles de Grimm's et un support pour c\u00e9l\u00e9brations Waldorf fait \u00e0 la main.\",\"breadcrumb\":{\"@id\":\"https:\/\/teiaeducation.ch\/fr\/produit\/presentoir-de-fete-decoratif-en-bois-naturel-grimms\/#breadcrumb\"},\"inLanguage\":\"fr-FR\",\"potentialAction\":[{\"@type\":\"ReadAction\",\"target\":[\"https:\/\/teiaeducation.ch\/fr\/produit\/presentoir-de-fete-decoratif-en-bois-naturel-grimms\/\"]}]},{\"@type\":\"ImageObject\",\"inLanguage\":\"fr-FR\",\"@id\":\"https:\/\/teiaeducation.ch\/fr\/produit\/presentoir-de-fete-decoratif-en-bois-naturel-grimms\/#primaryimage\",\"url\":\"https:\/\/teiaeducation.ch\/wp-content\/uploads\/2021\/12\/Seasonal-festivity-stand-Handmade-wooden-Waldorf-celebrations-support-Grimms1.jpg\",\"contentUrl\":\"https:\/\/teiaeducation.ch\/wp-content\/uploads\/2021\/12\/Seasonal-festivity-stand-Handmade-wooden-Waldorf-celebrations-support-Grimms1.jpg\",\"width\":900,\"height\":900,\"caption\":\"Pr\u00e9sentoir en bois pour saisons et f\u00eates annuelles \/ Support pour c\u00e9l\u00e9brations Waldorf fait \u00e0 la main - Grimm's\"},{\"@type\":\"BreadcrumbList\",\"@id\":\"https:\/\/teiaeducation.ch\/fr\/produit\/presentoir-de-fete-decoratif-en-bois-naturel-grimms\/#breadcrumb\",\"itemListElement\":[{\"@type\":\"ListItem\",\"position\":1,\"name\":\"Home\",\"item\":\"https:\/\/teiaeducation.ch\/fr\/\"},{\"@type\":\"ListItem\",\"position\":2,\"name\":\"Boutique Teia Education &amp; Play\",\"item\":\"https:\/\/teiaeducation.ch\/fr\/boutique\/\"},{\"@type\":\"ListItem\",\"position\":3,\"name\":\"Nos Marques\",\"item\":\"https:\/\/teiaeducation.ch\/fr\/categorie-produit\/marques\/\"},{\"@type\":\"ListItem\",\"position\":4,\"name\":\"Grimm's\",\"item\":\"https:\/\/teiaeducation.ch\/fr\/categorie-produit\/marques\/grimms-fr\/\"},{\"@type\":\"ListItem\",\"position\":5,\"name\":\"Pr\u00e9sentoir en bois pour saisons et f\u00eates annuelles &#8211; Grimm&#8217;s\"}]},{\"@type\":\"WebSite\",\"@id\":\"https:\/\/teiaeducation.ch\/fr\/#website\",\"url\":\"https:\/\/teiaeducation.ch\/fr\/\",\"name\":\"Sustainable Educational Products &amp; Ecological Toys\u00a0\",\"description\":\"Specialised Swiss shop selling sustainable educational toys and games, AMI certified Montessori materials, handmade ecological wooden Waldorf toys and arts &amp; crafts supplies, school supplies, children&#039;s furniture and Montessori reference and parenting books.\",\"publisher\":{\"@id\":\"https:\/\/teiaeducation.ch\/fr\/#organization\"},\"alternateName\":\"Teia Education & Play\",\"potentialAction\":[{\"@type\":\"SearchAction\",\"target\":{\"@type\":\"EntryPoint\",\"urlTemplate\":\"https:\/\/teiaeducation.ch\/fr\/?s={search_term_string}\"},\"query-input\":{\"@type\":\"PropertyValueSpecification\",\"valueRequired\":true,\"valueName\":\"search_term_string\"}}],\"inLanguage\":\"fr-FR\"},{\"@type\":\"Organization\",\"@id\":\"https:\/\/teiaeducation.ch\/fr\/#organization\",\"name\":\"Teia Education & Play\",\"url\":\"https:\/\/teiaeducation.ch\/fr\/\",\"logo\":{\"@type\":\"ImageObject\",\"inLanguage\":\"fr-FR\",\"@id\":\"https:\/\/teiaeducation.ch\/fr\/#\/schema\/logo\/image\/\",\"url\":\"https:\/\/teiaeducation.ch\/wp-content\/uploads\/2020\/11\/Teia-Education-Switzerland-e1620156442216.jpg\",\"contentUrl\":\"https:\/\/teiaeducation.ch\/wp-content\/uploads\/2020\/11\/Teia-Education-Switzerland-e1620156442216.jpg\",\"width\":166,\"height\":145,\"caption\":\"Teia Education & Play\"},\"image\":{\"@id\":\"https:\/\/teiaeducation.ch\/fr\/#\/schema\/logo\/image\/\"},\"sameAs\":[\"https:\/\/www.facebook.com\/teiaeducation\/\",\"https:\/\/x.com\/EducationTeia\",\"https:\/\/www.instagram.com\/teia.education\/\",\"https:\/\/www.linkedin.com\/company\/35501660\",\"https:\/\/www.pinterest.ch\/TeiaEducation\/\"]}]}<\/script>\n<!-- \/ Yoast SEO plugin. -->","yoast_head_json":{"title":"Pr\u00e9sentoir en bois pour les saisons et f\u00eates annuelles - Grimm\u2019s","description":"Le pr\u00e9sentoir en bois naturel d\u00e9coratif pour les saisons et f\u00eates annuelles de Grimm's et un support pour c\u00e9l\u00e9brations Waldorf fait \u00e0 la main.","robots":{"index":"index","follow":"follow","max-snippet":"max-snippet:-1","max-image-preview":"max-image-preview:large","max-video-preview":"max-video-preview:-1"},"canonical":"https:\/\/teiaeducation.ch\/fr\/produit\/presentoir-de-fete-decoratif-en-bois-naturel-grimms\/","og_locale":"fr_FR","og_type":"article","og_title":"Pr\u00e9sentoir en bois pour les saisons et f\u00eates annuelles - Grimm\u2019s","og_description":"Le pr\u00e9sentoir en bois naturel d\u00e9coratif pour les saisons et f\u00eates annuelles de Grimm's et un support pour c\u00e9l\u00e9brations Waldorf fait \u00e0 la main.","og_url":"https:\/\/teiaeducation.ch\/fr\/produit\/presentoir-de-fete-decoratif-en-bois-naturel-grimms\/","og_site_name":"Sustainable Educational Products &amp; Ecological Toys\u00a0","article_publisher":"https:\/\/www.facebook.com\/teiaeducation\/","article_modified_time":"2021-12-14T13:11:09+00:00","og_image":[{"width":900,"height":900,"url":"https:\/\/teiaeducation.ch\/wp-content\/uploads\/2021\/12\/Seasonal-festivity-stand-Handmade-wooden-Waldorf-celebrations-support-Grimms1.jpg","type":"image\/jpeg"}],"schema":{"@context":"https:\/\/schema.org","@graph":[{"@type":"WebPage","@id":"https:\/\/teiaeducation.ch\/fr\/produit\/presentoir-de-fete-decoratif-en-bois-naturel-grimms\/","url":"https:\/\/teiaeducation.ch\/fr\/produit\/presentoir-de-fete-decoratif-en-bois-naturel-grimms\/","name":"Pr\u00e9sentoir en bois pour les saisons et f\u00eates annuelles - Grimm\u2019s","isPartOf":{"@id":"https:\/\/teiaeducation.ch\/fr\/#website"},"primaryImageOfPage":{"@id":"https:\/\/teiaeducation.ch\/fr\/produit\/presentoir-de-fete-decoratif-en-bois-naturel-grimms\/#primaryimage"},"image":{"@id":"https:\/\/teiaeducation.ch\/fr\/produit\/presentoir-de-fete-decoratif-en-bois-naturel-grimms\/#primaryimage"},"thumbnailUrl":"https:\/\/teiaeducation.ch\/wp-content\/uploads\/2021\/12\/Seasonal-festivity-stand-Handmade-wooden-Waldorf-celebrations-support-Grimms1.jpg","datePublished":"2021-12-09T13:06:24+00:00","dateModified":"2021-12-14T13:11:09+00:00","description":"Le pr\u00e9sentoir en bois naturel d\u00e9coratif pour les saisons et f\u00eates annuelles de Grimm's et un support pour c\u00e9l\u00e9brations Waldorf fait \u00e0 la main.","breadcrumb":{"@id":"https:\/\/teiaeducation.ch\/fr\/produit\/presentoir-de-fete-decoratif-en-bois-naturel-grimms\/#breadcrumb"},"inLanguage":"fr-FR","potentialAction":[{"@type":"ReadAction","target":["https:\/\/teiaeducation.ch\/fr\/produit\/presentoir-de-fete-decoratif-en-bois-naturel-grimms\/"]}]},{"@type":"ImageObject","inLanguage":"fr-FR","@id":"https:\/\/teiaeducation.ch\/fr\/produit\/presentoir-de-fete-decoratif-en-bois-naturel-grimms\/#primaryimage","url":"https:\/\/teiaeducation.ch\/wp-content\/uploads\/2021\/12\/Seasonal-festivity-stand-Handmade-wooden-Waldorf-celebrations-support-Grimms1.jpg","contentUrl":"https:\/\/teiaeducation.ch\/wp-content\/uploads\/2021\/12\/Seasonal-festivity-stand-Handmade-wooden-Waldorf-celebrations-support-Grimms1.jpg","width":900,"height":900,"caption":"Pr\u00e9sentoir en bois pour saisons et f\u00eates annuelles \/ Support pour c\u00e9l\u00e9brations Waldorf fait \u00e0 la main - Grimm's"},{"@type":"BreadcrumbList","@id":"https:\/\/teiaeducation.ch\/fr\/produit\/presentoir-de-fete-decoratif-en-bois-naturel-grimms\/#breadcrumb","itemListElement":[{"@type":"ListItem","position":1,"name":"Home","item":"https:\/\/teiaeducation.ch\/fr\/"},{"@type":"ListItem","position":2,"name":"Boutique Teia Education &amp; Play","item":"https:\/\/teiaeducation.ch\/fr\/boutique\/"},{"@type":"ListItem","position":3,"name":"Nos Marques","item":"https:\/\/teiaeducation.ch\/fr\/categorie-produit\/marques\/"},{"@type":"ListItem","position":4,"name":"Grimm's","item":"https:\/\/teiaeducation.ch\/fr\/categorie-produit\/marques\/grimms-fr\/"},{"@type":"ListItem","position":5,"name":"Pr\u00e9sentoir en bois pour saisons et f\u00eates annuelles &#8211; Grimm&#8217;s"}]},{"@type":"WebSite","@id":"https:\/\/teiaeducation.ch\/fr\/#website","url":"https:\/\/teiaeducation.ch\/fr\/","name":"Sustainable Educational Products &amp; Ecological Toys\u00a0","description":"Specialised Swiss shop selling sustainable educational toys and games, AMI certified Montessori materials, handmade ecological wooden Waldorf toys and arts &amp; crafts supplies, school supplies, children&#039;s furniture and Montessori reference and parenting books.","publisher":{"@id":"https:\/\/teiaeducation.ch\/fr\/#organization"},"alternateName":"Teia Education & Play","potentialAction":[{"@type":"SearchAction","target":{"@type":"EntryPoint","urlTemplate":"https:\/\/teiaeducation.ch\/fr\/?s={search_term_string}"},"query-input":{"@type":"PropertyValueSpecification","valueRequired":true,"valueName":"search_term_string"}}],"inLanguage":"fr-FR"},{"@type":"Organization","@id":"https:\/\/teiaeducation.ch\/fr\/#organization","name":"Teia Education & Play","url":"https:\/\/teiaeducation.ch\/fr\/","logo":{"@type":"ImageObject","inLanguage":"fr-FR","@id":"https:\/\/teiaeducation.ch\/fr\/#\/schema\/logo\/image\/","url":"https:\/\/teiaeducation.ch\/wp-content\/uploads\/2020\/11\/Teia-Education-Switzerland-e1620156442216.jpg","contentUrl":"https:\/\/teiaeducation.ch\/wp-content\/uploads\/2020\/11\/Teia-Education-Switzerland-e1620156442216.jpg","width":166,"height":145,"caption":"Teia Education & Play"},"image":{"@id":"https:\/\/teiaeducation.ch\/fr\/#\/schema\/logo\/image\/"},"sameAs":["https:\/\/www.facebook.com\/teiaeducation\/","https:\/\/x.com\/EducationTeia","https:\/\/www.instagram.com\/teia.education\/","https:\/\/www.linkedin.com\/company\/35501660","https:\/\/www.pinterest.ch\/TeiaEducation\/"]}]}},"_links":{"self":[{"href":"https:\/\/teiaeducation.ch\/fr\/wp-json\/wp\/v2\/product\/42752","targetHints":{"allow":["GET"]}}],"collection":[{"href":"https:\/\/teiaeducation.ch\/fr\/wp-json\/wp\/v2\/product"}],"about":[{"href":"https:\/\/teiaeducation.ch\/fr\/wp-json\/wp\/v2\/types\/product"}],"replies":[{"embeddable":true,"href":"https:\/\/teiaeducation.ch\/fr\/wp-json\/wp\/v2\/comments?post=42752"}],"wp:featuredmedia":[{"embeddable":true,"href":"https:\/\/teiaeducation.ch\/fr\/wp-json\/wp\/v2\/media\/42763"}],"wp:attachment":[{"href":"https:\/\/teiaeducation.ch\/fr\/wp-json\/wp\/v2\/media?parent=42752"}],"wp:term":[{"taxonomy":"product_brand","embeddable":true,"href":"https:\/\/teiaeducation.ch\/fr\/wp-json\/wp\/v2\/product_brand?post=42752"},{"taxonomy":"product_cat","embeddable":true,"href":"https:\/\/teiaeducation.ch\/fr\/wp-json\/wp\/v2\/product_cat?post=42752"},{"taxonomy":"product_tag","embeddable":true,"href":"https:\/\/teiaeducation.ch\/fr\/wp-json\/wp\/v2\/product_tag?post=42752"}],"curies":[{"name":"wp","href":"https:\/\/api.w.org\/{rel}","templated":true}]}}