{"id":42770,"date":"2021-12-09T14:32:41","date_gmt":"2021-12-09T13:32:41","guid":{"rendered":"https:\/\/teiaeducation.ch\/?post_type=product&#038;p=42770"},"modified":"2021-12-14T14:04:21","modified_gmt":"2021-12-14T13:04:21","slug":"grand-cercle-de-couleurs-goethe-grimms","status":"publish","type":"product","link":"https:\/\/teiaeducation.ch\/fr\/produit\/grand-cercle-de-couleurs-goethe-grimms\/","title":{"rendered":"Le grand cercle de couleurs Goethe &#8211; Grimm\u2019s"},"content":{"rendered":"<p>Le grand cercle de couleur Goethe de Grimm\u2019s, bas\u00e9 sur le livre de Johann Wolfgang von Goethe sur la th\u00e9orie des <a href=\"https:\/\/teiaeducation.ch\/fr\/categorie-produit\/domaines-du-curriculum\/sensorielles-motrices\/apprendre-les-couleurs\/\">couleurs<\/a>, refl\u00e8te le point de vue du po\u00e8te sur la nature des couleurs et la fa\u00e7on dont elles sont per\u00e7ues par les humains. Con\u00e7u comme un jeu de table pour les enfants plus \u00e2g\u00e9s et les adultes, le grand cercle des couleurs de Goethe commence par le rouge, le jaune et le bleu comme couleurs pures, ou couleurs primaires. Apr\u00e8s avoir regard\u00e9 attentivement l&#8217;une de ces couleurs pures, l&#8217;\u0153il percevra les couleurs compl\u00e9mentaires, qui sont oppos\u00e9es aux couleurs primaires dans le cercle chromatique de Goethe.<\/p>\n<p>En raison des huit \u00e9l\u00e9ments fractionnaires du puzzle du cercle chromatique, deux nuances de rouge et deux nuances de vert peuvent \u00eatre vues ensemble. Ce puzzle cr\u00e9atif permet \u00e0 l&#8217;enfant d&#8217;apprendre la relation entre les couleurs, tant primaires que secondaires. Les pi\u00e8ces color\u00e9es peuvent \u00eatre m\u00e9lang\u00e9es puis dispos\u00e9es en cercle dans une s\u00e9rie de couleurs primaires et compl\u00e9mentaires oppos\u00e9es.<\/p>\n<p>Ce merveilleux ensemble comprend 24 blocs de puzzle en bois et un plateau de rangement. Il peut \u00eatre utilis\u00e9 pour d\u00e9velopper le sens des couleurs et des formes tout en encourageant la perception spatiale et la pens\u00e9e logique. Chaque bloc a une \u00e9paisseur approximative de 2 cm et le plateau a un diam\u00e8tre de 28 cm. Les blocs du cercle de couleurs de Goethe Grimm&#8217;s sont fabriqu\u00e9s en bois de bouleau et sont peints dans de magnifiques tons vifs avec une teinture non toxique \u00e0 base d&#8217;eau, ce qui les rend s\u00fbrs pour les (petits) enfants.<\/p>\n<p>Id\u00e9al pour jouer \u00e0 la maison, \u00e0 la cr\u00e8che, \u00e0 Waldorf ou \u00e0 l\u2019\u00e9cole Steiner, les beaux jouets en bois naturel de Grimm&#8217;s sont fabriqu\u00e9s selon la philosophie Waldorf qui est bien connue pour encourager les enfants \u00e0 d\u00e9couvrir le jeu cr\u00e9atif de mani\u00e8re ind\u00e9pendante, sans limitations et \u00e0 un rythme effr\u00e9n\u00e9. Les jouets en bois de Grimm&#8217;s sont color\u00e9s \u00e0 la main avec des peintures \u00e0 base d\u2019eau non toxiques et ne sont pas finis avec de la laque pour assurer les caract\u00e9ristiques originales du bois et pour qu&#8217;on puisse voir le grain \u00e0 travers. La surface des morceaux de bois europ\u00e9ens certifi\u00e9s FSC est laiss\u00e9e l\u00e9g\u00e8rement rugueuse, ce qui les rend plus facilement empilables et moins glissants.<\/p>\n<p>Les jouets en bois de Grimm&#8217;s sont fabriqu\u00e9s dans les installations de Grimm&#8217;s en Allemagne ainsi que dans plusieurs ateliers \u00e0 travers l\u2019Europe \u00e0 partir de diff\u00e9rents types de bois tels que l\u2019aulne, la chaux, le h\u00eatre et l\u2019\u00e9rable. Tout le bois utilis\u00e9 pour fabriquer les jouets de Grimm&#8217;s provient de for\u00eats europ\u00e9ennes g\u00e9r\u00e9es de mani\u00e8re durable.<\/p>\n<p>Veuillez noter que les jouets de Grimm&#8217;s sont toujours uniques, et portent des marques uniques faites par la nature. Le grain de bois a des structures et des couleurs changeantes qui servent de preuve de ses origines naturelles. Les variations uniques, les marques, les noeuds, les motifs, les rayures noires ou les taches sombres qui peuvent \u00eatre visibles dans le bois d\u2019un jouet de Grimm&#8217;s sont une preuve de qualit\u00e9, et non des d\u00e9fauts.<\/p>\n<p>Le grand cercle de couleurs Goethe Grimm\u2019s convient aux enfants \u00e2g\u00e9s de 5 ans et plus.<\/p>\n<p>Contenu :<\/p>\n<p>1 set de 24 blocs en bois<br \/>\n1 plateau en bois pour le rangement<\/p>\n","protected":false},"excerpt":{"rendered":"<p>Num\u00e9ro d&#8217;article: gri43260<\/p>\n<p>Le grand cercle de couleurs de Grimm\u2019s, bas\u00e9 sur le livre de Johann Wolfgang von Goethe sur la th\u00e9orie des couleurs, refl\u00e8te la vision de la nature des couleurs.<\/p>\n","protected":false},"featured_media":42775,"comment_status":"open","ping_status":"closed","template":"","meta":[],"product_brand":[],"product_cat":[215,216,633,13150,22344,24872,283,17212,16897,21257,13130,23020,22181,23021,23650,13140,7595,217,5851,209,212,1219],"product_tag":[17463,17944,8625,17332,20108,17462,20107,17331,22191,19737,17464,20109],"class_list":{"0":"post-42770","1":"product","2":"type-product","3":"status-publish","4":"has-post-thumbnail","6":"product_cat-3-6-ans","7":"product_cat-6-12-ans","8":"product_cat-apprendre-les-couleurs","9":"product_cat-blocs-de-construction-en-bois","10":"product_cat-collections-saisonnieres","11":"product_cat-construction-mondes-arc-en-ciel","12":"product_cat-domaines-du-curriculum","13":"product_cat-grimms-fr","14":"product_cat-guide-cadeau-6-12-ans","15":"product_cat-guides-cadeaux","16":"product_cat-jouer","17":"product_cat-jouets-en-bois","18":"product_cat-jouets-montessori","19":"product_cat-jouets-waldorf","20":"product_cat-la-rentree-scolaire","21":"product_cat-jeu-libre","22":"product_cat-methode-deducation","23":"product_cat-marques","24":"product_cat-nouveautes","25":"product_cat-sensorielles-motrices","26":"product_cat-tranche-dage","27":"product_cat-waldorf-fr","28":"product_tag-assortiment-de-blocs-de-construction-en-bois-de-grimm","29":"product_tag-blocs-de-bois-arc-en-ciel-de-grimm","30":"product_tag-fabrique-en-allemagne","31":"product_tag-grimm-suisse","32":"product_tag-jeu-de-blocs-de-construction-en-bois-waldorf","33":"product_tag-jeux-libres-en-bois","34":"product_tag-jouet-en-bois-fait-main-couleurs-arc-en-ciel","35":"product_tag-jouets-en-bois-waldorf","36":"product_tag-le-grand-cercle-de-couleurs-goethe-grimms","37":"product_tag-le-magasin-de-jouets-en-bois-de-grimms","38":"product_tag-les-quatre-elements-waldorf","39":"product_tag-petit-cercle-de-couleurs-goethe-grimms","41":"first","42":"outofstock","43":"taxable","44":"shipping-taxable","45":"purchasable","46":"product-type-simple"},"yoast_head":"<!-- This site is optimized with the Yoast SEO plugin v27.1.1 - https:\/\/yoast.com\/product\/yoast-seo-wordpress\/ -->\n<title>Le grand cercle de couleurs Goethe - Grimm\u2019s - Teia Education &amp; Play<\/title>\n<meta name=\"description\" content=\"Le grand cercle de couleurs de Grimm\u2019s, bas\u00e9 sur la th\u00e9orie et le livre de Johann Wolfgang von Goethe, refl\u00e8te la vision de la nature des couleurs.\" \/>\n<meta name=\"robots\" content=\"index, follow, max-snippet:-1, max-image-preview:large, max-video-preview:-1\" \/>\n<link rel=\"canonical\" href=\"https:\/\/teiaeducation.ch\/fr\/produit\/grand-cercle-de-couleurs-goethe-grimms\/\" \/>\n<meta property=\"og:locale\" content=\"fr_FR\" \/>\n<meta property=\"og:type\" content=\"article\" \/>\n<meta property=\"og:title\" content=\"Le grand cercle de couleurs Goethe - Grimm\u2019s - Teia Education &amp; Play\" \/>\n<meta property=\"og:description\" content=\"Le grand cercle de couleurs de Grimm\u2019s, bas\u00e9 sur la th\u00e9orie et le livre de Johann Wolfgang von Goethe, refl\u00e8te la vision de la nature des couleurs.\" \/>\n<meta property=\"og:url\" content=\"https:\/\/teiaeducation.ch\/fr\/produit\/grand-cercle-de-couleurs-goethe-grimms\/\" \/>\n<meta property=\"og:site_name\" content=\"Sustainable Educational Products &amp; Ecological Toys\u00a0\" \/>\n<meta property=\"article:publisher\" content=\"https:\/\/www.facebook.com\/teiaeducation\/\" \/>\n<meta property=\"article:modified_time\" content=\"2021-12-14T13:04:21+00:00\" \/>\n<meta property=\"og:image\" content=\"https:\/\/teiaeducation.ch\/wp-content\/uploads\/2021\/12\/Large-colour-circle-Goethe-Grimms.jpg\" \/>\n\t<meta property=\"og:image:width\" content=\"900\" \/>\n\t<meta property=\"og:image:height\" content=\"900\" \/>\n\t<meta property=\"og:image:type\" content=\"image\/jpeg\" \/>\n<script type=\"application\/ld+json\" class=\"yoast-schema-graph\">{\"@context\":\"https:\/\/schema.org\",\"@graph\":[{\"@type\":\"WebPage\",\"@id\":\"https:\/\/teiaeducation.ch\/fr\/produit\/grand-cercle-de-couleurs-goethe-grimms\/\",\"url\":\"https:\/\/teiaeducation.ch\/fr\/produit\/grand-cercle-de-couleurs-goethe-grimms\/\",\"name\":\"Le grand cercle de couleurs Goethe - Grimm\u2019s - Teia Education & Play\",\"isPartOf\":{\"@id\":\"https:\/\/teiaeducation.ch\/fr\/#website\"},\"primaryImageOfPage\":{\"@id\":\"https:\/\/teiaeducation.ch\/fr\/produit\/grand-cercle-de-couleurs-goethe-grimms\/#primaryimage\"},\"image\":{\"@id\":\"https:\/\/teiaeducation.ch\/fr\/produit\/grand-cercle-de-couleurs-goethe-grimms\/#primaryimage\"},\"thumbnailUrl\":\"https:\/\/teiaeducation.ch\/wp-content\/uploads\/2021\/12\/Large-colour-circle-Goethe-Grimms.jpg\",\"datePublished\":\"2021-12-09T13:32:41+00:00\",\"dateModified\":\"2021-12-14T13:04:21+00:00\",\"description\":\"Le grand cercle de couleurs de Grimm\u2019s, bas\u00e9 sur la th\u00e9orie et le livre de Johann Wolfgang von Goethe, refl\u00e8te la vision de la nature des couleurs.\",\"breadcrumb\":{\"@id\":\"https:\/\/teiaeducation.ch\/fr\/produit\/grand-cercle-de-couleurs-goethe-grimms\/#breadcrumb\"},\"inLanguage\":\"fr-FR\",\"potentialAction\":[{\"@type\":\"ReadAction\",\"target\":[\"https:\/\/teiaeducation.ch\/fr\/produit\/grand-cercle-de-couleurs-goethe-grimms\/\"]}]},{\"@type\":\"ImageObject\",\"inLanguage\":\"fr-FR\",\"@id\":\"https:\/\/teiaeducation.ch\/fr\/produit\/grand-cercle-de-couleurs-goethe-grimms\/#primaryimage\",\"url\":\"https:\/\/teiaeducation.ch\/wp-content\/uploads\/2021\/12\/Large-colour-circle-Goethe-Grimms.jpg\",\"contentUrl\":\"https:\/\/teiaeducation.ch\/wp-content\/uploads\/2021\/12\/Large-colour-circle-Goethe-Grimms.jpg\",\"width\":900,\"height\":900,\"caption\":\"Le grand cercle de couleurs Johann Wolfgang von Goethe - Grimm's\"},{\"@type\":\"BreadcrumbList\",\"@id\":\"https:\/\/teiaeducation.ch\/fr\/produit\/grand-cercle-de-couleurs-goethe-grimms\/#breadcrumb\",\"itemListElement\":[{\"@type\":\"ListItem\",\"position\":1,\"name\":\"Home\",\"item\":\"https:\/\/teiaeducation.ch\/fr\/\"},{\"@type\":\"ListItem\",\"position\":2,\"name\":\"Boutique Teia Education &amp; Play\",\"item\":\"https:\/\/teiaeducation.ch\/fr\/boutique\/\"},{\"@type\":\"ListItem\",\"position\":3,\"name\":\"Nos Marques\",\"item\":\"https:\/\/teiaeducation.ch\/fr\/categorie-produit\/marques\/\"},{\"@type\":\"ListItem\",\"position\":4,\"name\":\"Grimm's\",\"item\":\"https:\/\/teiaeducation.ch\/fr\/categorie-produit\/marques\/grimms-fr\/\"},{\"@type\":\"ListItem\",\"position\":5,\"name\":\"Le grand cercle de couleurs Goethe &#8211; Grimm\u2019s\"}]},{\"@type\":\"WebSite\",\"@id\":\"https:\/\/teiaeducation.ch\/fr\/#website\",\"url\":\"https:\/\/teiaeducation.ch\/fr\/\",\"name\":\"Sustainable Educational Products &amp; Ecological Toys\u00a0\",\"description\":\"Specialised Swiss shop selling sustainable educational toys and games, AMI certified Montessori materials, handmade ecological wooden Waldorf toys and arts &amp; crafts supplies, school supplies, children&#039;s furniture and Montessori reference and parenting books.\",\"publisher\":{\"@id\":\"https:\/\/teiaeducation.ch\/fr\/#organization\"},\"alternateName\":\"Teia Education & Play\",\"potentialAction\":[{\"@type\":\"SearchAction\",\"target\":{\"@type\":\"EntryPoint\",\"urlTemplate\":\"https:\/\/teiaeducation.ch\/fr\/?s={search_term_string}\"},\"query-input\":{\"@type\":\"PropertyValueSpecification\",\"valueRequired\":true,\"valueName\":\"search_term_string\"}}],\"inLanguage\":\"fr-FR\"},{\"@type\":\"Organization\",\"@id\":\"https:\/\/teiaeducation.ch\/fr\/#organization\",\"name\":\"Teia Education & Play\",\"url\":\"https:\/\/teiaeducation.ch\/fr\/\",\"logo\":{\"@type\":\"ImageObject\",\"inLanguage\":\"fr-FR\",\"@id\":\"https:\/\/teiaeducation.ch\/fr\/#\/schema\/logo\/image\/\",\"url\":\"https:\/\/teiaeducation.ch\/wp-content\/uploads\/2020\/11\/Teia-Education-Switzerland-e1620156442216.jpg\",\"contentUrl\":\"https:\/\/teiaeducation.ch\/wp-content\/uploads\/2020\/11\/Teia-Education-Switzerland-e1620156442216.jpg\",\"width\":166,\"height\":145,\"caption\":\"Teia Education & Play\"},\"image\":{\"@id\":\"https:\/\/teiaeducation.ch\/fr\/#\/schema\/logo\/image\/\"},\"sameAs\":[\"https:\/\/www.facebook.com\/teiaeducation\/\",\"https:\/\/x.com\/EducationTeia\",\"https:\/\/www.instagram.com\/teia.education\/\",\"https:\/\/www.linkedin.com\/company\/35501660\",\"https:\/\/www.pinterest.ch\/TeiaEducation\/\"]}]}<\/script>\n<!-- \/ Yoast SEO plugin. -->","yoast_head_json":{"title":"Le grand cercle de couleurs Goethe - Grimm\u2019s - Teia Education & Play","description":"Le grand cercle de couleurs de Grimm\u2019s, bas\u00e9 sur la th\u00e9orie et le livre de Johann Wolfgang von Goethe, refl\u00e8te la vision de la nature des couleurs.","robots":{"index":"index","follow":"follow","max-snippet":"max-snippet:-1","max-image-preview":"max-image-preview:large","max-video-preview":"max-video-preview:-1"},"canonical":"https:\/\/teiaeducation.ch\/fr\/produit\/grand-cercle-de-couleurs-goethe-grimms\/","og_locale":"fr_FR","og_type":"article","og_title":"Le grand cercle de couleurs Goethe - Grimm\u2019s - Teia Education & Play","og_description":"Le grand cercle de couleurs de Grimm\u2019s, bas\u00e9 sur la th\u00e9orie et le livre de Johann Wolfgang von Goethe, refl\u00e8te la vision de la nature des couleurs.","og_url":"https:\/\/teiaeducation.ch\/fr\/produit\/grand-cercle-de-couleurs-goethe-grimms\/","og_site_name":"Sustainable Educational Products &amp; Ecological Toys\u00a0","article_publisher":"https:\/\/www.facebook.com\/teiaeducation\/","article_modified_time":"2021-12-14T13:04:21+00:00","og_image":[{"width":900,"height":900,"url":"https:\/\/teiaeducation.ch\/wp-content\/uploads\/2021\/12\/Large-colour-circle-Goethe-Grimms.jpg","type":"image\/jpeg"}],"schema":{"@context":"https:\/\/schema.org","@graph":[{"@type":"WebPage","@id":"https:\/\/teiaeducation.ch\/fr\/produit\/grand-cercle-de-couleurs-goethe-grimms\/","url":"https:\/\/teiaeducation.ch\/fr\/produit\/grand-cercle-de-couleurs-goethe-grimms\/","name":"Le grand cercle de couleurs Goethe - Grimm\u2019s - Teia Education & Play","isPartOf":{"@id":"https:\/\/teiaeducation.ch\/fr\/#website"},"primaryImageOfPage":{"@id":"https:\/\/teiaeducation.ch\/fr\/produit\/grand-cercle-de-couleurs-goethe-grimms\/#primaryimage"},"image":{"@id":"https:\/\/teiaeducation.ch\/fr\/produit\/grand-cercle-de-couleurs-goethe-grimms\/#primaryimage"},"thumbnailUrl":"https:\/\/teiaeducation.ch\/wp-content\/uploads\/2021\/12\/Large-colour-circle-Goethe-Grimms.jpg","datePublished":"2021-12-09T13:32:41+00:00","dateModified":"2021-12-14T13:04:21+00:00","description":"Le grand cercle de couleurs de Grimm\u2019s, bas\u00e9 sur la th\u00e9orie et le livre de Johann Wolfgang von Goethe, refl\u00e8te la vision de la nature des couleurs.","breadcrumb":{"@id":"https:\/\/teiaeducation.ch\/fr\/produit\/grand-cercle-de-couleurs-goethe-grimms\/#breadcrumb"},"inLanguage":"fr-FR","potentialAction":[{"@type":"ReadAction","target":["https:\/\/teiaeducation.ch\/fr\/produit\/grand-cercle-de-couleurs-goethe-grimms\/"]}]},{"@type":"ImageObject","inLanguage":"fr-FR","@id":"https:\/\/teiaeducation.ch\/fr\/produit\/grand-cercle-de-couleurs-goethe-grimms\/#primaryimage","url":"https:\/\/teiaeducation.ch\/wp-content\/uploads\/2021\/12\/Large-colour-circle-Goethe-Grimms.jpg","contentUrl":"https:\/\/teiaeducation.ch\/wp-content\/uploads\/2021\/12\/Large-colour-circle-Goethe-Grimms.jpg","width":900,"height":900,"caption":"Le grand cercle de couleurs Johann Wolfgang von Goethe - Grimm's"},{"@type":"BreadcrumbList","@id":"https:\/\/teiaeducation.ch\/fr\/produit\/grand-cercle-de-couleurs-goethe-grimms\/#breadcrumb","itemListElement":[{"@type":"ListItem","position":1,"name":"Home","item":"https:\/\/teiaeducation.ch\/fr\/"},{"@type":"ListItem","position":2,"name":"Boutique Teia Education &amp; Play","item":"https:\/\/teiaeducation.ch\/fr\/boutique\/"},{"@type":"ListItem","position":3,"name":"Nos Marques","item":"https:\/\/teiaeducation.ch\/fr\/categorie-produit\/marques\/"},{"@type":"ListItem","position":4,"name":"Grimm's","item":"https:\/\/teiaeducation.ch\/fr\/categorie-produit\/marques\/grimms-fr\/"},{"@type":"ListItem","position":5,"name":"Le grand cercle de couleurs Goethe &#8211; Grimm\u2019s"}]},{"@type":"WebSite","@id":"https:\/\/teiaeducation.ch\/fr\/#website","url":"https:\/\/teiaeducation.ch\/fr\/","name":"Sustainable Educational Products &amp; Ecological Toys\u00a0","description":"Specialised Swiss shop selling sustainable educational toys and games, AMI certified Montessori materials, handmade ecological wooden Waldorf toys and arts &amp; crafts supplies, school supplies, children&#039;s furniture and Montessori reference and parenting books.","publisher":{"@id":"https:\/\/teiaeducation.ch\/fr\/#organization"},"alternateName":"Teia Education & Play","potentialAction":[{"@type":"SearchAction","target":{"@type":"EntryPoint","urlTemplate":"https:\/\/teiaeducation.ch\/fr\/?s={search_term_string}"},"query-input":{"@type":"PropertyValueSpecification","valueRequired":true,"valueName":"search_term_string"}}],"inLanguage":"fr-FR"},{"@type":"Organization","@id":"https:\/\/teiaeducation.ch\/fr\/#organization","name":"Teia Education & Play","url":"https:\/\/teiaeducation.ch\/fr\/","logo":{"@type":"ImageObject","inLanguage":"fr-FR","@id":"https:\/\/teiaeducation.ch\/fr\/#\/schema\/logo\/image\/","url":"https:\/\/teiaeducation.ch\/wp-content\/uploads\/2020\/11\/Teia-Education-Switzerland-e1620156442216.jpg","contentUrl":"https:\/\/teiaeducation.ch\/wp-content\/uploads\/2020\/11\/Teia-Education-Switzerland-e1620156442216.jpg","width":166,"height":145,"caption":"Teia Education & Play"},"image":{"@id":"https:\/\/teiaeducation.ch\/fr\/#\/schema\/logo\/image\/"},"sameAs":["https:\/\/www.facebook.com\/teiaeducation\/","https:\/\/x.com\/EducationTeia","https:\/\/www.instagram.com\/teia.education\/","https:\/\/www.linkedin.com\/company\/35501660","https:\/\/www.pinterest.ch\/TeiaEducation\/"]}]}},"_links":{"self":[{"href":"https:\/\/teiaeducation.ch\/fr\/wp-json\/wp\/v2\/product\/42770","targetHints":{"allow":["GET"]}}],"collection":[{"href":"https:\/\/teiaeducation.ch\/fr\/wp-json\/wp\/v2\/product"}],"about":[{"href":"https:\/\/teiaeducation.ch\/fr\/wp-json\/wp\/v2\/types\/product"}],"replies":[{"embeddable":true,"href":"https:\/\/teiaeducation.ch\/fr\/wp-json\/wp\/v2\/comments?post=42770"}],"wp:featuredmedia":[{"embeddable":true,"href":"https:\/\/teiaeducation.ch\/fr\/wp-json\/wp\/v2\/media\/42775"}],"wp:attachment":[{"href":"https:\/\/teiaeducation.ch\/fr\/wp-json\/wp\/v2\/media?parent=42770"}],"wp:term":[{"taxonomy":"product_brand","embeddable":true,"href":"https:\/\/teiaeducation.ch\/fr\/wp-json\/wp\/v2\/product_brand?post=42770"},{"taxonomy":"product_cat","embeddable":true,"href":"https:\/\/teiaeducation.ch\/fr\/wp-json\/wp\/v2\/product_cat?post=42770"},{"taxonomy":"product_tag","embeddable":true,"href":"https:\/\/teiaeducation.ch\/fr\/wp-json\/wp\/v2\/product_tag?post=42770"}],"curies":[{"name":"wp","href":"https:\/\/api.w.org\/{rel}","templated":true}]}}