{"id":42784,"date":"2021-12-09T14:44:32","date_gmt":"2021-12-09T13:44:32","guid":{"rendered":"https:\/\/teiaeducation.ch\/?post_type=product&#038;p=42784"},"modified":"2021-12-14T14:01:47","modified_gmt":"2021-12-14T13:01:47","slug":"jouet-a-empiler-maison-en-bois-naturel-grimms","status":"publish","type":"product","link":"https:\/\/teiaeducation.ch\/fr\/produit\/jouet-a-empiler-maison-en-bois-naturel-grimms\/","title":{"rendered":"Maison en bois naturel &#8211; Grimm&#8217;s"},"content":{"rendered":"<p>Jouet \u00e0 empiler maison en bois naturel &#8211; Grimm&#8217;s<\/p>\n<p>Cette jolie maison en bois naturel de 5 pi\u00e8ces, faite \u00e0 la main et inspir\u00e9e de Waldorf, est un jouet \u00e0 empiler polyvalent qui progresse avec votre enfant ! Convient d\u00e8s l&#8217;\u00e2ge de 1 an, la maison invite les tout-petits \u00e0 empiler, trier et construire. En grandissant, l&#8217;enfant l&#8217;utilisera pour les jeux du petit monde.<\/p>\n<p>La maison doucement arrondie mesure 13 cm de haut et offre une vari\u00e9t\u00e9 infinie de possibilit\u00e9s de jeux ouverts et une exp\u00e9rience sensorielle riche pour l&#8217;enfant. Les pi\u00e8ces peuvent \u00eatre empil\u00e9es ou embo\u00eet\u00e9es les unes sur les autres, les pi\u00e8ces s\u00e9par\u00e9es peuvent \u00eatre utilis\u00e9es comme tunnels pour les trains ou les <a href=\"https:\/\/teiaeducation.ch\/fr\/categorie-produit\/jouer\/elements-routiers-flexibles\/\">\u00e9l\u00e9ments routiers flexibles<\/a>, les maisons peuvent \u00eatre cr\u00e9\u00e9es pour les personnages, les petites poup\u00e9es, les elfes, les f\u00e9es, les nains, les lutins ou autres cr\u00e9atures mythiques. Les pi\u00e8ces en forme de maison peuvent \u00e9galement servir de poulailler ou d&#8217;enclos pour les fermes miniatures et peuvent \u00eatre utilis\u00e9es sur une table de nature ou de saisons Waldorf ou comme compl\u00e9ment aux personnages de la nativit\u00e9 pour une sc\u00e8ne de No\u00ebl.<\/p>\n<p>La maison \u00e0 empiler en bois naturel de Grimm&#8217;s est faite \u00e0 la main \u00e0 partir de bois d&#8217;aulne et finie \u00e0 la main avec une huile v\u00e9g\u00e9tale non toxique.<\/p>\n<p>Id\u00e9aux pour la maison, la cr\u00e8che, Waldorf ou l\u2019\u00e9cole Steiner, les magnifiques jouets en bois naturel de Grimm&#8217;s sont fabriqu\u00e9s selon la philosophie Waldorf qui est bien connue pour encourager les enfants \u00e0 d\u00e9couvrir le jeu cr\u00e9atif de fa\u00e7on ind\u00e9pendante, sans limitations \u00e0 un rythme sans h\u00e2te. Les jouets en bois de Grimm&#8217;s sont color\u00e9s \u00e0 la main avec des peintures \u00e0 base d\u2019eau non toxiques et ne sont pas finis avec de la laque pour assurer les caract\u00e9ristiques originales du bois et pour qu&#8217;on puisse voir le grain \u00e0 travers. La surface des morceaux de bois europ\u00e9ens certifi\u00e9s FSC est laiss\u00e9e l\u00e9g\u00e8rement rugueuse, ce qui les rend plus facilement empilables et moins glissants.<\/p>\n<p>Les jouets en bois de Grimm&#8217;s sont fabriqu\u00e9s dans les installations de Grimm&#8217;s en Allemagne ainsi que dans plusieurs ateliers \u00e0 travers l\u2019Europe \u00e0 partir de diff\u00e9rents types de bois tels que l\u2019aulne, la chaux, le h\u00eatre et l\u2019\u00e9rable. Tout le bois utilis\u00e9 pour fabriquer les jouets de Grimm&#8217;s provient de for\u00eats europ\u00e9ennes g\u00e9r\u00e9es de mani\u00e8re durable.<\/p>\n<p>Veuillez noter que les jouets de Grimm&#8217;s sont toujours uniques, et portent des marques uniques faites par la nature. Le grain de bois a des structures et des couleurs changeantes qui servent de preuve de ses origines naturelles. Les variations uniques, les marques, les noeuds, les motifs, les rayures noires ou les taches sombres qui peuvent \u00eatre visibles dans le bois d\u2019un jouet de Grimm&#8217;s sont une preuve de qualit\u00e9, et non des d\u00e9fauts.<\/p>\n<p>Contenu :<\/p>\n<p>5 pi\u00e8ces en bois<\/p>\n","protected":false},"excerpt":{"rendered":"<p>Num\u00e9ro d&#8217;article: gri10850<\/p>\n<p>La maison en bois naturel de Grimm&#8217;s, faite \u00e0 la main et compos\u00e9e de 5 pi\u00e8ces, est un jouet \u00e0 empiler polyvalent et offre une vari\u00e9t\u00e9 infinie de possibilit\u00e9s de jeu.<\/p>\n","protected":false},"featured_media":42795,"comment_status":"open","ping_status":"closed","template":"","meta":[],"product_brand":[],"product_cat":[208,215,16898,17225,22343,18893,22344,24872,17212,16897,17242,17241,21257,22421,13130,13144,23020,23021,13140,13136,7595,217,5851,22348,212,1219],"product_tag":[18410,18409,18413,18414,18405,18406,18404,18408,18411,8625,22189,17334,17332,17335,18407,17336,22190,18412],"class_list":{"0":"post-42784","1":"product","2":"type-product","3":"status-publish","4":"has-post-thumbnail","6":"product_cat-1-3-ans","7":"product_cat-3-6-ans","8":"product_cat-collection-automne","9":"product_cat-celebrations-fr","10":"product_cat-collection-hiver","11":"product_cat-collection-printemps","12":"product_cat-collections-saisonnieres","13":"product_cat-construction-mondes-arc-en-ciel","14":"product_cat-grimms-fr","15":"product_cat-guide-cadeau-6-12-ans","16":"product_cat-guide-cadeaux-1-3-ans","17":"product_cat-guide-cadeaux-3-6-ans","18":"product_cat-guides-cadeaux","19":"product_cat-idees-cadeaux-pour-paques","20":"product_cat-jouer","21":"product_cat-jouets-a-empiler","22":"product_cat-jouets-en-bois","23":"product_cat-jouets-waldorf","24":"product_cat-jeu-libre","25":"product_cat-maisons-de-poupees-batiments","26":"product_cat-methode-deducation","27":"product_cat-marques","28":"product_cat-nouveautes","29":"product_cat-natur-saisonale-tische","30":"product_cat-tranche-dage","31":"product_cat-waldorf-fr","32":"product_tag-anneau-danniversaire","33":"product_tag-anneau-danniversaire-de-grimm","34":"product_tag-anneau-danniversaire-waldorf","35":"product_tag-anneau-de-celebration-de-waldorf","36":"product_tag-anneaux-danniversaire-de-grimm","37":"product_tag-anneaux-de-celebration","38":"product_tag-decorations-danniversaire-en-bois","39":"product_tag-decorations-danniversaire-en-bois-de-grimm","40":"product_tag-decorations-pour-support-de-bougie","41":"product_tag-fabrique-en-allemagne","42":"product_tag-grande-anneau-danniversaire-en-bois-naturel-grimms","43":"product_tag-grimm-suisse-fr","44":"product_tag-grimm-suisse","45":"product_tag-grimme-suisse","46":"product_tag-les-figures-decoratives-de-grimm","47":"product_tag-magasin-de-jouets-en-bois-grimm","48":"product_tag-spirale-danniversaire-et-de-lavent-en-bois-naturel-grimms","49":"product_tag-support-de-bougies-danniversaire-en-bois","51":"first","52":"outofstock","53":"taxable","54":"shipping-taxable","55":"purchasable","56":"product-type-simple"},"yoast_head":"<!-- This site is optimized with the Yoast SEO plugin v27.1.1 - https:\/\/yoast.com\/product\/yoast-seo-wordpress\/ -->\n<title>Maison en bois naturel - Grimm&#039;s - Teia Education &amp; Play<\/title>\n<meta name=\"description\" content=\"La maison en bois naturel de Grimm&#039;s, faite \u00e0 la main, est un jouet \u00e0 empiler polyvalent et offre une vari\u00e9t\u00e9 infinie de possibilit\u00e9s de jeu.\" \/>\n<meta name=\"robots\" content=\"index, follow, max-snippet:-1, max-image-preview:large, max-video-preview:-1\" \/>\n<link rel=\"canonical\" href=\"https:\/\/teiaeducation.ch\/fr\/produit\/jouet-a-empiler-maison-en-bois-naturel-grimms\/\" \/>\n<meta property=\"og:locale\" content=\"fr_FR\" \/>\n<meta property=\"og:type\" content=\"article\" \/>\n<meta property=\"og:title\" content=\"Maison en bois naturel - Grimm&#039;s - Teia Education &amp; Play\" \/>\n<meta property=\"og:description\" content=\"La maison en bois naturel de Grimm&#039;s, faite \u00e0 la main, est un jouet \u00e0 empiler polyvalent et offre une vari\u00e9t\u00e9 infinie de possibilit\u00e9s de jeu.\" \/>\n<meta property=\"og:url\" content=\"https:\/\/teiaeducation.ch\/fr\/produit\/jouet-a-empiler-maison-en-bois-naturel-grimms\/\" \/>\n<meta property=\"og:site_name\" content=\"Sustainable Educational Products &amp; Ecological Toys\u00a0\" \/>\n<meta property=\"article:publisher\" content=\"https:\/\/www.facebook.com\/teiaeducation\/\" \/>\n<meta property=\"article:modified_time\" content=\"2021-12-14T13:01:47+00:00\" \/>\n<meta property=\"og:image\" content=\"https:\/\/teiaeducation.ch\/wp-content\/uploads\/2021\/12\/Natural-wood-stacking-toy-house-Grimms.jpg\" \/>\n\t<meta property=\"og:image:width\" content=\"900\" \/>\n\t<meta property=\"og:image:height\" content=\"900\" \/>\n\t<meta property=\"og:image:type\" content=\"image\/jpeg\" \/>\n<script type=\"application\/ld+json\" class=\"yoast-schema-graph\">{\"@context\":\"https:\/\/schema.org\",\"@graph\":[{\"@type\":\"WebPage\",\"@id\":\"https:\/\/teiaeducation.ch\/fr\/produit\/jouet-a-empiler-maison-en-bois-naturel-grimms\/\",\"url\":\"https:\/\/teiaeducation.ch\/fr\/produit\/jouet-a-empiler-maison-en-bois-naturel-grimms\/\",\"name\":\"Maison en bois naturel - Grimm's - Teia Education & Play\",\"isPartOf\":{\"@id\":\"https:\/\/teiaeducation.ch\/fr\/#website\"},\"primaryImageOfPage\":{\"@id\":\"https:\/\/teiaeducation.ch\/fr\/produit\/jouet-a-empiler-maison-en-bois-naturel-grimms\/#primaryimage\"},\"image\":{\"@id\":\"https:\/\/teiaeducation.ch\/fr\/produit\/jouet-a-empiler-maison-en-bois-naturel-grimms\/#primaryimage\"},\"thumbnailUrl\":\"https:\/\/teiaeducation.ch\/wp-content\/uploads\/2021\/12\/Natural-wood-stacking-toy-house-Grimms.jpg\",\"datePublished\":\"2021-12-09T13:44:32+00:00\",\"dateModified\":\"2021-12-14T13:01:47+00:00\",\"description\":\"La maison en bois naturel de Grimm's, faite \u00e0 la main, est un jouet \u00e0 empiler polyvalent et offre une vari\u00e9t\u00e9 infinie de possibilit\u00e9s de jeu.\",\"breadcrumb\":{\"@id\":\"https:\/\/teiaeducation.ch\/fr\/produit\/jouet-a-empiler-maison-en-bois-naturel-grimms\/#breadcrumb\"},\"inLanguage\":\"fr-FR\",\"potentialAction\":[{\"@type\":\"ReadAction\",\"target\":[\"https:\/\/teiaeducation.ch\/fr\/produit\/jouet-a-empiler-maison-en-bois-naturel-grimms\/\"]}]},{\"@type\":\"ImageObject\",\"inLanguage\":\"fr-FR\",\"@id\":\"https:\/\/teiaeducation.ch\/fr\/produit\/jouet-a-empiler-maison-en-bois-naturel-grimms\/#primaryimage\",\"url\":\"https:\/\/teiaeducation.ch\/wp-content\/uploads\/2021\/12\/Natural-wood-stacking-toy-house-Grimms.jpg\",\"contentUrl\":\"https:\/\/teiaeducation.ch\/wp-content\/uploads\/2021\/12\/Natural-wood-stacking-toy-house-Grimms.jpg\",\"width\":900,\"height\":900,\"caption\":\"Jouet \u00e0 empiler maison en bois naturel - Grimm's\"},{\"@type\":\"BreadcrumbList\",\"@id\":\"https:\/\/teiaeducation.ch\/fr\/produit\/jouet-a-empiler-maison-en-bois-naturel-grimms\/#breadcrumb\",\"itemListElement\":[{\"@type\":\"ListItem\",\"position\":1,\"name\":\"Home\",\"item\":\"https:\/\/teiaeducation.ch\/fr\/\"},{\"@type\":\"ListItem\",\"position\":2,\"name\":\"Boutique Teia Education &amp; Play\",\"item\":\"https:\/\/teiaeducation.ch\/fr\/boutique\/\"},{\"@type\":\"ListItem\",\"position\":3,\"name\":\"Nos Marques\",\"item\":\"https:\/\/teiaeducation.ch\/fr\/categorie-produit\/marques\/\"},{\"@type\":\"ListItem\",\"position\":4,\"name\":\"Grimm's\",\"item\":\"https:\/\/teiaeducation.ch\/fr\/categorie-produit\/marques\/grimms-fr\/\"},{\"@type\":\"ListItem\",\"position\":5,\"name\":\"Maison en bois naturel &#8211; Grimm&#8217;s\"}]},{\"@type\":\"WebSite\",\"@id\":\"https:\/\/teiaeducation.ch\/fr\/#website\",\"url\":\"https:\/\/teiaeducation.ch\/fr\/\",\"name\":\"Sustainable Educational Products &amp; Ecological Toys\u00a0\",\"description\":\"Specialised Swiss shop selling sustainable educational toys and games, AMI certified Montessori materials, handmade ecological wooden Waldorf toys and arts &amp; crafts supplies, school supplies, children&#039;s furniture and Montessori reference and parenting books.\",\"publisher\":{\"@id\":\"https:\/\/teiaeducation.ch\/fr\/#organization\"},\"alternateName\":\"Teia Education & Play\",\"potentialAction\":[{\"@type\":\"SearchAction\",\"target\":{\"@type\":\"EntryPoint\",\"urlTemplate\":\"https:\/\/teiaeducation.ch\/fr\/?s={search_term_string}\"},\"query-input\":{\"@type\":\"PropertyValueSpecification\",\"valueRequired\":true,\"valueName\":\"search_term_string\"}}],\"inLanguage\":\"fr-FR\"},{\"@type\":\"Organization\",\"@id\":\"https:\/\/teiaeducation.ch\/fr\/#organization\",\"name\":\"Teia Education & Play\",\"url\":\"https:\/\/teiaeducation.ch\/fr\/\",\"logo\":{\"@type\":\"ImageObject\",\"inLanguage\":\"fr-FR\",\"@id\":\"https:\/\/teiaeducation.ch\/fr\/#\/schema\/logo\/image\/\",\"url\":\"https:\/\/teiaeducation.ch\/wp-content\/uploads\/2020\/11\/Teia-Education-Switzerland-e1620156442216.jpg\",\"contentUrl\":\"https:\/\/teiaeducation.ch\/wp-content\/uploads\/2020\/11\/Teia-Education-Switzerland-e1620156442216.jpg\",\"width\":166,\"height\":145,\"caption\":\"Teia Education & Play\"},\"image\":{\"@id\":\"https:\/\/teiaeducation.ch\/fr\/#\/schema\/logo\/image\/\"},\"sameAs\":[\"https:\/\/www.facebook.com\/teiaeducation\/\",\"https:\/\/x.com\/EducationTeia\",\"https:\/\/www.instagram.com\/teia.education\/\",\"https:\/\/www.linkedin.com\/company\/35501660\",\"https:\/\/www.pinterest.ch\/TeiaEducation\/\"]}]}<\/script>\n<!-- \/ Yoast SEO plugin. -->","yoast_head_json":{"title":"Maison en bois naturel - Grimm's - Teia Education & Play","description":"La maison en bois naturel de Grimm's, faite \u00e0 la main, est un jouet \u00e0 empiler polyvalent et offre une vari\u00e9t\u00e9 infinie de possibilit\u00e9s de jeu.","robots":{"index":"index","follow":"follow","max-snippet":"max-snippet:-1","max-image-preview":"max-image-preview:large","max-video-preview":"max-video-preview:-1"},"canonical":"https:\/\/teiaeducation.ch\/fr\/produit\/jouet-a-empiler-maison-en-bois-naturel-grimms\/","og_locale":"fr_FR","og_type":"article","og_title":"Maison en bois naturel - Grimm's - Teia Education & Play","og_description":"La maison en bois naturel de Grimm's, faite \u00e0 la main, est un jouet \u00e0 empiler polyvalent et offre une vari\u00e9t\u00e9 infinie de possibilit\u00e9s de jeu.","og_url":"https:\/\/teiaeducation.ch\/fr\/produit\/jouet-a-empiler-maison-en-bois-naturel-grimms\/","og_site_name":"Sustainable Educational Products &amp; Ecological Toys\u00a0","article_publisher":"https:\/\/www.facebook.com\/teiaeducation\/","article_modified_time":"2021-12-14T13:01:47+00:00","og_image":[{"width":900,"height":900,"url":"https:\/\/teiaeducation.ch\/wp-content\/uploads\/2021\/12\/Natural-wood-stacking-toy-house-Grimms.jpg","type":"image\/jpeg"}],"schema":{"@context":"https:\/\/schema.org","@graph":[{"@type":"WebPage","@id":"https:\/\/teiaeducation.ch\/fr\/produit\/jouet-a-empiler-maison-en-bois-naturel-grimms\/","url":"https:\/\/teiaeducation.ch\/fr\/produit\/jouet-a-empiler-maison-en-bois-naturel-grimms\/","name":"Maison en bois naturel - Grimm's - Teia Education & Play","isPartOf":{"@id":"https:\/\/teiaeducation.ch\/fr\/#website"},"primaryImageOfPage":{"@id":"https:\/\/teiaeducation.ch\/fr\/produit\/jouet-a-empiler-maison-en-bois-naturel-grimms\/#primaryimage"},"image":{"@id":"https:\/\/teiaeducation.ch\/fr\/produit\/jouet-a-empiler-maison-en-bois-naturel-grimms\/#primaryimage"},"thumbnailUrl":"https:\/\/teiaeducation.ch\/wp-content\/uploads\/2021\/12\/Natural-wood-stacking-toy-house-Grimms.jpg","datePublished":"2021-12-09T13:44:32+00:00","dateModified":"2021-12-14T13:01:47+00:00","description":"La maison en bois naturel de Grimm's, faite \u00e0 la main, est un jouet \u00e0 empiler polyvalent et offre une vari\u00e9t\u00e9 infinie de possibilit\u00e9s de jeu.","breadcrumb":{"@id":"https:\/\/teiaeducation.ch\/fr\/produit\/jouet-a-empiler-maison-en-bois-naturel-grimms\/#breadcrumb"},"inLanguage":"fr-FR","potentialAction":[{"@type":"ReadAction","target":["https:\/\/teiaeducation.ch\/fr\/produit\/jouet-a-empiler-maison-en-bois-naturel-grimms\/"]}]},{"@type":"ImageObject","inLanguage":"fr-FR","@id":"https:\/\/teiaeducation.ch\/fr\/produit\/jouet-a-empiler-maison-en-bois-naturel-grimms\/#primaryimage","url":"https:\/\/teiaeducation.ch\/wp-content\/uploads\/2021\/12\/Natural-wood-stacking-toy-house-Grimms.jpg","contentUrl":"https:\/\/teiaeducation.ch\/wp-content\/uploads\/2021\/12\/Natural-wood-stacking-toy-house-Grimms.jpg","width":900,"height":900,"caption":"Jouet \u00e0 empiler maison en bois naturel - Grimm's"},{"@type":"BreadcrumbList","@id":"https:\/\/teiaeducation.ch\/fr\/produit\/jouet-a-empiler-maison-en-bois-naturel-grimms\/#breadcrumb","itemListElement":[{"@type":"ListItem","position":1,"name":"Home","item":"https:\/\/teiaeducation.ch\/fr\/"},{"@type":"ListItem","position":2,"name":"Boutique Teia Education &amp; Play","item":"https:\/\/teiaeducation.ch\/fr\/boutique\/"},{"@type":"ListItem","position":3,"name":"Nos Marques","item":"https:\/\/teiaeducation.ch\/fr\/categorie-produit\/marques\/"},{"@type":"ListItem","position":4,"name":"Grimm's","item":"https:\/\/teiaeducation.ch\/fr\/categorie-produit\/marques\/grimms-fr\/"},{"@type":"ListItem","position":5,"name":"Maison en bois naturel &#8211; Grimm&#8217;s"}]},{"@type":"WebSite","@id":"https:\/\/teiaeducation.ch\/fr\/#website","url":"https:\/\/teiaeducation.ch\/fr\/","name":"Sustainable Educational Products &amp; Ecological Toys\u00a0","description":"Specialised Swiss shop selling sustainable educational toys and games, AMI certified Montessori materials, handmade ecological wooden Waldorf toys and arts &amp; crafts supplies, school supplies, children&#039;s furniture and Montessori reference and parenting books.","publisher":{"@id":"https:\/\/teiaeducation.ch\/fr\/#organization"},"alternateName":"Teia Education & Play","potentialAction":[{"@type":"SearchAction","target":{"@type":"EntryPoint","urlTemplate":"https:\/\/teiaeducation.ch\/fr\/?s={search_term_string}"},"query-input":{"@type":"PropertyValueSpecification","valueRequired":true,"valueName":"search_term_string"}}],"inLanguage":"fr-FR"},{"@type":"Organization","@id":"https:\/\/teiaeducation.ch\/fr\/#organization","name":"Teia Education & Play","url":"https:\/\/teiaeducation.ch\/fr\/","logo":{"@type":"ImageObject","inLanguage":"fr-FR","@id":"https:\/\/teiaeducation.ch\/fr\/#\/schema\/logo\/image\/","url":"https:\/\/teiaeducation.ch\/wp-content\/uploads\/2020\/11\/Teia-Education-Switzerland-e1620156442216.jpg","contentUrl":"https:\/\/teiaeducation.ch\/wp-content\/uploads\/2020\/11\/Teia-Education-Switzerland-e1620156442216.jpg","width":166,"height":145,"caption":"Teia Education & Play"},"image":{"@id":"https:\/\/teiaeducation.ch\/fr\/#\/schema\/logo\/image\/"},"sameAs":["https:\/\/www.facebook.com\/teiaeducation\/","https:\/\/x.com\/EducationTeia","https:\/\/www.instagram.com\/teia.education\/","https:\/\/www.linkedin.com\/company\/35501660","https:\/\/www.pinterest.ch\/TeiaEducation\/"]}]}},"_links":{"self":[{"href":"https:\/\/teiaeducation.ch\/fr\/wp-json\/wp\/v2\/product\/42784","targetHints":{"allow":["GET"]}}],"collection":[{"href":"https:\/\/teiaeducation.ch\/fr\/wp-json\/wp\/v2\/product"}],"about":[{"href":"https:\/\/teiaeducation.ch\/fr\/wp-json\/wp\/v2\/types\/product"}],"replies":[{"embeddable":true,"href":"https:\/\/teiaeducation.ch\/fr\/wp-json\/wp\/v2\/comments?post=42784"}],"wp:featuredmedia":[{"embeddable":true,"href":"https:\/\/teiaeducation.ch\/fr\/wp-json\/wp\/v2\/media\/42795"}],"wp:attachment":[{"href":"https:\/\/teiaeducation.ch\/fr\/wp-json\/wp\/v2\/media?parent=42784"}],"wp:term":[{"taxonomy":"product_brand","embeddable":true,"href":"https:\/\/teiaeducation.ch\/fr\/wp-json\/wp\/v2\/product_brand?post=42784"},{"taxonomy":"product_cat","embeddable":true,"href":"https:\/\/teiaeducation.ch\/fr\/wp-json\/wp\/v2\/product_cat?post=42784"},{"taxonomy":"product_tag","embeddable":true,"href":"https:\/\/teiaeducation.ch\/fr\/wp-json\/wp\/v2\/product_tag?post=42784"}],"curies":[{"name":"wp","href":"https:\/\/api.w.org\/{rel}","templated":true}]}}