{"id":42812,"date":"2021-12-10T14:02:18","date_gmt":"2021-12-10T13:02:18","guid":{"rendered":"https:\/\/teiaeducation.ch\/?post_type=product&#038;p=42812"},"modified":"2021-12-14T13:49:20","modified_gmt":"2021-12-14T12:49:20","slug":"jeu-de-construction-quatre-temperaments-grimms","status":"publish","type":"product","link":"https:\/\/teiaeducation.ch\/fr\/produit\/jeu-de-construction-quatre-temperaments-grimms\/","title":{"rendered":"Jeu de construction quatre temp\u00e9raments &#8211; Grimm&#8217;s"},"content":{"rendered":"<p>Le jeu de construction quatre temp\u00e9raments de Grimm&#8217;s est une magnifique collection de 61 blocs en bois et traduit les quatre temp\u00e9raments reconnus dans l&#8217;\u00e9ducation Waldorf en un langage de formes et de couleurs.<\/p>\n<p>Les blocs de construction individuels de forme libre et color\u00e9e rappellent des animaux et diverses autres cr\u00e9atures. En combinant les \u00e9l\u00e9ments de construction de ce jeu, on cr\u00e9e toujours quelque chose de nouveau qui stimulera et inspirera l&#8217;imagination de l&#8217;enfant. Le temp\u00e9rament pr\u00e9dominant d\u00e9termine l&#8217;humeur sp\u00e9cifique dans laquelle une personne se trouve habituellement. Il influence la fa\u00e7on dont nous ressentons et vivons la vie, comment nous pensons, agissons ou r\u00e9agissons.<\/p>\n<p>Ce joli ensemble repr\u00e9sente les quatre temp\u00e9raments : sanguin, col\u00e9rique, flegmatique et m\u00e9lancolique :<\/p>\n<p>&#8211; Le temp\u00e9rament m\u00e9lancolique est d&#8217;une nature compatissante et plut\u00f4t triste. Il est bleu, tourn\u00e9 vers l&#8217;int\u00e9rieur et les profondeurs, avec des ar\u00eates, des courbes et de l&#8217;endurance &#8211; comme son \u00e9l\u00e9ment, la Terre.<br \/>\n&#8211; Le temp\u00e9rament col\u00e9rique a une nature active et ardente, il est rouge, dentel\u00e9 et parfois tranchant. Son impulsivit\u00e9 appartient \u00e0 l&#8217;\u00e9l\u00e9ment Feu.<br \/>\n&#8211; Le temp\u00e9rament flegmatique est stable et satisfait. Il est vert et calme comme la surface d&#8217;un \u00e9tang. Ses courbes et ses formes douces correspondent \u00e0 son<br \/>\n\u00e9l\u00e9ment, l&#8217;eau.<br \/>\n&#8211; Le temp\u00e9rament sanguin rayonne de gaiet\u00e9 et d&#8217;optimisme. Il est jaune et brille de l&#8217;int\u00e9rieur, se perdant dans la p\u00e9riph\u00e9rie ou dans le ciel. L&#8217;air est son \u00e9l\u00e9ment.<\/p>\n<p>Une approche ludique des caract\u00e9ristiques de chacun des temp\u00e9raments permet de d\u00e9velopper un sentiment de leur essence. Et chaque personne est un m\u00e9lange unique de ces quatre temp\u00e9raments.<\/p>\n<p>Le jeu de construction quatre temp\u00e9raments de Grimm&#8217;s offre des possibilit\u00e9s infinies d&#8217;apprentissage et de jeu cr\u00e9atif. Chaque bloc, d&#8217;une \u00e9paisseur d&#8217;environ 4 cm, est fabriqu\u00e9 en bois de tilleul et peint dans de superbes tons vifs avec une teinture non toxique \u00e0 base d&#8217;eau, ce qui le rend s\u00fbr pour les enfants. Les 61 blocs de forme libre sont contenus dans un plateau en bois de 44,5 x 44,5 cm.<\/p>\n<p>Id\u00e9al pour jouer \u00e0 la maison, \u00e0 la cr\u00e8che, \u00e0 <a href=\"https:\/\/teiaeducation.ch\/fr\/categorie-produit\/methode-deducation\/waldorf-fr\/\">Waldorf<\/a> ou \u00e0 l\u2019\u00e9cole Steiner, les beaux jouets en bois naturel de Grimm&#8217;s sont fabriqu\u00e9s selon la philosophie Waldorf qui est bien connue pour encourager les enfants \u00e0 d\u00e9couvrir le jeu cr\u00e9atif de mani\u00e8re ind\u00e9pendante, sans limitations et \u00e0 un rythme effr\u00e9n\u00e9. Les jouets en bois de Grimm&#8217;s sont color\u00e9s \u00e0 la main avec des peintures \u00e0 base d\u2019eau non toxiques et ne sont pas finis avec de la laque pour assurer les caract\u00e9ristiques originales du bois et pour qu&#8217;on puisse voir le grain \u00e0 travers. La surface des morceaux de bois europ\u00e9ens certifi\u00e9s FSC est laiss\u00e9e l\u00e9g\u00e8rement rugueuse, ce qui les rend plus facilement empilables et moins glissants.<\/p>\n<p>Les jouets en bois de Grimm&#8217;s sont fabriqu\u00e9s dans les installations de Grimm&#8217;s en Allemagne ainsi que dans plusieurs ateliers \u00e0 travers l\u2019Europe \u00e0 partir de diff\u00e9rents types de bois tels que l\u2019aulne, la chaux, le h\u00eatre et l\u2019\u00e9rable. Tout le bois utilis\u00e9 pour fabriquer les jouets de Grimm&#8217;s provient de for\u00eats europ\u00e9ennes g\u00e9r\u00e9es de mani\u00e8re durable.<\/p>\n<p>Veuillez noter que les jouets de Grimm&#8217;s sont toujours uniques, et portent des marques uniques faites par la nature. Le grain de bois a des structures et des couleurs changeantes qui servent de preuve de ses origines naturelles. Les variations uniques, les marques, les noeuds, les motifs, les rayures noires ou les taches sombres qui peuvent \u00eatre visibles dans le bois d\u2019un jouet de Grimm&#8217;s sont une preuve de qualit\u00e9, et non des d\u00e9fauts.<\/p>\n<p>Le jeu de construction quatre temp\u00e9raments de Grimm&#8217;s convient aux enfants de 3 ans et plus.<\/p>\n<p>Contenu :<\/p>\n<p>61 blocs en bois<br \/>\n1 cadre en bois<br \/>\nMod\u00e8le de papier en taille originale<\/p>\n","protected":false},"excerpt":{"rendered":"<p>Num\u00e9ro d&#8217;article: gri10209<\/p>\n<p>Ce joli jeu de construction de Grimm&#8217;s compos\u00e9 de 61 blocs en bois est une traduction des quatre temp\u00e9raments reconnus dans l&#8217;\u00e9ducation Waldorf.<\/p>\n","protected":false},"featured_media":42826,"comment_status":"open","ping_status":"closed","template":"","meta":[],"product_brand":[],"product_cat":[215,216,633,13150,22344,635,24872,284,283,17212,16897,17239,21257,13130,13144,23020,22181,23021,23650,13140,624,288,7595,217,5851,209,212,1219],"product_tag":[17332,22185,17462,17331,19738,19737],"class_list":{"0":"post-42812","1":"product","2":"type-product","3":"status-publish","4":"has-post-thumbnail","6":"product_cat-3-6-ans","7":"product_cat-6-12-ans","8":"product_cat-apprendre-les-couleurs","9":"product_cat-blocs-de-construction-en-bois","10":"product_cat-collections-saisonnieres","11":"product_cat-competences-motrices","12":"product_cat-construction-mondes-arc-en-ciel","13":"product_cat-culture-sciences","14":"product_cat-domaines-du-curriculum","15":"product_cat-grimms-fr","16":"product_cat-guide-cadeau-6-12-ans","17":"product_cat-guide-cadeaux-educatifs","18":"product_cat-guides-cadeaux","19":"product_cat-jouer","20":"product_cat-jouets-a-empiler","21":"product_cat-jouets-en-bois","22":"product_cat-jouets-montessori","23":"product_cat-jouets-waldorf","24":"product_cat-la-rentree-scolaire","25":"product_cat-jeu-libre","26":"product_cat-formes","27":"product_cat-mathematiques-calcul","28":"product_cat-methode-deducation","29":"product_cat-marques","30":"product_cat-nouveautes","31":"product_cat-sensorielles-motrices","32":"product_cat-tranche-dage","33":"product_cat-waldorf-fr","34":"product_tag-grimm-suisse","35":"product_tag-jeu-de-construction-quatre-temperaments-grimms","36":"product_tag-jeux-libres-en-bois","37":"product_tag-jouets-en-bois-waldorf","38":"product_tag-le-jouet-arc-en-ciel-de-grimms","39":"product_tag-le-magasin-de-jouets-en-bois-de-grimms","41":"first","42":"instock","43":"taxable","44":"shipping-taxable","45":"purchasable","46":"product-type-simple"},"yoast_head":"<!-- This site is optimized with the Yoast SEO plugin v27.1.1 - https:\/\/yoast.com\/product\/yoast-seo-wordpress\/ -->\n<title>Jeu de construction quatre temp\u00e9raments - Grimm&#039;s<\/title>\n<meta name=\"description\" content=\"Ce joli jeu de construction de Grimm&#039;s compos\u00e9 de 61 blocs en bois est une traduction des quatre temp\u00e9raments reconnus dans l&#039;\u00e9ducation Waldorf.\" \/>\n<meta name=\"robots\" content=\"index, follow, max-snippet:-1, max-image-preview:large, max-video-preview:-1\" \/>\n<link rel=\"canonical\" href=\"https:\/\/teiaeducation.ch\/fr\/produit\/jeu-de-construction-quatre-temperaments-grimms\/\" \/>\n<meta property=\"og:locale\" content=\"fr_FR\" \/>\n<meta property=\"og:type\" content=\"article\" \/>\n<meta property=\"og:title\" content=\"Jeu de construction quatre temp\u00e9raments - Grimm&#039;s\" \/>\n<meta property=\"og:description\" content=\"Ce joli jeu de construction de Grimm&#039;s compos\u00e9 de 61 blocs en bois est une traduction des quatre temp\u00e9raments reconnus dans l&#039;\u00e9ducation Waldorf.\" \/>\n<meta property=\"og:url\" content=\"https:\/\/teiaeducation.ch\/fr\/produit\/jeu-de-construction-quatre-temperaments-grimms\/\" \/>\n<meta property=\"og:site_name\" content=\"Sustainable Educational Products &amp; Ecological Toys\u00a0\" \/>\n<meta property=\"article:publisher\" content=\"https:\/\/www.facebook.com\/teiaeducation\/\" \/>\n<meta property=\"article:modified_time\" content=\"2021-12-14T12:49:20+00:00\" \/>\n<meta property=\"og:image\" content=\"https:\/\/teiaeducation.ch\/wp-content\/uploads\/2021\/12\/Grimms-building-set-four-temperaments-is-a-beautiful-collection-of-61-wooden-blocks-and-is-a-translation-of-the-four-temperaments-recognised-in-Waldorf-education-into-a-language-of-form-and-colour..jpg\" \/>\n\t<meta property=\"og:image:width\" content=\"900\" \/>\n\t<meta property=\"og:image:height\" content=\"900\" \/>\n\t<meta property=\"og:image:type\" content=\"image\/jpeg\" \/>\n<script type=\"application\/ld+json\" class=\"yoast-schema-graph\">{\"@context\":\"https:\/\/schema.org\",\"@graph\":[{\"@type\":\"WebPage\",\"@id\":\"https:\/\/teiaeducation.ch\/fr\/produit\/jeu-de-construction-quatre-temperaments-grimms\/\",\"url\":\"https:\/\/teiaeducation.ch\/fr\/produit\/jeu-de-construction-quatre-temperaments-grimms\/\",\"name\":\"Jeu de construction quatre temp\u00e9raments - Grimm's\",\"isPartOf\":{\"@id\":\"https:\/\/teiaeducation.ch\/fr\/#website\"},\"primaryImageOfPage\":{\"@id\":\"https:\/\/teiaeducation.ch\/fr\/produit\/jeu-de-construction-quatre-temperaments-grimms\/#primaryimage\"},\"image\":{\"@id\":\"https:\/\/teiaeducation.ch\/fr\/produit\/jeu-de-construction-quatre-temperaments-grimms\/#primaryimage\"},\"thumbnailUrl\":\"https:\/\/teiaeducation.ch\/wp-content\/uploads\/2021\/12\/Grimms-building-set-four-temperaments-is-a-beautiful-collection-of-61-wooden-blocks-and-is-a-translation-of-the-four-temperaments-recognised-in-Waldorf-education-into-a-language-of-form-and-colour..jpg\",\"datePublished\":\"2021-12-10T13:02:18+00:00\",\"dateModified\":\"2021-12-14T12:49:20+00:00\",\"description\":\"Ce joli jeu de construction de Grimm's compos\u00e9 de 61 blocs en bois est une traduction des quatre temp\u00e9raments reconnus dans l'\u00e9ducation Waldorf.\",\"breadcrumb\":{\"@id\":\"https:\/\/teiaeducation.ch\/fr\/produit\/jeu-de-construction-quatre-temperaments-grimms\/#breadcrumb\"},\"inLanguage\":\"fr-FR\",\"potentialAction\":[{\"@type\":\"ReadAction\",\"target\":[\"https:\/\/teiaeducation.ch\/fr\/produit\/jeu-de-construction-quatre-temperaments-grimms\/\"]}]},{\"@type\":\"ImageObject\",\"inLanguage\":\"fr-FR\",\"@id\":\"https:\/\/teiaeducation.ch\/fr\/produit\/jeu-de-construction-quatre-temperaments-grimms\/#primaryimage\",\"url\":\"https:\/\/teiaeducation.ch\/wp-content\/uploads\/2021\/12\/Grimms-building-set-four-temperaments-is-a-beautiful-collection-of-61-wooden-blocks-and-is-a-translation-of-the-four-temperaments-recognised-in-Waldorf-education-into-a-language-of-form-and-colour..jpg\",\"contentUrl\":\"https:\/\/teiaeducation.ch\/wp-content\/uploads\/2021\/12\/Grimms-building-set-four-temperaments-is-a-beautiful-collection-of-61-wooden-blocks-and-is-a-translation-of-the-four-temperaments-recognised-in-Waldorf-education-into-a-language-of-form-and-colour..jpg\",\"width\":900,\"height\":900,\"caption\":\"Jeu de construction quatre temp\u00e9raments Blocs en bois Grimm's Waldorf\"},{\"@type\":\"BreadcrumbList\",\"@id\":\"https:\/\/teiaeducation.ch\/fr\/produit\/jeu-de-construction-quatre-temperaments-grimms\/#breadcrumb\",\"itemListElement\":[{\"@type\":\"ListItem\",\"position\":1,\"name\":\"Home\",\"item\":\"https:\/\/teiaeducation.ch\/fr\/\"},{\"@type\":\"ListItem\",\"position\":2,\"name\":\"Boutique Teia Education &amp; Play\",\"item\":\"https:\/\/teiaeducation.ch\/fr\/boutique\/\"},{\"@type\":\"ListItem\",\"position\":3,\"name\":\"Nos Marques\",\"item\":\"https:\/\/teiaeducation.ch\/fr\/categorie-produit\/marques\/\"},{\"@type\":\"ListItem\",\"position\":4,\"name\":\"Grimm's\",\"item\":\"https:\/\/teiaeducation.ch\/fr\/categorie-produit\/marques\/grimms-fr\/\"},{\"@type\":\"ListItem\",\"position\":5,\"name\":\"Jeu de construction quatre temp\u00e9raments &#8211; Grimm&#8217;s\"}]},{\"@type\":\"WebSite\",\"@id\":\"https:\/\/teiaeducation.ch\/fr\/#website\",\"url\":\"https:\/\/teiaeducation.ch\/fr\/\",\"name\":\"Sustainable Educational Products &amp; Ecological Toys\u00a0\",\"description\":\"Specialised Swiss shop selling sustainable educational toys and games, AMI certified Montessori materials, handmade ecological wooden Waldorf toys and arts &amp; crafts supplies, school supplies, children&#039;s furniture and Montessori reference and parenting books.\",\"publisher\":{\"@id\":\"https:\/\/teiaeducation.ch\/fr\/#organization\"},\"alternateName\":\"Teia Education & Play\",\"potentialAction\":[{\"@type\":\"SearchAction\",\"target\":{\"@type\":\"EntryPoint\",\"urlTemplate\":\"https:\/\/teiaeducation.ch\/fr\/?s={search_term_string}\"},\"query-input\":{\"@type\":\"PropertyValueSpecification\",\"valueRequired\":true,\"valueName\":\"search_term_string\"}}],\"inLanguage\":\"fr-FR\"},{\"@type\":\"Organization\",\"@id\":\"https:\/\/teiaeducation.ch\/fr\/#organization\",\"name\":\"Teia Education & Play\",\"url\":\"https:\/\/teiaeducation.ch\/fr\/\",\"logo\":{\"@type\":\"ImageObject\",\"inLanguage\":\"fr-FR\",\"@id\":\"https:\/\/teiaeducation.ch\/fr\/#\/schema\/logo\/image\/\",\"url\":\"https:\/\/teiaeducation.ch\/wp-content\/uploads\/2020\/11\/Teia-Education-Switzerland-e1620156442216.jpg\",\"contentUrl\":\"https:\/\/teiaeducation.ch\/wp-content\/uploads\/2020\/11\/Teia-Education-Switzerland-e1620156442216.jpg\",\"width\":166,\"height\":145,\"caption\":\"Teia Education & Play\"},\"image\":{\"@id\":\"https:\/\/teiaeducation.ch\/fr\/#\/schema\/logo\/image\/\"},\"sameAs\":[\"https:\/\/www.facebook.com\/teiaeducation\/\",\"https:\/\/x.com\/EducationTeia\",\"https:\/\/www.instagram.com\/teia.education\/\",\"https:\/\/www.linkedin.com\/company\/35501660\",\"https:\/\/www.pinterest.ch\/TeiaEducation\/\"]}]}<\/script>\n<!-- \/ Yoast SEO plugin. -->","yoast_head_json":{"title":"Jeu de construction quatre temp\u00e9raments - Grimm's","description":"Ce joli jeu de construction de Grimm's compos\u00e9 de 61 blocs en bois est une traduction des quatre temp\u00e9raments reconnus dans l'\u00e9ducation Waldorf.","robots":{"index":"index","follow":"follow","max-snippet":"max-snippet:-1","max-image-preview":"max-image-preview:large","max-video-preview":"max-video-preview:-1"},"canonical":"https:\/\/teiaeducation.ch\/fr\/produit\/jeu-de-construction-quatre-temperaments-grimms\/","og_locale":"fr_FR","og_type":"article","og_title":"Jeu de construction quatre temp\u00e9raments - Grimm's","og_description":"Ce joli jeu de construction de Grimm's compos\u00e9 de 61 blocs en bois est une traduction des quatre temp\u00e9raments reconnus dans l'\u00e9ducation Waldorf.","og_url":"https:\/\/teiaeducation.ch\/fr\/produit\/jeu-de-construction-quatre-temperaments-grimms\/","og_site_name":"Sustainable Educational Products &amp; Ecological Toys\u00a0","article_publisher":"https:\/\/www.facebook.com\/teiaeducation\/","article_modified_time":"2021-12-14T12:49:20+00:00","og_image":[{"width":900,"height":900,"url":"https:\/\/teiaeducation.ch\/wp-content\/uploads\/2021\/12\/Grimms-building-set-four-temperaments-is-a-beautiful-collection-of-61-wooden-blocks-and-is-a-translation-of-the-four-temperaments-recognised-in-Waldorf-education-into-a-language-of-form-and-colour..jpg","type":"image\/jpeg"}],"schema":{"@context":"https:\/\/schema.org","@graph":[{"@type":"WebPage","@id":"https:\/\/teiaeducation.ch\/fr\/produit\/jeu-de-construction-quatre-temperaments-grimms\/","url":"https:\/\/teiaeducation.ch\/fr\/produit\/jeu-de-construction-quatre-temperaments-grimms\/","name":"Jeu de construction quatre temp\u00e9raments - Grimm's","isPartOf":{"@id":"https:\/\/teiaeducation.ch\/fr\/#website"},"primaryImageOfPage":{"@id":"https:\/\/teiaeducation.ch\/fr\/produit\/jeu-de-construction-quatre-temperaments-grimms\/#primaryimage"},"image":{"@id":"https:\/\/teiaeducation.ch\/fr\/produit\/jeu-de-construction-quatre-temperaments-grimms\/#primaryimage"},"thumbnailUrl":"https:\/\/teiaeducation.ch\/wp-content\/uploads\/2021\/12\/Grimms-building-set-four-temperaments-is-a-beautiful-collection-of-61-wooden-blocks-and-is-a-translation-of-the-four-temperaments-recognised-in-Waldorf-education-into-a-language-of-form-and-colour..jpg","datePublished":"2021-12-10T13:02:18+00:00","dateModified":"2021-12-14T12:49:20+00:00","description":"Ce joli jeu de construction de Grimm's compos\u00e9 de 61 blocs en bois est une traduction des quatre temp\u00e9raments reconnus dans l'\u00e9ducation Waldorf.","breadcrumb":{"@id":"https:\/\/teiaeducation.ch\/fr\/produit\/jeu-de-construction-quatre-temperaments-grimms\/#breadcrumb"},"inLanguage":"fr-FR","potentialAction":[{"@type":"ReadAction","target":["https:\/\/teiaeducation.ch\/fr\/produit\/jeu-de-construction-quatre-temperaments-grimms\/"]}]},{"@type":"ImageObject","inLanguage":"fr-FR","@id":"https:\/\/teiaeducation.ch\/fr\/produit\/jeu-de-construction-quatre-temperaments-grimms\/#primaryimage","url":"https:\/\/teiaeducation.ch\/wp-content\/uploads\/2021\/12\/Grimms-building-set-four-temperaments-is-a-beautiful-collection-of-61-wooden-blocks-and-is-a-translation-of-the-four-temperaments-recognised-in-Waldorf-education-into-a-language-of-form-and-colour..jpg","contentUrl":"https:\/\/teiaeducation.ch\/wp-content\/uploads\/2021\/12\/Grimms-building-set-four-temperaments-is-a-beautiful-collection-of-61-wooden-blocks-and-is-a-translation-of-the-four-temperaments-recognised-in-Waldorf-education-into-a-language-of-form-and-colour..jpg","width":900,"height":900,"caption":"Jeu de construction quatre temp\u00e9raments Blocs en bois Grimm's Waldorf"},{"@type":"BreadcrumbList","@id":"https:\/\/teiaeducation.ch\/fr\/produit\/jeu-de-construction-quatre-temperaments-grimms\/#breadcrumb","itemListElement":[{"@type":"ListItem","position":1,"name":"Home","item":"https:\/\/teiaeducation.ch\/fr\/"},{"@type":"ListItem","position":2,"name":"Boutique Teia Education &amp; Play","item":"https:\/\/teiaeducation.ch\/fr\/boutique\/"},{"@type":"ListItem","position":3,"name":"Nos Marques","item":"https:\/\/teiaeducation.ch\/fr\/categorie-produit\/marques\/"},{"@type":"ListItem","position":4,"name":"Grimm's","item":"https:\/\/teiaeducation.ch\/fr\/categorie-produit\/marques\/grimms-fr\/"},{"@type":"ListItem","position":5,"name":"Jeu de construction quatre temp\u00e9raments &#8211; Grimm&#8217;s"}]},{"@type":"WebSite","@id":"https:\/\/teiaeducation.ch\/fr\/#website","url":"https:\/\/teiaeducation.ch\/fr\/","name":"Sustainable Educational Products &amp; Ecological Toys\u00a0","description":"Specialised Swiss shop selling sustainable educational toys and games, AMI certified Montessori materials, handmade ecological wooden Waldorf toys and arts &amp; crafts supplies, school supplies, children&#039;s furniture and Montessori reference and parenting books.","publisher":{"@id":"https:\/\/teiaeducation.ch\/fr\/#organization"},"alternateName":"Teia Education & Play","potentialAction":[{"@type":"SearchAction","target":{"@type":"EntryPoint","urlTemplate":"https:\/\/teiaeducation.ch\/fr\/?s={search_term_string}"},"query-input":{"@type":"PropertyValueSpecification","valueRequired":true,"valueName":"search_term_string"}}],"inLanguage":"fr-FR"},{"@type":"Organization","@id":"https:\/\/teiaeducation.ch\/fr\/#organization","name":"Teia Education & Play","url":"https:\/\/teiaeducation.ch\/fr\/","logo":{"@type":"ImageObject","inLanguage":"fr-FR","@id":"https:\/\/teiaeducation.ch\/fr\/#\/schema\/logo\/image\/","url":"https:\/\/teiaeducation.ch\/wp-content\/uploads\/2020\/11\/Teia-Education-Switzerland-e1620156442216.jpg","contentUrl":"https:\/\/teiaeducation.ch\/wp-content\/uploads\/2020\/11\/Teia-Education-Switzerland-e1620156442216.jpg","width":166,"height":145,"caption":"Teia Education & Play"},"image":{"@id":"https:\/\/teiaeducation.ch\/fr\/#\/schema\/logo\/image\/"},"sameAs":["https:\/\/www.facebook.com\/teiaeducation\/","https:\/\/x.com\/EducationTeia","https:\/\/www.instagram.com\/teia.education\/","https:\/\/www.linkedin.com\/company\/35501660","https:\/\/www.pinterest.ch\/TeiaEducation\/"]}]}},"_links":{"self":[{"href":"https:\/\/teiaeducation.ch\/fr\/wp-json\/wp\/v2\/product\/42812","targetHints":{"allow":["GET"]}}],"collection":[{"href":"https:\/\/teiaeducation.ch\/fr\/wp-json\/wp\/v2\/product"}],"about":[{"href":"https:\/\/teiaeducation.ch\/fr\/wp-json\/wp\/v2\/types\/product"}],"replies":[{"embeddable":true,"href":"https:\/\/teiaeducation.ch\/fr\/wp-json\/wp\/v2\/comments?post=42812"}],"wp:featuredmedia":[{"embeddable":true,"href":"https:\/\/teiaeducation.ch\/fr\/wp-json\/wp\/v2\/media\/42826"}],"wp:attachment":[{"href":"https:\/\/teiaeducation.ch\/fr\/wp-json\/wp\/v2\/media?parent=42812"}],"wp:term":[{"taxonomy":"product_brand","embeddable":true,"href":"https:\/\/teiaeducation.ch\/fr\/wp-json\/wp\/v2\/product_brand?post=42812"},{"taxonomy":"product_cat","embeddable":true,"href":"https:\/\/teiaeducation.ch\/fr\/wp-json\/wp\/v2\/product_cat?post=42812"},{"taxonomy":"product_tag","embeddable":true,"href":"https:\/\/teiaeducation.ch\/fr\/wp-json\/wp\/v2\/product_tag?post=42812"}],"curies":[{"name":"wp","href":"https:\/\/api.w.org\/{rel}","templated":true}]}}