{"id":42886,"date":"2021-12-10T16:05:52","date_gmt":"2021-12-10T15:05:52","guid":{"rendered":"https:\/\/teiaeducation.ch\/?post_type=product&#038;p=42886"},"modified":"2023-10-04T15:27:26","modified_gmt":"2023-10-04T13:27:26","slug":"presse-a-fleurs-silhouette-studio-wald","status":"publish","type":"product","link":"https:\/\/teiaeducation.ch\/fr\/produit\/presse-a-fleurs-silhouette-studio-wald\/","title":{"rendered":"Presse \u00e0 fleurs silhouette &#8211; Studio Wald"},"content":{"rendered":"<p>Presse \u00e0 fleurs pour enfants silhouette &#8211; Studio Wald<\/p>\n<p>Cette presse \u00e0 fleurs pour enfants au style silhouette de la marque britannique Studio Wald est parfaite pour les petites mains et est assez petite pour \u00eatre emport\u00e9e en balade ! Le pressage des fleurs est une activit\u00e9 agr\u00e9able et \u00e9ducative pour les enfants, qui leur permet d&#8217;\u00e9tudier les plantes et les fleurs \u00e0 grand air, d&#8217;apprendre leur nom et de cr\u00e9er des objets avec leurs fleurs press\u00e9es ou par exemple de conserver leurs fleurs et feuilles s\u00e9ch\u00e9es dans un album.<\/p>\n<p>Un passe-temps r\u00e9fl\u00e9chi et apaisant, id\u00e9al pour profiter d&#8217;une enfance au rythme plus lent, le pressage de fleurs fait appel au jeu <a href=\"https:\/\/teiaeducation.ch\/fr\/categorie-produit\/jouer\/jeu-de-la-nature\/\">naturel<\/a> et encourage la cr\u00e9ativit\u00e9 et la patience. Il est \u00e9galement id\u00e9al pour soutenir les le\u00e7ons Montessori de botanique, les activit\u00e9s Waldorf et pour suivre les int\u00e9r\u00eats de votre enfant pour les fleurs, les plantes et la nature.<\/p>\n<p>Cette presse \u00e0 fleurs en bois de haute qualit\u00e9 fabriqu\u00e9e en Angleterre permettant de presser et de conserver en toute s\u00e9curit\u00e9 les mat\u00e9riaux v\u00e9g\u00e9taux afin qu&#8217;ils restent intacts. La presse \u00e0 fleurs est fabriqu\u00e9e \u00e0 partir de contreplaqu\u00e9 de 6 mm d\u00e9coup\u00e9 au laser et est s\u00e9rigraphi\u00e9e \u00e0 la main. Elle mesure 15 x 15 cm et est livr\u00e9e compl\u00e8te avec 5 feuilles de carton ondul\u00e9 et 8 feuilles de papier de sucre pour donner suffisamment d&#8217;espace pour presser les fleurs. La presse \u00e0 fleurs est ferm\u00e9e par des \u00e9crous et des boulons qui sont fournis dans une enveloppe avec un d\u00e9pliant pli\u00e9 A7 expliquant comment assembler votre presse et commencer \u00e0 collecter et \u00e0 presser la <span class=\"s1\">flore<\/span>.<\/p>\n<p>Studio Wald est une marque anglaise fond\u00e9e par Jakob &amp; Freya et sp\u00e9cialis\u00e9e dans les articles en papier, les produits et les imprim\u00e9s de haute qualit\u00e9, tous fabriqu\u00e9s en Angleterre avec soin et attention aux id\u00e9es, aux motifs et au processus.<\/p>\n<p>La marque travaille en collaboration avec des producteurs locaux et imprime et finit tous ses produits en papier principalement dans son comt\u00e9 d&#8217;origine, le Yorkshire, en utilisant du papier 100% recycl\u00e9 ou certifi\u00e9 FSC. Dans la mesure du possible, les composants tels que les enveloppes, le li\u00e8ge et m\u00eame les crochets proviennent de fabricants situ\u00e9s en Angleterre ou en Europe.<\/p>\n<p>La presse \u00e0 fleurs Studio Wald convient aux enfants de 3 ans et plus.<\/p>\n<p>Contenu :<\/p>\n<p>1 presse \u00e0 fleurs 15 x 15cm<br \/>\nUne fiche d&#8217;information avec l&#8217;image du produit et des informations sur son mode d&#8217;emploi.<\/p>\n","protected":false},"excerpt":{"rendered":"<p>Num\u00e9ro d&#8217;article: FP004SW<\/p>\n<p>La presse \u00e0 fleurs silhouette pour enfants de la marque britannique Studio Wald est parfaite pour les petites mains et suffisamment petite pour \u00eatre emport\u00e9e en balade !<\/p>\n","protected":false},"featured_media":42891,"comment_status":"open","ping_status":"closed","template":"","meta":[],"product_brand":[],"product_cat":[8527,215,8580,216,20653,22032,16898,23635,18893,22344,284,283,593,8526,17240,21257,22421,20651,18913,13130,1220,291,13127,7595,217,5851,22183,212,1219],"product_tag":[19097,19093,19016,8625,19092,19096,19094,19089,19090,19091,22184],"class_list":{"0":"post-42886","1":"product","2":"type-product","3":"status-publish","4":"has-post-thumbnail","6":"product_cat-3-6-ans-ecole-a-domicile","7":"product_cat-3-6-ans","8":"product_cat-6-12-ans-ecole-a-domicile","9":"product_cat-6-12-ans","10":"product_cat-art-des-fleurs-pressees","11":"product_cat-cadeaux-du-calendrier-de-lavent-et-de-noel","12":"product_cat-collection-automne","13":"product_cat-collection-dete","14":"product_cat-collection-printemps","15":"product_cat-collections-saisonnieres","16":"product_cat-culture-sciences","17":"product_cat-domaines-du-curriculum","18":"product_cat-etudes-botaniques","19":"product_cat-fournitures-scolaires-a-domicile","20":"product_cat-guide-cadeaux-creatif","21":"product_cat-guides-cadeaux","22":"product_cat-idees-cadeaux-pour-paques","23":"product_cat-jardinage","24":"product_cat-jeu-de-la-nature","25":"product_cat-jouer","26":"product_cat-traditionnelle","27":"product_cat-la-vie-pratique","28":"product_cat-creativite-beaux-arts-et-bricolage","29":"product_cat-methode-deducation","30":"product_cat-marques","31":"product_cat-nouveautes","32":"product_cat-studio-wald-fr","33":"product_cat-tranche-dage","34":"product_cat-waldorf-fr","35":"product_tag-activites-botaniques-pour-les-enfants","36":"product_tag-activites-nature-pour-les-enfants","37":"product_tag-activites-traditionnelles-pour-les-enfants","38":"product_tag-fabrique-en-allemagne","39":"product_tag-jeu-de-la-nature","40":"product_tag-loisirs-traditionnels-pour-les-enfants","41":"product_tag-pressage-de-fleurs","42":"product_tag-presse-a-fleurs","43":"product_tag-presse-a-fleurs-pour-enfants","44":"product_tag-presse-a-fleurs-suisse","45":"product_tag-studio-wald-presse-a-fleurs","47":"first","48":"outofstock","49":"taxable","50":"shipping-taxable","51":"purchasable","52":"product-type-simple"},"yoast_head":"<!-- This site is optimized with the Yoast SEO plugin v27.1.1 - https:\/\/yoast.com\/product\/yoast-seo-wordpress\/ -->\n<title>Presse \u00e0 fleurs taille de la poche - Studio Wald - Teia Education &amp; Play<\/title>\n<meta name=\"description\" content=\"La presse \u00e0 fleurs silhouette pour enfants de la marque britannique Studio Wald est suffisamment petite pour \u00eatre emport\u00e9e en balade !\" \/>\n<meta name=\"robots\" content=\"index, follow, max-snippet:-1, max-image-preview:large, max-video-preview:-1\" \/>\n<link rel=\"canonical\" href=\"https:\/\/teiaeducation.ch\/fr\/produit\/presse-a-fleurs-silhouette-studio-wald\/\" \/>\n<meta property=\"og:locale\" content=\"fr_FR\" \/>\n<meta property=\"og:type\" content=\"article\" \/>\n<meta property=\"og:title\" content=\"Presse \u00e0 fleurs taille de la poche - Studio Wald - Teia Education &amp; Play\" \/>\n<meta property=\"og:description\" content=\"La presse \u00e0 fleurs silhouette pour enfants de la marque britannique Studio Wald est suffisamment petite pour \u00eatre emport\u00e9e en balade !\" \/>\n<meta property=\"og:url\" content=\"https:\/\/teiaeducation.ch\/fr\/produit\/presse-a-fleurs-silhouette-studio-wald\/\" \/>\n<meta property=\"og:site_name\" content=\"Sustainable Educational Products &amp; Ecological Toys\u00a0\" \/>\n<meta property=\"article:publisher\" content=\"https:\/\/www.facebook.com\/teiaeducation\/\" \/>\n<meta property=\"article:modified_time\" content=\"2023-10-04T13:27:26+00:00\" \/>\n<meta property=\"og:image\" content=\"https:\/\/teiaeducation.ch\/wp-content\/uploads\/2021\/12\/Flower-press-for-children-silhouette-Studio-Wald1.jpg\" \/>\n\t<meta property=\"og:image:width\" content=\"900\" \/>\n\t<meta property=\"og:image:height\" content=\"900\" \/>\n\t<meta property=\"og:image:type\" content=\"image\/jpeg\" \/>\n<script type=\"application\/ld+json\" class=\"yoast-schema-graph\">{\"@context\":\"https:\/\/schema.org\",\"@graph\":[{\"@type\":\"WebPage\",\"@id\":\"https:\/\/teiaeducation.ch\/fr\/produit\/presse-a-fleurs-silhouette-studio-wald\/\",\"url\":\"https:\/\/teiaeducation.ch\/fr\/produit\/presse-a-fleurs-silhouette-studio-wald\/\",\"name\":\"Presse \u00e0 fleurs taille de la poche - Studio Wald - Teia Education & Play\",\"isPartOf\":{\"@id\":\"https:\/\/teiaeducation.ch\/fr\/#website\"},\"primaryImageOfPage\":{\"@id\":\"https:\/\/teiaeducation.ch\/fr\/produit\/presse-a-fleurs-silhouette-studio-wald\/#primaryimage\"},\"image\":{\"@id\":\"https:\/\/teiaeducation.ch\/fr\/produit\/presse-a-fleurs-silhouette-studio-wald\/#primaryimage\"},\"thumbnailUrl\":\"https:\/\/teiaeducation.ch\/wp-content\/uploads\/2021\/12\/Flower-press-for-children-silhouette-Studio-Wald1.jpg\",\"datePublished\":\"2021-12-10T15:05:52+00:00\",\"dateModified\":\"2023-10-04T13:27:26+00:00\",\"description\":\"La presse \u00e0 fleurs silhouette pour enfants de la marque britannique Studio Wald est suffisamment petite pour \u00eatre emport\u00e9e en balade !\",\"breadcrumb\":{\"@id\":\"https:\/\/teiaeducation.ch\/fr\/produit\/presse-a-fleurs-silhouette-studio-wald\/#breadcrumb\"},\"inLanguage\":\"fr-FR\",\"potentialAction\":[{\"@type\":\"ReadAction\",\"target\":[\"https:\/\/teiaeducation.ch\/fr\/produit\/presse-a-fleurs-silhouette-studio-wald\/\"]}]},{\"@type\":\"ImageObject\",\"inLanguage\":\"fr-FR\",\"@id\":\"https:\/\/teiaeducation.ch\/fr\/produit\/presse-a-fleurs-silhouette-studio-wald\/#primaryimage\",\"url\":\"https:\/\/teiaeducation.ch\/wp-content\/uploads\/2021\/12\/Flower-press-for-children-silhouette-Studio-Wald1.jpg\",\"contentUrl\":\"https:\/\/teiaeducation.ch\/wp-content\/uploads\/2021\/12\/Flower-press-for-children-silhouette-Studio-Wald1.jpg\",\"width\":900,\"height\":900,\"caption\":\"Presse \u00e0 fleurs pour enfants silhouette Studio Wald\"},{\"@type\":\"BreadcrumbList\",\"@id\":\"https:\/\/teiaeducation.ch\/fr\/produit\/presse-a-fleurs-silhouette-studio-wald\/#breadcrumb\",\"itemListElement\":[{\"@type\":\"ListItem\",\"position\":1,\"name\":\"Home\",\"item\":\"https:\/\/teiaeducation.ch\/fr\/\"},{\"@type\":\"ListItem\",\"position\":2,\"name\":\"Boutique Teia Education &amp; Play\",\"item\":\"https:\/\/teiaeducation.ch\/fr\/boutique\/\"},{\"@type\":\"ListItem\",\"position\":3,\"name\":\"Domaines du Curriculum\",\"item\":\"https:\/\/teiaeducation.ch\/fr\/categorie-produit\/domaines-du-curriculum\/\"},{\"@type\":\"ListItem\",\"position\":4,\"name\":\"Culture &amp; Sciences\",\"item\":\"https:\/\/teiaeducation.ch\/fr\/categorie-produit\/domaines-du-curriculum\/culture-sciences\/\"},{\"@type\":\"ListItem\",\"position\":5,\"name\":\"\u00c9tudes Botaniques\",\"item\":\"https:\/\/teiaeducation.ch\/fr\/categorie-produit\/domaines-du-curriculum\/culture-sciences\/etudes-botaniques\/\"},{\"@type\":\"ListItem\",\"position\":6,\"name\":\"Presse \u00e0 fleurs silhouette &#8211; Studio Wald\"}]},{\"@type\":\"WebSite\",\"@id\":\"https:\/\/teiaeducation.ch\/fr\/#website\",\"url\":\"https:\/\/teiaeducation.ch\/fr\/\",\"name\":\"Sustainable Educational Products &amp; Ecological Toys\u00a0\",\"description\":\"Specialised Swiss shop selling sustainable educational toys and games, AMI certified Montessori materials, handmade ecological wooden Waldorf toys and arts &amp; crafts supplies, school supplies, children&#039;s furniture and Montessori reference and parenting books.\",\"publisher\":{\"@id\":\"https:\/\/teiaeducation.ch\/fr\/#organization\"},\"alternateName\":\"Teia Education & Play\",\"potentialAction\":[{\"@type\":\"SearchAction\",\"target\":{\"@type\":\"EntryPoint\",\"urlTemplate\":\"https:\/\/teiaeducation.ch\/fr\/?s={search_term_string}\"},\"query-input\":{\"@type\":\"PropertyValueSpecification\",\"valueRequired\":true,\"valueName\":\"search_term_string\"}}],\"inLanguage\":\"fr-FR\"},{\"@type\":\"Organization\",\"@id\":\"https:\/\/teiaeducation.ch\/fr\/#organization\",\"name\":\"Teia Education & Play\",\"url\":\"https:\/\/teiaeducation.ch\/fr\/\",\"logo\":{\"@type\":\"ImageObject\",\"inLanguage\":\"fr-FR\",\"@id\":\"https:\/\/teiaeducation.ch\/fr\/#\/schema\/logo\/image\/\",\"url\":\"https:\/\/teiaeducation.ch\/wp-content\/uploads\/2020\/11\/Teia-Education-Switzerland-e1620156442216.jpg\",\"contentUrl\":\"https:\/\/teiaeducation.ch\/wp-content\/uploads\/2020\/11\/Teia-Education-Switzerland-e1620156442216.jpg\",\"width\":166,\"height\":145,\"caption\":\"Teia Education & Play\"},\"image\":{\"@id\":\"https:\/\/teiaeducation.ch\/fr\/#\/schema\/logo\/image\/\"},\"sameAs\":[\"https:\/\/www.facebook.com\/teiaeducation\/\",\"https:\/\/x.com\/EducationTeia\",\"https:\/\/www.instagram.com\/teia.education\/\",\"https:\/\/www.linkedin.com\/company\/35501660\",\"https:\/\/www.pinterest.ch\/TeiaEducation\/\"]}]}<\/script>\n<!-- \/ Yoast SEO plugin. -->","yoast_head_json":{"title":"Presse \u00e0 fleurs taille de la poche - Studio Wald - Teia Education & Play","description":"La presse \u00e0 fleurs silhouette pour enfants de la marque britannique Studio Wald est suffisamment petite pour \u00eatre emport\u00e9e en balade !","robots":{"index":"index","follow":"follow","max-snippet":"max-snippet:-1","max-image-preview":"max-image-preview:large","max-video-preview":"max-video-preview:-1"},"canonical":"https:\/\/teiaeducation.ch\/fr\/produit\/presse-a-fleurs-silhouette-studio-wald\/","og_locale":"fr_FR","og_type":"article","og_title":"Presse \u00e0 fleurs taille de la poche - Studio Wald - Teia Education & Play","og_description":"La presse \u00e0 fleurs silhouette pour enfants de la marque britannique Studio Wald est suffisamment petite pour \u00eatre emport\u00e9e en balade !","og_url":"https:\/\/teiaeducation.ch\/fr\/produit\/presse-a-fleurs-silhouette-studio-wald\/","og_site_name":"Sustainable Educational Products &amp; Ecological Toys\u00a0","article_publisher":"https:\/\/www.facebook.com\/teiaeducation\/","article_modified_time":"2023-10-04T13:27:26+00:00","og_image":[{"width":900,"height":900,"url":"https:\/\/teiaeducation.ch\/wp-content\/uploads\/2021\/12\/Flower-press-for-children-silhouette-Studio-Wald1.jpg","type":"image\/jpeg"}],"schema":{"@context":"https:\/\/schema.org","@graph":[{"@type":"WebPage","@id":"https:\/\/teiaeducation.ch\/fr\/produit\/presse-a-fleurs-silhouette-studio-wald\/","url":"https:\/\/teiaeducation.ch\/fr\/produit\/presse-a-fleurs-silhouette-studio-wald\/","name":"Presse \u00e0 fleurs taille de la poche - Studio Wald - Teia Education & Play","isPartOf":{"@id":"https:\/\/teiaeducation.ch\/fr\/#website"},"primaryImageOfPage":{"@id":"https:\/\/teiaeducation.ch\/fr\/produit\/presse-a-fleurs-silhouette-studio-wald\/#primaryimage"},"image":{"@id":"https:\/\/teiaeducation.ch\/fr\/produit\/presse-a-fleurs-silhouette-studio-wald\/#primaryimage"},"thumbnailUrl":"https:\/\/teiaeducation.ch\/wp-content\/uploads\/2021\/12\/Flower-press-for-children-silhouette-Studio-Wald1.jpg","datePublished":"2021-12-10T15:05:52+00:00","dateModified":"2023-10-04T13:27:26+00:00","description":"La presse \u00e0 fleurs silhouette pour enfants de la marque britannique Studio Wald est suffisamment petite pour \u00eatre emport\u00e9e en balade !","breadcrumb":{"@id":"https:\/\/teiaeducation.ch\/fr\/produit\/presse-a-fleurs-silhouette-studio-wald\/#breadcrumb"},"inLanguage":"fr-FR","potentialAction":[{"@type":"ReadAction","target":["https:\/\/teiaeducation.ch\/fr\/produit\/presse-a-fleurs-silhouette-studio-wald\/"]}]},{"@type":"ImageObject","inLanguage":"fr-FR","@id":"https:\/\/teiaeducation.ch\/fr\/produit\/presse-a-fleurs-silhouette-studio-wald\/#primaryimage","url":"https:\/\/teiaeducation.ch\/wp-content\/uploads\/2021\/12\/Flower-press-for-children-silhouette-Studio-Wald1.jpg","contentUrl":"https:\/\/teiaeducation.ch\/wp-content\/uploads\/2021\/12\/Flower-press-for-children-silhouette-Studio-Wald1.jpg","width":900,"height":900,"caption":"Presse \u00e0 fleurs pour enfants silhouette Studio Wald"},{"@type":"BreadcrumbList","@id":"https:\/\/teiaeducation.ch\/fr\/produit\/presse-a-fleurs-silhouette-studio-wald\/#breadcrumb","itemListElement":[{"@type":"ListItem","position":1,"name":"Home","item":"https:\/\/teiaeducation.ch\/fr\/"},{"@type":"ListItem","position":2,"name":"Boutique Teia Education &amp; Play","item":"https:\/\/teiaeducation.ch\/fr\/boutique\/"},{"@type":"ListItem","position":3,"name":"Domaines du Curriculum","item":"https:\/\/teiaeducation.ch\/fr\/categorie-produit\/domaines-du-curriculum\/"},{"@type":"ListItem","position":4,"name":"Culture &amp; Sciences","item":"https:\/\/teiaeducation.ch\/fr\/categorie-produit\/domaines-du-curriculum\/culture-sciences\/"},{"@type":"ListItem","position":5,"name":"\u00c9tudes Botaniques","item":"https:\/\/teiaeducation.ch\/fr\/categorie-produit\/domaines-du-curriculum\/culture-sciences\/etudes-botaniques\/"},{"@type":"ListItem","position":6,"name":"Presse \u00e0 fleurs silhouette &#8211; Studio Wald"}]},{"@type":"WebSite","@id":"https:\/\/teiaeducation.ch\/fr\/#website","url":"https:\/\/teiaeducation.ch\/fr\/","name":"Sustainable Educational Products &amp; Ecological Toys\u00a0","description":"Specialised Swiss shop selling sustainable educational toys and games, AMI certified Montessori materials, handmade ecological wooden Waldorf toys and arts &amp; crafts supplies, school supplies, children&#039;s furniture and Montessori reference and parenting books.","publisher":{"@id":"https:\/\/teiaeducation.ch\/fr\/#organization"},"alternateName":"Teia Education & Play","potentialAction":[{"@type":"SearchAction","target":{"@type":"EntryPoint","urlTemplate":"https:\/\/teiaeducation.ch\/fr\/?s={search_term_string}"},"query-input":{"@type":"PropertyValueSpecification","valueRequired":true,"valueName":"search_term_string"}}],"inLanguage":"fr-FR"},{"@type":"Organization","@id":"https:\/\/teiaeducation.ch\/fr\/#organization","name":"Teia Education & Play","url":"https:\/\/teiaeducation.ch\/fr\/","logo":{"@type":"ImageObject","inLanguage":"fr-FR","@id":"https:\/\/teiaeducation.ch\/fr\/#\/schema\/logo\/image\/","url":"https:\/\/teiaeducation.ch\/wp-content\/uploads\/2020\/11\/Teia-Education-Switzerland-e1620156442216.jpg","contentUrl":"https:\/\/teiaeducation.ch\/wp-content\/uploads\/2020\/11\/Teia-Education-Switzerland-e1620156442216.jpg","width":166,"height":145,"caption":"Teia Education & Play"},"image":{"@id":"https:\/\/teiaeducation.ch\/fr\/#\/schema\/logo\/image\/"},"sameAs":["https:\/\/www.facebook.com\/teiaeducation\/","https:\/\/x.com\/EducationTeia","https:\/\/www.instagram.com\/teia.education\/","https:\/\/www.linkedin.com\/company\/35501660","https:\/\/www.pinterest.ch\/TeiaEducation\/"]}]}},"_links":{"self":[{"href":"https:\/\/teiaeducation.ch\/fr\/wp-json\/wp\/v2\/product\/42886","targetHints":{"allow":["GET"]}}],"collection":[{"href":"https:\/\/teiaeducation.ch\/fr\/wp-json\/wp\/v2\/product"}],"about":[{"href":"https:\/\/teiaeducation.ch\/fr\/wp-json\/wp\/v2\/types\/product"}],"replies":[{"embeddable":true,"href":"https:\/\/teiaeducation.ch\/fr\/wp-json\/wp\/v2\/comments?post=42886"}],"wp:featuredmedia":[{"embeddable":true,"href":"https:\/\/teiaeducation.ch\/fr\/wp-json\/wp\/v2\/media\/42891"}],"wp:attachment":[{"href":"https:\/\/teiaeducation.ch\/fr\/wp-json\/wp\/v2\/media?parent=42886"}],"wp:term":[{"taxonomy":"product_brand","embeddable":true,"href":"https:\/\/teiaeducation.ch\/fr\/wp-json\/wp\/v2\/product_brand?post=42886"},{"taxonomy":"product_cat","embeddable":true,"href":"https:\/\/teiaeducation.ch\/fr\/wp-json\/wp\/v2\/product_cat?post=42886"},{"taxonomy":"product_tag","embeddable":true,"href":"https:\/\/teiaeducation.ch\/fr\/wp-json\/wp\/v2\/product_tag?post=42886"}],"curies":[{"name":"wp","href":"https:\/\/api.w.org\/{rel}","templated":true}]}}